{"id":14762,"date":"2025-12-08T18:13:34","date_gmt":"2025-12-08T17:13:34","guid":{"rendered":"https:\/\/infiniteq.org\/webshop\/nem-kategorizalt\/elsior-parbajtor-fejved-kiveheto-belessel\/"},"modified":"2026-03-31T13:43:09","modified_gmt":"2026-03-31T11:43:09","slug":"elsior-parbajtor-fejved-kiveheto-belessel","status":"publish","type":"product","link":"https:\/\/allezfencing.eu\/en\/webshop\/fejvedek\/parbajtor-fejvedek\/elsior-parbajtor-fejved-kiveheto-belessel\/","title":{"rendered":"Elsior P\u00e1rbajt\u0151r Fejv\u00e9d kivehet\u0151 b\u00e9l\u00e9ssel"},"content":{"rendered":"<h1 data-section-id=\"1mzbm8z\" data-start=\"1751\" data-end=\"1843\">Elsior P\u00e1rbajt\u0151r Fejv\u00e9d kivehet\u0151 b\u00e9l\u00e9ssel \u2013 K\u00e9nyelmes \u00e9s j\u00f3l tiszt\u00edthat\u00f3 edz\u0151 fejv\u00e9d<\/h1>\n<h3 data-section-id=\"o65fri\" data-start=\"1845\" data-end=\"1861\">Term\u00e9kle\u00edr\u00e1s<\/h3>\n<p data-start=\"1863\" data-end=\"2049\">Az <strong data-start=\"1866\" data-end=\"1911\">Elsior p\u00e1rbajt\u0151r fejv\u00e9d kivehet\u0151 b\u00e9l\u00e9ssel<\/strong> egy praktikus \u00e9s k\u00e9nyelmes v\u00edv\u00f3 fejv\u00e9d, amelyet p\u00e1rbajt\u0151r v\u00edv\u00e1shoz fejlesztettek. A 350N v\u00e9delem megfelel\u0151 biztons\u00e1got ny\u00fajt edz\u00e9s sor\u00e1n.<\/p>\n<p data-start=\"2051\" data-end=\"2268\">Az Elsior m\u00e1rka a <strong data-start=\"2069\" data-end=\"2117\">funkcionalit\u00e1st \u00e9s el\u00e9rhet\u0151 \u00e1r\u00fa megold\u00e1sokat<\/strong> helyezi el\u0151t\u00e9rbe, \u00edgy ez a fejv\u00e9d ide\u00e1lis v\u00e1laszt\u00e1s mindennapi haszn\u00e1latra. A kivehet\u0151 b\u00e9l\u00e9s seg\u00edti a rendszeres tiszt\u00edt\u00e1st \u00e9s higi\u00e9nikus haszn\u00e1latot.<\/p>\n<hr data-start=\"2270\" data-end=\"2273\" \/>\n<h3 data-section-id=\"q6aml2\" data-start=\"2275\" data-end=\"2293\">Main features<\/h3>\n<p data-start=\"2295\" data-end=\"2392\">\u2714 350N v\u00e9delem<br data-start=\"2309\" data-end=\"2312\" \/>\u2714 Kivehet\u0151 b\u00e9l\u00e9s<br data-start=\"2328\" data-end=\"2331\" \/>\u2714 Stabil illeszked\u00e9s<br data-start=\"2351\" data-end=\"2354\" \/>\u2714 J\u00f3 szell\u0151z\u00e9s<br data-start=\"2368\" data-end=\"2371\" \/>\u2714 K\u00f6nny\u0171 kialak\u00edt\u00e1s<\/p>\n<hr data-start=\"2394\" data-end=\"2397\" \/>\n<h3 data-section-id=\"1pci9j9\" data-start=\"2399\" data-end=\"2417\">Mi\u00e9rt v\u00e1laszd?<\/h3>\n<p data-start=\"2419\" data-end=\"2551\">\ud83e\udd47 Praktikus \u00e9s k\u00f6nnyen kezelhet\u0151<br data-start=\"2452\" data-end=\"2455\" \/>\ud83d\udee1 Megb\u00edzhat\u00f3 v\u00e9delem<br data-start=\"2476\" data-end=\"2479\" \/>\ud83e\uddfc K\u00f6nny\u0171 tiszt\u00edt\u00e1s<br data-start=\"2498\" data-end=\"2501\" \/>\u2694 Edz\u00e9shez ide\u00e1lis<br data-start=\"2519\" data-end=\"2522\" \/>\ud83d\udcaa Hossz\u00fa t\u00e1von haszn\u00e1lhat\u00f3<\/p>\n<hr data-start=\"2553\" data-end=\"2556\" \/>\n<h3 data-section-id=\"f18qb7\" data-start=\"2558\" data-end=\"2583\">Felhaszn\u00e1l\u00e1si ter\u00fclet<\/h3>\n<ul data-start=\"2585\" data-end=\"2626\">\n<li data-section-id=\"rkvpfm\" data-start=\"2585\" data-end=\"2598\">kezd\u0151knek<\/li>\n<li data-section-id=\"l3zgke\" data-start=\"2599\" data-end=\"2611\">edz\u00e9shez<\/li>\n<li data-section-id=\"1i3ftfz\" data-start=\"2612\" data-end=\"2626\">ut\u00e1np\u00f3tl\u00e1s<\/li>\n<\/ul>\n<hr data-start=\"2628\" data-end=\"2631\" \/>\n<h3 data-section-id=\"hks1aq\" data-start=\"2633\" data-end=\"2647\">\u00c9letst\u00edlus<\/h3>\n<p data-start=\"2649\" data-end=\"2705\">K\u00e9nyelmes \u00e9s egyszer\u0171 \u2013 t\u00f6k\u00e9letes a mindennapi edz\u00e9shez.<\/p>\n<hr data-start=\"2707\" data-end=\"2710\" \/>\n<h3 data-section-id=\"ynaj4q\" data-start=\"2712\" data-end=\"2720\">GYIK<\/h3>\n<p data-start=\"2722\" data-end=\"2750\"><strong data-start=\"2722\" data-end=\"2742\">Moshat\u00f3 a b\u00e9l\u00e9s?<\/strong><br data-start=\"2742\" data-end=\"2745\" \/>Igen.<\/p>\n<p data-start=\"2752\" data-end=\"2780\"><strong data-start=\"2752\" data-end=\"2769\">Versenyre j\u00f3?<\/strong><br data-start=\"2769\" data-end=\"2772\" \/>Nem FIE.<\/p>\n<p data-start=\"2782\" data-end=\"2813\"><strong data-start=\"2782\" data-end=\"2805\">Kezd\u0151knek aj\u00e1nlott?<\/strong><br data-start=\"2805\" data-end=\"2808\" \/>Igen.<\/p>","protected":false},"excerpt":{"rendered":"<p>Elsior P\u00e1rbajt\u0151r Fejv\u00e9d kivehet\u0151 b\u00e9l\u00e9ssel \u2013 K\u00e9nyelmes \u00e9s j\u00f3l tiszt\u00edthat\u00f3 edz\u0151 fejv\u00e9d<\/p>","protected":false},"featured_media":14742,"comment_status":"open","ping_status":"closed","template":"","meta":[],"product_brand":[320],"product_cat":[742],"product_tag":[],"class_list":{"0":"post-14762","1":"product","2":"type-product","3":"status-publish","4":"has-post-thumbnail","6":"product_brand-elsior","7":"product_cat-parbajtor-fejvedek","9":"first","10":"instock","11":"taxable","12":"shipping-taxable","13":"purchasable","14":"product-type-simple"},"yoast_head":"<!-- This site is optimized with the Yoast SEO plugin v27.2 - https:\/\/yoast.com\/product\/yoast-seo-wordpress\/ -->\n<title>Elsior P\u00e1rbajt\u0151r Fejv\u00e9d kivehet\u0151 b\u00e9l\u00e9ssel | Allez Fencing<\/title>\n<meta name=\"description\" content=\"Elsior 350N p\u00e1rbajt\u0151r fejv\u00e9d kivehet\u0151 b\u00e9l\u00e9ssel. Praktikus, k\u00e9nyelmes \u00e9s k\u00f6nnyen tiszt\u00edthat\u00f3 edz\u00e9shez.\" \/>\n<meta name=\"robots\" content=\"index, follow, max-snippet:-1, max-image-preview:large, max-video-preview:-1\" \/>\n<link rel=\"canonical\" href=\"https:\/\/allezfencing.eu\/en\/webshop\/fejvedek\/parbajtor-fejvedek\/elsior-parbajtor-fejved-kiveheto-belessel\/\" \/>\n<meta property=\"og:locale\" content=\"en_GB\" \/>\n<meta property=\"og:type\" content=\"article\" \/>\n<meta property=\"og:title\" content=\"Elsior P\u00e1rbajt\u0151r Fejv\u00e9d kivehet\u0151 b\u00e9l\u00e9ssel | Allez Fencing\" \/>\n<meta property=\"og:description\" content=\"Elsior 350N p\u00e1rbajt\u0151r fejv\u00e9d kivehet\u0151 b\u00e9l\u00e9ssel. Praktikus, k\u00e9nyelmes \u00e9s k\u00f6nnyen tiszt\u00edthat\u00f3 edz\u00e9shez.\" \/>\n<meta property=\"og:url\" content=\"https:\/\/allezfencing.eu\/en\/webshop\/fejvedek\/parbajtor-fejvedek\/elsior-parbajtor-fejved-kiveheto-belessel\/\" \/>\n<meta property=\"og:site_name\" content=\"Allez Fencing\" \/>\n<meta property=\"article:publisher\" content=\"https:\/\/www.facebook.com\/panamaetetohajo\" \/>\n<meta property=\"article:modified_time\" content=\"2026-03-31T11:43:09+00:00\" \/>\n<meta property=\"og:image\" content=\"https:\/\/allezfencing.eu\/wp-content\/uploads\/2025\/12\/elsior-maszk-kivehetobeles.jpg\" \/>\n\t<meta property=\"og:image:width\" content=\"700\" \/>\n\t<meta property=\"og:image:height\" content=\"700\" \/>\n\t<meta property=\"og:image:type\" content=\"image\/jpeg\" \/>\n<meta name=\"twitter:card\" content=\"summary_large_image\" \/>\n<meta name=\"twitter:label1\" content=\"Estimated reading time\" \/>\n\t<meta name=\"twitter:data1\" content=\"1 minute\" \/>\n<script type=\"application\/ld+json\" class=\"yoast-schema-graph\">{\"@context\":\"https:\/\/schema.org\",\"@graph\":[{\"@type\":\"WebPage\",\"@id\":\"https:\/\/allezfencing.eu\/webshop\/fejvedek\/parbajtor-fejvedek\/elsior-parbajtor-fejved-kiveheto-belessel\/\",\"url\":\"https:\/\/allezfencing.eu\/webshop\/fejvedek\/parbajtor-fejvedek\/elsior-parbajtor-fejved-kiveheto-belessel\/\",\"name\":\"Elsior P\u00e1rbajt\u0151r Fejv\u00e9d kivehet\u0151 b\u00e9l\u00e9ssel | Allez Fencing\",\"isPartOf\":{\"@id\":\"https:\/\/allezfencing.eu\/#website\"},\"primaryImageOfPage\":{\"@id\":\"https:\/\/allezfencing.eu\/webshop\/fejvedek\/parbajtor-fejvedek\/elsior-parbajtor-fejved-kiveheto-belessel\/#primaryimage\"},\"image\":{\"@id\":\"https:\/\/allezfencing.eu\/webshop\/fejvedek\/parbajtor-fejvedek\/elsior-parbajtor-fejved-kiveheto-belessel\/#primaryimage\"},\"thumbnailUrl\":\"https:\/\/allezfencing.eu\/wp-content\/uploads\/2025\/12\/elsior-maszk-kivehetobeles.jpg\",\"datePublished\":\"2025-12-08T17:13:34+00:00\",\"dateModified\":\"2026-03-31T11:43:09+00:00\",\"description\":\"Elsior 350N p\u00e1rbajt\u0151r fejv\u00e9d kivehet\u0151 b\u00e9l\u00e9ssel. Praktikus, k\u00e9nyelmes \u00e9s k\u00f6nnyen tiszt\u00edthat\u00f3 edz\u00e9shez.\",\"breadcrumb\":{\"@id\":\"https:\/\/allezfencing.eu\/webshop\/fejvedek\/parbajtor-fejvedek\/elsior-parbajtor-fejved-kiveheto-belessel\/#breadcrumb\"},\"inLanguage\":\"en-GB\",\"potentialAction\":[{\"@type\":\"ReadAction\",\"target\":[\"https:\/\/allezfencing.eu\/webshop\/fejvedek\/parbajtor-fejvedek\/elsior-parbajtor-fejved-kiveheto-belessel\/\"]}]},{\"@type\":\"ImageObject\",\"inLanguage\":\"en-GB\",\"@id\":\"https:\/\/allezfencing.eu\/webshop\/fejvedek\/parbajtor-fejvedek\/elsior-parbajtor-fejved-kiveheto-belessel\/#primaryimage\",\"url\":\"https:\/\/allezfencing.eu\/wp-content\/uploads\/2025\/12\/elsior-maszk-kivehetobeles.jpg\",\"contentUrl\":\"https:\/\/allezfencing.eu\/wp-content\/uploads\/2025\/12\/elsior-maszk-kivehetobeles.jpg\",\"width\":700,\"height\":700},{\"@type\":\"BreadcrumbList\",\"@id\":\"https:\/\/allezfencing.eu\/webshop\/fejvedek\/parbajtor-fejvedek\/elsior-parbajtor-fejved-kiveheto-belessel\/#breadcrumb\",\"itemListElement\":[{\"@type\":\"ListItem\",\"position\":1,\"name\":\"Kezd\u0151lap\",\"item\":\"https:\/\/allezfencing.eu\/\"},{\"@type\":\"ListItem\",\"position\":2,\"name\":\"Webshop\",\"item\":\"https:\/\/allezfencing.eu\/webshop\/\"},{\"@type\":\"ListItem\",\"position\":3,\"name\":\"FEJV\u00c9DEK\",\"item\":\"https:\/\/allezfencing.eu\/termekkategoria\/fejvedek\/\"},{\"@type\":\"ListItem\",\"position\":4,\"name\":\"P\u00c1RBAJT\u0150R FEJV\u00c9DEK\",\"item\":\"https:\/\/allezfencing.eu\/termekkategoria\/fejvedek\/parbajtor-fejvedek\/\"},{\"@type\":\"ListItem\",\"position\":5,\"name\":\"Elsior P\u00e1rbajt\u0151r Fejv\u00e9d kivehet\u0151 b\u00e9l\u00e9ssel\"}]},{\"@type\":\"WebSite\",\"@id\":\"https:\/\/allezfencing.eu\/#website\",\"url\":\"https:\/\/allezfencing.eu\/\",\"name\":\"Allez Fencing\",\"description\":\"Minden ami v\u00edv\u00e1s\",\"publisher\":{\"@id\":\"https:\/\/allezfencing.eu\/#organization\"},\"potentialAction\":[{\"@type\":\"SearchAction\",\"target\":{\"@type\":\"EntryPoint\",\"urlTemplate\":\"https:\/\/allezfencing.eu\/?s={search_term_string}\"},\"query-input\":{\"@type\":\"PropertyValueSpecification\",\"valueRequired\":true,\"valueName\":\"search_term_string\"}}],\"inLanguage\":\"en-GB\"},{\"@type\":\"Organization\",\"@id\":\"https:\/\/allezfencing.eu\/#organization\",\"name\":\"Panama Etet\u0151haj\u00f3k\",\"url\":\"https:\/\/allezfencing.eu\/\",\"logo\":{\"@type\":\"ImageObject\",\"inLanguage\":\"en-GB\",\"@id\":\"https:\/\/allezfencing.eu\/#\/schema\/logo\/image\/\",\"url\":\"https:\/\/allezfencing.eu\/wp-content\/uploads\/2025\/03\/etetohajo.eu-panama-site-icon.webp\",\"contentUrl\":\"https:\/\/allezfencing.eu\/wp-content\/uploads\/2025\/03\/etetohajo.eu-panama-site-icon.webp\",\"width\":512,\"height\":512,\"caption\":\"Panama Etet\u0151haj\u00f3k\"},\"image\":{\"@id\":\"https:\/\/allezfencing.eu\/#\/schema\/logo\/image\/\"},\"sameAs\":[\"https:\/\/www.facebook.com\/panamaetetohajo\"]}]}<\/script>\n<!-- \/ Yoast SEO plugin. -->","yoast_head_json":{"title":"Elsior P\u00e1rbajt\u0151r Fejv\u00e9d kivehet\u0151 b\u00e9l\u00e9ssel | Allez Fencing","description":"Elsior 350N p\u00e1rbajt\u0151r fejv\u00e9d kivehet\u0151 b\u00e9l\u00e9ssel. Praktikus, k\u00e9nyelmes \u00e9s k\u00f6nnyen tiszt\u00edthat\u00f3 edz\u00e9shez.","robots":{"index":"index","follow":"follow","max-snippet":"max-snippet:-1","max-image-preview":"max-image-preview:large","max-video-preview":"max-video-preview:-1"},"canonical":"https:\/\/allezfencing.eu\/en\/webshop\/fejvedek\/parbajtor-fejvedek\/elsior-parbajtor-fejved-kiveheto-belessel\/","og_locale":"en_GB","og_type":"article","og_title":"Elsior P\u00e1rbajt\u0151r Fejv\u00e9d kivehet\u0151 b\u00e9l\u00e9ssel | Allez Fencing","og_description":"Elsior 350N p\u00e1rbajt\u0151r fejv\u00e9d kivehet\u0151 b\u00e9l\u00e9ssel. Praktikus, k\u00e9nyelmes \u00e9s k\u00f6nnyen tiszt\u00edthat\u00f3 edz\u00e9shez.","og_url":"https:\/\/allezfencing.eu\/en\/webshop\/fejvedek\/parbajtor-fejvedek\/elsior-parbajtor-fejved-kiveheto-belessel\/","og_site_name":"Allez Fencing","article_publisher":"https:\/\/www.facebook.com\/panamaetetohajo","article_modified_time":"2026-03-31T11:43:09+00:00","og_image":[{"width":700,"height":700,"url":"https:\/\/allezfencing.eu\/wp-content\/uploads\/2025\/12\/elsior-maszk-kivehetobeles.jpg","type":"image\/jpeg"}],"twitter_card":"summary_large_image","twitter_misc":{"Estimated reading time":"1 minute"},"schema":{"@context":"https:\/\/schema.org","@graph":[{"@type":"WebPage","@id":"https:\/\/allezfencing.eu\/webshop\/fejvedek\/parbajtor-fejvedek\/elsior-parbajtor-fejved-kiveheto-belessel\/","url":"https:\/\/allezfencing.eu\/webshop\/fejvedek\/parbajtor-fejvedek\/elsior-parbajtor-fejved-kiveheto-belessel\/","name":"Elsior P\u00e1rbajt\u0151r Fejv\u00e9d kivehet\u0151 b\u00e9l\u00e9ssel | Allez Fencing","isPartOf":{"@id":"https:\/\/allezfencing.eu\/#website"},"primaryImageOfPage":{"@id":"https:\/\/allezfencing.eu\/webshop\/fejvedek\/parbajtor-fejvedek\/elsior-parbajtor-fejved-kiveheto-belessel\/#primaryimage"},"image":{"@id":"https:\/\/allezfencing.eu\/webshop\/fejvedek\/parbajtor-fejvedek\/elsior-parbajtor-fejved-kiveheto-belessel\/#primaryimage"},"thumbnailUrl":"https:\/\/allezfencing.eu\/wp-content\/uploads\/2025\/12\/elsior-maszk-kivehetobeles.jpg","datePublished":"2025-12-08T17:13:34+00:00","dateModified":"2026-03-31T11:43:09+00:00","description":"Elsior 350N p\u00e1rbajt\u0151r fejv\u00e9d kivehet\u0151 b\u00e9l\u00e9ssel. Praktikus, k\u00e9nyelmes \u00e9s k\u00f6nnyen tiszt\u00edthat\u00f3 edz\u00e9shez.","breadcrumb":{"@id":"https:\/\/allezfencing.eu\/webshop\/fejvedek\/parbajtor-fejvedek\/elsior-parbajtor-fejved-kiveheto-belessel\/#breadcrumb"},"inLanguage":"en-GB","potentialAction":[{"@type":"ReadAction","target":["https:\/\/allezfencing.eu\/webshop\/fejvedek\/parbajtor-fejvedek\/elsior-parbajtor-fejved-kiveheto-belessel\/"]}]},{"@type":"ImageObject","inLanguage":"en-GB","@id":"https:\/\/allezfencing.eu\/webshop\/fejvedek\/parbajtor-fejvedek\/elsior-parbajtor-fejved-kiveheto-belessel\/#primaryimage","url":"https:\/\/allezfencing.eu\/wp-content\/uploads\/2025\/12\/elsior-maszk-kivehetobeles.jpg","contentUrl":"https:\/\/allezfencing.eu\/wp-content\/uploads\/2025\/12\/elsior-maszk-kivehetobeles.jpg","width":700,"height":700},{"@type":"BreadcrumbList","@id":"https:\/\/allezfencing.eu\/webshop\/fejvedek\/parbajtor-fejvedek\/elsior-parbajtor-fejved-kiveheto-belessel\/#breadcrumb","itemListElement":[{"@type":"ListItem","position":1,"name":"Kezd\u0151lap","item":"https:\/\/allezfencing.eu\/"},{"@type":"ListItem","position":2,"name":"Webshop","item":"https:\/\/allezfencing.eu\/webshop\/"},{"@type":"ListItem","position":3,"name":"FEJV\u00c9DEK","item":"https:\/\/allezfencing.eu\/termekkategoria\/fejvedek\/"},{"@type":"ListItem","position":4,"name":"P\u00c1RBAJT\u0150R FEJV\u00c9DEK","item":"https:\/\/allezfencing.eu\/termekkategoria\/fejvedek\/parbajtor-fejvedek\/"},{"@type":"ListItem","position":5,"name":"Elsior P\u00e1rbajt\u0151r Fejv\u00e9d kivehet\u0151 b\u00e9l\u00e9ssel"}]},{"@type":"WebSite","@id":"https:\/\/allezfencing.eu\/#website","url":"https:\/\/allezfencing.eu\/","name":"Allez Fencing","description":"Minden ami v\u00edv\u00e1s","publisher":{"@id":"https:\/\/allezfencing.eu\/#organization"},"potentialAction":[{"@type":"SearchAction","target":{"@type":"EntryPoint","urlTemplate":"https:\/\/allezfencing.eu\/?s={search_term_string}"},"query-input":{"@type":"PropertyValueSpecification","valueRequired":true,"valueName":"search_term_string"}}],"inLanguage":"en-GB"},{"@type":"Organization","@id":"https:\/\/allezfencing.eu\/#organization","name":"Panama Feeding boats","url":"https:\/\/allezfencing.eu\/","logo":{"@type":"ImageObject","inLanguage":"en-GB","@id":"https:\/\/allezfencing.eu\/#\/schema\/logo\/image\/","url":"https:\/\/allezfencing.eu\/wp-content\/uploads\/2025\/03\/etetohajo.eu-panama-site-icon.webp","contentUrl":"https:\/\/allezfencing.eu\/wp-content\/uploads\/2025\/03\/etetohajo.eu-panama-site-icon.webp","width":512,"height":512,"caption":"Panama Etet\u0151haj\u00f3k"},"image":{"@id":"https:\/\/allezfencing.eu\/#\/schema\/logo\/image\/"},"sameAs":["https:\/\/www.facebook.com\/panamaetetohajo"]}]}},"_links":{"self":[{"href":"https:\/\/allezfencing.eu\/en\/wp-json\/wp\/v2\/product\/14762","targetHints":{"allow":["GET"]}}],"collection":[{"href":"https:\/\/allezfencing.eu\/en\/wp-json\/wp\/v2\/product"}],"about":[{"href":"https:\/\/allezfencing.eu\/en\/wp-json\/wp\/v2\/types\/product"}],"replies":[{"embeddable":true,"href":"https:\/\/allezfencing.eu\/en\/wp-json\/wp\/v2\/comments?post=14762"}],"version-history":[{"count":5,"href":"https:\/\/allezfencing.eu\/en\/wp-json\/wp\/v2\/product\/14762\/revisions"}],"predecessor-version":[{"id":17901,"href":"https:\/\/allezfencing.eu\/en\/wp-json\/wp\/v2\/product\/14762\/revisions\/17901"}],"wp:featuredmedia":[{"embeddable":true,"href":"https:\/\/allezfencing.eu\/en\/wp-json\/wp\/v2\/media\/14742"}],"wp:attachment":[{"href":"https:\/\/allezfencing.eu\/en\/wp-json\/wp\/v2\/media?parent=14762"}],"wp:term":[{"taxonomy":"product_brand","embeddable":true,"href":"https:\/\/allezfencing.eu\/en\/wp-json\/wp\/v2\/product_brand?post=14762"},{"taxonomy":"product_cat","embeddable":true,"href":"https:\/\/allezfencing.eu\/en\/wp-json\/wp\/v2\/product_cat?post=14762"},{"taxonomy":"product_tag","embeddable":true,"href":"https:\/\/allezfencing.eu\/en\/wp-json\/wp\/v2\/product_tag?post=14762"}],"curies":[{"name":"wp","href":"https:\/\/api.w.org\/{rel}","templated":true}]}}