{"id":14769,"date":"2025-12-08T18:13:34","date_gmt":"2025-12-08T17:13:34","guid":{"rendered":"https:\/\/infiniteq.org\/webshop\/nem-kategorizalt\/gyermek-nadrag-350n\/"},"modified":"2026-04-04T15:20:41","modified_gmt":"2026-04-04T13:20:41","slug":"gyermek-nadrag-350n","status":"publish","type":"product","link":"https:\/\/allezfencing.eu\/en\/webshop\/ruhazat\/nadrag\/gyermek-nadrag-350n\/","title":{"rendered":"Gyermek Nadr\u00e1g 350N"},"content":{"rendered":"<p data-start=\"4610\" data-end=\"4675\">Gyermek Nadr\u00e1g 350N \u2013 Megb\u00edzhat\u00f3 alap felszerel\u00e9s fiatal v\u00edv\u00f3knak<\/p>\n<p data-start=\"4677\" data-end=\"4689\">Term\u00e9kle\u00edr\u00e1s<\/p>\n<p data-start=\"4691\" data-end=\"4829\">A gyermek nadr\u00e1g 350N ide\u00e1lis v\u00e1laszt\u00e1s kezd\u0151 \u00e9s ut\u00e1np\u00f3tl\u00e1s v\u00edv\u00f3k sz\u00e1m\u00e1ra, akik sz\u00e1m\u00e1ra fontos a megfelel\u0151 v\u00e9delem \u00e9s a k\u00e9nyelmes viselet.<\/p>\n<p data-start=\"4831\" data-end=\"4936\">A k\u00f6nny\u0171 \u00e9s szell\u0151z\u0151 anyag biztos\u00edtja a komfortot, mik\u00f6zben a kialak\u00edt\u00e1s lehet\u0151v\u00e9 teszi a szabad mozg\u00e1st.<\/p>\n<p data-start=\"4938\" data-end=\"4990\">Ez a modell kiv\u00e1l\u00f3 v\u00e1laszt\u00e1s v\u00edv\u00f3iskol\u00e1k sz\u00e1m\u00e1ra is.<\/p>\n<p data-start=\"4992\" data-end=\"5006\">Main features<\/p>\n<p data-start=\"5008\" data-end=\"5175\">\u2714 350N v\u00e9delmi szint<br data-start=\"5028\" data-end=\"5031\" \/>\u2714 Gyermekekre szabott kialak\u00edt\u00e1s<br data-start=\"5063\" data-end=\"5066\" \/>\u2714 K\u00f6nny\u0171 \u00e9s k\u00e9nyelmes viselet<br data-start=\"5095\" data-end=\"5098\" \/>\u2714 J\u00f3 szell\u0151z\u00e9s<br data-start=\"5112\" data-end=\"5115\" \/>\u2714 Szabad mozg\u00e1s<br data-start=\"5130\" data-end=\"5133\" \/>\u2714 Tart\u00f3s kialak\u00edt\u00e1s<br data-start=\"5152\" data-end=\"5155\" \/>\u2714 Ide\u00e1lis edz\u00e9shez<\/p>\n<p data-start=\"5177\" data-end=\"5211\">Mi\u00e9rt v\u00e1laszd ezt a v\u00edv\u00f3 nadr\u00e1got?<\/p>\n<p data-start=\"5213\" data-end=\"5321\">\ud83e\uddd2 Gyermekeknek ide\u00e1lis<br data-start=\"5236\" data-end=\"5239\" \/>\ud83d\udee1 Megb\u00edzhat\u00f3 v\u00e9delem<br data-start=\"5260\" data-end=\"5263\" \/>\ud83c\udf2c J\u00f3 szell\u0151z\u00e9s<br data-start=\"5278\" data-end=\"5281\" \/>\u2694 Szabad mozg\u00e1s<br data-start=\"5296\" data-end=\"5299\" \/>\ud83d\udc4c K\u00e9nyelmes viselet<\/p>\n<p data-start=\"5323\" data-end=\"5344\">Felhaszn\u00e1l\u00e1si ter\u00fclet<\/p>\n<p data-start=\"5346\" data-end=\"5405\">gyermek edz\u00e9sekhez<br data-start=\"5364\" data-end=\"5367\" \/>v\u00edv\u00f3iskol\u00e1k sz\u00e1m\u00e1ra<br data-start=\"5386\" data-end=\"5389\" \/>kezd\u0151 v\u00edv\u00f3knak<\/p>\n<p data-start=\"5407\" data-end=\"5445\">\u00c9letst\u00edlus \u2013 els\u0151 l\u00e9p\u00e9sek biztons\u00e1gban<\/p>\n<p data-start=\"5447\" data-end=\"5506\">Ez a nadr\u00e1g ide\u00e1lis alapfelszerel\u00e9s a fiatal v\u00edv\u00f3k sz\u00e1m\u00e1ra.<\/p>\n<hr data-start=\"5508\" data-end=\"5511\" \/>\n<p data-start=\"5513\" data-end=\"5536\">Gyakori k\u00e9rd\u00e9sek (GYIK)<\/p>\n<p data-start=\"5538\" data-end=\"5594\">Versenyeken haszn\u00e1lhat\u00f3?<br data-start=\"5562\" data-end=\"5565\" \/>Els\u0151sorban edz\u00e9shez aj\u00e1nlott.<\/p>\n<p data-start=\"5596\" data-end=\"5637\">Kinek aj\u00e1nlott?<br data-start=\"5611\" data-end=\"5614\" \/>Kezd\u0151 gyermek v\u00edv\u00f3knak.<\/p>\n<p data-start=\"5639\" data-end=\"5701\">Milyen fegyvernemhez haszn\u00e1lhat\u00f3?<br data-start=\"5672\" data-end=\"5675\" \/>T\u0151r \u00e9s p\u00e1rbajt\u0151r v\u00edv\u00e1shoz.<\/p>","protected":false},"excerpt":{"rendered":"<p>Gyermek Nadr\u00e1g 350N \u2013 Megb\u00edzhat\u00f3 alap felszerel\u00e9s fiatal v\u00edv\u00f3knak<\/p>","protected":false},"featured_media":14770,"comment_status":"open","ping_status":"closed","template":"","meta":[],"product_brand":[320],"product_cat":[1134],"product_tag":[],"class_list":{"0":"post-14769","1":"product","2":"type-product","3":"status-publish","4":"has-post-thumbnail","6":"product_brand-elsior","7":"product_cat-nadrag","9":"first","10":"instock","11":"taxable","12":"shipping-taxable","13":"purchasable","14":"product-type-simple"},"yoast_head":"<!-- This site is optimized with the Yoast SEO plugin v27.5 - https:\/\/yoast.com\/product\/yoast-seo-wordpress\/ -->\n<title>Gyermek Nadr\u00e1g 350N | Allez Fencing<\/title>\n<meta name=\"description\" content=\"Gyermek nadr\u00e1g 350N. K\u00e9nyelmes \u00e9s megb\u00edzhat\u00f3 edz\u0151felszerel\u00e9s.\" \/>\n<meta name=\"robots\" content=\"index, follow, max-snippet:-1, max-image-preview:large, max-video-preview:-1\" \/>\n<link rel=\"canonical\" href=\"https:\/\/allezfencing.eu\/en\/webshop\/ruhazat\/nadrag\/gyermek-nadrag-350n\/\" \/>\n<meta property=\"og:locale\" content=\"en_GB\" \/>\n<meta property=\"og:type\" content=\"article\" \/>\n<meta property=\"og:title\" content=\"Gyermek Nadr\u00e1g 350N | Allez Fencing\" \/>\n<meta property=\"og:description\" content=\"Gyermek nadr\u00e1g 350N. K\u00e9nyelmes \u00e9s megb\u00edzhat\u00f3 edz\u0151felszerel\u00e9s.\" \/>\n<meta property=\"og:url\" content=\"https:\/\/allezfencing.eu\/en\/webshop\/ruhazat\/nadrag\/gyermek-nadrag-350n\/\" \/>\n<meta property=\"og:site_name\" content=\"Allez Fencing\" \/>\n<meta property=\"article:publisher\" content=\"https:\/\/www.facebook.com\/panamaetetohajo\" \/>\n<meta property=\"article:modified_time\" content=\"2026-04-04T13:20:41+00:00\" \/>\n<meta property=\"og:image\" content=\"https:\/\/allezfencing.eu\/wp-content\/uploads\/2025\/12\/Elsior_350N_Nadrag1.jpg\" \/>\n\t<meta property=\"og:image:width\" content=\"700\" \/>\n\t<meta property=\"og:image:height\" content=\"700\" \/>\n\t<meta property=\"og:image:type\" content=\"image\/jpeg\" \/>\n<meta name=\"twitter:card\" content=\"summary_large_image\" \/>\n<meta name=\"twitter:label1\" content=\"Estimated reading time\" \/>\n\t<meta name=\"twitter:data1\" content=\"1 minute\" \/>\n<script type=\"application\/ld+json\" class=\"yoast-schema-graph\">{\"@context\":\"https:\\\/\\\/schema.org\",\"@graph\":[{\"@type\":\"WebPage\",\"@id\":\"https:\\\/\\\/allezfencing.eu\\\/webshop\\\/ruhazat\\\/nadrag\\\/gyermek-nadrag-350n\\\/\",\"url\":\"https:\\\/\\\/allezfencing.eu\\\/webshop\\\/ruhazat\\\/nadrag\\\/gyermek-nadrag-350n\\\/\",\"name\":\"Gyermek Nadr\u00e1g 350N | Allez Fencing\",\"isPartOf\":{\"@id\":\"https:\\\/\\\/allezfencing.eu\\\/#website\"},\"primaryImageOfPage\":{\"@id\":\"https:\\\/\\\/allezfencing.eu\\\/webshop\\\/ruhazat\\\/nadrag\\\/gyermek-nadrag-350n\\\/#primaryimage\"},\"image\":{\"@id\":\"https:\\\/\\\/allezfencing.eu\\\/webshop\\\/ruhazat\\\/nadrag\\\/gyermek-nadrag-350n\\\/#primaryimage\"},\"thumbnailUrl\":\"https:\\\/\\\/allezfencing.eu\\\/wp-content\\\/uploads\\\/2025\\\/12\\\/Elsior_350N_Nadrag1.jpg\",\"datePublished\":\"2025-12-08T17:13:34+00:00\",\"dateModified\":\"2026-04-04T13:20:41+00:00\",\"description\":\"Gyermek nadr\u00e1g 350N. K\u00e9nyelmes \u00e9s megb\u00edzhat\u00f3 edz\u0151felszerel\u00e9s.\",\"breadcrumb\":{\"@id\":\"https:\\\/\\\/allezfencing.eu\\\/webshop\\\/ruhazat\\\/nadrag\\\/gyermek-nadrag-350n\\\/#breadcrumb\"},\"inLanguage\":\"en-GB\",\"potentialAction\":[{\"@type\":\"ReadAction\",\"target\":[\"https:\\\/\\\/allezfencing.eu\\\/webshop\\\/ruhazat\\\/nadrag\\\/gyermek-nadrag-350n\\\/\"]}]},{\"@type\":\"ImageObject\",\"inLanguage\":\"en-GB\",\"@id\":\"https:\\\/\\\/allezfencing.eu\\\/webshop\\\/ruhazat\\\/nadrag\\\/gyermek-nadrag-350n\\\/#primaryimage\",\"url\":\"https:\\\/\\\/allezfencing.eu\\\/wp-content\\\/uploads\\\/2025\\\/12\\\/Elsior_350N_Nadrag1.jpg\",\"contentUrl\":\"https:\\\/\\\/allezfencing.eu\\\/wp-content\\\/uploads\\\/2025\\\/12\\\/Elsior_350N_Nadrag1.jpg\",\"width\":700,\"height\":700},{\"@type\":\"BreadcrumbList\",\"@id\":\"https:\\\/\\\/allezfencing.eu\\\/webshop\\\/ruhazat\\\/nadrag\\\/gyermek-nadrag-350n\\\/#breadcrumb\",\"itemListElement\":[{\"@type\":\"ListItem\",\"position\":1,\"name\":\"Kezd\u0151lap\",\"item\":\"https:\\\/\\\/allezfencing.eu\\\/\"},{\"@type\":\"ListItem\",\"position\":2,\"name\":\"Webshop\",\"item\":\"https:\\\/\\\/allezfencing.eu\\\/webshop\\\/\"},{\"@type\":\"ListItem\",\"position\":3,\"name\":\"RUH\u00c1ZAT\",\"item\":\"https:\\\/\\\/allezfencing.eu\\\/termekkategoria\\\/ruhazat\\\/\"},{\"@type\":\"ListItem\",\"position\":4,\"name\":\"NADR\u00c1G\",\"item\":\"https:\\\/\\\/allezfencing.eu\\\/termekkategoria\\\/ruhazat\\\/nadrag\\\/\"},{\"@type\":\"ListItem\",\"position\":5,\"name\":\"Gyermek Nadr\u00e1g 350N\"}]},{\"@type\":\"WebSite\",\"@id\":\"https:\\\/\\\/allezfencing.eu\\\/#website\",\"url\":\"https:\\\/\\\/allezfencing.eu\\\/\",\"name\":\"Allez Fencing\",\"description\":\"Minden ami v\u00edv\u00e1s\",\"publisher\":{\"@id\":\"https:\\\/\\\/allezfencing.eu\\\/#organization\"},\"potentialAction\":[{\"@type\":\"SearchAction\",\"target\":{\"@type\":\"EntryPoint\",\"urlTemplate\":\"https:\\\/\\\/allezfencing.eu\\\/?s={search_term_string}\"},\"query-input\":{\"@type\":\"PropertyValueSpecification\",\"valueRequired\":true,\"valueName\":\"search_term_string\"}}],\"inLanguage\":\"en-GB\"},{\"@type\":\"Organization\",\"@id\":\"https:\\\/\\\/allezfencing.eu\\\/#organization\",\"name\":\"Panama Etet\u0151haj\u00f3k\",\"url\":\"https:\\\/\\\/allezfencing.eu\\\/\",\"logo\":{\"@type\":\"ImageObject\",\"inLanguage\":\"en-GB\",\"@id\":\"https:\\\/\\\/allezfencing.eu\\\/#\\\/schema\\\/logo\\\/image\\\/\",\"url\":\"https:\\\/\\\/allezfencing.eu\\\/wp-content\\\/uploads\\\/2025\\\/03\\\/etetohajo.eu-panama-site-icon.webp\",\"contentUrl\":\"https:\\\/\\\/allezfencing.eu\\\/wp-content\\\/uploads\\\/2025\\\/03\\\/etetohajo.eu-panama-site-icon.webp\",\"width\":512,\"height\":512,\"caption\":\"Panama Etet\u0151haj\u00f3k\"},\"image\":{\"@id\":\"https:\\\/\\\/allezfencing.eu\\\/#\\\/schema\\\/logo\\\/image\\\/\"},\"sameAs\":[\"https:\\\/\\\/www.facebook.com\\\/panamaetetohajo\"]}]}<\/script>\n<!-- \/ Yoast SEO plugin. -->","yoast_head_json":{"title":"Gyermek Nadr\u00e1g 350N | Allez Fencing","description":"Gyermek nadr\u00e1g 350N. K\u00e9nyelmes \u00e9s megb\u00edzhat\u00f3 edz\u0151felszerel\u00e9s.","robots":{"index":"index","follow":"follow","max-snippet":"max-snippet:-1","max-image-preview":"max-image-preview:large","max-video-preview":"max-video-preview:-1"},"canonical":"https:\/\/allezfencing.eu\/en\/webshop\/ruhazat\/nadrag\/gyermek-nadrag-350n\/","og_locale":"en_GB","og_type":"article","og_title":"Gyermek Nadr\u00e1g 350N | Allez Fencing","og_description":"Gyermek nadr\u00e1g 350N. K\u00e9nyelmes \u00e9s megb\u00edzhat\u00f3 edz\u0151felszerel\u00e9s.","og_url":"https:\/\/allezfencing.eu\/en\/webshop\/ruhazat\/nadrag\/gyermek-nadrag-350n\/","og_site_name":"Allez Fencing","article_publisher":"https:\/\/www.facebook.com\/panamaetetohajo","article_modified_time":"2026-04-04T13:20:41+00:00","og_image":[{"width":700,"height":700,"url":"https:\/\/allezfencing.eu\/wp-content\/uploads\/2025\/12\/Elsior_350N_Nadrag1.jpg","type":"image\/jpeg"}],"twitter_card":"summary_large_image","twitter_misc":{"Estimated reading time":"1 minute"},"schema":{"@context":"https:\/\/schema.org","@graph":[{"@type":"WebPage","@id":"https:\/\/allezfencing.eu\/webshop\/ruhazat\/nadrag\/gyermek-nadrag-350n\/","url":"https:\/\/allezfencing.eu\/webshop\/ruhazat\/nadrag\/gyermek-nadrag-350n\/","name":"Gyermek Nadr\u00e1g 350N | Allez Fencing","isPartOf":{"@id":"https:\/\/allezfencing.eu\/#website"},"primaryImageOfPage":{"@id":"https:\/\/allezfencing.eu\/webshop\/ruhazat\/nadrag\/gyermek-nadrag-350n\/#primaryimage"},"image":{"@id":"https:\/\/allezfencing.eu\/webshop\/ruhazat\/nadrag\/gyermek-nadrag-350n\/#primaryimage"},"thumbnailUrl":"https:\/\/allezfencing.eu\/wp-content\/uploads\/2025\/12\/Elsior_350N_Nadrag1.jpg","datePublished":"2025-12-08T17:13:34+00:00","dateModified":"2026-04-04T13:20:41+00:00","description":"Gyermek nadr\u00e1g 350N. K\u00e9nyelmes \u00e9s megb\u00edzhat\u00f3 edz\u0151felszerel\u00e9s.","breadcrumb":{"@id":"https:\/\/allezfencing.eu\/webshop\/ruhazat\/nadrag\/gyermek-nadrag-350n\/#breadcrumb"},"inLanguage":"en-GB","potentialAction":[{"@type":"ReadAction","target":["https:\/\/allezfencing.eu\/webshop\/ruhazat\/nadrag\/gyermek-nadrag-350n\/"]}]},{"@type":"ImageObject","inLanguage":"en-GB","@id":"https:\/\/allezfencing.eu\/webshop\/ruhazat\/nadrag\/gyermek-nadrag-350n\/#primaryimage","url":"https:\/\/allezfencing.eu\/wp-content\/uploads\/2025\/12\/Elsior_350N_Nadrag1.jpg","contentUrl":"https:\/\/allezfencing.eu\/wp-content\/uploads\/2025\/12\/Elsior_350N_Nadrag1.jpg","width":700,"height":700},{"@type":"BreadcrumbList","@id":"https:\/\/allezfencing.eu\/webshop\/ruhazat\/nadrag\/gyermek-nadrag-350n\/#breadcrumb","itemListElement":[{"@type":"ListItem","position":1,"name":"Kezd\u0151lap","item":"https:\/\/allezfencing.eu\/"},{"@type":"ListItem","position":2,"name":"Webshop","item":"https:\/\/allezfencing.eu\/webshop\/"},{"@type":"ListItem","position":3,"name":"RUH\u00c1ZAT","item":"https:\/\/allezfencing.eu\/termekkategoria\/ruhazat\/"},{"@type":"ListItem","position":4,"name":"NADR\u00c1G","item":"https:\/\/allezfencing.eu\/termekkategoria\/ruhazat\/nadrag\/"},{"@type":"ListItem","position":5,"name":"Gyermek Nadr\u00e1g 350N"}]},{"@type":"WebSite","@id":"https:\/\/allezfencing.eu\/#website","url":"https:\/\/allezfencing.eu\/","name":"Allez Fencing","description":"Minden ami v\u00edv\u00e1s","publisher":{"@id":"https:\/\/allezfencing.eu\/#organization"},"potentialAction":[{"@type":"SearchAction","target":{"@type":"EntryPoint","urlTemplate":"https:\/\/allezfencing.eu\/?s={search_term_string}"},"query-input":{"@type":"PropertyValueSpecification","valueRequired":true,"valueName":"search_term_string"}}],"inLanguage":"en-GB"},{"@type":"Organization","@id":"https:\/\/allezfencing.eu\/#organization","name":"Panama Feeding boats","url":"https:\/\/allezfencing.eu\/","logo":{"@type":"ImageObject","inLanguage":"en-GB","@id":"https:\/\/allezfencing.eu\/#\/schema\/logo\/image\/","url":"https:\/\/allezfencing.eu\/wp-content\/uploads\/2025\/03\/etetohajo.eu-panama-site-icon.webp","contentUrl":"https:\/\/allezfencing.eu\/wp-content\/uploads\/2025\/03\/etetohajo.eu-panama-site-icon.webp","width":512,"height":512,"caption":"Panama Etet\u0151haj\u00f3k"},"image":{"@id":"https:\/\/allezfencing.eu\/#\/schema\/logo\/image\/"},"sameAs":["https:\/\/www.facebook.com\/panamaetetohajo"]}]}},"_links":{"self":[{"href":"https:\/\/allezfencing.eu\/en\/wp-json\/wp\/v2\/product\/14769","targetHints":{"allow":["GET"]}}],"collection":[{"href":"https:\/\/allezfencing.eu\/en\/wp-json\/wp\/v2\/product"}],"about":[{"href":"https:\/\/allezfencing.eu\/en\/wp-json\/wp\/v2\/types\/product"}],"replies":[{"embeddable":true,"href":"https:\/\/allezfencing.eu\/en\/wp-json\/wp\/v2\/comments?post=14769"}],"version-history":[{"count":0,"href":"https:\/\/allezfencing.eu\/en\/wp-json\/wp\/v2\/product\/14769\/revisions"}],"wp:featuredmedia":[{"embeddable":true,"href":"https:\/\/allezfencing.eu\/en\/wp-json\/wp\/v2\/media\/14770"}],"wp:attachment":[{"href":"https:\/\/allezfencing.eu\/en\/wp-json\/wp\/v2\/media?parent=14769"}],"wp:term":[{"taxonomy":"product_brand","embeddable":true,"href":"https:\/\/allezfencing.eu\/en\/wp-json\/wp\/v2\/product_brand?post=14769"},{"taxonomy":"product_cat","embeddable":true,"href":"https:\/\/allezfencing.eu\/en\/wp-json\/wp\/v2\/product_cat?post=14769"},{"taxonomy":"product_tag","embeddable":true,"href":"https:\/\/allezfencing.eu\/en\/wp-json\/wp\/v2\/product_tag?post=14769"}],"curies":[{"name":"wp","href":"https:\/\/api.w.org\/{rel}","templated":true}]}}