{"id":14798,"date":"2025-12-08T18:14:33","date_gmt":"2025-12-08T17:14:33","guid":{"rendered":"https:\/\/infiniteq.org\/webshop\/nem-kategorizalt\/gyermek-reszere-kezdo-szett\/"},"modified":"2026-01-03T23:08:45","modified_gmt":"2026-01-03T22:08:45","slug":"gyermek-reszere-kezdo-szett","status":"publish","type":"product","link":"https:\/\/allezfencing.eu\/en\/webshop\/felszereles-csomagok\/elsior\/gyermek-reszere-kezdo-szett\/","title":{"rendered":"Gyermek R\u00e9sz\u00e9re kezd\u0151 szett"},"content":{"rendered":"<p font-size:=\"\" style=\"color: rgb(51, 51, 51); font-family: sans-serif, Arial, Verdana, \" trebuchet=\"\"><em><span style=\"font-size: 12px;\"><span style=\"font-family: georgia, serif;\"><var>Gyermek r\u00e9sz\u00e9re kezd\u0151 szett &#8211;\u00a0 mikor az edz\u0151 javasolja, hogy saj\u00e1t legyen &#8211;<\/var><\/span><\/span><\/em>\n<\/p>\n<p font-size:=\"\" style=\"color: rgb(51, 51, 51); font-family: sans-serif, Arial, Verdana, \" trebuchet=\"\"><span style=\"font-size:12px;\"><span style=\"font-family:georgia,serif;\"><em>A megrendelni k\u00edv\u00e1nt m\u00e9reteket, k\u00e9rj\u00fck a megrendel\u00e9s megjegyz\u00e9s rovat\u00e1ban felt\u00fcntetni sz\u00edveskedjen.<\/em><\/span><\/span>\n<\/p>\n<p font-size:=\"\" style=\"color: rgb(51, 51, 51); font-family: sans-serif, Arial, Verdana, \" trebuchet=\"\"><em><span style=\"font-size: 12px;\"><span style=\"font-family: georgia, serif;\"><var><\/var><\/span><\/span><\/em>\n<\/p>\n<p font-size:=\"\" style=\"color: rgb(51, 51, 51); font-family: sans-serif, Arial, Verdana, \" trebuchet=\"\"><em><span style=\"font-size: 12px;\"><span style=\"font-family: georgia, serif;\"><var>Az Gyermek szett felszerel\u00e9s a k\u00f6vetkez\u0151 term\u00e9keket tartalmazza:<\/var><\/span><\/span><\/em>\n<\/p>\n<p font-size:=\"\" style=\"color: rgb(51, 51, 51); font-family: sans-serif, Arial, Verdana, \" trebuchet=\"\"><em><span style=\"font-family: georgia, serif; font-size: 12px;\">1 db keszty\u0171\u00a0<\/span><\/em>\n<\/p>\n<p font-size:=\"\" style=\"color: rgb(51, 51, 51); font-family: sans-serif, Arial, Verdana, \" trebuchet=\"\"><em><span style=\"font-family: georgia, serif;\">1 db testvezet\u00e9k\u00a0<\/span><\/em>\n<\/p>\n<p font-size:=\"\" style=\"color: rgb(51, 51, 51); font-family: sans-serif, Arial, Verdana, \" trebuchet=\"\"><em><span style=\"font-family: georgia, serif;\">1 db O penge, tokkal\u00a0<\/span><\/em>\n<\/p>\n<p font-size:=\"\" style=\"color: rgb(51, 51, 51); font-family: sans-serif, Arial, Verdana, \" trebuchet=\"\"><em><span style=\"font-size: 12px;\"><span style=\"font-family: georgia, serif;\"><var>A teljes \u00e1ra: 42.990 Ft<\/var><\/span><\/span><\/em>\n<\/p>\n<p font-size:=\"\" style=\"color: rgb(51, 51, 51); font-family: sans-serif, Arial, Verdana, \" trebuchet=\"\"><em><span style=\"font-size: 12px;\"><span style=\"font-family: georgia, serif;\"><var><\/var><\/span><\/span><\/em>\n<\/p>\n<p font-size:=\"\" style=\"color: rgb(51, 51, 51); font-family: sans-serif, Arial, Verdana, \" trebuchet=\"\"><em><span style=\"font-size: 12px;\"><span style=\"font-family: georgia, serif;\"><var>A k\u00e9pen l\u00e1that\u00f3, de a kezd\u0151 szettben nem szerepl\u0151 term\u00e9kek k\u00fcl\u00f6n megv\u00e1s\u00e1rolhat\u00f3ak!<\/var><\/span><\/span><\/em><\/p>","protected":false},"excerpt":{"rendered":"<p><span style=\"font-size:12px;\"><span style=\"font-family:georgia,serif;\"><var>Gyermek r\u00e9sz\u00e9re kezd\u0151 szett &#8211;\u00a0 mikor az edz\u0151 javasolja, hogy saj\u00e1t legyen\u00a0<\/var><\/span><\/span>\n<\/p>\n<p><span style=\"font-size:12px;\"><em><span style=\"font-family:georgia,serif;\">A megrendelni k\u00edv\u00e1nt m\u00e9reteket, k\u00e9rj\u00fck a megrendel\u00e9s megjegyz\u00e9s rovat\u00e1ban felt\u00fcntetni sz\u00edveskedjen.<\/span><\/em><\/span>\n<\/p>\n<p><span style=\"font-size:12px;\"><span style=\"font-family:georgia,serif;\"><var><\/var><\/span><\/span>\n<\/p>\n<p><span style=\"font-size:12px;\"><span style=\"font-family:georgia,serif;\"><var>Az Gyermek szett felszerel\u00e9s a k\u00f6vetkez\u0151 term\u00e9keket tartalmazza:<\/var><\/span><\/span>\n<\/p>\n<p><em><span style=\"font-family: georgia, serif; font-size: 12px;\">1 db keszty\u0171\u00a0<\/span><\/em>\n<\/p>\n<p><em><span style=\"font-family:georgia,serif;\">1 db testvezet\u00e9k\u00a0<\/span><\/em>\n<\/p>\n<p><em><span style=\"font-family:georgia,serif;\">1 db O penge, tokkal\u00a0<\/span><\/em>\n<\/p>\n<p><span style=\"font-size:12px;\"><span style=\"font-family:georgia,serif;\"><var>A teljes \u00e1ra: 42.990 Ft<\/var><\/span><\/span>\n<\/p>\n<p><span style=\"font-size:12px;\"><span style=\"font-family:georgia,serif;\"><var><\/var><\/span><\/span>\n<\/p>\n<p><span style=\"font-size:12px;\"><span style=\"font-family:georgia,serif;\"><var>A k\u00e9pen l\u00e1that\u00f3, de a kezd\u0151 szettben nem szerepl\u0151 term\u00e9kek k\u00fcl\u00f6n megv\u00e1s\u00e1rolhat\u00f3ak!<\/var><\/span><\/span><\/p>","protected":false},"featured_media":14782,"comment_status":"open","ping_status":"closed","template":"","meta":[],"product_brand":[320],"product_cat":[1196],"product_tag":[],"class_list":{"0":"post-14798","1":"product","2":"type-product","3":"status-publish","4":"has-post-thumbnail","6":"product_brand-elsior","7":"product_cat-elsior","9":"first","10":"outofstock","11":"taxable","12":"shipping-taxable","13":"purchasable","14":"product-type-simple"},"yoast_head":"<!-- This site is optimized with the Yoast SEO plugin v27.2 - https:\/\/yoast.com\/product\/yoast-seo-wordpress\/ -->\n<title>Gyermek R\u00e9sz\u00e9re kezd\u0151 szett | Allez Fencing<\/title>\n<meta name=\"robots\" content=\"index, follow, max-snippet:-1, max-image-preview:large, max-video-preview:-1\" \/>\n<link rel=\"canonical\" href=\"https:\/\/allezfencing.eu\/en\/webshop\/felszereles-csomagok\/elsior\/gyermek-reszere-kezdo-szett\/\" \/>\n<meta property=\"og:locale\" content=\"en_GB\" \/>\n<meta property=\"og:type\" content=\"article\" \/>\n<meta property=\"og:title\" content=\"Gyermek R\u00e9sz\u00e9re kezd\u0151 szett | Allez Fencing\" \/>\n<meta property=\"og:description\" content=\"Gyermek r\u00e9sz\u00e9re kezd\u0151 szett -\u00a0 mikor az edz\u0151 javasolja, hogy saj\u00e1t legyen\u00a0 A megrendelni k\u00edv\u00e1nt m\u00e9reteket, k\u00e9rj\u00fck a megrendel\u00e9s megjegyz\u00e9s rovat\u00e1ban felt\u00fcntetni sz\u00edveskedjen.  Az Gyermek szett felszerel\u00e9s a k\u00f6vetkez\u0151 term\u00e9keket tartalmazza: 1 db keszty\u0171\u00a0 1 db testvezet\u00e9k\u00a0 1 db O penge, tokkal\u00a0 A teljes \u00e1ra: 42.990 Ft  A k\u00e9pen l\u00e1that\u00f3, de a kezd\u0151 szettben nem szerepl\u0151 term\u00e9kek k\u00fcl\u00f6n megv\u00e1s\u00e1rolhat\u00f3ak!\" \/>\n<meta property=\"og:url\" content=\"https:\/\/allezfencing.eu\/en\/webshop\/felszereles-csomagok\/elsior\/gyermek-reszere-kezdo-szett\/\" \/>\n<meta property=\"og:site_name\" content=\"Allez Fencing\" \/>\n<meta property=\"article:publisher\" content=\"https:\/\/www.facebook.com\/panamaetetohajo\" \/>\n<meta property=\"article:modified_time\" content=\"2026-01-03T22:08:45+00:00\" \/>\n<meta property=\"og:image\" content=\"https:\/\/allezfencing.eu\/wp-content\/uploads\/2025\/12\/IMG_8929-scaled-1.jpg\" \/>\n\t<meta property=\"og:image:width\" content=\"1706\" \/>\n\t<meta property=\"og:image:height\" content=\"2560\" \/>\n\t<meta property=\"og:image:type\" content=\"image\/jpeg\" \/>\n<meta name=\"twitter:card\" content=\"summary_large_image\" \/>\n<script type=\"application\/ld+json\" class=\"yoast-schema-graph\">{\"@context\":\"https:\/\/schema.org\",\"@graph\":[{\"@type\":\"WebPage\",\"@id\":\"https:\/\/allezfencing.eu\/webshop\/felszereles-csomagok\/elsior\/gyermek-reszere-kezdo-szett\/\",\"url\":\"https:\/\/allezfencing.eu\/webshop\/felszereles-csomagok\/elsior\/gyermek-reszere-kezdo-szett\/\",\"name\":\"Gyermek R\u00e9sz\u00e9re kezd\u0151 szett | Allez Fencing\",\"isPartOf\":{\"@id\":\"https:\/\/allezfencing.eu\/#website\"},\"primaryImageOfPage\":{\"@id\":\"https:\/\/allezfencing.eu\/webshop\/felszereles-csomagok\/elsior\/gyermek-reszere-kezdo-szett\/#primaryimage\"},\"image\":{\"@id\":\"https:\/\/allezfencing.eu\/webshop\/felszereles-csomagok\/elsior\/gyermek-reszere-kezdo-szett\/#primaryimage\"},\"thumbnailUrl\":\"https:\/\/allezfencing.eu\/wp-content\/uploads\/2025\/12\/IMG_8929-scaled-1.jpg\",\"datePublished\":\"2025-12-08T17:14:33+00:00\",\"dateModified\":\"2026-01-03T22:08:45+00:00\",\"breadcrumb\":{\"@id\":\"https:\/\/allezfencing.eu\/webshop\/felszereles-csomagok\/elsior\/gyermek-reszere-kezdo-szett\/#breadcrumb\"},\"inLanguage\":\"en-GB\",\"potentialAction\":[{\"@type\":\"ReadAction\",\"target\":[\"https:\/\/allezfencing.eu\/webshop\/felszereles-csomagok\/elsior\/gyermek-reszere-kezdo-szett\/\"]}]},{\"@type\":\"ImageObject\",\"inLanguage\":\"en-GB\",\"@id\":\"https:\/\/allezfencing.eu\/webshop\/felszereles-csomagok\/elsior\/gyermek-reszere-kezdo-szett\/#primaryimage\",\"url\":\"https:\/\/allezfencing.eu\/wp-content\/uploads\/2025\/12\/IMG_8929-scaled-1.jpg\",\"contentUrl\":\"https:\/\/allezfencing.eu\/wp-content\/uploads\/2025\/12\/IMG_8929-scaled-1.jpg\",\"width\":1706,\"height\":2560},{\"@type\":\"BreadcrumbList\",\"@id\":\"https:\/\/allezfencing.eu\/webshop\/felszereles-csomagok\/elsior\/gyermek-reszere-kezdo-szett\/#breadcrumb\",\"itemListElement\":[{\"@type\":\"ListItem\",\"position\":1,\"name\":\"Kezd\u0151lap\",\"item\":\"https:\/\/allezfencing.eu\/\"},{\"@type\":\"ListItem\",\"position\":2,\"name\":\"Webshop\",\"item\":\"https:\/\/allezfencing.eu\/webshop\/\"},{\"@type\":\"ListItem\",\"position\":3,\"name\":\"FELSZEREL\u00c9S CSOMAGOK\",\"item\":\"https:\/\/allezfencing.eu\/termekkategoria\/felszereles-csomagok\/\"},{\"@type\":\"ListItem\",\"position\":4,\"name\":\"Elsior\",\"item\":\"https:\/\/allezfencing.eu\/termekkategoria\/felszereles-csomagok\/elsior\/\"},{\"@type\":\"ListItem\",\"position\":5,\"name\":\"Gyermek R\u00e9sz\u00e9re kezd\u0151 szett\"}]},{\"@type\":\"WebSite\",\"@id\":\"https:\/\/allezfencing.eu\/#website\",\"url\":\"https:\/\/allezfencing.eu\/\",\"name\":\"Allez Fencing\",\"description\":\"Minden ami v\u00edv\u00e1s\",\"publisher\":{\"@id\":\"https:\/\/allezfencing.eu\/#organization\"},\"potentialAction\":[{\"@type\":\"SearchAction\",\"target\":{\"@type\":\"EntryPoint\",\"urlTemplate\":\"https:\/\/allezfencing.eu\/?s={search_term_string}\"},\"query-input\":{\"@type\":\"PropertyValueSpecification\",\"valueRequired\":true,\"valueName\":\"search_term_string\"}}],\"inLanguage\":\"en-GB\"},{\"@type\":\"Organization\",\"@id\":\"https:\/\/allezfencing.eu\/#organization\",\"name\":\"Panama Etet\u0151haj\u00f3k\",\"url\":\"https:\/\/allezfencing.eu\/\",\"logo\":{\"@type\":\"ImageObject\",\"inLanguage\":\"en-GB\",\"@id\":\"https:\/\/allezfencing.eu\/#\/schema\/logo\/image\/\",\"url\":\"https:\/\/allezfencing.eu\/wp-content\/uploads\/2025\/03\/etetohajo.eu-panama-site-icon.webp\",\"contentUrl\":\"https:\/\/allezfencing.eu\/wp-content\/uploads\/2025\/03\/etetohajo.eu-panama-site-icon.webp\",\"width\":512,\"height\":512,\"caption\":\"Panama Etet\u0151haj\u00f3k\"},\"image\":{\"@id\":\"https:\/\/allezfencing.eu\/#\/schema\/logo\/image\/\"},\"sameAs\":[\"https:\/\/www.facebook.com\/panamaetetohajo\"]}]}<\/script>\n<!-- \/ Yoast SEO plugin. -->","yoast_head_json":{"title":"Gyermek R\u00e9sz\u00e9re kezd\u0151 szett | Allez Fencing","robots":{"index":"index","follow":"follow","max-snippet":"max-snippet:-1","max-image-preview":"max-image-preview:large","max-video-preview":"max-video-preview:-1"},"canonical":"https:\/\/allezfencing.eu\/en\/webshop\/felszereles-csomagok\/elsior\/gyermek-reszere-kezdo-szett\/","og_locale":"en_GB","og_type":"article","og_title":"Gyermek R\u00e9sz\u00e9re kezd\u0151 szett | Allez Fencing","og_description":"Gyermek r\u00e9sz\u00e9re kezd\u0151 szett -\u00a0 mikor az edz\u0151 javasolja, hogy saj\u00e1t legyen\u00a0 A megrendelni k\u00edv\u00e1nt m\u00e9reteket, k\u00e9rj\u00fck a megrendel\u00e9s megjegyz\u00e9s rovat\u00e1ban felt\u00fcntetni sz\u00edveskedjen.  Az Gyermek szett felszerel\u00e9s a k\u00f6vetkez\u0151 term\u00e9keket tartalmazza: 1 db keszty\u0171\u00a0 1 db testvezet\u00e9k\u00a0 1 db O penge, tokkal\u00a0 A teljes \u00e1ra: 42.990 Ft  A k\u00e9pen l\u00e1that\u00f3, de a kezd\u0151 szettben nem szerepl\u0151 term\u00e9kek k\u00fcl\u00f6n megv\u00e1s\u00e1rolhat\u00f3ak!","og_url":"https:\/\/allezfencing.eu\/en\/webshop\/felszereles-csomagok\/elsior\/gyermek-reszere-kezdo-szett\/","og_site_name":"Allez Fencing","article_publisher":"https:\/\/www.facebook.com\/panamaetetohajo","article_modified_time":"2026-01-03T22:08:45+00:00","og_image":[{"width":1706,"height":2560,"url":"https:\/\/allezfencing.eu\/wp-content\/uploads\/2025\/12\/IMG_8929-scaled-1.jpg","type":"image\/jpeg"}],"twitter_card":"summary_large_image","schema":{"@context":"https:\/\/schema.org","@graph":[{"@type":"WebPage","@id":"https:\/\/allezfencing.eu\/webshop\/felszereles-csomagok\/elsior\/gyermek-reszere-kezdo-szett\/","url":"https:\/\/allezfencing.eu\/webshop\/felszereles-csomagok\/elsior\/gyermek-reszere-kezdo-szett\/","name":"Gyermek R\u00e9sz\u00e9re kezd\u0151 szett | Allez Fencing","isPartOf":{"@id":"https:\/\/allezfencing.eu\/#website"},"primaryImageOfPage":{"@id":"https:\/\/allezfencing.eu\/webshop\/felszereles-csomagok\/elsior\/gyermek-reszere-kezdo-szett\/#primaryimage"},"image":{"@id":"https:\/\/allezfencing.eu\/webshop\/felszereles-csomagok\/elsior\/gyermek-reszere-kezdo-szett\/#primaryimage"},"thumbnailUrl":"https:\/\/allezfencing.eu\/wp-content\/uploads\/2025\/12\/IMG_8929-scaled-1.jpg","datePublished":"2025-12-08T17:14:33+00:00","dateModified":"2026-01-03T22:08:45+00:00","breadcrumb":{"@id":"https:\/\/allezfencing.eu\/webshop\/felszereles-csomagok\/elsior\/gyermek-reszere-kezdo-szett\/#breadcrumb"},"inLanguage":"en-GB","potentialAction":[{"@type":"ReadAction","target":["https:\/\/allezfencing.eu\/webshop\/felszereles-csomagok\/elsior\/gyermek-reszere-kezdo-szett\/"]}]},{"@type":"ImageObject","inLanguage":"en-GB","@id":"https:\/\/allezfencing.eu\/webshop\/felszereles-csomagok\/elsior\/gyermek-reszere-kezdo-szett\/#primaryimage","url":"https:\/\/allezfencing.eu\/wp-content\/uploads\/2025\/12\/IMG_8929-scaled-1.jpg","contentUrl":"https:\/\/allezfencing.eu\/wp-content\/uploads\/2025\/12\/IMG_8929-scaled-1.jpg","width":1706,"height":2560},{"@type":"BreadcrumbList","@id":"https:\/\/allezfencing.eu\/webshop\/felszereles-csomagok\/elsior\/gyermek-reszere-kezdo-szett\/#breadcrumb","itemListElement":[{"@type":"ListItem","position":1,"name":"Kezd\u0151lap","item":"https:\/\/allezfencing.eu\/"},{"@type":"ListItem","position":2,"name":"Webshop","item":"https:\/\/allezfencing.eu\/webshop\/"},{"@type":"ListItem","position":3,"name":"FELSZEREL\u00c9S CSOMAGOK","item":"https:\/\/allezfencing.eu\/termekkategoria\/felszereles-csomagok\/"},{"@type":"ListItem","position":4,"name":"Elsior","item":"https:\/\/allezfencing.eu\/termekkategoria\/felszereles-csomagok\/elsior\/"},{"@type":"ListItem","position":5,"name":"Gyermek R\u00e9sz\u00e9re kezd\u0151 szett"}]},{"@type":"WebSite","@id":"https:\/\/allezfencing.eu\/#website","url":"https:\/\/allezfencing.eu\/","name":"Allez Fencing","description":"Minden ami v\u00edv\u00e1s","publisher":{"@id":"https:\/\/allezfencing.eu\/#organization"},"potentialAction":[{"@type":"SearchAction","target":{"@type":"EntryPoint","urlTemplate":"https:\/\/allezfencing.eu\/?s={search_term_string}"},"query-input":{"@type":"PropertyValueSpecification","valueRequired":true,"valueName":"search_term_string"}}],"inLanguage":"en-GB"},{"@type":"Organization","@id":"https:\/\/allezfencing.eu\/#organization","name":"Panama Feeding boats","url":"https:\/\/allezfencing.eu\/","logo":{"@type":"ImageObject","inLanguage":"en-GB","@id":"https:\/\/allezfencing.eu\/#\/schema\/logo\/image\/","url":"https:\/\/allezfencing.eu\/wp-content\/uploads\/2025\/03\/etetohajo.eu-panama-site-icon.webp","contentUrl":"https:\/\/allezfencing.eu\/wp-content\/uploads\/2025\/03\/etetohajo.eu-panama-site-icon.webp","width":512,"height":512,"caption":"Panama Etet\u0151haj\u00f3k"},"image":{"@id":"https:\/\/allezfencing.eu\/#\/schema\/logo\/image\/"},"sameAs":["https:\/\/www.facebook.com\/panamaetetohajo"]}]}},"_links":{"self":[{"href":"https:\/\/allezfencing.eu\/en\/wp-json\/wp\/v2\/product\/14798","targetHints":{"allow":["GET"]}}],"collection":[{"href":"https:\/\/allezfencing.eu\/en\/wp-json\/wp\/v2\/product"}],"about":[{"href":"https:\/\/allezfencing.eu\/en\/wp-json\/wp\/v2\/types\/product"}],"replies":[{"embeddable":true,"href":"https:\/\/allezfencing.eu\/en\/wp-json\/wp\/v2\/comments?post=14798"}],"version-history":[{"count":0,"href":"https:\/\/allezfencing.eu\/en\/wp-json\/wp\/v2\/product\/14798\/revisions"}],"wp:featuredmedia":[{"embeddable":true,"href":"https:\/\/allezfencing.eu\/en\/wp-json\/wp\/v2\/media\/14782"}],"wp:attachment":[{"href":"https:\/\/allezfencing.eu\/en\/wp-json\/wp\/v2\/media?parent=14798"}],"wp:term":[{"taxonomy":"product_brand","embeddable":true,"href":"https:\/\/allezfencing.eu\/en\/wp-json\/wp\/v2\/product_brand?post=14798"},{"taxonomy":"product_cat","embeddable":true,"href":"https:\/\/allezfencing.eu\/en\/wp-json\/wp\/v2\/product_cat?post=14798"},{"taxonomy":"product_tag","embeddable":true,"href":"https:\/\/allezfencing.eu\/en\/wp-json\/wp\/v2\/product_tag?post=14798"}],"curies":[{"name":"wp","href":"https:\/\/api.w.org\/{rel}","templated":true}]}}