{"id":14814,"date":"2025-12-08T18:15:39","date_gmt":"2025-12-08T17:15:39","guid":{"rendered":"https:\/\/infiniteq.org\/webshop\/nem-kategorizalt\/fwf-fie-800-n-gyermek-plasztron\/"},"modified":"2026-04-04T14:29:59","modified_gmt":"2026-04-04T12:29:59","slug":"fwf-fie-800-n-gyermek-plasztron","status":"publish","type":"product","link":"https:\/\/allezfencing.eu\/en\/webshop\/ruhazat\/plasztron\/fwf-fie-800-n-gyermek-plasztron\/","title":{"rendered":"FWF FIE 800 N Gyermek Plasztron"},"content":{"rendered":"<p data-start=\"4839\" data-end=\"4913\">FWF FIE 800N Gyermek Plasztron \u2013 Versenyre alkalmas ut\u00e1np\u00f3tl\u00e1s felszerel\u00e9s<\/p>\n<p data-start=\"4915\" data-end=\"4927\">Term\u00e9kle\u00edr\u00e1s<\/p>\n<p data-start=\"4929\" data-end=\"5126\">Az FWF FIE 800N gyermek plasztron ide\u00e1lis v\u00e1laszt\u00e1s fiatal versenyz\u0151k sz\u00e1m\u00e1ra, akiknek sz\u00fcks\u00e9g\u00fck van a magasabb szint\u0171 v\u00e9delemre. Az FIE min\u0151s\u00edt\u00e9s garant\u00e1lja a versenyszab\u00e1lyoknak val\u00f3 megfelel\u00e9st.<\/p>\n<p data-start=\"5128\" data-end=\"5252\">A kialak\u00edt\u00e1s biztos\u00edtja a megfelel\u0151 illeszked\u00e9st \u00e9s mozg\u00e1sszabads\u00e1got, mik\u00f6zben a tart\u00f3s anyag hossz\u00fa \u00e9lettartamot garant\u00e1l.<\/p>\n<p data-start=\"5254\" data-end=\"5315\">Ez a modell k\u00fcl\u00f6n\u00f6sen aj\u00e1nlott ut\u00e1np\u00f3tl\u00e1s versenyz\u0151k sz\u00e1m\u00e1ra.<\/p>\n<p data-start=\"5317\" data-end=\"5331\">Main features<\/p>\n<p data-start=\"5333\" data-end=\"5503\">\u2714 FIE 800N min\u0151s\u00edt\u00e9s<br data-start=\"5353\" data-end=\"5356\" \/>\u2714 Gyermekekre optimaliz\u00e1lt szab\u00e1s<br data-start=\"5389\" data-end=\"5392\" \/>\u2714 Maxim\u00e1lis v\u00e9delem<br data-start=\"5411\" data-end=\"5414\" \/>\u2714 Tart\u00f3s kialak\u00edt\u00e1s<br data-start=\"5433\" data-end=\"5436\" \/>\u2714 K\u00e9nyelmes viselet<br data-start=\"5455\" data-end=\"5458\" \/>\u2714 Versenyre alkalmas<br data-start=\"5478\" data-end=\"5481\" \/>\u2714 Stabil illeszked\u00e9s<\/p>\n<p data-start=\"5505\" data-end=\"5541\">Mi\u00e9rt v\u00e1laszd ezt a v\u00edv\u00f3 plasztront?<\/p>\n<p data-start=\"5543\" data-end=\"5653\">\ud83e\uddd2 Versenyz\u0151 gyermekeknek<br data-start=\"5568\" data-end=\"5571\" \/>\ud83e\udd47 FIE min\u0151s\u00e9g<br data-start=\"5585\" data-end=\"5588\" \/>\ud83d\udee1 Maxim\u00e1lis v\u00e9delem<br data-start=\"5608\" data-end=\"5611\" \/>\u2694 Profi haszn\u00e1lat<br data-start=\"5628\" data-end=\"5631\" \/>\ud83d\udcaa Tart\u00f3s kialak\u00edt\u00e1s<\/p>\n<p data-start=\"5655\" data-end=\"5676\">Felhaszn\u00e1l\u00e1si ter\u00fclet<\/p>\n<p data-start=\"5678\" data-end=\"5743\">versenyz\u00e9shez<br data-start=\"5691\" data-end=\"5694\" \/>intenz\u00edv edz\u00e9sekhez<br data-start=\"5713\" data-end=\"5716\" \/>fiatal versenyz\u0151k sz\u00e1m\u00e1ra<\/p>\n<p data-start=\"5745\" data-end=\"5785\">\u00c9letst\u00edlus \u2013 biztos alap a versenyz\u00e9shez<\/p>\n<p data-start=\"5787\" data-end=\"5881\">Az FWF gyermek FIE plasztron seg\u00edt abban, hogy a fiatal v\u00edv\u00f3k biztons\u00e1gosan versenyezhessenek.<\/p>\n<hr data-start=\"5883\" data-end=\"5886\" \/>\n<p data-start=\"5888\" data-end=\"5911\">Gyakori k\u00e9rd\u00e9sek (GYIK)<\/p>\n<p data-start=\"5913\" data-end=\"5997\">Versenyeken haszn\u00e1lhat\u00f3?<br data-start=\"5937\" data-end=\"5940\" \/>Igen, FIE min\u0151s\u00edt\u00e9s\u0171, \u00edgy megfelel a versenyel\u0151\u00edr\u00e1soknak.<\/p>\n<p data-start=\"5999\" data-end=\"6073\">Gyermekeknek megfelel\u0151?<br data-start=\"6022\" data-end=\"6025\" \/>Igen, kifejezetten gyermek m\u00e9retez\u00e9ssel k\u00e9sz\u00fclt.<\/p>\n<p data-start=\"6075\" data-end=\"6148\">Kinek aj\u00e1nlott?<br data-start=\"6090\" data-end=\"6093\" \/>Fiatal versenyz\u0151knek \u00e9s halad\u00f3 ut\u00e1np\u00f3tl\u00e1s sportol\u00f3knak.<\/p>","protected":false},"excerpt":{"rendered":"<p>FWF FIE 800N Gyermek Plasztron \u2013 Versenyre alkalmas ut\u00e1np\u00f3tl\u00e1s felszerel\u00e9s<\/p>","protected":false},"featured_media":14815,"comment_status":"open","ping_status":"closed","template":"","meta":[],"product_brand":[321],"product_cat":[1135],"product_tag":[],"class_list":{"0":"post-14814","1":"product","2":"type-product","3":"status-publish","4":"has-post-thumbnail","6":"product_brand-fwf","7":"product_cat-plasztron","9":"first","10":"instock","11":"taxable","12":"shipping-taxable","13":"purchasable","14":"product-type-variable"},"yoast_head":"<!-- This site is optimized with the Yoast SEO plugin v27.2 - https:\/\/yoast.com\/product\/yoast-seo-wordpress\/ -->\n<title>FWF FIE 800 N Gyermek Plasztron | Allez Fencing<\/title>\n<meta name=\"description\" content=\"FWF FIE 800N gyermek plasztron. Versenyre alkalmas felszerel\u00e9s fiatal v\u00edv\u00f3knak.\" \/>\n<meta name=\"robots\" content=\"index, follow, max-snippet:-1, max-image-preview:large, max-video-preview:-1\" \/>\n<link rel=\"canonical\" href=\"https:\/\/allezfencing.eu\/en\/webshop\/ruhazat\/plasztron\/fwf-fie-800-n-gyermek-plasztron\/\" \/>\n<meta property=\"og:locale\" content=\"en_GB\" \/>\n<meta property=\"og:type\" content=\"article\" \/>\n<meta property=\"og:title\" content=\"FWF FIE 800 N Gyermek Plasztron | Allez Fencing\" \/>\n<meta property=\"og:description\" content=\"FWF FIE 800N gyermek plasztron. Versenyre alkalmas felszerel\u00e9s fiatal v\u00edv\u00f3knak.\" \/>\n<meta property=\"og:url\" content=\"https:\/\/allezfencing.eu\/en\/webshop\/ruhazat\/plasztron\/fwf-fie-800-n-gyermek-plasztron\/\" \/>\n<meta property=\"og:site_name\" content=\"Allez Fencing\" \/>\n<meta property=\"article:publisher\" content=\"https:\/\/www.facebook.com\/panamaetetohajo\" \/>\n<meta property=\"article:modified_time\" content=\"2026-04-04T12:29:59+00:00\" \/>\n<meta property=\"og:image\" content=\"https:\/\/allezfencing.eu\/wp-content\/uploads\/2025\/12\/FWF_800N_Jacket1.jpg\" \/>\n\t<meta property=\"og:image:width\" content=\"637\" \/>\n\t<meta property=\"og:image:height\" content=\"600\" \/>\n\t<meta property=\"og:image:type\" content=\"image\/jpeg\" \/>\n<meta name=\"twitter:card\" content=\"summary_large_image\" \/>\n<meta name=\"twitter:label1\" content=\"Estimated reading time\" \/>\n\t<meta name=\"twitter:data1\" content=\"2 minutes\" \/>\n<script type=\"application\/ld+json\" class=\"yoast-schema-graph\">{\"@context\":\"https:\/\/schema.org\",\"@graph\":[{\"@type\":\"WebPage\",\"@id\":\"https:\/\/allezfencing.eu\/webshop\/ruhazat\/plasztron\/fwf-fie-800-n-gyermek-plasztron\/\",\"url\":\"https:\/\/allezfencing.eu\/webshop\/ruhazat\/plasztron\/fwf-fie-800-n-gyermek-plasztron\/\",\"name\":\"FWF FIE 800 N Gyermek Plasztron | Allez Fencing\",\"isPartOf\":{\"@id\":\"https:\/\/allezfencing.eu\/#website\"},\"primaryImageOfPage\":{\"@id\":\"https:\/\/allezfencing.eu\/webshop\/ruhazat\/plasztron\/fwf-fie-800-n-gyermek-plasztron\/#primaryimage\"},\"image\":{\"@id\":\"https:\/\/allezfencing.eu\/webshop\/ruhazat\/plasztron\/fwf-fie-800-n-gyermek-plasztron\/#primaryimage\"},\"thumbnailUrl\":\"https:\/\/allezfencing.eu\/wp-content\/uploads\/2025\/12\/FWF_800N_Jacket1.jpg\",\"datePublished\":\"2025-12-08T17:15:39+00:00\",\"dateModified\":\"2026-04-04T12:29:59+00:00\",\"description\":\"FWF FIE 800N gyermek plasztron. Versenyre alkalmas felszerel\u00e9s fiatal v\u00edv\u00f3knak.\",\"breadcrumb\":{\"@id\":\"https:\/\/allezfencing.eu\/webshop\/ruhazat\/plasztron\/fwf-fie-800-n-gyermek-plasztron\/#breadcrumb\"},\"inLanguage\":\"en-GB\",\"potentialAction\":[{\"@type\":\"ReadAction\",\"target\":[\"https:\/\/allezfencing.eu\/webshop\/ruhazat\/plasztron\/fwf-fie-800-n-gyermek-plasztron\/\"]}]},{\"@type\":\"ImageObject\",\"inLanguage\":\"en-GB\",\"@id\":\"https:\/\/allezfencing.eu\/webshop\/ruhazat\/plasztron\/fwf-fie-800-n-gyermek-plasztron\/#primaryimage\",\"url\":\"https:\/\/allezfencing.eu\/wp-content\/uploads\/2025\/12\/FWF_800N_Jacket1.jpg\",\"contentUrl\":\"https:\/\/allezfencing.eu\/wp-content\/uploads\/2025\/12\/FWF_800N_Jacket1.jpg\",\"width\":637,\"height\":600},{\"@type\":\"BreadcrumbList\",\"@id\":\"https:\/\/allezfencing.eu\/webshop\/ruhazat\/plasztron\/fwf-fie-800-n-gyermek-plasztron\/#breadcrumb\",\"itemListElement\":[{\"@type\":\"ListItem\",\"position\":1,\"name\":\"Kezd\u0151lap\",\"item\":\"https:\/\/allezfencing.eu\/\"},{\"@type\":\"ListItem\",\"position\":2,\"name\":\"Webshop\",\"item\":\"https:\/\/allezfencing.eu\/webshop\/\"},{\"@type\":\"ListItem\",\"position\":3,\"name\":\"RUH\u00c1ZAT\",\"item\":\"https:\/\/allezfencing.eu\/termekkategoria\/ruhazat\/\"},{\"@type\":\"ListItem\",\"position\":4,\"name\":\"PLASZTRON\",\"item\":\"https:\/\/allezfencing.eu\/termekkategoria\/ruhazat\/plasztron\/\"},{\"@type\":\"ListItem\",\"position\":5,\"name\":\"FWF FIE 800 N Gyermek Plasztron\"}]},{\"@type\":\"WebSite\",\"@id\":\"https:\/\/allezfencing.eu\/#website\",\"url\":\"https:\/\/allezfencing.eu\/\",\"name\":\"Allez Fencing\",\"description\":\"Minden ami v\u00edv\u00e1s\",\"publisher\":{\"@id\":\"https:\/\/allezfencing.eu\/#organization\"},\"potentialAction\":[{\"@type\":\"SearchAction\",\"target\":{\"@type\":\"EntryPoint\",\"urlTemplate\":\"https:\/\/allezfencing.eu\/?s={search_term_string}\"},\"query-input\":{\"@type\":\"PropertyValueSpecification\",\"valueRequired\":true,\"valueName\":\"search_term_string\"}}],\"inLanguage\":\"en-GB\"},{\"@type\":\"Organization\",\"@id\":\"https:\/\/allezfencing.eu\/#organization\",\"name\":\"Panama Etet\u0151haj\u00f3k\",\"url\":\"https:\/\/allezfencing.eu\/\",\"logo\":{\"@type\":\"ImageObject\",\"inLanguage\":\"en-GB\",\"@id\":\"https:\/\/allezfencing.eu\/#\/schema\/logo\/image\/\",\"url\":\"https:\/\/allezfencing.eu\/wp-content\/uploads\/2025\/03\/etetohajo.eu-panama-site-icon.webp\",\"contentUrl\":\"https:\/\/allezfencing.eu\/wp-content\/uploads\/2025\/03\/etetohajo.eu-panama-site-icon.webp\",\"width\":512,\"height\":512,\"caption\":\"Panama Etet\u0151haj\u00f3k\"},\"image\":{\"@id\":\"https:\/\/allezfencing.eu\/#\/schema\/logo\/image\/\"},\"sameAs\":[\"https:\/\/www.facebook.com\/panamaetetohajo\"]}]}<\/script>\n<!-- \/ Yoast SEO plugin. -->","yoast_head_json":{"title":"FWF FIE 800 N Gyermek Plasztron | Allez Fencing","description":"FWF FIE 800N gyermek plasztron. Versenyre alkalmas felszerel\u00e9s fiatal v\u00edv\u00f3knak.","robots":{"index":"index","follow":"follow","max-snippet":"max-snippet:-1","max-image-preview":"max-image-preview:large","max-video-preview":"max-video-preview:-1"},"canonical":"https:\/\/allezfencing.eu\/en\/webshop\/ruhazat\/plasztron\/fwf-fie-800-n-gyermek-plasztron\/","og_locale":"en_GB","og_type":"article","og_title":"FWF FIE 800 N Gyermek Plasztron | Allez Fencing","og_description":"FWF FIE 800N gyermek plasztron. Versenyre alkalmas felszerel\u00e9s fiatal v\u00edv\u00f3knak.","og_url":"https:\/\/allezfencing.eu\/en\/webshop\/ruhazat\/plasztron\/fwf-fie-800-n-gyermek-plasztron\/","og_site_name":"Allez Fencing","article_publisher":"https:\/\/www.facebook.com\/panamaetetohajo","article_modified_time":"2026-04-04T12:29:59+00:00","og_image":[{"width":637,"height":600,"url":"https:\/\/allezfencing.eu\/wp-content\/uploads\/2025\/12\/FWF_800N_Jacket1.jpg","type":"image\/jpeg"}],"twitter_card":"summary_large_image","twitter_misc":{"Estimated reading time":"2 minutes"},"schema":{"@context":"https:\/\/schema.org","@graph":[{"@type":"WebPage","@id":"https:\/\/allezfencing.eu\/webshop\/ruhazat\/plasztron\/fwf-fie-800-n-gyermek-plasztron\/","url":"https:\/\/allezfencing.eu\/webshop\/ruhazat\/plasztron\/fwf-fie-800-n-gyermek-plasztron\/","name":"FWF FIE 800 N Gyermek Plasztron | Allez Fencing","isPartOf":{"@id":"https:\/\/allezfencing.eu\/#website"},"primaryImageOfPage":{"@id":"https:\/\/allezfencing.eu\/webshop\/ruhazat\/plasztron\/fwf-fie-800-n-gyermek-plasztron\/#primaryimage"},"image":{"@id":"https:\/\/allezfencing.eu\/webshop\/ruhazat\/plasztron\/fwf-fie-800-n-gyermek-plasztron\/#primaryimage"},"thumbnailUrl":"https:\/\/allezfencing.eu\/wp-content\/uploads\/2025\/12\/FWF_800N_Jacket1.jpg","datePublished":"2025-12-08T17:15:39+00:00","dateModified":"2026-04-04T12:29:59+00:00","description":"FWF FIE 800N gyermek plasztron. Versenyre alkalmas felszerel\u00e9s fiatal v\u00edv\u00f3knak.","breadcrumb":{"@id":"https:\/\/allezfencing.eu\/webshop\/ruhazat\/plasztron\/fwf-fie-800-n-gyermek-plasztron\/#breadcrumb"},"inLanguage":"en-GB","potentialAction":[{"@type":"ReadAction","target":["https:\/\/allezfencing.eu\/webshop\/ruhazat\/plasztron\/fwf-fie-800-n-gyermek-plasztron\/"]}]},{"@type":"ImageObject","inLanguage":"en-GB","@id":"https:\/\/allezfencing.eu\/webshop\/ruhazat\/plasztron\/fwf-fie-800-n-gyermek-plasztron\/#primaryimage","url":"https:\/\/allezfencing.eu\/wp-content\/uploads\/2025\/12\/FWF_800N_Jacket1.jpg","contentUrl":"https:\/\/allezfencing.eu\/wp-content\/uploads\/2025\/12\/FWF_800N_Jacket1.jpg","width":637,"height":600},{"@type":"BreadcrumbList","@id":"https:\/\/allezfencing.eu\/webshop\/ruhazat\/plasztron\/fwf-fie-800-n-gyermek-plasztron\/#breadcrumb","itemListElement":[{"@type":"ListItem","position":1,"name":"Kezd\u0151lap","item":"https:\/\/allezfencing.eu\/"},{"@type":"ListItem","position":2,"name":"Webshop","item":"https:\/\/allezfencing.eu\/webshop\/"},{"@type":"ListItem","position":3,"name":"RUH\u00c1ZAT","item":"https:\/\/allezfencing.eu\/termekkategoria\/ruhazat\/"},{"@type":"ListItem","position":4,"name":"PLASZTRON","item":"https:\/\/allezfencing.eu\/termekkategoria\/ruhazat\/plasztron\/"},{"@type":"ListItem","position":5,"name":"FWF FIE 800 N Gyermek Plasztron"}]},{"@type":"WebSite","@id":"https:\/\/allezfencing.eu\/#website","url":"https:\/\/allezfencing.eu\/","name":"Allez Fencing","description":"Minden ami v\u00edv\u00e1s","publisher":{"@id":"https:\/\/allezfencing.eu\/#organization"},"potentialAction":[{"@type":"SearchAction","target":{"@type":"EntryPoint","urlTemplate":"https:\/\/allezfencing.eu\/?s={search_term_string}"},"query-input":{"@type":"PropertyValueSpecification","valueRequired":true,"valueName":"search_term_string"}}],"inLanguage":"en-GB"},{"@type":"Organization","@id":"https:\/\/allezfencing.eu\/#organization","name":"Panama Feeding boats","url":"https:\/\/allezfencing.eu\/","logo":{"@type":"ImageObject","inLanguage":"en-GB","@id":"https:\/\/allezfencing.eu\/#\/schema\/logo\/image\/","url":"https:\/\/allezfencing.eu\/wp-content\/uploads\/2025\/03\/etetohajo.eu-panama-site-icon.webp","contentUrl":"https:\/\/allezfencing.eu\/wp-content\/uploads\/2025\/03\/etetohajo.eu-panama-site-icon.webp","width":512,"height":512,"caption":"Panama Etet\u0151haj\u00f3k"},"image":{"@id":"https:\/\/allezfencing.eu\/#\/schema\/logo\/image\/"},"sameAs":["https:\/\/www.facebook.com\/panamaetetohajo"]}]}},"_links":{"self":[{"href":"https:\/\/allezfencing.eu\/en\/wp-json\/wp\/v2\/product\/14814","targetHints":{"allow":["GET"]}}],"collection":[{"href":"https:\/\/allezfencing.eu\/en\/wp-json\/wp\/v2\/product"}],"about":[{"href":"https:\/\/allezfencing.eu\/en\/wp-json\/wp\/v2\/types\/product"}],"replies":[{"embeddable":true,"href":"https:\/\/allezfencing.eu\/en\/wp-json\/wp\/v2\/comments?post=14814"}],"version-history":[{"count":6,"href":"https:\/\/allezfencing.eu\/en\/wp-json\/wp\/v2\/product\/14814\/revisions"}],"predecessor-version":[{"id":18034,"href":"https:\/\/allezfencing.eu\/en\/wp-json\/wp\/v2\/product\/14814\/revisions\/18034"}],"wp:featuredmedia":[{"embeddable":true,"href":"https:\/\/allezfencing.eu\/en\/wp-json\/wp\/v2\/media\/14815"}],"wp:attachment":[{"href":"https:\/\/allezfencing.eu\/en\/wp-json\/wp\/v2\/media?parent=14814"}],"wp:term":[{"taxonomy":"product_brand","embeddable":true,"href":"https:\/\/allezfencing.eu\/en\/wp-json\/wp\/v2\/product_brand?post=14814"},{"taxonomy":"product_cat","embeddable":true,"href":"https:\/\/allezfencing.eu\/en\/wp-json\/wp\/v2\/product_cat?post=14814"},{"taxonomy":"product_tag","embeddable":true,"href":"https:\/\/allezfencing.eu\/en\/wp-json\/wp\/v2\/product_tag?post=14814"}],"curies":[{"name":"wp","href":"https:\/\/api.w.org\/{rel}","templated":true}]}}