{"id":14848,"date":"2025-12-08T18:17:35","date_gmt":"2025-12-08T17:17:35","guid":{"rendered":"https:\/\/infiniteq.org\/webshop\/nem-kategorizalt\/fwf-fegyvertarto-2-parbajtor-vagy-3-tor-szamara\/"},"modified":"2026-03-09T14:06:17","modified_gmt":"2026-03-09T13:06:17","slug":"fwf-fegyvertarto-2-parbajtor-vagy-3-tor-szamara","status":"publish","type":"product","link":"https:\/\/allezfencing.eu\/en\/webshop\/taskak\/fwf-fegyvertarto-2-parbajtor-vagy-3-tor-szamara\/","title":{"rendered":"FWF fegyvertart\u00f3, 2 p\u00e1rbajt\u0151r vagy 3 t\u0151r sz\u00e1m\u00e1ra"},"content":{"rendered":"","protected":false},"excerpt":{"rendered":"<p><span style=\"color:#999999;\"><span style=\"font-size:12px;\"><span style=\"font-family:georgia,serif;\"><var>FWF klasszikus fegyvertart\u00f3 t\u00e1ska, 2 p\u00e1rbajt\u0151r vagy 3 t\u0151r sz\u00e1m\u00e1ra.<\/var><\/span><\/span><\/span>\n<\/p>\n<p>Nagyon strapab\u00edr\u00f3 m\u0171anyagb\u00f3l k\u00e9sz\u00fclt, a mindennapi haszn\u00e1latra.<\/p>","protected":false},"featured_media":14849,"comment_status":"open","ping_status":"open","template":"","meta":[],"product_brand":[321],"product_cat":[776],"product_tag":[252,259,260],"class_list":{"0":"post-14848","1":"product","2":"type-product","3":"status-publish","4":"has-post-thumbnail","6":"product_brand-fwf","7":"product_cat-taskak","8":"product_tag-fwf","9":"product_tag-hatizsak","10":"product_tag-taska","12":"first","13":"instock","14":"taxable","15":"shipping-taxable","16":"purchasable","17":"product-type-simple"},"yoast_head":"<!-- This site is optimized with the Yoast SEO plugin v27.2 - https:\/\/yoast.com\/product\/yoast-seo-wordpress\/ -->\n<title>FWF fegyvertart\u00f3, 2 p\u00e1rbajt\u0151r vagy 3 t\u0151r sz\u00e1m\u00e1ra | Allez Fencing<\/title>\n<meta name=\"robots\" content=\"index, follow, max-snippet:-1, max-image-preview:large, max-video-preview:-1\" \/>\n<link rel=\"canonical\" href=\"https:\/\/allezfencing.eu\/en\/webshop\/taskak\/fwf-fegyvertarto-2-parbajtor-vagy-3-tor-szamara\/\" \/>\n<meta property=\"og:locale\" content=\"en_GB\" \/>\n<meta property=\"og:type\" content=\"article\" \/>\n<meta property=\"og:title\" content=\"FWF fegyvertart\u00f3, 2 p\u00e1rbajt\u0151r vagy 3 t\u0151r sz\u00e1m\u00e1ra | Allez Fencing\" \/>\n<meta property=\"og:description\" content=\"FWF klasszikus fegyvertart\u00f3 t\u00e1ska, 2 p\u00e1rbajt\u0151r vagy 3 t\u0151r sz\u00e1m\u00e1ra. Nagyon strapab\u00edr\u00f3 m\u0171anyagb\u00f3l k\u00e9sz\u00fclt, a mindennapi haszn\u00e1latra.\" \/>\n<meta property=\"og:url\" content=\"https:\/\/allezfencing.eu\/en\/webshop\/taskak\/fwf-fegyvertarto-2-parbajtor-vagy-3-tor-szamara\/\" \/>\n<meta property=\"og:site_name\" content=\"Allez Fencing\" \/>\n<meta property=\"article:publisher\" content=\"https:\/\/www.facebook.com\/panamaetetohajo\" \/>\n<meta property=\"article:modified_time\" content=\"2026-03-09T13:06:17+00:00\" \/>\n<meta property=\"og:image\" content=\"https:\/\/allezfencing.eu\/wp-content\/uploads\/2025\/12\/FWF_Taska_Fegyvertarto_01.jpg\" \/>\n\t<meta property=\"og:image:width\" content=\"450\" \/>\n\t<meta property=\"og:image:height\" content=\"800\" \/>\n\t<meta property=\"og:image:type\" content=\"image\/jpeg\" \/>\n<meta name=\"twitter:card\" content=\"summary_large_image\" \/>\n<script type=\"application\/ld+json\" class=\"yoast-schema-graph\">{\"@context\":\"https:\/\/schema.org\",\"@graph\":[{\"@type\":\"WebPage\",\"@id\":\"https:\/\/allezfencing.eu\/webshop\/taskak\/fwf-fegyvertarto-2-parbajtor-vagy-3-tor-szamara\/\",\"url\":\"https:\/\/allezfencing.eu\/webshop\/taskak\/fwf-fegyvertarto-2-parbajtor-vagy-3-tor-szamara\/\",\"name\":\"FWF fegyvertart\u00f3, 2 p\u00e1rbajt\u0151r vagy 3 t\u0151r sz\u00e1m\u00e1ra | Allez Fencing\",\"isPartOf\":{\"@id\":\"https:\/\/allezfencing.eu\/#website\"},\"primaryImageOfPage\":{\"@id\":\"https:\/\/allezfencing.eu\/webshop\/taskak\/fwf-fegyvertarto-2-parbajtor-vagy-3-tor-szamara\/#primaryimage\"},\"image\":{\"@id\":\"https:\/\/allezfencing.eu\/webshop\/taskak\/fwf-fegyvertarto-2-parbajtor-vagy-3-tor-szamara\/#primaryimage\"},\"thumbnailUrl\":\"https:\/\/allezfencing.eu\/wp-content\/uploads\/2025\/12\/FWF_Taska_Fegyvertarto_01.jpg\",\"datePublished\":\"2025-12-08T17:17:35+00:00\",\"dateModified\":\"2026-03-09T13:06:17+00:00\",\"breadcrumb\":{\"@id\":\"https:\/\/allezfencing.eu\/webshop\/taskak\/fwf-fegyvertarto-2-parbajtor-vagy-3-tor-szamara\/#breadcrumb\"},\"inLanguage\":\"en-GB\",\"potentialAction\":[{\"@type\":\"ReadAction\",\"target\":[\"https:\/\/allezfencing.eu\/webshop\/taskak\/fwf-fegyvertarto-2-parbajtor-vagy-3-tor-szamara\/\"]}]},{\"@type\":\"ImageObject\",\"inLanguage\":\"en-GB\",\"@id\":\"https:\/\/allezfencing.eu\/webshop\/taskak\/fwf-fegyvertarto-2-parbajtor-vagy-3-tor-szamara\/#primaryimage\",\"url\":\"https:\/\/allezfencing.eu\/wp-content\/uploads\/2025\/12\/FWF_Taska_Fegyvertarto_01.jpg\",\"contentUrl\":\"https:\/\/allezfencing.eu\/wp-content\/uploads\/2025\/12\/FWF_Taska_Fegyvertarto_01.jpg\",\"width\":450,\"height\":800},{\"@type\":\"BreadcrumbList\",\"@id\":\"https:\/\/allezfencing.eu\/webshop\/taskak\/fwf-fegyvertarto-2-parbajtor-vagy-3-tor-szamara\/#breadcrumb\",\"itemListElement\":[{\"@type\":\"ListItem\",\"position\":1,\"name\":\"Kezd\u0151lap\",\"item\":\"https:\/\/allezfencing.eu\/\"},{\"@type\":\"ListItem\",\"position\":2,\"name\":\"Webshop\",\"item\":\"https:\/\/allezfencing.eu\/webshop\/\"},{\"@type\":\"ListItem\",\"position\":3,\"name\":\"T\u00c1SK\u00c1K\",\"item\":\"https:\/\/allezfencing.eu\/termekkategoria\/taskak\/\"},{\"@type\":\"ListItem\",\"position\":4,\"name\":\"FWF fegyvertart\u00f3, 2 p\u00e1rbajt\u0151r vagy 3 t\u0151r sz\u00e1m\u00e1ra\"}]},{\"@type\":\"WebSite\",\"@id\":\"https:\/\/allezfencing.eu\/#website\",\"url\":\"https:\/\/allezfencing.eu\/\",\"name\":\"Allez Fencing\",\"description\":\"Minden ami v\u00edv\u00e1s\",\"publisher\":{\"@id\":\"https:\/\/allezfencing.eu\/#organization\"},\"potentialAction\":[{\"@type\":\"SearchAction\",\"target\":{\"@type\":\"EntryPoint\",\"urlTemplate\":\"https:\/\/allezfencing.eu\/?s={search_term_string}\"},\"query-input\":{\"@type\":\"PropertyValueSpecification\",\"valueRequired\":true,\"valueName\":\"search_term_string\"}}],\"inLanguage\":\"en-GB\"},{\"@type\":\"Organization\",\"@id\":\"https:\/\/allezfencing.eu\/#organization\",\"name\":\"Panama Etet\u0151haj\u00f3k\",\"url\":\"https:\/\/allezfencing.eu\/\",\"logo\":{\"@type\":\"ImageObject\",\"inLanguage\":\"en-GB\",\"@id\":\"https:\/\/allezfencing.eu\/#\/schema\/logo\/image\/\",\"url\":\"https:\/\/allezfencing.eu\/wp-content\/uploads\/2025\/03\/etetohajo.eu-panama-site-icon.webp\",\"contentUrl\":\"https:\/\/allezfencing.eu\/wp-content\/uploads\/2025\/03\/etetohajo.eu-panama-site-icon.webp\",\"width\":512,\"height\":512,\"caption\":\"Panama Etet\u0151haj\u00f3k\"},\"image\":{\"@id\":\"https:\/\/allezfencing.eu\/#\/schema\/logo\/image\/\"},\"sameAs\":[\"https:\/\/www.facebook.com\/panamaetetohajo\"]}]}<\/script>\n<!-- \/ Yoast SEO plugin. -->","yoast_head_json":{"title":"FWF fegyvertart\u00f3, 2 p\u00e1rbajt\u0151r vagy 3 t\u0151r sz\u00e1m\u00e1ra | Allez Fencing","robots":{"index":"index","follow":"follow","max-snippet":"max-snippet:-1","max-image-preview":"max-image-preview:large","max-video-preview":"max-video-preview:-1"},"canonical":"https:\/\/allezfencing.eu\/en\/webshop\/taskak\/fwf-fegyvertarto-2-parbajtor-vagy-3-tor-szamara\/","og_locale":"en_GB","og_type":"article","og_title":"FWF fegyvertart\u00f3, 2 p\u00e1rbajt\u0151r vagy 3 t\u0151r sz\u00e1m\u00e1ra | Allez Fencing","og_description":"FWF klasszikus fegyvertart\u00f3 t\u00e1ska, 2 p\u00e1rbajt\u0151r vagy 3 t\u0151r sz\u00e1m\u00e1ra. Nagyon strapab\u00edr\u00f3 m\u0171anyagb\u00f3l k\u00e9sz\u00fclt, a mindennapi haszn\u00e1latra.","og_url":"https:\/\/allezfencing.eu\/en\/webshop\/taskak\/fwf-fegyvertarto-2-parbajtor-vagy-3-tor-szamara\/","og_site_name":"Allez Fencing","article_publisher":"https:\/\/www.facebook.com\/panamaetetohajo","article_modified_time":"2026-03-09T13:06:17+00:00","og_image":[{"width":450,"height":800,"url":"https:\/\/allezfencing.eu\/wp-content\/uploads\/2025\/12\/FWF_Taska_Fegyvertarto_01.jpg","type":"image\/jpeg"}],"twitter_card":"summary_large_image","schema":{"@context":"https:\/\/schema.org","@graph":[{"@type":"WebPage","@id":"https:\/\/allezfencing.eu\/webshop\/taskak\/fwf-fegyvertarto-2-parbajtor-vagy-3-tor-szamara\/","url":"https:\/\/allezfencing.eu\/webshop\/taskak\/fwf-fegyvertarto-2-parbajtor-vagy-3-tor-szamara\/","name":"FWF fegyvertart\u00f3, 2 p\u00e1rbajt\u0151r vagy 3 t\u0151r sz\u00e1m\u00e1ra | Allez Fencing","isPartOf":{"@id":"https:\/\/allezfencing.eu\/#website"},"primaryImageOfPage":{"@id":"https:\/\/allezfencing.eu\/webshop\/taskak\/fwf-fegyvertarto-2-parbajtor-vagy-3-tor-szamara\/#primaryimage"},"image":{"@id":"https:\/\/allezfencing.eu\/webshop\/taskak\/fwf-fegyvertarto-2-parbajtor-vagy-3-tor-szamara\/#primaryimage"},"thumbnailUrl":"https:\/\/allezfencing.eu\/wp-content\/uploads\/2025\/12\/FWF_Taska_Fegyvertarto_01.jpg","datePublished":"2025-12-08T17:17:35+00:00","dateModified":"2026-03-09T13:06:17+00:00","breadcrumb":{"@id":"https:\/\/allezfencing.eu\/webshop\/taskak\/fwf-fegyvertarto-2-parbajtor-vagy-3-tor-szamara\/#breadcrumb"},"inLanguage":"en-GB","potentialAction":[{"@type":"ReadAction","target":["https:\/\/allezfencing.eu\/webshop\/taskak\/fwf-fegyvertarto-2-parbajtor-vagy-3-tor-szamara\/"]}]},{"@type":"ImageObject","inLanguage":"en-GB","@id":"https:\/\/allezfencing.eu\/webshop\/taskak\/fwf-fegyvertarto-2-parbajtor-vagy-3-tor-szamara\/#primaryimage","url":"https:\/\/allezfencing.eu\/wp-content\/uploads\/2025\/12\/FWF_Taska_Fegyvertarto_01.jpg","contentUrl":"https:\/\/allezfencing.eu\/wp-content\/uploads\/2025\/12\/FWF_Taska_Fegyvertarto_01.jpg","width":450,"height":800},{"@type":"BreadcrumbList","@id":"https:\/\/allezfencing.eu\/webshop\/taskak\/fwf-fegyvertarto-2-parbajtor-vagy-3-tor-szamara\/#breadcrumb","itemListElement":[{"@type":"ListItem","position":1,"name":"Kezd\u0151lap","item":"https:\/\/allezfencing.eu\/"},{"@type":"ListItem","position":2,"name":"Webshop","item":"https:\/\/allezfencing.eu\/webshop\/"},{"@type":"ListItem","position":3,"name":"T\u00c1SK\u00c1K","item":"https:\/\/allezfencing.eu\/termekkategoria\/taskak\/"},{"@type":"ListItem","position":4,"name":"FWF fegyvertart\u00f3, 2 p\u00e1rbajt\u0151r vagy 3 t\u0151r sz\u00e1m\u00e1ra"}]},{"@type":"WebSite","@id":"https:\/\/allezfencing.eu\/#website","url":"https:\/\/allezfencing.eu\/","name":"Allez Fencing","description":"Minden ami v\u00edv\u00e1s","publisher":{"@id":"https:\/\/allezfencing.eu\/#organization"},"potentialAction":[{"@type":"SearchAction","target":{"@type":"EntryPoint","urlTemplate":"https:\/\/allezfencing.eu\/?s={search_term_string}"},"query-input":{"@type":"PropertyValueSpecification","valueRequired":true,"valueName":"search_term_string"}}],"inLanguage":"en-GB"},{"@type":"Organization","@id":"https:\/\/allezfencing.eu\/#organization","name":"Panama Feeding boats","url":"https:\/\/allezfencing.eu\/","logo":{"@type":"ImageObject","inLanguage":"en-GB","@id":"https:\/\/allezfencing.eu\/#\/schema\/logo\/image\/","url":"https:\/\/allezfencing.eu\/wp-content\/uploads\/2025\/03\/etetohajo.eu-panama-site-icon.webp","contentUrl":"https:\/\/allezfencing.eu\/wp-content\/uploads\/2025\/03\/etetohajo.eu-panama-site-icon.webp","width":512,"height":512,"caption":"Panama Etet\u0151haj\u00f3k"},"image":{"@id":"https:\/\/allezfencing.eu\/#\/schema\/logo\/image\/"},"sameAs":["https:\/\/www.facebook.com\/panamaetetohajo"]}]}},"_links":{"self":[{"href":"https:\/\/allezfencing.eu\/en\/wp-json\/wp\/v2\/product\/14848","targetHints":{"allow":["GET"]}}],"collection":[{"href":"https:\/\/allezfencing.eu\/en\/wp-json\/wp\/v2\/product"}],"about":[{"href":"https:\/\/allezfencing.eu\/en\/wp-json\/wp\/v2\/types\/product"}],"replies":[{"embeddable":true,"href":"https:\/\/allezfencing.eu\/en\/wp-json\/wp\/v2\/comments?post=14848"}],"version-history":[{"count":1,"href":"https:\/\/allezfencing.eu\/en\/wp-json\/wp\/v2\/product\/14848\/revisions"}],"predecessor-version":[{"id":16503,"href":"https:\/\/allezfencing.eu\/en\/wp-json\/wp\/v2\/product\/14848\/revisions\/16503"}],"wp:featuredmedia":[{"embeddable":true,"href":"https:\/\/allezfencing.eu\/en\/wp-json\/wp\/v2\/media\/14849"}],"wp:attachment":[{"href":"https:\/\/allezfencing.eu\/en\/wp-json\/wp\/v2\/media?parent=14848"}],"wp:term":[{"taxonomy":"product_brand","embeddable":true,"href":"https:\/\/allezfencing.eu\/en\/wp-json\/wp\/v2\/product_brand?post=14848"},{"taxonomy":"product_cat","embeddable":true,"href":"https:\/\/allezfencing.eu\/en\/wp-json\/wp\/v2\/product_cat?post=14848"},{"taxonomy":"product_tag","embeddable":true,"href":"https:\/\/allezfencing.eu\/en\/wp-json\/wp\/v2\/product_tag?post=14848"}],"curies":[{"name":"wp","href":"https:\/\/api.w.org\/{rel}","templated":true}]}}