{"id":14866,"date":"2025-12-08T18:17:35","date_gmt":"2025-12-08T17:17:35","guid":{"rendered":"https:\/\/infiniteq.org\/webshop\/nem-kategorizalt\/fwf-fejved-nemzeti-szinu-festes\/"},"modified":"2026-04-03T16:17:10","modified_gmt":"2026-04-03T14:17:10","slug":"fwf-fejved-nemzeti-szinu-festes","status":"publish","type":"product","link":"https:\/\/allezfencing.eu\/en\/webshop\/fejvedek\/parbajtor-fejvedek\/fwf-fejved-nemzeti-szinu-festes\/","title":{"rendered":"FWF fejv\u00e9d nemzeti sz\u00edn\u0171 fest\u00e9s"},"content":{"rendered":"<h1 data-section-id=\"sgvxfc\" data-start=\"5911\" data-end=\"5980\">FWF fejv\u00e9d nemzeti sz\u00edn\u0171 fest\u00e9s \u2013 Egyedi megjelen\u00e9s a p\u00e1ston<\/h1>\n<h3 data-section-id=\"o65fri\" data-start=\"5982\" data-end=\"5998\">Term\u00e9kle\u00edr\u00e1s<\/h3>\n<p data-start=\"6000\" data-end=\"6189\">Az <strong data-start=\"6003\" data-end=\"6038\">FWF fejv\u00e9d nemzeti sz\u00edn\u0171 fest\u00e9s<\/strong> egy kieg\u00e9sz\u00edt\u0151 szolg\u00e1ltat\u00e1s, amely lehet\u0151v\u00e9 teszi, hogy a fejv\u00e9ded egyedi, nemzeti sz\u00edn\u0171 megjelen\u00e9st kapjon. Ez k\u00fcl\u00f6n\u00f6sen n\u00e9pszer\u0171 versenyz\u0151k k\u00f6r\u00e9ben. (Csak fejv\u00e9d rendel\u00e9ssel egy\u00fctt rendelhet\u0151!)<\/p>\n<p data-start=\"6191\" data-end=\"6318\">Az FWF m\u00e1rka a <strong data-start=\"6206\" data-end=\"6256\">min\u0151s\u00e9gi kivitelez\u00e9sr\u0151l \u00e9s prec\u00edz r\u00e9szletekr\u0151l<\/strong> ismert, \u00edgy a fest\u00e9s tart\u00f3s \u00e9s eszt\u00e9tikus eredm\u00e9nyt biztos\u00edt.<\/p>\n<hr data-start=\"6320\" data-end=\"6323\" \/>\n<h3 data-section-id=\"q6aml2\" data-start=\"6325\" data-end=\"6343\">Main features<\/h3>\n<p data-start=\"6345\" data-end=\"6464\">\u2714 Egyedi fest\u00e9s \u2013 nemzeti sz\u00ednek<br data-start=\"6377\" data-end=\"6380\" \/>\u2714 Pr\u00e9mium kivitelez\u00e9s<br data-start=\"6401\" data-end=\"6404\" \/>\u2714 Tart\u00f3s fel\u00fclet<br data-start=\"6420\" data-end=\"6423\" \/>\u2714 Eszt\u00e9tikus megjelen\u00e9s<br data-start=\"6446\" data-end=\"6449\" \/>\u2714 FWF min\u0151s\u00e9g<\/p>\n<hr data-start=\"6466\" data-end=\"6469\" \/>\n<h3 data-section-id=\"1pci9j9\" data-start=\"6471\" data-end=\"6489\">Mi\u00e9rt v\u00e1laszd?<\/h3>\n<p data-start=\"6491\" data-end=\"6618\">\ud83e\udd47 Egyedi megjelen\u00e9s<br data-start=\"6511\" data-end=\"6514\" \/>\ud83d\udee1 Professzion\u00e1lis kivitelez\u00e9s<br data-start=\"6544\" data-end=\"6547\" \/>\ud83e\uddfc Tart\u00f3s fest\u00e9s<br data-start=\"6563\" data-end=\"6566\" \/>\u2694 Versenyeken is l\u00e1tv\u00e1nyos<br data-start=\"6592\" data-end=\"6595\" \/>\ud83d\udcaa Kiemel a mez\u0151nyb\u0151l<\/p>\n<hr data-start=\"6620\" data-end=\"6623\" \/>\n<h3 data-section-id=\"f18qb7\" data-start=\"6625\" data-end=\"6650\">Felhaszn\u00e1l\u00e1si ter\u00fclet<\/h3>\n<ul data-start=\"6652\" data-end=\"6720\">\n<li data-section-id=\"9f1208\" data-start=\"6652\" data-end=\"6669\">versenyz\u0151knek<\/li>\n<li data-section-id=\"1ecdpox\" data-start=\"6670\" data-end=\"6694\">egyedi megjelen\u00e9shez<\/li>\n<li data-section-id=\"e2l7fg\" data-start=\"6695\" data-end=\"6720\">klub \u00e9s nemzeti szint<\/li>\n<\/ul>\n<hr data-start=\"6722\" data-end=\"6725\" \/>\n<h3 data-section-id=\"hks1aq\" data-start=\"6727\" data-end=\"6741\">\u00c9letst\u00edlus<\/h3>\n<p data-start=\"6743\" data-end=\"6832\">Ez a kieg\u00e9sz\u00edt\u0151 seg\u00edt abban, hogy ne csak teljes\u00edtm\u00e9nyben, hanem megjelen\u00e9sben is kit\u0171nj.<\/p>\n<hr data-start=\"6834\" data-end=\"6837\" \/>\n<h3 data-section-id=\"g7g6pn\" data-start=\"6839\" data-end=\"6866\">Gyakori k\u00e9rd\u00e9sek (GYIK)<\/h3>\n<p data-start=\"6868\" data-end=\"6943\"><strong data-start=\"6868\" data-end=\"6896\">Minden fejv\u00e9dre k\u00e9rhet\u0151?<\/strong><br data-start=\"6896\" data-end=\"6899\" \/>\u00c1ltal\u00e1ban igen, kompatibilit\u00e1s f\u00fcggv\u00e9ny\u00e9ben.<\/p>\n<p data-start=\"6945\" data-end=\"7002\"><strong data-start=\"6945\" data-end=\"6965\">Tart\u00f3s a fest\u00e9s?<\/strong><br data-start=\"6965\" data-end=\"6968\" \/>Igen, megfelel\u0151 haszn\u00e1lat mellett.<\/p>\n<p data-start=\"7004\" data-end=\"7068\"><strong data-start=\"7004\" data-end=\"7032\">Versenyen enged\u00e9lyezett?<\/strong><br data-start=\"7032\" data-end=\"7035\" \/>Igen, ha megfelel a szab\u00e1lyoknak.<\/p>","protected":false},"excerpt":{"rendered":"<p>FWF T\u0151r Fejv\u00e9d \u2013 Nemzeti sz\u00edn\u0171 fest\u00e9s, egyedi megjelen\u00e9s<\/p>","protected":false},"featured_media":14867,"comment_status":"open","ping_status":"closed","template":"","meta":[],"product_brand":[321],"product_cat":[770,742,743],"product_tag":[],"class_list":{"0":"post-14866","1":"product","2":"type-product","3":"status-publish","4":"has-post-thumbnail","6":"product_brand-fwf","7":"product_cat-fejved-kiegeszitok","8":"product_cat-parbajtor-fejvedek","9":"product_cat-tor-fejvedek","11":"first","12":"instock","13":"taxable","14":"shipping-taxable","15":"purchasable","16":"product-type-simple"},"yoast_head":"<!-- This site is optimized with the Yoast SEO plugin v27.2 - https:\/\/yoast.com\/product\/yoast-seo-wordpress\/ -->\n<title>FWF fejv\u00e9d nemzeti sz\u00edn\u0171 fest\u00e9s | Allez Fencing<\/title>\n<meta name=\"description\" content=\"FWF fejv\u00e9d egyedi fest\u00e9s nemzeti sz\u00ednekben. L\u00e1tv\u00e1nyos \u00e9s tart\u00f3s megjelen\u00e9s versenyz\u0151knek.\" \/>\n<meta name=\"robots\" content=\"index, follow, max-snippet:-1, max-image-preview:large, max-video-preview:-1\" \/>\n<link rel=\"canonical\" href=\"https:\/\/allezfencing.eu\/en\/webshop\/fejvedek\/parbajtor-fejvedek\/fwf-fejved-nemzeti-szinu-festes\/\" \/>\n<meta property=\"og:locale\" content=\"en_GB\" \/>\n<meta property=\"og:type\" content=\"article\" \/>\n<meta property=\"og:title\" content=\"FWF fejv\u00e9d nemzeti sz\u00edn\u0171 fest\u00e9s | Allez Fencing\" \/>\n<meta property=\"og:description\" content=\"FWF fejv\u00e9d egyedi fest\u00e9s nemzeti sz\u00ednekben. L\u00e1tv\u00e1nyos \u00e9s tart\u00f3s megjelen\u00e9s versenyz\u0151knek.\" \/>\n<meta property=\"og:url\" content=\"https:\/\/allezfencing.eu\/en\/webshop\/fejvedek\/parbajtor-fejvedek\/fwf-fejved-nemzeti-szinu-festes\/\" \/>\n<meta property=\"og:site_name\" content=\"Allez Fencing\" \/>\n<meta property=\"article:publisher\" content=\"https:\/\/www.facebook.com\/panamaetetohajo\" \/>\n<meta property=\"article:modified_time\" content=\"2026-04-03T14:17:10+00:00\" \/>\n<meta property=\"og:image\" content=\"https:\/\/allezfencing.eu\/wp-content\/uploads\/2025\/12\/014-840x1024.png\" \/>\n\t<meta property=\"og:image:width\" content=\"840\" \/>\n\t<meta property=\"og:image:height\" content=\"1024\" \/>\n\t<meta property=\"og:image:type\" content=\"image\/png\" \/>\n<meta name=\"twitter:card\" content=\"summary_large_image\" \/>\n<meta name=\"twitter:label1\" content=\"Estimated reading time\" \/>\n\t<meta name=\"twitter:data1\" content=\"1 minute\" \/>\n<script type=\"application\/ld+json\" class=\"yoast-schema-graph\">{\"@context\":\"https:\/\/schema.org\",\"@graph\":[{\"@type\":\"WebPage\",\"@id\":\"https:\/\/allezfencing.eu\/webshop\/fejvedek\/parbajtor-fejvedek\/fwf-fejved-nemzeti-szinu-festes\/\",\"url\":\"https:\/\/allezfencing.eu\/webshop\/fejvedek\/parbajtor-fejvedek\/fwf-fejved-nemzeti-szinu-festes\/\",\"name\":\"FWF fejv\u00e9d nemzeti sz\u00edn\u0171 fest\u00e9s | Allez Fencing\",\"isPartOf\":{\"@id\":\"https:\/\/allezfencing.eu\/#website\"},\"primaryImageOfPage\":{\"@id\":\"https:\/\/allezfencing.eu\/webshop\/fejvedek\/parbajtor-fejvedek\/fwf-fejved-nemzeti-szinu-festes\/#primaryimage\"},\"image\":{\"@id\":\"https:\/\/allezfencing.eu\/webshop\/fejvedek\/parbajtor-fejvedek\/fwf-fejved-nemzeti-szinu-festes\/#primaryimage\"},\"thumbnailUrl\":\"https:\/\/allezfencing.eu\/wp-content\/uploads\/2025\/12\/014.png\",\"datePublished\":\"2025-12-08T17:17:35+00:00\",\"dateModified\":\"2026-04-03T14:17:10+00:00\",\"description\":\"FWF fejv\u00e9d egyedi fest\u00e9s nemzeti sz\u00ednekben. L\u00e1tv\u00e1nyos \u00e9s tart\u00f3s megjelen\u00e9s versenyz\u0151knek.\",\"breadcrumb\":{\"@id\":\"https:\/\/allezfencing.eu\/webshop\/fejvedek\/parbajtor-fejvedek\/fwf-fejved-nemzeti-szinu-festes\/#breadcrumb\"},\"inLanguage\":\"en-GB\",\"potentialAction\":[{\"@type\":\"ReadAction\",\"target\":[\"https:\/\/allezfencing.eu\/webshop\/fejvedek\/parbajtor-fejvedek\/fwf-fejved-nemzeti-szinu-festes\/\"]}]},{\"@type\":\"ImageObject\",\"inLanguage\":\"en-GB\",\"@id\":\"https:\/\/allezfencing.eu\/webshop\/fejvedek\/parbajtor-fejvedek\/fwf-fejved-nemzeti-szinu-festes\/#primaryimage\",\"url\":\"https:\/\/allezfencing.eu\/wp-content\/uploads\/2025\/12\/014.png\",\"contentUrl\":\"https:\/\/allezfencing.eu\/wp-content\/uploads\/2025\/12\/014.png\",\"width\":984,\"height\":1200},{\"@type\":\"BreadcrumbList\",\"@id\":\"https:\/\/allezfencing.eu\/webshop\/fejvedek\/parbajtor-fejvedek\/fwf-fejved-nemzeti-szinu-festes\/#breadcrumb\",\"itemListElement\":[{\"@type\":\"ListItem\",\"position\":1,\"name\":\"Kezd\u0151lap\",\"item\":\"https:\/\/allezfencing.eu\/\"},{\"@type\":\"ListItem\",\"position\":2,\"name\":\"Webshop\",\"item\":\"https:\/\/allezfencing.eu\/webshop\/\"},{\"@type\":\"ListItem\",\"position\":3,\"name\":\"FEJV\u00c9DEK\",\"item\":\"https:\/\/allezfencing.eu\/termekkategoria\/fejvedek\/\"},{\"@type\":\"ListItem\",\"position\":4,\"name\":\"FEJV\u00c9D KIEG\u00c9SZ\u00cdT\u0150K\",\"item\":\"https:\/\/allezfencing.eu\/termekkategoria\/fejvedek\/fejved-kiegeszitok\/\"},{\"@type\":\"ListItem\",\"position\":5,\"name\":\"FWF fejv\u00e9d nemzeti sz\u00edn\u0171 fest\u00e9s\"}]},{\"@type\":\"WebSite\",\"@id\":\"https:\/\/allezfencing.eu\/#website\",\"url\":\"https:\/\/allezfencing.eu\/\",\"name\":\"Allez Fencing\",\"description\":\"Minden ami v\u00edv\u00e1s\",\"publisher\":{\"@id\":\"https:\/\/allezfencing.eu\/#organization\"},\"potentialAction\":[{\"@type\":\"SearchAction\",\"target\":{\"@type\":\"EntryPoint\",\"urlTemplate\":\"https:\/\/allezfencing.eu\/?s={search_term_string}\"},\"query-input\":{\"@type\":\"PropertyValueSpecification\",\"valueRequired\":true,\"valueName\":\"search_term_string\"}}],\"inLanguage\":\"en-GB\"},{\"@type\":\"Organization\",\"@id\":\"https:\/\/allezfencing.eu\/#organization\",\"name\":\"Panama Etet\u0151haj\u00f3k\",\"url\":\"https:\/\/allezfencing.eu\/\",\"logo\":{\"@type\":\"ImageObject\",\"inLanguage\":\"en-GB\",\"@id\":\"https:\/\/allezfencing.eu\/#\/schema\/logo\/image\/\",\"url\":\"https:\/\/allezfencing.eu\/wp-content\/uploads\/2025\/03\/etetohajo.eu-panama-site-icon.webp\",\"contentUrl\":\"https:\/\/allezfencing.eu\/wp-content\/uploads\/2025\/03\/etetohajo.eu-panama-site-icon.webp\",\"width\":512,\"height\":512,\"caption\":\"Panama Etet\u0151haj\u00f3k\"},\"image\":{\"@id\":\"https:\/\/allezfencing.eu\/#\/schema\/logo\/image\/\"},\"sameAs\":[\"https:\/\/www.facebook.com\/panamaetetohajo\"]}]}<\/script>\n<!-- \/ Yoast SEO plugin. -->","yoast_head_json":{"title":"FWF fejv\u00e9d nemzeti sz\u00edn\u0171 fest\u00e9s | Allez Fencing","description":"FWF fejv\u00e9d egyedi fest\u00e9s nemzeti sz\u00ednekben. L\u00e1tv\u00e1nyos \u00e9s tart\u00f3s megjelen\u00e9s versenyz\u0151knek.","robots":{"index":"index","follow":"follow","max-snippet":"max-snippet:-1","max-image-preview":"max-image-preview:large","max-video-preview":"max-video-preview:-1"},"canonical":"https:\/\/allezfencing.eu\/en\/webshop\/fejvedek\/parbajtor-fejvedek\/fwf-fejved-nemzeti-szinu-festes\/","og_locale":"en_GB","og_type":"article","og_title":"FWF fejv\u00e9d nemzeti sz\u00edn\u0171 fest\u00e9s | Allez Fencing","og_description":"FWF fejv\u00e9d egyedi fest\u00e9s nemzeti sz\u00ednekben. L\u00e1tv\u00e1nyos \u00e9s tart\u00f3s megjelen\u00e9s versenyz\u0151knek.","og_url":"https:\/\/allezfencing.eu\/en\/webshop\/fejvedek\/parbajtor-fejvedek\/fwf-fejved-nemzeti-szinu-festes\/","og_site_name":"Allez Fencing","article_publisher":"https:\/\/www.facebook.com\/panamaetetohajo","article_modified_time":"2026-04-03T14:17:10+00:00","og_image":[{"width":840,"height":1024,"url":"https:\/\/allezfencing.eu\/wp-content\/uploads\/2025\/12\/014-840x1024.png","type":"image\/png"}],"twitter_card":"summary_large_image","twitter_misc":{"Estimated reading time":"1 minute"},"schema":{"@context":"https:\/\/schema.org","@graph":[{"@type":"WebPage","@id":"https:\/\/allezfencing.eu\/webshop\/fejvedek\/parbajtor-fejvedek\/fwf-fejved-nemzeti-szinu-festes\/","url":"https:\/\/allezfencing.eu\/webshop\/fejvedek\/parbajtor-fejvedek\/fwf-fejved-nemzeti-szinu-festes\/","name":"FWF fejv\u00e9d nemzeti sz\u00edn\u0171 fest\u00e9s | Allez Fencing","isPartOf":{"@id":"https:\/\/allezfencing.eu\/#website"},"primaryImageOfPage":{"@id":"https:\/\/allezfencing.eu\/webshop\/fejvedek\/parbajtor-fejvedek\/fwf-fejved-nemzeti-szinu-festes\/#primaryimage"},"image":{"@id":"https:\/\/allezfencing.eu\/webshop\/fejvedek\/parbajtor-fejvedek\/fwf-fejved-nemzeti-szinu-festes\/#primaryimage"},"thumbnailUrl":"https:\/\/allezfencing.eu\/wp-content\/uploads\/2025\/12\/014.png","datePublished":"2025-12-08T17:17:35+00:00","dateModified":"2026-04-03T14:17:10+00:00","description":"FWF fejv\u00e9d egyedi fest\u00e9s nemzeti sz\u00ednekben. L\u00e1tv\u00e1nyos \u00e9s tart\u00f3s megjelen\u00e9s versenyz\u0151knek.","breadcrumb":{"@id":"https:\/\/allezfencing.eu\/webshop\/fejvedek\/parbajtor-fejvedek\/fwf-fejved-nemzeti-szinu-festes\/#breadcrumb"},"inLanguage":"en-GB","potentialAction":[{"@type":"ReadAction","target":["https:\/\/allezfencing.eu\/webshop\/fejvedek\/parbajtor-fejvedek\/fwf-fejved-nemzeti-szinu-festes\/"]}]},{"@type":"ImageObject","inLanguage":"en-GB","@id":"https:\/\/allezfencing.eu\/webshop\/fejvedek\/parbajtor-fejvedek\/fwf-fejved-nemzeti-szinu-festes\/#primaryimage","url":"https:\/\/allezfencing.eu\/wp-content\/uploads\/2025\/12\/014.png","contentUrl":"https:\/\/allezfencing.eu\/wp-content\/uploads\/2025\/12\/014.png","width":984,"height":1200},{"@type":"BreadcrumbList","@id":"https:\/\/allezfencing.eu\/webshop\/fejvedek\/parbajtor-fejvedek\/fwf-fejved-nemzeti-szinu-festes\/#breadcrumb","itemListElement":[{"@type":"ListItem","position":1,"name":"Kezd\u0151lap","item":"https:\/\/allezfencing.eu\/"},{"@type":"ListItem","position":2,"name":"Webshop","item":"https:\/\/allezfencing.eu\/webshop\/"},{"@type":"ListItem","position":3,"name":"FEJV\u00c9DEK","item":"https:\/\/allezfencing.eu\/termekkategoria\/fejvedek\/"},{"@type":"ListItem","position":4,"name":"FEJV\u00c9D KIEG\u00c9SZ\u00cdT\u0150K","item":"https:\/\/allezfencing.eu\/termekkategoria\/fejvedek\/fejved-kiegeszitok\/"},{"@type":"ListItem","position":5,"name":"FWF fejv\u00e9d nemzeti sz\u00edn\u0171 fest\u00e9s"}]},{"@type":"WebSite","@id":"https:\/\/allezfencing.eu\/#website","url":"https:\/\/allezfencing.eu\/","name":"Allez Fencing","description":"Minden ami v\u00edv\u00e1s","publisher":{"@id":"https:\/\/allezfencing.eu\/#organization"},"potentialAction":[{"@type":"SearchAction","target":{"@type":"EntryPoint","urlTemplate":"https:\/\/allezfencing.eu\/?s={search_term_string}"},"query-input":{"@type":"PropertyValueSpecification","valueRequired":true,"valueName":"search_term_string"}}],"inLanguage":"en-GB"},{"@type":"Organization","@id":"https:\/\/allezfencing.eu\/#organization","name":"Panama Feeding boats","url":"https:\/\/allezfencing.eu\/","logo":{"@type":"ImageObject","inLanguage":"en-GB","@id":"https:\/\/allezfencing.eu\/#\/schema\/logo\/image\/","url":"https:\/\/allezfencing.eu\/wp-content\/uploads\/2025\/03\/etetohajo.eu-panama-site-icon.webp","contentUrl":"https:\/\/allezfencing.eu\/wp-content\/uploads\/2025\/03\/etetohajo.eu-panama-site-icon.webp","width":512,"height":512,"caption":"Panama Etet\u0151haj\u00f3k"},"image":{"@id":"https:\/\/allezfencing.eu\/#\/schema\/logo\/image\/"},"sameAs":["https:\/\/www.facebook.com\/panamaetetohajo"]}]}},"_links":{"self":[{"href":"https:\/\/allezfencing.eu\/en\/wp-json\/wp\/v2\/product\/14866","targetHints":{"allow":["GET"]}}],"collection":[{"href":"https:\/\/allezfencing.eu\/en\/wp-json\/wp\/v2\/product"}],"about":[{"href":"https:\/\/allezfencing.eu\/en\/wp-json\/wp\/v2\/types\/product"}],"replies":[{"embeddable":true,"href":"https:\/\/allezfencing.eu\/en\/wp-json\/wp\/v2\/comments?post=14866"}],"version-history":[{"count":0,"href":"https:\/\/allezfencing.eu\/en\/wp-json\/wp\/v2\/product\/14866\/revisions"}],"wp:featuredmedia":[{"embeddable":true,"href":"https:\/\/allezfencing.eu\/en\/wp-json\/wp\/v2\/media\/14867"}],"wp:attachment":[{"href":"https:\/\/allezfencing.eu\/en\/wp-json\/wp\/v2\/media?parent=14866"}],"wp:term":[{"taxonomy":"product_brand","embeddable":true,"href":"https:\/\/allezfencing.eu\/en\/wp-json\/wp\/v2\/product_brand?post=14866"},{"taxonomy":"product_cat","embeddable":true,"href":"https:\/\/allezfencing.eu\/en\/wp-json\/wp\/v2\/product_cat?post=14866"},{"taxonomy":"product_tag","embeddable":true,"href":"https:\/\/allezfencing.eu\/en\/wp-json\/wp\/v2\/product_tag?post=14866"}],"curies":[{"name":"wp","href":"https:\/\/api.w.org\/{rel}","templated":true}]}}