{"id":14872,"date":"2025-12-08T18:17:35","date_gmt":"2025-12-08T17:17:35","guid":{"rendered":"https:\/\/infiniteq.org\/webshop\/nem-kategorizalt\/fwf-fie-1600-n-fejved-kiveheto-beles-csere-tartalek\/"},"modified":"2026-03-07T16:12:53","modified_gmt":"2026-03-07T15:12:53","slug":"fwf-fie-1600-n-fejved-kiveheto-beles-csere-tartalek","status":"publish","type":"product","link":"https:\/\/allezfencing.eu\/en\/webshop\/fejvedek\/fejved-kiegeszitok\/fwf-fie-1600-n-fejved-kiveheto-beles-csere-tartalek\/","title":{"rendered":"FWF FIE 1600 N Fejv\u00e9d &#8211; kivehet\u0151 b\u00e9l\u00e9s csere (tartal\u00e9k)"},"content":{"rendered":"<p><span style=\"color:#0000CD;\"><span style=\"font-size:14px;\"><span style=\"font-family:trebuchet ms,helvetica,sans-serif;\"><var><samp><em>K\u00f6nnyen cser\u00e9lheted ki a fejv\u00e9d belsej\u00e9t, ezzel teljesen fel\u00faj\u00edtva a maszkodat.<\/em><\/samp><\/var><\/span><\/span><\/span><\/p>","protected":false},"excerpt":{"rendered":"<p font-size:=\"\" style=\"color: rgb(51, 51, 51); font-family: sans-serif, Arial, Verdana, \" trebuchet=\"\"><span style=\"color:#A52A2A;\"><span style=\"font-size:14px;\"><span style=\"font-family:trebuchet ms,helvetica,sans-serif;\"><em><var><strong><!--StartFragment--><span style=\"color:#A52A2A;\"><span style=\"font-size:14px;\"><span style=\"font-family:trebuchet ms,helvetica,sans-serif;\">FWF FIE 1600N p\u00e1rbajt\u0151r fejv\u00e9d bels\u0151 r\u00e9sz csere<\/span><\/span><\/span><!--EndFragment--><\/strong><\/var><\/em><\/span><\/span><\/span>\n<\/p>\n<ul font-size:=\"\" style=\"padding: 0px 40px; color: rgb(51, 51, 51); font-family: sans-serif, Arial, Verdana, \" trebuchet=\"\">\n<\/ul>","protected":false},"featured_media":14873,"comment_status":"open","ping_status":"open","template":"","meta":[],"product_brand":[321],"product_cat":[770],"product_tag":[],"class_list":{"0":"post-14872","1":"product","2":"type-product","3":"status-publish","4":"has-post-thumbnail","6":"product_brand-fwf","7":"product_cat-fejved-kiegeszitok","9":"first","10":"instock","11":"taxable","12":"shipping-taxable","13":"purchasable","14":"product-type-simple"},"yoast_head":"<!-- This site is optimized with the Yoast SEO plugin v27.2 - https:\/\/yoast.com\/product\/yoast-seo-wordpress\/ -->\n<title>FWF FIE 1600 N Fejv\u00e9d - kivehet\u0151 b\u00e9l\u00e9s csere (tartal\u00e9k) | Allez Fencing<\/title>\n<meta name=\"robots\" content=\"index, follow, max-snippet:-1, max-image-preview:large, max-video-preview:-1\" \/>\n<link rel=\"canonical\" href=\"https:\/\/allezfencing.eu\/en\/webshop\/fejvedek\/fejved-kiegeszitok\/fwf-fie-1600-n-fejved-kiveheto-beles-csere-tartalek\/\" \/>\n<meta property=\"og:locale\" content=\"en_GB\" \/>\n<meta property=\"og:type\" content=\"article\" \/>\n<meta property=\"og:title\" content=\"FWF FIE 1600 N Fejv\u00e9d - kivehet\u0151 b\u00e9l\u00e9s csere (tartal\u00e9k) | Allez Fencing\" \/>\n<meta property=\"og:description\" content=\"FWF FIE 1600N p\u00e1rbajt\u0151r fejv\u00e9d bels\u0151 r\u00e9sz csere\" \/>\n<meta property=\"og:url\" content=\"https:\/\/allezfencing.eu\/en\/webshop\/fejvedek\/fejved-kiegeszitok\/fwf-fie-1600-n-fejved-kiveheto-beles-csere-tartalek\/\" \/>\n<meta property=\"og:site_name\" content=\"Allez Fencing\" \/>\n<meta property=\"article:publisher\" content=\"https:\/\/www.facebook.com\/panamaetetohajo\" \/>\n<meta property=\"article:modified_time\" content=\"2026-03-07T15:12:53+00:00\" \/>\n<meta property=\"og:image\" content=\"https:\/\/allezfencing.eu\/wp-content\/uploads\/2025\/12\/FWF_Fejved_1600_Belso_01.jpg\" \/>\n\t<meta property=\"og:image:width\" content=\"350\" \/>\n\t<meta property=\"og:image:height\" content=\"350\" \/>\n\t<meta property=\"og:image:type\" content=\"image\/jpeg\" \/>\n<meta name=\"twitter:card\" content=\"summary_large_image\" \/>\n<script type=\"application\/ld+json\" class=\"yoast-schema-graph\">{\"@context\":\"https:\/\/schema.org\",\"@graph\":[{\"@type\":\"WebPage\",\"@id\":\"https:\/\/allezfencing.eu\/webshop\/fejvedek\/fejved-kiegeszitok\/fwf-fie-1600-n-fejved-kiveheto-beles-csere-tartalek\/\",\"url\":\"https:\/\/allezfencing.eu\/webshop\/fejvedek\/fejved-kiegeszitok\/fwf-fie-1600-n-fejved-kiveheto-beles-csere-tartalek\/\",\"name\":\"FWF FIE 1600 N Fejv\u00e9d - kivehet\u0151 b\u00e9l\u00e9s csere (tartal\u00e9k) | Allez Fencing\",\"isPartOf\":{\"@id\":\"https:\/\/allezfencing.eu\/#website\"},\"primaryImageOfPage\":{\"@id\":\"https:\/\/allezfencing.eu\/webshop\/fejvedek\/fejved-kiegeszitok\/fwf-fie-1600-n-fejved-kiveheto-beles-csere-tartalek\/#primaryimage\"},\"image\":{\"@id\":\"https:\/\/allezfencing.eu\/webshop\/fejvedek\/fejved-kiegeszitok\/fwf-fie-1600-n-fejved-kiveheto-beles-csere-tartalek\/#primaryimage\"},\"thumbnailUrl\":\"https:\/\/allezfencing.eu\/wp-content\/uploads\/2025\/12\/FWF_Fejved_1600_Belso_01.jpg\",\"datePublished\":\"2025-12-08T17:17:35+00:00\",\"dateModified\":\"2026-03-07T15:12:53+00:00\",\"breadcrumb\":{\"@id\":\"https:\/\/allezfencing.eu\/webshop\/fejvedek\/fejved-kiegeszitok\/fwf-fie-1600-n-fejved-kiveheto-beles-csere-tartalek\/#breadcrumb\"},\"inLanguage\":\"en-GB\",\"potentialAction\":[{\"@type\":\"ReadAction\",\"target\":[\"https:\/\/allezfencing.eu\/webshop\/fejvedek\/fejved-kiegeszitok\/fwf-fie-1600-n-fejved-kiveheto-beles-csere-tartalek\/\"]}]},{\"@type\":\"ImageObject\",\"inLanguage\":\"en-GB\",\"@id\":\"https:\/\/allezfencing.eu\/webshop\/fejvedek\/fejved-kiegeszitok\/fwf-fie-1600-n-fejved-kiveheto-beles-csere-tartalek\/#primaryimage\",\"url\":\"https:\/\/allezfencing.eu\/wp-content\/uploads\/2025\/12\/FWF_Fejved_1600_Belso_01.jpg\",\"contentUrl\":\"https:\/\/allezfencing.eu\/wp-content\/uploads\/2025\/12\/FWF_Fejved_1600_Belso_01.jpg\",\"width\":350,\"height\":350},{\"@type\":\"BreadcrumbList\",\"@id\":\"https:\/\/allezfencing.eu\/webshop\/fejvedek\/fejved-kiegeszitok\/fwf-fie-1600-n-fejved-kiveheto-beles-csere-tartalek\/#breadcrumb\",\"itemListElement\":[{\"@type\":\"ListItem\",\"position\":1,\"name\":\"Kezd\u0151lap\",\"item\":\"https:\/\/allezfencing.eu\/\"},{\"@type\":\"ListItem\",\"position\":2,\"name\":\"Webshop\",\"item\":\"https:\/\/allezfencing.eu\/webshop\/\"},{\"@type\":\"ListItem\",\"position\":3,\"name\":\"FEJV\u00c9DEK\",\"item\":\"https:\/\/allezfencing.eu\/termekkategoria\/fejvedek\/\"},{\"@type\":\"ListItem\",\"position\":4,\"name\":\"FEJV\u00c9D KIEG\u00c9SZ\u00cdT\u0150K\",\"item\":\"https:\/\/allezfencing.eu\/termekkategoria\/fejvedek\/fejved-kiegeszitok\/\"},{\"@type\":\"ListItem\",\"position\":5,\"name\":\"FWF FIE 1600 N Fejv\u00e9d &#8211; kivehet\u0151 b\u00e9l\u00e9s csere (tartal\u00e9k)\"}]},{\"@type\":\"WebSite\",\"@id\":\"https:\/\/allezfencing.eu\/#website\",\"url\":\"https:\/\/allezfencing.eu\/\",\"name\":\"Allez Fencing\",\"description\":\"Minden ami v\u00edv\u00e1s\",\"publisher\":{\"@id\":\"https:\/\/allezfencing.eu\/#organization\"},\"potentialAction\":[{\"@type\":\"SearchAction\",\"target\":{\"@type\":\"EntryPoint\",\"urlTemplate\":\"https:\/\/allezfencing.eu\/?s={search_term_string}\"},\"query-input\":{\"@type\":\"PropertyValueSpecification\",\"valueRequired\":true,\"valueName\":\"search_term_string\"}}],\"inLanguage\":\"en-GB\"},{\"@type\":\"Organization\",\"@id\":\"https:\/\/allezfencing.eu\/#organization\",\"name\":\"Panama Etet\u0151haj\u00f3k\",\"url\":\"https:\/\/allezfencing.eu\/\",\"logo\":{\"@type\":\"ImageObject\",\"inLanguage\":\"en-GB\",\"@id\":\"https:\/\/allezfencing.eu\/#\/schema\/logo\/image\/\",\"url\":\"https:\/\/allezfencing.eu\/wp-content\/uploads\/2025\/03\/etetohajo.eu-panama-site-icon.webp\",\"contentUrl\":\"https:\/\/allezfencing.eu\/wp-content\/uploads\/2025\/03\/etetohajo.eu-panama-site-icon.webp\",\"width\":512,\"height\":512,\"caption\":\"Panama Etet\u0151haj\u00f3k\"},\"image\":{\"@id\":\"https:\/\/allezfencing.eu\/#\/schema\/logo\/image\/\"},\"sameAs\":[\"https:\/\/www.facebook.com\/panamaetetohajo\"]}]}<\/script>\n<!-- \/ Yoast SEO plugin. -->","yoast_head_json":{"title":"FWF FIE 1600 N Fejv\u00e9d - kivehet\u0151 b\u00e9l\u00e9s csere (tartal\u00e9k) | Allez Fencing","robots":{"index":"index","follow":"follow","max-snippet":"max-snippet:-1","max-image-preview":"max-image-preview:large","max-video-preview":"max-video-preview:-1"},"canonical":"https:\/\/allezfencing.eu\/en\/webshop\/fejvedek\/fejved-kiegeszitok\/fwf-fie-1600-n-fejved-kiveheto-beles-csere-tartalek\/","og_locale":"en_GB","og_type":"article","og_title":"FWF FIE 1600 N Fejv\u00e9d - kivehet\u0151 b\u00e9l\u00e9s csere (tartal\u00e9k) | Allez Fencing","og_description":"FWF FIE 1600N p\u00e1rbajt\u0151r fejv\u00e9d bels\u0151 r\u00e9sz csere","og_url":"https:\/\/allezfencing.eu\/en\/webshop\/fejvedek\/fejved-kiegeszitok\/fwf-fie-1600-n-fejved-kiveheto-beles-csere-tartalek\/","og_site_name":"Allez Fencing","article_publisher":"https:\/\/www.facebook.com\/panamaetetohajo","article_modified_time":"2026-03-07T15:12:53+00:00","og_image":[{"width":350,"height":350,"url":"https:\/\/allezfencing.eu\/wp-content\/uploads\/2025\/12\/FWF_Fejved_1600_Belso_01.jpg","type":"image\/jpeg"}],"twitter_card":"summary_large_image","schema":{"@context":"https:\/\/schema.org","@graph":[{"@type":"WebPage","@id":"https:\/\/allezfencing.eu\/webshop\/fejvedek\/fejved-kiegeszitok\/fwf-fie-1600-n-fejved-kiveheto-beles-csere-tartalek\/","url":"https:\/\/allezfencing.eu\/webshop\/fejvedek\/fejved-kiegeszitok\/fwf-fie-1600-n-fejved-kiveheto-beles-csere-tartalek\/","name":"FWF FIE 1600 N Fejv\u00e9d - kivehet\u0151 b\u00e9l\u00e9s csere (tartal\u00e9k) | Allez Fencing","isPartOf":{"@id":"https:\/\/allezfencing.eu\/#website"},"primaryImageOfPage":{"@id":"https:\/\/allezfencing.eu\/webshop\/fejvedek\/fejved-kiegeszitok\/fwf-fie-1600-n-fejved-kiveheto-beles-csere-tartalek\/#primaryimage"},"image":{"@id":"https:\/\/allezfencing.eu\/webshop\/fejvedek\/fejved-kiegeszitok\/fwf-fie-1600-n-fejved-kiveheto-beles-csere-tartalek\/#primaryimage"},"thumbnailUrl":"https:\/\/allezfencing.eu\/wp-content\/uploads\/2025\/12\/FWF_Fejved_1600_Belso_01.jpg","datePublished":"2025-12-08T17:17:35+00:00","dateModified":"2026-03-07T15:12:53+00:00","breadcrumb":{"@id":"https:\/\/allezfencing.eu\/webshop\/fejvedek\/fejved-kiegeszitok\/fwf-fie-1600-n-fejved-kiveheto-beles-csere-tartalek\/#breadcrumb"},"inLanguage":"en-GB","potentialAction":[{"@type":"ReadAction","target":["https:\/\/allezfencing.eu\/webshop\/fejvedek\/fejved-kiegeszitok\/fwf-fie-1600-n-fejved-kiveheto-beles-csere-tartalek\/"]}]},{"@type":"ImageObject","inLanguage":"en-GB","@id":"https:\/\/allezfencing.eu\/webshop\/fejvedek\/fejved-kiegeszitok\/fwf-fie-1600-n-fejved-kiveheto-beles-csere-tartalek\/#primaryimage","url":"https:\/\/allezfencing.eu\/wp-content\/uploads\/2025\/12\/FWF_Fejved_1600_Belso_01.jpg","contentUrl":"https:\/\/allezfencing.eu\/wp-content\/uploads\/2025\/12\/FWF_Fejved_1600_Belso_01.jpg","width":350,"height":350},{"@type":"BreadcrumbList","@id":"https:\/\/allezfencing.eu\/webshop\/fejvedek\/fejved-kiegeszitok\/fwf-fie-1600-n-fejved-kiveheto-beles-csere-tartalek\/#breadcrumb","itemListElement":[{"@type":"ListItem","position":1,"name":"Kezd\u0151lap","item":"https:\/\/allezfencing.eu\/"},{"@type":"ListItem","position":2,"name":"Webshop","item":"https:\/\/allezfencing.eu\/webshop\/"},{"@type":"ListItem","position":3,"name":"FEJV\u00c9DEK","item":"https:\/\/allezfencing.eu\/termekkategoria\/fejvedek\/"},{"@type":"ListItem","position":4,"name":"FEJV\u00c9D KIEG\u00c9SZ\u00cdT\u0150K","item":"https:\/\/allezfencing.eu\/termekkategoria\/fejvedek\/fejved-kiegeszitok\/"},{"@type":"ListItem","position":5,"name":"FWF FIE 1600 N Fejv\u00e9d &#8211; kivehet\u0151 b\u00e9l\u00e9s csere (tartal\u00e9k)"}]},{"@type":"WebSite","@id":"https:\/\/allezfencing.eu\/#website","url":"https:\/\/allezfencing.eu\/","name":"Allez Fencing","description":"Minden ami v\u00edv\u00e1s","publisher":{"@id":"https:\/\/allezfencing.eu\/#organization"},"potentialAction":[{"@type":"SearchAction","target":{"@type":"EntryPoint","urlTemplate":"https:\/\/allezfencing.eu\/?s={search_term_string}"},"query-input":{"@type":"PropertyValueSpecification","valueRequired":true,"valueName":"search_term_string"}}],"inLanguage":"en-GB"},{"@type":"Organization","@id":"https:\/\/allezfencing.eu\/#organization","name":"Panama Feeding boats","url":"https:\/\/allezfencing.eu\/","logo":{"@type":"ImageObject","inLanguage":"en-GB","@id":"https:\/\/allezfencing.eu\/#\/schema\/logo\/image\/","url":"https:\/\/allezfencing.eu\/wp-content\/uploads\/2025\/03\/etetohajo.eu-panama-site-icon.webp","contentUrl":"https:\/\/allezfencing.eu\/wp-content\/uploads\/2025\/03\/etetohajo.eu-panama-site-icon.webp","width":512,"height":512,"caption":"Panama Etet\u0151haj\u00f3k"},"image":{"@id":"https:\/\/allezfencing.eu\/#\/schema\/logo\/image\/"},"sameAs":["https:\/\/www.facebook.com\/panamaetetohajo"]}]}},"_links":{"self":[{"href":"https:\/\/allezfencing.eu\/en\/wp-json\/wp\/v2\/product\/14872","targetHints":{"allow":["GET"]}}],"collection":[{"href":"https:\/\/allezfencing.eu\/en\/wp-json\/wp\/v2\/product"}],"about":[{"href":"https:\/\/allezfencing.eu\/en\/wp-json\/wp\/v2\/types\/product"}],"replies":[{"embeddable":true,"href":"https:\/\/allezfencing.eu\/en\/wp-json\/wp\/v2\/comments?post=14872"}],"version-history":[{"count":1,"href":"https:\/\/allezfencing.eu\/en\/wp-json\/wp\/v2\/product\/14872\/revisions"}],"predecessor-version":[{"id":16266,"href":"https:\/\/allezfencing.eu\/en\/wp-json\/wp\/v2\/product\/14872\/revisions\/16266"}],"wp:featuredmedia":[{"embeddable":true,"href":"https:\/\/allezfencing.eu\/en\/wp-json\/wp\/v2\/media\/14873"}],"wp:attachment":[{"href":"https:\/\/allezfencing.eu\/en\/wp-json\/wp\/v2\/media?parent=14872"}],"wp:term":[{"taxonomy":"product_brand","embeddable":true,"href":"https:\/\/allezfencing.eu\/en\/wp-json\/wp\/v2\/product_brand?post=14872"},{"taxonomy":"product_cat","embeddable":true,"href":"https:\/\/allezfencing.eu\/en\/wp-json\/wp\/v2\/product_cat?post=14872"},{"taxonomy":"product_tag","embeddable":true,"href":"https:\/\/allezfencing.eu\/en\/wp-json\/wp\/v2\/product_tag?post=14872"}],"curies":[{"name":"wp","href":"https:\/\/api.w.org\/{rel}","templated":true}]}}