{"id":14942,"date":"2025-12-08T18:20:19","date_gmt":"2025-12-08T17:20:19","guid":{"rendered":"https:\/\/infiniteq.org\/webshop\/nem-kategorizalt\/fwf-fie-1600-n-kard-fejved\/"},"modified":"2026-04-01T08:51:53","modified_gmt":"2026-04-01T06:51:53","slug":"fwf-fie-1600-n-kard-fejved","status":"publish","type":"product","link":"https:\/\/allezfencing.eu\/en\/webshop\/fejvedek\/kard-fejvedek\/fwf-fie-1600-n-kard-fejved\/","title":{"rendered":"FWF FIE 1600 N Kard Fejv\u00e9d"},"content":{"rendered":"<h3 data-section-id=\"leolrq\" data-start=\"2580\" data-end=\"2640\"><span role=\"text\"><strong data-start=\"2584\" data-end=\"2640\">FWF FIE 1600N Kard Fejv\u00e9d \u2013 Nemzetk\u00f6zi verseny szint<\/strong><\/span><\/h3>\n<h4 data-start=\"2642\" data-end=\"2663\"><span role=\"text\"><strong data-start=\"2647\" data-end=\"2663\">Term\u00e9kle\u00edr\u00e1s<\/strong><\/span><\/h4>\n<p data-start=\"2664\" data-end=\"2882\">Az <strong data-start=\"2667\" data-end=\"2696\">FWF FIE 1600N kard fejv\u00e9d<\/strong> egy pr\u00e9mium kateg\u00f3ri\u00e1s v\u00edv\u00f3maszk, amely megfelel a <strong data-start=\"2748\" data-end=\"2780\">nemzetk\u00f6zi FIE szabv\u00e1nyoknak<\/strong>, \u00edgy hivatalos versenyeken is haszn\u00e1lhat\u00f3. A <strong data-start=\"2826\" data-end=\"2853\">1600N szak\u00edt\u00f3szil\u00e1rds\u00e1g<\/strong> maxim\u00e1lis v\u00e9delmet biztos\u00edt.<\/p>\n<p data-start=\"2884\" data-end=\"3045\">A fejv\u00e9d kialak\u00edt\u00e1sa stabil \u00e9s tart\u00f3s, hossz\u00fa t\u00e1v\u00fa haszn\u00e1latra tervezve. A r\u00e1csszerkezet er\u0151s \u00e9s megb\u00edzhat\u00f3, mik\u00f6zben megfelel\u0151 l\u00e1t\u00f3teret biztos\u00edt a v\u00edv\u00e1s sor\u00e1n.<\/p>\n<p data-start=\"3047\" data-end=\"3143\">Ide\u00e1lis v\u00e1laszt\u00e1s versenyz\u0151knek \u00e9s olyan kluboknak, ahol fontos a nemzetk\u00f6zi szint\u0171 felszerel\u00e9s.<\/p>\n<h4 data-start=\"3145\" data-end=\"3168\"><span role=\"text\"><strong data-start=\"3150\" data-end=\"3168\">Main features<\/strong><\/span><\/h4>\n<p data-start=\"3169\" data-end=\"3346\">\u2714 FIE min\u0151s\u00edt\u00e9s<br data-start=\"3184\" data-end=\"3187\" \/>\u2714 1600N v\u00e9delmi szint<br data-start=\"3208\" data-end=\"3211\" \/>\u2714 Versenyz\u00e9sre alkalmas kialak\u00edt\u00e1s<br data-start=\"3245\" data-end=\"3248\" \/>\u2714 Stabil \u00e9s tart\u00f3s szerkezet<br data-start=\"3276\" data-end=\"3279\" \/>\u2714 Er\u0151s ac\u00e9l r\u00e1cs<br data-start=\"3295\" data-end=\"3298\" \/>\u2714 Megb\u00edzhat\u00f3 illeszked\u00e9s<br data-start=\"3322\" data-end=\"3325\" \/>\u2714 Hossz\u00fa \u00e9lettartam<\/p>\n<h4 data-start=\"3348\" data-end=\"3391\"><span role=\"text\"><strong data-start=\"3353\" data-end=\"3391\">Mi\u00e9rt v\u00e1laszd ezt a v\u00edv\u00f3 fejv\u00e9det?<\/strong><\/span><\/h4>\n<p data-start=\"3392\" data-end=\"3549\">\ud83e\udd47 Nemzetk\u00f6zi versenyeken is haszn\u00e1lhat\u00f3<br data-start=\"3432\" data-end=\"3435\" \/>\ud83d\udee1 Maxim\u00e1lis biztons\u00e1g<br data-start=\"3457\" data-end=\"3460\" \/>\u2694 Profi szint\u0171 felszerel\u00e9s<br data-start=\"3486\" data-end=\"3489\" \/>\ud83d\udcaa Strapab\u00edr\u00f3 kialak\u00edt\u00e1s<br data-start=\"3513\" data-end=\"3516\" \/>\ud83c\udfaf Stabil \u00e9s pontos illeszked\u00e9s<\/p>\n<h4 data-start=\"3551\" data-end=\"3581\"><span role=\"text\"><strong data-start=\"3556\" data-end=\"3581\">Felhaszn\u00e1l\u00e1si ter\u00fclet<\/strong><\/span><\/h4>\n<ul data-start=\"3582\" data-end=\"3633\">\n<li data-section-id=\"13s0u14\" data-start=\"3582\" data-end=\"3596\">versenyz\u00e9s<\/li>\n<li data-section-id=\"10b70w\" data-start=\"3597\" data-end=\"3615\">intenz\u00edv edz\u00e9s<\/li>\n<li data-section-id=\"bkq8xa\" data-start=\"3616\" data-end=\"3633\">klubhaszn\u00e1lat<\/li>\n<\/ul>\n<h4 data-start=\"3635\" data-end=\"3654\"><span role=\"text\"><strong data-start=\"3640\" data-end=\"3654\">\u00c9letst\u00edlus<\/strong><\/span><\/h4>\n<p data-start=\"3655\" data-end=\"3783\">Ez a fejv\u00e9d azoknak k\u00e9sz\u00fclt, akik komolyan veszik a v\u00edv\u00e1st, \u00e9s nem akarnak kompromisszumot k\u00f6tni a biztons\u00e1g \u00e9s a min\u0151s\u00e9g ter\u00e9n.<\/p>\n<h4 data-start=\"3785\" data-end=\"3798\"><span role=\"text\"><strong data-start=\"3790\" data-end=\"3798\">GYIK<\/strong><\/span><\/h4>\n<p data-start=\"3800\" data-end=\"3827\"><strong data-start=\"3800\" data-end=\"3819\">FIE min\u0151s\u00edt\u00e9s\u0171?<\/strong><br data-start=\"3819\" data-end=\"3822\" \/>Igen.<\/p>\n<p data-start=\"3829\" data-end=\"3886\"><strong data-start=\"3829\" data-end=\"3855\">Versenyen haszn\u00e1lhat\u00f3?<\/strong><br data-start=\"3855\" data-end=\"3858\" \/>Igen, nemzetk\u00f6zi szinten is.<\/p>\n<p data-start=\"3888\" data-end=\"3931\"><strong data-start=\"3888\" data-end=\"3915\">Milyen fegyverhez val\u00f3?<\/strong><br data-start=\"3915\" data-end=\"3918\" \/>Kardv\u00edv\u00e1shoz.<\/p>","protected":false},"excerpt":{"rendered":"<p>FWF FIE 1600N Kard Fejv\u00e9d \u2013 Nemzetk\u00f6zi verseny szint<\/p>","protected":false},"featured_media":14943,"comment_status":"open","ping_status":"closed","template":"","meta":[],"product_brand":[321],"product_cat":[771],"product_tag":[],"class_list":{"0":"post-14942","1":"product","2":"type-product","3":"status-publish","4":"has-post-thumbnail","6":"product_brand-fwf","7":"product_cat-kard-fejvedek","9":"first","10":"instock","11":"taxable","12":"shipping-taxable","13":"purchasable","14":"product-type-variable"},"yoast_head":"<!-- This site is optimized with the Yoast SEO plugin v27.5 - https:\/\/yoast.com\/product\/yoast-seo-wordpress\/ -->\n<title>FWF FIE 1600 N Kard Fejv\u00e9d | Allez Fencing<\/title>\n<meta name=\"description\" content=\"FWF FIE 1600N kard fejv\u00e9d. Nemzetk\u00f6zi versenyre alkalmas pr\u00e9mium v\u00e9delem.\" \/>\n<meta name=\"robots\" content=\"index, follow, max-snippet:-1, max-image-preview:large, max-video-preview:-1\" \/>\n<link rel=\"canonical\" href=\"https:\/\/allezfencing.eu\/en\/webshop\/fejvedek\/kard-fejvedek\/fwf-fie-1600-n-kard-fejved\/\" \/>\n<meta property=\"og:locale\" content=\"en_GB\" \/>\n<meta property=\"og:type\" content=\"article\" \/>\n<meta property=\"og:title\" content=\"FWF FIE 1600 N Kard Fejv\u00e9d | Allez Fencing\" \/>\n<meta property=\"og:description\" content=\"FWF FIE 1600N kard fejv\u00e9d. Nemzetk\u00f6zi versenyre alkalmas pr\u00e9mium v\u00e9delem.\" \/>\n<meta property=\"og:url\" content=\"https:\/\/allezfencing.eu\/en\/webshop\/fejvedek\/kard-fejvedek\/fwf-fie-1600-n-kard-fejved\/\" \/>\n<meta property=\"og:site_name\" content=\"Allez Fencing\" \/>\n<meta property=\"article:publisher\" content=\"https:\/\/www.facebook.com\/panamaetetohajo\" \/>\n<meta property=\"article:modified_time\" content=\"2026-04-01T06:51:53+00:00\" \/>\n<meta property=\"og:image\" content=\"https:\/\/allezfencing.eu\/wp-content\/uploads\/2025\/12\/FWF_kard_fejved.jpg\" \/>\n\t<meta property=\"og:image:width\" content=\"800\" \/>\n\t<meta property=\"og:image:height\" content=\"800\" \/>\n\t<meta property=\"og:image:type\" content=\"image\/jpeg\" \/>\n<meta name=\"twitter:card\" content=\"summary_large_image\" \/>\n<meta name=\"twitter:label1\" content=\"Estimated reading time\" \/>\n\t<meta name=\"twitter:data1\" content=\"2 minutes\" \/>\n<script type=\"application\/ld+json\" class=\"yoast-schema-graph\">{\"@context\":\"https:\\\/\\\/schema.org\",\"@graph\":[{\"@type\":\"WebPage\",\"@id\":\"https:\\\/\\\/allezfencing.eu\\\/webshop\\\/fejvedek\\\/kard-fejvedek\\\/fwf-fie-1600-n-kard-fejved\\\/\",\"url\":\"https:\\\/\\\/allezfencing.eu\\\/webshop\\\/fejvedek\\\/kard-fejvedek\\\/fwf-fie-1600-n-kard-fejved\\\/\",\"name\":\"FWF FIE 1600 N Kard Fejv\u00e9d | Allez Fencing\",\"isPartOf\":{\"@id\":\"https:\\\/\\\/allezfencing.eu\\\/#website\"},\"primaryImageOfPage\":{\"@id\":\"https:\\\/\\\/allezfencing.eu\\\/webshop\\\/fejvedek\\\/kard-fejvedek\\\/fwf-fie-1600-n-kard-fejved\\\/#primaryimage\"},\"image\":{\"@id\":\"https:\\\/\\\/allezfencing.eu\\\/webshop\\\/fejvedek\\\/kard-fejvedek\\\/fwf-fie-1600-n-kard-fejved\\\/#primaryimage\"},\"thumbnailUrl\":\"https:\\\/\\\/allezfencing.eu\\\/wp-content\\\/uploads\\\/2025\\\/12\\\/FWF_kard_fejved.jpg\",\"datePublished\":\"2025-12-08T17:20:19+00:00\",\"dateModified\":\"2026-04-01T06:51:53+00:00\",\"description\":\"FWF FIE 1600N kard fejv\u00e9d. Nemzetk\u00f6zi versenyre alkalmas pr\u00e9mium v\u00e9delem.\",\"breadcrumb\":{\"@id\":\"https:\\\/\\\/allezfencing.eu\\\/webshop\\\/fejvedek\\\/kard-fejvedek\\\/fwf-fie-1600-n-kard-fejved\\\/#breadcrumb\"},\"inLanguage\":\"en-GB\",\"potentialAction\":[{\"@type\":\"ReadAction\",\"target\":[\"https:\\\/\\\/allezfencing.eu\\\/webshop\\\/fejvedek\\\/kard-fejvedek\\\/fwf-fie-1600-n-kard-fejved\\\/\"]}]},{\"@type\":\"ImageObject\",\"inLanguage\":\"en-GB\",\"@id\":\"https:\\\/\\\/allezfencing.eu\\\/webshop\\\/fejvedek\\\/kard-fejvedek\\\/fwf-fie-1600-n-kard-fejved\\\/#primaryimage\",\"url\":\"https:\\\/\\\/allezfencing.eu\\\/wp-content\\\/uploads\\\/2025\\\/12\\\/FWF_kard_fejved.jpg\",\"contentUrl\":\"https:\\\/\\\/allezfencing.eu\\\/wp-content\\\/uploads\\\/2025\\\/12\\\/FWF_kard_fejved.jpg\",\"width\":800,\"height\":800},{\"@type\":\"BreadcrumbList\",\"@id\":\"https:\\\/\\\/allezfencing.eu\\\/webshop\\\/fejvedek\\\/kard-fejvedek\\\/fwf-fie-1600-n-kard-fejved\\\/#breadcrumb\",\"itemListElement\":[{\"@type\":\"ListItem\",\"position\":1,\"name\":\"Kezd\u0151lap\",\"item\":\"https:\\\/\\\/allezfencing.eu\\\/\"},{\"@type\":\"ListItem\",\"position\":2,\"name\":\"Webshop\",\"item\":\"https:\\\/\\\/allezfencing.eu\\\/webshop\\\/\"},{\"@type\":\"ListItem\",\"position\":3,\"name\":\"FEJV\u00c9DEK\",\"item\":\"https:\\\/\\\/allezfencing.eu\\\/termekkategoria\\\/fejvedek\\\/\"},{\"@type\":\"ListItem\",\"position\":4,\"name\":\"KARD FEJV\u00c9DEK\",\"item\":\"https:\\\/\\\/allezfencing.eu\\\/termekkategoria\\\/fejvedek\\\/kard-fejvedek\\\/\"},{\"@type\":\"ListItem\",\"position\":5,\"name\":\"FWF FIE 1600 N Kard Fejv\u00e9d\"}]},{\"@type\":\"WebSite\",\"@id\":\"https:\\\/\\\/allezfencing.eu\\\/#website\",\"url\":\"https:\\\/\\\/allezfencing.eu\\\/\",\"name\":\"Allez Fencing\",\"description\":\"Minden ami v\u00edv\u00e1s\",\"publisher\":{\"@id\":\"https:\\\/\\\/allezfencing.eu\\\/#organization\"},\"potentialAction\":[{\"@type\":\"SearchAction\",\"target\":{\"@type\":\"EntryPoint\",\"urlTemplate\":\"https:\\\/\\\/allezfencing.eu\\\/?s={search_term_string}\"},\"query-input\":{\"@type\":\"PropertyValueSpecification\",\"valueRequired\":true,\"valueName\":\"search_term_string\"}}],\"inLanguage\":\"en-GB\"},{\"@type\":\"Organization\",\"@id\":\"https:\\\/\\\/allezfencing.eu\\\/#organization\",\"name\":\"Panama Etet\u0151haj\u00f3k\",\"url\":\"https:\\\/\\\/allezfencing.eu\\\/\",\"logo\":{\"@type\":\"ImageObject\",\"inLanguage\":\"en-GB\",\"@id\":\"https:\\\/\\\/allezfencing.eu\\\/#\\\/schema\\\/logo\\\/image\\\/\",\"url\":\"https:\\\/\\\/allezfencing.eu\\\/wp-content\\\/uploads\\\/2025\\\/03\\\/etetohajo.eu-panama-site-icon.webp\",\"contentUrl\":\"https:\\\/\\\/allezfencing.eu\\\/wp-content\\\/uploads\\\/2025\\\/03\\\/etetohajo.eu-panama-site-icon.webp\",\"width\":512,\"height\":512,\"caption\":\"Panama Etet\u0151haj\u00f3k\"},\"image\":{\"@id\":\"https:\\\/\\\/allezfencing.eu\\\/#\\\/schema\\\/logo\\\/image\\\/\"},\"sameAs\":[\"https:\\\/\\\/www.facebook.com\\\/panamaetetohajo\"]}]}<\/script>\n<!-- \/ Yoast SEO plugin. -->","yoast_head_json":{"title":"FWF FIE 1600 N Kard Fejv\u00e9d | Allez Fencing","description":"FWF FIE 1600N kard fejv\u00e9d. Nemzetk\u00f6zi versenyre alkalmas pr\u00e9mium v\u00e9delem.","robots":{"index":"index","follow":"follow","max-snippet":"max-snippet:-1","max-image-preview":"max-image-preview:large","max-video-preview":"max-video-preview:-1"},"canonical":"https:\/\/allezfencing.eu\/en\/webshop\/fejvedek\/kard-fejvedek\/fwf-fie-1600-n-kard-fejved\/","og_locale":"en_GB","og_type":"article","og_title":"FWF FIE 1600 N Kard Fejv\u00e9d | Allez Fencing","og_description":"FWF FIE 1600N kard fejv\u00e9d. Nemzetk\u00f6zi versenyre alkalmas pr\u00e9mium v\u00e9delem.","og_url":"https:\/\/allezfencing.eu\/en\/webshop\/fejvedek\/kard-fejvedek\/fwf-fie-1600-n-kard-fejved\/","og_site_name":"Allez Fencing","article_publisher":"https:\/\/www.facebook.com\/panamaetetohajo","article_modified_time":"2026-04-01T06:51:53+00:00","og_image":[{"width":800,"height":800,"url":"https:\/\/allezfencing.eu\/wp-content\/uploads\/2025\/12\/FWF_kard_fejved.jpg","type":"image\/jpeg"}],"twitter_card":"summary_large_image","twitter_misc":{"Estimated reading time":"2 minutes"},"schema":{"@context":"https:\/\/schema.org","@graph":[{"@type":"WebPage","@id":"https:\/\/allezfencing.eu\/webshop\/fejvedek\/kard-fejvedek\/fwf-fie-1600-n-kard-fejved\/","url":"https:\/\/allezfencing.eu\/webshop\/fejvedek\/kard-fejvedek\/fwf-fie-1600-n-kard-fejved\/","name":"FWF FIE 1600 N Kard Fejv\u00e9d | Allez Fencing","isPartOf":{"@id":"https:\/\/allezfencing.eu\/#website"},"primaryImageOfPage":{"@id":"https:\/\/allezfencing.eu\/webshop\/fejvedek\/kard-fejvedek\/fwf-fie-1600-n-kard-fejved\/#primaryimage"},"image":{"@id":"https:\/\/allezfencing.eu\/webshop\/fejvedek\/kard-fejvedek\/fwf-fie-1600-n-kard-fejved\/#primaryimage"},"thumbnailUrl":"https:\/\/allezfencing.eu\/wp-content\/uploads\/2025\/12\/FWF_kard_fejved.jpg","datePublished":"2025-12-08T17:20:19+00:00","dateModified":"2026-04-01T06:51:53+00:00","description":"FWF FIE 1600N kard fejv\u00e9d. Nemzetk\u00f6zi versenyre alkalmas pr\u00e9mium v\u00e9delem.","breadcrumb":{"@id":"https:\/\/allezfencing.eu\/webshop\/fejvedek\/kard-fejvedek\/fwf-fie-1600-n-kard-fejved\/#breadcrumb"},"inLanguage":"en-GB","potentialAction":[{"@type":"ReadAction","target":["https:\/\/allezfencing.eu\/webshop\/fejvedek\/kard-fejvedek\/fwf-fie-1600-n-kard-fejved\/"]}]},{"@type":"ImageObject","inLanguage":"en-GB","@id":"https:\/\/allezfencing.eu\/webshop\/fejvedek\/kard-fejvedek\/fwf-fie-1600-n-kard-fejved\/#primaryimage","url":"https:\/\/allezfencing.eu\/wp-content\/uploads\/2025\/12\/FWF_kard_fejved.jpg","contentUrl":"https:\/\/allezfencing.eu\/wp-content\/uploads\/2025\/12\/FWF_kard_fejved.jpg","width":800,"height":800},{"@type":"BreadcrumbList","@id":"https:\/\/allezfencing.eu\/webshop\/fejvedek\/kard-fejvedek\/fwf-fie-1600-n-kard-fejved\/#breadcrumb","itemListElement":[{"@type":"ListItem","position":1,"name":"Kezd\u0151lap","item":"https:\/\/allezfencing.eu\/"},{"@type":"ListItem","position":2,"name":"Webshop","item":"https:\/\/allezfencing.eu\/webshop\/"},{"@type":"ListItem","position":3,"name":"FEJV\u00c9DEK","item":"https:\/\/allezfencing.eu\/termekkategoria\/fejvedek\/"},{"@type":"ListItem","position":4,"name":"KARD FEJV\u00c9DEK","item":"https:\/\/allezfencing.eu\/termekkategoria\/fejvedek\/kard-fejvedek\/"},{"@type":"ListItem","position":5,"name":"FWF FIE 1600 N Kard Fejv\u00e9d"}]},{"@type":"WebSite","@id":"https:\/\/allezfencing.eu\/#website","url":"https:\/\/allezfencing.eu\/","name":"Allez Fencing","description":"Minden ami v\u00edv\u00e1s","publisher":{"@id":"https:\/\/allezfencing.eu\/#organization"},"potentialAction":[{"@type":"SearchAction","target":{"@type":"EntryPoint","urlTemplate":"https:\/\/allezfencing.eu\/?s={search_term_string}"},"query-input":{"@type":"PropertyValueSpecification","valueRequired":true,"valueName":"search_term_string"}}],"inLanguage":"en-GB"},{"@type":"Organization","@id":"https:\/\/allezfencing.eu\/#organization","name":"Panama Feeding boats","url":"https:\/\/allezfencing.eu\/","logo":{"@type":"ImageObject","inLanguage":"en-GB","@id":"https:\/\/allezfencing.eu\/#\/schema\/logo\/image\/","url":"https:\/\/allezfencing.eu\/wp-content\/uploads\/2025\/03\/etetohajo.eu-panama-site-icon.webp","contentUrl":"https:\/\/allezfencing.eu\/wp-content\/uploads\/2025\/03\/etetohajo.eu-panama-site-icon.webp","width":512,"height":512,"caption":"Panama Etet\u0151haj\u00f3k"},"image":{"@id":"https:\/\/allezfencing.eu\/#\/schema\/logo\/image\/"},"sameAs":["https:\/\/www.facebook.com\/panamaetetohajo"]}]}},"_links":{"self":[{"href":"https:\/\/allezfencing.eu\/en\/wp-json\/wp\/v2\/product\/14942","targetHints":{"allow":["GET"]}}],"collection":[{"href":"https:\/\/allezfencing.eu\/en\/wp-json\/wp\/v2\/product"}],"about":[{"href":"https:\/\/allezfencing.eu\/en\/wp-json\/wp\/v2\/types\/product"}],"replies":[{"embeddable":true,"href":"https:\/\/allezfencing.eu\/en\/wp-json\/wp\/v2\/comments?post=14942"}],"version-history":[{"count":0,"href":"https:\/\/allezfencing.eu\/en\/wp-json\/wp\/v2\/product\/14942\/revisions"}],"wp:featuredmedia":[{"embeddable":true,"href":"https:\/\/allezfencing.eu\/en\/wp-json\/wp\/v2\/media\/14943"}],"wp:attachment":[{"href":"https:\/\/allezfencing.eu\/en\/wp-json\/wp\/v2\/media?parent=14942"}],"wp:term":[{"taxonomy":"product_brand","embeddable":true,"href":"https:\/\/allezfencing.eu\/en\/wp-json\/wp\/v2\/product_brand?post=14942"},{"taxonomy":"product_cat","embeddable":true,"href":"https:\/\/allezfencing.eu\/en\/wp-json\/wp\/v2\/product_cat?post=14942"},{"taxonomy":"product_tag","embeddable":true,"href":"https:\/\/allezfencing.eu\/en\/wp-json\/wp\/v2\/product_tag?post=14942"}],"curies":[{"name":"wp","href":"https:\/\/api.w.org\/{rel}","templated":true}]}}