{"id":14950,"date":"2025-12-08T18:21:17","date_gmt":"2025-12-08T17:21:17","guid":{"rendered":"https:\/\/infiniteq.org\/webshop\/nem-kategorizalt\/elsior-kard-fejved-fix-belessel\/"},"modified":"2026-04-01T08:59:10","modified_gmt":"2026-04-01T06:59:10","slug":"elsior-kard-fejved-fix-belessel","status":"publish","type":"product","link":"https:\/\/allezfencing.eu\/en\/webshop\/fejvedek\/kard-fejvedek\/elsior-kard-fejved-fix-belessel\/","title":{"rendered":"Elsior Kard Fejv\u00e9d, fix b\u00e9l\u00e9ssel"},"content":{"rendered":"<h3 data-section-id=\"1b5piv5\" data-start=\"4097\" data-end=\"4159\"><span role=\"text\"><strong data-start=\"4101\" data-end=\"4159\">Elsior Kard Fejv\u00e9d \u2013 Fix b\u00e9l\u00e9s, bel\u00e9p\u0151 szint\u0171 megold\u00e1s<\/strong><\/span><\/h3>\n<h4 data-start=\"4161\" data-end=\"4182\"><span role=\"text\"><strong data-start=\"4166\" data-end=\"4182\">Term\u00e9kle\u00edr\u00e1s<\/strong><\/span><\/h4>\n<p data-start=\"4183\" data-end=\"4388\">Az <strong data-start=\"4186\" data-end=\"4221\">Elsior kard fejv\u00e9d fix b\u00e9l\u00e9ssel<\/strong> egy kedvez\u0151 \u00e1r-\u00e9rt\u00e9k ar\u00e1ny\u00fa v\u00edv\u00f3maszk, amely ide\u00e1lis v\u00e1laszt\u00e1s <strong data-start=\"4285\" data-end=\"4318\">kezd\u0151 v\u00edv\u00f3k \u00e9s klubok sz\u00e1m\u00e1ra<\/strong>. A kialak\u00edt\u00e1s megfelel\u0151 v\u00e9delmet \u00e9s k\u00e9nyelmet biztos\u00edt edz\u00e9sek sor\u00e1n.<\/p>\n<p data-start=\"4390\" data-end=\"4573\">A <strong data-start=\"4392\" data-end=\"4411\">fix bels\u0151 b\u00e9l\u00e9s<\/strong> stabil tart\u00e1st \u00e9s folyamatos komfortot ny\u00fajt. A fejv\u00e9d er\u0151s ac\u00e9l r\u00e1csszerkezete gondoskodik az arcv\u00e9delemr\u0151l, mik\u00f6zben a kialak\u00edt\u00e1s megfelel\u0151 l\u00e1t\u00f3teret biztos\u00edt.<\/p>\n<p data-start=\"4575\" data-end=\"4659\">Egyszer\u0171, megb\u00edzhat\u00f3 \u00e9s k\u00f6nnyen haszn\u00e1lhat\u00f3 modell, amely t\u00f6k\u00e9letes els\u0151 fejv\u00e9dk\u00e9nt.<\/p>\n<h4 data-start=\"4661\" data-end=\"4684\"><span role=\"text\"><strong data-start=\"4666\" data-end=\"4684\">Main features<\/strong><\/span><\/h4>\n<p data-start=\"4685\" data-end=\"4882\">\u2714 Kardv\u00edv\u00e1shoz tervezett kialak\u00edt\u00e1s<br data-start=\"4720\" data-end=\"4723\" \/>\u2714 Fix bels\u0151 b\u00e9l\u00e9s<br data-start=\"4740\" data-end=\"4743\" \/>\u2714 Tart\u00f3s ac\u00e9l r\u00e1cs<br data-start=\"4761\" data-end=\"4764\" \/>\u2714 Megb\u00edzhat\u00f3 v\u00e9delem edz\u00e9sekhez<br data-start=\"4795\" data-end=\"4798\" \/>\u2714 Stabil illeszked\u00e9s<br data-start=\"4818\" data-end=\"4821\" \/>\u2714 K\u00f6nny\u0171 \u00e9s k\u00e9nyelmes kialak\u00edt\u00e1s<br data-start=\"4853\" data-end=\"4856\" \/>\u2714 Ide\u00e1lis kezd\u0151k sz\u00e1m\u00e1ra<\/p>\n<h4 data-start=\"4884\" data-end=\"4927\"><span role=\"text\"><strong data-start=\"4889\" data-end=\"4927\">Mi\u00e9rt v\u00e1laszd ezt a v\u00edv\u00f3 fejv\u00e9det?<\/strong><\/span><\/h4>\n<p data-start=\"4928\" data-end=\"5084\">\ud83e\udd47 Kiv\u00e1l\u00f3 v\u00e1laszt\u00e1s kezd\u0151knek<br data-start=\"4957\" data-end=\"4960\" \/>\ud83d\udcb0 J\u00f3 \u00e1r-\u00e9rt\u00e9k ar\u00e1ny<br data-start=\"4980\" data-end=\"4983\" \/>\ud83d\udee1 Megb\u00edzhat\u00f3 alap v\u00e9delem<br data-start=\"5009\" data-end=\"5012\" \/>\u2694 Kardhoz optimaliz\u00e1lt kialak\u00edt\u00e1s<br data-start=\"5045\" data-end=\"5048\" \/>\ud83c\udfaf Egyszer\u0171 \u00e9s praktikus haszn\u00e1lat<\/p>\n<h4 data-start=\"5086\" data-end=\"5116\"><span role=\"text\"><strong data-start=\"5091\" data-end=\"5116\">Felhaszn\u00e1l\u00e1si ter\u00fclet<\/strong><\/span><\/h4>\n<p data-start=\"5117\" data-end=\"5142\">Ez a kard fejv\u00e9d ide\u00e1lis:<\/p>\n<ul data-start=\"5143\" data-end=\"5221\">\n<li data-section-id=\"rajjzf\" data-start=\"5143\" data-end=\"5166\">kezd\u0151 v\u00edv\u00f3k sz\u00e1m\u00e1ra<\/li>\n<li data-section-id=\"e9sl9c\" data-start=\"5167\" data-end=\"5197\">iskolai \u00e9s klub edz\u00e9sekhez<\/li>\n<li data-section-id=\"qcbqa6\" data-start=\"5198\" data-end=\"5221\">alapfelszerel\u00e9sk\u00e9nt<\/li>\n<\/ul>\n<h4 data-start=\"5223\" data-end=\"5268\"><span role=\"text\"><strong data-start=\"5228\" data-end=\"5268\">\u00c9letst\u00edlus \u2013 els\u0151 l\u00e9p\u00e9sek a v\u00edv\u00e1sban<\/strong><\/span><\/h4>\n<p data-start=\"5269\" data-end=\"5384\">Az Elsior fejv\u00e9d biztos alapot ad a v\u00edv\u00e1s elsaj\u00e1t\u00edt\u00e1s\u00e1hoz, mik\u00f6zben k\u00e9nyelmes \u00e9s k\u00f6nnyen kezelhet\u0151 megold\u00e1st k\u00edn\u00e1l.<\/p>\n<h4 data-start=\"5386\" data-end=\"5399\"><span role=\"text\"><strong data-start=\"5391\" data-end=\"5399\">GYIK<\/strong><\/span><\/h4>\n<p data-start=\"5401\" data-end=\"5446\"><strong data-start=\"5401\" data-end=\"5424\">Kezd\u0151knek aj\u00e1nlott?<\/strong><br data-start=\"5424\" data-end=\"5427\" \/>Igen, kifejezetten.<\/p>\n<p data-start=\"5448\" data-end=\"5481\"><strong data-start=\"5448\" data-end=\"5469\">Kivehet\u0151 a b\u00e9l\u00e9s?<\/strong><br data-start=\"5469\" data-end=\"5472\" \/>Nem, fix.<\/p>\n<p data-start=\"5483\" data-end=\"5529\"><strong data-start=\"5483\" data-end=\"5506\">Versenyre alkalmas?<\/strong><br data-start=\"5506\" data-end=\"5509\" \/>Els\u0151sorban edz\u00e9shez.<\/p>","protected":false},"excerpt":{"rendered":"<p>Elsior Kard Fejv\u00e9d \u2013 Fix b\u00e9l\u00e9s, bel\u00e9p\u0151 szint\u0171 megold\u00e1s<\/p>","protected":false},"featured_media":14951,"comment_status":"open","ping_status":"closed","template":"","meta":[],"product_brand":[320],"product_cat":[771],"product_tag":[],"class_list":{"0":"post-14950","1":"product","2":"type-product","3":"status-publish","4":"has-post-thumbnail","6":"product_brand-elsior","7":"product_cat-kard-fejvedek","9":"first","10":"outofstock","11":"taxable","12":"shipping-taxable","13":"purchasable","14":"product-type-simple"},"yoast_head":"<!-- This site is optimized with the Yoast SEO plugin v27.5 - https:\/\/yoast.com\/product\/yoast-seo-wordpress\/ -->\n<title>Elsior Kard Fejv\u00e9d, fix b\u00e9l\u00e9ssel | Allez Fencing<\/title>\n<meta name=\"description\" content=\"Elsior kard fejv\u00e9d fix b\u00e9l\u00e9ssel. Ide\u00e1lis kezd\u0151knek \u00e9s edz\u00e9sekhez, j\u00f3 \u00e1r-\u00e9rt\u00e9k ar\u00e1nnyal.\" \/>\n<meta name=\"robots\" content=\"index, follow, max-snippet:-1, max-image-preview:large, max-video-preview:-1\" \/>\n<link rel=\"canonical\" href=\"https:\/\/allezfencing.eu\/en\/webshop\/fejvedek\/kard-fejvedek\/elsior-kard-fejved-fix-belessel\/\" \/>\n<meta property=\"og:locale\" content=\"en_GB\" \/>\n<meta property=\"og:type\" content=\"article\" \/>\n<meta property=\"og:title\" content=\"Elsior Kard Fejv\u00e9d, fix b\u00e9l\u00e9ssel | Allez Fencing\" \/>\n<meta property=\"og:description\" content=\"Elsior kard fejv\u00e9d fix b\u00e9l\u00e9ssel. Ide\u00e1lis kezd\u0151knek \u00e9s edz\u00e9sekhez, j\u00f3 \u00e1r-\u00e9rt\u00e9k ar\u00e1nnyal.\" \/>\n<meta property=\"og:url\" content=\"https:\/\/allezfencing.eu\/en\/webshop\/fejvedek\/kard-fejvedek\/elsior-kard-fejved-fix-belessel\/\" \/>\n<meta property=\"og:site_name\" content=\"Allez Fencing\" \/>\n<meta property=\"article:publisher\" content=\"https:\/\/www.facebook.com\/panamaetetohajo\" \/>\n<meta property=\"article:modified_time\" content=\"2026-04-01T06:59:10+00:00\" \/>\n<meta property=\"og:image\" content=\"https:\/\/allezfencing.eu\/wp-content\/uploads\/2025\/12\/Elsior_Sword_Mask_01.jpg\" \/>\n\t<meta property=\"og:image:width\" content=\"700\" \/>\n\t<meta property=\"og:image:height\" content=\"700\" \/>\n\t<meta property=\"og:image:type\" content=\"image\/jpeg\" \/>\n<meta name=\"twitter:card\" content=\"summary_large_image\" \/>\n<meta name=\"twitter:label1\" content=\"Estimated reading time\" \/>\n\t<meta name=\"twitter:data1\" content=\"2 minutes\" \/>\n<script type=\"application\/ld+json\" class=\"yoast-schema-graph\">{\"@context\":\"https:\\\/\\\/schema.org\",\"@graph\":[{\"@type\":\"WebPage\",\"@id\":\"https:\\\/\\\/allezfencing.eu\\\/webshop\\\/fejvedek\\\/kard-fejvedek\\\/elsior-kard-fejved-fix-belessel\\\/\",\"url\":\"https:\\\/\\\/allezfencing.eu\\\/webshop\\\/fejvedek\\\/kard-fejvedek\\\/elsior-kard-fejved-fix-belessel\\\/\",\"name\":\"Elsior Kard Fejv\u00e9d, fix b\u00e9l\u00e9ssel | Allez Fencing\",\"isPartOf\":{\"@id\":\"https:\\\/\\\/allezfencing.eu\\\/#website\"},\"primaryImageOfPage\":{\"@id\":\"https:\\\/\\\/allezfencing.eu\\\/webshop\\\/fejvedek\\\/kard-fejvedek\\\/elsior-kard-fejved-fix-belessel\\\/#primaryimage\"},\"image\":{\"@id\":\"https:\\\/\\\/allezfencing.eu\\\/webshop\\\/fejvedek\\\/kard-fejvedek\\\/elsior-kard-fejved-fix-belessel\\\/#primaryimage\"},\"thumbnailUrl\":\"https:\\\/\\\/allezfencing.eu\\\/wp-content\\\/uploads\\\/2025\\\/12\\\/Elsior_Sword_Mask_01.jpg\",\"datePublished\":\"2025-12-08T17:21:17+00:00\",\"dateModified\":\"2026-04-01T06:59:10+00:00\",\"description\":\"Elsior kard fejv\u00e9d fix b\u00e9l\u00e9ssel. Ide\u00e1lis kezd\u0151knek \u00e9s edz\u00e9sekhez, j\u00f3 \u00e1r-\u00e9rt\u00e9k ar\u00e1nnyal.\",\"breadcrumb\":{\"@id\":\"https:\\\/\\\/allezfencing.eu\\\/webshop\\\/fejvedek\\\/kard-fejvedek\\\/elsior-kard-fejved-fix-belessel\\\/#breadcrumb\"},\"inLanguage\":\"en-GB\",\"potentialAction\":[{\"@type\":\"ReadAction\",\"target\":[\"https:\\\/\\\/allezfencing.eu\\\/webshop\\\/fejvedek\\\/kard-fejvedek\\\/elsior-kard-fejved-fix-belessel\\\/\"]}]},{\"@type\":\"ImageObject\",\"inLanguage\":\"en-GB\",\"@id\":\"https:\\\/\\\/allezfencing.eu\\\/webshop\\\/fejvedek\\\/kard-fejvedek\\\/elsior-kard-fejved-fix-belessel\\\/#primaryimage\",\"url\":\"https:\\\/\\\/allezfencing.eu\\\/wp-content\\\/uploads\\\/2025\\\/12\\\/Elsior_Sword_Mask_01.jpg\",\"contentUrl\":\"https:\\\/\\\/allezfencing.eu\\\/wp-content\\\/uploads\\\/2025\\\/12\\\/Elsior_Sword_Mask_01.jpg\",\"width\":700,\"height\":700},{\"@type\":\"BreadcrumbList\",\"@id\":\"https:\\\/\\\/allezfencing.eu\\\/webshop\\\/fejvedek\\\/kard-fejvedek\\\/elsior-kard-fejved-fix-belessel\\\/#breadcrumb\",\"itemListElement\":[{\"@type\":\"ListItem\",\"position\":1,\"name\":\"Kezd\u0151lap\",\"item\":\"https:\\\/\\\/allezfencing.eu\\\/\"},{\"@type\":\"ListItem\",\"position\":2,\"name\":\"Webshop\",\"item\":\"https:\\\/\\\/allezfencing.eu\\\/webshop\\\/\"},{\"@type\":\"ListItem\",\"position\":3,\"name\":\"FEJV\u00c9DEK\",\"item\":\"https:\\\/\\\/allezfencing.eu\\\/termekkategoria\\\/fejvedek\\\/\"},{\"@type\":\"ListItem\",\"position\":4,\"name\":\"KARD FEJV\u00c9DEK\",\"item\":\"https:\\\/\\\/allezfencing.eu\\\/termekkategoria\\\/fejvedek\\\/kard-fejvedek\\\/\"},{\"@type\":\"ListItem\",\"position\":5,\"name\":\"Elsior Kard Fejv\u00e9d, fix b\u00e9l\u00e9ssel\"}]},{\"@type\":\"WebSite\",\"@id\":\"https:\\\/\\\/allezfencing.eu\\\/#website\",\"url\":\"https:\\\/\\\/allezfencing.eu\\\/\",\"name\":\"Allez Fencing\",\"description\":\"Minden ami v\u00edv\u00e1s\",\"publisher\":{\"@id\":\"https:\\\/\\\/allezfencing.eu\\\/#organization\"},\"potentialAction\":[{\"@type\":\"SearchAction\",\"target\":{\"@type\":\"EntryPoint\",\"urlTemplate\":\"https:\\\/\\\/allezfencing.eu\\\/?s={search_term_string}\"},\"query-input\":{\"@type\":\"PropertyValueSpecification\",\"valueRequired\":true,\"valueName\":\"search_term_string\"}}],\"inLanguage\":\"en-GB\"},{\"@type\":\"Organization\",\"@id\":\"https:\\\/\\\/allezfencing.eu\\\/#organization\",\"name\":\"Panama Etet\u0151haj\u00f3k\",\"url\":\"https:\\\/\\\/allezfencing.eu\\\/\",\"logo\":{\"@type\":\"ImageObject\",\"inLanguage\":\"en-GB\",\"@id\":\"https:\\\/\\\/allezfencing.eu\\\/#\\\/schema\\\/logo\\\/image\\\/\",\"url\":\"https:\\\/\\\/allezfencing.eu\\\/wp-content\\\/uploads\\\/2025\\\/03\\\/etetohajo.eu-panama-site-icon.webp\",\"contentUrl\":\"https:\\\/\\\/allezfencing.eu\\\/wp-content\\\/uploads\\\/2025\\\/03\\\/etetohajo.eu-panama-site-icon.webp\",\"width\":512,\"height\":512,\"caption\":\"Panama Etet\u0151haj\u00f3k\"},\"image\":{\"@id\":\"https:\\\/\\\/allezfencing.eu\\\/#\\\/schema\\\/logo\\\/image\\\/\"},\"sameAs\":[\"https:\\\/\\\/www.facebook.com\\\/panamaetetohajo\"]}]}<\/script>\n<!-- \/ Yoast SEO plugin. -->","yoast_head_json":{"title":"Elsior Kard Fejv\u00e9d, fix b\u00e9l\u00e9ssel | Allez Fencing","description":"Elsior kard fejv\u00e9d fix b\u00e9l\u00e9ssel. Ide\u00e1lis kezd\u0151knek \u00e9s edz\u00e9sekhez, j\u00f3 \u00e1r-\u00e9rt\u00e9k ar\u00e1nnyal.","robots":{"index":"index","follow":"follow","max-snippet":"max-snippet:-1","max-image-preview":"max-image-preview:large","max-video-preview":"max-video-preview:-1"},"canonical":"https:\/\/allezfencing.eu\/en\/webshop\/fejvedek\/kard-fejvedek\/elsior-kard-fejved-fix-belessel\/","og_locale":"en_GB","og_type":"article","og_title":"Elsior Kard Fejv\u00e9d, fix b\u00e9l\u00e9ssel | Allez Fencing","og_description":"Elsior kard fejv\u00e9d fix b\u00e9l\u00e9ssel. Ide\u00e1lis kezd\u0151knek \u00e9s edz\u00e9sekhez, j\u00f3 \u00e1r-\u00e9rt\u00e9k ar\u00e1nnyal.","og_url":"https:\/\/allezfencing.eu\/en\/webshop\/fejvedek\/kard-fejvedek\/elsior-kard-fejved-fix-belessel\/","og_site_name":"Allez Fencing","article_publisher":"https:\/\/www.facebook.com\/panamaetetohajo","article_modified_time":"2026-04-01T06:59:10+00:00","og_image":[{"width":700,"height":700,"url":"https:\/\/allezfencing.eu\/wp-content\/uploads\/2025\/12\/Elsior_Sword_Mask_01.jpg","type":"image\/jpeg"}],"twitter_card":"summary_large_image","twitter_misc":{"Estimated reading time":"2 minutes"},"schema":{"@context":"https:\/\/schema.org","@graph":[{"@type":"WebPage","@id":"https:\/\/allezfencing.eu\/webshop\/fejvedek\/kard-fejvedek\/elsior-kard-fejved-fix-belessel\/","url":"https:\/\/allezfencing.eu\/webshop\/fejvedek\/kard-fejvedek\/elsior-kard-fejved-fix-belessel\/","name":"Elsior Kard Fejv\u00e9d, fix b\u00e9l\u00e9ssel | Allez Fencing","isPartOf":{"@id":"https:\/\/allezfencing.eu\/#website"},"primaryImageOfPage":{"@id":"https:\/\/allezfencing.eu\/webshop\/fejvedek\/kard-fejvedek\/elsior-kard-fejved-fix-belessel\/#primaryimage"},"image":{"@id":"https:\/\/allezfencing.eu\/webshop\/fejvedek\/kard-fejvedek\/elsior-kard-fejved-fix-belessel\/#primaryimage"},"thumbnailUrl":"https:\/\/allezfencing.eu\/wp-content\/uploads\/2025\/12\/Elsior_Sword_Mask_01.jpg","datePublished":"2025-12-08T17:21:17+00:00","dateModified":"2026-04-01T06:59:10+00:00","description":"Elsior kard fejv\u00e9d fix b\u00e9l\u00e9ssel. Ide\u00e1lis kezd\u0151knek \u00e9s edz\u00e9sekhez, j\u00f3 \u00e1r-\u00e9rt\u00e9k ar\u00e1nnyal.","breadcrumb":{"@id":"https:\/\/allezfencing.eu\/webshop\/fejvedek\/kard-fejvedek\/elsior-kard-fejved-fix-belessel\/#breadcrumb"},"inLanguage":"en-GB","potentialAction":[{"@type":"ReadAction","target":["https:\/\/allezfencing.eu\/webshop\/fejvedek\/kard-fejvedek\/elsior-kard-fejved-fix-belessel\/"]}]},{"@type":"ImageObject","inLanguage":"en-GB","@id":"https:\/\/allezfencing.eu\/webshop\/fejvedek\/kard-fejvedek\/elsior-kard-fejved-fix-belessel\/#primaryimage","url":"https:\/\/allezfencing.eu\/wp-content\/uploads\/2025\/12\/Elsior_Sword_Mask_01.jpg","contentUrl":"https:\/\/allezfencing.eu\/wp-content\/uploads\/2025\/12\/Elsior_Sword_Mask_01.jpg","width":700,"height":700},{"@type":"BreadcrumbList","@id":"https:\/\/allezfencing.eu\/webshop\/fejvedek\/kard-fejvedek\/elsior-kard-fejved-fix-belessel\/#breadcrumb","itemListElement":[{"@type":"ListItem","position":1,"name":"Kezd\u0151lap","item":"https:\/\/allezfencing.eu\/"},{"@type":"ListItem","position":2,"name":"Webshop","item":"https:\/\/allezfencing.eu\/webshop\/"},{"@type":"ListItem","position":3,"name":"FEJV\u00c9DEK","item":"https:\/\/allezfencing.eu\/termekkategoria\/fejvedek\/"},{"@type":"ListItem","position":4,"name":"KARD FEJV\u00c9DEK","item":"https:\/\/allezfencing.eu\/termekkategoria\/fejvedek\/kard-fejvedek\/"},{"@type":"ListItem","position":5,"name":"Elsior Kard Fejv\u00e9d, fix b\u00e9l\u00e9ssel"}]},{"@type":"WebSite","@id":"https:\/\/allezfencing.eu\/#website","url":"https:\/\/allezfencing.eu\/","name":"Allez Fencing","description":"Minden ami v\u00edv\u00e1s","publisher":{"@id":"https:\/\/allezfencing.eu\/#organization"},"potentialAction":[{"@type":"SearchAction","target":{"@type":"EntryPoint","urlTemplate":"https:\/\/allezfencing.eu\/?s={search_term_string}"},"query-input":{"@type":"PropertyValueSpecification","valueRequired":true,"valueName":"search_term_string"}}],"inLanguage":"en-GB"},{"@type":"Organization","@id":"https:\/\/allezfencing.eu\/#organization","name":"Panama Feeding boats","url":"https:\/\/allezfencing.eu\/","logo":{"@type":"ImageObject","inLanguage":"en-GB","@id":"https:\/\/allezfencing.eu\/#\/schema\/logo\/image\/","url":"https:\/\/allezfencing.eu\/wp-content\/uploads\/2025\/03\/etetohajo.eu-panama-site-icon.webp","contentUrl":"https:\/\/allezfencing.eu\/wp-content\/uploads\/2025\/03\/etetohajo.eu-panama-site-icon.webp","width":512,"height":512,"caption":"Panama Etet\u0151haj\u00f3k"},"image":{"@id":"https:\/\/allezfencing.eu\/#\/schema\/logo\/image\/"},"sameAs":["https:\/\/www.facebook.com\/panamaetetohajo"]}]}},"_links":{"self":[{"href":"https:\/\/allezfencing.eu\/en\/wp-json\/wp\/v2\/product\/14950","targetHints":{"allow":["GET"]}}],"collection":[{"href":"https:\/\/allezfencing.eu\/en\/wp-json\/wp\/v2\/product"}],"about":[{"href":"https:\/\/allezfencing.eu\/en\/wp-json\/wp\/v2\/types\/product"}],"replies":[{"embeddable":true,"href":"https:\/\/allezfencing.eu\/en\/wp-json\/wp\/v2\/comments?post=14950"}],"version-history":[{"count":0,"href":"https:\/\/allezfencing.eu\/en\/wp-json\/wp\/v2\/product\/14950\/revisions"}],"wp:featuredmedia":[{"embeddable":true,"href":"https:\/\/allezfencing.eu\/en\/wp-json\/wp\/v2\/media\/14951"}],"wp:attachment":[{"href":"https:\/\/allezfencing.eu\/en\/wp-json\/wp\/v2\/media?parent=14950"}],"wp:term":[{"taxonomy":"product_brand","embeddable":true,"href":"https:\/\/allezfencing.eu\/en\/wp-json\/wp\/v2\/product_brand?post=14950"},{"taxonomy":"product_cat","embeddable":true,"href":"https:\/\/allezfencing.eu\/en\/wp-json\/wp\/v2\/product_cat?post=14950"},{"taxonomy":"product_tag","embeddable":true,"href":"https:\/\/allezfencing.eu\/en\/wp-json\/wp\/v2\/product_tag?post=14950"}],"curies":[{"name":"wp","href":"https:\/\/api.w.org\/{rel}","templated":true}]}}