{"id":14960,"date":"2025-12-08T18:21:17","date_gmt":"2025-12-08T17:21:17","guid":{"rendered":"https:\/\/infiniteq.org\/webshop\/nem-kategorizalt\/fwf-fie-800-n-ferfi-nadrag-1761\/"},"modified":"2026-04-04T15:17:44","modified_gmt":"2026-04-04T13:17:44","slug":"fwf-fie-800-n-ferfi-nadrag-1761","status":"publish","type":"product","link":"https:\/\/allezfencing.eu\/en\/webshop\/ruhazat\/nadrag\/fwf-fie-800-n-ferfi-nadrag-1761\/","title":{"rendered":"FWF FIE 800 N F\u00e9rfi nadr\u00e1g"},"content":{"rendered":"<p data-start=\"183\" data-end=\"248\">FWF FIE 800N F\u00e9rfi Nadr\u00e1g \u2013 Versenyre tervezett maxim\u00e1lis v\u00e9delem<\/p>\n<p data-start=\"250\" data-end=\"262\">Term\u00e9kle\u00edr\u00e1s<\/p>\n<p data-start=\"264\" data-end=\"474\">Az FWF FIE 800N f\u00e9rfi nadr\u00e1g professzion\u00e1lis v\u00e1laszt\u00e1s versenyz\u0151k sz\u00e1m\u00e1ra, amely maxim\u00e1lis v\u00e9delmet \u00e9s megb\u00edzhat\u00f3 teljes\u00edtm\u00e9nyt biztos\u00edt. Az FIE min\u0151s\u00edt\u00e9s garant\u00e1lja a nemzetk\u00f6zi szabv\u00e1nyoknak val\u00f3 megfelel\u00e9st.<\/p>\n<p data-start=\"476\" data-end=\"668\">Az er\u0151s, 800N szak\u00edt\u00f3szil\u00e1rds\u00e1g\u00fa anyag kiv\u00e1l\u00f3 v\u00e9delmet ny\u00fajt, mik\u00f6zben az ergonomikus kialak\u00edt\u00e1s lehet\u0151v\u00e9 teszi a szabad mozg\u00e1st a p\u00e1ston. A tart\u00f3s anyaghaszn\u00e1lat hossz\u00fa \u00e9lettartamot biztos\u00edt.<\/p>\n<p data-start=\"670\" data-end=\"727\">Ez a modell ide\u00e1lis versenyz\u00e9shez \u00e9s intenz\u00edv edz\u00e9sekhez.<\/p>\n<p data-start=\"729\" data-end=\"743\">Main features<\/p>\n<p data-start=\"745\" data-end=\"892\">\u2714 FIE 800N min\u0151s\u00edt\u00e9s<br data-start=\"765\" data-end=\"768\" \/>\u2714 Maxim\u00e1lis v\u00e9delem<br data-start=\"787\" data-end=\"790\" \/>\u2714 Ergonomikus szab\u00e1s<br data-start=\"810\" data-end=\"813\" \/>\u2714 Tart\u00f3s anyag<br data-start=\"827\" data-end=\"830\" \/>\u2714 Szabad mozg\u00e1s<br data-start=\"845\" data-end=\"848\" \/>\u2714 Versenyre alkalmas<br data-start=\"868\" data-end=\"871\" \/>\u2714 Profi haszn\u00e1latra<\/p>\n<p data-start=\"894\" data-end=\"928\">Mi\u00e9rt v\u00e1laszd ezt a v\u00edv\u00f3 nadr\u00e1got?<\/p>\n<p data-start=\"930\" data-end=\"1044\">\ud83e\udd47 Versenymin\u0151s\u00e9g<br data-start=\"947\" data-end=\"950\" \/>\ud83d\udee1 Maxim\u00e1lis v\u00e9delem<br data-start=\"970\" data-end=\"973\" \/>\u2694 Profi haszn\u00e1lat<br data-start=\"990\" data-end=\"993\" \/>\ud83d\udcaa Tart\u00f3s kialak\u00edt\u00e1s<br data-start=\"1013\" data-end=\"1016\" \/>\ud83c\udfaf Megb\u00edzhat\u00f3 teljes\u00edtm\u00e9ny<\/p>\n<p data-start=\"1046\" data-end=\"1067\">Felhaszn\u00e1l\u00e1si ter\u00fclet<\/p>\n<p data-start=\"1069\" data-end=\"1133\">versenyz\u00e9shez<br data-start=\"1082\" data-end=\"1085\" \/>intenz\u00edv edz\u00e9sekhez<br data-start=\"1104\" data-end=\"1107\" \/>halad\u00f3 \u00e9s profi v\u00edv\u00f3knak<\/p>\n<p data-start=\"1135\" data-end=\"1175\">\u00c9letst\u00edlus \u2013 professzion\u00e1lis felszerel\u00e9s<\/p>\n<p data-start=\"1177\" data-end=\"1236\">Az FWF FIE nadr\u00e1g ide\u00e1lis v\u00e1laszt\u00e1s a komoly v\u00edv\u00f3k sz\u00e1m\u00e1ra.<\/p>\n<hr data-start=\"1238\" data-end=\"1241\" \/>\n<p data-start=\"1243\" data-end=\"1266\">Gyakori k\u00e9rd\u00e9sek (GYIK)<\/p>\n<p data-start=\"1268\" data-end=\"1384\">Versenyeken haszn\u00e1lhat\u00f3 ez a nadr\u00e1g?<br data-start=\"1304\" data-end=\"1307\" \/>Igen, az FIE min\u0151s\u00edt\u00e9s miatt teljes m\u00e9rt\u00e9kben megfelel a versenyszab\u00e1lyoknak.<\/p>\n<p data-start=\"1386\" data-end=\"1517\">Mi a k\u00fcl\u00f6nbs\u00e9g a 350N \u00e9s az 800N nadr\u00e1g k\u00f6z\u00f6tt?<br data-start=\"1433\" data-end=\"1436\" \/>Az 800N nadr\u00e1g magasabb v\u00e9delmi szintet biztos\u00edt, \u00edgy versenyeken k\u00f6telez\u0151 lehet.<\/p>\n<p data-start=\"1519\" data-end=\"1597\">Kinek aj\u00e1nlott ez a modell?<br data-start=\"1546\" data-end=\"1549\" \/>Halad\u00f3 \u00e9s profi v\u00edv\u00f3knak, illetve versenyz\u0151knek.<\/p>","protected":false},"excerpt":{"rendered":"<p>FWF FIE 800N F\u00e9rfi Nadr\u00e1g \u2013 Versenyre tervezett maxim\u00e1lis v\u00e9delem<\/p>","protected":false},"featured_media":14819,"comment_status":"open","ping_status":"closed","template":"","meta":[],"product_brand":[321],"product_cat":[1134],"product_tag":[],"class_list":{"0":"post-14960","1":"product","2":"type-product","3":"status-publish","4":"has-post-thumbnail","6":"product_brand-fwf","7":"product_cat-nadrag","9":"first","10":"instock","11":"taxable","12":"shipping-taxable","13":"purchasable","14":"product-type-variable"},"yoast_head":"<!-- This site is optimized with the Yoast SEO plugin v27.5 - https:\/\/yoast.com\/product\/yoast-seo-wordpress\/ -->\n<title>FWF FIE 800 N F\u00e9rfi nadr\u00e1g | Allez Fencing<\/title>\n<meta name=\"description\" content=\"FWF FIE 800N f\u00e9rfi nadr\u00e1g. Maxim\u00e1lis v\u00e9delem versenyz\u00e9shez.\" \/>\n<meta name=\"robots\" content=\"index, follow, max-snippet:-1, max-image-preview:large, max-video-preview:-1\" \/>\n<link rel=\"canonical\" href=\"https:\/\/allezfencing.eu\/en\/webshop\/ruhazat\/nadrag\/fwf-fie-800-n-ferfi-nadrag-1761\/\" \/>\n<meta property=\"og:locale\" content=\"en_GB\" \/>\n<meta property=\"og:type\" content=\"article\" \/>\n<meta property=\"og:title\" content=\"FWF FIE 800 N F\u00e9rfi nadr\u00e1g | Allez Fencing\" \/>\n<meta property=\"og:description\" content=\"FWF FIE 800N f\u00e9rfi nadr\u00e1g. Maxim\u00e1lis v\u00e9delem versenyz\u00e9shez.\" \/>\n<meta property=\"og:url\" content=\"https:\/\/allezfencing.eu\/en\/webshop\/ruhazat\/nadrag\/fwf-fie-800-n-ferfi-nadrag-1761\/\" \/>\n<meta property=\"og:site_name\" content=\"Allez Fencing\" \/>\n<meta property=\"article:publisher\" content=\"https:\/\/www.facebook.com\/panamaetetohajo\" \/>\n<meta property=\"article:modified_time\" content=\"2026-04-04T13:17:44+00:00\" \/>\n<meta property=\"og:image\" content=\"https:\/\/allezfencing.eu\/wp-content\/uploads\/2025\/12\/FWF_800N_Nadrag1.jpg\" \/>\n\t<meta property=\"og:image:width\" content=\"418\" \/>\n\t<meta property=\"og:image:height\" content=\"800\" \/>\n\t<meta property=\"og:image:type\" content=\"image\/jpeg\" \/>\n<meta name=\"twitter:card\" content=\"summary_large_image\" \/>\n<meta name=\"twitter:label1\" content=\"Estimated reading time\" \/>\n\t<meta name=\"twitter:data1\" content=\"2 minutes\" \/>\n<script type=\"application\/ld+json\" class=\"yoast-schema-graph\">{\"@context\":\"https:\\\/\\\/schema.org\",\"@graph\":[{\"@type\":\"WebPage\",\"@id\":\"https:\\\/\\\/allezfencing.eu\\\/webshop\\\/ruhazat\\\/nadrag\\\/fwf-fie-800-n-ferfi-nadrag-1761\\\/\",\"url\":\"https:\\\/\\\/allezfencing.eu\\\/webshop\\\/ruhazat\\\/nadrag\\\/fwf-fie-800-n-ferfi-nadrag-1761\\\/\",\"name\":\"FWF FIE 800 N F\u00e9rfi nadr\u00e1g | Allez Fencing\",\"isPartOf\":{\"@id\":\"https:\\\/\\\/allezfencing.eu\\\/#website\"},\"primaryImageOfPage\":{\"@id\":\"https:\\\/\\\/allezfencing.eu\\\/webshop\\\/ruhazat\\\/nadrag\\\/fwf-fie-800-n-ferfi-nadrag-1761\\\/#primaryimage\"},\"image\":{\"@id\":\"https:\\\/\\\/allezfencing.eu\\\/webshop\\\/ruhazat\\\/nadrag\\\/fwf-fie-800-n-ferfi-nadrag-1761\\\/#primaryimage\"},\"thumbnailUrl\":\"https:\\\/\\\/allezfencing.eu\\\/wp-content\\\/uploads\\\/2025\\\/12\\\/FWF_800N_Nadrag1.jpg\",\"datePublished\":\"2025-12-08T17:21:17+00:00\",\"dateModified\":\"2026-04-04T13:17:44+00:00\",\"description\":\"FWF FIE 800N f\u00e9rfi nadr\u00e1g. Maxim\u00e1lis v\u00e9delem versenyz\u00e9shez.\",\"breadcrumb\":{\"@id\":\"https:\\\/\\\/allezfencing.eu\\\/webshop\\\/ruhazat\\\/nadrag\\\/fwf-fie-800-n-ferfi-nadrag-1761\\\/#breadcrumb\"},\"inLanguage\":\"en-GB\",\"potentialAction\":[{\"@type\":\"ReadAction\",\"target\":[\"https:\\\/\\\/allezfencing.eu\\\/webshop\\\/ruhazat\\\/nadrag\\\/fwf-fie-800-n-ferfi-nadrag-1761\\\/\"]}]},{\"@type\":\"ImageObject\",\"inLanguage\":\"en-GB\",\"@id\":\"https:\\\/\\\/allezfencing.eu\\\/webshop\\\/ruhazat\\\/nadrag\\\/fwf-fie-800-n-ferfi-nadrag-1761\\\/#primaryimage\",\"url\":\"https:\\\/\\\/allezfencing.eu\\\/wp-content\\\/uploads\\\/2025\\\/12\\\/FWF_800N_Nadrag1.jpg\",\"contentUrl\":\"https:\\\/\\\/allezfencing.eu\\\/wp-content\\\/uploads\\\/2025\\\/12\\\/FWF_800N_Nadrag1.jpg\",\"width\":418,\"height\":800},{\"@type\":\"BreadcrumbList\",\"@id\":\"https:\\\/\\\/allezfencing.eu\\\/webshop\\\/ruhazat\\\/nadrag\\\/fwf-fie-800-n-ferfi-nadrag-1761\\\/#breadcrumb\",\"itemListElement\":[{\"@type\":\"ListItem\",\"position\":1,\"name\":\"Kezd\u0151lap\",\"item\":\"https:\\\/\\\/allezfencing.eu\\\/\"},{\"@type\":\"ListItem\",\"position\":2,\"name\":\"Webshop\",\"item\":\"https:\\\/\\\/allezfencing.eu\\\/webshop\\\/\"},{\"@type\":\"ListItem\",\"position\":3,\"name\":\"RUH\u00c1ZAT\",\"item\":\"https:\\\/\\\/allezfencing.eu\\\/termekkategoria\\\/ruhazat\\\/\"},{\"@type\":\"ListItem\",\"position\":4,\"name\":\"NADR\u00c1G\",\"item\":\"https:\\\/\\\/allezfencing.eu\\\/termekkategoria\\\/ruhazat\\\/nadrag\\\/\"},{\"@type\":\"ListItem\",\"position\":5,\"name\":\"FWF FIE 800 N F\u00e9rfi nadr\u00e1g\"}]},{\"@type\":\"WebSite\",\"@id\":\"https:\\\/\\\/allezfencing.eu\\\/#website\",\"url\":\"https:\\\/\\\/allezfencing.eu\\\/\",\"name\":\"Allez Fencing\",\"description\":\"Minden ami v\u00edv\u00e1s\",\"publisher\":{\"@id\":\"https:\\\/\\\/allezfencing.eu\\\/#organization\"},\"potentialAction\":[{\"@type\":\"SearchAction\",\"target\":{\"@type\":\"EntryPoint\",\"urlTemplate\":\"https:\\\/\\\/allezfencing.eu\\\/?s={search_term_string}\"},\"query-input\":{\"@type\":\"PropertyValueSpecification\",\"valueRequired\":true,\"valueName\":\"search_term_string\"}}],\"inLanguage\":\"en-GB\"},{\"@type\":\"Organization\",\"@id\":\"https:\\\/\\\/allezfencing.eu\\\/#organization\",\"name\":\"Panama Etet\u0151haj\u00f3k\",\"url\":\"https:\\\/\\\/allezfencing.eu\\\/\",\"logo\":{\"@type\":\"ImageObject\",\"inLanguage\":\"en-GB\",\"@id\":\"https:\\\/\\\/allezfencing.eu\\\/#\\\/schema\\\/logo\\\/image\\\/\",\"url\":\"https:\\\/\\\/allezfencing.eu\\\/wp-content\\\/uploads\\\/2025\\\/03\\\/etetohajo.eu-panama-site-icon.webp\",\"contentUrl\":\"https:\\\/\\\/allezfencing.eu\\\/wp-content\\\/uploads\\\/2025\\\/03\\\/etetohajo.eu-panama-site-icon.webp\",\"width\":512,\"height\":512,\"caption\":\"Panama Etet\u0151haj\u00f3k\"},\"image\":{\"@id\":\"https:\\\/\\\/allezfencing.eu\\\/#\\\/schema\\\/logo\\\/image\\\/\"},\"sameAs\":[\"https:\\\/\\\/www.facebook.com\\\/panamaetetohajo\"]}]}<\/script>\n<!-- \/ Yoast SEO plugin. -->","yoast_head_json":{"title":"FWF FIE 800 N F\u00e9rfi nadr\u00e1g | Allez Fencing","description":"FWF FIE 800N f\u00e9rfi nadr\u00e1g. Maxim\u00e1lis v\u00e9delem versenyz\u00e9shez.","robots":{"index":"index","follow":"follow","max-snippet":"max-snippet:-1","max-image-preview":"max-image-preview:large","max-video-preview":"max-video-preview:-1"},"canonical":"https:\/\/allezfencing.eu\/en\/webshop\/ruhazat\/nadrag\/fwf-fie-800-n-ferfi-nadrag-1761\/","og_locale":"en_GB","og_type":"article","og_title":"FWF FIE 800 N F\u00e9rfi nadr\u00e1g | Allez Fencing","og_description":"FWF FIE 800N f\u00e9rfi nadr\u00e1g. Maxim\u00e1lis v\u00e9delem versenyz\u00e9shez.","og_url":"https:\/\/allezfencing.eu\/en\/webshop\/ruhazat\/nadrag\/fwf-fie-800-n-ferfi-nadrag-1761\/","og_site_name":"Allez Fencing","article_publisher":"https:\/\/www.facebook.com\/panamaetetohajo","article_modified_time":"2026-04-04T13:17:44+00:00","og_image":[{"width":418,"height":800,"url":"https:\/\/allezfencing.eu\/wp-content\/uploads\/2025\/12\/FWF_800N_Nadrag1.jpg","type":"image\/jpeg"}],"twitter_card":"summary_large_image","twitter_misc":{"Estimated reading time":"2 minutes"},"schema":{"@context":"https:\/\/schema.org","@graph":[{"@type":"WebPage","@id":"https:\/\/allezfencing.eu\/webshop\/ruhazat\/nadrag\/fwf-fie-800-n-ferfi-nadrag-1761\/","url":"https:\/\/allezfencing.eu\/webshop\/ruhazat\/nadrag\/fwf-fie-800-n-ferfi-nadrag-1761\/","name":"FWF FIE 800 N F\u00e9rfi nadr\u00e1g | Allez Fencing","isPartOf":{"@id":"https:\/\/allezfencing.eu\/#website"},"primaryImageOfPage":{"@id":"https:\/\/allezfencing.eu\/webshop\/ruhazat\/nadrag\/fwf-fie-800-n-ferfi-nadrag-1761\/#primaryimage"},"image":{"@id":"https:\/\/allezfencing.eu\/webshop\/ruhazat\/nadrag\/fwf-fie-800-n-ferfi-nadrag-1761\/#primaryimage"},"thumbnailUrl":"https:\/\/allezfencing.eu\/wp-content\/uploads\/2025\/12\/FWF_800N_Nadrag1.jpg","datePublished":"2025-12-08T17:21:17+00:00","dateModified":"2026-04-04T13:17:44+00:00","description":"FWF FIE 800N f\u00e9rfi nadr\u00e1g. Maxim\u00e1lis v\u00e9delem versenyz\u00e9shez.","breadcrumb":{"@id":"https:\/\/allezfencing.eu\/webshop\/ruhazat\/nadrag\/fwf-fie-800-n-ferfi-nadrag-1761\/#breadcrumb"},"inLanguage":"en-GB","potentialAction":[{"@type":"ReadAction","target":["https:\/\/allezfencing.eu\/webshop\/ruhazat\/nadrag\/fwf-fie-800-n-ferfi-nadrag-1761\/"]}]},{"@type":"ImageObject","inLanguage":"en-GB","@id":"https:\/\/allezfencing.eu\/webshop\/ruhazat\/nadrag\/fwf-fie-800-n-ferfi-nadrag-1761\/#primaryimage","url":"https:\/\/allezfencing.eu\/wp-content\/uploads\/2025\/12\/FWF_800N_Nadrag1.jpg","contentUrl":"https:\/\/allezfencing.eu\/wp-content\/uploads\/2025\/12\/FWF_800N_Nadrag1.jpg","width":418,"height":800},{"@type":"BreadcrumbList","@id":"https:\/\/allezfencing.eu\/webshop\/ruhazat\/nadrag\/fwf-fie-800-n-ferfi-nadrag-1761\/#breadcrumb","itemListElement":[{"@type":"ListItem","position":1,"name":"Kezd\u0151lap","item":"https:\/\/allezfencing.eu\/"},{"@type":"ListItem","position":2,"name":"Webshop","item":"https:\/\/allezfencing.eu\/webshop\/"},{"@type":"ListItem","position":3,"name":"RUH\u00c1ZAT","item":"https:\/\/allezfencing.eu\/termekkategoria\/ruhazat\/"},{"@type":"ListItem","position":4,"name":"NADR\u00c1G","item":"https:\/\/allezfencing.eu\/termekkategoria\/ruhazat\/nadrag\/"},{"@type":"ListItem","position":5,"name":"FWF FIE 800 N F\u00e9rfi nadr\u00e1g"}]},{"@type":"WebSite","@id":"https:\/\/allezfencing.eu\/#website","url":"https:\/\/allezfencing.eu\/","name":"Allez Fencing","description":"Minden ami v\u00edv\u00e1s","publisher":{"@id":"https:\/\/allezfencing.eu\/#organization"},"potentialAction":[{"@type":"SearchAction","target":{"@type":"EntryPoint","urlTemplate":"https:\/\/allezfencing.eu\/?s={search_term_string}"},"query-input":{"@type":"PropertyValueSpecification","valueRequired":true,"valueName":"search_term_string"}}],"inLanguage":"en-GB"},{"@type":"Organization","@id":"https:\/\/allezfencing.eu\/#organization","name":"Panama Feeding boats","url":"https:\/\/allezfencing.eu\/","logo":{"@type":"ImageObject","inLanguage":"en-GB","@id":"https:\/\/allezfencing.eu\/#\/schema\/logo\/image\/","url":"https:\/\/allezfencing.eu\/wp-content\/uploads\/2025\/03\/etetohajo.eu-panama-site-icon.webp","contentUrl":"https:\/\/allezfencing.eu\/wp-content\/uploads\/2025\/03\/etetohajo.eu-panama-site-icon.webp","width":512,"height":512,"caption":"Panama Etet\u0151haj\u00f3k"},"image":{"@id":"https:\/\/allezfencing.eu\/#\/schema\/logo\/image\/"},"sameAs":["https:\/\/www.facebook.com\/panamaetetohajo"]}]}},"_links":{"self":[{"href":"https:\/\/allezfencing.eu\/en\/wp-json\/wp\/v2\/product\/14960","targetHints":{"allow":["GET"]}}],"collection":[{"href":"https:\/\/allezfencing.eu\/en\/wp-json\/wp\/v2\/product"}],"about":[{"href":"https:\/\/allezfencing.eu\/en\/wp-json\/wp\/v2\/types\/product"}],"replies":[{"embeddable":true,"href":"https:\/\/allezfencing.eu\/en\/wp-json\/wp\/v2\/comments?post=14960"}],"version-history":[{"count":0,"href":"https:\/\/allezfencing.eu\/en\/wp-json\/wp\/v2\/product\/14960\/revisions"}],"wp:featuredmedia":[{"embeddable":true,"href":"https:\/\/allezfencing.eu\/en\/wp-json\/wp\/v2\/media\/14819"}],"wp:attachment":[{"href":"https:\/\/allezfencing.eu\/en\/wp-json\/wp\/v2\/media?parent=14960"}],"wp:term":[{"taxonomy":"product_brand","embeddable":true,"href":"https:\/\/allezfencing.eu\/en\/wp-json\/wp\/v2\/product_brand?post=14960"},{"taxonomy":"product_cat","embeddable":true,"href":"https:\/\/allezfencing.eu\/en\/wp-json\/wp\/v2\/product_cat?post=14960"},{"taxonomy":"product_tag","embeddable":true,"href":"https:\/\/allezfencing.eu\/en\/wp-json\/wp\/v2\/product_tag?post=14960"}],"curies":[{"name":"wp","href":"https:\/\/api.w.org\/{rel}","templated":true}]}}