{"id":14999,"date":"2025-12-08T18:23:12","date_gmt":"2025-12-08T17:23:12","guid":{"rendered":"https:\/\/infiniteq.org\/webshop\/nem-kategorizalt\/trainers-puma-for-adults-edzocipo-ezust-szinu-a-megrendeles-elott-telefonos-egyeztetest-kerunk\/"},"modified":"2026-04-05T10:00:51","modified_gmt":"2026-04-05T08:00:51","slug":"trainers-puma-for-adults-edzocipo-ezust-szinu-a-megrendeles-elott-telefonos-egyeztetest-kerunk","status":"publish","type":"product","link":"https:\/\/allezfencing.eu\/en\/webshop\/ruhazat\/cipok\/trainers-puma-for-adults-edzocipo-ezust-szinu-a-megrendeles-elott-telefonos-egyeztetest-kerunk\/","title":{"rendered":"Trainers &#8222;Puma&#8221; for adults edz\u0151cip\u0151 &#8211; Ez\u00fcst sz\u00edn\u0171-A megrendel\u00e9s el\u0151tt telefonos egyeztet\u00e9st k\u00e9r\u00fcnk!"},"content":{"rendered":"<p data-start=\"4211\" data-end=\"4252\">Puma Trainers Edz\u0151cip\u0151 \u2013 Ez\u00fcst kivitelben<\/p>\n<p data-start=\"4254\" data-end=\"4266\">Term\u00e9kle\u00edr\u00e1s<\/p>\n<p data-start=\"4268\" data-end=\"4360\">A Puma Trainers edz\u0151cip\u0151 ez\u00fcst v\u00e1ltozata modern megjelen\u00e9st \u00e9s k\u00e9nyelmes viseletet biztos\u00edt.<\/p>\n<p data-start=\"4362\" data-end=\"4455\">A cip\u0151 k\u00f6nny\u0171 \u00e9s j\u00f3l illeszkedik, \u00edgy ide\u00e1lis v\u00e1laszt\u00e1s edz\u00e9sekhez \u00e9s mindennapi haszn\u00e1latra.<\/p>\n<p data-start=\"4457\" data-end=\"4471\">Main features<\/p>\n<p data-start=\"4473\" data-end=\"4607\">\u2714 Puma min\u0151s\u00e9g<br data-start=\"4487\" data-end=\"4490\" \/>\u2714 K\u00f6nny\u0171 kialak\u00edt\u00e1s<br data-start=\"4509\" data-end=\"4512\" \/>\u2714 K\u00e9nyelmes viselet<br data-start=\"4531\" data-end=\"4534\" \/>\u2714 Modern design<br data-start=\"4549\" data-end=\"4552\" \/>\u2714 J\u00f3 szell\u0151z\u00e9s<br data-start=\"4566\" data-end=\"4569\" \/>\u2714 Stabil tart\u00e1s<br data-start=\"4584\" data-end=\"4587\" \/>\u2714 Edz\u00e9shez ide\u00e1lis<\/p>\n<p data-start=\"4609\" data-end=\"4635\">Mi\u00e9rt v\u00e1laszd ezt a cip\u0151t?<\/p>\n<p data-start=\"4637\" data-end=\"4706\">\ud83d\udc5f Puma<br data-start=\"4644\" data-end=\"4647\" \/>\ud83d\ude0e Modern design<br data-start=\"4663\" data-end=\"4666\" \/>\ud83e\udde6 K\u00e9nyelmes<br data-start=\"4678\" data-end=\"4681\" \/>\ud83d\udcaa Tart\u00f3s<br data-start=\"4690\" data-end=\"4693\" \/>\ud83c\udf2c Szell\u0151z\u0151<\/p>\n<p data-start=\"4708\" data-end=\"4729\">Felhaszn\u00e1l\u00e1si ter\u00fclet<\/p>\n<p data-start=\"4731\" data-end=\"4768\">edz\u00e9sekhez<br data-start=\"4741\" data-end=\"4744\" \/>mindennapi haszn\u00e1latra<\/p>\n<p data-start=\"4770\" data-end=\"4808\">\u00c9letst\u00edlus \u2013 modern sportos megjelen\u00e9s<\/p>\n<p data-start=\"4810\" data-end=\"4842\">Ez a cip\u0151 st\u00edlusos \u00e9s praktikus.<\/p>\n<hr data-start=\"4844\" data-end=\"4847\" \/>\n<p data-start=\"4849\" data-end=\"4872\">Gyakori k\u00e9rd\u00e9sek (GYIK)<\/p>\n<p data-start=\"4874\" data-end=\"4905\">Kinek aj\u00e1nlott?<br data-start=\"4889\" data-end=\"4892\" \/>Sportol\u00f3knak.<\/p>\n<p data-start=\"4907\" data-end=\"4947\">Haszn\u00e1lhat\u00f3 v\u00edv\u00e1shoz?<br data-start=\"4928\" data-end=\"4931\" \/>Edz\u00e9sekhez igen.<\/p>\n<p data-start=\"4949\" data-end=\"4980\">Mi\u00e9rt Puma?<br data-start=\"4960\" data-end=\"4963\" \/>Megb\u00edzhat\u00f3 m\u00e1rka.<\/p>","protected":false},"excerpt":{"rendered":"<p>Puma Trainers Edz\u0151cip\u0151 \u2013 Ez\u00fcst kivitelben<\/p>","protected":false},"featured_media":15000,"comment_status":"open","ping_status":"closed","template":"","meta":[],"product_brand":[1129],"product_cat":[774],"product_tag":[],"class_list":{"0":"post-14999","1":"product","2":"type-product","3":"status-publish","4":"has-post-thumbnail","6":"product_brand-puma","7":"product_cat-cipok","9":"first","10":"instock","11":"taxable","12":"shipping-taxable","13":"purchasable","14":"product-type-variable"},"yoast_head":"<!-- This site is optimized with the Yoast SEO plugin v27.2 - https:\/\/yoast.com\/product\/yoast-seo-wordpress\/ -->\n<title>Trainers &quot;Puma&quot; for adults edz\u0151cip\u0151 - Ez\u00fcst sz\u00edn\u0171-A megrendel\u00e9s el\u0151tt telefonos egyeztet\u00e9st k\u00e9r\u00fcnk! | Allez Fencing<\/title>\n<meta name=\"description\" content=\"Puma edz\u0151cip\u0151 ez\u00fcst kivitelben. K\u00e9nyelmes \u00e9s modern sportcip\u0151 edz\u00e9shez \u00e9s mindennapi haszn\u00e1latra.\" \/>\n<meta name=\"robots\" content=\"index, follow, max-snippet:-1, max-image-preview:large, max-video-preview:-1\" \/>\n<link rel=\"canonical\" href=\"https:\/\/allezfencing.eu\/en\/webshop\/ruhazat\/cipok\/trainers-puma-for-adults-edzocipo-ezust-szinu-a-megrendeles-elott-telefonos-egyeztetest-kerunk\/\" \/>\n<meta property=\"og:locale\" content=\"en_GB\" \/>\n<meta property=\"og:type\" content=\"article\" \/>\n<meta property=\"og:title\" content=\"Trainers &quot;Puma&quot; for adults edz\u0151cip\u0151 - Ez\u00fcst sz\u00edn\u0171-A megrendel\u00e9s el\u0151tt telefonos egyeztet\u00e9st k\u00e9r\u00fcnk! | Allez Fencing\" \/>\n<meta property=\"og:description\" content=\"Puma edz\u0151cip\u0151 ez\u00fcst kivitelben. K\u00e9nyelmes \u00e9s modern sportcip\u0151 edz\u00e9shez \u00e9s mindennapi haszn\u00e1latra.\" \/>\n<meta property=\"og:url\" content=\"https:\/\/allezfencing.eu\/en\/webshop\/ruhazat\/cipok\/trainers-puma-for-adults-edzocipo-ezust-szinu-a-megrendeles-elott-telefonos-egyeztetest-kerunk\/\" \/>\n<meta property=\"og:site_name\" content=\"Allez Fencing\" \/>\n<meta property=\"article:publisher\" content=\"https:\/\/www.facebook.com\/panamaetetohajo\" \/>\n<meta property=\"article:modified_time\" content=\"2026-04-05T08:00:51+00:00\" \/>\n<meta property=\"og:image\" content=\"https:\/\/allezfencing.eu\/wp-content\/uploads\/2025\/12\/PUMA_feher1.jpg\" \/>\n\t<meta property=\"og:image:width\" content=\"800\" \/>\n\t<meta property=\"og:image:height\" content=\"800\" \/>\n\t<meta property=\"og:image:type\" content=\"image\/jpeg\" \/>\n<meta name=\"twitter:card\" content=\"summary_large_image\" \/>\n<meta name=\"twitter:label1\" content=\"Estimated reading time\" \/>\n\t<meta name=\"twitter:data1\" content=\"1 minute\" \/>\n<script type=\"application\/ld+json\" class=\"yoast-schema-graph\">{\"@context\":\"https:\/\/schema.org\",\"@graph\":[{\"@type\":\"WebPage\",\"@id\":\"https:\/\/allezfencing.eu\/webshop\/ruhazat\/cipok\/trainers-puma-for-adults-edzocipo-ezust-szinu-a-megrendeles-elott-telefonos-egyeztetest-kerunk\/\",\"url\":\"https:\/\/allezfencing.eu\/webshop\/ruhazat\/cipok\/trainers-puma-for-adults-edzocipo-ezust-szinu-a-megrendeles-elott-telefonos-egyeztetest-kerunk\/\",\"name\":\"Trainers \\\"Puma\\\" for adults edz\u0151cip\u0151 - Ez\u00fcst sz\u00edn\u0171-A megrendel\u00e9s el\u0151tt telefonos egyeztet\u00e9st k\u00e9r\u00fcnk! | Allez Fencing\",\"isPartOf\":{\"@id\":\"https:\/\/allezfencing.eu\/#website\"},\"primaryImageOfPage\":{\"@id\":\"https:\/\/allezfencing.eu\/webshop\/ruhazat\/cipok\/trainers-puma-for-adults-edzocipo-ezust-szinu-a-megrendeles-elott-telefonos-egyeztetest-kerunk\/#primaryimage\"},\"image\":{\"@id\":\"https:\/\/allezfencing.eu\/webshop\/ruhazat\/cipok\/trainers-puma-for-adults-edzocipo-ezust-szinu-a-megrendeles-elott-telefonos-egyeztetest-kerunk\/#primaryimage\"},\"thumbnailUrl\":\"https:\/\/allezfencing.eu\/wp-content\/uploads\/2025\/12\/PUMA_feher1.jpg\",\"datePublished\":\"2025-12-08T17:23:12+00:00\",\"dateModified\":\"2026-04-05T08:00:51+00:00\",\"description\":\"Puma edz\u0151cip\u0151 ez\u00fcst kivitelben. K\u00e9nyelmes \u00e9s modern sportcip\u0151 edz\u00e9shez \u00e9s mindennapi haszn\u00e1latra.\",\"breadcrumb\":{\"@id\":\"https:\/\/allezfencing.eu\/webshop\/ruhazat\/cipok\/trainers-puma-for-adults-edzocipo-ezust-szinu-a-megrendeles-elott-telefonos-egyeztetest-kerunk\/#breadcrumb\"},\"inLanguage\":\"en-GB\",\"potentialAction\":[{\"@type\":\"ReadAction\",\"target\":[\"https:\/\/allezfencing.eu\/webshop\/ruhazat\/cipok\/trainers-puma-for-adults-edzocipo-ezust-szinu-a-megrendeles-elott-telefonos-egyeztetest-kerunk\/\"]}]},{\"@type\":\"ImageObject\",\"inLanguage\":\"en-GB\",\"@id\":\"https:\/\/allezfencing.eu\/webshop\/ruhazat\/cipok\/trainers-puma-for-adults-edzocipo-ezust-szinu-a-megrendeles-elott-telefonos-egyeztetest-kerunk\/#primaryimage\",\"url\":\"https:\/\/allezfencing.eu\/wp-content\/uploads\/2025\/12\/PUMA_feher1.jpg\",\"contentUrl\":\"https:\/\/allezfencing.eu\/wp-content\/uploads\/2025\/12\/PUMA_feher1.jpg\",\"width\":800,\"height\":800},{\"@type\":\"BreadcrumbList\",\"@id\":\"https:\/\/allezfencing.eu\/webshop\/ruhazat\/cipok\/trainers-puma-for-adults-edzocipo-ezust-szinu-a-megrendeles-elott-telefonos-egyeztetest-kerunk\/#breadcrumb\",\"itemListElement\":[{\"@type\":\"ListItem\",\"position\":1,\"name\":\"Kezd\u0151lap\",\"item\":\"https:\/\/allezfencing.eu\/\"},{\"@type\":\"ListItem\",\"position\":2,\"name\":\"Webshop\",\"item\":\"https:\/\/allezfencing.eu\/webshop\/\"},{\"@type\":\"ListItem\",\"position\":3,\"name\":\"RUH\u00c1ZAT\",\"item\":\"https:\/\/allezfencing.eu\/termekkategoria\/ruhazat\/\"},{\"@type\":\"ListItem\",\"position\":4,\"name\":\"CIP\u0150K\",\"item\":\"https:\/\/allezfencing.eu\/termekkategoria\/ruhazat\/cipok\/\"},{\"@type\":\"ListItem\",\"position\":5,\"name\":\"Trainers &#8222;Puma&#8221; for adults edz\u0151cip\u0151 &#8211; Ez\u00fcst sz\u00edn\u0171-A megrendel\u00e9s el\u0151tt telefonos egyeztet\u00e9st k\u00e9r\u00fcnk!\"}]},{\"@type\":\"WebSite\",\"@id\":\"https:\/\/allezfencing.eu\/#website\",\"url\":\"https:\/\/allezfencing.eu\/\",\"name\":\"Allez Fencing\",\"description\":\"Minden ami v\u00edv\u00e1s\",\"publisher\":{\"@id\":\"https:\/\/allezfencing.eu\/#organization\"},\"potentialAction\":[{\"@type\":\"SearchAction\",\"target\":{\"@type\":\"EntryPoint\",\"urlTemplate\":\"https:\/\/allezfencing.eu\/?s={search_term_string}\"},\"query-input\":{\"@type\":\"PropertyValueSpecification\",\"valueRequired\":true,\"valueName\":\"search_term_string\"}}],\"inLanguage\":\"en-GB\"},{\"@type\":\"Organization\",\"@id\":\"https:\/\/allezfencing.eu\/#organization\",\"name\":\"Panama Etet\u0151haj\u00f3k\",\"url\":\"https:\/\/allezfencing.eu\/\",\"logo\":{\"@type\":\"ImageObject\",\"inLanguage\":\"en-GB\",\"@id\":\"https:\/\/allezfencing.eu\/#\/schema\/logo\/image\/\",\"url\":\"https:\/\/allezfencing.eu\/wp-content\/uploads\/2025\/03\/etetohajo.eu-panama-site-icon.webp\",\"contentUrl\":\"https:\/\/allezfencing.eu\/wp-content\/uploads\/2025\/03\/etetohajo.eu-panama-site-icon.webp\",\"width\":512,\"height\":512,\"caption\":\"Panama Etet\u0151haj\u00f3k\"},\"image\":{\"@id\":\"https:\/\/allezfencing.eu\/#\/schema\/logo\/image\/\"},\"sameAs\":[\"https:\/\/www.facebook.com\/panamaetetohajo\"]}]}<\/script>\n<!-- \/ Yoast SEO plugin. -->","yoast_head_json":{"title":"Trainers \"Puma\" for adults edz\u0151cip\u0151 - Ez\u00fcst sz\u00edn\u0171-A megrendel\u00e9s el\u0151tt telefonos egyeztet\u00e9st k\u00e9r\u00fcnk! | Allez Fencing","description":"Puma edz\u0151cip\u0151 ez\u00fcst kivitelben. K\u00e9nyelmes \u00e9s modern sportcip\u0151 edz\u00e9shez \u00e9s mindennapi haszn\u00e1latra.","robots":{"index":"index","follow":"follow","max-snippet":"max-snippet:-1","max-image-preview":"max-image-preview:large","max-video-preview":"max-video-preview:-1"},"canonical":"https:\/\/allezfencing.eu\/en\/webshop\/ruhazat\/cipok\/trainers-puma-for-adults-edzocipo-ezust-szinu-a-megrendeles-elott-telefonos-egyeztetest-kerunk\/","og_locale":"en_GB","og_type":"article","og_title":"Trainers \"Puma\" for adults edz\u0151cip\u0151 - Ez\u00fcst sz\u00edn\u0171-A megrendel\u00e9s el\u0151tt telefonos egyeztet\u00e9st k\u00e9r\u00fcnk! | Allez Fencing","og_description":"Puma edz\u0151cip\u0151 ez\u00fcst kivitelben. K\u00e9nyelmes \u00e9s modern sportcip\u0151 edz\u00e9shez \u00e9s mindennapi haszn\u00e1latra.","og_url":"https:\/\/allezfencing.eu\/en\/webshop\/ruhazat\/cipok\/trainers-puma-for-adults-edzocipo-ezust-szinu-a-megrendeles-elott-telefonos-egyeztetest-kerunk\/","og_site_name":"Allez Fencing","article_publisher":"https:\/\/www.facebook.com\/panamaetetohajo","article_modified_time":"2026-04-05T08:00:51+00:00","og_image":[{"width":800,"height":800,"url":"https:\/\/allezfencing.eu\/wp-content\/uploads\/2025\/12\/PUMA_feher1.jpg","type":"image\/jpeg"}],"twitter_card":"summary_large_image","twitter_misc":{"Estimated reading time":"1 minute"},"schema":{"@context":"https:\/\/schema.org","@graph":[{"@type":"WebPage","@id":"https:\/\/allezfencing.eu\/webshop\/ruhazat\/cipok\/trainers-puma-for-adults-edzocipo-ezust-szinu-a-megrendeles-elott-telefonos-egyeztetest-kerunk\/","url":"https:\/\/allezfencing.eu\/webshop\/ruhazat\/cipok\/trainers-puma-for-adults-edzocipo-ezust-szinu-a-megrendeles-elott-telefonos-egyeztetest-kerunk\/","name":"Trainers \"Puma\" for adults edz\u0151cip\u0151 - Ez\u00fcst sz\u00edn\u0171-A megrendel\u00e9s el\u0151tt telefonos egyeztet\u00e9st k\u00e9r\u00fcnk! | Allez Fencing","isPartOf":{"@id":"https:\/\/allezfencing.eu\/#website"},"primaryImageOfPage":{"@id":"https:\/\/allezfencing.eu\/webshop\/ruhazat\/cipok\/trainers-puma-for-adults-edzocipo-ezust-szinu-a-megrendeles-elott-telefonos-egyeztetest-kerunk\/#primaryimage"},"image":{"@id":"https:\/\/allezfencing.eu\/webshop\/ruhazat\/cipok\/trainers-puma-for-adults-edzocipo-ezust-szinu-a-megrendeles-elott-telefonos-egyeztetest-kerunk\/#primaryimage"},"thumbnailUrl":"https:\/\/allezfencing.eu\/wp-content\/uploads\/2025\/12\/PUMA_feher1.jpg","datePublished":"2025-12-08T17:23:12+00:00","dateModified":"2026-04-05T08:00:51+00:00","description":"Puma edz\u0151cip\u0151 ez\u00fcst kivitelben. K\u00e9nyelmes \u00e9s modern sportcip\u0151 edz\u00e9shez \u00e9s mindennapi haszn\u00e1latra.","breadcrumb":{"@id":"https:\/\/allezfencing.eu\/webshop\/ruhazat\/cipok\/trainers-puma-for-adults-edzocipo-ezust-szinu-a-megrendeles-elott-telefonos-egyeztetest-kerunk\/#breadcrumb"},"inLanguage":"en-GB","potentialAction":[{"@type":"ReadAction","target":["https:\/\/allezfencing.eu\/webshop\/ruhazat\/cipok\/trainers-puma-for-adults-edzocipo-ezust-szinu-a-megrendeles-elott-telefonos-egyeztetest-kerunk\/"]}]},{"@type":"ImageObject","inLanguage":"en-GB","@id":"https:\/\/allezfencing.eu\/webshop\/ruhazat\/cipok\/trainers-puma-for-adults-edzocipo-ezust-szinu-a-megrendeles-elott-telefonos-egyeztetest-kerunk\/#primaryimage","url":"https:\/\/allezfencing.eu\/wp-content\/uploads\/2025\/12\/PUMA_feher1.jpg","contentUrl":"https:\/\/allezfencing.eu\/wp-content\/uploads\/2025\/12\/PUMA_feher1.jpg","width":800,"height":800},{"@type":"BreadcrumbList","@id":"https:\/\/allezfencing.eu\/webshop\/ruhazat\/cipok\/trainers-puma-for-adults-edzocipo-ezust-szinu-a-megrendeles-elott-telefonos-egyeztetest-kerunk\/#breadcrumb","itemListElement":[{"@type":"ListItem","position":1,"name":"Kezd\u0151lap","item":"https:\/\/allezfencing.eu\/"},{"@type":"ListItem","position":2,"name":"Webshop","item":"https:\/\/allezfencing.eu\/webshop\/"},{"@type":"ListItem","position":3,"name":"RUH\u00c1ZAT","item":"https:\/\/allezfencing.eu\/termekkategoria\/ruhazat\/"},{"@type":"ListItem","position":4,"name":"CIP\u0150K","item":"https:\/\/allezfencing.eu\/termekkategoria\/ruhazat\/cipok\/"},{"@type":"ListItem","position":5,"name":"Trainers &#8222;Puma&#8221; for adults edz\u0151cip\u0151 &#8211; Ez\u00fcst sz\u00edn\u0171-A megrendel\u00e9s el\u0151tt telefonos egyeztet\u00e9st k\u00e9r\u00fcnk!"}]},{"@type":"WebSite","@id":"https:\/\/allezfencing.eu\/#website","url":"https:\/\/allezfencing.eu\/","name":"Allez Fencing","description":"Minden ami v\u00edv\u00e1s","publisher":{"@id":"https:\/\/allezfencing.eu\/#organization"},"potentialAction":[{"@type":"SearchAction","target":{"@type":"EntryPoint","urlTemplate":"https:\/\/allezfencing.eu\/?s={search_term_string}"},"query-input":{"@type":"PropertyValueSpecification","valueRequired":true,"valueName":"search_term_string"}}],"inLanguage":"en-GB"},{"@type":"Organization","@id":"https:\/\/allezfencing.eu\/#organization","name":"Panama Feeding boats","url":"https:\/\/allezfencing.eu\/","logo":{"@type":"ImageObject","inLanguage":"en-GB","@id":"https:\/\/allezfencing.eu\/#\/schema\/logo\/image\/","url":"https:\/\/allezfencing.eu\/wp-content\/uploads\/2025\/03\/etetohajo.eu-panama-site-icon.webp","contentUrl":"https:\/\/allezfencing.eu\/wp-content\/uploads\/2025\/03\/etetohajo.eu-panama-site-icon.webp","width":512,"height":512,"caption":"Panama Etet\u0151haj\u00f3k"},"image":{"@id":"https:\/\/allezfencing.eu\/#\/schema\/logo\/image\/"},"sameAs":["https:\/\/www.facebook.com\/panamaetetohajo"]}]}},"_links":{"self":[{"href":"https:\/\/allezfencing.eu\/en\/wp-json\/wp\/v2\/product\/14999","targetHints":{"allow":["GET"]}}],"collection":[{"href":"https:\/\/allezfencing.eu\/en\/wp-json\/wp\/v2\/product"}],"about":[{"href":"https:\/\/allezfencing.eu\/en\/wp-json\/wp\/v2\/types\/product"}],"replies":[{"embeddable":true,"href":"https:\/\/allezfencing.eu\/en\/wp-json\/wp\/v2\/comments?post=14999"}],"version-history":[{"count":7,"href":"https:\/\/allezfencing.eu\/en\/wp-json\/wp\/v2\/product\/14999\/revisions"}],"predecessor-version":[{"id":18470,"href":"https:\/\/allezfencing.eu\/en\/wp-json\/wp\/v2\/product\/14999\/revisions\/18470"}],"wp:featuredmedia":[{"embeddable":true,"href":"https:\/\/allezfencing.eu\/en\/wp-json\/wp\/v2\/media\/15000"}],"wp:attachment":[{"href":"https:\/\/allezfencing.eu\/en\/wp-json\/wp\/v2\/media?parent=14999"}],"wp:term":[{"taxonomy":"product_brand","embeddable":true,"href":"https:\/\/allezfencing.eu\/en\/wp-json\/wp\/v2\/product_brand?post=14999"},{"taxonomy":"product_cat","embeddable":true,"href":"https:\/\/allezfencing.eu\/en\/wp-json\/wp\/v2\/product_cat?post=14999"},{"taxonomy":"product_tag","embeddable":true,"href":"https:\/\/allezfencing.eu\/en\/wp-json\/wp\/v2\/product_tag?post=14999"}],"curies":[{"name":"wp","href":"https:\/\/api.w.org\/{rel}","templated":true}]}}