{"id":15054,"date":"2025-12-08T18:26:17","date_gmt":"2025-12-08T17:26:17","guid":{"rendered":"https:\/\/infiniteq.org\/webshop\/nem-kategorizalt\/elsior-alapcsomag-gyermekek-reszere\/"},"modified":"2026-01-04T18:28:33","modified_gmt":"2026-01-04T17:28:33","slug":"elsior-alapcsomag-gyermekek-reszere","status":"publish","type":"product","link":"https:\/\/allezfencing.eu\/en\/webshop\/felszereles-csomagok\/elsior\/elsior-alapcsomag-gyermekek-reszere\/","title":{"rendered":"Elsior alapcsomag Gyermekek r\u00e9sz\u00e9re"},"content":{"rendered":"<p><span style=\"font-size:12px;\"><span style=\"font-family:georgia,serif;\"><var><\/var><\/span><\/span>\n<\/p>\n<p><span style=\"font-size:14px;\"><var><\/var><\/span>\n<\/p>\n<p><span style=\"font-size:14px;\"><var><\/var><\/span>\n<\/p>\n<p><span style=\"font-size:16px;\"><var><\/var><\/span>\n<\/p>\n<p><span style=\"font-size:16px;\"><var>Gyermekek r\u00e9sz\u00e9re 350N alap\u00a0szett akci\u00f3ban, 28 m\u00e9rett\u0151l-42 m\u00e9retig<\/var><\/span>\n<\/p>\n<p><span style=\"font-size:14px;\"><var>Az akci\u00f3s Gyermek alap szett\u00a0a k\u00f6vetkez\u0151 term\u00e9keket tartalmazza:<\/var><\/span><strong><span style=\"font-size:14px;\"><a href=\"https:\/\/allezfencing.eu\/en\/gyermek-plasztron-350n\/\" target=\"_blank\"><span style=\"color:#0000FF;\"><span style=\"font-family:georgia,serif;\"><var><br \/>\n\t1 db Plasztron\u00a0\u00a0350N<\/var><\/span><\/span><\/a><\/span><\/strong><strong><span style=\"font-size:14px;\"><a href=\"https:\/\/allezfencing.eu\/en\/gyermek-nadrag-350n\/\" target=\"_blank\"><span style=\"color:#0000FF;\"><span style=\"font-family:georgia,serif;\"><var><br \/>\n\t1 db Nadr\u00e1g 350N<\/var><\/span><\/span><\/a><\/span><\/strong><strong><span style=\"font-size:14px;\"><a href=\"https:\/\/allezfencing.eu\/en\/fie-honaljvedo-800-n\/\" target=\"_blank\"><span style=\"color:#0000FF;\"><span style=\"font-family:georgia,serif;\"><var><br \/>\n\t1 db FIE 800N h\u00f3naljv\u00e9d\u0151<\/var><\/span><\/span><\/a><\/span><\/strong>\n<\/p>\n<p><strong><span style=\"font-size:14px;\"><a href=\"https:\/\/allezfencing.eu\/en\/fie-honaljvedo-800-n\/\" target=\"_blank\"><span style=\"color:#0000FF;\"><span style=\"font-family:georgia,serif;\"><var><\/var><\/span><\/span><\/a><\/span><\/strong><span style=\"font-size:16px;\"><u><em><span style=\"font-family:georgia,serif;\"><var><u><strong><em><span style=\"font-family:georgia,serif;\">\u200bA megrendelni k\u00edv\u00e1nt m\u00e9reteket, k\u00e9rj\u00fck a megrendel\u00e9s megjegyz\u00e9s rovat\u00e1ban felt\u00fcntetni sz\u00edveskedjen.<\/span><\/em><\/strong><\/u><\/var><\/span><\/em><\/u><\/span><br \/>\n\t<span style=\"font-size:14px;\"><u><em><span style=\"font-family:georgia,serif;\"><var><u><strong><em><span style=\"font-family:georgia,serif;\">A plasztron m\u00e9ret\u00e9n\u00e9l k\u00e9rj\u00fck mindenk\u00e9ppen vegye figyelembe a mell- \u00e9s a h\u00f3naljv\u00e9d\u0151t is!<\/span><\/em><\/strong><\/u><\/var><\/span><\/em><\/u><\/span><span style=\"font-size:16px;\"><u><em><span style=\"font-family:georgia,serif;\"><var><u><strong><em><span style=\"font-family:georgia,serif;\"><\/span><\/em><\/strong><\/u><\/var><\/span><\/em><\/u><\/span>\n<\/p>\n<p><u><em><span style=\"font-size:12px;\"><span style=\"font-family:georgia,serif;\"><var><u><strong><em><span style=\"font-family:georgia,serif;\"><span style=\"font-size:14px;\"><\/span><\/span><\/em><\/strong><\/u>A k\u00e9pen l\u00e1that\u00f3 akci\u00f3ban nem szerepl\u0151 term\u00e9kek k\u00fcl\u00f6n is megv\u00e1s\u00e1rolhat\u00f3ak!<\/var><\/span><\/span><br \/>\n\t<strong><span style=\"color:#000080;\"><span style=\"font-size:14px;\"><span style=\"font-family:georgia,serif;\"><var>Az akci\u00f3s term\u00e9kek v\u00e1s\u00e1rl\u00e1sakor\u00a0k\u00fcl\u00f6n kedvezm\u00e9nykupon NEM haszn\u00e1lhat\u00f3 fel!<\/var><\/span><\/span><\/span><\/strong><\/em><\/u>\n<\/p>\n<p><u><em><span style=\"font-size:12px;\"><span style=\"font-family:georgia,serif;\"><var><u><em><strong><span style=\"color:#000080;\"><span style=\"font-size:14px;\"><span style=\"font-family:georgia,serif;\"><var><\/var><\/span><\/span><\/span><span style=\"font-size:12px;\"><span style=\"font-family:georgia,serif;\"><var><\/var><\/span><\/span><\/strong><\/em><\/u><\/var><\/span><\/span><\/em><\/u>\n<\/p>\n<p><u><em><span style=\"font-size:12px;\"><span style=\"font-family:georgia,serif;\"><var><\/var><\/span><\/span><\/em><\/u>\n<\/p>\n<p><u><em><span style=\"font-size:12px;\"><span style=\"font-family:georgia,serif;\"><var><\/var><\/span><\/span><\/em><\/u>\n<\/p>\n<p><span style=\"font-size:12px;\"><span style=\"font-family:georgia,serif;\"><var><\/var><\/span><\/span><\/p>","protected":false},"excerpt":{"rendered":"<p><span style=\"font-size:16px;\"><var>Gyermekek r\u00e9sz\u00e9re 350N alap\u00a0szett akci\u00f3ban, 28 m\u00e9rett\u0151l-42 m\u00e9retig\u00a0 \u00a0<\/var><\/span><span style=\"font-size:14px;\"><var><\/var><\/span><span style=\"font-size:14px;\"><var><br \/>\n\tAz akci\u00f3s Gyermek alap szett\u00a0a k\u00f6vetkez\u0151 term\u00e9keket tartalmazza:<\/var><\/span><strong><span style=\"font-size:14px;\"><a href=\"https:\/\/allezfencing.eu\/en\/gyermek-plasztron-350n\/\" target=\"_blank\"><span style=\"color:#0000FF;\"><span style=\"font-family:georgia,serif;\"><var><br \/>\n\t1 db Plasztron\u00a0\u00a0350N<\/var><\/span><\/span><\/a><\/span><\/strong><strong><span style=\"font-size:14px;\"><a href=\"https:\/\/allezfencing.eu\/en\/gyermek-nadrag-350n\/\" target=\"_blank\"><span style=\"color:#0000FF;\"><span style=\"font-family:georgia,serif;\"><var><br \/>\n\t1 db Nadr\u00e1g 350N<\/var><\/span><\/span><\/a><\/span><\/strong><strong><span style=\"font-size:14px;\"><a href=\"https:\/\/allezfencing.eu\/en\/fie-honaljvedo-800-n\/\" target=\"_blank\"><span style=\"color:#0000FF;\"><span style=\"font-family:georgia,serif;\"><var><br \/>\n\t1 db FIE 800N h\u00f3naljv\u00e9d\u0151<\/var><\/span><\/span><\/a><\/span><\/strong><span style=\"font-size:12px;\"><span style=\"font-family:georgia,serif;\"><var><\/var><\/span><\/span><span style=\"font-size:16px;\"><u><em><span style=\"font-family:georgia,serif;\"><var><u><strong><em><span style=\"font-family:georgia,serif;\"><br \/>\n\tA megrendelni k\u00edv\u00e1nt m\u00e9reteket, k\u00e9rj\u00fck a megrendel\u00e9s megjegyz\u00e9s rovat\u00e1ban felt\u00fcntetni sz\u00edveskedjen.<\/span><\/em><\/strong><\/u><\/var><\/span><\/em><\/u><\/span><br \/>\n\t<span style=\"font-size:14px;\"><u><em><span style=\"font-family:georgia,serif;\"><var><u><strong><em><span style=\"font-family:georgia,serif;\">A plasztron m\u00e9ret\u00e9n\u00e9l k\u00e9rj\u00fck mindenk\u00e9ppen vegye figyelembe a mell- \u00e9s a h\u00f3naljv\u00e9d\u0151t is!<\/span><\/em><\/strong><\/u><\/var><\/span><\/em><\/u><\/span><span style=\"font-size:16px;\"><u><em><span style=\"font-family:georgia,serif;\"><var><u><strong><em><span style=\"font-family:georgia,serif;\"><\/span><\/em><\/strong><\/u><\/var><\/span><\/em><\/u><\/span>\n<\/p>\n<p><u><em><span style=\"font-size:12px;\"><span style=\"font-family:georgia,serif;\"><var><u><strong><em><span style=\"font-family:georgia,serif;\"><span style=\"font-size:14px;\"><\/span><\/span><\/em><\/strong><\/u>A k\u00e9pen l\u00e1that\u00f3 akci\u00f3ban nem szerepl\u0151 term\u00e9kek k\u00fcl\u00f6n is megv\u00e1s\u00e1rolhat\u00f3ak!<\/var><\/span><\/span><br \/>\n\t<strong><span style=\"color:#000080;\"><span style=\"font-size:14px;\"><span style=\"font-family:georgia,serif;\"><var>Az akci\u00f3s term\u00e9kek v\u00e1s\u00e1rl\u00e1sakor\u00a0k\u00fcl\u00f6n kedvezm\u00e9nykupon NEM haszn\u00e1lhat\u00f3 fel!<\/var><\/span><\/span><\/span><span style=\"font-size:12px;\"><span style=\"font-family:georgia,serif;\"><var><\/var><\/span><\/span><\/strong><\/em><\/u><\/p>","protected":false},"featured_media":14783,"comment_status":"open","ping_status":"closed","template":"","meta":[],"product_brand":[320],"product_cat":[1196],"product_tag":[],"class_list":{"0":"post-15054","1":"product","2":"type-product","3":"status-publish","4":"has-post-thumbnail","6":"product_brand-elsior","7":"product_cat-elsior","9":"first","10":"outofstock","11":"taxable","12":"shipping-taxable","13":"purchasable","14":"product-type-simple"},"yoast_head":"<!-- This site is optimized with the Yoast SEO plugin v27.2 - https:\/\/yoast.com\/product\/yoast-seo-wordpress\/ -->\n<title>Elsior alapcsomag Gyermekek r\u00e9sz\u00e9re | Allez Fencing<\/title>\n<meta name=\"robots\" content=\"index, follow, max-snippet:-1, max-image-preview:large, max-video-preview:-1\" \/>\n<link rel=\"canonical\" href=\"https:\/\/allezfencing.eu\/en\/webshop\/felszereles-csomagok\/elsior\/elsior-alapcsomag-gyermekek-reszere\/\" \/>\n<meta property=\"og:locale\" content=\"en_GB\" \/>\n<meta property=\"og:type\" content=\"article\" \/>\n<meta property=\"og:title\" content=\"Elsior alapcsomag Gyermekek r\u00e9sz\u00e9re | Allez Fencing\" \/>\n<meta property=\"og:description\" content=\"Gyermekek r\u00e9sz\u00e9re 350N alap\u00a0szett akci\u00f3ban, 28 m\u00e9rett\u0151l-42 m\u00e9retig\u00a0 \u00a0 Az akci\u00f3s Gyermek alap szett\u00a0a k\u00f6vetkez\u0151 term\u00e9keket tartalmazza: 1 db Plasztron\u00a0\u00a0350N 1 db Nadr\u00e1g 350N 1 db FIE 800N h\u00f3naljv\u00e9d\u0151 A megrendelni k\u00edv\u00e1nt m\u00e9reteket, k\u00e9rj\u00fck a megrendel\u00e9s megjegyz\u00e9s rovat\u00e1ban felt\u00fcntetni sz\u00edveskedjen. A plasztron m\u00e9ret\u00e9n\u00e9l k\u00e9rj\u00fck mindenk\u00e9ppen vegye figyelembe a mell- \u00e9s a h\u00f3naljv\u00e9d\u0151t is! A k\u00e9pen l\u00e1that\u00f3 akci\u00f3ban nem szerepl\u0151 term\u00e9kek k\u00fcl\u00f6n is megv\u00e1s\u00e1rolhat\u00f3ak! Az akci\u00f3s term\u00e9kek v\u00e1s\u00e1rl\u00e1sakor\u00a0k\u00fcl\u00f6n kedvezm\u00e9nykupon NEM haszn\u00e1lhat\u00f3 fel!\" \/>\n<meta property=\"og:url\" content=\"https:\/\/allezfencing.eu\/en\/webshop\/felszereles-csomagok\/elsior\/elsior-alapcsomag-gyermekek-reszere\/\" \/>\n<meta property=\"og:site_name\" content=\"Allez Fencing\" \/>\n<meta property=\"article:publisher\" content=\"https:\/\/www.facebook.com\/panamaetetohajo\" \/>\n<meta property=\"article:modified_time\" content=\"2026-01-04T17:28:33+00:00\" \/>\n<meta property=\"og:image\" content=\"https:\/\/allezfencing.eu\/wp-content\/uploads\/2025\/12\/IMG_8932-scaled-1.jpg\" \/>\n\t<meta property=\"og:image:width\" content=\"1707\" \/>\n\t<meta property=\"og:image:height\" content=\"2560\" \/>\n\t<meta property=\"og:image:type\" content=\"image\/jpeg\" \/>\n<meta name=\"twitter:card\" content=\"summary_large_image\" \/>\n<meta name=\"twitter:label1\" content=\"Estimated reading time\" \/>\n\t<meta name=\"twitter:data1\" content=\"1 minute\" \/>\n<script type=\"application\/ld+json\" class=\"yoast-schema-graph\">{\"@context\":\"https:\/\/schema.org\",\"@graph\":[{\"@type\":\"WebPage\",\"@id\":\"https:\/\/allezfencing.eu\/webshop\/felszereles-csomagok\/elsior\/elsior-alapcsomag-gyermekek-reszere\/\",\"url\":\"https:\/\/allezfencing.eu\/webshop\/felszereles-csomagok\/elsior\/elsior-alapcsomag-gyermekek-reszere\/\",\"name\":\"Elsior alapcsomag Gyermekek r\u00e9sz\u00e9re | Allez Fencing\",\"isPartOf\":{\"@id\":\"https:\/\/allezfencing.eu\/#website\"},\"primaryImageOfPage\":{\"@id\":\"https:\/\/allezfencing.eu\/webshop\/felszereles-csomagok\/elsior\/elsior-alapcsomag-gyermekek-reszere\/#primaryimage\"},\"image\":{\"@id\":\"https:\/\/allezfencing.eu\/webshop\/felszereles-csomagok\/elsior\/elsior-alapcsomag-gyermekek-reszere\/#primaryimage\"},\"thumbnailUrl\":\"https:\/\/allezfencing.eu\/wp-content\/uploads\/2025\/12\/IMG_8932-scaled-1.jpg\",\"datePublished\":\"2025-12-08T17:26:17+00:00\",\"dateModified\":\"2026-01-04T17:28:33+00:00\",\"breadcrumb\":{\"@id\":\"https:\/\/allezfencing.eu\/webshop\/felszereles-csomagok\/elsior\/elsior-alapcsomag-gyermekek-reszere\/#breadcrumb\"},\"inLanguage\":\"en-GB\",\"potentialAction\":[{\"@type\":\"ReadAction\",\"target\":[\"https:\/\/allezfencing.eu\/webshop\/felszereles-csomagok\/elsior\/elsior-alapcsomag-gyermekek-reszere\/\"]}]},{\"@type\":\"ImageObject\",\"inLanguage\":\"en-GB\",\"@id\":\"https:\/\/allezfencing.eu\/webshop\/felszereles-csomagok\/elsior\/elsior-alapcsomag-gyermekek-reszere\/#primaryimage\",\"url\":\"https:\/\/allezfencing.eu\/wp-content\/uploads\/2025\/12\/IMG_8932-scaled-1.jpg\",\"contentUrl\":\"https:\/\/allezfencing.eu\/wp-content\/uploads\/2025\/12\/IMG_8932-scaled-1.jpg\",\"width\":1707,\"height\":2560},{\"@type\":\"BreadcrumbList\",\"@id\":\"https:\/\/allezfencing.eu\/webshop\/felszereles-csomagok\/elsior\/elsior-alapcsomag-gyermekek-reszere\/#breadcrumb\",\"itemListElement\":[{\"@type\":\"ListItem\",\"position\":1,\"name\":\"Kezd\u0151lap\",\"item\":\"https:\/\/allezfencing.eu\/\"},{\"@type\":\"ListItem\",\"position\":2,\"name\":\"Webshop\",\"item\":\"https:\/\/allezfencing.eu\/webshop\/\"},{\"@type\":\"ListItem\",\"position\":3,\"name\":\"FELSZEREL\u00c9S CSOMAGOK\",\"item\":\"https:\/\/allezfencing.eu\/termekkategoria\/felszereles-csomagok\/\"},{\"@type\":\"ListItem\",\"position\":4,\"name\":\"Elsior\",\"item\":\"https:\/\/allezfencing.eu\/termekkategoria\/felszereles-csomagok\/elsior\/\"},{\"@type\":\"ListItem\",\"position\":5,\"name\":\"Elsior alapcsomag Gyermekek r\u00e9sz\u00e9re\"}]},{\"@type\":\"WebSite\",\"@id\":\"https:\/\/allezfencing.eu\/#website\",\"url\":\"https:\/\/allezfencing.eu\/\",\"name\":\"Allez Fencing\",\"description\":\"Minden ami v\u00edv\u00e1s\",\"publisher\":{\"@id\":\"https:\/\/allezfencing.eu\/#organization\"},\"potentialAction\":[{\"@type\":\"SearchAction\",\"target\":{\"@type\":\"EntryPoint\",\"urlTemplate\":\"https:\/\/allezfencing.eu\/?s={search_term_string}\"},\"query-input\":{\"@type\":\"PropertyValueSpecification\",\"valueRequired\":true,\"valueName\":\"search_term_string\"}}],\"inLanguage\":\"en-GB\"},{\"@type\":\"Organization\",\"@id\":\"https:\/\/allezfencing.eu\/#organization\",\"name\":\"Panama Etet\u0151haj\u00f3k\",\"url\":\"https:\/\/allezfencing.eu\/\",\"logo\":{\"@type\":\"ImageObject\",\"inLanguage\":\"en-GB\",\"@id\":\"https:\/\/allezfencing.eu\/#\/schema\/logo\/image\/\",\"url\":\"https:\/\/allezfencing.eu\/wp-content\/uploads\/2025\/03\/etetohajo.eu-panama-site-icon.webp\",\"contentUrl\":\"https:\/\/allezfencing.eu\/wp-content\/uploads\/2025\/03\/etetohajo.eu-panama-site-icon.webp\",\"width\":512,\"height\":512,\"caption\":\"Panama Etet\u0151haj\u00f3k\"},\"image\":{\"@id\":\"https:\/\/allezfencing.eu\/#\/schema\/logo\/image\/\"},\"sameAs\":[\"https:\/\/www.facebook.com\/panamaetetohajo\"]}]}<\/script>\n<!-- \/ Yoast SEO plugin. -->","yoast_head_json":{"title":"Elsior alapcsomag Gyermekek r\u00e9sz\u00e9re | Allez Fencing","robots":{"index":"index","follow":"follow","max-snippet":"max-snippet:-1","max-image-preview":"max-image-preview:large","max-video-preview":"max-video-preview:-1"},"canonical":"https:\/\/allezfencing.eu\/en\/webshop\/felszereles-csomagok\/elsior\/elsior-alapcsomag-gyermekek-reszere\/","og_locale":"en_GB","og_type":"article","og_title":"Elsior alapcsomag Gyermekek r\u00e9sz\u00e9re | Allez Fencing","og_description":"Gyermekek r\u00e9sz\u00e9re 350N alap\u00a0szett akci\u00f3ban, 28 m\u00e9rett\u0151l-42 m\u00e9retig\u00a0 \u00a0 Az akci\u00f3s Gyermek alap szett\u00a0a k\u00f6vetkez\u0151 term\u00e9keket tartalmazza: 1 db Plasztron\u00a0\u00a0350N 1 db Nadr\u00e1g 350N 1 db FIE 800N h\u00f3naljv\u00e9d\u0151 A megrendelni k\u00edv\u00e1nt m\u00e9reteket, k\u00e9rj\u00fck a megrendel\u00e9s megjegyz\u00e9s rovat\u00e1ban felt\u00fcntetni sz\u00edveskedjen. A plasztron m\u00e9ret\u00e9n\u00e9l k\u00e9rj\u00fck mindenk\u00e9ppen vegye figyelembe a mell- \u00e9s a h\u00f3naljv\u00e9d\u0151t is! A k\u00e9pen l\u00e1that\u00f3 akci\u00f3ban nem szerepl\u0151 term\u00e9kek k\u00fcl\u00f6n is megv\u00e1s\u00e1rolhat\u00f3ak! Az akci\u00f3s term\u00e9kek v\u00e1s\u00e1rl\u00e1sakor\u00a0k\u00fcl\u00f6n kedvezm\u00e9nykupon NEM haszn\u00e1lhat\u00f3 fel!","og_url":"https:\/\/allezfencing.eu\/en\/webshop\/felszereles-csomagok\/elsior\/elsior-alapcsomag-gyermekek-reszere\/","og_site_name":"Allez Fencing","article_publisher":"https:\/\/www.facebook.com\/panamaetetohajo","article_modified_time":"2026-01-04T17:28:33+00:00","og_image":[{"width":1707,"height":2560,"url":"https:\/\/allezfencing.eu\/wp-content\/uploads\/2025\/12\/IMG_8932-scaled-1.jpg","type":"image\/jpeg"}],"twitter_card":"summary_large_image","twitter_misc":{"Estimated reading time":"1 minute"},"schema":{"@context":"https:\/\/schema.org","@graph":[{"@type":"WebPage","@id":"https:\/\/allezfencing.eu\/webshop\/felszereles-csomagok\/elsior\/elsior-alapcsomag-gyermekek-reszere\/","url":"https:\/\/allezfencing.eu\/webshop\/felszereles-csomagok\/elsior\/elsior-alapcsomag-gyermekek-reszere\/","name":"Elsior alapcsomag Gyermekek r\u00e9sz\u00e9re | Allez Fencing","isPartOf":{"@id":"https:\/\/allezfencing.eu\/#website"},"primaryImageOfPage":{"@id":"https:\/\/allezfencing.eu\/webshop\/felszereles-csomagok\/elsior\/elsior-alapcsomag-gyermekek-reszere\/#primaryimage"},"image":{"@id":"https:\/\/allezfencing.eu\/webshop\/felszereles-csomagok\/elsior\/elsior-alapcsomag-gyermekek-reszere\/#primaryimage"},"thumbnailUrl":"https:\/\/allezfencing.eu\/wp-content\/uploads\/2025\/12\/IMG_8932-scaled-1.jpg","datePublished":"2025-12-08T17:26:17+00:00","dateModified":"2026-01-04T17:28:33+00:00","breadcrumb":{"@id":"https:\/\/allezfencing.eu\/webshop\/felszereles-csomagok\/elsior\/elsior-alapcsomag-gyermekek-reszere\/#breadcrumb"},"inLanguage":"en-GB","potentialAction":[{"@type":"ReadAction","target":["https:\/\/allezfencing.eu\/webshop\/felszereles-csomagok\/elsior\/elsior-alapcsomag-gyermekek-reszere\/"]}]},{"@type":"ImageObject","inLanguage":"en-GB","@id":"https:\/\/allezfencing.eu\/webshop\/felszereles-csomagok\/elsior\/elsior-alapcsomag-gyermekek-reszere\/#primaryimage","url":"https:\/\/allezfencing.eu\/wp-content\/uploads\/2025\/12\/IMG_8932-scaled-1.jpg","contentUrl":"https:\/\/allezfencing.eu\/wp-content\/uploads\/2025\/12\/IMG_8932-scaled-1.jpg","width":1707,"height":2560},{"@type":"BreadcrumbList","@id":"https:\/\/allezfencing.eu\/webshop\/felszereles-csomagok\/elsior\/elsior-alapcsomag-gyermekek-reszere\/#breadcrumb","itemListElement":[{"@type":"ListItem","position":1,"name":"Kezd\u0151lap","item":"https:\/\/allezfencing.eu\/"},{"@type":"ListItem","position":2,"name":"Webshop","item":"https:\/\/allezfencing.eu\/webshop\/"},{"@type":"ListItem","position":3,"name":"FELSZEREL\u00c9S CSOMAGOK","item":"https:\/\/allezfencing.eu\/termekkategoria\/felszereles-csomagok\/"},{"@type":"ListItem","position":4,"name":"Elsior","item":"https:\/\/allezfencing.eu\/termekkategoria\/felszereles-csomagok\/elsior\/"},{"@type":"ListItem","position":5,"name":"Elsior alapcsomag Gyermekek r\u00e9sz\u00e9re"}]},{"@type":"WebSite","@id":"https:\/\/allezfencing.eu\/#website","url":"https:\/\/allezfencing.eu\/","name":"Allez Fencing","description":"Minden ami v\u00edv\u00e1s","publisher":{"@id":"https:\/\/allezfencing.eu\/#organization"},"potentialAction":[{"@type":"SearchAction","target":{"@type":"EntryPoint","urlTemplate":"https:\/\/allezfencing.eu\/?s={search_term_string}"},"query-input":{"@type":"PropertyValueSpecification","valueRequired":true,"valueName":"search_term_string"}}],"inLanguage":"en-GB"},{"@type":"Organization","@id":"https:\/\/allezfencing.eu\/#organization","name":"Panama Feeding boats","url":"https:\/\/allezfencing.eu\/","logo":{"@type":"ImageObject","inLanguage":"en-GB","@id":"https:\/\/allezfencing.eu\/#\/schema\/logo\/image\/","url":"https:\/\/allezfencing.eu\/wp-content\/uploads\/2025\/03\/etetohajo.eu-panama-site-icon.webp","contentUrl":"https:\/\/allezfencing.eu\/wp-content\/uploads\/2025\/03\/etetohajo.eu-panama-site-icon.webp","width":512,"height":512,"caption":"Panama Etet\u0151haj\u00f3k"},"image":{"@id":"https:\/\/allezfencing.eu\/#\/schema\/logo\/image\/"},"sameAs":["https:\/\/www.facebook.com\/panamaetetohajo"]}]}},"_links":{"self":[{"href":"https:\/\/allezfencing.eu\/en\/wp-json\/wp\/v2\/product\/15054","targetHints":{"allow":["GET"]}}],"collection":[{"href":"https:\/\/allezfencing.eu\/en\/wp-json\/wp\/v2\/product"}],"about":[{"href":"https:\/\/allezfencing.eu\/en\/wp-json\/wp\/v2\/types\/product"}],"replies":[{"embeddable":true,"href":"https:\/\/allezfencing.eu\/en\/wp-json\/wp\/v2\/comments?post=15054"}],"version-history":[{"count":1,"href":"https:\/\/allezfencing.eu\/en\/wp-json\/wp\/v2\/product\/15054\/revisions"}],"predecessor-version":[{"id":16365,"href":"https:\/\/allezfencing.eu\/en\/wp-json\/wp\/v2\/product\/15054\/revisions\/16365"}],"wp:featuredmedia":[{"embeddable":true,"href":"https:\/\/allezfencing.eu\/en\/wp-json\/wp\/v2\/media\/14783"}],"wp:attachment":[{"href":"https:\/\/allezfencing.eu\/en\/wp-json\/wp\/v2\/media?parent=15054"}],"wp:term":[{"taxonomy":"product_brand","embeddable":true,"href":"https:\/\/allezfencing.eu\/en\/wp-json\/wp\/v2\/product_brand?post=15054"},{"taxonomy":"product_cat","embeddable":true,"href":"https:\/\/allezfencing.eu\/en\/wp-json\/wp\/v2\/product_cat?post=15054"},{"taxonomy":"product_tag","embeddable":true,"href":"https:\/\/allezfencing.eu\/en\/wp-json\/wp\/v2\/product_tag?post=15054"}],"curies":[{"name":"wp","href":"https:\/\/api.w.org\/{rel}","templated":true}]}}