{"id":15068,"date":"2025-12-08T18:27:15","date_gmt":"2025-12-08T17:27:15","guid":{"rendered":"https:\/\/infiniteq.org\/webshop\/nem-kategorizalt\/fwf-fie-parbajtor-bf-penge-hegy-nelkul-mrg\/"},"modified":"2026-03-08T16:06:01","modified_gmt":"2026-03-08T15:06:01","slug":"fwf-fie-parbajtor-bf-penge-hegy-nelkul-mrg","status":"publish","type":"product","link":"https:\/\/allezfencing.eu\/en\/webshop\/fegyverek-es-alkatreszei\/parbajtor-fegyverek-es-alkatreszei\/fwf-fie-parbajtor-bf-penge-hegy-nelkul-mrg\/","title":{"rendered":"FWF FIE p\u00e1rbajt\u0151r BF penge hegy n\u00e9lk\u00fcl (MRG)"},"content":{"rendered":"<p>Francia vagy belga markolathoz, csak 5-\u00f6s m\u00e9retben el\u00e9rhet\u0151.<\/p>","protected":false},"excerpt":{"rendered":"<p>FIE BF penge az FWF-t\u0151l<\/p>","protected":false},"featured_media":14887,"comment_status":"open","ping_status":"closed","template":"","meta":[],"product_brand":[321],"product_cat":[1166],"product_tag":[],"class_list":{"0":"post-15068","1":"product","2":"type-product","3":"status-publish","4":"has-post-thumbnail","6":"product_brand-fwf","7":"product_cat-parbajtor-fegyverek-es-alkatreszei","9":"first","10":"instock","11":"taxable","12":"shipping-taxable","13":"purchasable","14":"product-type-variable"},"yoast_head":"<!-- This site is optimized with the Yoast SEO plugin v27.2 - https:\/\/yoast.com\/product\/yoast-seo-wordpress\/ -->\n<title>FWF FIE p\u00e1rbajt\u0151r BF penge hegy n\u00e9lk\u00fcl (MRG) | Allez Fencing<\/title>\n<meta name=\"robots\" content=\"index, follow, max-snippet:-1, max-image-preview:large, max-video-preview:-1\" \/>\n<link rel=\"canonical\" href=\"https:\/\/allezfencing.eu\/en\/webshop\/fegyverek-es-alkatreszei\/parbajtor-fegyverek\/szaraz\/nyers-parbajtor-penge-hegy-nelkul\/fwf-fie-parbajtor-bf-penge-hegy-nelkul-mrg\/\" \/>\n<meta property=\"og:locale\" content=\"en_GB\" \/>\n<meta property=\"og:type\" content=\"article\" \/>\n<meta property=\"og:title\" content=\"FWF FIE p\u00e1rbajt\u0151r BF penge hegy n\u00e9lk\u00fcl (MRG) | Allez Fencing\" \/>\n<meta property=\"og:description\" content=\"FIE BF penge az FWF-t\u0151l\" \/>\n<meta property=\"og:url\" content=\"https:\/\/allezfencing.eu\/en\/webshop\/fegyverek-es-alkatreszei\/parbajtor-fegyverek\/szaraz\/nyers-parbajtor-penge-hegy-nelkul\/fwf-fie-parbajtor-bf-penge-hegy-nelkul-mrg\/\" \/>\n<meta property=\"og:site_name\" content=\"Allez Fencing\" \/>\n<meta property=\"article:publisher\" content=\"https:\/\/www.facebook.com\/panamaetetohajo\" \/>\n<meta property=\"article:modified_time\" content=\"2026-03-08T15:06:01+00:00\" \/>\n<meta property=\"og:image\" content=\"https:\/\/allezfencing.eu\/wp-content\/uploads\/2025\/12\/FIEPENGE.jpg\" \/>\n\t<meta property=\"og:image:width\" content=\"700\" \/>\n\t<meta property=\"og:image:height\" content=\"700\" \/>\n\t<meta property=\"og:image:type\" content=\"image\/jpeg\" \/>\n<meta name=\"twitter:card\" content=\"summary_large_image\" \/>\n<meta name=\"twitter:label1\" content=\"Estimated reading time\" \/>\n\t<meta name=\"twitter:data1\" content=\"1 minute\" \/>\n<script type=\"application\/ld+json\" class=\"yoast-schema-graph\">{\"@context\":\"https:\/\/schema.org\",\"@graph\":[{\"@type\":\"WebPage\",\"@id\":\"https:\/\/allezfencing.eu\/webshop\/fegyverek-es-alkatreszei\/parbajtor-fegyverek\/szaraz\/nyers-parbajtor-penge-hegy-nelkul\/fwf-fie-parbajtor-bf-penge-hegy-nelkul-mrg\/\",\"url\":\"https:\/\/allezfencing.eu\/webshop\/fegyverek-es-alkatreszei\/parbajtor-fegyverek\/szaraz\/nyers-parbajtor-penge-hegy-nelkul\/fwf-fie-parbajtor-bf-penge-hegy-nelkul-mrg\/\",\"name\":\"FWF FIE p\u00e1rbajt\u0151r BF penge hegy n\u00e9lk\u00fcl (MRG) | Allez Fencing\",\"isPartOf\":{\"@id\":\"https:\/\/allezfencing.eu\/#website\"},\"primaryImageOfPage\":{\"@id\":\"https:\/\/allezfencing.eu\/webshop\/fegyverek-es-alkatreszei\/parbajtor-fegyverek\/szaraz\/nyers-parbajtor-penge-hegy-nelkul\/fwf-fie-parbajtor-bf-penge-hegy-nelkul-mrg\/#primaryimage\"},\"image\":{\"@id\":\"https:\/\/allezfencing.eu\/webshop\/fegyverek-es-alkatreszei\/parbajtor-fegyverek\/szaraz\/nyers-parbajtor-penge-hegy-nelkul\/fwf-fie-parbajtor-bf-penge-hegy-nelkul-mrg\/#primaryimage\"},\"thumbnailUrl\":\"https:\/\/allezfencing.eu\/wp-content\/uploads\/2025\/12\/FIEPENGE.jpg\",\"datePublished\":\"2025-12-08T17:27:15+00:00\",\"dateModified\":\"2026-03-08T15:06:01+00:00\",\"breadcrumb\":{\"@id\":\"https:\/\/allezfencing.eu\/webshop\/fegyverek-es-alkatreszei\/parbajtor-fegyverek\/szaraz\/nyers-parbajtor-penge-hegy-nelkul\/fwf-fie-parbajtor-bf-penge-hegy-nelkul-mrg\/#breadcrumb\"},\"inLanguage\":\"en-GB\",\"potentialAction\":[{\"@type\":\"ReadAction\",\"target\":[\"https:\/\/allezfencing.eu\/webshop\/fegyverek-es-alkatreszei\/parbajtor-fegyverek\/szaraz\/nyers-parbajtor-penge-hegy-nelkul\/fwf-fie-parbajtor-bf-penge-hegy-nelkul-mrg\/\"]}]},{\"@type\":\"ImageObject\",\"inLanguage\":\"en-GB\",\"@id\":\"https:\/\/allezfencing.eu\/webshop\/fegyverek-es-alkatreszei\/parbajtor-fegyverek\/szaraz\/nyers-parbajtor-penge-hegy-nelkul\/fwf-fie-parbajtor-bf-penge-hegy-nelkul-mrg\/#primaryimage\",\"url\":\"https:\/\/allezfencing.eu\/wp-content\/uploads\/2025\/12\/FIEPENGE.jpg\",\"contentUrl\":\"https:\/\/allezfencing.eu\/wp-content\/uploads\/2025\/12\/FIEPENGE.jpg\",\"width\":700,\"height\":700},{\"@type\":\"BreadcrumbList\",\"@id\":\"https:\/\/allezfencing.eu\/webshop\/fegyverek-es-alkatreszei\/parbajtor-fegyverek\/szaraz\/nyers-parbajtor-penge-hegy-nelkul\/fwf-fie-parbajtor-bf-penge-hegy-nelkul-mrg\/#breadcrumb\",\"itemListElement\":[{\"@type\":\"ListItem\",\"position\":1,\"name\":\"Kezd\u0151lap\",\"item\":\"https:\/\/allezfencing.eu\/\"},{\"@type\":\"ListItem\",\"position\":2,\"name\":\"Webshop\",\"item\":\"https:\/\/allezfencing.eu\/webshop\/\"},{\"@type\":\"ListItem\",\"position\":3,\"name\":\"FEGYVEREK \u00c9S ALKATR\u00c9SZEI\",\"item\":\"https:\/\/allezfencing.eu\/termekkategoria\/fegyverek-es-alkatreszei\/\"},{\"@type\":\"ListItem\",\"position\":4,\"name\":\"FWF FIE p\u00e1rbajt\u0151r BF penge hegy n\u00e9lk\u00fcl (MRG)\"}]},{\"@type\":\"WebSite\",\"@id\":\"https:\/\/allezfencing.eu\/#website\",\"url\":\"https:\/\/allezfencing.eu\/\",\"name\":\"Allez Fencing\",\"description\":\"Minden ami v\u00edv\u00e1s\",\"publisher\":{\"@id\":\"https:\/\/allezfencing.eu\/#organization\"},\"potentialAction\":[{\"@type\":\"SearchAction\",\"target\":{\"@type\":\"EntryPoint\",\"urlTemplate\":\"https:\/\/allezfencing.eu\/?s={search_term_string}\"},\"query-input\":{\"@type\":\"PropertyValueSpecification\",\"valueRequired\":true,\"valueName\":\"search_term_string\"}}],\"inLanguage\":\"en-GB\"},{\"@type\":\"Organization\",\"@id\":\"https:\/\/allezfencing.eu\/#organization\",\"name\":\"Panama Etet\u0151haj\u00f3k\",\"url\":\"https:\/\/allezfencing.eu\/\",\"logo\":{\"@type\":\"ImageObject\",\"inLanguage\":\"en-GB\",\"@id\":\"https:\/\/allezfencing.eu\/#\/schema\/logo\/image\/\",\"url\":\"https:\/\/allezfencing.eu\/wp-content\/uploads\/2025\/03\/etetohajo.eu-panama-site-icon.webp\",\"contentUrl\":\"https:\/\/allezfencing.eu\/wp-content\/uploads\/2025\/03\/etetohajo.eu-panama-site-icon.webp\",\"width\":512,\"height\":512,\"caption\":\"Panama Etet\u0151haj\u00f3k\"},\"image\":{\"@id\":\"https:\/\/allezfencing.eu\/#\/schema\/logo\/image\/\"},\"sameAs\":[\"https:\/\/www.facebook.com\/panamaetetohajo\"]}]}<\/script>\n<!-- \/ Yoast SEO plugin. -->","yoast_head_json":{"title":"FWF FIE p\u00e1rbajt\u0151r BF penge hegy n\u00e9lk\u00fcl (MRG) | Allez Fencing","robots":{"index":"index","follow":"follow","max-snippet":"max-snippet:-1","max-image-preview":"max-image-preview:large","max-video-preview":"max-video-preview:-1"},"canonical":"https:\/\/allezfencing.eu\/en\/webshop\/fegyverek-es-alkatreszei\/parbajtor-fegyverek\/szaraz\/nyers-parbajtor-penge-hegy-nelkul\/fwf-fie-parbajtor-bf-penge-hegy-nelkul-mrg\/","og_locale":"en_GB","og_type":"article","og_title":"FWF FIE p\u00e1rbajt\u0151r BF penge hegy n\u00e9lk\u00fcl (MRG) | Allez Fencing","og_description":"FIE BF penge az FWF-t\u0151l","og_url":"https:\/\/allezfencing.eu\/en\/webshop\/fegyverek-es-alkatreszei\/parbajtor-fegyverek\/szaraz\/nyers-parbajtor-penge-hegy-nelkul\/fwf-fie-parbajtor-bf-penge-hegy-nelkul-mrg\/","og_site_name":"Allez Fencing","article_publisher":"https:\/\/www.facebook.com\/panamaetetohajo","article_modified_time":"2026-03-08T15:06:01+00:00","og_image":[{"width":700,"height":700,"url":"https:\/\/allezfencing.eu\/wp-content\/uploads\/2025\/12\/FIEPENGE.jpg","type":"image\/jpeg"}],"twitter_card":"summary_large_image","twitter_misc":{"Estimated reading time":"1 minute"},"schema":{"@context":"https:\/\/schema.org","@graph":[{"@type":"WebPage","@id":"https:\/\/allezfencing.eu\/webshop\/fegyverek-es-alkatreszei\/parbajtor-fegyverek\/szaraz\/nyers-parbajtor-penge-hegy-nelkul\/fwf-fie-parbajtor-bf-penge-hegy-nelkul-mrg\/","url":"https:\/\/allezfencing.eu\/webshop\/fegyverek-es-alkatreszei\/parbajtor-fegyverek\/szaraz\/nyers-parbajtor-penge-hegy-nelkul\/fwf-fie-parbajtor-bf-penge-hegy-nelkul-mrg\/","name":"FWF FIE p\u00e1rbajt\u0151r BF penge hegy n\u00e9lk\u00fcl (MRG) | Allez Fencing","isPartOf":{"@id":"https:\/\/allezfencing.eu\/#website"},"primaryImageOfPage":{"@id":"https:\/\/allezfencing.eu\/webshop\/fegyverek-es-alkatreszei\/parbajtor-fegyverek\/szaraz\/nyers-parbajtor-penge-hegy-nelkul\/fwf-fie-parbajtor-bf-penge-hegy-nelkul-mrg\/#primaryimage"},"image":{"@id":"https:\/\/allezfencing.eu\/webshop\/fegyverek-es-alkatreszei\/parbajtor-fegyverek\/szaraz\/nyers-parbajtor-penge-hegy-nelkul\/fwf-fie-parbajtor-bf-penge-hegy-nelkul-mrg\/#primaryimage"},"thumbnailUrl":"https:\/\/allezfencing.eu\/wp-content\/uploads\/2025\/12\/FIEPENGE.jpg","datePublished":"2025-12-08T17:27:15+00:00","dateModified":"2026-03-08T15:06:01+00:00","breadcrumb":{"@id":"https:\/\/allezfencing.eu\/webshop\/fegyverek-es-alkatreszei\/parbajtor-fegyverek\/szaraz\/nyers-parbajtor-penge-hegy-nelkul\/fwf-fie-parbajtor-bf-penge-hegy-nelkul-mrg\/#breadcrumb"},"inLanguage":"en-GB","potentialAction":[{"@type":"ReadAction","target":["https:\/\/allezfencing.eu\/webshop\/fegyverek-es-alkatreszei\/parbajtor-fegyverek\/szaraz\/nyers-parbajtor-penge-hegy-nelkul\/fwf-fie-parbajtor-bf-penge-hegy-nelkul-mrg\/"]}]},{"@type":"ImageObject","inLanguage":"en-GB","@id":"https:\/\/allezfencing.eu\/webshop\/fegyverek-es-alkatreszei\/parbajtor-fegyverek\/szaraz\/nyers-parbajtor-penge-hegy-nelkul\/fwf-fie-parbajtor-bf-penge-hegy-nelkul-mrg\/#primaryimage","url":"https:\/\/allezfencing.eu\/wp-content\/uploads\/2025\/12\/FIEPENGE.jpg","contentUrl":"https:\/\/allezfencing.eu\/wp-content\/uploads\/2025\/12\/FIEPENGE.jpg","width":700,"height":700},{"@type":"BreadcrumbList","@id":"https:\/\/allezfencing.eu\/webshop\/fegyverek-es-alkatreszei\/parbajtor-fegyverek\/szaraz\/nyers-parbajtor-penge-hegy-nelkul\/fwf-fie-parbajtor-bf-penge-hegy-nelkul-mrg\/#breadcrumb","itemListElement":[{"@type":"ListItem","position":1,"name":"Kezd\u0151lap","item":"https:\/\/allezfencing.eu\/"},{"@type":"ListItem","position":2,"name":"Webshop","item":"https:\/\/allezfencing.eu\/webshop\/"},{"@type":"ListItem","position":3,"name":"FEGYVEREK \u00c9S ALKATR\u00c9SZEI","item":"https:\/\/allezfencing.eu\/termekkategoria\/fegyverek-es-alkatreszei\/"},{"@type":"ListItem","position":4,"name":"FWF FIE p\u00e1rbajt\u0151r BF penge hegy n\u00e9lk\u00fcl (MRG)"}]},{"@type":"WebSite","@id":"https:\/\/allezfencing.eu\/#website","url":"https:\/\/allezfencing.eu\/","name":"Allez Fencing","description":"Minden ami v\u00edv\u00e1s","publisher":{"@id":"https:\/\/allezfencing.eu\/#organization"},"potentialAction":[{"@type":"SearchAction","target":{"@type":"EntryPoint","urlTemplate":"https:\/\/allezfencing.eu\/?s={search_term_string}"},"query-input":{"@type":"PropertyValueSpecification","valueRequired":true,"valueName":"search_term_string"}}],"inLanguage":"en-GB"},{"@type":"Organization","@id":"https:\/\/allezfencing.eu\/#organization","name":"Panama Feeding boats","url":"https:\/\/allezfencing.eu\/","logo":{"@type":"ImageObject","inLanguage":"en-GB","@id":"https:\/\/allezfencing.eu\/#\/schema\/logo\/image\/","url":"https:\/\/allezfencing.eu\/wp-content\/uploads\/2025\/03\/etetohajo.eu-panama-site-icon.webp","contentUrl":"https:\/\/allezfencing.eu\/wp-content\/uploads\/2025\/03\/etetohajo.eu-panama-site-icon.webp","width":512,"height":512,"caption":"Panama Etet\u0151haj\u00f3k"},"image":{"@id":"https:\/\/allezfencing.eu\/#\/schema\/logo\/image\/"},"sameAs":["https:\/\/www.facebook.com\/panamaetetohajo"]}]}},"_links":{"self":[{"href":"https:\/\/allezfencing.eu\/en\/wp-json\/wp\/v2\/product\/15068","targetHints":{"allow":["GET"]}}],"collection":[{"href":"https:\/\/allezfencing.eu\/en\/wp-json\/wp\/v2\/product"}],"about":[{"href":"https:\/\/allezfencing.eu\/en\/wp-json\/wp\/v2\/types\/product"}],"replies":[{"embeddable":true,"href":"https:\/\/allezfencing.eu\/en\/wp-json\/wp\/v2\/comments?post=15068"}],"version-history":[{"count":2,"href":"https:\/\/allezfencing.eu\/en\/wp-json\/wp\/v2\/product\/15068\/revisions"}],"predecessor-version":[{"id":17043,"href":"https:\/\/allezfencing.eu\/en\/wp-json\/wp\/v2\/product\/15068\/revisions\/17043"}],"wp:featuredmedia":[{"embeddable":true,"href":"https:\/\/allezfencing.eu\/en\/wp-json\/wp\/v2\/media\/14887"}],"wp:attachment":[{"href":"https:\/\/allezfencing.eu\/en\/wp-json\/wp\/v2\/media?parent=15068"}],"wp:term":[{"taxonomy":"product_brand","embeddable":true,"href":"https:\/\/allezfencing.eu\/en\/wp-json\/wp\/v2\/product_brand?post=15068"},{"taxonomy":"product_cat","embeddable":true,"href":"https:\/\/allezfencing.eu\/en\/wp-json\/wp\/v2\/product_cat?post=15068"},{"taxonomy":"product_tag","embeddable":true,"href":"https:\/\/allezfencing.eu\/en\/wp-json\/wp\/v2\/product_tag?post=15068"}],"curies":[{"name":"wp","href":"https:\/\/api.w.org\/{rel}","templated":true}]}}