{"id":15076,"date":"2025-12-08T18:27:15","date_gmt":"2025-12-08T17:27:15","guid":{"rendered":"https:\/\/infiniteq.org\/webshop\/nem-kategorizalt\/prieur-fie-350-n-ferfi-nadrag\/"},"modified":"2026-04-14T10:59:52","modified_gmt":"2026-04-14T08:59:52","slug":"prieur-fie-350-n-ferfi-nadrag","status":"publish","type":"product","link":"https:\/\/allezfencing.eu\/en\/webshop\/ruhazat\/nadrag\/prieur-fie-350-n-ferfi-nadrag\/","title":{"rendered":"PRIEUR FIE 350 N F\u00e9rfi nadr\u00e1g"},"content":{"rendered":"<p data-start=\"5793\" data-end=\"5848\">PRIEUR FIE 350N F\u00e9rfi Nadr\u00e1g \u2013 Min\u0151s\u00e9gi edz\u0151felszerel\u00e9s<\/p>\n<p data-start=\"5850\" data-end=\"5862\">Term\u00e9kle\u00edr\u00e1s<\/p>\n<p data-start=\"5864\" data-end=\"5974\">A PRIEUR FIE 350N f\u00e9rfi nadr\u00e1g egy kiv\u00e1l\u00f3 min\u0151s\u00e9g\u0171 edz\u0151felszerel\u00e9s, amely a tart\u00f3ss\u00e1got \u00e9s a k\u00e9nyelmet \u00f6tv\u00f6zi.<\/p>\n<p data-start=\"5976\" data-end=\"6109\">A PRIEUR m\u00e1rk\u00e1ra jellemz\u0151 prec\u00edz kivitelez\u00e9s biztos\u00edtja a hossz\u00fa \u00e9lettartamot, mik\u00f6zben a kialak\u00edt\u00e1s lehet\u0151v\u00e9 teszi a szabad mozg\u00e1st.<\/p>\n<p data-start=\"6111\" data-end=\"6153\">Ez a modell ide\u00e1lis rendszeres edz\u00e9sekhez.<\/p>\n<p data-start=\"6155\" data-end=\"6169\">Main features<\/p>\n<p data-start=\"6171\" data-end=\"6322\">\u2714 350N v\u00e9delmi szint<br data-start=\"6191\" data-end=\"6194\" \/>\u2714 PRIEUR min\u0151s\u00e9g<br data-start=\"6210\" data-end=\"6213\" \/>\u2714 Ergonomikus kialak\u00edt\u00e1s<br data-start=\"6237\" data-end=\"6240\" \/>\u2714 Tart\u00f3s anyag<br data-start=\"6254\" data-end=\"6257\" \/>\u2714 K\u00e9nyelmes viselet<br data-start=\"6276\" data-end=\"6279\" \/>\u2714 Stabil illeszked\u00e9s<br data-start=\"6299\" data-end=\"6302\" \/>\u2714 Ide\u00e1lis edz\u00e9shez<\/p>\n<p data-start=\"6324\" data-end=\"6358\">Mi\u00e9rt v\u00e1laszd ezt a v\u00edv\u00f3 nadr\u00e1got?<\/p>\n<p data-start=\"6360\" data-end=\"6470\">\ud83c\uddeb\ud83c\uddf7 Francia min\u0151s\u00e9g<br data-start=\"6380\" data-end=\"6383\" \/>\ud83d\udee1 Megb\u00edzhat\u00f3 v\u00e9delem<br data-start=\"6404\" data-end=\"6407\" \/>\ud83d\udcaa Tart\u00f3s kialak\u00edt\u00e1s<br data-start=\"6427\" data-end=\"6430\" \/>\u2694 Szabad mozg\u00e1s<br data-start=\"6445\" data-end=\"6448\" \/>\ud83d\udc4c K\u00e9nyelmes viselet<\/p>\n<p data-start=\"6472\" data-end=\"6493\">Felhaszn\u00e1l\u00e1si ter\u00fclet<\/p>\n<p data-start=\"6495\" data-end=\"6543\">edz\u00e9sekhez<br data-start=\"6505\" data-end=\"6508\" \/>klubhaszn\u00e1latra<br data-start=\"6523\" data-end=\"6526\" \/>halad\u00f3 v\u00edv\u00f3knak<\/p>\n<p data-start=\"6545\" data-end=\"6580\">\u00c9letst\u00edlus \u2013 stabil edz\u0151felszerel\u00e9s<\/p>\n<p data-start=\"6582\" data-end=\"6644\">A PRIEUR nadr\u00e1g ide\u00e1lis v\u00e1laszt\u00e1s a rendszeres v\u00edv\u00f3edz\u00e9sekhez.<\/p>\n<hr data-start=\"6646\" data-end=\"6649\" \/>\n<p data-start=\"6651\" data-end=\"6674\">Gyakori k\u00e9rd\u00e9sek (GYIK)<\/p>\n<p data-start=\"6676\" data-end=\"6732\">Versenyeken haszn\u00e1lhat\u00f3?<br data-start=\"6700\" data-end=\"6703\" \/>Els\u0151sorban edz\u00e9shez aj\u00e1nlott.<\/p>\n<p data-start=\"6734\" data-end=\"6768\">Kinek aj\u00e1nlott?<br data-start=\"6749\" data-end=\"6752\" \/>Halad\u00f3 v\u00edv\u00f3knak.<\/p>\n<p data-start=\"6770\" data-end=\"6819\">Mi\u00e9rt PRIEUR?<br data-start=\"6783\" data-end=\"6786\" \/>Megb\u00edzhat\u00f3 \u00e9s tart\u00f3s felszerel\u00e9s.<\/p>","protected":false},"excerpt":{"rendered":"<p>PRIEUR FIE 350N F\u00e9rfi Nadr\u00e1g \u2013 Min\u0151s\u00e9gi edz\u0151felszerel\u00e9s<\/p>","protected":false},"featured_media":15077,"comment_status":"open","ping_status":"closed","template":"","meta":[],"product_brand":[328],"product_cat":[1134],"product_tag":[],"class_list":{"0":"post-15076","1":"product","2":"type-product","3":"status-publish","4":"has-post-thumbnail","6":"product_brand-prieur","7":"product_cat-nadrag","9":"first","10":"outofstock","11":"taxable","12":"shipping-taxable","13":"purchasable","14":"product-type-variable"},"yoast_head":"<!-- This site is optimized with the Yoast SEO plugin v27.2 - https:\/\/yoast.com\/product\/yoast-seo-wordpress\/ -->\n<title>PRIEUR FIE 350 N F\u00e9rfi nadr\u00e1g | Allez Fencing<\/title>\n<meta name=\"description\" content=\"PRIEUR 350N f\u00e9rfi nadr\u00e1g. Tart\u00f3s \u00e9s k\u00e9nyelmes edz\u0151felszerel\u00e9s.\" \/>\n<meta name=\"robots\" content=\"index, follow, max-snippet:-1, max-image-preview:large, max-video-preview:-1\" \/>\n<link rel=\"canonical\" href=\"https:\/\/allezfencing.eu\/en\/webshop\/ruhazat\/nadrag\/prieur-fie-350-n-ferfi-nadrag\/\" \/>\n<meta property=\"og:locale\" content=\"en_GB\" \/>\n<meta property=\"og:type\" content=\"article\" \/>\n<meta property=\"og:title\" content=\"PRIEUR FIE 350 N F\u00e9rfi nadr\u00e1g | Allez Fencing\" \/>\n<meta property=\"og:description\" content=\"PRIEUR 350N f\u00e9rfi nadr\u00e1g. Tart\u00f3s \u00e9s k\u00e9nyelmes edz\u0151felszerel\u00e9s.\" \/>\n<meta property=\"og:url\" content=\"https:\/\/allezfencing.eu\/en\/webshop\/ruhazat\/nadrag\/prieur-fie-350-n-ferfi-nadrag\/\" \/>\n<meta property=\"og:site_name\" content=\"Allez Fencing\" \/>\n<meta property=\"article:publisher\" content=\"https:\/\/www.facebook.com\/panamaetetohajo\" \/>\n<meta property=\"article:modified_time\" content=\"2026-04-14T08:59:52+00:00\" \/>\n<meta property=\"og:image\" content=\"https:\/\/allezfencing.eu\/wp-content\/uploads\/2025\/12\/Prieur_350n_nadrag_1.jpg\" \/>\n\t<meta property=\"og:image:width\" content=\"800\" \/>\n\t<meta property=\"og:image:height\" content=\"800\" \/>\n\t<meta property=\"og:image:type\" content=\"image\/png\" \/>\n<meta name=\"twitter:card\" content=\"summary_large_image\" \/>\n<meta name=\"twitter:label1\" content=\"Estimated reading time\" \/>\n\t<meta name=\"twitter:data1\" content=\"1 minute\" \/>\n<script type=\"application\/ld+json\" class=\"yoast-schema-graph\">{\"@context\":\"https:\/\/schema.org\",\"@graph\":[{\"@type\":\"WebPage\",\"@id\":\"https:\/\/allezfencing.eu\/webshop\/ruhazat\/nadrag\/prieur-fie-350-n-ferfi-nadrag\/\",\"url\":\"https:\/\/allezfencing.eu\/webshop\/ruhazat\/nadrag\/prieur-fie-350-n-ferfi-nadrag\/\",\"name\":\"PRIEUR FIE 350 N F\u00e9rfi nadr\u00e1g | Allez Fencing\",\"isPartOf\":{\"@id\":\"https:\/\/allezfencing.eu\/#website\"},\"primaryImageOfPage\":{\"@id\":\"https:\/\/allezfencing.eu\/webshop\/ruhazat\/nadrag\/prieur-fie-350-n-ferfi-nadrag\/#primaryimage\"},\"image\":{\"@id\":\"https:\/\/allezfencing.eu\/webshop\/ruhazat\/nadrag\/prieur-fie-350-n-ferfi-nadrag\/#primaryimage\"},\"thumbnailUrl\":\"https:\/\/allezfencing.eu\/wp-content\/uploads\/2025\/12\/Prieur_350n_nadrag_1.jpg\",\"datePublished\":\"2025-12-08T17:27:15+00:00\",\"dateModified\":\"2026-04-14T08:59:52+00:00\",\"description\":\"PRIEUR 350N f\u00e9rfi nadr\u00e1g. Tart\u00f3s \u00e9s k\u00e9nyelmes edz\u0151felszerel\u00e9s.\",\"breadcrumb\":{\"@id\":\"https:\/\/allezfencing.eu\/webshop\/ruhazat\/nadrag\/prieur-fie-350-n-ferfi-nadrag\/#breadcrumb\"},\"inLanguage\":\"en-GB\",\"potentialAction\":[{\"@type\":\"ReadAction\",\"target\":[\"https:\/\/allezfencing.eu\/webshop\/ruhazat\/nadrag\/prieur-fie-350-n-ferfi-nadrag\/\"]}]},{\"@type\":\"ImageObject\",\"inLanguage\":\"en-GB\",\"@id\":\"https:\/\/allezfencing.eu\/webshop\/ruhazat\/nadrag\/prieur-fie-350-n-ferfi-nadrag\/#primaryimage\",\"url\":\"https:\/\/allezfencing.eu\/wp-content\/uploads\/2025\/12\/Prieur_350n_nadrag_1.jpg\",\"contentUrl\":\"https:\/\/allezfencing.eu\/wp-content\/uploads\/2025\/12\/Prieur_350n_nadrag_1.jpg\",\"width\":800,\"height\":800},{\"@type\":\"BreadcrumbList\",\"@id\":\"https:\/\/allezfencing.eu\/webshop\/ruhazat\/nadrag\/prieur-fie-350-n-ferfi-nadrag\/#breadcrumb\",\"itemListElement\":[{\"@type\":\"ListItem\",\"position\":1,\"name\":\"Kezd\u0151lap\",\"item\":\"https:\/\/allezfencing.eu\/\"},{\"@type\":\"ListItem\",\"position\":2,\"name\":\"Webshop\",\"item\":\"https:\/\/allezfencing.eu\/webshop\/\"},{\"@type\":\"ListItem\",\"position\":3,\"name\":\"RUH\u00c1ZAT\",\"item\":\"https:\/\/allezfencing.eu\/termekkategoria\/ruhazat\/\"},{\"@type\":\"ListItem\",\"position\":4,\"name\":\"NADR\u00c1G\",\"item\":\"https:\/\/allezfencing.eu\/termekkategoria\/ruhazat\/nadrag\/\"},{\"@type\":\"ListItem\",\"position\":5,\"name\":\"PRIEUR FIE 350 N F\u00e9rfi nadr\u00e1g\"}]},{\"@type\":\"WebSite\",\"@id\":\"https:\/\/allezfencing.eu\/#website\",\"url\":\"https:\/\/allezfencing.eu\/\",\"name\":\"Allez Fencing\",\"description\":\"Minden ami v\u00edv\u00e1s\",\"publisher\":{\"@id\":\"https:\/\/allezfencing.eu\/#organization\"},\"potentialAction\":[{\"@type\":\"SearchAction\",\"target\":{\"@type\":\"EntryPoint\",\"urlTemplate\":\"https:\/\/allezfencing.eu\/?s={search_term_string}\"},\"query-input\":{\"@type\":\"PropertyValueSpecification\",\"valueRequired\":true,\"valueName\":\"search_term_string\"}}],\"inLanguage\":\"en-GB\"},{\"@type\":\"Organization\",\"@id\":\"https:\/\/allezfencing.eu\/#organization\",\"name\":\"Panama Etet\u0151haj\u00f3k\",\"url\":\"https:\/\/allezfencing.eu\/\",\"logo\":{\"@type\":\"ImageObject\",\"inLanguage\":\"en-GB\",\"@id\":\"https:\/\/allezfencing.eu\/#\/schema\/logo\/image\/\",\"url\":\"https:\/\/allezfencing.eu\/wp-content\/uploads\/2025\/03\/etetohajo.eu-panama-site-icon.webp\",\"contentUrl\":\"https:\/\/allezfencing.eu\/wp-content\/uploads\/2025\/03\/etetohajo.eu-panama-site-icon.webp\",\"width\":512,\"height\":512,\"caption\":\"Panama Etet\u0151haj\u00f3k\"},\"image\":{\"@id\":\"https:\/\/allezfencing.eu\/#\/schema\/logo\/image\/\"},\"sameAs\":[\"https:\/\/www.facebook.com\/panamaetetohajo\"]}]}<\/script>\n<!-- \/ Yoast SEO plugin. -->","yoast_head_json":{"title":"PRIEUR FIE 350 N F\u00e9rfi nadr\u00e1g | Allez Fencing","description":"PRIEUR 350N f\u00e9rfi nadr\u00e1g. Tart\u00f3s \u00e9s k\u00e9nyelmes edz\u0151felszerel\u00e9s.","robots":{"index":"index","follow":"follow","max-snippet":"max-snippet:-1","max-image-preview":"max-image-preview:large","max-video-preview":"max-video-preview:-1"},"canonical":"https:\/\/allezfencing.eu\/en\/webshop\/ruhazat\/nadrag\/prieur-fie-350-n-ferfi-nadrag\/","og_locale":"en_GB","og_type":"article","og_title":"PRIEUR FIE 350 N F\u00e9rfi nadr\u00e1g | Allez Fencing","og_description":"PRIEUR 350N f\u00e9rfi nadr\u00e1g. Tart\u00f3s \u00e9s k\u00e9nyelmes edz\u0151felszerel\u00e9s.","og_url":"https:\/\/allezfencing.eu\/en\/webshop\/ruhazat\/nadrag\/prieur-fie-350-n-ferfi-nadrag\/","og_site_name":"Allez Fencing","article_publisher":"https:\/\/www.facebook.com\/panamaetetohajo","article_modified_time":"2026-04-14T08:59:52+00:00","og_image":[{"width":800,"height":800,"url":"https:\/\/allezfencing.eu\/wp-content\/uploads\/2025\/12\/Prieur_350n_nadrag_1.jpg","type":"image\/png"}],"twitter_card":"summary_large_image","twitter_misc":{"Estimated reading time":"1 minute"},"schema":{"@context":"https:\/\/schema.org","@graph":[{"@type":"WebPage","@id":"https:\/\/allezfencing.eu\/webshop\/ruhazat\/nadrag\/prieur-fie-350-n-ferfi-nadrag\/","url":"https:\/\/allezfencing.eu\/webshop\/ruhazat\/nadrag\/prieur-fie-350-n-ferfi-nadrag\/","name":"PRIEUR FIE 350 N F\u00e9rfi nadr\u00e1g | Allez Fencing","isPartOf":{"@id":"https:\/\/allezfencing.eu\/#website"},"primaryImageOfPage":{"@id":"https:\/\/allezfencing.eu\/webshop\/ruhazat\/nadrag\/prieur-fie-350-n-ferfi-nadrag\/#primaryimage"},"image":{"@id":"https:\/\/allezfencing.eu\/webshop\/ruhazat\/nadrag\/prieur-fie-350-n-ferfi-nadrag\/#primaryimage"},"thumbnailUrl":"https:\/\/allezfencing.eu\/wp-content\/uploads\/2025\/12\/Prieur_350n_nadrag_1.jpg","datePublished":"2025-12-08T17:27:15+00:00","dateModified":"2026-04-14T08:59:52+00:00","description":"PRIEUR 350N f\u00e9rfi nadr\u00e1g. Tart\u00f3s \u00e9s k\u00e9nyelmes edz\u0151felszerel\u00e9s.","breadcrumb":{"@id":"https:\/\/allezfencing.eu\/webshop\/ruhazat\/nadrag\/prieur-fie-350-n-ferfi-nadrag\/#breadcrumb"},"inLanguage":"en-GB","potentialAction":[{"@type":"ReadAction","target":["https:\/\/allezfencing.eu\/webshop\/ruhazat\/nadrag\/prieur-fie-350-n-ferfi-nadrag\/"]}]},{"@type":"ImageObject","inLanguage":"en-GB","@id":"https:\/\/allezfencing.eu\/webshop\/ruhazat\/nadrag\/prieur-fie-350-n-ferfi-nadrag\/#primaryimage","url":"https:\/\/allezfencing.eu\/wp-content\/uploads\/2025\/12\/Prieur_350n_nadrag_1.jpg","contentUrl":"https:\/\/allezfencing.eu\/wp-content\/uploads\/2025\/12\/Prieur_350n_nadrag_1.jpg","width":800,"height":800},{"@type":"BreadcrumbList","@id":"https:\/\/allezfencing.eu\/webshop\/ruhazat\/nadrag\/prieur-fie-350-n-ferfi-nadrag\/#breadcrumb","itemListElement":[{"@type":"ListItem","position":1,"name":"Kezd\u0151lap","item":"https:\/\/allezfencing.eu\/"},{"@type":"ListItem","position":2,"name":"Webshop","item":"https:\/\/allezfencing.eu\/webshop\/"},{"@type":"ListItem","position":3,"name":"RUH\u00c1ZAT","item":"https:\/\/allezfencing.eu\/termekkategoria\/ruhazat\/"},{"@type":"ListItem","position":4,"name":"NADR\u00c1G","item":"https:\/\/allezfencing.eu\/termekkategoria\/ruhazat\/nadrag\/"},{"@type":"ListItem","position":5,"name":"PRIEUR FIE 350 N F\u00e9rfi nadr\u00e1g"}]},{"@type":"WebSite","@id":"https:\/\/allezfencing.eu\/#website","url":"https:\/\/allezfencing.eu\/","name":"Allez Fencing","description":"Minden ami v\u00edv\u00e1s","publisher":{"@id":"https:\/\/allezfencing.eu\/#organization"},"potentialAction":[{"@type":"SearchAction","target":{"@type":"EntryPoint","urlTemplate":"https:\/\/allezfencing.eu\/?s={search_term_string}"},"query-input":{"@type":"PropertyValueSpecification","valueRequired":true,"valueName":"search_term_string"}}],"inLanguage":"en-GB"},{"@type":"Organization","@id":"https:\/\/allezfencing.eu\/#organization","name":"Panama Feeding boats","url":"https:\/\/allezfencing.eu\/","logo":{"@type":"ImageObject","inLanguage":"en-GB","@id":"https:\/\/allezfencing.eu\/#\/schema\/logo\/image\/","url":"https:\/\/allezfencing.eu\/wp-content\/uploads\/2025\/03\/etetohajo.eu-panama-site-icon.webp","contentUrl":"https:\/\/allezfencing.eu\/wp-content\/uploads\/2025\/03\/etetohajo.eu-panama-site-icon.webp","width":512,"height":512,"caption":"Panama Etet\u0151haj\u00f3k"},"image":{"@id":"https:\/\/allezfencing.eu\/#\/schema\/logo\/image\/"},"sameAs":["https:\/\/www.facebook.com\/panamaetetohajo"]}]}},"_links":{"self":[{"href":"https:\/\/allezfencing.eu\/en\/wp-json\/wp\/v2\/product\/15076","targetHints":{"allow":["GET"]}}],"collection":[{"href":"https:\/\/allezfencing.eu\/en\/wp-json\/wp\/v2\/product"}],"about":[{"href":"https:\/\/allezfencing.eu\/en\/wp-json\/wp\/v2\/types\/product"}],"replies":[{"embeddable":true,"href":"https:\/\/allezfencing.eu\/en\/wp-json\/wp\/v2\/comments?post=15076"}],"version-history":[{"count":0,"href":"https:\/\/allezfencing.eu\/en\/wp-json\/wp\/v2\/product\/15076\/revisions"}],"wp:featuredmedia":[{"embeddable":true,"href":"https:\/\/allezfencing.eu\/en\/wp-json\/wp\/v2\/media\/15077"}],"wp:attachment":[{"href":"https:\/\/allezfencing.eu\/en\/wp-json\/wp\/v2\/media?parent=15076"}],"wp:term":[{"taxonomy":"product_brand","embeddable":true,"href":"https:\/\/allezfencing.eu\/en\/wp-json\/wp\/v2\/product_brand?post=15076"},{"taxonomy":"product_cat","embeddable":true,"href":"https:\/\/allezfencing.eu\/en\/wp-json\/wp\/v2\/product_cat?post=15076"},{"taxonomy":"product_tag","embeddable":true,"href":"https:\/\/allezfencing.eu\/en\/wp-json\/wp\/v2\/product_tag?post=15076"}],"curies":[{"name":"wp","href":"https:\/\/api.w.org\/{rel}","templated":true}]}}