{"id":15116,"date":"2025-12-08T18:29:03","date_gmt":"2025-12-08T17:29:03","guid":{"rendered":"https:\/\/infiniteq.org\/webshop\/nem-kategorizalt\/prieur-3-fegyvernemes-kesztyu\/"},"modified":"2026-04-05T08:24:37","modified_gmt":"2026-04-05T06:24:37","slug":"prieur-3-fegyvernemes-kesztyu","status":"publish","type":"product","link":"https:\/\/allezfencing.eu\/en\/webshop\/ruhazat\/kesztyu\/prieur-3-fegyvernemes-kesztyu\/","title":{"rendered":"PRIEUR 3 fegyvernemes keszty\u0171"},"content":{"rendered":"<p data-start=\"4968\" data-end=\"5026\">PRIEUR Univerz\u00e1lis V\u00edv\u00f3keszty\u0171 \u2013 Klasszikus francia modell<\/p>\n<p data-start=\"5028\" data-end=\"5040\">Term\u00e9kle\u00edr\u00e1s<\/p>\n<p data-start=\"5042\" data-end=\"5137\">A PRIEUR 3 fegyvernemes keszty\u0171 egy klasszikus modell, amely minden v\u00edv\u00f3fegyverhez haszn\u00e1lhat\u00f3.<\/p>\n<p data-start=\"5139\" data-end=\"5198\">A kialak\u00edt\u00e1s k\u00e9nyelmes viseletet \u00e9s stabil fog\u00e1st biztos\u00edt.<\/p>\n<p data-start=\"5200\" data-end=\"5214\">Main features<\/p>\n<p data-start=\"5216\" data-end=\"5360\">\u2714 3 fegyvernemhez<br data-start=\"5233\" data-end=\"5236\" \/>\u2714 Francia min\u0151s\u00e9g<br data-start=\"5253\" data-end=\"5256\" \/>\u2714 Stabil fog\u00e1s<br data-start=\"5270\" data-end=\"5273\" \/>\u2714 K\u00e9nyelmes viselet<br data-start=\"5292\" data-end=\"5295\" \/>\u2714 Tart\u00f3s kivitel<br data-start=\"5311\" data-end=\"5314\" \/>\u2714 Klasszikus kialak\u00edt\u00e1s<br data-start=\"5337\" data-end=\"5340\" \/>\u2714 Edz\u00e9shez ide\u00e1lis<\/p>\n<p data-start=\"5362\" data-end=\"5391\">Mi\u00e9rt v\u00e1laszd ezt a keszty\u0171t?<\/p>\n<p data-start=\"5393\" data-end=\"5475\">\ud83c\uddeb\ud83c\uddf7 Francia min\u0151s\u00e9g<br data-start=\"5413\" data-end=\"5416\" \/>\u2694 Univerz\u00e1lis<br data-start=\"5429\" data-end=\"5432\" \/>\u270b Stabil fog\u00e1s<br data-start=\"5446\" data-end=\"5449\" \/>\ud83d\udcaa Tart\u00f3s<br data-start=\"5458\" data-end=\"5461\" \/>\ud83d\udc4c K\u00e9nyelmes<\/p>\n<p data-start=\"5477\" data-end=\"5498\">Felhaszn\u00e1l\u00e1si ter\u00fclet<\/p>\n<p data-start=\"5500\" data-end=\"5535\">minden fegyvernemhez<br data-start=\"5520\" data-end=\"5523\" \/>edz\u00e9sekhez<\/p>\n<p data-start=\"5537\" data-end=\"5572\">\u00c9letst\u00edlus \u2013 egyszer\u0171 \u00e9s megb\u00edzhat\u00f3<\/p>\n<p data-start=\"5574\" data-end=\"5611\">Ez a keszty\u0171 ide\u00e1lis alapfelszerel\u00e9s.<\/p>\n<hr data-start=\"5613\" data-end=\"5616\" \/>\n<p data-start=\"5618\" data-end=\"5641\">Gyakori k\u00e9rd\u00e9sek (GYIK)<\/p>\n<p data-start=\"5643\" data-end=\"5704\">Mit jelent a 3 fegyvernemes?<br data-start=\"5671\" data-end=\"5674\" \/>Minden fegyverhez haszn\u00e1lhat\u00f3.<\/p>\n<p data-start=\"5706\" data-end=\"5748\">Kinek aj\u00e1nlott?<br data-start=\"5721\" data-end=\"5724\" \/>Kezd\u0151knek \u00e9s halad\u00f3knak.<\/p>\n<p data-start=\"5750\" data-end=\"5785\">Mi\u00e9rt PRIEUR?<br data-start=\"5763\" data-end=\"5766\" \/>Nagyon r\u00e9gi, hagyom\u00e1nyos gy\u00e1rt\u00f3.<\/p>","protected":false},"excerpt":{"rendered":"<p style=\"color: #333333; font-family: sans-serif, Arial, Verdana,;\">PRIEUR Univerz\u00e1lis V\u00edv\u00f3keszty\u0171 \u2013 Klasszikus francia modell<\/p>","protected":false},"featured_media":15117,"comment_status":"open","ping_status":"closed","template":"","meta":[],"product_brand":[328],"product_cat":[752],"product_tag":[],"class_list":{"0":"post-15116","1":"product","2":"type-product","3":"status-publish","4":"has-post-thumbnail","6":"product_brand-prieur","7":"product_cat-kesztyu","9":"first","10":"outofstock","11":"taxable","12":"shipping-taxable","13":"purchasable","14":"product-type-simple"},"yoast_head":"<!-- This site is optimized with the Yoast SEO plugin v27.2 - https:\/\/yoast.com\/product\/yoast-seo-wordpress\/ -->\n<title>PRIEUR 3 fegyvernemes keszty\u0171 | Allez Fencing<\/title>\n<meta name=\"description\" content=\"PRIEUR univerz\u00e1lis v\u00edv\u00f3keszty\u0171. Klasszikus francia modell minden fegyvernemhez.\" \/>\n<meta name=\"robots\" content=\"index, follow, max-snippet:-1, max-image-preview:large, max-video-preview:-1\" \/>\n<link rel=\"canonical\" href=\"https:\/\/allezfencing.eu\/en\/webshop\/ruhazat\/kesztyu\/prieur-3-fegyvernemes-kesztyu\/\" \/>\n<meta property=\"og:locale\" content=\"en_GB\" \/>\n<meta property=\"og:type\" content=\"article\" \/>\n<meta property=\"og:title\" content=\"PRIEUR 3 fegyvernemes keszty\u0171 | Allez Fencing\" \/>\n<meta property=\"og:description\" content=\"PRIEUR univerz\u00e1lis v\u00edv\u00f3keszty\u0171. Klasszikus francia modell minden fegyvernemhez.\" \/>\n<meta property=\"og:url\" content=\"https:\/\/allezfencing.eu\/en\/webshop\/ruhazat\/kesztyu\/prieur-3-fegyvernemes-kesztyu\/\" \/>\n<meta property=\"og:site_name\" content=\"Allez Fencing\" \/>\n<meta property=\"article:publisher\" content=\"https:\/\/www.facebook.com\/panamaetetohajo\" \/>\n<meta property=\"article:modified_time\" content=\"2026-04-05T06:24:37+00:00\" \/>\n<meta property=\"og:image\" content=\"https:\/\/allezfencing.eu\/wp-content\/uploads\/2025\/12\/Pri_Basic_kesztyu_1.jpg\" \/>\n\t<meta property=\"og:image:width\" content=\"800\" \/>\n\t<meta property=\"og:image:height\" content=\"800\" \/>\n\t<meta property=\"og:image:type\" content=\"image\/jpeg\" \/>\n<meta name=\"twitter:card\" content=\"summary_large_image\" \/>\n<meta name=\"twitter:label1\" content=\"Estimated reading time\" \/>\n\t<meta name=\"twitter:data1\" content=\"1 minute\" \/>\n<script type=\"application\/ld+json\" class=\"yoast-schema-graph\">{\"@context\":\"https:\/\/schema.org\",\"@graph\":[{\"@type\":\"WebPage\",\"@id\":\"https:\/\/allezfencing.eu\/webshop\/ruhazat\/kesztyu\/prieur-3-fegyvernemes-kesztyu\/\",\"url\":\"https:\/\/allezfencing.eu\/webshop\/ruhazat\/kesztyu\/prieur-3-fegyvernemes-kesztyu\/\",\"name\":\"PRIEUR 3 fegyvernemes keszty\u0171 | Allez Fencing\",\"isPartOf\":{\"@id\":\"https:\/\/allezfencing.eu\/#website\"},\"primaryImageOfPage\":{\"@id\":\"https:\/\/allezfencing.eu\/webshop\/ruhazat\/kesztyu\/prieur-3-fegyvernemes-kesztyu\/#primaryimage\"},\"image\":{\"@id\":\"https:\/\/allezfencing.eu\/webshop\/ruhazat\/kesztyu\/prieur-3-fegyvernemes-kesztyu\/#primaryimage\"},\"thumbnailUrl\":\"https:\/\/allezfencing.eu\/wp-content\/uploads\/2025\/12\/Pri_Basic_kesztyu_1.jpg\",\"datePublished\":\"2025-12-08T17:29:03+00:00\",\"dateModified\":\"2026-04-05T06:24:37+00:00\",\"description\":\"PRIEUR univerz\u00e1lis v\u00edv\u00f3keszty\u0171. Klasszikus francia modell minden fegyvernemhez.\",\"breadcrumb\":{\"@id\":\"https:\/\/allezfencing.eu\/webshop\/ruhazat\/kesztyu\/prieur-3-fegyvernemes-kesztyu\/#breadcrumb\"},\"inLanguage\":\"en-GB\",\"potentialAction\":[{\"@type\":\"ReadAction\",\"target\":[\"https:\/\/allezfencing.eu\/webshop\/ruhazat\/kesztyu\/prieur-3-fegyvernemes-kesztyu\/\"]}]},{\"@type\":\"ImageObject\",\"inLanguage\":\"en-GB\",\"@id\":\"https:\/\/allezfencing.eu\/webshop\/ruhazat\/kesztyu\/prieur-3-fegyvernemes-kesztyu\/#primaryimage\",\"url\":\"https:\/\/allezfencing.eu\/wp-content\/uploads\/2025\/12\/Pri_Basic_kesztyu_1.jpg\",\"contentUrl\":\"https:\/\/allezfencing.eu\/wp-content\/uploads\/2025\/12\/Pri_Basic_kesztyu_1.jpg\",\"width\":800,\"height\":800},{\"@type\":\"BreadcrumbList\",\"@id\":\"https:\/\/allezfencing.eu\/webshop\/ruhazat\/kesztyu\/prieur-3-fegyvernemes-kesztyu\/#breadcrumb\",\"itemListElement\":[{\"@type\":\"ListItem\",\"position\":1,\"name\":\"Kezd\u0151lap\",\"item\":\"https:\/\/allezfencing.eu\/\"},{\"@type\":\"ListItem\",\"position\":2,\"name\":\"Webshop\",\"item\":\"https:\/\/allezfencing.eu\/webshop\/\"},{\"@type\":\"ListItem\",\"position\":3,\"name\":\"RUH\u00c1ZAT\",\"item\":\"https:\/\/allezfencing.eu\/termekkategoria\/ruhazat\/\"},{\"@type\":\"ListItem\",\"position\":4,\"name\":\"KESZTY\u0170\",\"item\":\"https:\/\/allezfencing.eu\/termekkategoria\/ruhazat\/kesztyu\/\"},{\"@type\":\"ListItem\",\"position\":5,\"name\":\"PRIEUR 3 fegyvernemes keszty\u0171\"}]},{\"@type\":\"WebSite\",\"@id\":\"https:\/\/allezfencing.eu\/#website\",\"url\":\"https:\/\/allezfencing.eu\/\",\"name\":\"Allez Fencing\",\"description\":\"Minden ami v\u00edv\u00e1s\",\"publisher\":{\"@id\":\"https:\/\/allezfencing.eu\/#organization\"},\"potentialAction\":[{\"@type\":\"SearchAction\",\"target\":{\"@type\":\"EntryPoint\",\"urlTemplate\":\"https:\/\/allezfencing.eu\/?s={search_term_string}\"},\"query-input\":{\"@type\":\"PropertyValueSpecification\",\"valueRequired\":true,\"valueName\":\"search_term_string\"}}],\"inLanguage\":\"en-GB\"},{\"@type\":\"Organization\",\"@id\":\"https:\/\/allezfencing.eu\/#organization\",\"name\":\"Panama Etet\u0151haj\u00f3k\",\"url\":\"https:\/\/allezfencing.eu\/\",\"logo\":{\"@type\":\"ImageObject\",\"inLanguage\":\"en-GB\",\"@id\":\"https:\/\/allezfencing.eu\/#\/schema\/logo\/image\/\",\"url\":\"https:\/\/allezfencing.eu\/wp-content\/uploads\/2025\/03\/etetohajo.eu-panama-site-icon.webp\",\"contentUrl\":\"https:\/\/allezfencing.eu\/wp-content\/uploads\/2025\/03\/etetohajo.eu-panama-site-icon.webp\",\"width\":512,\"height\":512,\"caption\":\"Panama Etet\u0151haj\u00f3k\"},\"image\":{\"@id\":\"https:\/\/allezfencing.eu\/#\/schema\/logo\/image\/\"},\"sameAs\":[\"https:\/\/www.facebook.com\/panamaetetohajo\"]}]}<\/script>\n<!-- \/ Yoast SEO plugin. -->","yoast_head_json":{"title":"PRIEUR 3 fegyvernemes keszty\u0171 | Allez Fencing","description":"PRIEUR univerz\u00e1lis v\u00edv\u00f3keszty\u0171. Klasszikus francia modell minden fegyvernemhez.","robots":{"index":"index","follow":"follow","max-snippet":"max-snippet:-1","max-image-preview":"max-image-preview:large","max-video-preview":"max-video-preview:-1"},"canonical":"https:\/\/allezfencing.eu\/en\/webshop\/ruhazat\/kesztyu\/prieur-3-fegyvernemes-kesztyu\/","og_locale":"en_GB","og_type":"article","og_title":"PRIEUR 3 fegyvernemes keszty\u0171 | Allez Fencing","og_description":"PRIEUR univerz\u00e1lis v\u00edv\u00f3keszty\u0171. Klasszikus francia modell minden fegyvernemhez.","og_url":"https:\/\/allezfencing.eu\/en\/webshop\/ruhazat\/kesztyu\/prieur-3-fegyvernemes-kesztyu\/","og_site_name":"Allez Fencing","article_publisher":"https:\/\/www.facebook.com\/panamaetetohajo","article_modified_time":"2026-04-05T06:24:37+00:00","og_image":[{"width":800,"height":800,"url":"https:\/\/allezfencing.eu\/wp-content\/uploads\/2025\/12\/Pri_Basic_kesztyu_1.jpg","type":"image\/jpeg"}],"twitter_card":"summary_large_image","twitter_misc":{"Estimated reading time":"1 minute"},"schema":{"@context":"https:\/\/schema.org","@graph":[{"@type":"WebPage","@id":"https:\/\/allezfencing.eu\/webshop\/ruhazat\/kesztyu\/prieur-3-fegyvernemes-kesztyu\/","url":"https:\/\/allezfencing.eu\/webshop\/ruhazat\/kesztyu\/prieur-3-fegyvernemes-kesztyu\/","name":"PRIEUR 3 fegyvernemes keszty\u0171 | Allez Fencing","isPartOf":{"@id":"https:\/\/allezfencing.eu\/#website"},"primaryImageOfPage":{"@id":"https:\/\/allezfencing.eu\/webshop\/ruhazat\/kesztyu\/prieur-3-fegyvernemes-kesztyu\/#primaryimage"},"image":{"@id":"https:\/\/allezfencing.eu\/webshop\/ruhazat\/kesztyu\/prieur-3-fegyvernemes-kesztyu\/#primaryimage"},"thumbnailUrl":"https:\/\/allezfencing.eu\/wp-content\/uploads\/2025\/12\/Pri_Basic_kesztyu_1.jpg","datePublished":"2025-12-08T17:29:03+00:00","dateModified":"2026-04-05T06:24:37+00:00","description":"PRIEUR univerz\u00e1lis v\u00edv\u00f3keszty\u0171. Klasszikus francia modell minden fegyvernemhez.","breadcrumb":{"@id":"https:\/\/allezfencing.eu\/webshop\/ruhazat\/kesztyu\/prieur-3-fegyvernemes-kesztyu\/#breadcrumb"},"inLanguage":"en-GB","potentialAction":[{"@type":"ReadAction","target":["https:\/\/allezfencing.eu\/webshop\/ruhazat\/kesztyu\/prieur-3-fegyvernemes-kesztyu\/"]}]},{"@type":"ImageObject","inLanguage":"en-GB","@id":"https:\/\/allezfencing.eu\/webshop\/ruhazat\/kesztyu\/prieur-3-fegyvernemes-kesztyu\/#primaryimage","url":"https:\/\/allezfencing.eu\/wp-content\/uploads\/2025\/12\/Pri_Basic_kesztyu_1.jpg","contentUrl":"https:\/\/allezfencing.eu\/wp-content\/uploads\/2025\/12\/Pri_Basic_kesztyu_1.jpg","width":800,"height":800},{"@type":"BreadcrumbList","@id":"https:\/\/allezfencing.eu\/webshop\/ruhazat\/kesztyu\/prieur-3-fegyvernemes-kesztyu\/#breadcrumb","itemListElement":[{"@type":"ListItem","position":1,"name":"Kezd\u0151lap","item":"https:\/\/allezfencing.eu\/"},{"@type":"ListItem","position":2,"name":"Webshop","item":"https:\/\/allezfencing.eu\/webshop\/"},{"@type":"ListItem","position":3,"name":"RUH\u00c1ZAT","item":"https:\/\/allezfencing.eu\/termekkategoria\/ruhazat\/"},{"@type":"ListItem","position":4,"name":"KESZTY\u0170","item":"https:\/\/allezfencing.eu\/termekkategoria\/ruhazat\/kesztyu\/"},{"@type":"ListItem","position":5,"name":"PRIEUR 3 fegyvernemes keszty\u0171"}]},{"@type":"WebSite","@id":"https:\/\/allezfencing.eu\/#website","url":"https:\/\/allezfencing.eu\/","name":"Allez Fencing","description":"Minden ami v\u00edv\u00e1s","publisher":{"@id":"https:\/\/allezfencing.eu\/#organization"},"potentialAction":[{"@type":"SearchAction","target":{"@type":"EntryPoint","urlTemplate":"https:\/\/allezfencing.eu\/?s={search_term_string}"},"query-input":{"@type":"PropertyValueSpecification","valueRequired":true,"valueName":"search_term_string"}}],"inLanguage":"en-GB"},{"@type":"Organization","@id":"https:\/\/allezfencing.eu\/#organization","name":"Panama Feeding boats","url":"https:\/\/allezfencing.eu\/","logo":{"@type":"ImageObject","inLanguage":"en-GB","@id":"https:\/\/allezfencing.eu\/#\/schema\/logo\/image\/","url":"https:\/\/allezfencing.eu\/wp-content\/uploads\/2025\/03\/etetohajo.eu-panama-site-icon.webp","contentUrl":"https:\/\/allezfencing.eu\/wp-content\/uploads\/2025\/03\/etetohajo.eu-panama-site-icon.webp","width":512,"height":512,"caption":"Panama Etet\u0151haj\u00f3k"},"image":{"@id":"https:\/\/allezfencing.eu\/#\/schema\/logo\/image\/"},"sameAs":["https:\/\/www.facebook.com\/panamaetetohajo"]}]}},"_links":{"self":[{"href":"https:\/\/allezfencing.eu\/en\/wp-json\/wp\/v2\/product\/15116","targetHints":{"allow":["GET"]}}],"collection":[{"href":"https:\/\/allezfencing.eu\/en\/wp-json\/wp\/v2\/product"}],"about":[{"href":"https:\/\/allezfencing.eu\/en\/wp-json\/wp\/v2\/types\/product"}],"replies":[{"embeddable":true,"href":"https:\/\/allezfencing.eu\/en\/wp-json\/wp\/v2\/comments?post=15116"}],"version-history":[{"count":0,"href":"https:\/\/allezfencing.eu\/en\/wp-json\/wp\/v2\/product\/15116\/revisions"}],"wp:featuredmedia":[{"embeddable":true,"href":"https:\/\/allezfencing.eu\/en\/wp-json\/wp\/v2\/media\/15117"}],"wp:attachment":[{"href":"https:\/\/allezfencing.eu\/en\/wp-json\/wp\/v2\/media?parent=15116"}],"wp:term":[{"taxonomy":"product_brand","embeddable":true,"href":"https:\/\/allezfencing.eu\/en\/wp-json\/wp\/v2\/product_brand?post=15116"},{"taxonomy":"product_cat","embeddable":true,"href":"https:\/\/allezfencing.eu\/en\/wp-json\/wp\/v2\/product_cat?post=15116"},{"taxonomy":"product_tag","embeddable":true,"href":"https:\/\/allezfencing.eu\/en\/wp-json\/wp\/v2\/product_tag?post=15116"}],"curies":[{"name":"wp","href":"https:\/\/api.w.org\/{rel}","templated":true}]}}