{"id":15209,"date":"2025-12-08T18:32:30","date_gmt":"2025-12-08T17:32:30","guid":{"rendered":"https:\/\/infiniteq.org\/webshop\/nem-kategorizalt\/noi-kard-lame\/"},"modified":"2026-04-05T07:48:59","modified_gmt":"2026-04-05T05:48:59","slug":"noi-kard-lame","status":"publish","type":"product","link":"https:\/\/allezfencing.eu\/en\/webshop\/ruhazat\/lame\/noi-kard-lame\/","title":{"rendered":"N\u0151i kard lam\u00e9"},"content":{"rendered":"<p data-start=\"3718\" data-end=\"3770\">N\u0151i Kard Lam\u00e9 \u2013 Ergonomikus felszerel\u00e9s kardv\u00edv\u00e1shoz<\/p>\n<p data-start=\"3772\" data-end=\"3784\">Term\u00e9kle\u00edr\u00e1s<\/p>\n<p data-start=\"3786\" data-end=\"3918\">A n\u0151i kard lam\u00e9 kifejezetten n\u0151i v\u00edv\u00f3k sz\u00e1m\u00e1ra k\u00e9sz\u00fclt modell, amely biztos\u00edtja a megfelel\u0151 illeszked\u00e9st \u00e9s a pontos tal\u00e1latjelz\u00e9st.<\/p>\n<p data-start=\"3920\" data-end=\"4012\">Kardv\u00edv\u00e1sn\u00e1l a lam\u00e9 a teljes fels\u0151testet \u00e9s karokat lefedi, \u00edgy kulcsfontoss\u00e1g\u00fa felszerel\u00e9s.<\/p>\n<p data-start=\"4014\" data-end=\"4062\">Ez a modell ide\u00e1lis edz\u00e9sekhez \u00e9s versenyz\u00e9shez.<\/p>\n<p data-start=\"4064\" data-end=\"4078\">Main features<\/p>\n<p data-start=\"4080\" data-end=\"4224\">\u2714 N\u0151i szab\u00e1s<br data-start=\"4092\" data-end=\"4095\" \/>\u2714 Kardv\u00edv\u00e1shoz<br data-start=\"4109\" data-end=\"4112\" \/>\u2714 Pontos jelz\u00e9s<br data-start=\"4127\" data-end=\"4130\" \/>\u2714 K\u00e9nyelmes viselet<br data-start=\"4149\" data-end=\"4152\" \/>\u2714 Tart\u00f3s kialak\u00edt\u00e1s<br data-start=\"4171\" data-end=\"4174\" \/>\u2714 Ergonomikus illeszked\u00e9s<br data-start=\"4199\" data-end=\"4202\" \/>\u2714 Versenyre alkalmas<\/p>\n<p data-start=\"4226\" data-end=\"4252\">Mi\u00e9rt v\u00e1laszd ezt a lam\u00e9t?<\/p>\n<p data-start=\"4254\" data-end=\"4326\">\ud83d\udc69 N\u0151i szab\u00e1s<br data-start=\"4267\" data-end=\"4270\" \/>\u2694 Kardhoz<br data-start=\"4279\" data-end=\"4282\" \/>\u26a1 Pontos jelz\u00e9s<br data-start=\"4297\" data-end=\"4300\" \/>\ud83d\udcaa Tart\u00f3s<br data-start=\"4309\" data-end=\"4312\" \/>\ud83d\udc4c K\u00e9nyelmes<\/p>\n<p data-start=\"4328\" data-end=\"4349\">Felhaszn\u00e1l\u00e1si ter\u00fclet<\/p>\n<p data-start=\"4351\" data-end=\"4399\">kard edz\u00e9sekhez<br data-start=\"4366\" data-end=\"4369\" \/>versenyz\u00e9shez<br data-start=\"4382\" data-end=\"4385\" \/>n\u0151i v\u00edv\u00f3knak<\/p>\n<p data-start=\"4401\" data-end=\"4436\">\u00c9letst\u00edlus \u2013 k\u00e9nyelmes teljes\u00edtm\u00e9ny<\/p>\n<p data-start=\"4438\" data-end=\"4494\">Ez a modell ide\u00e1lis v\u00e1laszt\u00e1s a rendszeres haszn\u00e1lathoz.<\/p>\n<hr data-start=\"4496\" data-end=\"4499\" \/>\n<p data-start=\"4501\" data-end=\"4524\">Gyakori k\u00e9rd\u00e9sek (GYIK)<\/p>\n<p data-start=\"4526\" data-end=\"4582\">Mi\u00e9rt fontos a n\u0151i szab\u00e1s?<br data-start=\"4552\" data-end=\"4555\" \/>Jobb illeszked\u00e9st biztos\u00edt.<\/p>\n<p data-start=\"4584\" data-end=\"4615\">Kinek aj\u00e1nlott?<br data-start=\"4599\" data-end=\"4602\" \/>N\u0151i v\u00edv\u00f3knak.<\/p>","protected":false},"excerpt":{"rendered":"<p style=\"color: #333333; font-family: sans-serif, Arial, Verdana,;\">N\u0151i Kard Lam\u00e9 \u2013 Ergonomikus felszerel\u00e9s kardv\u00edv\u00e1shoz<\/p>\n<p style=\"color: #333333; font-family: sans-serif, Arial, Verdana,;\">","protected":false},"featured_media":15208,"comment_status":"open","ping_status":"closed","template":"","meta":[],"product_brand":[320],"product_cat":[786],"product_tag":[],"class_list":{"0":"post-15209","1":"product","2":"type-product","3":"status-publish","4":"has-post-thumbnail","6":"product_brand-elsior","7":"product_cat-lame","9":"first","10":"outofstock","11":"taxable","12":"shipping-taxable","13":"purchasable","14":"product-type-simple"},"yoast_head":"<!-- This site is optimized with the Yoast SEO plugin v27.2 - https:\/\/yoast.com\/product\/yoast-seo-wordpress\/ -->\n<title>N\u0151i kard lam\u00e9 | Allez Fencing<\/title>\n<meta name=\"description\" content=\"N\u0151i kard lam\u00e9 ergonomikus kialak\u00edt\u00e1ssal. K\u00e9nyelmes \u00e9s megb\u00edzhat\u00f3 v\u00e1laszt\u00e1s kardv\u00edv\u00e1shoz.\" \/>\n<meta name=\"robots\" content=\"index, follow, max-snippet:-1, max-image-preview:large, max-video-preview:-1\" \/>\n<link rel=\"canonical\" href=\"https:\/\/allezfencing.eu\/en\/webshop\/ruhazat\/lame\/noi-kard-lame\/\" \/>\n<meta property=\"og:locale\" content=\"en_GB\" \/>\n<meta property=\"og:type\" content=\"article\" \/>\n<meta property=\"og:title\" content=\"N\u0151i kard lam\u00e9 | Allez Fencing\" \/>\n<meta property=\"og:description\" content=\"N\u0151i kard lam\u00e9 ergonomikus kialak\u00edt\u00e1ssal. K\u00e9nyelmes \u00e9s megb\u00edzhat\u00f3 v\u00e1laszt\u00e1s kardv\u00edv\u00e1shoz.\" \/>\n<meta property=\"og:url\" content=\"https:\/\/allezfencing.eu\/en\/webshop\/ruhazat\/lame\/noi-kard-lame\/\" \/>\n<meta property=\"og:site_name\" content=\"Allez Fencing\" \/>\n<meta property=\"article:publisher\" content=\"https:\/\/www.facebook.com\/panamaetetohajo\" \/>\n<meta property=\"article:modified_time\" content=\"2026-04-05T05:48:59+00:00\" \/>\n<meta property=\"og:image\" content=\"https:\/\/allezfencing.eu\/wp-content\/uploads\/2025\/12\/Ferfi_kard_lame.jpg\" \/>\n\t<meta property=\"og:image:width\" content=\"700\" \/>\n\t<meta property=\"og:image:height\" content=\"700\" \/>\n\t<meta property=\"og:image:type\" content=\"image\/jpeg\" \/>\n<meta name=\"twitter:card\" content=\"summary_large_image\" \/>\n<meta name=\"twitter:label1\" content=\"Estimated reading time\" \/>\n\t<meta name=\"twitter:data1\" content=\"1 minute\" \/>\n<script type=\"application\/ld+json\" class=\"yoast-schema-graph\">{\"@context\":\"https:\/\/schema.org\",\"@graph\":[{\"@type\":\"WebPage\",\"@id\":\"https:\/\/allezfencing.eu\/webshop\/ruhazat\/lame\/noi-kard-lame\/\",\"url\":\"https:\/\/allezfencing.eu\/webshop\/ruhazat\/lame\/noi-kard-lame\/\",\"name\":\"N\u0151i kard lam\u00e9 | Allez Fencing\",\"isPartOf\":{\"@id\":\"https:\/\/allezfencing.eu\/#website\"},\"primaryImageOfPage\":{\"@id\":\"https:\/\/allezfencing.eu\/webshop\/ruhazat\/lame\/noi-kard-lame\/#primaryimage\"},\"image\":{\"@id\":\"https:\/\/allezfencing.eu\/webshop\/ruhazat\/lame\/noi-kard-lame\/#primaryimage\"},\"thumbnailUrl\":\"https:\/\/allezfencing.eu\/wp-content\/uploads\/2025\/12\/Ferfi_kard_lame.jpg\",\"datePublished\":\"2025-12-08T17:32:30+00:00\",\"dateModified\":\"2026-04-05T05:48:59+00:00\",\"description\":\"N\u0151i kard lam\u00e9 ergonomikus kialak\u00edt\u00e1ssal. K\u00e9nyelmes \u00e9s megb\u00edzhat\u00f3 v\u00e1laszt\u00e1s kardv\u00edv\u00e1shoz.\",\"breadcrumb\":{\"@id\":\"https:\/\/allezfencing.eu\/webshop\/ruhazat\/lame\/noi-kard-lame\/#breadcrumb\"},\"inLanguage\":\"en-GB\",\"potentialAction\":[{\"@type\":\"ReadAction\",\"target\":[\"https:\/\/allezfencing.eu\/webshop\/ruhazat\/lame\/noi-kard-lame\/\"]}]},{\"@type\":\"ImageObject\",\"inLanguage\":\"en-GB\",\"@id\":\"https:\/\/allezfencing.eu\/webshop\/ruhazat\/lame\/noi-kard-lame\/#primaryimage\",\"url\":\"https:\/\/allezfencing.eu\/wp-content\/uploads\/2025\/12\/Ferfi_kard_lame.jpg\",\"contentUrl\":\"https:\/\/allezfencing.eu\/wp-content\/uploads\/2025\/12\/Ferfi_kard_lame.jpg\",\"width\":700,\"height\":700},{\"@type\":\"BreadcrumbList\",\"@id\":\"https:\/\/allezfencing.eu\/webshop\/ruhazat\/lame\/noi-kard-lame\/#breadcrumb\",\"itemListElement\":[{\"@type\":\"ListItem\",\"position\":1,\"name\":\"Kezd\u0151lap\",\"item\":\"https:\/\/allezfencing.eu\/\"},{\"@type\":\"ListItem\",\"position\":2,\"name\":\"Webshop\",\"item\":\"https:\/\/allezfencing.eu\/webshop\/\"},{\"@type\":\"ListItem\",\"position\":3,\"name\":\"RUH\u00c1ZAT\",\"item\":\"https:\/\/allezfencing.eu\/termekkategoria\/ruhazat\/\"},{\"@type\":\"ListItem\",\"position\":4,\"name\":\"LAM\u00c9\",\"item\":\"https:\/\/allezfencing.eu\/termekkategoria\/ruhazat\/lame\/\"},{\"@type\":\"ListItem\",\"position\":5,\"name\":\"N\u0151i kard lam\u00e9\"}]},{\"@type\":\"WebSite\",\"@id\":\"https:\/\/allezfencing.eu\/#website\",\"url\":\"https:\/\/allezfencing.eu\/\",\"name\":\"Allez Fencing\",\"description\":\"Minden ami v\u00edv\u00e1s\",\"publisher\":{\"@id\":\"https:\/\/allezfencing.eu\/#organization\"},\"potentialAction\":[{\"@type\":\"SearchAction\",\"target\":{\"@type\":\"EntryPoint\",\"urlTemplate\":\"https:\/\/allezfencing.eu\/?s={search_term_string}\"},\"query-input\":{\"@type\":\"PropertyValueSpecification\",\"valueRequired\":true,\"valueName\":\"search_term_string\"}}],\"inLanguage\":\"en-GB\"},{\"@type\":\"Organization\",\"@id\":\"https:\/\/allezfencing.eu\/#organization\",\"name\":\"Panama Etet\u0151haj\u00f3k\",\"url\":\"https:\/\/allezfencing.eu\/\",\"logo\":{\"@type\":\"ImageObject\",\"inLanguage\":\"en-GB\",\"@id\":\"https:\/\/allezfencing.eu\/#\/schema\/logo\/image\/\",\"url\":\"https:\/\/allezfencing.eu\/wp-content\/uploads\/2025\/03\/etetohajo.eu-panama-site-icon.webp\",\"contentUrl\":\"https:\/\/allezfencing.eu\/wp-content\/uploads\/2025\/03\/etetohajo.eu-panama-site-icon.webp\",\"width\":512,\"height\":512,\"caption\":\"Panama Etet\u0151haj\u00f3k\"},\"image\":{\"@id\":\"https:\/\/allezfencing.eu\/#\/schema\/logo\/image\/\"},\"sameAs\":[\"https:\/\/www.facebook.com\/panamaetetohajo\"]}]}<\/script>\n<!-- \/ Yoast SEO plugin. -->","yoast_head_json":{"title":"N\u0151i kard lam\u00e9 | Allez Fencing","description":"N\u0151i kard lam\u00e9 ergonomikus kialak\u00edt\u00e1ssal. K\u00e9nyelmes \u00e9s megb\u00edzhat\u00f3 v\u00e1laszt\u00e1s kardv\u00edv\u00e1shoz.","robots":{"index":"index","follow":"follow","max-snippet":"max-snippet:-1","max-image-preview":"max-image-preview:large","max-video-preview":"max-video-preview:-1"},"canonical":"https:\/\/allezfencing.eu\/en\/webshop\/ruhazat\/lame\/noi-kard-lame\/","og_locale":"en_GB","og_type":"article","og_title":"N\u0151i kard lam\u00e9 | Allez Fencing","og_description":"N\u0151i kard lam\u00e9 ergonomikus kialak\u00edt\u00e1ssal. K\u00e9nyelmes \u00e9s megb\u00edzhat\u00f3 v\u00e1laszt\u00e1s kardv\u00edv\u00e1shoz.","og_url":"https:\/\/allezfencing.eu\/en\/webshop\/ruhazat\/lame\/noi-kard-lame\/","og_site_name":"Allez Fencing","article_publisher":"https:\/\/www.facebook.com\/panamaetetohajo","article_modified_time":"2026-04-05T05:48:59+00:00","og_image":[{"width":700,"height":700,"url":"https:\/\/allezfencing.eu\/wp-content\/uploads\/2025\/12\/Ferfi_kard_lame.jpg","type":"image\/jpeg"}],"twitter_card":"summary_large_image","twitter_misc":{"Estimated reading time":"1 minute"},"schema":{"@context":"https:\/\/schema.org","@graph":[{"@type":"WebPage","@id":"https:\/\/allezfencing.eu\/webshop\/ruhazat\/lame\/noi-kard-lame\/","url":"https:\/\/allezfencing.eu\/webshop\/ruhazat\/lame\/noi-kard-lame\/","name":"N\u0151i kard lam\u00e9 | Allez Fencing","isPartOf":{"@id":"https:\/\/allezfencing.eu\/#website"},"primaryImageOfPage":{"@id":"https:\/\/allezfencing.eu\/webshop\/ruhazat\/lame\/noi-kard-lame\/#primaryimage"},"image":{"@id":"https:\/\/allezfencing.eu\/webshop\/ruhazat\/lame\/noi-kard-lame\/#primaryimage"},"thumbnailUrl":"https:\/\/allezfencing.eu\/wp-content\/uploads\/2025\/12\/Ferfi_kard_lame.jpg","datePublished":"2025-12-08T17:32:30+00:00","dateModified":"2026-04-05T05:48:59+00:00","description":"N\u0151i kard lam\u00e9 ergonomikus kialak\u00edt\u00e1ssal. K\u00e9nyelmes \u00e9s megb\u00edzhat\u00f3 v\u00e1laszt\u00e1s kardv\u00edv\u00e1shoz.","breadcrumb":{"@id":"https:\/\/allezfencing.eu\/webshop\/ruhazat\/lame\/noi-kard-lame\/#breadcrumb"},"inLanguage":"en-GB","potentialAction":[{"@type":"ReadAction","target":["https:\/\/allezfencing.eu\/webshop\/ruhazat\/lame\/noi-kard-lame\/"]}]},{"@type":"ImageObject","inLanguage":"en-GB","@id":"https:\/\/allezfencing.eu\/webshop\/ruhazat\/lame\/noi-kard-lame\/#primaryimage","url":"https:\/\/allezfencing.eu\/wp-content\/uploads\/2025\/12\/Ferfi_kard_lame.jpg","contentUrl":"https:\/\/allezfencing.eu\/wp-content\/uploads\/2025\/12\/Ferfi_kard_lame.jpg","width":700,"height":700},{"@type":"BreadcrumbList","@id":"https:\/\/allezfencing.eu\/webshop\/ruhazat\/lame\/noi-kard-lame\/#breadcrumb","itemListElement":[{"@type":"ListItem","position":1,"name":"Kezd\u0151lap","item":"https:\/\/allezfencing.eu\/"},{"@type":"ListItem","position":2,"name":"Webshop","item":"https:\/\/allezfencing.eu\/webshop\/"},{"@type":"ListItem","position":3,"name":"RUH\u00c1ZAT","item":"https:\/\/allezfencing.eu\/termekkategoria\/ruhazat\/"},{"@type":"ListItem","position":4,"name":"LAM\u00c9","item":"https:\/\/allezfencing.eu\/termekkategoria\/ruhazat\/lame\/"},{"@type":"ListItem","position":5,"name":"N\u0151i kard lam\u00e9"}]},{"@type":"WebSite","@id":"https:\/\/allezfencing.eu\/#website","url":"https:\/\/allezfencing.eu\/","name":"Allez Fencing","description":"Minden ami v\u00edv\u00e1s","publisher":{"@id":"https:\/\/allezfencing.eu\/#organization"},"potentialAction":[{"@type":"SearchAction","target":{"@type":"EntryPoint","urlTemplate":"https:\/\/allezfencing.eu\/?s={search_term_string}"},"query-input":{"@type":"PropertyValueSpecification","valueRequired":true,"valueName":"search_term_string"}}],"inLanguage":"en-GB"},{"@type":"Organization","@id":"https:\/\/allezfencing.eu\/#organization","name":"Panama Feeding boats","url":"https:\/\/allezfencing.eu\/","logo":{"@type":"ImageObject","inLanguage":"en-GB","@id":"https:\/\/allezfencing.eu\/#\/schema\/logo\/image\/","url":"https:\/\/allezfencing.eu\/wp-content\/uploads\/2025\/03\/etetohajo.eu-panama-site-icon.webp","contentUrl":"https:\/\/allezfencing.eu\/wp-content\/uploads\/2025\/03\/etetohajo.eu-panama-site-icon.webp","width":512,"height":512,"caption":"Panama Etet\u0151haj\u00f3k"},"image":{"@id":"https:\/\/allezfencing.eu\/#\/schema\/logo\/image\/"},"sameAs":["https:\/\/www.facebook.com\/panamaetetohajo"]}]}},"_links":{"self":[{"href":"https:\/\/allezfencing.eu\/en\/wp-json\/wp\/v2\/product\/15209","targetHints":{"allow":["GET"]}}],"collection":[{"href":"https:\/\/allezfencing.eu\/en\/wp-json\/wp\/v2\/product"}],"about":[{"href":"https:\/\/allezfencing.eu\/en\/wp-json\/wp\/v2\/types\/product"}],"replies":[{"embeddable":true,"href":"https:\/\/allezfencing.eu\/en\/wp-json\/wp\/v2\/comments?post=15209"}],"version-history":[{"count":4,"href":"https:\/\/allezfencing.eu\/en\/wp-json\/wp\/v2\/product\/15209\/revisions"}],"predecessor-version":[{"id":18281,"href":"https:\/\/allezfencing.eu\/en\/wp-json\/wp\/v2\/product\/15209\/revisions\/18281"}],"wp:featuredmedia":[{"embeddable":true,"href":"https:\/\/allezfencing.eu\/en\/wp-json\/wp\/v2\/media\/15208"}],"wp:attachment":[{"href":"https:\/\/allezfencing.eu\/en\/wp-json\/wp\/v2\/media?parent=15209"}],"wp:term":[{"taxonomy":"product_brand","embeddable":true,"href":"https:\/\/allezfencing.eu\/en\/wp-json\/wp\/v2\/product_brand?post=15209"},{"taxonomy":"product_cat","embeddable":true,"href":"https:\/\/allezfencing.eu\/en\/wp-json\/wp\/v2\/product_cat?post=15209"},{"taxonomy":"product_tag","embeddable":true,"href":"https:\/\/allezfencing.eu\/en\/wp-json\/wp\/v2\/product_tag?post=15209"}],"curies":[{"name":"wp","href":"https:\/\/api.w.org\/{rel}","templated":true}]}}