{"id":15214,"date":"2025-12-08T18:32:30","date_gmt":"2025-12-08T17:32:30","guid":{"rendered":"https:\/\/infiniteq.org\/webshop\/nem-kategorizalt\/fwf-gyermek-kard-lame\/"},"modified":"2026-04-05T07:43:18","modified_gmt":"2026-04-05T05:43:18","slug":"fwf-gyermek-kard-lame","status":"publish","type":"product","link":"https:\/\/allezfencing.eu\/en\/webshop\/ruhazat\/lame\/fwf-gyermek-kard-lame\/","title":{"rendered":"FWF Gyermek kard lam\u00e9"},"content":{"rendered":"<p data-start=\"3261\" data-end=\"3322\">FWF Gyermek Kard Lam\u00e9 \u2013 Biztons\u00e1g \u00e9s k\u00e9nyelem fiatal v\u00edv\u00f3knak<\/p>\n<p data-start=\"3324\" data-end=\"3336\">Term\u00e9kle\u00edr\u00e1s<\/p>\n<p data-start=\"3338\" data-end=\"3478\">Az FWF gyermek kard lam\u00e9 ide\u00e1lis v\u00e1laszt\u00e1s fiatal v\u00edv\u00f3k sz\u00e1m\u00e1ra, amely biztos\u00edtja a megfelel\u0151 elektromos kapcsolatot \u00e9s k\u00e9nyelmes viseletet.<\/p>\n<p data-start=\"3480\" data-end=\"3643\">A modell moshat\u00f3 kivitel\u0171, amely lehet\u0151v\u00e9 teszi a tiszt\u00edt\u00e1st, azonban kiz\u00e1r\u00f3lag k\u00e9zi mos\u00e1s aj\u00e1nlott. A n\u00e9met gy\u00e1rt\u00e1s garant\u00e1lja a tart\u00f3ss\u00e1got \u00e9s a megb\u00edzhat\u00f3s\u00e1got.<\/p>\n<p data-start=\"3645\" data-end=\"3687\">Ez a lam\u00e9 ut\u00e1np\u00f3tl\u00e1s sportol\u00f3knak k\u00e9sz\u00fclt.<\/p>\n<p data-start=\"3689\" data-end=\"3703\">Main features<\/p>\n<p data-start=\"3705\" data-end=\"3851\">\u2714 Gyermek kialak\u00edt\u00e1s<br data-start=\"3725\" data-end=\"3728\" \/>\u2714 Kardv\u00edv\u00e1shoz<br data-start=\"3742\" data-end=\"3745\" \/>\u2714 K\u00e9zzel moshat\u00f3 kivitel<br data-start=\"3769\" data-end=\"3772\" \/>\u2714 Tart\u00f3s kivitel<br data-start=\"3788\" data-end=\"3791\" \/>\u2714 Pontos jelz\u00e9s<br data-start=\"3806\" data-end=\"3809\" \/>\u2714 K\u00e9nyelmes viselet<br data-start=\"3828\" data-end=\"3831\" \/>\u2714 Edz\u00e9shez ide\u00e1lis<\/p>\n<p data-start=\"3853\" data-end=\"3879\">Mi\u00e9rt v\u00e1laszd ezt a lam\u00e9t?<\/p>\n<p data-start=\"3881\" data-end=\"3977\">\ud83e\uddd2 Gyermekeknek ide\u00e1lis<br data-start=\"3904\" data-end=\"3907\" \/>\ud83c\udde9\ud83c\uddea N\u00e9met min\u0151s\u00e9g<br data-start=\"3925\" data-end=\"3928\" \/>\ud83e\uddfc K\u00e9zzel moshat\u00f3<br data-start=\"3945\" data-end=\"3948\" \/>\u26a1 Pontos jelz\u00e9s<br data-start=\"3963\" data-end=\"3966\" \/>\u2694 Kardhoz<\/p>\n<p data-start=\"3979\" data-end=\"4000\">Felhaszn\u00e1l\u00e1si ter\u00fclet<\/p>\n<p data-start=\"4002\" data-end=\"4044\">gyermek edz\u00e9sekhez<br data-start=\"4020\" data-end=\"4023\" \/>ut\u00e1np\u00f3tl\u00e1s v\u00edv\u00f3knak<\/p>\n<p data-start=\"4046\" data-end=\"4093\">\u00c9letst\u00edlus \u2013 k\u00f6nnyen karbantarthat\u00f3 felszerel\u00e9s<\/p>\n<p data-start=\"4095\" data-end=\"4165\">A k\u00e9zzel moshat\u00f3 kivitel praktikus megold\u00e1s a mindennapi haszn\u00e1lathoz.<\/p>\n<hr data-start=\"4167\" data-end=\"4170\" \/>\n<p data-start=\"4172\" data-end=\"4195\">Gyakori k\u00e9rd\u00e9sek (GYIK)<\/p>\n<p data-start=\"4197\" data-end=\"4221\">Moshat\u00f3?<br data-start=\"4205\" data-end=\"4208\" \/>Igen, k\u00e9zzel.<\/p>\n<p data-start=\"4223\" data-end=\"4258\">Kinek aj\u00e1nlott?<br data-start=\"4238\" data-end=\"4241\" \/>Gyermek v\u00edv\u00f3knak.<\/p>\n<p data-start=\"4260\" data-end=\"4312\">Mi\u00e9rt fontos a lam\u00e9?<br data-start=\"4280\" data-end=\"4283\" \/>A tal\u00e1latok \u00e9rz\u00e9kel\u00e9se miatt.<\/p>","protected":false},"excerpt":{"rendered":"<p>FWF Gyermek Kard Lam\u00e9 \u2013 Biztons\u00e1g \u00e9s k\u00e9nyelem fiatal v\u00edv\u00f3knak<\/p>","protected":false},"featured_media":15215,"comment_status":"open","ping_status":"closed","template":"","meta":[],"product_brand":[321],"product_cat":[786],"product_tag":[],"class_list":{"0":"post-15214","1":"product","2":"type-product","3":"status-publish","4":"has-post-thumbnail","6":"product_brand-fwf","7":"product_cat-lame","9":"first","10":"instock","11":"taxable","12":"shipping-taxable","13":"purchasable","14":"product-type-variable"},"yoast_head":"<!-- This site is optimized with the Yoast SEO plugin v27.2 - https:\/\/yoast.com\/product\/yoast-seo-wordpress\/ -->\n<title>FWF Gyermek kard lam\u00e9 | Allez Fencing<\/title>\n<meta name=\"description\" content=\"FWF gyermek kard lam\u00e9 k\u00e9zzel moshat\u00f3 kivitelben. Tart\u00f3s \u00e9s praktikus felszerel\u00e9s fiatal v\u00edv\u00f3knak.\" \/>\n<meta name=\"robots\" content=\"index, follow, max-snippet:-1, max-image-preview:large, max-video-preview:-1\" \/>\n<link rel=\"canonical\" href=\"https:\/\/allezfencing.eu\/en\/webshop\/ruhazat\/lame\/fwf-gyermek-kard-lame\/\" \/>\n<meta property=\"og:locale\" content=\"en_GB\" \/>\n<meta property=\"og:type\" content=\"article\" \/>\n<meta property=\"og:title\" content=\"FWF Gyermek kard lam\u00e9 | Allez Fencing\" \/>\n<meta property=\"og:description\" content=\"FWF gyermek kard lam\u00e9 k\u00e9zzel moshat\u00f3 kivitelben. Tart\u00f3s \u00e9s praktikus felszerel\u00e9s fiatal v\u00edv\u00f3knak.\" \/>\n<meta property=\"og:url\" content=\"https:\/\/allezfencing.eu\/en\/webshop\/ruhazat\/lame\/fwf-gyermek-kard-lame\/\" \/>\n<meta property=\"og:site_name\" content=\"Allez Fencing\" \/>\n<meta property=\"article:publisher\" content=\"https:\/\/www.facebook.com\/panamaetetohajo\" \/>\n<meta property=\"article:modified_time\" content=\"2026-04-05T05:43:18+00:00\" \/>\n<meta property=\"og:image\" content=\"https:\/\/allezfencing.eu\/wp-content\/uploads\/2025\/12\/FWF_kard_lame_1.jpg\" \/>\n\t<meta property=\"og:image:width\" content=\"800\" \/>\n\t<meta property=\"og:image:height\" content=\"800\" \/>\n\t<meta property=\"og:image:type\" content=\"image\/jpeg\" \/>\n<meta name=\"twitter:card\" content=\"summary_large_image\" \/>\n<meta name=\"twitter:label1\" content=\"Estimated reading time\" \/>\n\t<meta name=\"twitter:data1\" content=\"1 minute\" \/>\n<script type=\"application\/ld+json\" class=\"yoast-schema-graph\">{\"@context\":\"https:\/\/schema.org\",\"@graph\":[{\"@type\":\"WebPage\",\"@id\":\"https:\/\/allezfencing.eu\/webshop\/ruhazat\/lame\/fwf-gyermek-kard-lame\/\",\"url\":\"https:\/\/allezfencing.eu\/webshop\/ruhazat\/lame\/fwf-gyermek-kard-lame\/\",\"name\":\"FWF Gyermek kard lam\u00e9 | Allez Fencing\",\"isPartOf\":{\"@id\":\"https:\/\/allezfencing.eu\/#website\"},\"primaryImageOfPage\":{\"@id\":\"https:\/\/allezfencing.eu\/webshop\/ruhazat\/lame\/fwf-gyermek-kard-lame\/#primaryimage\"},\"image\":{\"@id\":\"https:\/\/allezfencing.eu\/webshop\/ruhazat\/lame\/fwf-gyermek-kard-lame\/#primaryimage\"},\"thumbnailUrl\":\"https:\/\/allezfencing.eu\/wp-content\/uploads\/2025\/12\/FWF_kard_lame_1.jpg\",\"datePublished\":\"2025-12-08T17:32:30+00:00\",\"dateModified\":\"2026-04-05T05:43:18+00:00\",\"description\":\"FWF gyermek kard lam\u00e9 k\u00e9zzel moshat\u00f3 kivitelben. Tart\u00f3s \u00e9s praktikus felszerel\u00e9s fiatal v\u00edv\u00f3knak.\",\"breadcrumb\":{\"@id\":\"https:\/\/allezfencing.eu\/webshop\/ruhazat\/lame\/fwf-gyermek-kard-lame\/#breadcrumb\"},\"inLanguage\":\"en-GB\",\"potentialAction\":[{\"@type\":\"ReadAction\",\"target\":[\"https:\/\/allezfencing.eu\/webshop\/ruhazat\/lame\/fwf-gyermek-kard-lame\/\"]}]},{\"@type\":\"ImageObject\",\"inLanguage\":\"en-GB\",\"@id\":\"https:\/\/allezfencing.eu\/webshop\/ruhazat\/lame\/fwf-gyermek-kard-lame\/#primaryimage\",\"url\":\"https:\/\/allezfencing.eu\/wp-content\/uploads\/2025\/12\/FWF_kard_lame_1.jpg\",\"contentUrl\":\"https:\/\/allezfencing.eu\/wp-content\/uploads\/2025\/12\/FWF_kard_lame_1.jpg\",\"width\":800,\"height\":800},{\"@type\":\"BreadcrumbList\",\"@id\":\"https:\/\/allezfencing.eu\/webshop\/ruhazat\/lame\/fwf-gyermek-kard-lame\/#breadcrumb\",\"itemListElement\":[{\"@type\":\"ListItem\",\"position\":1,\"name\":\"Kezd\u0151lap\",\"item\":\"https:\/\/allezfencing.eu\/\"},{\"@type\":\"ListItem\",\"position\":2,\"name\":\"Webshop\",\"item\":\"https:\/\/allezfencing.eu\/webshop\/\"},{\"@type\":\"ListItem\",\"position\":3,\"name\":\"RUH\u00c1ZAT\",\"item\":\"https:\/\/allezfencing.eu\/termekkategoria\/ruhazat\/\"},{\"@type\":\"ListItem\",\"position\":4,\"name\":\"LAM\u00c9\",\"item\":\"https:\/\/allezfencing.eu\/termekkategoria\/ruhazat\/lame\/\"},{\"@type\":\"ListItem\",\"position\":5,\"name\":\"FWF Gyermek kard lam\u00e9\"}]},{\"@type\":\"WebSite\",\"@id\":\"https:\/\/allezfencing.eu\/#website\",\"url\":\"https:\/\/allezfencing.eu\/\",\"name\":\"Allez Fencing\",\"description\":\"Minden ami v\u00edv\u00e1s\",\"publisher\":{\"@id\":\"https:\/\/allezfencing.eu\/#organization\"},\"potentialAction\":[{\"@type\":\"SearchAction\",\"target\":{\"@type\":\"EntryPoint\",\"urlTemplate\":\"https:\/\/allezfencing.eu\/?s={search_term_string}\"},\"query-input\":{\"@type\":\"PropertyValueSpecification\",\"valueRequired\":true,\"valueName\":\"search_term_string\"}}],\"inLanguage\":\"en-GB\"},{\"@type\":\"Organization\",\"@id\":\"https:\/\/allezfencing.eu\/#organization\",\"name\":\"Panama Etet\u0151haj\u00f3k\",\"url\":\"https:\/\/allezfencing.eu\/\",\"logo\":{\"@type\":\"ImageObject\",\"inLanguage\":\"en-GB\",\"@id\":\"https:\/\/allezfencing.eu\/#\/schema\/logo\/image\/\",\"url\":\"https:\/\/allezfencing.eu\/wp-content\/uploads\/2025\/03\/etetohajo.eu-panama-site-icon.webp\",\"contentUrl\":\"https:\/\/allezfencing.eu\/wp-content\/uploads\/2025\/03\/etetohajo.eu-panama-site-icon.webp\",\"width\":512,\"height\":512,\"caption\":\"Panama Etet\u0151haj\u00f3k\"},\"image\":{\"@id\":\"https:\/\/allezfencing.eu\/#\/schema\/logo\/image\/\"},\"sameAs\":[\"https:\/\/www.facebook.com\/panamaetetohajo\"]}]}<\/script>\n<!-- \/ Yoast SEO plugin. -->","yoast_head_json":{"title":"FWF Gyermek kard lam\u00e9 | Allez Fencing","description":"FWF gyermek kard lam\u00e9 k\u00e9zzel moshat\u00f3 kivitelben. Tart\u00f3s \u00e9s praktikus felszerel\u00e9s fiatal v\u00edv\u00f3knak.","robots":{"index":"index","follow":"follow","max-snippet":"max-snippet:-1","max-image-preview":"max-image-preview:large","max-video-preview":"max-video-preview:-1"},"canonical":"https:\/\/allezfencing.eu\/en\/webshop\/ruhazat\/lame\/fwf-gyermek-kard-lame\/","og_locale":"en_GB","og_type":"article","og_title":"FWF Gyermek kard lam\u00e9 | Allez Fencing","og_description":"FWF gyermek kard lam\u00e9 k\u00e9zzel moshat\u00f3 kivitelben. Tart\u00f3s \u00e9s praktikus felszerel\u00e9s fiatal v\u00edv\u00f3knak.","og_url":"https:\/\/allezfencing.eu\/en\/webshop\/ruhazat\/lame\/fwf-gyermek-kard-lame\/","og_site_name":"Allez Fencing","article_publisher":"https:\/\/www.facebook.com\/panamaetetohajo","article_modified_time":"2026-04-05T05:43:18+00:00","og_image":[{"width":800,"height":800,"url":"https:\/\/allezfencing.eu\/wp-content\/uploads\/2025\/12\/FWF_kard_lame_1.jpg","type":"image\/jpeg"}],"twitter_card":"summary_large_image","twitter_misc":{"Estimated reading time":"1 minute"},"schema":{"@context":"https:\/\/schema.org","@graph":[{"@type":"WebPage","@id":"https:\/\/allezfencing.eu\/webshop\/ruhazat\/lame\/fwf-gyermek-kard-lame\/","url":"https:\/\/allezfencing.eu\/webshop\/ruhazat\/lame\/fwf-gyermek-kard-lame\/","name":"FWF Gyermek kard lam\u00e9 | Allez Fencing","isPartOf":{"@id":"https:\/\/allezfencing.eu\/#website"},"primaryImageOfPage":{"@id":"https:\/\/allezfencing.eu\/webshop\/ruhazat\/lame\/fwf-gyermek-kard-lame\/#primaryimage"},"image":{"@id":"https:\/\/allezfencing.eu\/webshop\/ruhazat\/lame\/fwf-gyermek-kard-lame\/#primaryimage"},"thumbnailUrl":"https:\/\/allezfencing.eu\/wp-content\/uploads\/2025\/12\/FWF_kard_lame_1.jpg","datePublished":"2025-12-08T17:32:30+00:00","dateModified":"2026-04-05T05:43:18+00:00","description":"FWF gyermek kard lam\u00e9 k\u00e9zzel moshat\u00f3 kivitelben. Tart\u00f3s \u00e9s praktikus felszerel\u00e9s fiatal v\u00edv\u00f3knak.","breadcrumb":{"@id":"https:\/\/allezfencing.eu\/webshop\/ruhazat\/lame\/fwf-gyermek-kard-lame\/#breadcrumb"},"inLanguage":"en-GB","potentialAction":[{"@type":"ReadAction","target":["https:\/\/allezfencing.eu\/webshop\/ruhazat\/lame\/fwf-gyermek-kard-lame\/"]}]},{"@type":"ImageObject","inLanguage":"en-GB","@id":"https:\/\/allezfencing.eu\/webshop\/ruhazat\/lame\/fwf-gyermek-kard-lame\/#primaryimage","url":"https:\/\/allezfencing.eu\/wp-content\/uploads\/2025\/12\/FWF_kard_lame_1.jpg","contentUrl":"https:\/\/allezfencing.eu\/wp-content\/uploads\/2025\/12\/FWF_kard_lame_1.jpg","width":800,"height":800},{"@type":"BreadcrumbList","@id":"https:\/\/allezfencing.eu\/webshop\/ruhazat\/lame\/fwf-gyermek-kard-lame\/#breadcrumb","itemListElement":[{"@type":"ListItem","position":1,"name":"Kezd\u0151lap","item":"https:\/\/allezfencing.eu\/"},{"@type":"ListItem","position":2,"name":"Webshop","item":"https:\/\/allezfencing.eu\/webshop\/"},{"@type":"ListItem","position":3,"name":"RUH\u00c1ZAT","item":"https:\/\/allezfencing.eu\/termekkategoria\/ruhazat\/"},{"@type":"ListItem","position":4,"name":"LAM\u00c9","item":"https:\/\/allezfencing.eu\/termekkategoria\/ruhazat\/lame\/"},{"@type":"ListItem","position":5,"name":"FWF Gyermek kard lam\u00e9"}]},{"@type":"WebSite","@id":"https:\/\/allezfencing.eu\/#website","url":"https:\/\/allezfencing.eu\/","name":"Allez Fencing","description":"Minden ami v\u00edv\u00e1s","publisher":{"@id":"https:\/\/allezfencing.eu\/#organization"},"potentialAction":[{"@type":"SearchAction","target":{"@type":"EntryPoint","urlTemplate":"https:\/\/allezfencing.eu\/?s={search_term_string}"},"query-input":{"@type":"PropertyValueSpecification","valueRequired":true,"valueName":"search_term_string"}}],"inLanguage":"en-GB"},{"@type":"Organization","@id":"https:\/\/allezfencing.eu\/#organization","name":"Panama Feeding boats","url":"https:\/\/allezfencing.eu\/","logo":{"@type":"ImageObject","inLanguage":"en-GB","@id":"https:\/\/allezfencing.eu\/#\/schema\/logo\/image\/","url":"https:\/\/allezfencing.eu\/wp-content\/uploads\/2025\/03\/etetohajo.eu-panama-site-icon.webp","contentUrl":"https:\/\/allezfencing.eu\/wp-content\/uploads\/2025\/03\/etetohajo.eu-panama-site-icon.webp","width":512,"height":512,"caption":"Panama Etet\u0151haj\u00f3k"},"image":{"@id":"https:\/\/allezfencing.eu\/#\/schema\/logo\/image\/"},"sameAs":["https:\/\/www.facebook.com\/panamaetetohajo"]}]}},"_links":{"self":[{"href":"https:\/\/allezfencing.eu\/en\/wp-json\/wp\/v2\/product\/15214","targetHints":{"allow":["GET"]}}],"collection":[{"href":"https:\/\/allezfencing.eu\/en\/wp-json\/wp\/v2\/product"}],"about":[{"href":"https:\/\/allezfencing.eu\/en\/wp-json\/wp\/v2\/types\/product"}],"replies":[{"embeddable":true,"href":"https:\/\/allezfencing.eu\/en\/wp-json\/wp\/v2\/comments?post=15214"}],"version-history":[{"count":5,"href":"https:\/\/allezfencing.eu\/en\/wp-json\/wp\/v2\/product\/15214\/revisions"}],"predecessor-version":[{"id":18263,"href":"https:\/\/allezfencing.eu\/en\/wp-json\/wp\/v2\/product\/15214\/revisions\/18263"}],"wp:featuredmedia":[{"embeddable":true,"href":"https:\/\/allezfencing.eu\/en\/wp-json\/wp\/v2\/media\/15215"}],"wp:attachment":[{"href":"https:\/\/allezfencing.eu\/en\/wp-json\/wp\/v2\/media?parent=15214"}],"wp:term":[{"taxonomy":"product_brand","embeddable":true,"href":"https:\/\/allezfencing.eu\/en\/wp-json\/wp\/v2\/product_brand?post=15214"},{"taxonomy":"product_cat","embeddable":true,"href":"https:\/\/allezfencing.eu\/en\/wp-json\/wp\/v2\/product_cat?post=15214"},{"taxonomy":"product_tag","embeddable":true,"href":"https:\/\/allezfencing.eu\/en\/wp-json\/wp\/v2\/product_tag?post=15214"}],"curies":[{"name":"wp","href":"https:\/\/api.w.org\/{rel}","templated":true}]}}