{"id":15220,"date":"2025-12-08T18:33:26","date_gmt":"2025-12-08T17:33:26","guid":{"rendered":"https:\/\/infiniteq.org\/webshop\/nem-kategorizalt\/fwf-ferfi-kard-lame\/"},"modified":"2026-04-14T10:48:37","modified_gmt":"2026-04-14T08:48:37","slug":"fwf-ferfi-kard-lame","status":"publish","type":"product","link":"https:\/\/allezfencing.eu\/en\/webshop\/ruhazat\/lame\/fwf-ferfi-kard-lame\/","title":{"rendered":"FWF F\u00e9rfi kard lam\u00e9"},"content":{"rendered":"<p data-start=\"356\" data-end=\"415\">FWF F\u00e9rfi Kard Lam\u00e9 \u2013 Megb\u00edzhat\u00f3 n\u00e9met min\u0151s\u00e9g kardv\u00edv\u00e1shoz<\/p>\n<p data-start=\"417\" data-end=\"429\">Term\u00e9kle\u00edr\u00e1s<\/p>\n<p data-start=\"431\" data-end=\"624\">Az FWF f\u00e9rfi kard lam\u00e9 egy kiv\u00e1l\u00f3 min\u0151s\u00e9g\u0171 n\u00e9met gy\u00e1rtm\u00e1ny, amely stabil elektromos vezet\u00e9st \u00e9s tart\u00f3s kialak\u00edt\u00e1st biztos\u00edt. Az FWF m\u00e1rka a megb\u00edzhat\u00f3 \u00e9s j\u00f3l bev\u00e1lt v\u00edv\u00f3felszerel\u00e9seir\u0151l ismert.<\/p>\n<p data-start=\"626\" data-end=\"883\">Kardv\u00edv\u00e1s eset\u00e9n a lam\u00e9 a teljes fels\u0151testet \u00e9s karokat lefedi, \u00edgy kulcsszerepet j\u00e1tszik a tal\u00e1latok pontos \u00e9rz\u00e9kel\u00e9s\u00e9ben. A modell moshat\u00f3 kivitel\u0171, amely lehet\u0151v\u00e9 teszi a tiszt\u00edt\u00e1st, azonban kiz\u00e1r\u00f3lag k\u00e9zi mos\u00e1s aj\u00e1nlott a megfelel\u0151 \u00e1llapot meg\u0151rz\u00e9s\u00e9hez.<\/p>\n<p data-start=\"885\" data-end=\"943\">Ez a modell ide\u00e1lis v\u00e1laszt\u00e1s edz\u00e9sekhez \u00e9s versenyz\u00e9shez.<\/p>\n<p data-start=\"945\" data-end=\"959\">Main features<\/p>\n<p data-start=\"961\" data-end=\"1137\">\u2714 Kardv\u00edv\u00e1shoz optimaliz\u00e1lt<br data-start=\"988\" data-end=\"991\" \/>\u2714 N\u00e9met min\u0151s\u00e9g<br data-start=\"1006\" data-end=\"1009\" \/>\u2714 K\u00e9zzel moshat\u00f3 kivitel<br data-start=\"1033\" data-end=\"1036\" \/>\u2714 Stabil elektromos vezet\u00e9s<br data-start=\"1063\" data-end=\"1066\" \/>\u2714 Tart\u00f3s kialak\u00edt\u00e1s<br data-start=\"1085\" data-end=\"1088\" \/>\u2714 Ergonomikus szab\u00e1s<br data-start=\"1108\" data-end=\"1111\" \/>\u2714 Edz\u00e9shez \u00e9s versenyhez<\/p>\n<p data-start=\"1139\" data-end=\"1165\">Mi\u00e9rt v\u00e1laszd ezt a lam\u00e9t?<\/p>\n<p data-start=\"1167\" data-end=\"1268\">\ud83c\udde9\ud83c\uddea Megb\u00edzhat\u00f3 n\u00e9met gy\u00e1rt\u00f3<br data-start=\"1195\" data-end=\"1198\" \/>\u26a1 Pontos jelz\u00e9s<br data-start=\"1213\" data-end=\"1216\" \/>\u2694 Kardv\u00edv\u00e1shoz<br data-start=\"1230\" data-end=\"1233\" \/>\ud83e\uddfc K\u00e9zzel moshat\u00f3<br data-start=\"1250\" data-end=\"1253\" \/>\ud83d\udcaa Strapab\u00edr\u00f3<\/p>\n<p data-start=\"1270\" data-end=\"1291\">Felhaszn\u00e1l\u00e1si ter\u00fclet<\/p>\n<p data-start=\"1293\" data-end=\"1344\">kard edz\u00e9sekhez<br data-start=\"1308\" data-end=\"1311\" \/>versenyz\u00e9shez<br data-start=\"1324\" data-end=\"1327\" \/>halad\u00f3 v\u00edv\u00f3knak<\/p>\n<p data-start=\"1346\" data-end=\"1395\">\u00c9letst\u00edlus \u2013 tart\u00f3s \u00e9s karbantarthat\u00f3 felszerel\u00e9s<\/p>\n<p data-start=\"1397\" data-end=\"1473\">A k\u00e9zzel moshat\u00f3 kialak\u00edt\u00e1s seg\u00edt a lam\u00e9 megfelel\u0151 \u00e1llapot\u00e1nak meg\u0151rz\u00e9s\u00e9ben.<\/p>\n<hr data-start=\"1475\" data-end=\"1478\" \/>\n<p data-start=\"1480\" data-end=\"1503\">Gyakori k\u00e9rd\u00e9sek (GYIK)<\/p>\n<p data-start=\"1505\" data-end=\"1582\">Moshat\u00f3 ez a lam\u00e9?<br data-start=\"1523\" data-end=\"1526\" \/>Igen, moshat\u00f3 kivitel, de kiz\u00e1r\u00f3lag k\u00e9zi mos\u00e1s aj\u00e1nlott.<\/p>\n<p data-start=\"1584\" data-end=\"1662\">Mi\u00e9rt fontos a kard lam\u00e9?<br data-start=\"1609\" data-end=\"1612\" \/>A teljes tal\u00e1lati fel\u00fclet \u00e9rz\u00e9kel\u00e9s\u00e9hez sz\u00fcks\u00e9ges.<\/p>\n<p data-start=\"1664\" data-end=\"1698\">Kinek aj\u00e1nlott?<br data-start=\"1679\" data-end=\"1682\" \/>Halad\u00f3 v\u00edv\u00f3knak.<\/p>","protected":false},"excerpt":{"rendered":"<p>FWF F\u00e9rfi Kard Lam\u00e9 \u2013 Megb\u00edzhat\u00f3 n\u00e9met min\u0151s\u00e9g kardv\u00edv\u00e1shoz<\/p>","protected":false},"featured_media":15215,"comment_status":"open","ping_status":"closed","template":"","meta":[],"product_brand":[321],"product_cat":[786],"product_tag":[],"class_list":{"0":"post-15220","1":"product","2":"type-product","3":"status-publish","4":"has-post-thumbnail","6":"product_brand-fwf","7":"product_cat-lame","9":"first","10":"outofstock","11":"taxable","12":"shipping-taxable","13":"purchasable","14":"product-type-variable"},"yoast_head":"<!-- This site is optimized with the Yoast SEO plugin v27.2 - https:\/\/yoast.com\/product\/yoast-seo-wordpress\/ -->\n<title>FWF F\u00e9rfi kard lam\u00e9 | Allez Fencing<\/title>\n<meta name=\"description\" content=\"FWF f\u00e9rfi kard lam\u00e9 n\u00e9met min\u0151s\u00e9gben. Tart\u00f3s \u00e9s megb\u00edzhat\u00f3 v\u00e1laszt\u00e1s kardv\u00edv\u00e1shoz edz\u00e9shez \u00e9s versenyhez.\" \/>\n<meta name=\"robots\" content=\"index, follow, max-snippet:-1, max-image-preview:large, max-video-preview:-1\" \/>\n<link rel=\"canonical\" href=\"https:\/\/allezfencing.eu\/en\/webshop\/ruhazat\/lame\/fwf-ferfi-kard-lame\/\" \/>\n<meta property=\"og:locale\" content=\"en_GB\" \/>\n<meta property=\"og:type\" content=\"article\" \/>\n<meta property=\"og:title\" content=\"FWF F\u00e9rfi kard lam\u00e9 | Allez Fencing\" \/>\n<meta property=\"og:description\" content=\"FWF f\u00e9rfi kard lam\u00e9 n\u00e9met min\u0151s\u00e9gben. Tart\u00f3s \u00e9s megb\u00edzhat\u00f3 v\u00e1laszt\u00e1s kardv\u00edv\u00e1shoz edz\u00e9shez \u00e9s versenyhez.\" \/>\n<meta property=\"og:url\" content=\"https:\/\/allezfencing.eu\/en\/webshop\/ruhazat\/lame\/fwf-ferfi-kard-lame\/\" \/>\n<meta property=\"og:site_name\" content=\"Allez Fencing\" \/>\n<meta property=\"article:publisher\" content=\"https:\/\/www.facebook.com\/panamaetetohajo\" \/>\n<meta property=\"article:modified_time\" content=\"2026-04-14T08:48:37+00:00\" \/>\n<meta property=\"og:image\" content=\"https:\/\/allezfencing.eu\/wp-content\/uploads\/2025\/12\/FWF_kard_lame_1.jpg\" \/>\n\t<meta property=\"og:image:width\" content=\"800\" \/>\n\t<meta property=\"og:image:height\" content=\"800\" \/>\n\t<meta property=\"og:image:type\" content=\"image\/jpeg\" \/>\n<meta name=\"twitter:card\" content=\"summary_large_image\" \/>\n<meta name=\"twitter:label1\" content=\"Estimated reading time\" \/>\n\t<meta name=\"twitter:data1\" content=\"2 minutes\" \/>\n<script type=\"application\/ld+json\" class=\"yoast-schema-graph\">{\"@context\":\"https:\/\/schema.org\",\"@graph\":[{\"@type\":\"WebPage\",\"@id\":\"https:\/\/allezfencing.eu\/webshop\/ruhazat\/lame\/fwf-ferfi-kard-lame\/\",\"url\":\"https:\/\/allezfencing.eu\/webshop\/ruhazat\/lame\/fwf-ferfi-kard-lame\/\",\"name\":\"FWF F\u00e9rfi kard lam\u00e9 | Allez Fencing\",\"isPartOf\":{\"@id\":\"https:\/\/allezfencing.eu\/#website\"},\"primaryImageOfPage\":{\"@id\":\"https:\/\/allezfencing.eu\/webshop\/ruhazat\/lame\/fwf-ferfi-kard-lame\/#primaryimage\"},\"image\":{\"@id\":\"https:\/\/allezfencing.eu\/webshop\/ruhazat\/lame\/fwf-ferfi-kard-lame\/#primaryimage\"},\"thumbnailUrl\":\"https:\/\/allezfencing.eu\/wp-content\/uploads\/2025\/12\/FWF_kard_lame_1.jpg\",\"datePublished\":\"2025-12-08T17:33:26+00:00\",\"dateModified\":\"2026-04-14T08:48:37+00:00\",\"description\":\"FWF f\u00e9rfi kard lam\u00e9 n\u00e9met min\u0151s\u00e9gben. Tart\u00f3s \u00e9s megb\u00edzhat\u00f3 v\u00e1laszt\u00e1s kardv\u00edv\u00e1shoz edz\u00e9shez \u00e9s versenyhez.\",\"breadcrumb\":{\"@id\":\"https:\/\/allezfencing.eu\/webshop\/ruhazat\/lame\/fwf-ferfi-kard-lame\/#breadcrumb\"},\"inLanguage\":\"en-GB\",\"potentialAction\":[{\"@type\":\"ReadAction\",\"target\":[\"https:\/\/allezfencing.eu\/webshop\/ruhazat\/lame\/fwf-ferfi-kard-lame\/\"]}]},{\"@type\":\"ImageObject\",\"inLanguage\":\"en-GB\",\"@id\":\"https:\/\/allezfencing.eu\/webshop\/ruhazat\/lame\/fwf-ferfi-kard-lame\/#primaryimage\",\"url\":\"https:\/\/allezfencing.eu\/wp-content\/uploads\/2025\/12\/FWF_kard_lame_1.jpg\",\"contentUrl\":\"https:\/\/allezfencing.eu\/wp-content\/uploads\/2025\/12\/FWF_kard_lame_1.jpg\",\"width\":800,\"height\":800},{\"@type\":\"BreadcrumbList\",\"@id\":\"https:\/\/allezfencing.eu\/webshop\/ruhazat\/lame\/fwf-ferfi-kard-lame\/#breadcrumb\",\"itemListElement\":[{\"@type\":\"ListItem\",\"position\":1,\"name\":\"Kezd\u0151lap\",\"item\":\"https:\/\/allezfencing.eu\/\"},{\"@type\":\"ListItem\",\"position\":2,\"name\":\"Webshop\",\"item\":\"https:\/\/allezfencing.eu\/webshop\/\"},{\"@type\":\"ListItem\",\"position\":3,\"name\":\"RUH\u00c1ZAT\",\"item\":\"https:\/\/allezfencing.eu\/termekkategoria\/ruhazat\/\"},{\"@type\":\"ListItem\",\"position\":4,\"name\":\"LAM\u00c9\",\"item\":\"https:\/\/allezfencing.eu\/termekkategoria\/ruhazat\/lame\/\"},{\"@type\":\"ListItem\",\"position\":5,\"name\":\"FWF F\u00e9rfi kard lam\u00e9\"}]},{\"@type\":\"WebSite\",\"@id\":\"https:\/\/allezfencing.eu\/#website\",\"url\":\"https:\/\/allezfencing.eu\/\",\"name\":\"Allez Fencing\",\"description\":\"Minden ami v\u00edv\u00e1s\",\"publisher\":{\"@id\":\"https:\/\/allezfencing.eu\/#organization\"},\"potentialAction\":[{\"@type\":\"SearchAction\",\"target\":{\"@type\":\"EntryPoint\",\"urlTemplate\":\"https:\/\/allezfencing.eu\/?s={search_term_string}\"},\"query-input\":{\"@type\":\"PropertyValueSpecification\",\"valueRequired\":true,\"valueName\":\"search_term_string\"}}],\"inLanguage\":\"en-GB\"},{\"@type\":\"Organization\",\"@id\":\"https:\/\/allezfencing.eu\/#organization\",\"name\":\"Panama Etet\u0151haj\u00f3k\",\"url\":\"https:\/\/allezfencing.eu\/\",\"logo\":{\"@type\":\"ImageObject\",\"inLanguage\":\"en-GB\",\"@id\":\"https:\/\/allezfencing.eu\/#\/schema\/logo\/image\/\",\"url\":\"https:\/\/allezfencing.eu\/wp-content\/uploads\/2025\/03\/etetohajo.eu-panama-site-icon.webp\",\"contentUrl\":\"https:\/\/allezfencing.eu\/wp-content\/uploads\/2025\/03\/etetohajo.eu-panama-site-icon.webp\",\"width\":512,\"height\":512,\"caption\":\"Panama Etet\u0151haj\u00f3k\"},\"image\":{\"@id\":\"https:\/\/allezfencing.eu\/#\/schema\/logo\/image\/\"},\"sameAs\":[\"https:\/\/www.facebook.com\/panamaetetohajo\"]}]}<\/script>\n<!-- \/ Yoast SEO plugin. -->","yoast_head_json":{"title":"FWF F\u00e9rfi kard lam\u00e9 | Allez Fencing","description":"FWF f\u00e9rfi kard lam\u00e9 n\u00e9met min\u0151s\u00e9gben. Tart\u00f3s \u00e9s megb\u00edzhat\u00f3 v\u00e1laszt\u00e1s kardv\u00edv\u00e1shoz edz\u00e9shez \u00e9s versenyhez.","robots":{"index":"index","follow":"follow","max-snippet":"max-snippet:-1","max-image-preview":"max-image-preview:large","max-video-preview":"max-video-preview:-1"},"canonical":"https:\/\/allezfencing.eu\/en\/webshop\/ruhazat\/lame\/fwf-ferfi-kard-lame\/","og_locale":"en_GB","og_type":"article","og_title":"FWF F\u00e9rfi kard lam\u00e9 | Allez Fencing","og_description":"FWF f\u00e9rfi kard lam\u00e9 n\u00e9met min\u0151s\u00e9gben. Tart\u00f3s \u00e9s megb\u00edzhat\u00f3 v\u00e1laszt\u00e1s kardv\u00edv\u00e1shoz edz\u00e9shez \u00e9s versenyhez.","og_url":"https:\/\/allezfencing.eu\/en\/webshop\/ruhazat\/lame\/fwf-ferfi-kard-lame\/","og_site_name":"Allez Fencing","article_publisher":"https:\/\/www.facebook.com\/panamaetetohajo","article_modified_time":"2026-04-14T08:48:37+00:00","og_image":[{"width":800,"height":800,"url":"https:\/\/allezfencing.eu\/wp-content\/uploads\/2025\/12\/FWF_kard_lame_1.jpg","type":"image\/jpeg"}],"twitter_card":"summary_large_image","twitter_misc":{"Estimated reading time":"2 minutes"},"schema":{"@context":"https:\/\/schema.org","@graph":[{"@type":"WebPage","@id":"https:\/\/allezfencing.eu\/webshop\/ruhazat\/lame\/fwf-ferfi-kard-lame\/","url":"https:\/\/allezfencing.eu\/webshop\/ruhazat\/lame\/fwf-ferfi-kard-lame\/","name":"FWF F\u00e9rfi kard lam\u00e9 | Allez Fencing","isPartOf":{"@id":"https:\/\/allezfencing.eu\/#website"},"primaryImageOfPage":{"@id":"https:\/\/allezfencing.eu\/webshop\/ruhazat\/lame\/fwf-ferfi-kard-lame\/#primaryimage"},"image":{"@id":"https:\/\/allezfencing.eu\/webshop\/ruhazat\/lame\/fwf-ferfi-kard-lame\/#primaryimage"},"thumbnailUrl":"https:\/\/allezfencing.eu\/wp-content\/uploads\/2025\/12\/FWF_kard_lame_1.jpg","datePublished":"2025-12-08T17:33:26+00:00","dateModified":"2026-04-14T08:48:37+00:00","description":"FWF f\u00e9rfi kard lam\u00e9 n\u00e9met min\u0151s\u00e9gben. Tart\u00f3s \u00e9s megb\u00edzhat\u00f3 v\u00e1laszt\u00e1s kardv\u00edv\u00e1shoz edz\u00e9shez \u00e9s versenyhez.","breadcrumb":{"@id":"https:\/\/allezfencing.eu\/webshop\/ruhazat\/lame\/fwf-ferfi-kard-lame\/#breadcrumb"},"inLanguage":"en-GB","potentialAction":[{"@type":"ReadAction","target":["https:\/\/allezfencing.eu\/webshop\/ruhazat\/lame\/fwf-ferfi-kard-lame\/"]}]},{"@type":"ImageObject","inLanguage":"en-GB","@id":"https:\/\/allezfencing.eu\/webshop\/ruhazat\/lame\/fwf-ferfi-kard-lame\/#primaryimage","url":"https:\/\/allezfencing.eu\/wp-content\/uploads\/2025\/12\/FWF_kard_lame_1.jpg","contentUrl":"https:\/\/allezfencing.eu\/wp-content\/uploads\/2025\/12\/FWF_kard_lame_1.jpg","width":800,"height":800},{"@type":"BreadcrumbList","@id":"https:\/\/allezfencing.eu\/webshop\/ruhazat\/lame\/fwf-ferfi-kard-lame\/#breadcrumb","itemListElement":[{"@type":"ListItem","position":1,"name":"Kezd\u0151lap","item":"https:\/\/allezfencing.eu\/"},{"@type":"ListItem","position":2,"name":"Webshop","item":"https:\/\/allezfencing.eu\/webshop\/"},{"@type":"ListItem","position":3,"name":"RUH\u00c1ZAT","item":"https:\/\/allezfencing.eu\/termekkategoria\/ruhazat\/"},{"@type":"ListItem","position":4,"name":"LAM\u00c9","item":"https:\/\/allezfencing.eu\/termekkategoria\/ruhazat\/lame\/"},{"@type":"ListItem","position":5,"name":"FWF F\u00e9rfi kard lam\u00e9"}]},{"@type":"WebSite","@id":"https:\/\/allezfencing.eu\/#website","url":"https:\/\/allezfencing.eu\/","name":"Allez Fencing","description":"Minden ami v\u00edv\u00e1s","publisher":{"@id":"https:\/\/allezfencing.eu\/#organization"},"potentialAction":[{"@type":"SearchAction","target":{"@type":"EntryPoint","urlTemplate":"https:\/\/allezfencing.eu\/?s={search_term_string}"},"query-input":{"@type":"PropertyValueSpecification","valueRequired":true,"valueName":"search_term_string"}}],"inLanguage":"en-GB"},{"@type":"Organization","@id":"https:\/\/allezfencing.eu\/#organization","name":"Panama Feeding boats","url":"https:\/\/allezfencing.eu\/","logo":{"@type":"ImageObject","inLanguage":"en-GB","@id":"https:\/\/allezfencing.eu\/#\/schema\/logo\/image\/","url":"https:\/\/allezfencing.eu\/wp-content\/uploads\/2025\/03\/etetohajo.eu-panama-site-icon.webp","contentUrl":"https:\/\/allezfencing.eu\/wp-content\/uploads\/2025\/03\/etetohajo.eu-panama-site-icon.webp","width":512,"height":512,"caption":"Panama Etet\u0151haj\u00f3k"},"image":{"@id":"https:\/\/allezfencing.eu\/#\/schema\/logo\/image\/"},"sameAs":["https:\/\/www.facebook.com\/panamaetetohajo"]}]}},"_links":{"self":[{"href":"https:\/\/allezfencing.eu\/en\/wp-json\/wp\/v2\/product\/15220","targetHints":{"allow":["GET"]}}],"collection":[{"href":"https:\/\/allezfencing.eu\/en\/wp-json\/wp\/v2\/product"}],"about":[{"href":"https:\/\/allezfencing.eu\/en\/wp-json\/wp\/v2\/types\/product"}],"replies":[{"embeddable":true,"href":"https:\/\/allezfencing.eu\/en\/wp-json\/wp\/v2\/comments?post=15220"}],"version-history":[{"count":0,"href":"https:\/\/allezfencing.eu\/en\/wp-json\/wp\/v2\/product\/15220\/revisions"}],"wp:featuredmedia":[{"embeddable":true,"href":"https:\/\/allezfencing.eu\/en\/wp-json\/wp\/v2\/media\/15215"}],"wp:attachment":[{"href":"https:\/\/allezfencing.eu\/en\/wp-json\/wp\/v2\/media?parent=15220"}],"wp:term":[{"taxonomy":"product_brand","embeddable":true,"href":"https:\/\/allezfencing.eu\/en\/wp-json\/wp\/v2\/product_brand?post=15220"},{"taxonomy":"product_cat","embeddable":true,"href":"https:\/\/allezfencing.eu\/en\/wp-json\/wp\/v2\/product_cat?post=15220"},{"taxonomy":"product_tag","embeddable":true,"href":"https:\/\/allezfencing.eu\/en\/wp-json\/wp\/v2\/product_tag?post=15220"}],"curies":[{"name":"wp","href":"https:\/\/api.w.org\/{rel}","templated":true}]}}