{"id":15240,"date":"2025-12-08T18:34:20","date_gmt":"2025-12-08T17:34:20","guid":{"rendered":"https:\/\/infiniteq.org\/webshop\/nem-kategorizalt\/prieur-parbajtortor-belga-ortoped-markolat\/"},"modified":"2026-03-09T17:36:15","modified_gmt":"2026-03-09T16:36:15","slug":"prieur-parbajtortor-belga-ortoped-markolat","status":"publish","type":"product","link":"https:\/\/allezfencing.eu\/en\/webshop\/fegyverek-es-alkatreszei\/alkatreszek-es-kiegeszitok\/prieur-parbajtortor-belga-ortoped-markolat\/","title":{"rendered":"PRIEUR p\u00e1rbajt\u0151r\/t\u0151r belga ortop\u00e9d markolat"},"content":{"rendered":"<p>A markolat kiv\u00e1laszt\u00e1sa fontos a v\u00edv\u00e1s gyakorl\u00e1s\u00e1hoz. Minden v\u00edv\u00f3nak megvan a saj\u00e1t k\u00e9zre\u00e1ll\u00f3 kedvence.<\/p>","protected":false},"excerpt":{"rendered":"<p>PRIEUR p\u00e1rbajt\u0151r\/t\u0151r belga markolat<\/p>\n<p>R\u00f6did \u00e9s hossz\u00fa m\u00e9retben el\u00e9rhet\u0151 markolat.<br \/>\nAz ortop\u00e9d r\u00f6vid PRIEUR markolat olyan v\u00edv\u00f3k sz\u00e1m\u00e1ra k\u00e9sz\u00fclt, akiknek r\u00f6vid a csukl\u00f3juk, vagy akik jobban szeretik a csukl\u00f3jukat szabadabban tartani. Val\u00f3j\u00e1ban a csukl\u00f3 oldala k\u00f6r\u00fclbel\u00fcl 2-3 cm-rel cs\u00f6kkent. K\u00f6nny\u0171s\u00e9ge \u00e9s ergon\u00f3mi\u00e1ja nagyra \u00e9rt\u00e9kelt term\u00e9kk\u00e9 teszi.<\/p>\n<p>A Prieur hossz\u00fa ortop\u00e9d markolat t\u00f6r \u00e9s p\u00e1rbajt\u0151r fegyverhez\u00a0k\u00e9sz\u00fclt. Kiv\u00e1l\u00f3 pontoss\u00e1got biztos\u00edt,\u00a0haszn\u00e1lja, ha hossz\u00fa a csukl\u00f3ja. K\u00f6nny\u0171 \u00e9s ergonomikus, burgundi PRIEUR m\u0171helyeinkben k\u00e9sz\u00fcl.<\/p>","protected":false},"featured_media":15241,"comment_status":"open","ping_status":"closed","template":"","meta":[],"product_brand":[328],"product_cat":[1168],"product_tag":[],"class_list":{"0":"post-15240","1":"product","2":"type-product","3":"status-publish","4":"has-post-thumbnail","6":"product_brand-prieur","7":"product_cat-alkatreszek-es-kiegeszitok","9":"first","10":"instock","11":"taxable","12":"shipping-taxable","13":"purchasable","14":"product-type-variable"},"yoast_head":"<!-- This site is optimized with the Yoast SEO plugin v27.2 - https:\/\/yoast.com\/product\/yoast-seo-wordpress\/ -->\n<title>PRIEUR p\u00e1rbajt\u0151r\/t\u0151r belga ortop\u00e9d markolat | Allez Fencing<\/title>\n<meta name=\"robots\" content=\"index, follow, max-snippet:-1, max-image-preview:large, max-video-preview:-1\" \/>\n<link rel=\"canonical\" href=\"https:\/\/allezfencing.eu\/en\/webshop\/fegyverek-es-alkatreszei\/markolatok\/prieur-parbajtortor-belga-ortoped-markolat\/\" \/>\n<meta property=\"og:locale\" content=\"en_GB\" \/>\n<meta property=\"og:type\" content=\"article\" \/>\n<meta property=\"og:title\" content=\"PRIEUR p\u00e1rbajt\u0151r\/t\u0151r belga ortop\u00e9d markolat | Allez Fencing\" \/>\n<meta property=\"og:description\" content=\"PRIEUR p\u00e1rbajt\u0151r\/t\u0151r belga markolat  R\u00f6did \u00e9s hossz\u00fa m\u00e9retben el\u00e9rhet\u0151 markolat. Az ortop\u00e9d r\u00f6vid PRIEUR markolat olyan v\u00edv\u00f3k sz\u00e1m\u00e1ra k\u00e9sz\u00fclt, akiknek r\u00f6vid a csukl\u00f3juk, vagy akik jobban szeretik a csukl\u00f3jukat szabadabban tartani. Val\u00f3j\u00e1ban a csukl\u00f3 oldala k\u00f6r\u00fclbel\u00fcl 2-3 cm-rel cs\u00f6kkent. K\u00f6nny\u0171s\u00e9ge \u00e9s ergon\u00f3mi\u00e1ja nagyra \u00e9rt\u00e9kelt term\u00e9kk\u00e9 teszi.  A Prieur hossz\u00fa ortop\u00e9d markolat t\u00f6r \u00e9s p\u00e1rbajt\u0151r fegyverhez\u00a0k\u00e9sz\u00fclt. Kiv\u00e1l\u00f3 pontoss\u00e1got biztos\u00edt,\u00a0haszn\u00e1lja, ha hossz\u00fa a csukl\u00f3ja. K\u00f6nny\u0171 \u00e9s ergonomikus, burgundi PRIEUR m\u0171helyeinkben k\u00e9sz\u00fcl.\" \/>\n<meta property=\"og:url\" content=\"https:\/\/allezfencing.eu\/en\/webshop\/fegyverek-es-alkatreszei\/markolatok\/prieur-parbajtortor-belga-ortoped-markolat\/\" \/>\n<meta property=\"og:site_name\" content=\"Allez Fencing\" \/>\n<meta property=\"article:publisher\" content=\"https:\/\/www.facebook.com\/panamaetetohajo\" \/>\n<meta property=\"article:modified_time\" content=\"2026-03-09T16:36:15+00:00\" \/>\n<meta property=\"og:image\" content=\"https:\/\/allezfencing.eu\/wp-content\/uploads\/2025\/12\/Pri_belga_hosszu_1.jpg\" \/>\n\t<meta property=\"og:image:width\" content=\"800\" \/>\n\t<meta property=\"og:image:height\" content=\"800\" \/>\n\t<meta property=\"og:image:type\" content=\"image\/jpeg\" \/>\n<meta name=\"twitter:card\" content=\"summary_large_image\" \/>\n<meta name=\"twitter:label1\" content=\"Estimated reading time\" \/>\n\t<meta name=\"twitter:data1\" content=\"1 minute\" \/>\n<script type=\"application\/ld+json\" class=\"yoast-schema-graph\">{\"@context\":\"https:\/\/schema.org\",\"@graph\":[{\"@type\":\"WebPage\",\"@id\":\"https:\/\/allezfencing.eu\/webshop\/fegyverek-es-alkatreszei\/markolatok\/prieur-parbajtortor-belga-ortoped-markolat\/\",\"url\":\"https:\/\/allezfencing.eu\/webshop\/fegyverek-es-alkatreszei\/markolatok\/prieur-parbajtortor-belga-ortoped-markolat\/\",\"name\":\"PRIEUR p\u00e1rbajt\u0151r\/t\u0151r belga ortop\u00e9d markolat | Allez Fencing\",\"isPartOf\":{\"@id\":\"https:\/\/allezfencing.eu\/#website\"},\"primaryImageOfPage\":{\"@id\":\"https:\/\/allezfencing.eu\/webshop\/fegyverek-es-alkatreszei\/markolatok\/prieur-parbajtortor-belga-ortoped-markolat\/#primaryimage\"},\"image\":{\"@id\":\"https:\/\/allezfencing.eu\/webshop\/fegyverek-es-alkatreszei\/markolatok\/prieur-parbajtortor-belga-ortoped-markolat\/#primaryimage\"},\"thumbnailUrl\":\"https:\/\/allezfencing.eu\/wp-content\/uploads\/2025\/12\/Pri_belga_hosszu_1.jpg\",\"datePublished\":\"2025-12-08T17:34:20+00:00\",\"dateModified\":\"2026-03-09T16:36:15+00:00\",\"breadcrumb\":{\"@id\":\"https:\/\/allezfencing.eu\/webshop\/fegyverek-es-alkatreszei\/markolatok\/prieur-parbajtortor-belga-ortoped-markolat\/#breadcrumb\"},\"inLanguage\":\"en-GB\",\"potentialAction\":[{\"@type\":\"ReadAction\",\"target\":[\"https:\/\/allezfencing.eu\/webshop\/fegyverek-es-alkatreszei\/markolatok\/prieur-parbajtortor-belga-ortoped-markolat\/\"]}]},{\"@type\":\"ImageObject\",\"inLanguage\":\"en-GB\",\"@id\":\"https:\/\/allezfencing.eu\/webshop\/fegyverek-es-alkatreszei\/markolatok\/prieur-parbajtortor-belga-ortoped-markolat\/#primaryimage\",\"url\":\"https:\/\/allezfencing.eu\/wp-content\/uploads\/2025\/12\/Pri_belga_hosszu_1.jpg\",\"contentUrl\":\"https:\/\/allezfencing.eu\/wp-content\/uploads\/2025\/12\/Pri_belga_hosszu_1.jpg\",\"width\":800,\"height\":800},{\"@type\":\"BreadcrumbList\",\"@id\":\"https:\/\/allezfencing.eu\/webshop\/fegyverek-es-alkatreszei\/markolatok\/prieur-parbajtortor-belga-ortoped-markolat\/#breadcrumb\",\"itemListElement\":[{\"@type\":\"ListItem\",\"position\":1,\"name\":\"Kezd\u0151lap\",\"item\":\"https:\/\/allezfencing.eu\/\"},{\"@type\":\"ListItem\",\"position\":2,\"name\":\"Webshop\",\"item\":\"https:\/\/allezfencing.eu\/webshop\/\"},{\"@type\":\"ListItem\",\"position\":3,\"name\":\"FEGYVEREK \u00c9S ALKATR\u00c9SZEI\",\"item\":\"https:\/\/allezfencing.eu\/termekkategoria\/fegyverek-es-alkatreszei\/\"},{\"@type\":\"ListItem\",\"position\":4,\"name\":\"PRIEUR p\u00e1rbajt\u0151r\/t\u0151r belga ortop\u00e9d markolat\"}]},{\"@type\":\"WebSite\",\"@id\":\"https:\/\/allezfencing.eu\/#website\",\"url\":\"https:\/\/allezfencing.eu\/\",\"name\":\"Allez Fencing\",\"description\":\"Minden ami v\u00edv\u00e1s\",\"publisher\":{\"@id\":\"https:\/\/allezfencing.eu\/#organization\"},\"potentialAction\":[{\"@type\":\"SearchAction\",\"target\":{\"@type\":\"EntryPoint\",\"urlTemplate\":\"https:\/\/allezfencing.eu\/?s={search_term_string}\"},\"query-input\":{\"@type\":\"PropertyValueSpecification\",\"valueRequired\":true,\"valueName\":\"search_term_string\"}}],\"inLanguage\":\"en-GB\"},{\"@type\":\"Organization\",\"@id\":\"https:\/\/allezfencing.eu\/#organization\",\"name\":\"Panama Etet\u0151haj\u00f3k\",\"url\":\"https:\/\/allezfencing.eu\/\",\"logo\":{\"@type\":\"ImageObject\",\"inLanguage\":\"en-GB\",\"@id\":\"https:\/\/allezfencing.eu\/#\/schema\/logo\/image\/\",\"url\":\"https:\/\/allezfencing.eu\/wp-content\/uploads\/2025\/03\/etetohajo.eu-panama-site-icon.webp\",\"contentUrl\":\"https:\/\/allezfencing.eu\/wp-content\/uploads\/2025\/03\/etetohajo.eu-panama-site-icon.webp\",\"width\":512,\"height\":512,\"caption\":\"Panama Etet\u0151haj\u00f3k\"},\"image\":{\"@id\":\"https:\/\/allezfencing.eu\/#\/schema\/logo\/image\/\"},\"sameAs\":[\"https:\/\/www.facebook.com\/panamaetetohajo\"]}]}<\/script>\n<!-- \/ Yoast SEO plugin. -->","yoast_head_json":{"title":"PRIEUR p\u00e1rbajt\u0151r\/t\u0151r belga ortop\u00e9d markolat | Allez Fencing","robots":{"index":"index","follow":"follow","max-snippet":"max-snippet:-1","max-image-preview":"max-image-preview:large","max-video-preview":"max-video-preview:-1"},"canonical":"https:\/\/allezfencing.eu\/en\/webshop\/fegyverek-es-alkatreszei\/markolatok\/prieur-parbajtortor-belga-ortoped-markolat\/","og_locale":"en_GB","og_type":"article","og_title":"PRIEUR p\u00e1rbajt\u0151r\/t\u0151r belga ortop\u00e9d markolat | Allez Fencing","og_description":"PRIEUR p\u00e1rbajt\u0151r\/t\u0151r belga markolat  R\u00f6did \u00e9s hossz\u00fa m\u00e9retben el\u00e9rhet\u0151 markolat. Az ortop\u00e9d r\u00f6vid PRIEUR markolat olyan v\u00edv\u00f3k sz\u00e1m\u00e1ra k\u00e9sz\u00fclt, akiknek r\u00f6vid a csukl\u00f3juk, vagy akik jobban szeretik a csukl\u00f3jukat szabadabban tartani. Val\u00f3j\u00e1ban a csukl\u00f3 oldala k\u00f6r\u00fclbel\u00fcl 2-3 cm-rel cs\u00f6kkent. K\u00f6nny\u0171s\u00e9ge \u00e9s ergon\u00f3mi\u00e1ja nagyra \u00e9rt\u00e9kelt term\u00e9kk\u00e9 teszi.  A Prieur hossz\u00fa ortop\u00e9d markolat t\u00f6r \u00e9s p\u00e1rbajt\u0151r fegyverhez\u00a0k\u00e9sz\u00fclt. Kiv\u00e1l\u00f3 pontoss\u00e1got biztos\u00edt,\u00a0haszn\u00e1lja, ha hossz\u00fa a csukl\u00f3ja. K\u00f6nny\u0171 \u00e9s ergonomikus, burgundi PRIEUR m\u0171helyeinkben k\u00e9sz\u00fcl.","og_url":"https:\/\/allezfencing.eu\/en\/webshop\/fegyverek-es-alkatreszei\/markolatok\/prieur-parbajtortor-belga-ortoped-markolat\/","og_site_name":"Allez Fencing","article_publisher":"https:\/\/www.facebook.com\/panamaetetohajo","article_modified_time":"2026-03-09T16:36:15+00:00","og_image":[{"width":800,"height":800,"url":"https:\/\/allezfencing.eu\/wp-content\/uploads\/2025\/12\/Pri_belga_hosszu_1.jpg","type":"image\/jpeg"}],"twitter_card":"summary_large_image","twitter_misc":{"Estimated reading time":"1 minute"},"schema":{"@context":"https:\/\/schema.org","@graph":[{"@type":"WebPage","@id":"https:\/\/allezfencing.eu\/webshop\/fegyverek-es-alkatreszei\/markolatok\/prieur-parbajtortor-belga-ortoped-markolat\/","url":"https:\/\/allezfencing.eu\/webshop\/fegyverek-es-alkatreszei\/markolatok\/prieur-parbajtortor-belga-ortoped-markolat\/","name":"PRIEUR p\u00e1rbajt\u0151r\/t\u0151r belga ortop\u00e9d markolat | Allez Fencing","isPartOf":{"@id":"https:\/\/allezfencing.eu\/#website"},"primaryImageOfPage":{"@id":"https:\/\/allezfencing.eu\/webshop\/fegyverek-es-alkatreszei\/markolatok\/prieur-parbajtortor-belga-ortoped-markolat\/#primaryimage"},"image":{"@id":"https:\/\/allezfencing.eu\/webshop\/fegyverek-es-alkatreszei\/markolatok\/prieur-parbajtortor-belga-ortoped-markolat\/#primaryimage"},"thumbnailUrl":"https:\/\/allezfencing.eu\/wp-content\/uploads\/2025\/12\/Pri_belga_hosszu_1.jpg","datePublished":"2025-12-08T17:34:20+00:00","dateModified":"2026-03-09T16:36:15+00:00","breadcrumb":{"@id":"https:\/\/allezfencing.eu\/webshop\/fegyverek-es-alkatreszei\/markolatok\/prieur-parbajtortor-belga-ortoped-markolat\/#breadcrumb"},"inLanguage":"en-GB","potentialAction":[{"@type":"ReadAction","target":["https:\/\/allezfencing.eu\/webshop\/fegyverek-es-alkatreszei\/markolatok\/prieur-parbajtortor-belga-ortoped-markolat\/"]}]},{"@type":"ImageObject","inLanguage":"en-GB","@id":"https:\/\/allezfencing.eu\/webshop\/fegyverek-es-alkatreszei\/markolatok\/prieur-parbajtortor-belga-ortoped-markolat\/#primaryimage","url":"https:\/\/allezfencing.eu\/wp-content\/uploads\/2025\/12\/Pri_belga_hosszu_1.jpg","contentUrl":"https:\/\/allezfencing.eu\/wp-content\/uploads\/2025\/12\/Pri_belga_hosszu_1.jpg","width":800,"height":800},{"@type":"BreadcrumbList","@id":"https:\/\/allezfencing.eu\/webshop\/fegyverek-es-alkatreszei\/markolatok\/prieur-parbajtortor-belga-ortoped-markolat\/#breadcrumb","itemListElement":[{"@type":"ListItem","position":1,"name":"Kezd\u0151lap","item":"https:\/\/allezfencing.eu\/"},{"@type":"ListItem","position":2,"name":"Webshop","item":"https:\/\/allezfencing.eu\/webshop\/"},{"@type":"ListItem","position":3,"name":"FEGYVEREK \u00c9S ALKATR\u00c9SZEI","item":"https:\/\/allezfencing.eu\/termekkategoria\/fegyverek-es-alkatreszei\/"},{"@type":"ListItem","position":4,"name":"PRIEUR p\u00e1rbajt\u0151r\/t\u0151r belga ortop\u00e9d markolat"}]},{"@type":"WebSite","@id":"https:\/\/allezfencing.eu\/#website","url":"https:\/\/allezfencing.eu\/","name":"Allez Fencing","description":"Minden ami v\u00edv\u00e1s","publisher":{"@id":"https:\/\/allezfencing.eu\/#organization"},"potentialAction":[{"@type":"SearchAction","target":{"@type":"EntryPoint","urlTemplate":"https:\/\/allezfencing.eu\/?s={search_term_string}"},"query-input":{"@type":"PropertyValueSpecification","valueRequired":true,"valueName":"search_term_string"}}],"inLanguage":"en-GB"},{"@type":"Organization","@id":"https:\/\/allezfencing.eu\/#organization","name":"Panama Feeding boats","url":"https:\/\/allezfencing.eu\/","logo":{"@type":"ImageObject","inLanguage":"en-GB","@id":"https:\/\/allezfencing.eu\/#\/schema\/logo\/image\/","url":"https:\/\/allezfencing.eu\/wp-content\/uploads\/2025\/03\/etetohajo.eu-panama-site-icon.webp","contentUrl":"https:\/\/allezfencing.eu\/wp-content\/uploads\/2025\/03\/etetohajo.eu-panama-site-icon.webp","width":512,"height":512,"caption":"Panama Etet\u0151haj\u00f3k"},"image":{"@id":"https:\/\/allezfencing.eu\/#\/schema\/logo\/image\/"},"sameAs":["https:\/\/www.facebook.com\/panamaetetohajo"]}]}},"_links":{"self":[{"href":"https:\/\/allezfencing.eu\/en\/wp-json\/wp\/v2\/product\/15240","targetHints":{"allow":["GET"]}}],"collection":[{"href":"https:\/\/allezfencing.eu\/en\/wp-json\/wp\/v2\/product"}],"about":[{"href":"https:\/\/allezfencing.eu\/en\/wp-json\/wp\/v2\/types\/product"}],"replies":[{"embeddable":true,"href":"https:\/\/allezfencing.eu\/en\/wp-json\/wp\/v2\/comments?post=15240"}],"version-history":[{"count":3,"href":"https:\/\/allezfencing.eu\/en\/wp-json\/wp\/v2\/product\/15240\/revisions"}],"predecessor-version":[{"id":17348,"href":"https:\/\/allezfencing.eu\/en\/wp-json\/wp\/v2\/product\/15240\/revisions\/17348"}],"wp:featuredmedia":[{"embeddable":true,"href":"https:\/\/allezfencing.eu\/en\/wp-json\/wp\/v2\/media\/15241"}],"wp:attachment":[{"href":"https:\/\/allezfencing.eu\/en\/wp-json\/wp\/v2\/media?parent=15240"}],"wp:term":[{"taxonomy":"product_brand","embeddable":true,"href":"https:\/\/allezfencing.eu\/en\/wp-json\/wp\/v2\/product_brand?post=15240"},{"taxonomy":"product_cat","embeddable":true,"href":"https:\/\/allezfencing.eu\/en\/wp-json\/wp\/v2\/product_cat?post=15240"},{"taxonomy":"product_tag","embeddable":true,"href":"https:\/\/allezfencing.eu\/en\/wp-json\/wp\/v2\/product_tag?post=15240"}],"curies":[{"name":"wp","href":"https:\/\/api.w.org\/{rel}","templated":true}]}}