{"id":15295,"date":"2025-12-08T18:36:14","date_gmt":"2025-12-08T17:36:14","guid":{"rendered":"https:\/\/infiniteq.org\/webshop\/nem-kategorizalt\/prieur-torkard-testvezetek-fie-standard\/"},"modified":"2026-04-21T14:20:44","modified_gmt":"2026-04-21T12:20:44","slug":"prieur-torkard-testvezetek-fie-standard","status":"publish","type":"product","link":"https:\/\/allezfencing.eu\/en\/webshop\/testvezetek\/kard-testvezetek\/prieur-torkard-testvezetek-fie-standard\/","title":{"rendered":"PRIEUR t\u0151r\/kard testvezet\u00e9k &#8211; FIE standard"},"content":{"rendered":"<p>A testvezet\u00e9k minden r\u00e9sze nagyon egyszer\u0171en jav\u00edthat\u00f3, a v\u00edv\u00f3k \u00e1ltal nagyon kedvelt term\u00e9k, minden egyes alkatr\u00e9szt k\u00fcl\u00f6n is \u00e9rt\u00e9kes\u00edt\u00fcnk hozz\u00e1.\u00a0Ez a modell 2 t\u0171s n\u00e9met szabv\u00e1ny\u00fa csatlakoz\u00f3val van felszerelve.<\/p>","protected":false},"excerpt":{"rendered":"<p>PRIEUR t\u0151r\/kard testvezet\u00e9k &#8211; a megb\u00edzhat\u00f3 \u00e9s \u00e9szrev\u00e9tlen t\u00e1rs<\/p>\n<p>A PRIEUR t\u0151r\/kard testvezet\u00e9keit Franciaorsz\u00e1gban gy\u00e1rtj\u00e1k.<\/p>\n<p>A k\u00e1belt automata robotjaink v\u00e1gj\u00e1k \u00e9s szerelik. A csapok az ide\u00e1lis \u00e1tm\u00e9r\u0151j\u0171 csavaroz\u00e1ssal vannak megh\u00fazva, hogy biztos\u00edts\u00e1k a nagyon j\u00f3 kapcsolatot \u00e9s\u00a0ellen\u00e1ll\u00e1st.<br \/>\nA testvezet\u00e9k minden szempontb\u00f3l megfelel a FIE el\u0151\u00edr\u00e1sainak.<\/p>","protected":false},"featured_media":15297,"comment_status":"open","ping_status":"closed","template":"","meta":[],"product_brand":[328],"product_cat":[778],"product_tag":[],"class_list":{"0":"post-15295","1":"product","2":"type-product","3":"status-publish","4":"has-post-thumbnail","6":"product_brand-prieur","7":"product_cat-kard-testvezetek","9":"first","10":"instock","11":"taxable","12":"shipping-taxable","13":"purchasable","14":"product-type-simple"},"yoast_head":"<!-- This site is optimized with the Yoast SEO plugin v27.5 - https:\/\/yoast.com\/product\/yoast-seo-wordpress\/ -->\n<title>PRIEUR t\u0151r\/kard testvezet\u00e9k - FIE standard | Allez Fencing<\/title>\n<meta name=\"robots\" content=\"index, follow, max-snippet:-1, max-image-preview:large, max-video-preview:-1\" \/>\n<link rel=\"canonical\" href=\"https:\/\/allezfencing.eu\/en\/webshop\/testvezetek\/kard-testvezetek\/prieur-torkard-testvezetek-fie-standard\/\" \/>\n<meta property=\"og:locale\" content=\"en_GB\" \/>\n<meta property=\"og:type\" content=\"article\" \/>\n<meta property=\"og:title\" content=\"PRIEUR t\u0151r\/kard testvezet\u00e9k - FIE standard | Allez Fencing\" \/>\n<meta property=\"og:description\" content=\"PRIEUR t\u0151r\/kard testvezet\u00e9k - a megb\u00edzhat\u00f3 \u00e9s \u00e9szrev\u00e9tlen t\u00e1rs  A PRIEUR t\u0151r\/kard testvezet\u00e9keit Franciaorsz\u00e1gban gy\u00e1rtj\u00e1k.  A k\u00e1belt automata robotjaink v\u00e1gj\u00e1k \u00e9s szerelik. A csapok az ide\u00e1lis \u00e1tm\u00e9r\u0151j\u0171 csavaroz\u00e1ssal vannak megh\u00fazva, hogy biztos\u00edts\u00e1k a nagyon j\u00f3 kapcsolatot \u00e9s\u00a0ellen\u00e1ll\u00e1st. A testvezet\u00e9k minden szempontb\u00f3l megfelel a FIE el\u0151\u00edr\u00e1sainak.\" \/>\n<meta property=\"og:url\" content=\"https:\/\/allezfencing.eu\/en\/webshop\/testvezetek\/kard-testvezetek\/prieur-torkard-testvezetek-fie-standard\/\" \/>\n<meta property=\"og:site_name\" content=\"Allez Fencing\" \/>\n<meta property=\"article:publisher\" content=\"https:\/\/www.facebook.com\/panamaetetohajo\" \/>\n<meta property=\"article:modified_time\" content=\"2026-04-21T12:20:44+00:00\" \/>\n<meta property=\"og:image\" content=\"https:\/\/allezfencing.eu\/wp-content\/uploads\/2025\/12\/Pri_tor-kard_testvezetek_1.jpg\" \/>\n\t<meta property=\"og:image:width\" content=\"800\" \/>\n\t<meta property=\"og:image:height\" content=\"800\" \/>\n\t<meta property=\"og:image:type\" content=\"image\/png\" \/>\n<meta name=\"twitter:card\" content=\"summary_large_image\" \/>\n<meta name=\"twitter:label1\" content=\"Estimated reading time\" \/>\n\t<meta name=\"twitter:data1\" content=\"1 minute\" \/>\n<script type=\"application\/ld+json\" class=\"yoast-schema-graph\">{\"@context\":\"https:\\\/\\\/schema.org\",\"@graph\":[{\"@type\":\"WebPage\",\"@id\":\"https:\\\/\\\/allezfencing.eu\\\/webshop\\\/testvezetek\\\/kard-testvezetek\\\/prieur-torkard-testvezetek-fie-standard\\\/\",\"url\":\"https:\\\/\\\/allezfencing.eu\\\/webshop\\\/testvezetek\\\/kard-testvezetek\\\/prieur-torkard-testvezetek-fie-standard\\\/\",\"name\":\"PRIEUR t\u0151r\\\/kard testvezet\u00e9k - FIE standard | Allez Fencing\",\"isPartOf\":{\"@id\":\"https:\\\/\\\/allezfencing.eu\\\/#website\"},\"primaryImageOfPage\":{\"@id\":\"https:\\\/\\\/allezfencing.eu\\\/webshop\\\/testvezetek\\\/kard-testvezetek\\\/prieur-torkard-testvezetek-fie-standard\\\/#primaryimage\"},\"image\":{\"@id\":\"https:\\\/\\\/allezfencing.eu\\\/webshop\\\/testvezetek\\\/kard-testvezetek\\\/prieur-torkard-testvezetek-fie-standard\\\/#primaryimage\"},\"thumbnailUrl\":\"https:\\\/\\\/allezfencing.eu\\\/wp-content\\\/uploads\\\/2025\\\/12\\\/Pri_tor-kard_testvezetek_1.jpg\",\"datePublished\":\"2025-12-08T17:36:14+00:00\",\"dateModified\":\"2026-04-21T12:20:44+00:00\",\"breadcrumb\":{\"@id\":\"https:\\\/\\\/allezfencing.eu\\\/webshop\\\/testvezetek\\\/kard-testvezetek\\\/prieur-torkard-testvezetek-fie-standard\\\/#breadcrumb\"},\"inLanguage\":\"en-GB\",\"potentialAction\":[{\"@type\":\"ReadAction\",\"target\":[\"https:\\\/\\\/allezfencing.eu\\\/webshop\\\/testvezetek\\\/kard-testvezetek\\\/prieur-torkard-testvezetek-fie-standard\\\/\"]}]},{\"@type\":\"ImageObject\",\"inLanguage\":\"en-GB\",\"@id\":\"https:\\\/\\\/allezfencing.eu\\\/webshop\\\/testvezetek\\\/kard-testvezetek\\\/prieur-torkard-testvezetek-fie-standard\\\/#primaryimage\",\"url\":\"https:\\\/\\\/allezfencing.eu\\\/wp-content\\\/uploads\\\/2025\\\/12\\\/Pri_tor-kard_testvezetek_1.jpg\",\"contentUrl\":\"https:\\\/\\\/allezfencing.eu\\\/wp-content\\\/uploads\\\/2025\\\/12\\\/Pri_tor-kard_testvezetek_1.jpg\",\"width\":800,\"height\":800},{\"@type\":\"BreadcrumbList\",\"@id\":\"https:\\\/\\\/allezfencing.eu\\\/webshop\\\/testvezetek\\\/kard-testvezetek\\\/prieur-torkard-testvezetek-fie-standard\\\/#breadcrumb\",\"itemListElement\":[{\"@type\":\"ListItem\",\"position\":1,\"name\":\"Kezd\u0151lap\",\"item\":\"https:\\\/\\\/allezfencing.eu\\\/\"},{\"@type\":\"ListItem\",\"position\":2,\"name\":\"Webshop\",\"item\":\"https:\\\/\\\/allezfencing.eu\\\/webshop\\\/\"},{\"@type\":\"ListItem\",\"position\":3,\"name\":\"TESTVEZET\u00c9K\",\"item\":\"https:\\\/\\\/allezfencing.eu\\\/termekkategoria\\\/testvezetek\\\/\"},{\"@type\":\"ListItem\",\"position\":4,\"name\":\"KARD TESTVEZET\u00c9K\",\"item\":\"https:\\\/\\\/allezfencing.eu\\\/termekkategoria\\\/testvezetek\\\/kard-testvezetek\\\/\"},{\"@type\":\"ListItem\",\"position\":5,\"name\":\"PRIEUR t\u0151r\\\/kard testvezet\u00e9k &#8211; FIE standard\"}]},{\"@type\":\"WebSite\",\"@id\":\"https:\\\/\\\/allezfencing.eu\\\/#website\",\"url\":\"https:\\\/\\\/allezfencing.eu\\\/\",\"name\":\"Allez Fencing\",\"description\":\"Minden ami v\u00edv\u00e1s\",\"publisher\":{\"@id\":\"https:\\\/\\\/allezfencing.eu\\\/#organization\"},\"potentialAction\":[{\"@type\":\"SearchAction\",\"target\":{\"@type\":\"EntryPoint\",\"urlTemplate\":\"https:\\\/\\\/allezfencing.eu\\\/?s={search_term_string}\"},\"query-input\":{\"@type\":\"PropertyValueSpecification\",\"valueRequired\":true,\"valueName\":\"search_term_string\"}}],\"inLanguage\":\"en-GB\"},{\"@type\":\"Organization\",\"@id\":\"https:\\\/\\\/allezfencing.eu\\\/#organization\",\"name\":\"Panama Etet\u0151haj\u00f3k\",\"url\":\"https:\\\/\\\/allezfencing.eu\\\/\",\"logo\":{\"@type\":\"ImageObject\",\"inLanguage\":\"en-GB\",\"@id\":\"https:\\\/\\\/allezfencing.eu\\\/#\\\/schema\\\/logo\\\/image\\\/\",\"url\":\"https:\\\/\\\/allezfencing.eu\\\/wp-content\\\/uploads\\\/2025\\\/03\\\/etetohajo.eu-panama-site-icon.webp\",\"contentUrl\":\"https:\\\/\\\/allezfencing.eu\\\/wp-content\\\/uploads\\\/2025\\\/03\\\/etetohajo.eu-panama-site-icon.webp\",\"width\":512,\"height\":512,\"caption\":\"Panama Etet\u0151haj\u00f3k\"},\"image\":{\"@id\":\"https:\\\/\\\/allezfencing.eu\\\/#\\\/schema\\\/logo\\\/image\\\/\"},\"sameAs\":[\"https:\\\/\\\/www.facebook.com\\\/panamaetetohajo\"]}]}<\/script>\n<!-- \/ Yoast SEO plugin. -->","yoast_head_json":{"title":"PRIEUR t\u0151r\/kard testvezet\u00e9k - FIE standard | Allez Fencing","robots":{"index":"index","follow":"follow","max-snippet":"max-snippet:-1","max-image-preview":"max-image-preview:large","max-video-preview":"max-video-preview:-1"},"canonical":"https:\/\/allezfencing.eu\/en\/webshop\/testvezetek\/kard-testvezetek\/prieur-torkard-testvezetek-fie-standard\/","og_locale":"en_GB","og_type":"article","og_title":"PRIEUR t\u0151r\/kard testvezet\u00e9k - FIE standard | Allez Fencing","og_description":"PRIEUR t\u0151r\/kard testvezet\u00e9k - a megb\u00edzhat\u00f3 \u00e9s \u00e9szrev\u00e9tlen t\u00e1rs  A PRIEUR t\u0151r\/kard testvezet\u00e9keit Franciaorsz\u00e1gban gy\u00e1rtj\u00e1k.  A k\u00e1belt automata robotjaink v\u00e1gj\u00e1k \u00e9s szerelik. A csapok az ide\u00e1lis \u00e1tm\u00e9r\u0151j\u0171 csavaroz\u00e1ssal vannak megh\u00fazva, hogy biztos\u00edts\u00e1k a nagyon j\u00f3 kapcsolatot \u00e9s\u00a0ellen\u00e1ll\u00e1st. A testvezet\u00e9k minden szempontb\u00f3l megfelel a FIE el\u0151\u00edr\u00e1sainak.","og_url":"https:\/\/allezfencing.eu\/en\/webshop\/testvezetek\/kard-testvezetek\/prieur-torkard-testvezetek-fie-standard\/","og_site_name":"Allez Fencing","article_publisher":"https:\/\/www.facebook.com\/panamaetetohajo","article_modified_time":"2026-04-21T12:20:44+00:00","og_image":[{"width":800,"height":800,"url":"https:\/\/allezfencing.eu\/wp-content\/uploads\/2025\/12\/Pri_tor-kard_testvezetek_1.jpg","type":"image\/png"}],"twitter_card":"summary_large_image","twitter_misc":{"Estimated reading time":"1 minute"},"schema":{"@context":"https:\/\/schema.org","@graph":[{"@type":"WebPage","@id":"https:\/\/allezfencing.eu\/webshop\/testvezetek\/kard-testvezetek\/prieur-torkard-testvezetek-fie-standard\/","url":"https:\/\/allezfencing.eu\/webshop\/testvezetek\/kard-testvezetek\/prieur-torkard-testvezetek-fie-standard\/","name":"PRIEUR t\u0151r\/kard testvezet\u00e9k - FIE standard | Allez Fencing","isPartOf":{"@id":"https:\/\/allezfencing.eu\/#website"},"primaryImageOfPage":{"@id":"https:\/\/allezfencing.eu\/webshop\/testvezetek\/kard-testvezetek\/prieur-torkard-testvezetek-fie-standard\/#primaryimage"},"image":{"@id":"https:\/\/allezfencing.eu\/webshop\/testvezetek\/kard-testvezetek\/prieur-torkard-testvezetek-fie-standard\/#primaryimage"},"thumbnailUrl":"https:\/\/allezfencing.eu\/wp-content\/uploads\/2025\/12\/Pri_tor-kard_testvezetek_1.jpg","datePublished":"2025-12-08T17:36:14+00:00","dateModified":"2026-04-21T12:20:44+00:00","breadcrumb":{"@id":"https:\/\/allezfencing.eu\/webshop\/testvezetek\/kard-testvezetek\/prieur-torkard-testvezetek-fie-standard\/#breadcrumb"},"inLanguage":"en-GB","potentialAction":[{"@type":"ReadAction","target":["https:\/\/allezfencing.eu\/webshop\/testvezetek\/kard-testvezetek\/prieur-torkard-testvezetek-fie-standard\/"]}]},{"@type":"ImageObject","inLanguage":"en-GB","@id":"https:\/\/allezfencing.eu\/webshop\/testvezetek\/kard-testvezetek\/prieur-torkard-testvezetek-fie-standard\/#primaryimage","url":"https:\/\/allezfencing.eu\/wp-content\/uploads\/2025\/12\/Pri_tor-kard_testvezetek_1.jpg","contentUrl":"https:\/\/allezfencing.eu\/wp-content\/uploads\/2025\/12\/Pri_tor-kard_testvezetek_1.jpg","width":800,"height":800},{"@type":"BreadcrumbList","@id":"https:\/\/allezfencing.eu\/webshop\/testvezetek\/kard-testvezetek\/prieur-torkard-testvezetek-fie-standard\/#breadcrumb","itemListElement":[{"@type":"ListItem","position":1,"name":"Kezd\u0151lap","item":"https:\/\/allezfencing.eu\/"},{"@type":"ListItem","position":2,"name":"Webshop","item":"https:\/\/allezfencing.eu\/webshop\/"},{"@type":"ListItem","position":3,"name":"TESTVEZET\u00c9K","item":"https:\/\/allezfencing.eu\/termekkategoria\/testvezetek\/"},{"@type":"ListItem","position":4,"name":"KARD TESTVEZET\u00c9K","item":"https:\/\/allezfencing.eu\/termekkategoria\/testvezetek\/kard-testvezetek\/"},{"@type":"ListItem","position":5,"name":"PRIEUR t\u0151r\/kard testvezet\u00e9k &#8211; FIE standard"}]},{"@type":"WebSite","@id":"https:\/\/allezfencing.eu\/#website","url":"https:\/\/allezfencing.eu\/","name":"Allez Fencing","description":"Minden ami v\u00edv\u00e1s","publisher":{"@id":"https:\/\/allezfencing.eu\/#organization"},"potentialAction":[{"@type":"SearchAction","target":{"@type":"EntryPoint","urlTemplate":"https:\/\/allezfencing.eu\/?s={search_term_string}"},"query-input":{"@type":"PropertyValueSpecification","valueRequired":true,"valueName":"search_term_string"}}],"inLanguage":"en-GB"},{"@type":"Organization","@id":"https:\/\/allezfencing.eu\/#organization","name":"Panama Feeding boats","url":"https:\/\/allezfencing.eu\/","logo":{"@type":"ImageObject","inLanguage":"en-GB","@id":"https:\/\/allezfencing.eu\/#\/schema\/logo\/image\/","url":"https:\/\/allezfencing.eu\/wp-content\/uploads\/2025\/03\/etetohajo.eu-panama-site-icon.webp","contentUrl":"https:\/\/allezfencing.eu\/wp-content\/uploads\/2025\/03\/etetohajo.eu-panama-site-icon.webp","width":512,"height":512,"caption":"Panama Etet\u0151haj\u00f3k"},"image":{"@id":"https:\/\/allezfencing.eu\/#\/schema\/logo\/image\/"},"sameAs":["https:\/\/www.facebook.com\/panamaetetohajo"]}]}},"_links":{"self":[{"href":"https:\/\/allezfencing.eu\/en\/wp-json\/wp\/v2\/product\/15295","targetHints":{"allow":["GET"]}}],"collection":[{"href":"https:\/\/allezfencing.eu\/en\/wp-json\/wp\/v2\/product"}],"about":[{"href":"https:\/\/allezfencing.eu\/en\/wp-json\/wp\/v2\/types\/product"}],"replies":[{"embeddable":true,"href":"https:\/\/allezfencing.eu\/en\/wp-json\/wp\/v2\/comments?post=15295"}],"version-history":[{"count":0,"href":"https:\/\/allezfencing.eu\/en\/wp-json\/wp\/v2\/product\/15295\/revisions"}],"wp:featuredmedia":[{"embeddable":true,"href":"https:\/\/allezfencing.eu\/en\/wp-json\/wp\/v2\/media\/15297"}],"wp:attachment":[{"href":"https:\/\/allezfencing.eu\/en\/wp-json\/wp\/v2\/media?parent=15295"}],"wp:term":[{"taxonomy":"product_brand","embeddable":true,"href":"https:\/\/allezfencing.eu\/en\/wp-json\/wp\/v2\/product_brand?post=15295"},{"taxonomy":"product_cat","embeddable":true,"href":"https:\/\/allezfencing.eu\/en\/wp-json\/wp\/v2\/product_cat?post=15295"},{"taxonomy":"product_tag","embeddable":true,"href":"https:\/\/allezfencing.eu\/en\/wp-json\/wp\/v2\/product_tag?post=15295"}],"curies":[{"name":"wp","href":"https:\/\/api.w.org\/{rel}","templated":true}]}}