{"id":15336,"date":"2025-12-08T18:37:07","date_gmt":"2025-12-08T17:37:07","guid":{"rendered":"https:\/\/infiniteq.org\/webshop\/nem-kategorizalt\/szerezz-baratokat-polo\/"},"modified":"2026-03-09T14:23:57","modified_gmt":"2026-03-09T13:23:57","slug":"szerezz-baratokat-polo","status":"publish","type":"product","link":"https:\/\/allezfencing.eu\/en\/webshop\/polok-es-egyeb-kiegeszitok\/szerezz-baratokat-polo\/","title":{"rendered":"&#8222;Szerezz bar\u00e1tokat&#8221; p\u00f3l\u00f3"},"content":{"rendered":"<p>A p\u00f3l\u00f3 a legkiv\u00e1l\u00f3bb finom, puha \u00e9s rugalmas pamut alapanyag\u00fa &#8222;Gildan&#8221; p\u00f3l\u00f3b\u00f3l k\u00e9sz\u00fcl, a feliratok pedig sz\u00ednes, direkt nyom\u00e1ssal ker\u00fclnek a p\u00f3l\u00f3ra. A minta sz\u00edntart\u00f3, rugalmas, ez azt\u00e1n soha nem fog deform\u00e1l\u00f3dni!<\/p>\n<p>Ha egyedi vagy vicces p\u00f3l\u00f3ra v\u00e1gysz, ami ak\u00e1r a plasztron alatt is komfortosan sz\u00edvja mag\u00e1ba a felesleges izzadts\u00e1got, akkor ezt a p\u00f3l\u00f3t neked tervezt\u00fck!<\/p>\n<p><span style=\"color: #0000cd;\"><em><strong>A csatolt m\u00e9rett\u00e1bl\u00e1zat alapj\u00e1n k\u00e9rj\u00fck a m\u00e9ret(ek) megad\u00e1s\u00e1t!\u00a0 <a href=\"https:\/\/allezfencing.eu\/en\/custom\/andiwebshop\/image\/data\/Merettablazatok\/gildan_polo_GI2000.pdf\/\" target=\"_blank\" rel=\"noopener\">LINK<\/a><\/strong><\/em><\/span><\/p>\n<p>A p\u00f3l\u00f3 <span style=\"font-size: 16px;\"><span style=\"color: #0000ff;\"><strong>t\u00f6bb sz\u00ednben is <\/strong><\/span><\/span>el\u00e9rhet\u0151, a minta sz\u00edne a p\u00f3l\u00f3 alapsz\u00edn\u00e9t\u0151l f\u00fcgg!<\/p>","protected":false},"excerpt":{"rendered":"<p><strong><span style=\"color: #0000cd;\"><span style=\"font-size: 24px;\">&#8222;Szerezz bar\u00e1tokat&#8221; p\u00f3l\u00f3<span style=\"font-family: comic sans ms,cursive;\">!<\/span><\/span><\/span><\/strong><\/p>\n<p><img loading=\"lazy\" decoding=\"async\" title=\"devil\" src=\"\/\/allezfencing.eu\/admin\/view\/javascript\/ckeditor\/plugins\/smiley\/images\/devil_smile.png\" alt=\"devil\" width=\"23\" height=\"23\" \/><\/p>\n<p><span style=\"color: #0000cd;\"><em><strong>A csatolt m\u00e9rett\u00e1bl\u00e1zat alapj\u00e1n k\u00e9rj\u00fck a m\u00e9ret(ek) megad\u00e1s\u00e1t!\u00a0 <a href=\"https:\/\/allezfencing.eu\/en\/custom\/andiwebshop\/image\/data\/Merettablazatok\/gildan_polo_GI2000.pdf\/\" target=\"_blank\" rel=\"noopener\">LINK<\/a><\/strong><\/em><\/span><\/p>\n<p>A sz\u00e1ll\u00edt\u00e1si d\u00edj maxim\u00e1lis \u00e9rt\u00e9ke lett felt\u00fcntetve, egyeztet\u00fcnk majd annak m\u00e9rt\u00e9k\u00e9r\u0151l fizet\u00e9skor!<\/p>","protected":false},"featured_media":15337,"comment_status":"open","ping_status":"closed","template":"","meta":[],"product_brand":[317],"product_cat":[746],"product_tag":[],"class_list":{"0":"post-15336","1":"product","2":"type-product","3":"status-publish","4":"has-post-thumbnail","6":"product_brand-allez-fencing","7":"product_cat-polok-es-egyeb-kiegeszitok","9":"first","10":"instock","11":"taxable","12":"shipping-taxable","13":"purchasable","14":"product-type-variable"},"yoast_head":"<!-- This site is optimized with the Yoast SEO plugin v27.2 - https:\/\/yoast.com\/product\/yoast-seo-wordpress\/ -->\n<title>&quot;Szerezz bar\u00e1tokat&quot; p\u00f3l\u00f3 | Allez Fencing<\/title>\n<meta name=\"robots\" content=\"index, follow, max-snippet:-1, max-image-preview:large, max-video-preview:-1\" \/>\n<link rel=\"canonical\" href=\"https:\/\/allezfencing.eu\/en\/webshop\/polok-es-egyeb-kiegeszitok\/allez-fencing-polok\/szerezz-baratokat-polo\/\" \/>\n<meta property=\"og:locale\" content=\"en_GB\" \/>\n<meta property=\"og:type\" content=\"article\" \/>\n<meta property=\"og:title\" content=\"&quot;Szerezz bar\u00e1tokat&quot; p\u00f3l\u00f3 | Allez Fencing\" \/>\n<meta property=\"og:description\" content=\"&quot;Szerezz bar\u00e1tokat&quot; p\u00f3l\u00f3!    A csatolt m\u00e9rett\u00e1bl\u00e1zat alapj\u00e1n k\u00e9rj\u00fck a m\u00e9ret(ek) megad\u00e1s\u00e1t!\u00a0 LINK  A sz\u00e1ll\u00edt\u00e1si d\u00edj maxim\u00e1lis \u00e9rt\u00e9ke lett felt\u00fcntetve, egyeztet\u00fcnk majd annak m\u00e9rt\u00e9k\u00e9r\u0151l fizet\u00e9skor!\" \/>\n<meta property=\"og:url\" content=\"https:\/\/allezfencing.eu\/en\/webshop\/polok-es-egyeb-kiegeszitok\/allez-fencing-polok\/szerezz-baratokat-polo\/\" \/>\n<meta property=\"og:site_name\" content=\"Allez Fencing\" \/>\n<meta property=\"article:publisher\" content=\"https:\/\/www.facebook.com\/panamaetetohajo\" \/>\n<meta property=\"article:modified_time\" content=\"2026-03-09T13:23:57+00:00\" \/>\n<meta property=\"og:image\" content=\"https:\/\/allezfencing.eu\/wp-content\/uploads\/2025\/12\/Kaszabol_feher.jpg\" \/>\n\t<meta property=\"og:image:width\" content=\"2362\" \/>\n\t<meta property=\"og:image:height\" content=\"2362\" \/>\n\t<meta property=\"og:image:type\" content=\"image\/jpeg\" \/>\n<meta name=\"twitter:card\" content=\"summary_large_image\" \/>\n<meta name=\"twitter:label1\" content=\"Estimated reading time\" \/>\n\t<meta name=\"twitter:data1\" content=\"1 minute\" \/>\n<script type=\"application\/ld+json\" class=\"yoast-schema-graph\">{\"@context\":\"https:\/\/schema.org\",\"@graph\":[{\"@type\":\"WebPage\",\"@id\":\"https:\/\/allezfencing.eu\/webshop\/polok-es-egyeb-kiegeszitok\/allez-fencing-polok\/szerezz-baratokat-polo\/\",\"url\":\"https:\/\/allezfencing.eu\/webshop\/polok-es-egyeb-kiegeszitok\/allez-fencing-polok\/szerezz-baratokat-polo\/\",\"name\":\"\\\"Szerezz bar\u00e1tokat\\\" p\u00f3l\u00f3 | Allez Fencing\",\"isPartOf\":{\"@id\":\"https:\/\/allezfencing.eu\/#website\"},\"primaryImageOfPage\":{\"@id\":\"https:\/\/allezfencing.eu\/webshop\/polok-es-egyeb-kiegeszitok\/allez-fencing-polok\/szerezz-baratokat-polo\/#primaryimage\"},\"image\":{\"@id\":\"https:\/\/allezfencing.eu\/webshop\/polok-es-egyeb-kiegeszitok\/allez-fencing-polok\/szerezz-baratokat-polo\/#primaryimage\"},\"thumbnailUrl\":\"https:\/\/allezfencing.eu\/wp-content\/uploads\/2025\/12\/Kaszabol_feher.jpg\",\"datePublished\":\"2025-12-08T17:37:07+00:00\",\"dateModified\":\"2026-03-09T13:23:57+00:00\",\"breadcrumb\":{\"@id\":\"https:\/\/allezfencing.eu\/webshop\/polok-es-egyeb-kiegeszitok\/allez-fencing-polok\/szerezz-baratokat-polo\/#breadcrumb\"},\"inLanguage\":\"en-GB\",\"potentialAction\":[{\"@type\":\"ReadAction\",\"target\":[\"https:\/\/allezfencing.eu\/webshop\/polok-es-egyeb-kiegeszitok\/allez-fencing-polok\/szerezz-baratokat-polo\/\"]}]},{\"@type\":\"ImageObject\",\"inLanguage\":\"en-GB\",\"@id\":\"https:\/\/allezfencing.eu\/webshop\/polok-es-egyeb-kiegeszitok\/allez-fencing-polok\/szerezz-baratokat-polo\/#primaryimage\",\"url\":\"https:\/\/allezfencing.eu\/wp-content\/uploads\/2025\/12\/Kaszabol_feher.jpg\",\"contentUrl\":\"https:\/\/allezfencing.eu\/wp-content\/uploads\/2025\/12\/Kaszabol_feher.jpg\",\"width\":2362,\"height\":2362},{\"@type\":\"BreadcrumbList\",\"@id\":\"https:\/\/allezfencing.eu\/webshop\/polok-es-egyeb-kiegeszitok\/allez-fencing-polok\/szerezz-baratokat-polo\/#breadcrumb\",\"itemListElement\":[{\"@type\":\"ListItem\",\"position\":1,\"name\":\"Kezd\u0151lap\",\"item\":\"https:\/\/allezfencing.eu\/\"},{\"@type\":\"ListItem\",\"position\":2,\"name\":\"Webshop\",\"item\":\"https:\/\/allezfencing.eu\/webshop\/\"},{\"@type\":\"ListItem\",\"position\":3,\"name\":\"POL\u00d3K \u00c9S EGY\u00c9B KIEG\u00c9SZ\u00cdT\u0150K\",\"item\":\"https:\/\/allezfencing.eu\/termekkategoria\/polok-es-egyeb-kiegeszitok\/\"},{\"@type\":\"ListItem\",\"position\":4,\"name\":\"&#8222;Szerezz bar\u00e1tokat&#8221; p\u00f3l\u00f3\"}]},{\"@type\":\"WebSite\",\"@id\":\"https:\/\/allezfencing.eu\/#website\",\"url\":\"https:\/\/allezfencing.eu\/\",\"name\":\"Allez Fencing\",\"description\":\"Minden ami v\u00edv\u00e1s\",\"publisher\":{\"@id\":\"https:\/\/allezfencing.eu\/#organization\"},\"potentialAction\":[{\"@type\":\"SearchAction\",\"target\":{\"@type\":\"EntryPoint\",\"urlTemplate\":\"https:\/\/allezfencing.eu\/?s={search_term_string}\"},\"query-input\":{\"@type\":\"PropertyValueSpecification\",\"valueRequired\":true,\"valueName\":\"search_term_string\"}}],\"inLanguage\":\"en-GB\"},{\"@type\":\"Organization\",\"@id\":\"https:\/\/allezfencing.eu\/#organization\",\"name\":\"Panama Etet\u0151haj\u00f3k\",\"url\":\"https:\/\/allezfencing.eu\/\",\"logo\":{\"@type\":\"ImageObject\",\"inLanguage\":\"en-GB\",\"@id\":\"https:\/\/allezfencing.eu\/#\/schema\/logo\/image\/\",\"url\":\"https:\/\/allezfencing.eu\/wp-content\/uploads\/2025\/03\/etetohajo.eu-panama-site-icon.webp\",\"contentUrl\":\"https:\/\/allezfencing.eu\/wp-content\/uploads\/2025\/03\/etetohajo.eu-panama-site-icon.webp\",\"width\":512,\"height\":512,\"caption\":\"Panama Etet\u0151haj\u00f3k\"},\"image\":{\"@id\":\"https:\/\/allezfencing.eu\/#\/schema\/logo\/image\/\"},\"sameAs\":[\"https:\/\/www.facebook.com\/panamaetetohajo\"]}]}<\/script>\n<!-- \/ Yoast SEO plugin. -->","yoast_head_json":{"title":"\"Szerezz bar\u00e1tokat\" p\u00f3l\u00f3 | Allez Fencing","robots":{"index":"index","follow":"follow","max-snippet":"max-snippet:-1","max-image-preview":"max-image-preview:large","max-video-preview":"max-video-preview:-1"},"canonical":"https:\/\/allezfencing.eu\/en\/webshop\/polok-es-egyeb-kiegeszitok\/allez-fencing-polok\/szerezz-baratokat-polo\/","og_locale":"en_GB","og_type":"article","og_title":"\"Szerezz bar\u00e1tokat\" p\u00f3l\u00f3 | Allez Fencing","og_description":"\"Szerezz bar\u00e1tokat\" p\u00f3l\u00f3!    A csatolt m\u00e9rett\u00e1bl\u00e1zat alapj\u00e1n k\u00e9rj\u00fck a m\u00e9ret(ek) megad\u00e1s\u00e1t!\u00a0 LINK  A sz\u00e1ll\u00edt\u00e1si d\u00edj maxim\u00e1lis \u00e9rt\u00e9ke lett felt\u00fcntetve, egyeztet\u00fcnk majd annak m\u00e9rt\u00e9k\u00e9r\u0151l fizet\u00e9skor!","og_url":"https:\/\/allezfencing.eu\/en\/webshop\/polok-es-egyeb-kiegeszitok\/allez-fencing-polok\/szerezz-baratokat-polo\/","og_site_name":"Allez Fencing","article_publisher":"https:\/\/www.facebook.com\/panamaetetohajo","article_modified_time":"2026-03-09T13:23:57+00:00","og_image":[{"width":2362,"height":2362,"url":"https:\/\/allezfencing.eu\/wp-content\/uploads\/2025\/12\/Kaszabol_feher.jpg","type":"image\/jpeg"}],"twitter_card":"summary_large_image","twitter_misc":{"Estimated reading time":"1 minute"},"schema":{"@context":"https:\/\/schema.org","@graph":[{"@type":"WebPage","@id":"https:\/\/allezfencing.eu\/webshop\/polok-es-egyeb-kiegeszitok\/allez-fencing-polok\/szerezz-baratokat-polo\/","url":"https:\/\/allezfencing.eu\/webshop\/polok-es-egyeb-kiegeszitok\/allez-fencing-polok\/szerezz-baratokat-polo\/","name":"\"Szerezz bar\u00e1tokat\" p\u00f3l\u00f3 | Allez Fencing","isPartOf":{"@id":"https:\/\/allezfencing.eu\/#website"},"primaryImageOfPage":{"@id":"https:\/\/allezfencing.eu\/webshop\/polok-es-egyeb-kiegeszitok\/allez-fencing-polok\/szerezz-baratokat-polo\/#primaryimage"},"image":{"@id":"https:\/\/allezfencing.eu\/webshop\/polok-es-egyeb-kiegeszitok\/allez-fencing-polok\/szerezz-baratokat-polo\/#primaryimage"},"thumbnailUrl":"https:\/\/allezfencing.eu\/wp-content\/uploads\/2025\/12\/Kaszabol_feher.jpg","datePublished":"2025-12-08T17:37:07+00:00","dateModified":"2026-03-09T13:23:57+00:00","breadcrumb":{"@id":"https:\/\/allezfencing.eu\/webshop\/polok-es-egyeb-kiegeszitok\/allez-fencing-polok\/szerezz-baratokat-polo\/#breadcrumb"},"inLanguage":"en-GB","potentialAction":[{"@type":"ReadAction","target":["https:\/\/allezfencing.eu\/webshop\/polok-es-egyeb-kiegeszitok\/allez-fencing-polok\/szerezz-baratokat-polo\/"]}]},{"@type":"ImageObject","inLanguage":"en-GB","@id":"https:\/\/allezfencing.eu\/webshop\/polok-es-egyeb-kiegeszitok\/allez-fencing-polok\/szerezz-baratokat-polo\/#primaryimage","url":"https:\/\/allezfencing.eu\/wp-content\/uploads\/2025\/12\/Kaszabol_feher.jpg","contentUrl":"https:\/\/allezfencing.eu\/wp-content\/uploads\/2025\/12\/Kaszabol_feher.jpg","width":2362,"height":2362},{"@type":"BreadcrumbList","@id":"https:\/\/allezfencing.eu\/webshop\/polok-es-egyeb-kiegeszitok\/allez-fencing-polok\/szerezz-baratokat-polo\/#breadcrumb","itemListElement":[{"@type":"ListItem","position":1,"name":"Kezd\u0151lap","item":"https:\/\/allezfencing.eu\/"},{"@type":"ListItem","position":2,"name":"Webshop","item":"https:\/\/allezfencing.eu\/webshop\/"},{"@type":"ListItem","position":3,"name":"POL\u00d3K \u00c9S EGY\u00c9B KIEG\u00c9SZ\u00cdT\u0150K","item":"https:\/\/allezfencing.eu\/termekkategoria\/polok-es-egyeb-kiegeszitok\/"},{"@type":"ListItem","position":4,"name":"&#8222;Szerezz bar\u00e1tokat&#8221; p\u00f3l\u00f3"}]},{"@type":"WebSite","@id":"https:\/\/allezfencing.eu\/#website","url":"https:\/\/allezfencing.eu\/","name":"Allez Fencing","description":"Minden ami v\u00edv\u00e1s","publisher":{"@id":"https:\/\/allezfencing.eu\/#organization"},"potentialAction":[{"@type":"SearchAction","target":{"@type":"EntryPoint","urlTemplate":"https:\/\/allezfencing.eu\/?s={search_term_string}"},"query-input":{"@type":"PropertyValueSpecification","valueRequired":true,"valueName":"search_term_string"}}],"inLanguage":"en-GB"},{"@type":"Organization","@id":"https:\/\/allezfencing.eu\/#organization","name":"Panama Feeding boats","url":"https:\/\/allezfencing.eu\/","logo":{"@type":"ImageObject","inLanguage":"en-GB","@id":"https:\/\/allezfencing.eu\/#\/schema\/logo\/image\/","url":"https:\/\/allezfencing.eu\/wp-content\/uploads\/2025\/03\/etetohajo.eu-panama-site-icon.webp","contentUrl":"https:\/\/allezfencing.eu\/wp-content\/uploads\/2025\/03\/etetohajo.eu-panama-site-icon.webp","width":512,"height":512,"caption":"Panama Etet\u0151haj\u00f3k"},"image":{"@id":"https:\/\/allezfencing.eu\/#\/schema\/logo\/image\/"},"sameAs":["https:\/\/www.facebook.com\/panamaetetohajo"]}]}},"_links":{"self":[{"href":"https:\/\/allezfencing.eu\/en\/wp-json\/wp\/v2\/product\/15336","targetHints":{"allow":["GET"]}}],"collection":[{"href":"https:\/\/allezfencing.eu\/en\/wp-json\/wp\/v2\/product"}],"about":[{"href":"https:\/\/allezfencing.eu\/en\/wp-json\/wp\/v2\/types\/product"}],"replies":[{"embeddable":true,"href":"https:\/\/allezfencing.eu\/en\/wp-json\/wp\/v2\/comments?post=15336"}],"version-history":[{"count":1,"href":"https:\/\/allezfencing.eu\/en\/wp-json\/wp\/v2\/product\/15336\/revisions"}],"predecessor-version":[{"id":16058,"href":"https:\/\/allezfencing.eu\/en\/wp-json\/wp\/v2\/product\/15336\/revisions\/16058"}],"wp:featuredmedia":[{"embeddable":true,"href":"https:\/\/allezfencing.eu\/en\/wp-json\/wp\/v2\/media\/15337"}],"wp:attachment":[{"href":"https:\/\/allezfencing.eu\/en\/wp-json\/wp\/v2\/media?parent=15336"}],"wp:term":[{"taxonomy":"product_brand","embeddable":true,"href":"https:\/\/allezfencing.eu\/en\/wp-json\/wp\/v2\/product_brand?post=15336"},{"taxonomy":"product_cat","embeddable":true,"href":"https:\/\/allezfencing.eu\/en\/wp-json\/wp\/v2\/product_cat?post=15336"},{"taxonomy":"product_tag","embeddable":true,"href":"https:\/\/allezfencing.eu\/en\/wp-json\/wp\/v2\/product_tag?post=15336"}],"curies":[{"name":"wp","href":"https:\/\/api.w.org\/{rel}","templated":true}]}}