{"id":15369,"date":"2025-12-08T18:38:02","date_gmt":"2025-12-08T17:38:02","guid":{"rendered":"https:\/\/infiniteq.org\/webshop\/nem-kategorizalt\/aluminium-vivopast-1715-m\/"},"modified":"2025-12-11T09:28:30","modified_gmt":"2025-12-11T08:28:30","slug":"aluminium-vivopast-1715-m","status":"publish","type":"product","link":"https:\/\/allezfencing.eu\/en\/webshop\/pastok-es-eredmenyjelzok\/aluminium-vivopast-1715-m\/","title":{"rendered":"Alum\u00ednium v\u00edv\u00f3p\u00e1st 17*1,5 m"},"content":{"rendered":"<p><span style=\"font-family:trebuchet ms,helvetica,sans-serif;\"><span style=\"font-size:16px;\"><span style=\"color:#0000FF;\">A p\u00e1st teljes s\u00falya:\u00a0 250 Kg<\/span><\/span><\/span>\n<\/p>\n<p><span style=\"color:#B22222;\"><span style=\"font-family:trebuchet ms,helvetica,sans-serif;\"><span style=\"font-size:16px;\">Mivel a p\u00e1st k\u00fcls\u0151 rakt\u00e1rr\u00f3l el\u00e9rhet\u0151, ez\u00e9rt a sz\u00e1ll\u00edt\u00e1si id\u0151vel kapcsolatban, <strong>k\u00e9rj\u00fck telefonon \u00e9rdekl\u0151dj\u00f6n!<\/strong><\/span><\/span><\/span><\/p>","protected":false},"excerpt":{"rendered":"<p><strong><span style=\"color:#800000;\"><span style=\"font-size:22px;\">Alum\u00ednium v\u00edv\u00f3p\u00e1st<\/span><\/span><\/strong>\n<\/p>\n<p><span style=\"color:#0000CD;\"><span style=\"font-size:20px;\">A sztenderd m\u00e9ret\u0171 17*1,5 m\u00e9teres ez\u00fcst sz\u00edn\u0171 alum\u00ednium v\u00edv\u00f3p\u00e1st a napi haszn\u00e1latra is a legalkalmasabb, ugyanakkor j\u00f3l b\u00edrja az elpakol\u00e1st \u00e9s k\u00f6lt\u00f6ztet\u00e9st.<\/span><\/span>\n<\/p>\n<p><span style=\"color:#0000CD;\"><span style=\"font-size:20px;\">Fa t\u00e1rol\u00f3 \u00e9s sz\u00e1ll\u00edt\u00f3dobozzal \u00e9rt\u00e9kes\u00edtj\u00fck, az \u00e1r mag\u00e1ba foglalja a FIE min\u0151s\u00edt\u00e9st is.<\/span><\/span><\/p>","protected":false},"featured_media":15370,"comment_status":"open","ping_status":"open","template":"","meta":[],"product_brand":[317],"product_cat":[773],"product_tag":[],"class_list":{"0":"post-15369","1":"product","2":"type-product","3":"status-publish","4":"has-post-thumbnail","6":"product_brand-allez-fencing","7":"product_cat-pastok-es-eredmenyjelzok","9":"first","10":"instock","11":"taxable","12":"shipping-taxable","13":"purchasable","14":"product-type-simple"},"yoast_head":"<!-- This site is optimized with the Yoast SEO plugin v27.5 - https:\/\/yoast.com\/product\/yoast-seo-wordpress\/ -->\n<title>Alum\u00ednium v\u00edv\u00f3p\u00e1st 17*1,5 m | Allez Fencing<\/title>\n<meta name=\"robots\" content=\"index, follow, max-snippet:-1, max-image-preview:large, max-video-preview:-1\" \/>\n<link rel=\"canonical\" href=\"https:\/\/allezfencing.eu\/en\/webshop\/default\/aluminium-vivopast-1715-m\/\" \/>\n<meta property=\"og:locale\" content=\"en_GB\" \/>\n<meta property=\"og:type\" content=\"article\" \/>\n<meta property=\"og:title\" content=\"Alum\u00ednium v\u00edv\u00f3p\u00e1st 17*1,5 m | Allez Fencing\" \/>\n<meta property=\"og:description\" content=\"Alum\u00ednium v\u00edv\u00f3p\u00e1st A sztenderd m\u00e9ret\u0171 17*1,5 m\u00e9teres ez\u00fcst sz\u00edn\u0171 alum\u00ednium v\u00edv\u00f3p\u00e1st a napi haszn\u00e1latra is a legalkalmasabb, ugyanakkor j\u00f3l b\u00edrja az elpakol\u00e1st \u00e9s k\u00f6lt\u00f6ztet\u00e9st. Fa t\u00e1rol\u00f3 \u00e9s sz\u00e1ll\u00edt\u00f3dobozzal \u00e9rt\u00e9kes\u00edtj\u00fck, az \u00e1r mag\u00e1ba foglalja a FIE min\u0151s\u00edt\u00e9st is.\" \/>\n<meta property=\"og:url\" content=\"https:\/\/allezfencing.eu\/en\/webshop\/default\/aluminium-vivopast-1715-m\/\" \/>\n<meta property=\"og:site_name\" content=\"Allez Fencing\" \/>\n<meta property=\"article:publisher\" content=\"https:\/\/www.facebook.com\/panamaetetohajo\" \/>\n<meta property=\"article:modified_time\" content=\"2025-12-11T08:28:30+00:00\" \/>\n<meta property=\"og:image\" content=\"https:\/\/allezfencing.eu\/wp-content\/uploads\/2025\/12\/Fem_Past_1.jpg\" \/>\n\t<meta property=\"og:image:width\" content=\"750\" \/>\n\t<meta property=\"og:image:height\" content=\"789\" \/>\n\t<meta property=\"og:image:type\" content=\"image\/jpeg\" \/>\n<meta name=\"twitter:card\" content=\"summary_large_image\" \/>\n<script type=\"application\/ld+json\" class=\"yoast-schema-graph\">{\"@context\":\"https:\\\/\\\/schema.org\",\"@graph\":[{\"@type\":\"WebPage\",\"@id\":\"https:\\\/\\\/allezfencing.eu\\\/webshop\\\/default\\\/aluminium-vivopast-1715-m\\\/\",\"url\":\"https:\\\/\\\/allezfencing.eu\\\/webshop\\\/default\\\/aluminium-vivopast-1715-m\\\/\",\"name\":\"Alum\u00ednium v\u00edv\u00f3p\u00e1st 17*1,5 m | Allez Fencing\",\"isPartOf\":{\"@id\":\"https:\\\/\\\/allezfencing.eu\\\/#website\"},\"primaryImageOfPage\":{\"@id\":\"https:\\\/\\\/allezfencing.eu\\\/webshop\\\/default\\\/aluminium-vivopast-1715-m\\\/#primaryimage\"},\"image\":{\"@id\":\"https:\\\/\\\/allezfencing.eu\\\/webshop\\\/default\\\/aluminium-vivopast-1715-m\\\/#primaryimage\"},\"thumbnailUrl\":\"https:\\\/\\\/allezfencing.eu\\\/wp-content\\\/uploads\\\/2025\\\/12\\\/Fem_Past_1.jpg\",\"datePublished\":\"2025-12-08T17:38:02+00:00\",\"dateModified\":\"2025-12-11T08:28:30+00:00\",\"breadcrumb\":{\"@id\":\"https:\\\/\\\/allezfencing.eu\\\/webshop\\\/default\\\/aluminium-vivopast-1715-m\\\/#breadcrumb\"},\"inLanguage\":\"en-GB\",\"potentialAction\":[{\"@type\":\"ReadAction\",\"target\":[\"https:\\\/\\\/allezfencing.eu\\\/webshop\\\/default\\\/aluminium-vivopast-1715-m\\\/\"]}]},{\"@type\":\"ImageObject\",\"inLanguage\":\"en-GB\",\"@id\":\"https:\\\/\\\/allezfencing.eu\\\/webshop\\\/default\\\/aluminium-vivopast-1715-m\\\/#primaryimage\",\"url\":\"https:\\\/\\\/allezfencing.eu\\\/wp-content\\\/uploads\\\/2025\\\/12\\\/Fem_Past_1.jpg\",\"contentUrl\":\"https:\\\/\\\/allezfencing.eu\\\/wp-content\\\/uploads\\\/2025\\\/12\\\/Fem_Past_1.jpg\",\"width\":750,\"height\":789},{\"@type\":\"BreadcrumbList\",\"@id\":\"https:\\\/\\\/allezfencing.eu\\\/webshop\\\/default\\\/aluminium-vivopast-1715-m\\\/#breadcrumb\",\"itemListElement\":[{\"@type\":\"ListItem\",\"position\":1,\"name\":\"Kezd\u0151lap\",\"item\":\"https:\\\/\\\/allezfencing.eu\\\/\"},{\"@type\":\"ListItem\",\"position\":2,\"name\":\"Webshop\",\"item\":\"https:\\\/\\\/allezfencing.eu\\\/webshop\\\/\"},{\"@type\":\"ListItem\",\"position\":3,\"name\":\"Alum\u00ednium v\u00edv\u00f3p\u00e1st 17*1,5 m\"}]},{\"@type\":\"WebSite\",\"@id\":\"https:\\\/\\\/allezfencing.eu\\\/#website\",\"url\":\"https:\\\/\\\/allezfencing.eu\\\/\",\"name\":\"Allez Fencing\",\"description\":\"Minden ami v\u00edv\u00e1s\",\"publisher\":{\"@id\":\"https:\\\/\\\/allezfencing.eu\\\/#organization\"},\"potentialAction\":[{\"@type\":\"SearchAction\",\"target\":{\"@type\":\"EntryPoint\",\"urlTemplate\":\"https:\\\/\\\/allezfencing.eu\\\/?s={search_term_string}\"},\"query-input\":{\"@type\":\"PropertyValueSpecification\",\"valueRequired\":true,\"valueName\":\"search_term_string\"}}],\"inLanguage\":\"en-GB\"},{\"@type\":\"Organization\",\"@id\":\"https:\\\/\\\/allezfencing.eu\\\/#organization\",\"name\":\"Panama Etet\u0151haj\u00f3k\",\"url\":\"https:\\\/\\\/allezfencing.eu\\\/\",\"logo\":{\"@type\":\"ImageObject\",\"inLanguage\":\"en-GB\",\"@id\":\"https:\\\/\\\/allezfencing.eu\\\/#\\\/schema\\\/logo\\\/image\\\/\",\"url\":\"https:\\\/\\\/allezfencing.eu\\\/wp-content\\\/uploads\\\/2025\\\/03\\\/etetohajo.eu-panama-site-icon.webp\",\"contentUrl\":\"https:\\\/\\\/allezfencing.eu\\\/wp-content\\\/uploads\\\/2025\\\/03\\\/etetohajo.eu-panama-site-icon.webp\",\"width\":512,\"height\":512,\"caption\":\"Panama Etet\u0151haj\u00f3k\"},\"image\":{\"@id\":\"https:\\\/\\\/allezfencing.eu\\\/#\\\/schema\\\/logo\\\/image\\\/\"},\"sameAs\":[\"https:\\\/\\\/www.facebook.com\\\/panamaetetohajo\"]}]}<\/script>\n<!-- \/ Yoast SEO plugin. -->","yoast_head_json":{"title":"Alum\u00ednium v\u00edv\u00f3p\u00e1st 17*1,5 m | Allez Fencing","robots":{"index":"index","follow":"follow","max-snippet":"max-snippet:-1","max-image-preview":"max-image-preview:large","max-video-preview":"max-video-preview:-1"},"canonical":"https:\/\/allezfencing.eu\/en\/webshop\/default\/aluminium-vivopast-1715-m\/","og_locale":"en_GB","og_type":"article","og_title":"Alum\u00ednium v\u00edv\u00f3p\u00e1st 17*1,5 m | Allez Fencing","og_description":"Alum\u00ednium v\u00edv\u00f3p\u00e1st A sztenderd m\u00e9ret\u0171 17*1,5 m\u00e9teres ez\u00fcst sz\u00edn\u0171 alum\u00ednium v\u00edv\u00f3p\u00e1st a napi haszn\u00e1latra is a legalkalmasabb, ugyanakkor j\u00f3l b\u00edrja az elpakol\u00e1st \u00e9s k\u00f6lt\u00f6ztet\u00e9st. Fa t\u00e1rol\u00f3 \u00e9s sz\u00e1ll\u00edt\u00f3dobozzal \u00e9rt\u00e9kes\u00edtj\u00fck, az \u00e1r mag\u00e1ba foglalja a FIE min\u0151s\u00edt\u00e9st is.","og_url":"https:\/\/allezfencing.eu\/en\/webshop\/default\/aluminium-vivopast-1715-m\/","og_site_name":"Allez Fencing","article_publisher":"https:\/\/www.facebook.com\/panamaetetohajo","article_modified_time":"2025-12-11T08:28:30+00:00","og_image":[{"width":750,"height":789,"url":"https:\/\/allezfencing.eu\/wp-content\/uploads\/2025\/12\/Fem_Past_1.jpg","type":"image\/jpeg"}],"twitter_card":"summary_large_image","schema":{"@context":"https:\/\/schema.org","@graph":[{"@type":"WebPage","@id":"https:\/\/allezfencing.eu\/webshop\/default\/aluminium-vivopast-1715-m\/","url":"https:\/\/allezfencing.eu\/webshop\/default\/aluminium-vivopast-1715-m\/","name":"Alum\u00ednium v\u00edv\u00f3p\u00e1st 17*1,5 m | Allez Fencing","isPartOf":{"@id":"https:\/\/allezfencing.eu\/#website"},"primaryImageOfPage":{"@id":"https:\/\/allezfencing.eu\/webshop\/default\/aluminium-vivopast-1715-m\/#primaryimage"},"image":{"@id":"https:\/\/allezfencing.eu\/webshop\/default\/aluminium-vivopast-1715-m\/#primaryimage"},"thumbnailUrl":"https:\/\/allezfencing.eu\/wp-content\/uploads\/2025\/12\/Fem_Past_1.jpg","datePublished":"2025-12-08T17:38:02+00:00","dateModified":"2025-12-11T08:28:30+00:00","breadcrumb":{"@id":"https:\/\/allezfencing.eu\/webshop\/default\/aluminium-vivopast-1715-m\/#breadcrumb"},"inLanguage":"en-GB","potentialAction":[{"@type":"ReadAction","target":["https:\/\/allezfencing.eu\/webshop\/default\/aluminium-vivopast-1715-m\/"]}]},{"@type":"ImageObject","inLanguage":"en-GB","@id":"https:\/\/allezfencing.eu\/webshop\/default\/aluminium-vivopast-1715-m\/#primaryimage","url":"https:\/\/allezfencing.eu\/wp-content\/uploads\/2025\/12\/Fem_Past_1.jpg","contentUrl":"https:\/\/allezfencing.eu\/wp-content\/uploads\/2025\/12\/Fem_Past_1.jpg","width":750,"height":789},{"@type":"BreadcrumbList","@id":"https:\/\/allezfencing.eu\/webshop\/default\/aluminium-vivopast-1715-m\/#breadcrumb","itemListElement":[{"@type":"ListItem","position":1,"name":"Kezd\u0151lap","item":"https:\/\/allezfencing.eu\/"},{"@type":"ListItem","position":2,"name":"Webshop","item":"https:\/\/allezfencing.eu\/webshop\/"},{"@type":"ListItem","position":3,"name":"Alum\u00ednium v\u00edv\u00f3p\u00e1st 17*1,5 m"}]},{"@type":"WebSite","@id":"https:\/\/allezfencing.eu\/#website","url":"https:\/\/allezfencing.eu\/","name":"Allez Fencing","description":"Minden ami v\u00edv\u00e1s","publisher":{"@id":"https:\/\/allezfencing.eu\/#organization"},"potentialAction":[{"@type":"SearchAction","target":{"@type":"EntryPoint","urlTemplate":"https:\/\/allezfencing.eu\/?s={search_term_string}"},"query-input":{"@type":"PropertyValueSpecification","valueRequired":true,"valueName":"search_term_string"}}],"inLanguage":"en-GB"},{"@type":"Organization","@id":"https:\/\/allezfencing.eu\/#organization","name":"Panama Feeding boats","url":"https:\/\/allezfencing.eu\/","logo":{"@type":"ImageObject","inLanguage":"en-GB","@id":"https:\/\/allezfencing.eu\/#\/schema\/logo\/image\/","url":"https:\/\/allezfencing.eu\/wp-content\/uploads\/2025\/03\/etetohajo.eu-panama-site-icon.webp","contentUrl":"https:\/\/allezfencing.eu\/wp-content\/uploads\/2025\/03\/etetohajo.eu-panama-site-icon.webp","width":512,"height":512,"caption":"Panama Etet\u0151haj\u00f3k"},"image":{"@id":"https:\/\/allezfencing.eu\/#\/schema\/logo\/image\/"},"sameAs":["https:\/\/www.facebook.com\/panamaetetohajo"]}]}},"_links":{"self":[{"href":"https:\/\/allezfencing.eu\/en\/wp-json\/wp\/v2\/product\/15369","targetHints":{"allow":["GET"]}}],"collection":[{"href":"https:\/\/allezfencing.eu\/en\/wp-json\/wp\/v2\/product"}],"about":[{"href":"https:\/\/allezfencing.eu\/en\/wp-json\/wp\/v2\/types\/product"}],"replies":[{"embeddable":true,"href":"https:\/\/allezfencing.eu\/en\/wp-json\/wp\/v2\/comments?post=15369"}],"version-history":[{"count":0,"href":"https:\/\/allezfencing.eu\/en\/wp-json\/wp\/v2\/product\/15369\/revisions"}],"wp:featuredmedia":[{"embeddable":true,"href":"https:\/\/allezfencing.eu\/en\/wp-json\/wp\/v2\/media\/15370"}],"wp:attachment":[{"href":"https:\/\/allezfencing.eu\/en\/wp-json\/wp\/v2\/media?parent=15369"}],"wp:term":[{"taxonomy":"product_brand","embeddable":true,"href":"https:\/\/allezfencing.eu\/en\/wp-json\/wp\/v2\/product_brand?post=15369"},{"taxonomy":"product_cat","embeddable":true,"href":"https:\/\/allezfencing.eu\/en\/wp-json\/wp\/v2\/product_cat?post=15369"},{"taxonomy":"product_tag","embeddable":true,"href":"https:\/\/allezfencing.eu\/en\/wp-json\/wp\/v2\/product_tag?post=15369"}],"curies":[{"name":"wp","href":"https:\/\/api.w.org\/{rel}","templated":true}]}}