{"id":15449,"date":"2025-12-08T18:41:44","date_gmt":"2025-12-08T17:41:44","guid":{"rendered":"https:\/\/infiniteq.org\/webshop\/nem-kategorizalt\/unic-fencing-f1-pro-nonfie-parbajtor-penge-titanium-heggyel\/"},"modified":"2026-03-08T16:47:10","modified_gmt":"2026-03-08T15:47:10","slug":"unic-fencing-f1-pro-nonfie-parbajtor-penge-titanium-heggyel","status":"publish","type":"product","link":"https:\/\/allezfencing.eu\/en\/webshop\/fegyverek-es-alkatreszei\/parbajtor-fegyverek-es-alkatreszei\/unic-fencing-f1-pro-nonfie-parbajtor-penge-titanium-heggyel\/","title":{"rendered":"UNIC Fencing F1 PRO nonFIE p\u00e1rbajt\u0151r penge, tit\u00e1nium heggyel"},"content":{"rendered":"<p>UNIC Fencing F1 PRO, tit\u00e1nium heggyel, francia vagy belga markolathoz!<\/p>\n<p>A legk\u00f6nnyebb \u00e9s leghajl\u00e9konyabb peng\u00e9nk, ezt mindenkinek ki kell pr\u00f3b\u00e1lni!<\/p>\n<p>Hajl\u00e9kony m\u00e9gis nagyon tart\u00f3s UNIC F1 peng\u00e9nket minden koroszt\u00e1lynak aj\u00e1nljuk, nem csak versenyz\u0151knek! Ezt e peng\u00e9t nem fogod megb\u00e1nni, ilyen klassz penge m\u00e9g biztosan nem volt a kezedben!<\/p>","protected":false},"excerpt":{"rendered":"<p>UNIC Fencing F1 penge, tit\u00e1nium heggyel, francia vagy belga markolathoz, 0-\u00e1s \u00e9s 5-\u00f6s m\u00e9retben is el\u00e9rhet\u0151<\/p>","protected":false},"featured_media":15450,"comment_status":"open","ping_status":"closed","template":"","meta":[],"product_brand":[327],"product_cat":[1166],"product_tag":[252,268],"class_list":{"0":"post-15449","1":"product","2":"type-product","3":"status-publish","4":"has-post-thumbnail","6":"product_brand-unic-fencing","7":"product_cat-parbajtor-fegyverek-es-alkatreszei","8":"product_tag-fwf","9":"product_tag-penge","11":"first","12":"instock","13":"taxable","14":"shipping-taxable","15":"purchasable","16":"product-type-variable"},"yoast_head":"<!-- This site is optimized with the Yoast SEO plugin v27.2 - https:\/\/yoast.com\/product\/yoast-seo-wordpress\/ -->\n<title>UNIC Fencing F1 PRO nonFIE p\u00e1rbajt\u0151r penge, tit\u00e1nium heggyel | Allez Fencing<\/title>\n<meta name=\"robots\" content=\"index, follow, max-snippet:-1, max-image-preview:large, max-video-preview:-1\" \/>\n<link rel=\"canonical\" href=\"https:\/\/allezfencing.eu\/en\/webshop\/fegyverek-es-alkatreszei\/parbajtor-fegyverek\/huzott-parbajtor-penge-elektromos-heggyel\/unic-fencing-f1-pro-nonfie-parbajtor-penge-titanium-heggyel\/\" \/>\n<meta property=\"og:locale\" content=\"en_GB\" \/>\n<meta property=\"og:type\" content=\"article\" \/>\n<meta property=\"og:title\" content=\"UNIC Fencing F1 PRO nonFIE p\u00e1rbajt\u0151r penge, tit\u00e1nium heggyel | Allez Fencing\" \/>\n<meta property=\"og:description\" content=\"UNIC Fencing F1 penge, tit\u00e1nium heggyel, francia vagy belga markolathoz, 0-\u00e1s \u00e9s 5-\u00f6s m\u00e9retben is el\u00e9rhet\u0151\" \/>\n<meta property=\"og:url\" content=\"https:\/\/allezfencing.eu\/en\/webshop\/fegyverek-es-alkatreszei\/parbajtor-fegyverek\/huzott-parbajtor-penge-elektromos-heggyel\/unic-fencing-f1-pro-nonfie-parbajtor-penge-titanium-heggyel\/\" \/>\n<meta property=\"og:site_name\" content=\"Allez Fencing\" \/>\n<meta property=\"article:publisher\" content=\"https:\/\/www.facebook.com\/panamaetetohajo\" \/>\n<meta property=\"article:modified_time\" content=\"2026-03-08T15:47:10+00:00\" \/>\n<meta property=\"og:image\" content=\"https:\/\/allezfencing.eu\/wp-content\/uploads\/2025\/12\/Unic_F1-5_titanium_point.jpg\" \/>\n\t<meta property=\"og:image:width\" content=\"530\" \/>\n\t<meta property=\"og:image:height\" content=\"665\" \/>\n\t<meta property=\"og:image:type\" content=\"image\/webp\" \/>\n<meta name=\"twitter:card\" content=\"summary_large_image\" \/>\n<meta name=\"twitter:label1\" content=\"Estimated reading time\" \/>\n\t<meta name=\"twitter:data1\" content=\"1 minute\" \/>\n<script type=\"application\/ld+json\" class=\"yoast-schema-graph\">{\"@context\":\"https:\/\/schema.org\",\"@graph\":[{\"@type\":\"WebPage\",\"@id\":\"https:\/\/allezfencing.eu\/webshop\/fegyverek-es-alkatreszei\/parbajtor-fegyverek\/huzott-parbajtor-penge-elektromos-heggyel\/unic-fencing-f1-pro-nonfie-parbajtor-penge-titanium-heggyel\/\",\"url\":\"https:\/\/allezfencing.eu\/webshop\/fegyverek-es-alkatreszei\/parbajtor-fegyverek\/huzott-parbajtor-penge-elektromos-heggyel\/unic-fencing-f1-pro-nonfie-parbajtor-penge-titanium-heggyel\/\",\"name\":\"UNIC Fencing F1 PRO nonFIE p\u00e1rbajt\u0151r penge, tit\u00e1nium heggyel | Allez Fencing\",\"isPartOf\":{\"@id\":\"https:\/\/allezfencing.eu\/#website\"},\"primaryImageOfPage\":{\"@id\":\"https:\/\/allezfencing.eu\/webshop\/fegyverek-es-alkatreszei\/parbajtor-fegyverek\/huzott-parbajtor-penge-elektromos-heggyel\/unic-fencing-f1-pro-nonfie-parbajtor-penge-titanium-heggyel\/#primaryimage\"},\"image\":{\"@id\":\"https:\/\/allezfencing.eu\/webshop\/fegyverek-es-alkatreszei\/parbajtor-fegyverek\/huzott-parbajtor-penge-elektromos-heggyel\/unic-fencing-f1-pro-nonfie-parbajtor-penge-titanium-heggyel\/#primaryimage\"},\"thumbnailUrl\":\"https:\/\/allezfencing.eu\/wp-content\/uploads\/2025\/12\/Unic_F1-5_titanium_point.jpg\",\"datePublished\":\"2025-12-08T17:41:44+00:00\",\"dateModified\":\"2026-03-08T15:47:10+00:00\",\"breadcrumb\":{\"@id\":\"https:\/\/allezfencing.eu\/webshop\/fegyverek-es-alkatreszei\/parbajtor-fegyverek\/huzott-parbajtor-penge-elektromos-heggyel\/unic-fencing-f1-pro-nonfie-parbajtor-penge-titanium-heggyel\/#breadcrumb\"},\"inLanguage\":\"en-GB\",\"potentialAction\":[{\"@type\":\"ReadAction\",\"target\":[\"https:\/\/allezfencing.eu\/webshop\/fegyverek-es-alkatreszei\/parbajtor-fegyverek\/huzott-parbajtor-penge-elektromos-heggyel\/unic-fencing-f1-pro-nonfie-parbajtor-penge-titanium-heggyel\/\"]}]},{\"@type\":\"ImageObject\",\"inLanguage\":\"en-GB\",\"@id\":\"https:\/\/allezfencing.eu\/webshop\/fegyverek-es-alkatreszei\/parbajtor-fegyverek\/huzott-parbajtor-penge-elektromos-heggyel\/unic-fencing-f1-pro-nonfie-parbajtor-penge-titanium-heggyel\/#primaryimage\",\"url\":\"https:\/\/allezfencing.eu\/wp-content\/uploads\/2025\/12\/Unic_F1-5_titanium_point.jpg\",\"contentUrl\":\"https:\/\/allezfencing.eu\/wp-content\/uploads\/2025\/12\/Unic_F1-5_titanium_point.jpg\",\"width\":530,\"height\":665},{\"@type\":\"BreadcrumbList\",\"@id\":\"https:\/\/allezfencing.eu\/webshop\/fegyverek-es-alkatreszei\/parbajtor-fegyverek\/huzott-parbajtor-penge-elektromos-heggyel\/unic-fencing-f1-pro-nonfie-parbajtor-penge-titanium-heggyel\/#breadcrumb\",\"itemListElement\":[{\"@type\":\"ListItem\",\"position\":1,\"name\":\"Kezd\u0151lap\",\"item\":\"https:\/\/allezfencing.eu\/\"},{\"@type\":\"ListItem\",\"position\":2,\"name\":\"Webshop\",\"item\":\"https:\/\/allezfencing.eu\/webshop\/\"},{\"@type\":\"ListItem\",\"position\":3,\"name\":\"FEGYVEREK \u00c9S ALKATR\u00c9SZEI\",\"item\":\"https:\/\/allezfencing.eu\/termekkategoria\/fegyverek-es-alkatreszei\/\"},{\"@type\":\"ListItem\",\"position\":4,\"name\":\"UNIC Fencing F1 PRO nonFIE p\u00e1rbajt\u0151r penge, tit\u00e1nium heggyel\"}]},{\"@type\":\"WebSite\",\"@id\":\"https:\/\/allezfencing.eu\/#website\",\"url\":\"https:\/\/allezfencing.eu\/\",\"name\":\"Allez Fencing\",\"description\":\"Minden ami v\u00edv\u00e1s\",\"publisher\":{\"@id\":\"https:\/\/allezfencing.eu\/#organization\"},\"potentialAction\":[{\"@type\":\"SearchAction\",\"target\":{\"@type\":\"EntryPoint\",\"urlTemplate\":\"https:\/\/allezfencing.eu\/?s={search_term_string}\"},\"query-input\":{\"@type\":\"PropertyValueSpecification\",\"valueRequired\":true,\"valueName\":\"search_term_string\"}}],\"inLanguage\":\"en-GB\"},{\"@type\":\"Organization\",\"@id\":\"https:\/\/allezfencing.eu\/#organization\",\"name\":\"Panama Etet\u0151haj\u00f3k\",\"url\":\"https:\/\/allezfencing.eu\/\",\"logo\":{\"@type\":\"ImageObject\",\"inLanguage\":\"en-GB\",\"@id\":\"https:\/\/allezfencing.eu\/#\/schema\/logo\/image\/\",\"url\":\"https:\/\/allezfencing.eu\/wp-content\/uploads\/2025\/03\/etetohajo.eu-panama-site-icon.webp\",\"contentUrl\":\"https:\/\/allezfencing.eu\/wp-content\/uploads\/2025\/03\/etetohajo.eu-panama-site-icon.webp\",\"width\":512,\"height\":512,\"caption\":\"Panama Etet\u0151haj\u00f3k\"},\"image\":{\"@id\":\"https:\/\/allezfencing.eu\/#\/schema\/logo\/image\/\"},\"sameAs\":[\"https:\/\/www.facebook.com\/panamaetetohajo\"]}]}<\/script>\n<!-- \/ Yoast SEO plugin. -->","yoast_head_json":{"title":"UNIC Fencing F1 PRO nonFIE p\u00e1rbajt\u0151r penge, tit\u00e1nium heggyel | Allez Fencing","robots":{"index":"index","follow":"follow","max-snippet":"max-snippet:-1","max-image-preview":"max-image-preview:large","max-video-preview":"max-video-preview:-1"},"canonical":"https:\/\/allezfencing.eu\/en\/webshop\/fegyverek-es-alkatreszei\/parbajtor-fegyverek\/huzott-parbajtor-penge-elektromos-heggyel\/unic-fencing-f1-pro-nonfie-parbajtor-penge-titanium-heggyel\/","og_locale":"en_GB","og_type":"article","og_title":"UNIC Fencing F1 PRO nonFIE p\u00e1rbajt\u0151r penge, tit\u00e1nium heggyel | Allez Fencing","og_description":"UNIC Fencing F1 penge, tit\u00e1nium heggyel, francia vagy belga markolathoz, 0-\u00e1s \u00e9s 5-\u00f6s m\u00e9retben is el\u00e9rhet\u0151","og_url":"https:\/\/allezfencing.eu\/en\/webshop\/fegyverek-es-alkatreszei\/parbajtor-fegyverek\/huzott-parbajtor-penge-elektromos-heggyel\/unic-fencing-f1-pro-nonfie-parbajtor-penge-titanium-heggyel\/","og_site_name":"Allez Fencing","article_publisher":"https:\/\/www.facebook.com\/panamaetetohajo","article_modified_time":"2026-03-08T15:47:10+00:00","og_image":[{"width":530,"height":665,"url":"https:\/\/allezfencing.eu\/wp-content\/uploads\/2025\/12\/Unic_F1-5_titanium_point.jpg","type":"image\/webp"}],"twitter_card":"summary_large_image","twitter_misc":{"Estimated reading time":"1 minute"},"schema":{"@context":"https:\/\/schema.org","@graph":[{"@type":"WebPage","@id":"https:\/\/allezfencing.eu\/webshop\/fegyverek-es-alkatreszei\/parbajtor-fegyverek\/huzott-parbajtor-penge-elektromos-heggyel\/unic-fencing-f1-pro-nonfie-parbajtor-penge-titanium-heggyel\/","url":"https:\/\/allezfencing.eu\/webshop\/fegyverek-es-alkatreszei\/parbajtor-fegyverek\/huzott-parbajtor-penge-elektromos-heggyel\/unic-fencing-f1-pro-nonfie-parbajtor-penge-titanium-heggyel\/","name":"UNIC Fencing F1 PRO nonFIE p\u00e1rbajt\u0151r penge, tit\u00e1nium heggyel | Allez Fencing","isPartOf":{"@id":"https:\/\/allezfencing.eu\/#website"},"primaryImageOfPage":{"@id":"https:\/\/allezfencing.eu\/webshop\/fegyverek-es-alkatreszei\/parbajtor-fegyverek\/huzott-parbajtor-penge-elektromos-heggyel\/unic-fencing-f1-pro-nonfie-parbajtor-penge-titanium-heggyel\/#primaryimage"},"image":{"@id":"https:\/\/allezfencing.eu\/webshop\/fegyverek-es-alkatreszei\/parbajtor-fegyverek\/huzott-parbajtor-penge-elektromos-heggyel\/unic-fencing-f1-pro-nonfie-parbajtor-penge-titanium-heggyel\/#primaryimage"},"thumbnailUrl":"https:\/\/allezfencing.eu\/wp-content\/uploads\/2025\/12\/Unic_F1-5_titanium_point.jpg","datePublished":"2025-12-08T17:41:44+00:00","dateModified":"2026-03-08T15:47:10+00:00","breadcrumb":{"@id":"https:\/\/allezfencing.eu\/webshop\/fegyverek-es-alkatreszei\/parbajtor-fegyverek\/huzott-parbajtor-penge-elektromos-heggyel\/unic-fencing-f1-pro-nonfie-parbajtor-penge-titanium-heggyel\/#breadcrumb"},"inLanguage":"en-GB","potentialAction":[{"@type":"ReadAction","target":["https:\/\/allezfencing.eu\/webshop\/fegyverek-es-alkatreszei\/parbajtor-fegyverek\/huzott-parbajtor-penge-elektromos-heggyel\/unic-fencing-f1-pro-nonfie-parbajtor-penge-titanium-heggyel\/"]}]},{"@type":"ImageObject","inLanguage":"en-GB","@id":"https:\/\/allezfencing.eu\/webshop\/fegyverek-es-alkatreszei\/parbajtor-fegyverek\/huzott-parbajtor-penge-elektromos-heggyel\/unic-fencing-f1-pro-nonfie-parbajtor-penge-titanium-heggyel\/#primaryimage","url":"https:\/\/allezfencing.eu\/wp-content\/uploads\/2025\/12\/Unic_F1-5_titanium_point.jpg","contentUrl":"https:\/\/allezfencing.eu\/wp-content\/uploads\/2025\/12\/Unic_F1-5_titanium_point.jpg","width":530,"height":665},{"@type":"BreadcrumbList","@id":"https:\/\/allezfencing.eu\/webshop\/fegyverek-es-alkatreszei\/parbajtor-fegyverek\/huzott-parbajtor-penge-elektromos-heggyel\/unic-fencing-f1-pro-nonfie-parbajtor-penge-titanium-heggyel\/#breadcrumb","itemListElement":[{"@type":"ListItem","position":1,"name":"Kezd\u0151lap","item":"https:\/\/allezfencing.eu\/"},{"@type":"ListItem","position":2,"name":"Webshop","item":"https:\/\/allezfencing.eu\/webshop\/"},{"@type":"ListItem","position":3,"name":"FEGYVEREK \u00c9S ALKATR\u00c9SZEI","item":"https:\/\/allezfencing.eu\/termekkategoria\/fegyverek-es-alkatreszei\/"},{"@type":"ListItem","position":4,"name":"UNIC Fencing F1 PRO nonFIE p\u00e1rbajt\u0151r penge, tit\u00e1nium heggyel"}]},{"@type":"WebSite","@id":"https:\/\/allezfencing.eu\/#website","url":"https:\/\/allezfencing.eu\/","name":"Allez Fencing","description":"Minden ami v\u00edv\u00e1s","publisher":{"@id":"https:\/\/allezfencing.eu\/#organization"},"potentialAction":[{"@type":"SearchAction","target":{"@type":"EntryPoint","urlTemplate":"https:\/\/allezfencing.eu\/?s={search_term_string}"},"query-input":{"@type":"PropertyValueSpecification","valueRequired":true,"valueName":"search_term_string"}}],"inLanguage":"en-GB"},{"@type":"Organization","@id":"https:\/\/allezfencing.eu\/#organization","name":"Panama Feeding boats","url":"https:\/\/allezfencing.eu\/","logo":{"@type":"ImageObject","inLanguage":"en-GB","@id":"https:\/\/allezfencing.eu\/#\/schema\/logo\/image\/","url":"https:\/\/allezfencing.eu\/wp-content\/uploads\/2025\/03\/etetohajo.eu-panama-site-icon.webp","contentUrl":"https:\/\/allezfencing.eu\/wp-content\/uploads\/2025\/03\/etetohajo.eu-panama-site-icon.webp","width":512,"height":512,"caption":"Panama Etet\u0151haj\u00f3k"},"image":{"@id":"https:\/\/allezfencing.eu\/#\/schema\/logo\/image\/"},"sameAs":["https:\/\/www.facebook.com\/panamaetetohajo"]}]}},"_links":{"self":[{"href":"https:\/\/allezfencing.eu\/en\/wp-json\/wp\/v2\/product\/15449","targetHints":{"allow":["GET"]}}],"collection":[{"href":"https:\/\/allezfencing.eu\/en\/wp-json\/wp\/v2\/product"}],"about":[{"href":"https:\/\/allezfencing.eu\/en\/wp-json\/wp\/v2\/types\/product"}],"replies":[{"embeddable":true,"href":"https:\/\/allezfencing.eu\/en\/wp-json\/wp\/v2\/comments?post=15449"}],"version-history":[{"count":3,"href":"https:\/\/allezfencing.eu\/en\/wp-json\/wp\/v2\/product\/15449\/revisions"}],"predecessor-version":[{"id":17033,"href":"https:\/\/allezfencing.eu\/en\/wp-json\/wp\/v2\/product\/15449\/revisions\/17033"}],"wp:featuredmedia":[{"embeddable":true,"href":"https:\/\/allezfencing.eu\/en\/wp-json\/wp\/v2\/media\/15450"}],"wp:attachment":[{"href":"https:\/\/allezfencing.eu\/en\/wp-json\/wp\/v2\/media?parent=15449"}],"wp:term":[{"taxonomy":"product_brand","embeddable":true,"href":"https:\/\/allezfencing.eu\/en\/wp-json\/wp\/v2\/product_brand?post=15449"},{"taxonomy":"product_cat","embeddable":true,"href":"https:\/\/allezfencing.eu\/en\/wp-json\/wp\/v2\/product_cat?post=15449"},{"taxonomy":"product_tag","embeddable":true,"href":"https:\/\/allezfencing.eu\/en\/wp-json\/wp\/v2\/product_tag?post=15449"}],"curies":[{"name":"wp","href":"https:\/\/api.w.org\/{rel}","templated":true}]}}