{"id":15469,"date":"2025-12-08T18:41:44","date_gmt":"2025-12-08T17:41:44","guid":{"rendered":"https:\/\/infiniteq.org\/webshop\/nem-kategorizalt\/prieur-parbajtortor-aluminium-francia-markolat-gumi-boritassal\/"},"modified":"2026-03-08T16:51:39","modified_gmt":"2026-03-08T15:51:39","slug":"prieur-parbajtortor-aluminium-francia-markolat-gumi-boritassal","status":"publish","type":"product","link":"https:\/\/allezfencing.eu\/en\/webshop\/fegyverek-es-alkatreszei\/alkatreszek-es-kiegeszitok\/prieur-parbajtortor-aluminium-francia-markolat-gumi-boritassal\/","title":{"rendered":"PRIEUR p\u00e1rbajt\u0151r\/t\u0151r alum\u00ednium francia markolat, gumi bor\u00edt\u00e1ssal"},"content":{"rendered":"<p>A markolat kiv\u00e1laszt\u00e1sa fontos a v\u00edv\u00e1s gyakorl\u00e1s\u00e1hoz. Minden v\u00edv\u00f3nak megvan a saj\u00e1t k\u00e9zre\u00e1ll\u00f3 kedvence.<\/p>","protected":false},"excerpt":{"rendered":"<p>PRIEUR p\u00e1rbajt\u0151r\/t\u0151r francia alum\u00ednium markolat<\/p>\n<p>Jobbos \u00e9s balos kivitelben, k\u00e9t f\u00e9le m\u00e9retben el\u00e9rhet\u0151!<\/p>\n<p>Gumi bevonat az alum\u00edniumb\u00f3l k\u00e9sz\u00fclt markolaton a PRIEUR gy\u00e1rtm\u00e1nya, mely\u00a0Vil\u00e1gszerte ismert kiv\u00e1l\u00f3 markolat\u00e1r\u00f3l! K\u00f6nny\u0171, strapab\u00edr\u00f3, k\u00f6nnyen kezelhet\u0151, egy a legjobb markolatok k\u00f6z\u00fcl.<\/p>","protected":false},"featured_media":15470,"comment_status":"open","ping_status":"closed","template":"","meta":[],"product_brand":[328],"product_cat":[1168],"product_tag":[],"class_list":{"0":"post-15469","1":"product","2":"type-product","3":"status-publish","4":"has-post-thumbnail","6":"product_brand-prieur","7":"product_cat-alkatreszek-es-kiegeszitok","9":"first","10":"instock","11":"taxable","12":"shipping-taxable","13":"purchasable","14":"product-type-variable"},"yoast_head":"<!-- This site is optimized with the Yoast SEO plugin v27.2 - https:\/\/yoast.com\/product\/yoast-seo-wordpress\/ -->\n<title>PRIEUR p\u00e1rbajt\u0151r\/t\u0151r alum\u00ednium francia markolat, gumi bor\u00edt\u00e1ssal | Allez Fencing<\/title>\n<meta name=\"robots\" content=\"index, follow, max-snippet:-1, max-image-preview:large, max-video-preview:-1\" \/>\n<link rel=\"canonical\" href=\"https:\/\/allezfencing.eu\/en\/webshop\/fegyverek-es-alkatreszei\/markolatok\/prieur-parbajtortor-aluminium-francia-markolat-gumi-boritassal\/\" \/>\n<meta property=\"og:locale\" content=\"en_GB\" \/>\n<meta property=\"og:type\" content=\"article\" \/>\n<meta property=\"og:title\" content=\"PRIEUR p\u00e1rbajt\u0151r\/t\u0151r alum\u00ednium francia markolat, gumi bor\u00edt\u00e1ssal | Allez Fencing\" \/>\n<meta property=\"og:description\" content=\"PRIEUR p\u00e1rbajt\u0151r\/t\u0151r francia alum\u00ednium markolat  Jobbos \u00e9s balos kivitelben, k\u00e9t f\u00e9le m\u00e9retben el\u00e9rhet\u0151!  Gumi bevonat az alum\u00edniumb\u00f3l k\u00e9sz\u00fclt markolaton a PRIEUR gy\u00e1rtm\u00e1nya, mely\u00a0Vil\u00e1gszerte ismert kiv\u00e1l\u00f3 markolat\u00e1r\u00f3l! K\u00f6nny\u0171, strapab\u00edr\u00f3, k\u00f6nnyen kezelhet\u0151, egy a legjobb markolatok k\u00f6z\u00fcl.\" \/>\n<meta property=\"og:url\" content=\"https:\/\/allezfencing.eu\/en\/webshop\/fegyverek-es-alkatreszei\/markolatok\/prieur-parbajtortor-aluminium-francia-markolat-gumi-boritassal\/\" \/>\n<meta property=\"og:site_name\" content=\"Allez Fencing\" \/>\n<meta property=\"article:publisher\" content=\"https:\/\/www.facebook.com\/panamaetetohajo\" \/>\n<meta property=\"article:modified_time\" content=\"2026-03-08T15:51:39+00:00\" \/>\n<meta property=\"og:image\" content=\"https:\/\/allezfencing.eu\/wp-content\/uploads\/2025\/12\/Francia_01.png\" \/>\n\t<meta property=\"og:image:width\" content=\"194\" \/>\n\t<meta property=\"og:image:height\" content=\"1200\" \/>\n\t<meta property=\"og:image:type\" content=\"image\/png\" \/>\n<meta name=\"twitter:card\" content=\"summary_large_image\" \/>\n<meta name=\"twitter:label1\" content=\"Estimated reading time\" \/>\n\t<meta name=\"twitter:data1\" content=\"1 minute\" \/>\n<script type=\"application\/ld+json\" class=\"yoast-schema-graph\">{\"@context\":\"https:\/\/schema.org\",\"@graph\":[{\"@type\":\"WebPage\",\"@id\":\"https:\/\/allezfencing.eu\/webshop\/fegyverek-es-alkatreszei\/markolatok\/prieur-parbajtortor-aluminium-francia-markolat-gumi-boritassal\/\",\"url\":\"https:\/\/allezfencing.eu\/webshop\/fegyverek-es-alkatreszei\/markolatok\/prieur-parbajtortor-aluminium-francia-markolat-gumi-boritassal\/\",\"name\":\"PRIEUR p\u00e1rbajt\u0151r\/t\u0151r alum\u00ednium francia markolat, gumi bor\u00edt\u00e1ssal | Allez Fencing\",\"isPartOf\":{\"@id\":\"https:\/\/allezfencing.eu\/#website\"},\"primaryImageOfPage\":{\"@id\":\"https:\/\/allezfencing.eu\/webshop\/fegyverek-es-alkatreszei\/markolatok\/prieur-parbajtortor-aluminium-francia-markolat-gumi-boritassal\/#primaryimage\"},\"image\":{\"@id\":\"https:\/\/allezfencing.eu\/webshop\/fegyverek-es-alkatreszei\/markolatok\/prieur-parbajtortor-aluminium-francia-markolat-gumi-boritassal\/#primaryimage\"},\"thumbnailUrl\":\"https:\/\/allezfencing.eu\/wp-content\/uploads\/2025\/12\/Francia_01.png\",\"datePublished\":\"2025-12-08T17:41:44+00:00\",\"dateModified\":\"2026-03-08T15:51:39+00:00\",\"breadcrumb\":{\"@id\":\"https:\/\/allezfencing.eu\/webshop\/fegyverek-es-alkatreszei\/markolatok\/prieur-parbajtortor-aluminium-francia-markolat-gumi-boritassal\/#breadcrumb\"},\"inLanguage\":\"en-GB\",\"potentialAction\":[{\"@type\":\"ReadAction\",\"target\":[\"https:\/\/allezfencing.eu\/webshop\/fegyverek-es-alkatreszei\/markolatok\/prieur-parbajtortor-aluminium-francia-markolat-gumi-boritassal\/\"]}]},{\"@type\":\"ImageObject\",\"inLanguage\":\"en-GB\",\"@id\":\"https:\/\/allezfencing.eu\/webshop\/fegyverek-es-alkatreszei\/markolatok\/prieur-parbajtortor-aluminium-francia-markolat-gumi-boritassal\/#primaryimage\",\"url\":\"https:\/\/allezfencing.eu\/wp-content\/uploads\/2025\/12\/Francia_01.png\",\"contentUrl\":\"https:\/\/allezfencing.eu\/wp-content\/uploads\/2025\/12\/Francia_01.png\",\"width\":194,\"height\":1200},{\"@type\":\"BreadcrumbList\",\"@id\":\"https:\/\/allezfencing.eu\/webshop\/fegyverek-es-alkatreszei\/markolatok\/prieur-parbajtortor-aluminium-francia-markolat-gumi-boritassal\/#breadcrumb\",\"itemListElement\":[{\"@type\":\"ListItem\",\"position\":1,\"name\":\"Kezd\u0151lap\",\"item\":\"https:\/\/allezfencing.eu\/\"},{\"@type\":\"ListItem\",\"position\":2,\"name\":\"Webshop\",\"item\":\"https:\/\/allezfencing.eu\/webshop\/\"},{\"@type\":\"ListItem\",\"position\":3,\"name\":\"FEGYVEREK \u00c9S ALKATR\u00c9SZEI\",\"item\":\"https:\/\/allezfencing.eu\/termekkategoria\/fegyverek-es-alkatreszei\/\"},{\"@type\":\"ListItem\",\"position\":4,\"name\":\"PRIEUR p\u00e1rbajt\u0151r\/t\u0151r alum\u00ednium francia markolat, gumi bor\u00edt\u00e1ssal\"}]},{\"@type\":\"WebSite\",\"@id\":\"https:\/\/allezfencing.eu\/#website\",\"url\":\"https:\/\/allezfencing.eu\/\",\"name\":\"Allez Fencing\",\"description\":\"Minden ami v\u00edv\u00e1s\",\"publisher\":{\"@id\":\"https:\/\/allezfencing.eu\/#organization\"},\"potentialAction\":[{\"@type\":\"SearchAction\",\"target\":{\"@type\":\"EntryPoint\",\"urlTemplate\":\"https:\/\/allezfencing.eu\/?s={search_term_string}\"},\"query-input\":{\"@type\":\"PropertyValueSpecification\",\"valueRequired\":true,\"valueName\":\"search_term_string\"}}],\"inLanguage\":\"en-GB\"},{\"@type\":\"Organization\",\"@id\":\"https:\/\/allezfencing.eu\/#organization\",\"name\":\"Panama Etet\u0151haj\u00f3k\",\"url\":\"https:\/\/allezfencing.eu\/\",\"logo\":{\"@type\":\"ImageObject\",\"inLanguage\":\"en-GB\",\"@id\":\"https:\/\/allezfencing.eu\/#\/schema\/logo\/image\/\",\"url\":\"https:\/\/allezfencing.eu\/wp-content\/uploads\/2025\/03\/etetohajo.eu-panama-site-icon.webp\",\"contentUrl\":\"https:\/\/allezfencing.eu\/wp-content\/uploads\/2025\/03\/etetohajo.eu-panama-site-icon.webp\",\"width\":512,\"height\":512,\"caption\":\"Panama Etet\u0151haj\u00f3k\"},\"image\":{\"@id\":\"https:\/\/allezfencing.eu\/#\/schema\/logo\/image\/\"},\"sameAs\":[\"https:\/\/www.facebook.com\/panamaetetohajo\"]}]}<\/script>\n<!-- \/ Yoast SEO plugin. -->","yoast_head_json":{"title":"PRIEUR p\u00e1rbajt\u0151r\/t\u0151r alum\u00ednium francia markolat, gumi bor\u00edt\u00e1ssal | Allez Fencing","robots":{"index":"index","follow":"follow","max-snippet":"max-snippet:-1","max-image-preview":"max-image-preview:large","max-video-preview":"max-video-preview:-1"},"canonical":"https:\/\/allezfencing.eu\/en\/webshop\/fegyverek-es-alkatreszei\/markolatok\/prieur-parbajtortor-aluminium-francia-markolat-gumi-boritassal\/","og_locale":"en_GB","og_type":"article","og_title":"PRIEUR p\u00e1rbajt\u0151r\/t\u0151r alum\u00ednium francia markolat, gumi bor\u00edt\u00e1ssal | Allez Fencing","og_description":"PRIEUR p\u00e1rbajt\u0151r\/t\u0151r francia alum\u00ednium markolat  Jobbos \u00e9s balos kivitelben, k\u00e9t f\u00e9le m\u00e9retben el\u00e9rhet\u0151!  Gumi bevonat az alum\u00edniumb\u00f3l k\u00e9sz\u00fclt markolaton a PRIEUR gy\u00e1rtm\u00e1nya, mely\u00a0Vil\u00e1gszerte ismert kiv\u00e1l\u00f3 markolat\u00e1r\u00f3l! K\u00f6nny\u0171, strapab\u00edr\u00f3, k\u00f6nnyen kezelhet\u0151, egy a legjobb markolatok k\u00f6z\u00fcl.","og_url":"https:\/\/allezfencing.eu\/en\/webshop\/fegyverek-es-alkatreszei\/markolatok\/prieur-parbajtortor-aluminium-francia-markolat-gumi-boritassal\/","og_site_name":"Allez Fencing","article_publisher":"https:\/\/www.facebook.com\/panamaetetohajo","article_modified_time":"2026-03-08T15:51:39+00:00","og_image":[{"width":194,"height":1200,"url":"https:\/\/allezfencing.eu\/wp-content\/uploads\/2025\/12\/Francia_01.png","type":"image\/png"}],"twitter_card":"summary_large_image","twitter_misc":{"Estimated reading time":"1 minute"},"schema":{"@context":"https:\/\/schema.org","@graph":[{"@type":"WebPage","@id":"https:\/\/allezfencing.eu\/webshop\/fegyverek-es-alkatreszei\/markolatok\/prieur-parbajtortor-aluminium-francia-markolat-gumi-boritassal\/","url":"https:\/\/allezfencing.eu\/webshop\/fegyverek-es-alkatreszei\/markolatok\/prieur-parbajtortor-aluminium-francia-markolat-gumi-boritassal\/","name":"PRIEUR p\u00e1rbajt\u0151r\/t\u0151r alum\u00ednium francia markolat, gumi bor\u00edt\u00e1ssal | Allez Fencing","isPartOf":{"@id":"https:\/\/allezfencing.eu\/#website"},"primaryImageOfPage":{"@id":"https:\/\/allezfencing.eu\/webshop\/fegyverek-es-alkatreszei\/markolatok\/prieur-parbajtortor-aluminium-francia-markolat-gumi-boritassal\/#primaryimage"},"image":{"@id":"https:\/\/allezfencing.eu\/webshop\/fegyverek-es-alkatreszei\/markolatok\/prieur-parbajtortor-aluminium-francia-markolat-gumi-boritassal\/#primaryimage"},"thumbnailUrl":"https:\/\/allezfencing.eu\/wp-content\/uploads\/2025\/12\/Francia_01.png","datePublished":"2025-12-08T17:41:44+00:00","dateModified":"2026-03-08T15:51:39+00:00","breadcrumb":{"@id":"https:\/\/allezfencing.eu\/webshop\/fegyverek-es-alkatreszei\/markolatok\/prieur-parbajtortor-aluminium-francia-markolat-gumi-boritassal\/#breadcrumb"},"inLanguage":"en-GB","potentialAction":[{"@type":"ReadAction","target":["https:\/\/allezfencing.eu\/webshop\/fegyverek-es-alkatreszei\/markolatok\/prieur-parbajtortor-aluminium-francia-markolat-gumi-boritassal\/"]}]},{"@type":"ImageObject","inLanguage":"en-GB","@id":"https:\/\/allezfencing.eu\/webshop\/fegyverek-es-alkatreszei\/markolatok\/prieur-parbajtortor-aluminium-francia-markolat-gumi-boritassal\/#primaryimage","url":"https:\/\/allezfencing.eu\/wp-content\/uploads\/2025\/12\/Francia_01.png","contentUrl":"https:\/\/allezfencing.eu\/wp-content\/uploads\/2025\/12\/Francia_01.png","width":194,"height":1200},{"@type":"BreadcrumbList","@id":"https:\/\/allezfencing.eu\/webshop\/fegyverek-es-alkatreszei\/markolatok\/prieur-parbajtortor-aluminium-francia-markolat-gumi-boritassal\/#breadcrumb","itemListElement":[{"@type":"ListItem","position":1,"name":"Kezd\u0151lap","item":"https:\/\/allezfencing.eu\/"},{"@type":"ListItem","position":2,"name":"Webshop","item":"https:\/\/allezfencing.eu\/webshop\/"},{"@type":"ListItem","position":3,"name":"FEGYVEREK \u00c9S ALKATR\u00c9SZEI","item":"https:\/\/allezfencing.eu\/termekkategoria\/fegyverek-es-alkatreszei\/"},{"@type":"ListItem","position":4,"name":"PRIEUR p\u00e1rbajt\u0151r\/t\u0151r alum\u00ednium francia markolat, gumi bor\u00edt\u00e1ssal"}]},{"@type":"WebSite","@id":"https:\/\/allezfencing.eu\/#website","url":"https:\/\/allezfencing.eu\/","name":"Allez Fencing","description":"Minden ami v\u00edv\u00e1s","publisher":{"@id":"https:\/\/allezfencing.eu\/#organization"},"potentialAction":[{"@type":"SearchAction","target":{"@type":"EntryPoint","urlTemplate":"https:\/\/allezfencing.eu\/?s={search_term_string}"},"query-input":{"@type":"PropertyValueSpecification","valueRequired":true,"valueName":"search_term_string"}}],"inLanguage":"en-GB"},{"@type":"Organization","@id":"https:\/\/allezfencing.eu\/#organization","name":"Panama Feeding boats","url":"https:\/\/allezfencing.eu\/","logo":{"@type":"ImageObject","inLanguage":"en-GB","@id":"https:\/\/allezfencing.eu\/#\/schema\/logo\/image\/","url":"https:\/\/allezfencing.eu\/wp-content\/uploads\/2025\/03\/etetohajo.eu-panama-site-icon.webp","contentUrl":"https:\/\/allezfencing.eu\/wp-content\/uploads\/2025\/03\/etetohajo.eu-panama-site-icon.webp","width":512,"height":512,"caption":"Panama Etet\u0151haj\u00f3k"},"image":{"@id":"https:\/\/allezfencing.eu\/#\/schema\/logo\/image\/"},"sameAs":["https:\/\/www.facebook.com\/panamaetetohajo"]}]}},"_links":{"self":[{"href":"https:\/\/allezfencing.eu\/en\/wp-json\/wp\/v2\/product\/15469","targetHints":{"allow":["GET"]}}],"collection":[{"href":"https:\/\/allezfencing.eu\/en\/wp-json\/wp\/v2\/product"}],"about":[{"href":"https:\/\/allezfencing.eu\/en\/wp-json\/wp\/v2\/types\/product"}],"replies":[{"embeddable":true,"href":"https:\/\/allezfencing.eu\/en\/wp-json\/wp\/v2\/comments?post=15469"}],"version-history":[{"count":3,"href":"https:\/\/allezfencing.eu\/en\/wp-json\/wp\/v2\/product\/15469\/revisions"}],"predecessor-version":[{"id":17408,"href":"https:\/\/allezfencing.eu\/en\/wp-json\/wp\/v2\/product\/15469\/revisions\/17408"}],"wp:featuredmedia":[{"embeddable":true,"href":"https:\/\/allezfencing.eu\/en\/wp-json\/wp\/v2\/media\/15470"}],"wp:attachment":[{"href":"https:\/\/allezfencing.eu\/en\/wp-json\/wp\/v2\/media?parent=15469"}],"wp:term":[{"taxonomy":"product_brand","embeddable":true,"href":"https:\/\/allezfencing.eu\/en\/wp-json\/wp\/v2\/product_brand?post=15469"},{"taxonomy":"product_cat","embeddable":true,"href":"https:\/\/allezfencing.eu\/en\/wp-json\/wp\/v2\/product_cat?post=15469"},{"taxonomy":"product_tag","embeddable":true,"href":"https:\/\/allezfencing.eu\/en\/wp-json\/wp\/v2\/product_tag?post=15469"}],"curies":[{"name":"wp","href":"https:\/\/api.w.org\/{rel}","templated":true}]}}