{"id":15484,"date":"2025-12-08T18:42:38","date_gmt":"2025-12-08T17:42:38","guid":{"rendered":"https:\/\/infiniteq.org\/webshop\/nem-kategorizalt\/komplett-fie-parbajtor-fegyver-belga-markolattal\/"},"modified":"2026-03-08T16:08:05","modified_gmt":"2026-03-08T15:08:05","slug":"komplett-fie-parbajtor-fegyver-belga-markolattal","status":"publish","type":"product","link":"https:\/\/allezfencing.eu\/en\/webshop\/fegyverek-es-alkatreszei\/parbajtor-fegyverek-es-alkatreszei\/komplett-fie-parbajtor-fegyver-belga-markolattal\/","title":{"rendered":"Komplett FIE p\u00e1rbajt\u0151r fegyver, belga markolattal"},"content":{"rendered":"<p>A fegyver a k\u00f6vetkez\u0151 r\u00e9szekb\u0151l \u00e1ll:<\/p>\n<ul>\n<li>H\u00fazott FIE penge (FWF BF)<\/li>\n<li>Ac\u00e9l kos\u00e1r<\/li>\n<li>Csatlakoz\u00f3<\/li>\n<li>Filc vagy m\u0171anyag kos\u00e1rbet\u00e9t<\/li>\n<li>Belga (ez\u00fcst sz\u00edn\u0171) markolat<\/li>\n<\/ul>","protected":false},"excerpt":{"rendered":"<p>Komplett FIE BF peng\u00e9vel szerelt Allez-Fencing p\u00e1rbajt\u0151r, ez\u00fcst sz\u00edn\u0171 belga markolattal.<\/p>","protected":false},"featured_media":15485,"comment_status":"open","ping_status":"closed","template":"","meta":[],"product_brand":[317],"product_cat":[1166],"product_tag":[],"class_list":{"0":"post-15484","1":"product","2":"type-product","3":"status-publish","4":"has-post-thumbnail","6":"product_brand-allez-fencing","7":"product_cat-parbajtor-fegyverek-es-alkatreszei","9":"first","10":"instock","11":"taxable","12":"shipping-taxable","13":"purchasable","14":"product-type-variable"},"yoast_head":"<!-- This site is optimized with the Yoast SEO plugin v27.2 - https:\/\/yoast.com\/product\/yoast-seo-wordpress\/ -->\n<title>Komplett FIE p\u00e1rbajt\u0151r fegyver, belga markolattal | Allez Fencing<\/title>\n<meta name=\"robots\" content=\"index, follow, max-snippet:-1, max-image-preview:large, max-video-preview:-1\" \/>\n<link rel=\"canonical\" href=\"https:\/\/allezfencing.eu\/en\/webshop\/fegyverek-es-alkatreszei\/parbajtor-fegyverek\/komplett-szerelt-parbajtor-fegyver\/komplett-fie-parbajtor-fegyver-belga-markolattal\/\" \/>\n<meta property=\"og:locale\" content=\"en_GB\" \/>\n<meta property=\"og:type\" content=\"article\" \/>\n<meta property=\"og:title\" content=\"Komplett FIE p\u00e1rbajt\u0151r fegyver, belga markolattal | Allez Fencing\" \/>\n<meta property=\"og:description\" content=\"Komplett FIE BF peng\u00e9vel szerelt Allez-Fencing p\u00e1rbajt\u0151r, ez\u00fcst sz\u00edn\u0171 belga markolattal.\" \/>\n<meta property=\"og:url\" content=\"https:\/\/allezfencing.eu\/en\/webshop\/fegyverek-es-alkatreszei\/parbajtor-fegyverek\/komplett-szerelt-parbajtor-fegyver\/komplett-fie-parbajtor-fegyver-belga-markolattal\/\" \/>\n<meta property=\"og:site_name\" content=\"Allez Fencing\" \/>\n<meta property=\"article:publisher\" content=\"https:\/\/www.facebook.com\/panamaetetohajo\" \/>\n<meta property=\"article:modified_time\" content=\"2026-03-08T15:08:05+00:00\" \/>\n<meta property=\"og:image\" content=\"https:\/\/allezfencing.eu\/wp-content\/uploads\/2025\/12\/Belga_3.jpg\" \/>\n\t<meta property=\"og:image:width\" content=\"1600\" \/>\n\t<meta property=\"og:image:height\" content=\"1600\" \/>\n\t<meta property=\"og:image:type\" content=\"image\/jpeg\" \/>\n<meta name=\"twitter:card\" content=\"summary_large_image\" \/>\n<meta name=\"twitter:label1\" content=\"Estimated reading time\" \/>\n\t<meta name=\"twitter:data1\" content=\"1 minute\" \/>\n<script type=\"application\/ld+json\" class=\"yoast-schema-graph\">{\"@context\":\"https:\/\/schema.org\",\"@graph\":[{\"@type\":\"WebPage\",\"@id\":\"https:\/\/allezfencing.eu\/webshop\/fegyverek-es-alkatreszei\/parbajtor-fegyverek\/komplett-szerelt-parbajtor-fegyver\/komplett-fie-parbajtor-fegyver-belga-markolattal\/\",\"url\":\"https:\/\/allezfencing.eu\/webshop\/fegyverek-es-alkatreszei\/parbajtor-fegyverek\/komplett-szerelt-parbajtor-fegyver\/komplett-fie-parbajtor-fegyver-belga-markolattal\/\",\"name\":\"Komplett FIE p\u00e1rbajt\u0151r fegyver, belga markolattal | Allez Fencing\",\"isPartOf\":{\"@id\":\"https:\/\/allezfencing.eu\/#website\"},\"primaryImageOfPage\":{\"@id\":\"https:\/\/allezfencing.eu\/webshop\/fegyverek-es-alkatreszei\/parbajtor-fegyverek\/komplett-szerelt-parbajtor-fegyver\/komplett-fie-parbajtor-fegyver-belga-markolattal\/#primaryimage\"},\"image\":{\"@id\":\"https:\/\/allezfencing.eu\/webshop\/fegyverek-es-alkatreszei\/parbajtor-fegyverek\/komplett-szerelt-parbajtor-fegyver\/komplett-fie-parbajtor-fegyver-belga-markolattal\/#primaryimage\"},\"thumbnailUrl\":\"https:\/\/allezfencing.eu\/wp-content\/uploads\/2025\/12\/Belga_3.jpg\",\"datePublished\":\"2025-12-08T17:42:38+00:00\",\"dateModified\":\"2026-03-08T15:08:05+00:00\",\"breadcrumb\":{\"@id\":\"https:\/\/allezfencing.eu\/webshop\/fegyverek-es-alkatreszei\/parbajtor-fegyverek\/komplett-szerelt-parbajtor-fegyver\/komplett-fie-parbajtor-fegyver-belga-markolattal\/#breadcrumb\"},\"inLanguage\":\"en-GB\",\"potentialAction\":[{\"@type\":\"ReadAction\",\"target\":[\"https:\/\/allezfencing.eu\/webshop\/fegyverek-es-alkatreszei\/parbajtor-fegyverek\/komplett-szerelt-parbajtor-fegyver\/komplett-fie-parbajtor-fegyver-belga-markolattal\/\"]}]},{\"@type\":\"ImageObject\",\"inLanguage\":\"en-GB\",\"@id\":\"https:\/\/allezfencing.eu\/webshop\/fegyverek-es-alkatreszei\/parbajtor-fegyverek\/komplett-szerelt-parbajtor-fegyver\/komplett-fie-parbajtor-fegyver-belga-markolattal\/#primaryimage\",\"url\":\"https:\/\/allezfencing.eu\/wp-content\/uploads\/2025\/12\/Belga_3.jpg\",\"contentUrl\":\"https:\/\/allezfencing.eu\/wp-content\/uploads\/2025\/12\/Belga_3.jpg\",\"width\":1600,\"height\":1600},{\"@type\":\"BreadcrumbList\",\"@id\":\"https:\/\/allezfencing.eu\/webshop\/fegyverek-es-alkatreszei\/parbajtor-fegyverek\/komplett-szerelt-parbajtor-fegyver\/komplett-fie-parbajtor-fegyver-belga-markolattal\/#breadcrumb\",\"itemListElement\":[{\"@type\":\"ListItem\",\"position\":1,\"name\":\"Kezd\u0151lap\",\"item\":\"https:\/\/allezfencing.eu\/\"},{\"@type\":\"ListItem\",\"position\":2,\"name\":\"Webshop\",\"item\":\"https:\/\/allezfencing.eu\/webshop\/\"},{\"@type\":\"ListItem\",\"position\":3,\"name\":\"FEGYVEREK \u00c9S ALKATR\u00c9SZEI\",\"item\":\"https:\/\/allezfencing.eu\/termekkategoria\/fegyverek-es-alkatreszei\/\"},{\"@type\":\"ListItem\",\"position\":4,\"name\":\"Komplett FIE p\u00e1rbajt\u0151r fegyver, belga markolattal\"}]},{\"@type\":\"WebSite\",\"@id\":\"https:\/\/allezfencing.eu\/#website\",\"url\":\"https:\/\/allezfencing.eu\/\",\"name\":\"Allez Fencing\",\"description\":\"Minden ami v\u00edv\u00e1s\",\"publisher\":{\"@id\":\"https:\/\/allezfencing.eu\/#organization\"},\"potentialAction\":[{\"@type\":\"SearchAction\",\"target\":{\"@type\":\"EntryPoint\",\"urlTemplate\":\"https:\/\/allezfencing.eu\/?s={search_term_string}\"},\"query-input\":{\"@type\":\"PropertyValueSpecification\",\"valueRequired\":true,\"valueName\":\"search_term_string\"}}],\"inLanguage\":\"en-GB\"},{\"@type\":\"Organization\",\"@id\":\"https:\/\/allezfencing.eu\/#organization\",\"name\":\"Panama Etet\u0151haj\u00f3k\",\"url\":\"https:\/\/allezfencing.eu\/\",\"logo\":{\"@type\":\"ImageObject\",\"inLanguage\":\"en-GB\",\"@id\":\"https:\/\/allezfencing.eu\/#\/schema\/logo\/image\/\",\"url\":\"https:\/\/allezfencing.eu\/wp-content\/uploads\/2025\/03\/etetohajo.eu-panama-site-icon.webp\",\"contentUrl\":\"https:\/\/allezfencing.eu\/wp-content\/uploads\/2025\/03\/etetohajo.eu-panama-site-icon.webp\",\"width\":512,\"height\":512,\"caption\":\"Panama Etet\u0151haj\u00f3k\"},\"image\":{\"@id\":\"https:\/\/allezfencing.eu\/#\/schema\/logo\/image\/\"},\"sameAs\":[\"https:\/\/www.facebook.com\/panamaetetohajo\"]}]}<\/script>\n<!-- \/ Yoast SEO plugin. -->","yoast_head_json":{"title":"Komplett FIE p\u00e1rbajt\u0151r fegyver, belga markolattal | Allez Fencing","robots":{"index":"index","follow":"follow","max-snippet":"max-snippet:-1","max-image-preview":"max-image-preview:large","max-video-preview":"max-video-preview:-1"},"canonical":"https:\/\/allezfencing.eu\/en\/webshop\/fegyverek-es-alkatreszei\/parbajtor-fegyverek\/komplett-szerelt-parbajtor-fegyver\/komplett-fie-parbajtor-fegyver-belga-markolattal\/","og_locale":"en_GB","og_type":"article","og_title":"Komplett FIE p\u00e1rbajt\u0151r fegyver, belga markolattal | Allez Fencing","og_description":"Komplett FIE BF peng\u00e9vel szerelt Allez-Fencing p\u00e1rbajt\u0151r, ez\u00fcst sz\u00edn\u0171 belga markolattal.","og_url":"https:\/\/allezfencing.eu\/en\/webshop\/fegyverek-es-alkatreszei\/parbajtor-fegyverek\/komplett-szerelt-parbajtor-fegyver\/komplett-fie-parbajtor-fegyver-belga-markolattal\/","og_site_name":"Allez Fencing","article_publisher":"https:\/\/www.facebook.com\/panamaetetohajo","article_modified_time":"2026-03-08T15:08:05+00:00","og_image":[{"width":1600,"height":1600,"url":"https:\/\/allezfencing.eu\/wp-content\/uploads\/2025\/12\/Belga_3.jpg","type":"image\/jpeg"}],"twitter_card":"summary_large_image","twitter_misc":{"Estimated reading time":"1 minute"},"schema":{"@context":"https:\/\/schema.org","@graph":[{"@type":"WebPage","@id":"https:\/\/allezfencing.eu\/webshop\/fegyverek-es-alkatreszei\/parbajtor-fegyverek\/komplett-szerelt-parbajtor-fegyver\/komplett-fie-parbajtor-fegyver-belga-markolattal\/","url":"https:\/\/allezfencing.eu\/webshop\/fegyverek-es-alkatreszei\/parbajtor-fegyverek\/komplett-szerelt-parbajtor-fegyver\/komplett-fie-parbajtor-fegyver-belga-markolattal\/","name":"Komplett FIE p\u00e1rbajt\u0151r fegyver, belga markolattal | Allez Fencing","isPartOf":{"@id":"https:\/\/allezfencing.eu\/#website"},"primaryImageOfPage":{"@id":"https:\/\/allezfencing.eu\/webshop\/fegyverek-es-alkatreszei\/parbajtor-fegyverek\/komplett-szerelt-parbajtor-fegyver\/komplett-fie-parbajtor-fegyver-belga-markolattal\/#primaryimage"},"image":{"@id":"https:\/\/allezfencing.eu\/webshop\/fegyverek-es-alkatreszei\/parbajtor-fegyverek\/komplett-szerelt-parbajtor-fegyver\/komplett-fie-parbajtor-fegyver-belga-markolattal\/#primaryimage"},"thumbnailUrl":"https:\/\/allezfencing.eu\/wp-content\/uploads\/2025\/12\/Belga_3.jpg","datePublished":"2025-12-08T17:42:38+00:00","dateModified":"2026-03-08T15:08:05+00:00","breadcrumb":{"@id":"https:\/\/allezfencing.eu\/webshop\/fegyverek-es-alkatreszei\/parbajtor-fegyverek\/komplett-szerelt-parbajtor-fegyver\/komplett-fie-parbajtor-fegyver-belga-markolattal\/#breadcrumb"},"inLanguage":"en-GB","potentialAction":[{"@type":"ReadAction","target":["https:\/\/allezfencing.eu\/webshop\/fegyverek-es-alkatreszei\/parbajtor-fegyverek\/komplett-szerelt-parbajtor-fegyver\/komplett-fie-parbajtor-fegyver-belga-markolattal\/"]}]},{"@type":"ImageObject","inLanguage":"en-GB","@id":"https:\/\/allezfencing.eu\/webshop\/fegyverek-es-alkatreszei\/parbajtor-fegyverek\/komplett-szerelt-parbajtor-fegyver\/komplett-fie-parbajtor-fegyver-belga-markolattal\/#primaryimage","url":"https:\/\/allezfencing.eu\/wp-content\/uploads\/2025\/12\/Belga_3.jpg","contentUrl":"https:\/\/allezfencing.eu\/wp-content\/uploads\/2025\/12\/Belga_3.jpg","width":1600,"height":1600},{"@type":"BreadcrumbList","@id":"https:\/\/allezfencing.eu\/webshop\/fegyverek-es-alkatreszei\/parbajtor-fegyverek\/komplett-szerelt-parbajtor-fegyver\/komplett-fie-parbajtor-fegyver-belga-markolattal\/#breadcrumb","itemListElement":[{"@type":"ListItem","position":1,"name":"Kezd\u0151lap","item":"https:\/\/allezfencing.eu\/"},{"@type":"ListItem","position":2,"name":"Webshop","item":"https:\/\/allezfencing.eu\/webshop\/"},{"@type":"ListItem","position":3,"name":"FEGYVEREK \u00c9S ALKATR\u00c9SZEI","item":"https:\/\/allezfencing.eu\/termekkategoria\/fegyverek-es-alkatreszei\/"},{"@type":"ListItem","position":4,"name":"Komplett FIE p\u00e1rbajt\u0151r fegyver, belga markolattal"}]},{"@type":"WebSite","@id":"https:\/\/allezfencing.eu\/#website","url":"https:\/\/allezfencing.eu\/","name":"Allez Fencing","description":"Minden ami v\u00edv\u00e1s","publisher":{"@id":"https:\/\/allezfencing.eu\/#organization"},"potentialAction":[{"@type":"SearchAction","target":{"@type":"EntryPoint","urlTemplate":"https:\/\/allezfencing.eu\/?s={search_term_string}"},"query-input":{"@type":"PropertyValueSpecification","valueRequired":true,"valueName":"search_term_string"}}],"inLanguage":"en-GB"},{"@type":"Organization","@id":"https:\/\/allezfencing.eu\/#organization","name":"Panama Feeding boats","url":"https:\/\/allezfencing.eu\/","logo":{"@type":"ImageObject","inLanguage":"en-GB","@id":"https:\/\/allezfencing.eu\/#\/schema\/logo\/image\/","url":"https:\/\/allezfencing.eu\/wp-content\/uploads\/2025\/03\/etetohajo.eu-panama-site-icon.webp","contentUrl":"https:\/\/allezfencing.eu\/wp-content\/uploads\/2025\/03\/etetohajo.eu-panama-site-icon.webp","width":512,"height":512,"caption":"Panama Etet\u0151haj\u00f3k"},"image":{"@id":"https:\/\/allezfencing.eu\/#\/schema\/logo\/image\/"},"sameAs":["https:\/\/www.facebook.com\/panamaetetohajo"]}]}},"_links":{"self":[{"href":"https:\/\/allezfencing.eu\/en\/wp-json\/wp\/v2\/product\/15484","targetHints":{"allow":["GET"]}}],"collection":[{"href":"https:\/\/allezfencing.eu\/en\/wp-json\/wp\/v2\/product"}],"about":[{"href":"https:\/\/allezfencing.eu\/en\/wp-json\/wp\/v2\/types\/product"}],"replies":[{"embeddable":true,"href":"https:\/\/allezfencing.eu\/en\/wp-json\/wp\/v2\/comments?post=15484"}],"version-history":[{"count":3,"href":"https:\/\/allezfencing.eu\/en\/wp-json\/wp\/v2\/product\/15484\/revisions"}],"predecessor-version":[{"id":17001,"href":"https:\/\/allezfencing.eu\/en\/wp-json\/wp\/v2\/product\/15484\/revisions\/17001"}],"wp:featuredmedia":[{"embeddable":true,"href":"https:\/\/allezfencing.eu\/en\/wp-json\/wp\/v2\/media\/15485"}],"wp:attachment":[{"href":"https:\/\/allezfencing.eu\/en\/wp-json\/wp\/v2\/media?parent=15484"}],"wp:term":[{"taxonomy":"product_brand","embeddable":true,"href":"https:\/\/allezfencing.eu\/en\/wp-json\/wp\/v2\/product_brand?post=15484"},{"taxonomy":"product_cat","embeddable":true,"href":"https:\/\/allezfencing.eu\/en\/wp-json\/wp\/v2\/product_cat?post=15484"},{"taxonomy":"product_tag","embeddable":true,"href":"https:\/\/allezfencing.eu\/en\/wp-json\/wp\/v2\/product_tag?post=15484"}],"curies":[{"name":"wp","href":"https:\/\/api.w.org\/{rel}","templated":true}]}}