{"id":15503,"date":"2025-12-08T18:43:37","date_gmt":"2025-12-08T17:43:37","guid":{"rendered":"https:\/\/infiniteq.org\/webshop\/nem-kategorizalt\/allez-fencing-parbajtor-szettvezetek\/"},"modified":"2026-03-08T16:57:27","modified_gmt":"2026-03-08T15:57:27","slug":"allez-fencing-parbajtor-szettvezetek","status":"publish","type":"product","link":"https:\/\/allezfencing.eu\/en\/webshop\/fegyverek-es-alkatreszei\/alkatreszek-es-kiegeszitok\/allez-fencing-parbajtor-szettvezetek\/","title":{"rendered":"Allez-Fencing p\u00e1rbajt\u0151r szettvezet\u00e9k"},"content":{"rendered":"<p><span style=\"color: #0000cd;\"><span style=\"font-size: 14px;\"><span style=\"font-family: trebuchet ms,helvetica,sans-serif;\">Megb\u00edzhat\u00f3 szettvezet\u00e9k, ami a fegyvermesterek \u00e1lma.<\/span><\/span><\/span><\/p>\n<p><span style=\"color: #0000cd;\"><span style=\"font-size: 14px;\"><span style=\"font-family: trebuchet ms,helvetica,sans-serif;\">A vezet\u00e9k bor\u00edt\u00e1sa nem cs\u00faszik, j\u00f3l tapad, j\u00f3l ragaszthat\u00f3, a v\u00e9g\u00e9n az \u00e9rintkez\u0151k dupl\u00e1n hurkoltak \u00e9s hull\u00e1mos\u00edtottak a jobb kapcsolat miatt!<\/span><\/span><\/span><\/p>","protected":false},"excerpt":{"rendered":"<p><span style=\"color: #800000;\"><span style=\"font-size: 14px;\"><span style=\"font-family: trebuchet ms,helvetica,sans-serif;\">Allez-Fencing p\u00e1rbajt\u0151r szettvezet\u00e9k<\/span><\/span><\/span><\/p>","protected":false},"featured_media":15504,"comment_status":"open","ping_status":"closed","template":"","meta":[],"product_brand":[317],"product_cat":[1168],"product_tag":[],"class_list":{"0":"post-15503","1":"product","2":"type-product","3":"status-publish","4":"has-post-thumbnail","6":"product_brand-allez-fencing","7":"product_cat-alkatreszek-es-kiegeszitok","9":"first","10":"instock","11":"taxable","12":"shipping-taxable","13":"purchasable","14":"product-type-simple"},"yoast_head":"<!-- This site is optimized with the Yoast SEO plugin v27.2 - https:\/\/yoast.com\/product\/yoast-seo-wordpress\/ -->\n<title>Allez-Fencing p\u00e1rbajt\u0151r szettvezet\u00e9k | Allez Fencing<\/title>\n<meta name=\"robots\" content=\"index, follow, max-snippet:-1, max-image-preview:large, max-video-preview:-1\" \/>\n<link rel=\"canonical\" href=\"https:\/\/allezfencing.eu\/en\/webshop\/default\/allez-fencing-parbajtor-szettvezetek\/\" \/>\n<meta property=\"og:locale\" content=\"en_GB\" \/>\n<meta property=\"og:type\" content=\"article\" \/>\n<meta property=\"og:title\" content=\"Allez-Fencing p\u00e1rbajt\u0151r szettvezet\u00e9k | Allez Fencing\" \/>\n<meta property=\"og:description\" content=\"Allez-Fencing p\u00e1rbajt\u0151r szettvezet\u00e9k\" \/>\n<meta property=\"og:url\" content=\"https:\/\/allezfencing.eu\/en\/webshop\/default\/allez-fencing-parbajtor-szettvezetek\/\" \/>\n<meta property=\"og:site_name\" content=\"Allez Fencing\" \/>\n<meta property=\"article:publisher\" content=\"https:\/\/www.facebook.com\/panamaetetohajo\" \/>\n<meta property=\"article:modified_time\" content=\"2026-03-08T15:57:27+00:00\" \/>\n<meta property=\"og:image\" content=\"https:\/\/allezfencing.eu\/wp-content\/uploads\/2025\/12\/parbajtor_szettvezetek.jpg\" \/>\n\t<meta property=\"og:image:width\" content=\"640\" \/>\n\t<meta property=\"og:image:height\" content=\"480\" \/>\n\t<meta property=\"og:image:type\" content=\"image\/jpeg\" \/>\n<meta name=\"twitter:card\" content=\"summary_large_image\" \/>\n<meta name=\"twitter:label1\" content=\"Estimated reading time\" \/>\n\t<meta name=\"twitter:data1\" content=\"1 minute\" \/>\n<script type=\"application\/ld+json\" class=\"yoast-schema-graph\">{\"@context\":\"https:\/\/schema.org\",\"@graph\":[{\"@type\":\"WebPage\",\"@id\":\"https:\/\/allezfencing.eu\/webshop\/default\/allez-fencing-parbajtor-szettvezetek\/\",\"url\":\"https:\/\/allezfencing.eu\/webshop\/default\/allez-fencing-parbajtor-szettvezetek\/\",\"name\":\"Allez-Fencing p\u00e1rbajt\u0151r szettvezet\u00e9k | Allez Fencing\",\"isPartOf\":{\"@id\":\"https:\/\/allezfencing.eu\/#website\"},\"primaryImageOfPage\":{\"@id\":\"https:\/\/allezfencing.eu\/webshop\/default\/allez-fencing-parbajtor-szettvezetek\/#primaryimage\"},\"image\":{\"@id\":\"https:\/\/allezfencing.eu\/webshop\/default\/allez-fencing-parbajtor-szettvezetek\/#primaryimage\"},\"thumbnailUrl\":\"https:\/\/allezfencing.eu\/wp-content\/uploads\/2025\/12\/parbajtor_szettvezetek.jpg\",\"datePublished\":\"2025-12-08T17:43:37+00:00\",\"dateModified\":\"2026-03-08T15:57:27+00:00\",\"breadcrumb\":{\"@id\":\"https:\/\/allezfencing.eu\/webshop\/default\/allez-fencing-parbajtor-szettvezetek\/#breadcrumb\"},\"inLanguage\":\"en-GB\",\"potentialAction\":[{\"@type\":\"ReadAction\",\"target\":[\"https:\/\/allezfencing.eu\/webshop\/default\/allez-fencing-parbajtor-szettvezetek\/\"]}]},{\"@type\":\"ImageObject\",\"inLanguage\":\"en-GB\",\"@id\":\"https:\/\/allezfencing.eu\/webshop\/default\/allez-fencing-parbajtor-szettvezetek\/#primaryimage\",\"url\":\"https:\/\/allezfencing.eu\/wp-content\/uploads\/2025\/12\/parbajtor_szettvezetek.jpg\",\"contentUrl\":\"https:\/\/allezfencing.eu\/wp-content\/uploads\/2025\/12\/parbajtor_szettvezetek.jpg\",\"width\":640,\"height\":480},{\"@type\":\"BreadcrumbList\",\"@id\":\"https:\/\/allezfencing.eu\/webshop\/default\/allez-fencing-parbajtor-szettvezetek\/#breadcrumb\",\"itemListElement\":[{\"@type\":\"ListItem\",\"position\":1,\"name\":\"Kezd\u0151lap\",\"item\":\"https:\/\/allezfencing.eu\/\"},{\"@type\":\"ListItem\",\"position\":2,\"name\":\"Webshop\",\"item\":\"https:\/\/allezfencing.eu\/webshop\/\"},{\"@type\":\"ListItem\",\"position\":3,\"name\":\"Allez-Fencing p\u00e1rbajt\u0151r szettvezet\u00e9k\"}]},{\"@type\":\"WebSite\",\"@id\":\"https:\/\/allezfencing.eu\/#website\",\"url\":\"https:\/\/allezfencing.eu\/\",\"name\":\"Allez Fencing\",\"description\":\"Minden ami v\u00edv\u00e1s\",\"publisher\":{\"@id\":\"https:\/\/allezfencing.eu\/#organization\"},\"potentialAction\":[{\"@type\":\"SearchAction\",\"target\":{\"@type\":\"EntryPoint\",\"urlTemplate\":\"https:\/\/allezfencing.eu\/?s={search_term_string}\"},\"query-input\":{\"@type\":\"PropertyValueSpecification\",\"valueRequired\":true,\"valueName\":\"search_term_string\"}}],\"inLanguage\":\"en-GB\"},{\"@type\":\"Organization\",\"@id\":\"https:\/\/allezfencing.eu\/#organization\",\"name\":\"Panama Etet\u0151haj\u00f3k\",\"url\":\"https:\/\/allezfencing.eu\/\",\"logo\":{\"@type\":\"ImageObject\",\"inLanguage\":\"en-GB\",\"@id\":\"https:\/\/allezfencing.eu\/#\/schema\/logo\/image\/\",\"url\":\"https:\/\/allezfencing.eu\/wp-content\/uploads\/2025\/03\/etetohajo.eu-panama-site-icon.webp\",\"contentUrl\":\"https:\/\/allezfencing.eu\/wp-content\/uploads\/2025\/03\/etetohajo.eu-panama-site-icon.webp\",\"width\":512,\"height\":512,\"caption\":\"Panama Etet\u0151haj\u00f3k\"},\"image\":{\"@id\":\"https:\/\/allezfencing.eu\/#\/schema\/logo\/image\/\"},\"sameAs\":[\"https:\/\/www.facebook.com\/panamaetetohajo\"]}]}<\/script>\n<!-- \/ Yoast SEO plugin. -->","yoast_head_json":{"title":"Allez-Fencing p\u00e1rbajt\u0151r szettvezet\u00e9k | Allez Fencing","robots":{"index":"index","follow":"follow","max-snippet":"max-snippet:-1","max-image-preview":"max-image-preview:large","max-video-preview":"max-video-preview:-1"},"canonical":"https:\/\/allezfencing.eu\/en\/webshop\/default\/allez-fencing-parbajtor-szettvezetek\/","og_locale":"en_GB","og_type":"article","og_title":"Allez-Fencing p\u00e1rbajt\u0151r szettvezet\u00e9k | Allez Fencing","og_description":"Allez-Fencing p\u00e1rbajt\u0151r szettvezet\u00e9k","og_url":"https:\/\/allezfencing.eu\/en\/webshop\/default\/allez-fencing-parbajtor-szettvezetek\/","og_site_name":"Allez Fencing","article_publisher":"https:\/\/www.facebook.com\/panamaetetohajo","article_modified_time":"2026-03-08T15:57:27+00:00","og_image":[{"width":640,"height":480,"url":"https:\/\/allezfencing.eu\/wp-content\/uploads\/2025\/12\/parbajtor_szettvezetek.jpg","type":"image\/jpeg"}],"twitter_card":"summary_large_image","twitter_misc":{"Estimated reading time":"1 minute"},"schema":{"@context":"https:\/\/schema.org","@graph":[{"@type":"WebPage","@id":"https:\/\/allezfencing.eu\/webshop\/default\/allez-fencing-parbajtor-szettvezetek\/","url":"https:\/\/allezfencing.eu\/webshop\/default\/allez-fencing-parbajtor-szettvezetek\/","name":"Allez-Fencing p\u00e1rbajt\u0151r szettvezet\u00e9k | Allez Fencing","isPartOf":{"@id":"https:\/\/allezfencing.eu\/#website"},"primaryImageOfPage":{"@id":"https:\/\/allezfencing.eu\/webshop\/default\/allez-fencing-parbajtor-szettvezetek\/#primaryimage"},"image":{"@id":"https:\/\/allezfencing.eu\/webshop\/default\/allez-fencing-parbajtor-szettvezetek\/#primaryimage"},"thumbnailUrl":"https:\/\/allezfencing.eu\/wp-content\/uploads\/2025\/12\/parbajtor_szettvezetek.jpg","datePublished":"2025-12-08T17:43:37+00:00","dateModified":"2026-03-08T15:57:27+00:00","breadcrumb":{"@id":"https:\/\/allezfencing.eu\/webshop\/default\/allez-fencing-parbajtor-szettvezetek\/#breadcrumb"},"inLanguage":"en-GB","potentialAction":[{"@type":"ReadAction","target":["https:\/\/allezfencing.eu\/webshop\/default\/allez-fencing-parbajtor-szettvezetek\/"]}]},{"@type":"ImageObject","inLanguage":"en-GB","@id":"https:\/\/allezfencing.eu\/webshop\/default\/allez-fencing-parbajtor-szettvezetek\/#primaryimage","url":"https:\/\/allezfencing.eu\/wp-content\/uploads\/2025\/12\/parbajtor_szettvezetek.jpg","contentUrl":"https:\/\/allezfencing.eu\/wp-content\/uploads\/2025\/12\/parbajtor_szettvezetek.jpg","width":640,"height":480},{"@type":"BreadcrumbList","@id":"https:\/\/allezfencing.eu\/webshop\/default\/allez-fencing-parbajtor-szettvezetek\/#breadcrumb","itemListElement":[{"@type":"ListItem","position":1,"name":"Kezd\u0151lap","item":"https:\/\/allezfencing.eu\/"},{"@type":"ListItem","position":2,"name":"Webshop","item":"https:\/\/allezfencing.eu\/webshop\/"},{"@type":"ListItem","position":3,"name":"Allez-Fencing p\u00e1rbajt\u0151r szettvezet\u00e9k"}]},{"@type":"WebSite","@id":"https:\/\/allezfencing.eu\/#website","url":"https:\/\/allezfencing.eu\/","name":"Allez Fencing","description":"Minden ami v\u00edv\u00e1s","publisher":{"@id":"https:\/\/allezfencing.eu\/#organization"},"potentialAction":[{"@type":"SearchAction","target":{"@type":"EntryPoint","urlTemplate":"https:\/\/allezfencing.eu\/?s={search_term_string}"},"query-input":{"@type":"PropertyValueSpecification","valueRequired":true,"valueName":"search_term_string"}}],"inLanguage":"en-GB"},{"@type":"Organization","@id":"https:\/\/allezfencing.eu\/#organization","name":"Panama Feeding boats","url":"https:\/\/allezfencing.eu\/","logo":{"@type":"ImageObject","inLanguage":"en-GB","@id":"https:\/\/allezfencing.eu\/#\/schema\/logo\/image\/","url":"https:\/\/allezfencing.eu\/wp-content\/uploads\/2025\/03\/etetohajo.eu-panama-site-icon.webp","contentUrl":"https:\/\/allezfencing.eu\/wp-content\/uploads\/2025\/03\/etetohajo.eu-panama-site-icon.webp","width":512,"height":512,"caption":"Panama Etet\u0151haj\u00f3k"},"image":{"@id":"https:\/\/allezfencing.eu\/#\/schema\/logo\/image\/"},"sameAs":["https:\/\/www.facebook.com\/panamaetetohajo"]}]}},"_links":{"self":[{"href":"https:\/\/allezfencing.eu\/en\/wp-json\/wp\/v2\/product\/15503","targetHints":{"allow":["GET"]}}],"collection":[{"href":"https:\/\/allezfencing.eu\/en\/wp-json\/wp\/v2\/product"}],"about":[{"href":"https:\/\/allezfencing.eu\/en\/wp-json\/wp\/v2\/types\/product"}],"replies":[{"embeddable":true,"href":"https:\/\/allezfencing.eu\/en\/wp-json\/wp\/v2\/comments?post=15503"}],"version-history":[{"count":1,"href":"https:\/\/allezfencing.eu\/en\/wp-json\/wp\/v2\/product\/15503\/revisions"}],"predecessor-version":[{"id":16126,"href":"https:\/\/allezfencing.eu\/en\/wp-json\/wp\/v2\/product\/15503\/revisions\/16126"}],"wp:featuredmedia":[{"embeddable":true,"href":"https:\/\/allezfencing.eu\/en\/wp-json\/wp\/v2\/media\/15504"}],"wp:attachment":[{"href":"https:\/\/allezfencing.eu\/en\/wp-json\/wp\/v2\/media?parent=15503"}],"wp:term":[{"taxonomy":"product_brand","embeddable":true,"href":"https:\/\/allezfencing.eu\/en\/wp-json\/wp\/v2\/product_brand?post=15503"},{"taxonomy":"product_cat","embeddable":true,"href":"https:\/\/allezfencing.eu\/en\/wp-json\/wp\/v2\/product_cat?post=15503"},{"taxonomy":"product_tag","embeddable":true,"href":"https:\/\/allezfencing.eu\/en\/wp-json\/wp\/v2\/product_tag?post=15503"}],"curies":[{"name":"wp","href":"https:\/\/api.w.org\/{rel}","templated":true}]}}