{"id":15520,"date":"2025-12-08T18:44:33","date_gmt":"2025-12-08T17:44:33","guid":{"rendered":"https:\/\/infiniteq.org\/webshop\/nem-kategorizalt\/markolat-kosar-vagy-kosarbetet-csereje-beleertve-a-szetszerelest-es-osszeszerelest\/"},"modified":"2025-12-11T10:18:23","modified_gmt":"2025-12-11T09:18:23","slug":"markolat-kosar-vagy-kosarbetet-csereje-beleertve-a-szetszerelest-es-osszeszerelest","status":"publish","type":"product","link":"https:\/\/allezfencing.eu\/en\/webshop\/fegyverek-es-alkatreszei\/markolat-kosar-vagy-kosarbetet-csereje-beleertve-a-szetszerelest-es-osszeszerelest\/","title":{"rendered":"Markolat, kos\u00e1r vagy kos\u00e1rbet\u00e9t cser\u00e9je, bele\u00e9rtve a sz\u00e9tszerel\u00e9st \u00e9s \u00f6sszeszerel\u00e9st."},"content":{"rendered":"","protected":false},"excerpt":{"rendered":"<p>A d\u00edj munkad\u00edj.\n<\/p>\n<p>Az anyag\u00e1rakat keresd az alkatr\u00e9szek men\u00fcpont alatt!<\/p>","protected":false},"featured_media":14828,"comment_status":"open","ping_status":"open","template":"","meta":[],"product_brand":[],"product_cat":[731,757],"product_tag":[],"class_list":{"0":"post-15520","1":"product","2":"type-product","3":"status-publish","4":"has-post-thumbnail","6":"product_cat-fegyverek-es-alkatreszei","7":"product_cat-szerviz","9":"first","10":"instock","11":"taxable","12":"shipping-taxable","13":"purchasable","14":"product-type-simple"},"yoast_head":"<!-- This site is optimized with the Yoast SEO plugin v27.2 - https:\/\/yoast.com\/product\/yoast-seo-wordpress\/ -->\n<title>Markolat, kos\u00e1r vagy kos\u00e1rbet\u00e9t cser\u00e9je, bele\u00e9rtve a sz\u00e9tszerel\u00e9st \u00e9s \u00f6sszeszerel\u00e9st. | Allez Fencing<\/title>\n<meta name=\"robots\" content=\"index, follow, max-snippet:-1, max-image-preview:large, max-video-preview:-1\" \/>\n<link rel=\"canonical\" href=\"https:\/\/allezfencing.eu\/en\/webshop\/fegyverek-es-alkatreszei\/markolat-kosar-vagy-kosarbetet-csereje-beleertve-a-szetszerelest-es-osszeszerelest\/\" \/>\n<meta property=\"og:locale\" content=\"en_GB\" \/>\n<meta property=\"og:type\" content=\"article\" \/>\n<meta property=\"og:title\" content=\"Markolat, kos\u00e1r vagy kos\u00e1rbet\u00e9t cser\u00e9je, bele\u00e9rtve a sz\u00e9tszerel\u00e9st \u00e9s \u00f6sszeszerel\u00e9st. | Allez Fencing\" \/>\n<meta property=\"og:description\" content=\"A d\u00edj munkad\u00edj. Az anyag\u00e1rakat keresd az alkatr\u00e9szek men\u00fcpont alatt!\" \/>\n<meta property=\"og:url\" content=\"https:\/\/allezfencing.eu\/en\/webshop\/fegyverek-es-alkatreszei\/markolat-kosar-vagy-kosarbetet-csereje-beleertve-a-szetszerelest-es-osszeszerelest\/\" \/>\n<meta property=\"og:site_name\" content=\"Allez Fencing\" \/>\n<meta property=\"article:publisher\" content=\"https:\/\/www.facebook.com\/panamaetetohajo\" \/>\n<meta property=\"article:modified_time\" content=\"2025-12-11T09:18:23+00:00\" \/>\n<meta property=\"og:image\" content=\"https:\/\/allezfencing.eu\/wp-content\/uploads\/2025\/12\/tabla1-scaled-1.jpeg\" \/>\n\t<meta property=\"og:image:width\" content=\"2560\" \/>\n\t<meta property=\"og:image:height\" content=\"1759\" \/>\n\t<meta property=\"og:image:type\" content=\"image\/jpeg\" \/>\n<meta name=\"twitter:card\" content=\"summary_large_image\" \/>\n<script type=\"application\/ld+json\" class=\"yoast-schema-graph\">{\"@context\":\"https:\/\/schema.org\",\"@graph\":[{\"@type\":\"WebPage\",\"@id\":\"https:\/\/allezfencing.eu\/webshop\/fegyverek-es-alkatreszei\/markolat-kosar-vagy-kosarbetet-csereje-beleertve-a-szetszerelest-es-osszeszerelest\/\",\"url\":\"https:\/\/allezfencing.eu\/webshop\/fegyverek-es-alkatreszei\/markolat-kosar-vagy-kosarbetet-csereje-beleertve-a-szetszerelest-es-osszeszerelest\/\",\"name\":\"Markolat, kos\u00e1r vagy kos\u00e1rbet\u00e9t cser\u00e9je, bele\u00e9rtve a sz\u00e9tszerel\u00e9st \u00e9s \u00f6sszeszerel\u00e9st. | Allez Fencing\",\"isPartOf\":{\"@id\":\"https:\/\/allezfencing.eu\/#website\"},\"primaryImageOfPage\":{\"@id\":\"https:\/\/allezfencing.eu\/webshop\/fegyverek-es-alkatreszei\/markolat-kosar-vagy-kosarbetet-csereje-beleertve-a-szetszerelest-es-osszeszerelest\/#primaryimage\"},\"image\":{\"@id\":\"https:\/\/allezfencing.eu\/webshop\/fegyverek-es-alkatreszei\/markolat-kosar-vagy-kosarbetet-csereje-beleertve-a-szetszerelest-es-osszeszerelest\/#primaryimage\"},\"thumbnailUrl\":\"https:\/\/allezfencing.eu\/wp-content\/uploads\/2025\/12\/tabla1-scaled-1.jpeg\",\"datePublished\":\"2025-12-08T17:44:33+00:00\",\"dateModified\":\"2025-12-11T09:18:23+00:00\",\"breadcrumb\":{\"@id\":\"https:\/\/allezfencing.eu\/webshop\/fegyverek-es-alkatreszei\/markolat-kosar-vagy-kosarbetet-csereje-beleertve-a-szetszerelest-es-osszeszerelest\/#breadcrumb\"},\"inLanguage\":\"en-GB\",\"potentialAction\":[{\"@type\":\"ReadAction\",\"target\":[\"https:\/\/allezfencing.eu\/webshop\/fegyverek-es-alkatreszei\/markolat-kosar-vagy-kosarbetet-csereje-beleertve-a-szetszerelest-es-osszeszerelest\/\"]}]},{\"@type\":\"ImageObject\",\"inLanguage\":\"en-GB\",\"@id\":\"https:\/\/allezfencing.eu\/webshop\/fegyverek-es-alkatreszei\/markolat-kosar-vagy-kosarbetet-csereje-beleertve-a-szetszerelest-es-osszeszerelest\/#primaryimage\",\"url\":\"https:\/\/allezfencing.eu\/wp-content\/uploads\/2025\/12\/tabla1-scaled-1.jpeg\",\"contentUrl\":\"https:\/\/allezfencing.eu\/wp-content\/uploads\/2025\/12\/tabla1-scaled-1.jpeg\",\"width\":2560,\"height\":1759},{\"@type\":\"BreadcrumbList\",\"@id\":\"https:\/\/allezfencing.eu\/webshop\/fegyverek-es-alkatreszei\/markolat-kosar-vagy-kosarbetet-csereje-beleertve-a-szetszerelest-es-osszeszerelest\/#breadcrumb\",\"itemListElement\":[{\"@type\":\"ListItem\",\"position\":1,\"name\":\"Kezd\u0151lap\",\"item\":\"https:\/\/allezfencing.eu\/\"},{\"@type\":\"ListItem\",\"position\":2,\"name\":\"Webshop\",\"item\":\"https:\/\/allezfencing.eu\/webshop\/\"},{\"@type\":\"ListItem\",\"position\":3,\"name\":\"FEGYVEREK \u00c9S ALKATR\u00c9SZEI\",\"item\":\"https:\/\/allezfencing.eu\/termekkategoria\/fegyverek-es-alkatreszei\/\"},{\"@type\":\"ListItem\",\"position\":4,\"name\":\"Markolat, kos\u00e1r vagy kos\u00e1rbet\u00e9t cser\u00e9je, bele\u00e9rtve a sz\u00e9tszerel\u00e9st \u00e9s \u00f6sszeszerel\u00e9st.\"}]},{\"@type\":\"WebSite\",\"@id\":\"https:\/\/allezfencing.eu\/#website\",\"url\":\"https:\/\/allezfencing.eu\/\",\"name\":\"Allez Fencing\",\"description\":\"Minden ami v\u00edv\u00e1s\",\"publisher\":{\"@id\":\"https:\/\/allezfencing.eu\/#organization\"},\"potentialAction\":[{\"@type\":\"SearchAction\",\"target\":{\"@type\":\"EntryPoint\",\"urlTemplate\":\"https:\/\/allezfencing.eu\/?s={search_term_string}\"},\"query-input\":{\"@type\":\"PropertyValueSpecification\",\"valueRequired\":true,\"valueName\":\"search_term_string\"}}],\"inLanguage\":\"en-GB\"},{\"@type\":\"Organization\",\"@id\":\"https:\/\/allezfencing.eu\/#organization\",\"name\":\"Panama Etet\u0151haj\u00f3k\",\"url\":\"https:\/\/allezfencing.eu\/\",\"logo\":{\"@type\":\"ImageObject\",\"inLanguage\":\"en-GB\",\"@id\":\"https:\/\/allezfencing.eu\/#\/schema\/logo\/image\/\",\"url\":\"https:\/\/allezfencing.eu\/wp-content\/uploads\/2025\/03\/etetohajo.eu-panama-site-icon.webp\",\"contentUrl\":\"https:\/\/allezfencing.eu\/wp-content\/uploads\/2025\/03\/etetohajo.eu-panama-site-icon.webp\",\"width\":512,\"height\":512,\"caption\":\"Panama Etet\u0151haj\u00f3k\"},\"image\":{\"@id\":\"https:\/\/allezfencing.eu\/#\/schema\/logo\/image\/\"},\"sameAs\":[\"https:\/\/www.facebook.com\/panamaetetohajo\"]}]}<\/script>\n<!-- \/ Yoast SEO plugin. -->","yoast_head_json":{"title":"Markolat, kos\u00e1r vagy kos\u00e1rbet\u00e9t cser\u00e9je, bele\u00e9rtve a sz\u00e9tszerel\u00e9st \u00e9s \u00f6sszeszerel\u00e9st. | Allez Fencing","robots":{"index":"index","follow":"follow","max-snippet":"max-snippet:-1","max-image-preview":"max-image-preview:large","max-video-preview":"max-video-preview:-1"},"canonical":"https:\/\/allezfencing.eu\/en\/webshop\/fegyverek-es-alkatreszei\/markolat-kosar-vagy-kosarbetet-csereje-beleertve-a-szetszerelest-es-osszeszerelest\/","og_locale":"en_GB","og_type":"article","og_title":"Markolat, kos\u00e1r vagy kos\u00e1rbet\u00e9t cser\u00e9je, bele\u00e9rtve a sz\u00e9tszerel\u00e9st \u00e9s \u00f6sszeszerel\u00e9st. | Allez Fencing","og_description":"A d\u00edj munkad\u00edj. Az anyag\u00e1rakat keresd az alkatr\u00e9szek men\u00fcpont alatt!","og_url":"https:\/\/allezfencing.eu\/en\/webshop\/fegyverek-es-alkatreszei\/markolat-kosar-vagy-kosarbetet-csereje-beleertve-a-szetszerelest-es-osszeszerelest\/","og_site_name":"Allez Fencing","article_publisher":"https:\/\/www.facebook.com\/panamaetetohajo","article_modified_time":"2025-12-11T09:18:23+00:00","og_image":[{"width":2560,"height":1759,"url":"https:\/\/allezfencing.eu\/wp-content\/uploads\/2025\/12\/tabla1-scaled-1.jpeg","type":"image\/jpeg"}],"twitter_card":"summary_large_image","schema":{"@context":"https:\/\/schema.org","@graph":[{"@type":"WebPage","@id":"https:\/\/allezfencing.eu\/webshop\/fegyverek-es-alkatreszei\/markolat-kosar-vagy-kosarbetet-csereje-beleertve-a-szetszerelest-es-osszeszerelest\/","url":"https:\/\/allezfencing.eu\/webshop\/fegyverek-es-alkatreszei\/markolat-kosar-vagy-kosarbetet-csereje-beleertve-a-szetszerelest-es-osszeszerelest\/","name":"Markolat, kos\u00e1r vagy kos\u00e1rbet\u00e9t cser\u00e9je, bele\u00e9rtve a sz\u00e9tszerel\u00e9st \u00e9s \u00f6sszeszerel\u00e9st. | Allez Fencing","isPartOf":{"@id":"https:\/\/allezfencing.eu\/#website"},"primaryImageOfPage":{"@id":"https:\/\/allezfencing.eu\/webshop\/fegyverek-es-alkatreszei\/markolat-kosar-vagy-kosarbetet-csereje-beleertve-a-szetszerelest-es-osszeszerelest\/#primaryimage"},"image":{"@id":"https:\/\/allezfencing.eu\/webshop\/fegyverek-es-alkatreszei\/markolat-kosar-vagy-kosarbetet-csereje-beleertve-a-szetszerelest-es-osszeszerelest\/#primaryimage"},"thumbnailUrl":"https:\/\/allezfencing.eu\/wp-content\/uploads\/2025\/12\/tabla1-scaled-1.jpeg","datePublished":"2025-12-08T17:44:33+00:00","dateModified":"2025-12-11T09:18:23+00:00","breadcrumb":{"@id":"https:\/\/allezfencing.eu\/webshop\/fegyverek-es-alkatreszei\/markolat-kosar-vagy-kosarbetet-csereje-beleertve-a-szetszerelest-es-osszeszerelest\/#breadcrumb"},"inLanguage":"en-GB","potentialAction":[{"@type":"ReadAction","target":["https:\/\/allezfencing.eu\/webshop\/fegyverek-es-alkatreszei\/markolat-kosar-vagy-kosarbetet-csereje-beleertve-a-szetszerelest-es-osszeszerelest\/"]}]},{"@type":"ImageObject","inLanguage":"en-GB","@id":"https:\/\/allezfencing.eu\/webshop\/fegyverek-es-alkatreszei\/markolat-kosar-vagy-kosarbetet-csereje-beleertve-a-szetszerelest-es-osszeszerelest\/#primaryimage","url":"https:\/\/allezfencing.eu\/wp-content\/uploads\/2025\/12\/tabla1-scaled-1.jpeg","contentUrl":"https:\/\/allezfencing.eu\/wp-content\/uploads\/2025\/12\/tabla1-scaled-1.jpeg","width":2560,"height":1759},{"@type":"BreadcrumbList","@id":"https:\/\/allezfencing.eu\/webshop\/fegyverek-es-alkatreszei\/markolat-kosar-vagy-kosarbetet-csereje-beleertve-a-szetszerelest-es-osszeszerelest\/#breadcrumb","itemListElement":[{"@type":"ListItem","position":1,"name":"Kezd\u0151lap","item":"https:\/\/allezfencing.eu\/"},{"@type":"ListItem","position":2,"name":"Webshop","item":"https:\/\/allezfencing.eu\/webshop\/"},{"@type":"ListItem","position":3,"name":"FEGYVEREK \u00c9S ALKATR\u00c9SZEI","item":"https:\/\/allezfencing.eu\/termekkategoria\/fegyverek-es-alkatreszei\/"},{"@type":"ListItem","position":4,"name":"Markolat, kos\u00e1r vagy kos\u00e1rbet\u00e9t cser\u00e9je, bele\u00e9rtve a sz\u00e9tszerel\u00e9st \u00e9s \u00f6sszeszerel\u00e9st."}]},{"@type":"WebSite","@id":"https:\/\/allezfencing.eu\/#website","url":"https:\/\/allezfencing.eu\/","name":"Allez Fencing","description":"Minden ami v\u00edv\u00e1s","publisher":{"@id":"https:\/\/allezfencing.eu\/#organization"},"potentialAction":[{"@type":"SearchAction","target":{"@type":"EntryPoint","urlTemplate":"https:\/\/allezfencing.eu\/?s={search_term_string}"},"query-input":{"@type":"PropertyValueSpecification","valueRequired":true,"valueName":"search_term_string"}}],"inLanguage":"en-GB"},{"@type":"Organization","@id":"https:\/\/allezfencing.eu\/#organization","name":"Panama Feeding boats","url":"https:\/\/allezfencing.eu\/","logo":{"@type":"ImageObject","inLanguage":"en-GB","@id":"https:\/\/allezfencing.eu\/#\/schema\/logo\/image\/","url":"https:\/\/allezfencing.eu\/wp-content\/uploads\/2025\/03\/etetohajo.eu-panama-site-icon.webp","contentUrl":"https:\/\/allezfencing.eu\/wp-content\/uploads\/2025\/03\/etetohajo.eu-panama-site-icon.webp","width":512,"height":512,"caption":"Panama Etet\u0151haj\u00f3k"},"image":{"@id":"https:\/\/allezfencing.eu\/#\/schema\/logo\/image\/"},"sameAs":["https:\/\/www.facebook.com\/panamaetetohajo"]}]}},"_links":{"self":[{"href":"https:\/\/allezfencing.eu\/en\/wp-json\/wp\/v2\/product\/15520","targetHints":{"allow":["GET"]}}],"collection":[{"href":"https:\/\/allezfencing.eu\/en\/wp-json\/wp\/v2\/product"}],"about":[{"href":"https:\/\/allezfencing.eu\/en\/wp-json\/wp\/v2\/types\/product"}],"replies":[{"embeddable":true,"href":"https:\/\/allezfencing.eu\/en\/wp-json\/wp\/v2\/comments?post=15520"}],"version-history":[{"count":1,"href":"https:\/\/allezfencing.eu\/en\/wp-json\/wp\/v2\/product\/15520\/revisions"}],"predecessor-version":[{"id":16186,"href":"https:\/\/allezfencing.eu\/en\/wp-json\/wp\/v2\/product\/15520\/revisions\/16186"}],"wp:featuredmedia":[{"embeddable":true,"href":"https:\/\/allezfencing.eu\/en\/wp-json\/wp\/v2\/media\/14828"}],"wp:attachment":[{"href":"https:\/\/allezfencing.eu\/en\/wp-json\/wp\/v2\/media?parent=15520"}],"wp:term":[{"taxonomy":"product_brand","embeddable":true,"href":"https:\/\/allezfencing.eu\/en\/wp-json\/wp\/v2\/product_brand?post=15520"},{"taxonomy":"product_cat","embeddable":true,"href":"https:\/\/allezfencing.eu\/en\/wp-json\/wp\/v2\/product_cat?post=15520"},{"taxonomy":"product_tag","embeddable":true,"href":"https:\/\/allezfencing.eu\/en\/wp-json\/wp\/v2\/product_tag?post=15520"}],"curies":[{"name":"wp","href":"https:\/\/api.w.org\/{rel}","templated":true}]}}