{"id":15545,"date":"2025-12-08T18:46:31","date_gmt":"2025-12-08T17:46:31","guid":{"rendered":"https:\/\/infiniteq.org\/webshop\/nem-kategorizalt\/favero-fa-05-full-arm-05-full-csomag\/"},"modified":"2025-12-11T09:28:31","modified_gmt":"2025-12-11T08:28:31","slug":"favero-fa-05-full-arm-05-full-csomag","status":"publish","type":"product","link":"https:\/\/allezfencing.eu\/en\/webshop\/pastok-es-eredmenyjelzok\/favero-fa-05-full-arm-05-full-csomag\/","title":{"rendered":"Favero FA-05 (FULL-ARM-05) full csomag"},"content":{"rendered":"<ul>\n<li>F.I.E. J\u00f3v\u00e1hagyott.<\/li>\n<li>3 fegyver ellen\u0151rz\u00e9se. K\u00e9zi vagy automatikus \u00fajrafogad\u00e1s.\n<ul>\n<li>K\u00e9t program kiv\u00e1laszt\u00e1sa a kardhoz<\/li>\n<li>Az ep\u00e9e\u00a0tan\u00edt\u00e1shoz hasznos program kiv\u00e1laszt\u00e1sa, amely a tal\u00e1latokat gyors egym\u00e1s ut\u00e1n jelzi.<\/li>\n<li>A speci\u00e1lis vez\u00e9rl\u00e9s megakad\u00e1lyozza a kardban \u00e9s t\u0151rben bek\u00f6vetkez\u0151 bosszant\u00f3 folyamatos zajt, amikor a v\u00edv\u00f3k nincsenek csatlakoztatva.<\/li>\n<\/ul>\n<\/li>\n<li>A FULL-ARM-05 program k\u00f6nnyen friss\u00edthet\u0151 egyetlen elektronikus alkatr\u00e9sz cser\u00e9j\u00e9vel.<\/li>\n<li>Eredm\u00e9nyek: A sz\u00e1mjegyek magass\u00e1ga 7 cm, olvashat\u00f3 25-30 m t\u00e1vols\u00e1gig.<\/li>\n<li>Kronom\u00e9ter: A sz\u00e1mjegyek magass\u00e1ga 5,2 cm, olvashat\u00f3, ak\u00e1r 15-20 m\u00e9ter t\u00e1vols\u00e1gra. Start\/le\u00e1ll\u00edt\u00e1s, 1 perc sz\u00fcnet, bet\u00f6lt\u00e9si id\u0151. A percek \u00e9s a m\u00e1sodpercek k\u00f6z\u00f6tt a k\u00e9t megvil\u00e1g\u00edtott pont sz\u00edne egy\u00e9rtelm\u0171en, \u00e9s azonnal jelzi a kronom\u00e9ter \u00e1llapot\u00e1t. Z\u00f6ld = sz\u00e1mol\u00e1s; Piros = le\u00e1llt.<\/li>\n<li>M\u00e9rk\u0151z\u00e9sek. Jelz\u00e9s a v\u00edv\u00f3 priorit\u00e1s\u00e1hoz, k\u00e9zi \u00e9s v\u00e9letlenszer\u0171 kiv\u00e1laszt\u00e1ssal. Jelz\u00e9s a b\u00fcntet\u0151k\u00e1rty\u00e1kra. A piros k\u00e1rtya automatikusan n\u00f6veli az ellenf\u00e9l pontsz\u00e1m\u00e1t.<\/li>\n<li>Membr\u00e1n billenty\u0171zet: er\u0151s \u00e9s megb\u00edzhat\u00f3 (kulcsonk\u00e9nt 5 milli\u00f3 \u00e9rintkez\u0151).<\/li>\n<li>A hangmennyis\u00e9g h\u00e1rom szintre \u00e1ll\u00edthat\u00f3. A k\u00fcl\u00f6nf\u00e9le esem\u00e9nyeket k\u00fcl\u00f6nb\u00f6z\u0151 hangjelek jelzik: tal\u00e1lat, id\u0151 v\u00e9ge, rendelleness\u00e9gek.<\/li>\n<li>A k\u00e9sz\u00fcl\u00e9k k\u00e9t adat-vonal\u00fa aljzatot haszn\u00e1l a l\u00e1mpaism\u00e9tl\u0151k \u00f6sszekapcsol\u00e1s\u00e1ra. Az adat-vonal\u00fa aljzatok egy olcs\u00f3 kieg\u00e9sz\u00edt\u0151 csatlakoz\u00f3val k\u00f6nnyen n\u00e9gyre n\u00f6velhet\u0151k. A nagyobb biztons\u00e1g \u00e9rdek\u00e9ben az adat-vonal\u00fa aljzatok elektromosan szigetelnek az optocuplerek haszn\u00e1lat\u00e1val.<\/li>\n<li>Az ism\u00e9tl\u0151kh\u00f6z csatlakoz\u00f3 k\u00e1belek, amelyek \u00e1ltal\u00e1ban az ut\u00f3bbiakkal vannak ell\u00e1tva, rendszeres telefonk\u00e1belek, amelyek sz\u00fcks\u00e9g eset\u00e9n k\u00f6nnyen meghosszabb\u00edthat\u00f3k 100 m -re.<\/li>\n<li>Az \u00f6sszes vizu\u00e1lis kijelz\u0151 a FULL-ARM-05-\u00f6s, bele\u00e9rtve a l\u00e1mp\u00e1kat jelz\u0151 tal\u00e1latokat (egy piros, egy z\u00f6ld \u00e9s k\u00e9t feh\u00e9r l\u00e1mp\u00e1t), nagy hat\u00e9konys\u00e1g\u00fa LED-ekb\u0151l \u00e1ll (\u00e1tlagos \u00e9lettartam: 100 000 \u00f3ra). Ez\u00e9rt kik\u00fcsz\u00f6b\u00f6lik a r\u00f6vid \u00e9lettartammal \u00e9s a norm\u00e1l filamentumok cser\u00e9j\u00e9vel kapcsolatos probl\u00e9m\u00e1kat.<\/li>\n<li>T\u00e1pell\u00e1t\u00e1s: 12 VAC vagy 12VDC. A felhaszn\u00e1lt elektromos teljes\u00edtm\u00e9ny minim\u00e1lis, a nagy hat\u00e9konys\u00e1g\u00fa LED-ek kiz\u00e1r\u00f3lagos haszn\u00e1lat\u00e1nak k\u00f6sz\u00f6nhet\u0151en. A felhaszn\u00e1lt maxim\u00e1lis teljes teljes\u00edtm\u00e9ny, k\u00e9t sz\u00ednes l\u00e1mp\u00e1val csak 4 watt. A FULL-ARM-05-\u00f6t egy kicsi, \u00fajrat\u00f6lthet\u0151 \u00f3lom-sav-akkumul\u00e1tor is sz\u00e1ll\u00edthatjuk, 6-7AH. Ebben az esetben kb. 30 \u00f3r\u00e1n \u00e1t tart, miel\u0151tt \u00fajrat\u00f6lt\u00e9st ig\u00e9nyelne. Az akkumul\u00e1tort \u00e9s az akkumul\u00e1tort\u00f6lt\u0151t is sz\u00e1ll\u00edtani tudjuk.<\/li>\n<li>Alacsony akkumul\u00e1tor -jelz\u00e9s.<\/li>\n<li>Az \u00fct\u00e9s\u00e1ll\u00f3 m\u0171anyagb\u00f3l k\u00e9sz\u00fclt tok (az els\u0151 r\u00e9sz polikarbon\u00e1tb\u00f3l\u00a0van), v\u00e9d m\u00e9g a fegyverekkel val\u00f3 v\u00e9letlen \u00fct\u00e9sekkel szemben is.<\/li>\n<li>M\u00e9retek: Sz\u00e9less\u00e9g 56 cm, magass\u00e1g 23,5 cm, m\u00e9lys\u00e9g 8,5 cm.<\/li>\n<li>K\u00e9t\u00e9ves garancia.<\/li>\n<\/ul>\n<p>\n\tT\u00e1vir\u00e1ny\u00edt\u00f3-A FULL-ARM-05-el egy\u00fctt sz\u00e1ll\u00edtva tartoz\u00e9kk\u00e9nt.\n<\/p>\n<ul>\n<li>Vez\u00e9rli a kronom\u00e9tert, a tal\u00e1latszerz\u0151t, a\u00a0tov\u00e1bbl\u00e9ptet\u00e9st, a meccseket, a b\u00fcntet\u00e9si k\u00e1rty\u00e1kat \u00e9s a priorit\u00e1st.<\/li>\n<li>Maxim\u00e1lis tartom\u00e1ny: nagyobb, mint 20 m, ha k\u00f6zvetlen\u00fcl a FULL-ARM-05 el\u0151tt helyezkedik el.<\/li>\n<li>Innovat\u00edv \u00e1tviteli rendszer: Minden t\u00e1vvez\u00e9rl\u0151nek egyedi, nem m\u00e1solhat\u00f3 \u00e9s el\u00e9rhetetlen \u00e1tviteli k\u00f3dja van. A megfelel\u0151 gomb egyszer\u0171 megnyom\u00e1s\u00e1val minden FULL-ARM-05-\u00f6t be lehet programozni a t\u00e1vir\u00e1ny\u00edt\u00f3 felismer\u00e9s\u00e9re, de egyszerre csak egy t\u00e1vvez\u00e9rl\u0151 haszn\u00e1lhat\u00f3.<\/li>\n<\/ul>\n<p><u><em>Ez a szolg\u00e1ltat\u00e1s sz\u00e1mos el\u0151nyt jelent:<\/em><\/u>\n<\/p>\n<p>1. B\u00e1rmely berendez\u00e9s b\u00e1rmilyen t\u00e1vir\u00e1ny\u00edt\u00f3t kaphat \u00e9s felismerhet egyszer\u0171en k\u00e9t kulcs lenyom\u00e1sa r\u00e9v\u00e9n, az egyik a k\u00e9sz\u00fcl\u00e9ken \u00e9s egy a t\u00e1vir\u00e1ny\u00edt\u00f3n<br \/>\n\t2. K\u00e9t t\u00e1vir\u00e1ny\u00edt\u00f3 soha nem k\u00e9pes ugyanazt a k\u00e9sz\u00fcl\u00e9ket m\u0171k\u00f6dtetni, \u00edgy minden lehets\u00e9ges tiltott interferencia megsz\u00fcnteti;<br \/>\n\t3. Nem sz\u00fcks\u00e9ges ugyanazt a k\u00f3dot be\u00e1ll\u00edtani a t\u00e1vir\u00e1ny\u00edt\u00f3n \u00e9s a teljes kar-05-re, \u00e9s nem kell ellen\u0151rizni, hogy ez a k\u00f3d k\u00fcl\u00f6nb\u00f6zik-e a t\u00f6bbit\u0151l; \u00e9s;<br \/>\n\t4. Az ugyanabban a ker\u00edt\u00e9s ar\u00e9n\u00e1ban nem korl\u00e1tozott a k\u00e9sz\u00fcl\u00e9kek sz\u00e1ma.\n<\/p>\n<ul>\n<li>A t\u00e1vir\u00e1ny\u00edt\u00f3 helyes m\u0171k\u00f6d\u00e9s\u00e9t egy piros f\u00e9ny mutatja, m\u00edg a helyes v\u00e9telt a FULL-ARM-05-\u00f6s s\u00e1rga f\u00e9nye jelzi.<\/li>\n<li>A t\u00e1vir\u00e1ny\u00edt\u00f3 infrav\u00f6r\u00f6s sugarak haszn\u00e1lat\u00e1val m\u0171k\u00f6dik. Az infrav\u00f6r\u00f6s sug\u00e1r\u00e1tvitel el\u0151nye, hogy a k\u00fcls\u0151 t\u00e9nyez\u0151k nem befoly\u00e1solj\u00e1k, mivel a r\u00e1di\u00f3n kereszt\u00fcli sebess\u00e9gv\u00e1lt\u00f3val el\u0151fordulhat, amelynek m\u0171veleteit k\u00f6nnyen megzavarhatja ugyanazon a frekvenci\u00e1n m\u0171k\u00f6d\u0151 ad\u00f3k, m\u00e9g akkor is, ha nagy t\u00e1vols\u00e1gra helyezkednek el.<\/li>\n<li>T\u00e1vir\u00e1ny\u00edt\u00f3 t\u00e1pegys\u00e9g: A t\u00e1vir\u00e1ny\u00edt\u00f3t egy 9 voltos l\u00fagos akkumul\u00e1tor biztos\u00edtja. K\u00f6r\u00fclbel\u00fcl 150 000 parancsot tov\u00e1bb\u00edt.<\/li>\n<li>Er\u0151s alum\u00ednium burkolat kompakt m\u00e9retben: 11 x 4,8 x 1,2 cm. S\u00faly: 170 g.<\/li>\n<li>Er\u0151s membr\u00e1n billenty\u0171zet.<\/li>\n<\/ul>","protected":false},"excerpt":{"rendered":"<p><font color=\"#800000\"><span style=\"font-size: 22px;\"><b>Favero FA-05 (FULL-ARM-05) full csomag<\/b><\/span><\/font>\n<\/p>\n<p><span style=\"font-size:18px;\"><span style=\"color:#0000CD;\"><span style=\"font-family:trebuchet ms,helvetica,sans-serif;\">Az FA-05 eredm\u00e9nyjelz\u0151, t\u00e1vir\u00e1ny\u00edt\u00f3val, t\u00e1pegys\u00e9ggel, asztali \u00e1llv\u00e1nnyal \u00e9s hordt\u00e1sk\u00e1val<\/span><\/span><\/span><\/p>","protected":false},"featured_media":15546,"comment_status":"open","ping_status":"open","template":"","meta":[],"product_brand":[317],"product_cat":[773],"product_tag":[],"class_list":{"0":"post-15545","1":"product","2":"type-product","3":"status-publish","4":"has-post-thumbnail","6":"product_brand-allez-fencing","7":"product_cat-pastok-es-eredmenyjelzok","9":"first","10":"instock","11":"taxable","12":"shipping-taxable","13":"purchasable","14":"product-type-simple"},"yoast_head":"<!-- This site is optimized with the Yoast SEO plugin v27.2 - https:\/\/yoast.com\/product\/yoast-seo-wordpress\/ -->\n<title>Favero FA-05 (FULL-ARM-05) full csomag | Allez Fencing<\/title>\n<meta name=\"robots\" content=\"index, follow, max-snippet:-1, max-image-preview:large, max-video-preview:-1\" \/>\n<link rel=\"canonical\" href=\"https:\/\/allezfencing.eu\/en\/webshop\/default\/favero-fa-05-full-arm-05-full-csomag\/\" \/>\n<meta property=\"og:locale\" content=\"en_GB\" \/>\n<meta property=\"og:type\" content=\"article\" \/>\n<meta property=\"og:title\" content=\"Favero FA-05 (FULL-ARM-05) full csomag | Allez Fencing\" \/>\n<meta property=\"og:description\" content=\"Favero FA-05 (FULL-ARM-05) full csomag Az FA-05 eredm\u00e9nyjelz\u0151, t\u00e1vir\u00e1ny\u00edt\u00f3val, t\u00e1pegys\u00e9ggel, asztali \u00e1llv\u00e1nnyal \u00e9s hordt\u00e1sk\u00e1val\" \/>\n<meta property=\"og:url\" content=\"https:\/\/allezfencing.eu\/en\/webshop\/default\/favero-fa-05-full-arm-05-full-csomag\/\" \/>\n<meta property=\"og:site_name\" content=\"Allez Fencing\" \/>\n<meta property=\"article:publisher\" content=\"https:\/\/www.facebook.com\/panamaetetohajo\" \/>\n<meta property=\"article:modified_time\" content=\"2025-12-11T08:28:31+00:00\" \/>\n<meta property=\"og:image\" content=\"https:\/\/allezfencing.eu\/wp-content\/uploads\/2025\/12\/fa-05_remote_power_stand_case.jpg\" \/>\n\t<meta property=\"og:image:width\" content=\"1456\" \/>\n\t<meta property=\"og:image:height\" content=\"946\" \/>\n\t<meta property=\"og:image:type\" content=\"image\/jpeg\" \/>\n<meta name=\"twitter:card\" content=\"summary_large_image\" \/>\n<meta name=\"twitter:label1\" content=\"Estimated reading time\" \/>\n\t<meta name=\"twitter:data1\" content=\"5 minutes\" \/>\n<script type=\"application\/ld+json\" class=\"yoast-schema-graph\">{\"@context\":\"https:\/\/schema.org\",\"@graph\":[{\"@type\":\"WebPage\",\"@id\":\"https:\/\/allezfencing.eu\/webshop\/default\/favero-fa-05-full-arm-05-full-csomag\/\",\"url\":\"https:\/\/allezfencing.eu\/webshop\/default\/favero-fa-05-full-arm-05-full-csomag\/\",\"name\":\"Favero FA-05 (FULL-ARM-05) full csomag | Allez Fencing\",\"isPartOf\":{\"@id\":\"https:\/\/allezfencing.eu\/#website\"},\"primaryImageOfPage\":{\"@id\":\"https:\/\/allezfencing.eu\/webshop\/default\/favero-fa-05-full-arm-05-full-csomag\/#primaryimage\"},\"image\":{\"@id\":\"https:\/\/allezfencing.eu\/webshop\/default\/favero-fa-05-full-arm-05-full-csomag\/#primaryimage\"},\"thumbnailUrl\":\"https:\/\/allezfencing.eu\/wp-content\/uploads\/2025\/12\/fa-05_remote_power_stand_case.jpg\",\"datePublished\":\"2025-12-08T17:46:31+00:00\",\"dateModified\":\"2025-12-11T08:28:31+00:00\",\"breadcrumb\":{\"@id\":\"https:\/\/allezfencing.eu\/webshop\/default\/favero-fa-05-full-arm-05-full-csomag\/#breadcrumb\"},\"inLanguage\":\"en-GB\",\"potentialAction\":[{\"@type\":\"ReadAction\",\"target\":[\"https:\/\/allezfencing.eu\/webshop\/default\/favero-fa-05-full-arm-05-full-csomag\/\"]}]},{\"@type\":\"ImageObject\",\"inLanguage\":\"en-GB\",\"@id\":\"https:\/\/allezfencing.eu\/webshop\/default\/favero-fa-05-full-arm-05-full-csomag\/#primaryimage\",\"url\":\"https:\/\/allezfencing.eu\/wp-content\/uploads\/2025\/12\/fa-05_remote_power_stand_case.jpg\",\"contentUrl\":\"https:\/\/allezfencing.eu\/wp-content\/uploads\/2025\/12\/fa-05_remote_power_stand_case.jpg\",\"width\":1456,\"height\":946},{\"@type\":\"BreadcrumbList\",\"@id\":\"https:\/\/allezfencing.eu\/webshop\/default\/favero-fa-05-full-arm-05-full-csomag\/#breadcrumb\",\"itemListElement\":[{\"@type\":\"ListItem\",\"position\":1,\"name\":\"Kezd\u0151lap\",\"item\":\"https:\/\/allezfencing.eu\/\"},{\"@type\":\"ListItem\",\"position\":2,\"name\":\"Webshop\",\"item\":\"https:\/\/allezfencing.eu\/webshop\/\"},{\"@type\":\"ListItem\",\"position\":3,\"name\":\"Favero FA-05 (FULL-ARM-05) full csomag\"}]},{\"@type\":\"WebSite\",\"@id\":\"https:\/\/allezfencing.eu\/#website\",\"url\":\"https:\/\/allezfencing.eu\/\",\"name\":\"Allez Fencing\",\"description\":\"Minden ami v\u00edv\u00e1s\",\"publisher\":{\"@id\":\"https:\/\/allezfencing.eu\/#organization\"},\"potentialAction\":[{\"@type\":\"SearchAction\",\"target\":{\"@type\":\"EntryPoint\",\"urlTemplate\":\"https:\/\/allezfencing.eu\/?s={search_term_string}\"},\"query-input\":{\"@type\":\"PropertyValueSpecification\",\"valueRequired\":true,\"valueName\":\"search_term_string\"}}],\"inLanguage\":\"en-GB\"},{\"@type\":\"Organization\",\"@id\":\"https:\/\/allezfencing.eu\/#organization\",\"name\":\"Panama Etet\u0151haj\u00f3k\",\"url\":\"https:\/\/allezfencing.eu\/\",\"logo\":{\"@type\":\"ImageObject\",\"inLanguage\":\"en-GB\",\"@id\":\"https:\/\/allezfencing.eu\/#\/schema\/logo\/image\/\",\"url\":\"https:\/\/allezfencing.eu\/wp-content\/uploads\/2025\/03\/etetohajo.eu-panama-site-icon.webp\",\"contentUrl\":\"https:\/\/allezfencing.eu\/wp-content\/uploads\/2025\/03\/etetohajo.eu-panama-site-icon.webp\",\"width\":512,\"height\":512,\"caption\":\"Panama Etet\u0151haj\u00f3k\"},\"image\":{\"@id\":\"https:\/\/allezfencing.eu\/#\/schema\/logo\/image\/\"},\"sameAs\":[\"https:\/\/www.facebook.com\/panamaetetohajo\"]}]}<\/script>\n<!-- \/ Yoast SEO plugin. -->","yoast_head_json":{"title":"Favero FA-05 (FULL-ARM-05) full csomag | Allez Fencing","robots":{"index":"index","follow":"follow","max-snippet":"max-snippet:-1","max-image-preview":"max-image-preview:large","max-video-preview":"max-video-preview:-1"},"canonical":"https:\/\/allezfencing.eu\/en\/webshop\/default\/favero-fa-05-full-arm-05-full-csomag\/","og_locale":"en_GB","og_type":"article","og_title":"Favero FA-05 (FULL-ARM-05) full csomag | Allez Fencing","og_description":"Favero FA-05 (FULL-ARM-05) full csomag Az FA-05 eredm\u00e9nyjelz\u0151, t\u00e1vir\u00e1ny\u00edt\u00f3val, t\u00e1pegys\u00e9ggel, asztali \u00e1llv\u00e1nnyal \u00e9s hordt\u00e1sk\u00e1val","og_url":"https:\/\/allezfencing.eu\/en\/webshop\/default\/favero-fa-05-full-arm-05-full-csomag\/","og_site_name":"Allez Fencing","article_publisher":"https:\/\/www.facebook.com\/panamaetetohajo","article_modified_time":"2025-12-11T08:28:31+00:00","og_image":[{"width":1456,"height":946,"url":"https:\/\/allezfencing.eu\/wp-content\/uploads\/2025\/12\/fa-05_remote_power_stand_case.jpg","type":"image\/jpeg"}],"twitter_card":"summary_large_image","twitter_misc":{"Estimated reading time":"5 minutes"},"schema":{"@context":"https:\/\/schema.org","@graph":[{"@type":"WebPage","@id":"https:\/\/allezfencing.eu\/webshop\/default\/favero-fa-05-full-arm-05-full-csomag\/","url":"https:\/\/allezfencing.eu\/webshop\/default\/favero-fa-05-full-arm-05-full-csomag\/","name":"Favero FA-05 (FULL-ARM-05) full csomag | Allez Fencing","isPartOf":{"@id":"https:\/\/allezfencing.eu\/#website"},"primaryImageOfPage":{"@id":"https:\/\/allezfencing.eu\/webshop\/default\/favero-fa-05-full-arm-05-full-csomag\/#primaryimage"},"image":{"@id":"https:\/\/allezfencing.eu\/webshop\/default\/favero-fa-05-full-arm-05-full-csomag\/#primaryimage"},"thumbnailUrl":"https:\/\/allezfencing.eu\/wp-content\/uploads\/2025\/12\/fa-05_remote_power_stand_case.jpg","datePublished":"2025-12-08T17:46:31+00:00","dateModified":"2025-12-11T08:28:31+00:00","breadcrumb":{"@id":"https:\/\/allezfencing.eu\/webshop\/default\/favero-fa-05-full-arm-05-full-csomag\/#breadcrumb"},"inLanguage":"en-GB","potentialAction":[{"@type":"ReadAction","target":["https:\/\/allezfencing.eu\/webshop\/default\/favero-fa-05-full-arm-05-full-csomag\/"]}]},{"@type":"ImageObject","inLanguage":"en-GB","@id":"https:\/\/allezfencing.eu\/webshop\/default\/favero-fa-05-full-arm-05-full-csomag\/#primaryimage","url":"https:\/\/allezfencing.eu\/wp-content\/uploads\/2025\/12\/fa-05_remote_power_stand_case.jpg","contentUrl":"https:\/\/allezfencing.eu\/wp-content\/uploads\/2025\/12\/fa-05_remote_power_stand_case.jpg","width":1456,"height":946},{"@type":"BreadcrumbList","@id":"https:\/\/allezfencing.eu\/webshop\/default\/favero-fa-05-full-arm-05-full-csomag\/#breadcrumb","itemListElement":[{"@type":"ListItem","position":1,"name":"Kezd\u0151lap","item":"https:\/\/allezfencing.eu\/"},{"@type":"ListItem","position":2,"name":"Webshop","item":"https:\/\/allezfencing.eu\/webshop\/"},{"@type":"ListItem","position":3,"name":"Favero FA-05 (FULL-ARM-05) full csomag"}]},{"@type":"WebSite","@id":"https:\/\/allezfencing.eu\/#website","url":"https:\/\/allezfencing.eu\/","name":"Allez Fencing","description":"Minden ami v\u00edv\u00e1s","publisher":{"@id":"https:\/\/allezfencing.eu\/#organization"},"potentialAction":[{"@type":"SearchAction","target":{"@type":"EntryPoint","urlTemplate":"https:\/\/allezfencing.eu\/?s={search_term_string}"},"query-input":{"@type":"PropertyValueSpecification","valueRequired":true,"valueName":"search_term_string"}}],"inLanguage":"en-GB"},{"@type":"Organization","@id":"https:\/\/allezfencing.eu\/#organization","name":"Panama Feeding boats","url":"https:\/\/allezfencing.eu\/","logo":{"@type":"ImageObject","inLanguage":"en-GB","@id":"https:\/\/allezfencing.eu\/#\/schema\/logo\/image\/","url":"https:\/\/allezfencing.eu\/wp-content\/uploads\/2025\/03\/etetohajo.eu-panama-site-icon.webp","contentUrl":"https:\/\/allezfencing.eu\/wp-content\/uploads\/2025\/03\/etetohajo.eu-panama-site-icon.webp","width":512,"height":512,"caption":"Panama Etet\u0151haj\u00f3k"},"image":{"@id":"https:\/\/allezfencing.eu\/#\/schema\/logo\/image\/"},"sameAs":["https:\/\/www.facebook.com\/panamaetetohajo"]}]}},"_links":{"self":[{"href":"https:\/\/allezfencing.eu\/en\/wp-json\/wp\/v2\/product\/15545","targetHints":{"allow":["GET"]}}],"collection":[{"href":"https:\/\/allezfencing.eu\/en\/wp-json\/wp\/v2\/product"}],"about":[{"href":"https:\/\/allezfencing.eu\/en\/wp-json\/wp\/v2\/types\/product"}],"replies":[{"embeddable":true,"href":"https:\/\/allezfencing.eu\/en\/wp-json\/wp\/v2\/comments?post=15545"}],"version-history":[{"count":0,"href":"https:\/\/allezfencing.eu\/en\/wp-json\/wp\/v2\/product\/15545\/revisions"}],"wp:featuredmedia":[{"embeddable":true,"href":"https:\/\/allezfencing.eu\/en\/wp-json\/wp\/v2\/media\/15546"}],"wp:attachment":[{"href":"https:\/\/allezfencing.eu\/en\/wp-json\/wp\/v2\/media?parent=15545"}],"wp:term":[{"taxonomy":"product_brand","embeddable":true,"href":"https:\/\/allezfencing.eu\/en\/wp-json\/wp\/v2\/product_brand?post=15545"},{"taxonomy":"product_cat","embeddable":true,"href":"https:\/\/allezfencing.eu\/en\/wp-json\/wp\/v2\/product_cat?post=15545"},{"taxonomy":"product_tag","embeddable":true,"href":"https:\/\/allezfencing.eu\/en\/wp-json\/wp\/v2\/product_tag?post=15545"}],"curies":[{"name":"wp","href":"https:\/\/api.w.org\/{rel}","templated":true}]}}