{"id":15549,"date":"2025-12-08T18:46:31","date_gmt":"2025-12-08T17:46:31","guid":{"rendered":"https:\/\/infiniteq.org\/webshop\/nem-kategorizalt\/favero-fa-07-full-csomag\/"},"modified":"2025-12-11T09:28:31","modified_gmt":"2025-12-11T08:28:31","slug":"favero-fa-07-full-csomag","status":"publish","type":"product","link":"https:\/\/allezfencing.eu\/en\/webshop\/pastok-es-eredmenyjelzok\/favero-fa-07-full-csomag\/","title":{"rendered":"Favero FA-07 full csomag"},"content":{"rendered":"<p>K\u00e9sz\u00fcl\u00e9k 3 fegyverhez, F.I.E. j\u00f3v\u00e1hagyott, magas szint\u0171 versenyekre is alkalmas.\n<\/p>\n<p>\u2022 Nagyon kedvez\u0151 \u00e1r, \u00edgy minden v\u00edv\u00f3klub sz\u00e1m\u00e1ra alkalmas. Most mindenki felszerelheti\u00a0klubj\u00e1t, \u00e9s haszn\u00e1lhatja ezt a csod\u00e1latos jelz\u0151berendez\u00e9st!\n<\/p>\n<p>\u2022 Az inform\u00e1ci\u00f3k vizu\u00e1lisan k\u00fcl\u00f6nb\u00f6z\u0151 sz\u00ednekben jelennek meg a tiszt\u00e1bb olvas\u00e1s \u00e9s a jobb vizu\u00e1lis hat\u00e1s \u00e9rdek\u00e9ben. B\u00e1r nagy sz\u00e1mjegyeket haszn\u00e1lnak, az FA-07 tov\u00e1bbra is k\u00f6zepes m\u00e9ret\u0171 (55&#215;35 cm), \u00edgy k\u00f6nnyen sz\u00e1ll\u00edthat\u00f3 a mell\u00e9kelt hordt\u00e1sk\u00e1ban.\n<\/p>\n<p>\u2022 Eredm\u00e9nyjelz\u0151: a sz\u00e1mjegyek magass\u00e1ga 13 cm, olvashat\u00f3 55 m\u00e9ter felett.<br \/>\n\t\u2022 Kronom\u00e9ter \u00e9s m\u00e9rk\u0151z\u00e9ssz\u00e1ml\u00e1l\u00f3: a sz\u00e1mjegyek magass\u00e1ga 9 cm, olvashat\u00f3 35 m\u00e9ter felett.<br \/>\n\t\u2022 Piros, z\u00f6ld \u00e9s feh\u00e9r f\u00e9nyek jelzik a tal\u00e1latokat: er\u0151sen vil\u00e1g\u00edtanak, 180\u00b0-ban olvashat\u00f3k, ahogy a l\u00e1mp\u00e1k kiny\u00falnak az el\u0151lapb\u00f3l.<br \/>\n\t\u2022 Piros \u00e9s s\u00e1rga lapok, els\u0151bbs\u00e9g \u00e9s hib\u00e1kat jelz\u0151 f\u00e9nyek: 25 m felett l\u00e1that\u00f3.\n<\/p>\n<p>\u2022 A h\u00e1tt\u00e9rvil\u00e1g\u00edt\u00e1s\u00fa grafikus kijelz\u0151 egyidej\u0171leg megjelen\u00edti az \u00f6sszes inform\u00e1ci\u00f3t: a kiv\u00e1lasztott fegyvert, a v\u00edv\u00f3k nev\u00e9t \u00e9s nemzetis\u00e9g\u00e9t (ha a versenyt on-line \u00fczemeltetik), t\u00e1pfesz\u00fclts\u00e9get, hanger\u0151t stb. Az inform\u00e1ci\u00f3 5 nyelven jelenik meg. .\n<\/p>\n<p>\u2022 Nagy hat\u00e9konys\u00e1g\u00fa LED-ek haszn\u00e1lata, amelyek nagym\u00e9rt\u00e9kben cs\u00f6kkentik az energiafogyaszt\u00e1st (tipikusan 0,5 A), megk\u00f6nny\u00edtve a k\u00e9sz\u00fcl\u00e9k akkumul\u00e1toros m\u0171k\u00f6dtet\u00e9s\u00e9t; a katal\u00f3gusban szerepl\u0151 akkumul\u00e1tor, lehet\u0151v\u00e9 teszi az FA-07 megszak\u00edt\u00e1s n\u00e9lk\u00fcli haszn\u00e1lat\u00e1t 10-12 \u00f3r\u00e1n kereszt\u00fcl, m\u00edg egy 70Ah-s aut\u00f3akkumul\u00e1tor 120 \u00f3r\u00e1t b\u00edr.\n<\/p>\n<p>\u2022 Er\u0151s infrav\u00f6r\u00f6s T\u00c1VIR\u00c1NY\u00cdT\u00d3, amely k\u00e1belen is csatlakoztathat\u00f3, ig\u00e9ny szerint magas szint\u0171 versenyeken: az infrav\u00f6r\u00f6s sugarak 20 m\u00e9ter feletti t\u00e1vols\u00e1gban hat\u00e1sosak; A l\u00edtium-ion akkumul\u00e1tor a mell\u00e9kelt k\u00e1bellel \u00fajrat\u00f6lthet\u0151. A t\u00f6lt\u00e9s k\u00f6r\u00fclbel\u00fcl 300 verseny\u00f3r\u00e1t b\u00edr ki. Hasznos indik\u00e1torok: alacsony akkumul\u00e1tor jelz\u00e9s, akkumul\u00e1tor t\u00f6lt\u00e9si jelz\u00e9s, sebess\u00e9gv\u00e1lt\u00f3 kulcs. T\u00e1vir\u00e1ny\u00edt\u00f3s funkci\u00f3k: kronom\u00e9ter, tal\u00e1latok, meccsek, piros-s\u00e1rga lapok, els\u0151bbs\u00e9g, fegyvercsere, v\u00edv\u00f3k poz\u00edci\u00f3v\u00e1lt\u00e1sa, on-line meccsek kezel\u00e9se, stb.\n<\/p>\n<p>\u2022 ETHERNET port. Az FA-07 az els\u0151 ker\u00edt\u00e9sberendez\u00e9s, amely Ethernet port csatlakoz\u00e1ssal rendelkezik. K\u00e9t rendk\u00edv\u00fcl hasznos funkci\u00f3val rendelkezik:<br \/>\n\t1) LAN kapcsolat, amely lehet\u0151v\u00e9 teszi a versenyek egyszer\u0171 kezel\u00e9s\u00e9t (l\u00e1sd az &#8222;FA-07 Felhaszn\u00e1l\u00f3i k\u00e9zik\u00f6nyv&#8221; PDF dokumentum 6. fejezet\u00e9t);<br \/>\n\t2) az FA-07 szoftver sz\u00e1m\u00edt\u00f3g\u00e9pen kereszt\u00fcli friss\u00edt\u00e9s\u00e9nek lehet\u0151s\u00e9ge, amely a szab\u00e1lyok v\u00e1ltoz\u00e1sa miatt megtakar\u00edtja a komponensek fogad\u00e1s\u00e1t \u00e9s behelyez\u00e9s\u00e9t a k\u00e9sz\u00fcl\u00e9kbe.\n<\/p>\n<p>\u2022 K\u00e9t Rs422 port az \u00f6sszes FA-07 adat elk\u00fcld\u00e9s\u00e9hez k\u00fcls\u0151 adatgy\u0171jt\u0151, vizualiz\u00e1ci\u00f3s \u00e9s vide\u00f3-refereeing rendszerekbe, valamint a TV-superimpoz\u00edci\u00f3khoz. H\u00e1rom &#8222;soros adat&#8221; port a t\u00f6bbi FA-07-tel \u00e9s m\u00e1s Favero Electronic Design eszk\u00f6z\u00f6kkel val\u00f3 kommunik\u00e1ci\u00f3hoz. Mind az 5 port opto-szigetelt, hogy megv\u00e9dje a v\u00edv\u00f3kat a vesz\u00e9lyes nagyfesz\u00fclts\u00e9gekt\u0151l.\n<\/p>\n<p>\u2022 REPEATER funkci\u00f3. T\u00f6bb FA-07 is csatlakoztathat\u00f3 kaszk\u00e1d konfigur\u00e1ci\u00f3ban: az els\u0151 p\u00e1lyaberendez\u00e9sk\u00e9nt, a t\u00f6bbi pedig ism\u00e9tl\u0151k\u00e9nt m\u0171k\u00f6dik. A csatlakoz\u00e1sokat hagyom\u00e1nyos, k\u00f6nnyen el\u00e9rhet\u0151 \u00e9s kivitelezhet\u0151, 4 eres telefonk\u00e1belekkel lehet kialak\u00edtani, melyek hossza ak\u00e1r 100 m is lehet. A megadott 15 m \u00e9s 2,5 m hossz\u00faak. Lehet\u0151s\u00e9g van az FA-07 jelism\u00e9tl\u0151n kijelzett inform\u00e1ci\u00f3 megford\u00edt\u00e1s\u00e1ra is, \u00edgy k\u00e9t FA-07 k\u00e9sz\u00fcl\u00e9k egym\u00e1s mell\u00e9 helyez\u00e9sekor 360\u00b0-os vizualiz\u00e1ci\u00f3 \u00e9rhet\u0151 el, minden inform\u00e1ci\u00f3 \u00e9s f\u00e9ny ugyanazon az oldalon.\n<\/p>\n<p>\u2022 \u00c1tl\u00e1tsz\u00f3 \u00fct\u00e9s\u00e1ll\u00f3 el\u00fcls\u0151 r\u00e9sz \u00e9s er\u0151s f\u00e9m h\u00e1z.<br \/>\n\t\u2022 V\u00e9dett a t\u00e1pfesz\u00fclts\u00e9g hib\u00e1i ellen (ha t\u00fal magas, az FA-07 nem kapcsol be).<br \/>\n\t\u2022 A hanger\u0151 null\u00e1t\u00f3l (ki) 3-ig (max.) \u00e1ll\u00edthat\u00f3.<br \/>\n\t\u2022 K\u00fcl\u00f6nb\u00f6z\u0151 hangok k\u00fcl\u00f6nb\u00f6ztetik meg a tal\u00e1latok hangj\u00e1t a kronom\u00e9ter v\u00e9g\u00e9t \u00e9s a hib\u00e1kat jelz\u0151 hangokt\u00f3l.<br \/>\n\t\u2022 A v\u00edv\u00f3k poz\u00edci\u00f3j\u00e1nak megv\u00e1ltoztat\u00e1sa.<br \/>\n\t\u2022 M\u0171k\u00f6dhet \u00c9p\u00e9e-Training m\u00f3dban, hogy jelezze a tal\u00e1latok gyors egym\u00e1sut\u00e1nj\u00e1t.<br \/>\n\t\u2022 Lehet\u0151s\u00e9g az \u00e9p\u00e9e tal\u00e1latok automatikus sz\u00e1ml\u00e1l\u00e1s\u00e1nak enged\u00e9lyez\u00e9s\u00e9re.<br \/>\n\t\u2022 10 perces sz\u00fcnet gomb b\u00e1rmilyen orvosi beavatkoz\u00e1s kezel\u00e9s\u00e9hez.<br \/>\n\t\u2022 Az &#8222;STM-Wireless&#8221; rendszer automatikus felismer\u00e9se, amely a megfelel\u0151 csatlakoz\u00f3n kereszt\u00fcl csatlakoztathat\u00f3.<br \/>\n\t\u2022 El\u0151re megtervezve a Towers Lights r\u00f6gz\u00edt\u00e9s\u00e9re \u00e9s csatlakoztat\u00e1s\u00e1ra (nem tartoz\u00e9k).\n<\/p>\n<p>\u2022 KIEG\u00c9SZ\u00cdTETT TARTOZ\u00c9KOK: 90-264V\/12Vdc t\u00e1pegys\u00e9g, t\u00e1vir\u00e1ny\u00edt\u00f3, hordt\u00e1ska, 15m \u00e9s 2,5m k\u00e1belek az \u00e1tj\u00e1tsz\u00f3khoz, 10m \u00e9s 1,3m a t\u00e1vir\u00e1ny\u00edt\u00f3hoz val\u00f3 csatlakoztat\u00e1shoz \u00e9s a t\u00e1vir\u00e1ny\u00edt\u00f3 akkumul\u00e1tor\u00e1nak t\u00f6lt\u00e9s\u00e9hez.\n<\/p>\n<p>\u2022 M\u00e9ret \u00e9s s\u00faly: 55x35cm, 8,1kg (hordt\u00e1ska, t\u00e1pegys\u00e9g, t\u00e1vir\u00e1ny\u00edt\u00f3 \u00e9s k\u00e1belek mell\u00e9kelve).\n<\/p>\n<p>\u2022 T\u00e1pell\u00e1t\u00e1s: 12Vdc (10.6-14.5Vdc), jellemz\u0151en 0.5A, maximum 2.3A toronyl\u00e1mp\u00e1k csatlakoztat\u00e1s\u00e1val \u00e9s bekapcsol\u00e1s\u00e1val. 90-264V\/12V t\u00e1pegys\u00e9g mell\u00e9kelve.<\/p>","protected":false},"excerpt":{"rendered":"<p><font color=\"#800000\"><span style=\"font-size: 22px;\"><b>Favero FA-07 full csomag<\/b><\/span><\/font>\n<\/p>\n<p><span style=\"font-size:18px;\"><span style=\"color:#0000CD;\"><span style=\"font-family:trebuchet ms,helvetica,sans-serif;\">Az FA-07\u00a0eredm\u00e9nyjelz\u0151, t\u00e1vir\u00e1ny\u00edt\u00f3val, t\u00e1pegys\u00e9ggel \u00e9s hordt\u00e1sk\u00e1val<\/span><\/span><\/span><\/p>","protected":false},"featured_media":15550,"comment_status":"open","ping_status":"open","template":"","meta":[],"product_brand":[317],"product_cat":[773],"product_tag":[],"class_list":{"0":"post-15549","1":"product","2":"type-product","3":"status-publish","4":"has-post-thumbnail","6":"product_brand-allez-fencing","7":"product_cat-pastok-es-eredmenyjelzok","9":"first","10":"instock","11":"taxable","12":"shipping-taxable","13":"purchasable","14":"product-type-simple"},"yoast_head":"<!-- This site is optimized with the Yoast SEO plugin v27.2 - https:\/\/yoast.com\/product\/yoast-seo-wordpress\/ -->\n<title>Favero FA-07 full csomag | Allez Fencing<\/title>\n<meta name=\"robots\" content=\"index, follow, max-snippet:-1, max-image-preview:large, max-video-preview:-1\" \/>\n<link rel=\"canonical\" href=\"https:\/\/allezfencing.eu\/en\/webshop\/default\/favero-fa-07-full-csomag\/\" \/>\n<meta property=\"og:locale\" content=\"en_GB\" \/>\n<meta property=\"og:type\" content=\"article\" \/>\n<meta property=\"og:title\" content=\"Favero FA-07 full csomag | Allez Fencing\" \/>\n<meta property=\"og:description\" content=\"Favero FA-07 full csomag Az FA-07\u00a0eredm\u00e9nyjelz\u0151, t\u00e1vir\u00e1ny\u00edt\u00f3val, t\u00e1pegys\u00e9ggel \u00e9s hordt\u00e1sk\u00e1val\" \/>\n<meta property=\"og:url\" content=\"https:\/\/allezfencing.eu\/en\/webshop\/default\/favero-fa-07-full-csomag\/\" \/>\n<meta property=\"og:site_name\" content=\"Allez Fencing\" \/>\n<meta property=\"article:publisher\" content=\"https:\/\/www.facebook.com\/panamaetetohajo\" \/>\n<meta property=\"article:modified_time\" content=\"2025-12-11T08:28:31+00:00\" \/>\n<meta property=\"og:image\" content=\"https:\/\/allezfencing.eu\/wp-content\/uploads\/2025\/12\/apparatus-1.jpg\" \/>\n\t<meta property=\"og:image:width\" content=\"800\" \/>\n\t<meta property=\"og:image:height\" content=\"543\" \/>\n\t<meta property=\"og:image:type\" content=\"image\/jpeg\" \/>\n<meta name=\"twitter:card\" content=\"summary_large_image\" \/>\n<meta name=\"twitter:label1\" content=\"Estimated reading time\" \/>\n\t<meta name=\"twitter:data1\" content=\"5 minutes\" \/>\n<script type=\"application\/ld+json\" class=\"yoast-schema-graph\">{\"@context\":\"https:\/\/schema.org\",\"@graph\":[{\"@type\":\"WebPage\",\"@id\":\"https:\/\/allezfencing.eu\/webshop\/default\/favero-fa-07-full-csomag\/\",\"url\":\"https:\/\/allezfencing.eu\/webshop\/default\/favero-fa-07-full-csomag\/\",\"name\":\"Favero FA-07 full csomag | Allez Fencing\",\"isPartOf\":{\"@id\":\"https:\/\/allezfencing.eu\/#website\"},\"primaryImageOfPage\":{\"@id\":\"https:\/\/allezfencing.eu\/webshop\/default\/favero-fa-07-full-csomag\/#primaryimage\"},\"image\":{\"@id\":\"https:\/\/allezfencing.eu\/webshop\/default\/favero-fa-07-full-csomag\/#primaryimage\"},\"thumbnailUrl\":\"https:\/\/allezfencing.eu\/wp-content\/uploads\/2025\/12\/apparatus-1.jpg\",\"datePublished\":\"2025-12-08T17:46:31+00:00\",\"dateModified\":\"2025-12-11T08:28:31+00:00\",\"breadcrumb\":{\"@id\":\"https:\/\/allezfencing.eu\/webshop\/default\/favero-fa-07-full-csomag\/#breadcrumb\"},\"inLanguage\":\"en-GB\",\"potentialAction\":[{\"@type\":\"ReadAction\",\"target\":[\"https:\/\/allezfencing.eu\/webshop\/default\/favero-fa-07-full-csomag\/\"]}]},{\"@type\":\"ImageObject\",\"inLanguage\":\"en-GB\",\"@id\":\"https:\/\/allezfencing.eu\/webshop\/default\/favero-fa-07-full-csomag\/#primaryimage\",\"url\":\"https:\/\/allezfencing.eu\/wp-content\/uploads\/2025\/12\/apparatus-1.jpg\",\"contentUrl\":\"https:\/\/allezfencing.eu\/wp-content\/uploads\/2025\/12\/apparatus-1.jpg\",\"width\":800,\"height\":543},{\"@type\":\"BreadcrumbList\",\"@id\":\"https:\/\/allezfencing.eu\/webshop\/default\/favero-fa-07-full-csomag\/#breadcrumb\",\"itemListElement\":[{\"@type\":\"ListItem\",\"position\":1,\"name\":\"Kezd\u0151lap\",\"item\":\"https:\/\/allezfencing.eu\/\"},{\"@type\":\"ListItem\",\"position\":2,\"name\":\"Webshop\",\"item\":\"https:\/\/allezfencing.eu\/webshop\/\"},{\"@type\":\"ListItem\",\"position\":3,\"name\":\"Favero FA-07 full csomag\"}]},{\"@type\":\"WebSite\",\"@id\":\"https:\/\/allezfencing.eu\/#website\",\"url\":\"https:\/\/allezfencing.eu\/\",\"name\":\"Allez Fencing\",\"description\":\"Minden ami v\u00edv\u00e1s\",\"publisher\":{\"@id\":\"https:\/\/allezfencing.eu\/#organization\"},\"potentialAction\":[{\"@type\":\"SearchAction\",\"target\":{\"@type\":\"EntryPoint\",\"urlTemplate\":\"https:\/\/allezfencing.eu\/?s={search_term_string}\"},\"query-input\":{\"@type\":\"PropertyValueSpecification\",\"valueRequired\":true,\"valueName\":\"search_term_string\"}}],\"inLanguage\":\"en-GB\"},{\"@type\":\"Organization\",\"@id\":\"https:\/\/allezfencing.eu\/#organization\",\"name\":\"Panama Etet\u0151haj\u00f3k\",\"url\":\"https:\/\/allezfencing.eu\/\",\"logo\":{\"@type\":\"ImageObject\",\"inLanguage\":\"en-GB\",\"@id\":\"https:\/\/allezfencing.eu\/#\/schema\/logo\/image\/\",\"url\":\"https:\/\/allezfencing.eu\/wp-content\/uploads\/2025\/03\/etetohajo.eu-panama-site-icon.webp\",\"contentUrl\":\"https:\/\/allezfencing.eu\/wp-content\/uploads\/2025\/03\/etetohajo.eu-panama-site-icon.webp\",\"width\":512,\"height\":512,\"caption\":\"Panama Etet\u0151haj\u00f3k\"},\"image\":{\"@id\":\"https:\/\/allezfencing.eu\/#\/schema\/logo\/image\/\"},\"sameAs\":[\"https:\/\/www.facebook.com\/panamaetetohajo\"]}]}<\/script>\n<!-- \/ Yoast SEO plugin. -->","yoast_head_json":{"title":"Favero FA-07 full csomag | Allez Fencing","robots":{"index":"index","follow":"follow","max-snippet":"max-snippet:-1","max-image-preview":"max-image-preview:large","max-video-preview":"max-video-preview:-1"},"canonical":"https:\/\/allezfencing.eu\/en\/webshop\/default\/favero-fa-07-full-csomag\/","og_locale":"en_GB","og_type":"article","og_title":"Favero FA-07 full csomag | Allez Fencing","og_description":"Favero FA-07 full csomag Az FA-07\u00a0eredm\u00e9nyjelz\u0151, t\u00e1vir\u00e1ny\u00edt\u00f3val, t\u00e1pegys\u00e9ggel \u00e9s hordt\u00e1sk\u00e1val","og_url":"https:\/\/allezfencing.eu\/en\/webshop\/default\/favero-fa-07-full-csomag\/","og_site_name":"Allez Fencing","article_publisher":"https:\/\/www.facebook.com\/panamaetetohajo","article_modified_time":"2025-12-11T08:28:31+00:00","og_image":[{"width":800,"height":543,"url":"https:\/\/allezfencing.eu\/wp-content\/uploads\/2025\/12\/apparatus-1.jpg","type":"image\/jpeg"}],"twitter_card":"summary_large_image","twitter_misc":{"Estimated reading time":"5 minutes"},"schema":{"@context":"https:\/\/schema.org","@graph":[{"@type":"WebPage","@id":"https:\/\/allezfencing.eu\/webshop\/default\/favero-fa-07-full-csomag\/","url":"https:\/\/allezfencing.eu\/webshop\/default\/favero-fa-07-full-csomag\/","name":"Favero FA-07 full csomag | Allez Fencing","isPartOf":{"@id":"https:\/\/allezfencing.eu\/#website"},"primaryImageOfPage":{"@id":"https:\/\/allezfencing.eu\/webshop\/default\/favero-fa-07-full-csomag\/#primaryimage"},"image":{"@id":"https:\/\/allezfencing.eu\/webshop\/default\/favero-fa-07-full-csomag\/#primaryimage"},"thumbnailUrl":"https:\/\/allezfencing.eu\/wp-content\/uploads\/2025\/12\/apparatus-1.jpg","datePublished":"2025-12-08T17:46:31+00:00","dateModified":"2025-12-11T08:28:31+00:00","breadcrumb":{"@id":"https:\/\/allezfencing.eu\/webshop\/default\/favero-fa-07-full-csomag\/#breadcrumb"},"inLanguage":"en-GB","potentialAction":[{"@type":"ReadAction","target":["https:\/\/allezfencing.eu\/webshop\/default\/favero-fa-07-full-csomag\/"]}]},{"@type":"ImageObject","inLanguage":"en-GB","@id":"https:\/\/allezfencing.eu\/webshop\/default\/favero-fa-07-full-csomag\/#primaryimage","url":"https:\/\/allezfencing.eu\/wp-content\/uploads\/2025\/12\/apparatus-1.jpg","contentUrl":"https:\/\/allezfencing.eu\/wp-content\/uploads\/2025\/12\/apparatus-1.jpg","width":800,"height":543},{"@type":"BreadcrumbList","@id":"https:\/\/allezfencing.eu\/webshop\/default\/favero-fa-07-full-csomag\/#breadcrumb","itemListElement":[{"@type":"ListItem","position":1,"name":"Kezd\u0151lap","item":"https:\/\/allezfencing.eu\/"},{"@type":"ListItem","position":2,"name":"Webshop","item":"https:\/\/allezfencing.eu\/webshop\/"},{"@type":"ListItem","position":3,"name":"Favero FA-07 full csomag"}]},{"@type":"WebSite","@id":"https:\/\/allezfencing.eu\/#website","url":"https:\/\/allezfencing.eu\/","name":"Allez Fencing","description":"Minden ami v\u00edv\u00e1s","publisher":{"@id":"https:\/\/allezfencing.eu\/#organization"},"potentialAction":[{"@type":"SearchAction","target":{"@type":"EntryPoint","urlTemplate":"https:\/\/allezfencing.eu\/?s={search_term_string}"},"query-input":{"@type":"PropertyValueSpecification","valueRequired":true,"valueName":"search_term_string"}}],"inLanguage":"en-GB"},{"@type":"Organization","@id":"https:\/\/allezfencing.eu\/#organization","name":"Panama Feeding boats","url":"https:\/\/allezfencing.eu\/","logo":{"@type":"ImageObject","inLanguage":"en-GB","@id":"https:\/\/allezfencing.eu\/#\/schema\/logo\/image\/","url":"https:\/\/allezfencing.eu\/wp-content\/uploads\/2025\/03\/etetohajo.eu-panama-site-icon.webp","contentUrl":"https:\/\/allezfencing.eu\/wp-content\/uploads\/2025\/03\/etetohajo.eu-panama-site-icon.webp","width":512,"height":512,"caption":"Panama Etet\u0151haj\u00f3k"},"image":{"@id":"https:\/\/allezfencing.eu\/#\/schema\/logo\/image\/"},"sameAs":["https:\/\/www.facebook.com\/panamaetetohajo"]}]}},"_links":{"self":[{"href":"https:\/\/allezfencing.eu\/en\/wp-json\/wp\/v2\/product\/15549","targetHints":{"allow":["GET"]}}],"collection":[{"href":"https:\/\/allezfencing.eu\/en\/wp-json\/wp\/v2\/product"}],"about":[{"href":"https:\/\/allezfencing.eu\/en\/wp-json\/wp\/v2\/types\/product"}],"replies":[{"embeddable":true,"href":"https:\/\/allezfencing.eu\/en\/wp-json\/wp\/v2\/comments?post=15549"}],"version-history":[{"count":0,"href":"https:\/\/allezfencing.eu\/en\/wp-json\/wp\/v2\/product\/15549\/revisions"}],"wp:featuredmedia":[{"embeddable":true,"href":"https:\/\/allezfencing.eu\/en\/wp-json\/wp\/v2\/media\/15550"}],"wp:attachment":[{"href":"https:\/\/allezfencing.eu\/en\/wp-json\/wp\/v2\/media?parent=15549"}],"wp:term":[{"taxonomy":"product_brand","embeddable":true,"href":"https:\/\/allezfencing.eu\/en\/wp-json\/wp\/v2\/product_brand?post=15549"},{"taxonomy":"product_cat","embeddable":true,"href":"https:\/\/allezfencing.eu\/en\/wp-json\/wp\/v2\/product_cat?post=15549"},{"taxonomy":"product_tag","embeddable":true,"href":"https:\/\/allezfencing.eu\/en\/wp-json\/wp\/v2\/product_tag?post=15549"}],"curies":[{"name":"wp","href":"https:\/\/api.w.org\/{rel}","templated":true}]}}