{"id":15581,"date":"2025-12-08T18:47:27","date_gmt":"2025-12-08T17:47:27","guid":{"rendered":"https:\/\/infiniteq.org\/webshop\/nem-kategorizalt\/ok-fencing-tor-fejved-fix-belessel-nemzeti-szinu-festessel\/"},"modified":"2026-04-03T16:21:41","modified_gmt":"2026-04-03T14:21:41","slug":"ok-fencing-tor-fejved-fix-belessel-nemzeti-szinu-festessel","status":"publish","type":"product","link":"https:\/\/allezfencing.eu\/en\/webshop\/fejvedek\/tor-fejvedek\/ok-fencing-tor-fejved-fix-belessel-nemzeti-szinu-festessel\/","title":{"rendered":"OK-Fencing T\u0151r Fejv\u00e9d fix b\u00e9l\u00e9ssel, nemzeti sz\u00edn\u0171 fest\u00e9ssel"},"content":{"rendered":"<p data-start=\"224\" data-end=\"279\">OK-Fencing T\u0151r Fejv\u00e9d \u2013 Fix b\u00e9l\u00e9s, nemzeti sz\u00edn\u0171 design<\/p>\n<p data-start=\"281\" data-end=\"293\">Term\u00e9kle\u00edr\u00e1s<\/p>\n<p data-start=\"295\" data-end=\"513\">Az OK-Fencing t\u0151r fejv\u00e9d fix b\u00e9l\u00e9ssel \u00e9s nemzeti sz\u00edn\u0171 fest\u00e9ssel ide\u00e1lis v\u00e1laszt\u00e1s azok sz\u00e1m\u00e1ra, akik a megb\u00edzhat\u00f3 v\u00e9delem mellett egyedi megjelen\u00e9st is szeretn\u00e9nek. A kialak\u00edt\u00e1s stabil \u00e9s k\u00e9nyelmes viseletet biztos\u00edt.<\/p>\n<p data-start=\"515\" data-end=\"612\">A fix b\u00e9l\u00e9s egyszer\u0171 \u00e9s strapab\u00edr\u00f3 megold\u00e1s, m\u00edg a k\u00fcl\u00f6nleges fest\u00e9s kiemeli a fejv\u00e9det a p\u00e1ston.<\/p>\n<p data-start=\"614\" data-end=\"675\">Ez a modell k\u00fcl\u00f6n\u00f6sen aj\u00e1nlott edz\u00e9sekhez \u00e9s klubhaszn\u00e1latra.<\/p>\n<p data-start=\"677\" data-end=\"691\">Main features<\/p>\n<p data-start=\"693\" data-end=\"867\">\u2714 T\u0151rv\u00edv\u00e1shoz optimaliz\u00e1lt kialak\u00edt\u00e1s<br data-start=\"730\" data-end=\"733\" \/>\u2714 Fix b\u00e9l\u00e9s<br data-start=\"744\" data-end=\"747\" \/>\u2714 Nemzeti sz\u00edn\u0171 design<br data-start=\"769\" data-end=\"772\" \/>\u2714 Tart\u00f3s ac\u00e9l r\u00e1csszerkezet<br data-start=\"799\" data-end=\"802\" \/>\u2714 Stabil illeszked\u00e9s<br data-start=\"822\" data-end=\"825\" \/>\u2714 K\u00e9nyelmes viselet<br data-start=\"844\" data-end=\"847\" \/>\u2714 Ide\u00e1lis edz\u00e9shez<\/p>\n<p data-start=\"869\" data-end=\"903\">Mi\u00e9rt v\u00e1laszd ezt a v\u00edv\u00f3 fejv\u00e9det?<\/p>\n<p data-start=\"905\" data-end=\"1022\">\ud83c\udded\ud83c\uddfa Egyedi megjelen\u00e9s<br data-start=\"927\" data-end=\"930\" \/>\ud83d\udee1 Megb\u00edzhat\u00f3 v\u00e9delem<br data-start=\"951\" data-end=\"954\" \/>\u2694 T\u0151rh\u00f6z k\u00e9sz\u00fclt<br data-start=\"970\" data-end=\"973\" \/>\ud83d\udcaa Strapab\u00edr\u00f3 kialak\u00edt\u00e1s<br data-start=\"997\" data-end=\"1000\" \/>\ud83d\udc4c K\u00e9nyelmes viselet<\/p>\n<p data-start=\"1024\" data-end=\"1045\">Felhaszn\u00e1l\u00e1si ter\u00fclet<\/p>\n<p data-start=\"1047\" data-end=\"1071\">Ez a t\u0151r fejv\u00e9d ide\u00e1lis:<\/p>\n<p data-start=\"1073\" data-end=\"1126\">edz\u00e9sekhez<br data-start=\"1083\" data-end=\"1086\" \/>klubhaszn\u00e1latra<br data-start=\"1101\" data-end=\"1104\" \/>halad\u00f3 v\u00edv\u00f3k sz\u00e1m\u00e1ra<\/p>\n<p data-start=\"1128\" data-end=\"1174\">\u00c9letst\u00edlus \u2013 megjelen\u00e9s \u00e9s teljes\u00edtm\u00e9ny egy\u00fctt<\/p>\n<p data-start=\"1176\" data-end=\"1238\">Az OK-Fencing fejv\u00e9d seg\u00edt abban, hogy st\u00edlusosan l\u00e9pj p\u00e1stra.<\/p>\n<p data-start=\"1240\" data-end=\"1244\">GYIK<\/p>\n<p data-start=\"1246\" data-end=\"1270\">Kivehet\u0151 a b\u00e9l\u00e9s?<br data-start=\"1263\" data-end=\"1266\" \/>Nem.<\/p>\n<p data-start=\"1272\" data-end=\"1314\">Versenyre alkalmas?<br data-start=\"1291\" data-end=\"1294\" \/>Els\u0151sorban edz\u00e9shez.<\/p>\n<p data-start=\"1316\" data-end=\"1337\">Kezd\u0151knek j\u00f3?<br data-start=\"1329\" data-end=\"1332\" \/>Igen.<\/p>","protected":false},"excerpt":{"rendered":"<p>OK-Fencing T\u0151r Fejv\u00e9d \u2013 Fix b\u00e9l\u00e9s, nemzeti sz\u00edn\u0171 design<\/p>","protected":false},"featured_media":15582,"comment_status":"open","ping_status":"closed","template":"","meta":[],"product_brand":[],"product_cat":[743],"product_tag":[],"class_list":{"0":"post-15581","1":"product","2":"type-product","3":"status-publish","4":"has-post-thumbnail","6":"product_cat-tor-fejvedek","8":"first","9":"outofstock","10":"taxable","11":"shipping-taxable","12":"purchasable","13":"product-type-simple"},"yoast_head":"<!-- This site is optimized with the Yoast SEO plugin v27.2 - https:\/\/yoast.com\/product\/yoast-seo-wordpress\/ -->\n<title>OK-Fencing T\u0151r Fejv\u00e9d fix b\u00e9l\u00e9ssel, nemzeti sz\u00edn\u0171 fest\u00e9ssel | Allez Fencing<\/title>\n<meta name=\"description\" content=\"OK-Fencing t\u0151r fejv\u00e9d nemzeti sz\u00edn\u0171 fest\u00e9ssel. Egyedi \u00e9s stabil v\u00e1laszt\u00e1s edz\u00e9sekhez.\" \/>\n<meta name=\"robots\" content=\"index, follow, max-snippet:-1, max-image-preview:large, max-video-preview:-1\" \/>\n<link rel=\"canonical\" href=\"https:\/\/allezfencing.eu\/en\/webshop\/fejvedek\/tor-fejvedek\/ok-fencing-tor-fejved-fix-belessel-nemzeti-szinu-festessel\/\" \/>\n<meta property=\"og:locale\" content=\"en_GB\" \/>\n<meta property=\"og:type\" content=\"article\" \/>\n<meta property=\"og:title\" content=\"OK-Fencing T\u0151r Fejv\u00e9d fix b\u00e9l\u00e9ssel, nemzeti sz\u00edn\u0171 fest\u00e9ssel | Allez Fencing\" \/>\n<meta property=\"og:description\" content=\"OK-Fencing t\u0151r fejv\u00e9d nemzeti sz\u00edn\u0171 fest\u00e9ssel. Egyedi \u00e9s stabil v\u00e1laszt\u00e1s edz\u00e9sekhez.\" \/>\n<meta property=\"og:url\" content=\"https:\/\/allezfencing.eu\/en\/webshop\/fejvedek\/tor-fejvedek\/ok-fencing-tor-fejved-fix-belessel-nemzeti-szinu-festessel\/\" \/>\n<meta property=\"og:site_name\" content=\"Allez Fencing\" \/>\n<meta property=\"article:publisher\" content=\"https:\/\/www.facebook.com\/panamaetetohajo\" \/>\n<meta property=\"article:modified_time\" content=\"2026-04-03T14:21:41+00:00\" \/>\n<meta property=\"og:image\" content=\"https:\/\/allezfencing.eu\/wp-content\/uploads\/2025\/12\/016.png\" \/>\n\t<meta property=\"og:image:width\" content=\"746\" \/>\n\t<meta property=\"og:image:height\" content=\"1232\" \/>\n\t<meta property=\"og:image:type\" content=\"image\/png\" \/>\n<meta name=\"twitter:card\" content=\"summary_large_image\" \/>\n<meta name=\"twitter:label1\" content=\"Estimated reading time\" \/>\n\t<meta name=\"twitter:data1\" content=\"2 minutes\" \/>\n<script type=\"application\/ld+json\" class=\"yoast-schema-graph\">{\"@context\":\"https:\/\/schema.org\",\"@graph\":[{\"@type\":\"WebPage\",\"@id\":\"https:\/\/allezfencing.eu\/webshop\/fejvedek\/tor-fejvedek\/ok-fencing-tor-fejved-fix-belessel-nemzeti-szinu-festessel\/\",\"url\":\"https:\/\/allezfencing.eu\/webshop\/fejvedek\/tor-fejvedek\/ok-fencing-tor-fejved-fix-belessel-nemzeti-szinu-festessel\/\",\"name\":\"OK-Fencing T\u0151r Fejv\u00e9d fix b\u00e9l\u00e9ssel, nemzeti sz\u00edn\u0171 fest\u00e9ssel | Allez Fencing\",\"isPartOf\":{\"@id\":\"https:\/\/allezfencing.eu\/#website\"},\"primaryImageOfPage\":{\"@id\":\"https:\/\/allezfencing.eu\/webshop\/fejvedek\/tor-fejvedek\/ok-fencing-tor-fejved-fix-belessel-nemzeti-szinu-festessel\/#primaryimage\"},\"image\":{\"@id\":\"https:\/\/allezfencing.eu\/webshop\/fejvedek\/tor-fejvedek\/ok-fencing-tor-fejved-fix-belessel-nemzeti-szinu-festessel\/#primaryimage\"},\"thumbnailUrl\":\"https:\/\/allezfencing.eu\/wp-content\/uploads\/2025\/12\/016.png\",\"datePublished\":\"2025-12-08T17:47:27+00:00\",\"dateModified\":\"2026-04-03T14:21:41+00:00\",\"description\":\"OK-Fencing t\u0151r fejv\u00e9d nemzeti sz\u00edn\u0171 fest\u00e9ssel. Egyedi \u00e9s stabil v\u00e1laszt\u00e1s edz\u00e9sekhez.\",\"breadcrumb\":{\"@id\":\"https:\/\/allezfencing.eu\/webshop\/fejvedek\/tor-fejvedek\/ok-fencing-tor-fejved-fix-belessel-nemzeti-szinu-festessel\/#breadcrumb\"},\"inLanguage\":\"en-GB\",\"potentialAction\":[{\"@type\":\"ReadAction\",\"target\":[\"https:\/\/allezfencing.eu\/webshop\/fejvedek\/tor-fejvedek\/ok-fencing-tor-fejved-fix-belessel-nemzeti-szinu-festessel\/\"]}]},{\"@type\":\"ImageObject\",\"inLanguage\":\"en-GB\",\"@id\":\"https:\/\/allezfencing.eu\/webshop\/fejvedek\/tor-fejvedek\/ok-fencing-tor-fejved-fix-belessel-nemzeti-szinu-festessel\/#primaryimage\",\"url\":\"https:\/\/allezfencing.eu\/wp-content\/uploads\/2025\/12\/016.png\",\"contentUrl\":\"https:\/\/allezfencing.eu\/wp-content\/uploads\/2025\/12\/016.png\",\"width\":746,\"height\":1232},{\"@type\":\"BreadcrumbList\",\"@id\":\"https:\/\/allezfencing.eu\/webshop\/fejvedek\/tor-fejvedek\/ok-fencing-tor-fejved-fix-belessel-nemzeti-szinu-festessel\/#breadcrumb\",\"itemListElement\":[{\"@type\":\"ListItem\",\"position\":1,\"name\":\"Kezd\u0151lap\",\"item\":\"https:\/\/allezfencing.eu\/\"},{\"@type\":\"ListItem\",\"position\":2,\"name\":\"Webshop\",\"item\":\"https:\/\/allezfencing.eu\/webshop\/\"},{\"@type\":\"ListItem\",\"position\":3,\"name\":\"FEJV\u00c9DEK\",\"item\":\"https:\/\/allezfencing.eu\/termekkategoria\/fejvedek\/\"},{\"@type\":\"ListItem\",\"position\":4,\"name\":\"T\u0150R FEJV\u00c9DEK\",\"item\":\"https:\/\/allezfencing.eu\/termekkategoria\/fejvedek\/tor-fejvedek\/\"},{\"@type\":\"ListItem\",\"position\":5,\"name\":\"OK-Fencing T\u0151r Fejv\u00e9d fix b\u00e9l\u00e9ssel, nemzeti sz\u00edn\u0171 fest\u00e9ssel\"}]},{\"@type\":\"WebSite\",\"@id\":\"https:\/\/allezfencing.eu\/#website\",\"url\":\"https:\/\/allezfencing.eu\/\",\"name\":\"Allez Fencing\",\"description\":\"Minden ami v\u00edv\u00e1s\",\"publisher\":{\"@id\":\"https:\/\/allezfencing.eu\/#organization\"},\"potentialAction\":[{\"@type\":\"SearchAction\",\"target\":{\"@type\":\"EntryPoint\",\"urlTemplate\":\"https:\/\/allezfencing.eu\/?s={search_term_string}\"},\"query-input\":{\"@type\":\"PropertyValueSpecification\",\"valueRequired\":true,\"valueName\":\"search_term_string\"}}],\"inLanguage\":\"en-GB\"},{\"@type\":\"Organization\",\"@id\":\"https:\/\/allezfencing.eu\/#organization\",\"name\":\"Panama Etet\u0151haj\u00f3k\",\"url\":\"https:\/\/allezfencing.eu\/\",\"logo\":{\"@type\":\"ImageObject\",\"inLanguage\":\"en-GB\",\"@id\":\"https:\/\/allezfencing.eu\/#\/schema\/logo\/image\/\",\"url\":\"https:\/\/allezfencing.eu\/wp-content\/uploads\/2025\/03\/etetohajo.eu-panama-site-icon.webp\",\"contentUrl\":\"https:\/\/allezfencing.eu\/wp-content\/uploads\/2025\/03\/etetohajo.eu-panama-site-icon.webp\",\"width\":512,\"height\":512,\"caption\":\"Panama Etet\u0151haj\u00f3k\"},\"image\":{\"@id\":\"https:\/\/allezfencing.eu\/#\/schema\/logo\/image\/\"},\"sameAs\":[\"https:\/\/www.facebook.com\/panamaetetohajo\"]}]}<\/script>\n<!-- \/ Yoast SEO plugin. -->","yoast_head_json":{"title":"OK-Fencing T\u0151r Fejv\u00e9d fix b\u00e9l\u00e9ssel, nemzeti sz\u00edn\u0171 fest\u00e9ssel | Allez Fencing","description":"OK-Fencing t\u0151r fejv\u00e9d nemzeti sz\u00edn\u0171 fest\u00e9ssel. Egyedi \u00e9s stabil v\u00e1laszt\u00e1s edz\u00e9sekhez.","robots":{"index":"index","follow":"follow","max-snippet":"max-snippet:-1","max-image-preview":"max-image-preview:large","max-video-preview":"max-video-preview:-1"},"canonical":"https:\/\/allezfencing.eu\/en\/webshop\/fejvedek\/tor-fejvedek\/ok-fencing-tor-fejved-fix-belessel-nemzeti-szinu-festessel\/","og_locale":"en_GB","og_type":"article","og_title":"OK-Fencing T\u0151r Fejv\u00e9d fix b\u00e9l\u00e9ssel, nemzeti sz\u00edn\u0171 fest\u00e9ssel | Allez Fencing","og_description":"OK-Fencing t\u0151r fejv\u00e9d nemzeti sz\u00edn\u0171 fest\u00e9ssel. Egyedi \u00e9s stabil v\u00e1laszt\u00e1s edz\u00e9sekhez.","og_url":"https:\/\/allezfencing.eu\/en\/webshop\/fejvedek\/tor-fejvedek\/ok-fencing-tor-fejved-fix-belessel-nemzeti-szinu-festessel\/","og_site_name":"Allez Fencing","article_publisher":"https:\/\/www.facebook.com\/panamaetetohajo","article_modified_time":"2026-04-03T14:21:41+00:00","og_image":[{"width":746,"height":1232,"url":"https:\/\/allezfencing.eu\/wp-content\/uploads\/2025\/12\/016.png","type":"image\/png"}],"twitter_card":"summary_large_image","twitter_misc":{"Estimated reading time":"2 minutes"},"schema":{"@context":"https:\/\/schema.org","@graph":[{"@type":"WebPage","@id":"https:\/\/allezfencing.eu\/webshop\/fejvedek\/tor-fejvedek\/ok-fencing-tor-fejved-fix-belessel-nemzeti-szinu-festessel\/","url":"https:\/\/allezfencing.eu\/webshop\/fejvedek\/tor-fejvedek\/ok-fencing-tor-fejved-fix-belessel-nemzeti-szinu-festessel\/","name":"OK-Fencing T\u0151r Fejv\u00e9d fix b\u00e9l\u00e9ssel, nemzeti sz\u00edn\u0171 fest\u00e9ssel | Allez Fencing","isPartOf":{"@id":"https:\/\/allezfencing.eu\/#website"},"primaryImageOfPage":{"@id":"https:\/\/allezfencing.eu\/webshop\/fejvedek\/tor-fejvedek\/ok-fencing-tor-fejved-fix-belessel-nemzeti-szinu-festessel\/#primaryimage"},"image":{"@id":"https:\/\/allezfencing.eu\/webshop\/fejvedek\/tor-fejvedek\/ok-fencing-tor-fejved-fix-belessel-nemzeti-szinu-festessel\/#primaryimage"},"thumbnailUrl":"https:\/\/allezfencing.eu\/wp-content\/uploads\/2025\/12\/016.png","datePublished":"2025-12-08T17:47:27+00:00","dateModified":"2026-04-03T14:21:41+00:00","description":"OK-Fencing t\u0151r fejv\u00e9d nemzeti sz\u00edn\u0171 fest\u00e9ssel. Egyedi \u00e9s stabil v\u00e1laszt\u00e1s edz\u00e9sekhez.","breadcrumb":{"@id":"https:\/\/allezfencing.eu\/webshop\/fejvedek\/tor-fejvedek\/ok-fencing-tor-fejved-fix-belessel-nemzeti-szinu-festessel\/#breadcrumb"},"inLanguage":"en-GB","potentialAction":[{"@type":"ReadAction","target":["https:\/\/allezfencing.eu\/webshop\/fejvedek\/tor-fejvedek\/ok-fencing-tor-fejved-fix-belessel-nemzeti-szinu-festessel\/"]}]},{"@type":"ImageObject","inLanguage":"en-GB","@id":"https:\/\/allezfencing.eu\/webshop\/fejvedek\/tor-fejvedek\/ok-fencing-tor-fejved-fix-belessel-nemzeti-szinu-festessel\/#primaryimage","url":"https:\/\/allezfencing.eu\/wp-content\/uploads\/2025\/12\/016.png","contentUrl":"https:\/\/allezfencing.eu\/wp-content\/uploads\/2025\/12\/016.png","width":746,"height":1232},{"@type":"BreadcrumbList","@id":"https:\/\/allezfencing.eu\/webshop\/fejvedek\/tor-fejvedek\/ok-fencing-tor-fejved-fix-belessel-nemzeti-szinu-festessel\/#breadcrumb","itemListElement":[{"@type":"ListItem","position":1,"name":"Kezd\u0151lap","item":"https:\/\/allezfencing.eu\/"},{"@type":"ListItem","position":2,"name":"Webshop","item":"https:\/\/allezfencing.eu\/webshop\/"},{"@type":"ListItem","position":3,"name":"FEJV\u00c9DEK","item":"https:\/\/allezfencing.eu\/termekkategoria\/fejvedek\/"},{"@type":"ListItem","position":4,"name":"T\u0150R FEJV\u00c9DEK","item":"https:\/\/allezfencing.eu\/termekkategoria\/fejvedek\/tor-fejvedek\/"},{"@type":"ListItem","position":5,"name":"OK-Fencing T\u0151r Fejv\u00e9d fix b\u00e9l\u00e9ssel, nemzeti sz\u00edn\u0171 fest\u00e9ssel"}]},{"@type":"WebSite","@id":"https:\/\/allezfencing.eu\/#website","url":"https:\/\/allezfencing.eu\/","name":"Allez Fencing","description":"Minden ami v\u00edv\u00e1s","publisher":{"@id":"https:\/\/allezfencing.eu\/#organization"},"potentialAction":[{"@type":"SearchAction","target":{"@type":"EntryPoint","urlTemplate":"https:\/\/allezfencing.eu\/?s={search_term_string}"},"query-input":{"@type":"PropertyValueSpecification","valueRequired":true,"valueName":"search_term_string"}}],"inLanguage":"en-GB"},{"@type":"Organization","@id":"https:\/\/allezfencing.eu\/#organization","name":"Panama Feeding boats","url":"https:\/\/allezfencing.eu\/","logo":{"@type":"ImageObject","inLanguage":"en-GB","@id":"https:\/\/allezfencing.eu\/#\/schema\/logo\/image\/","url":"https:\/\/allezfencing.eu\/wp-content\/uploads\/2025\/03\/etetohajo.eu-panama-site-icon.webp","contentUrl":"https:\/\/allezfencing.eu\/wp-content\/uploads\/2025\/03\/etetohajo.eu-panama-site-icon.webp","width":512,"height":512,"caption":"Panama Etet\u0151haj\u00f3k"},"image":{"@id":"https:\/\/allezfencing.eu\/#\/schema\/logo\/image\/"},"sameAs":["https:\/\/www.facebook.com\/panamaetetohajo"]}]}},"_links":{"self":[{"href":"https:\/\/allezfencing.eu\/en\/wp-json\/wp\/v2\/product\/15581","targetHints":{"allow":["GET"]}}],"collection":[{"href":"https:\/\/allezfencing.eu\/en\/wp-json\/wp\/v2\/product"}],"about":[{"href":"https:\/\/allezfencing.eu\/en\/wp-json\/wp\/v2\/types\/product"}],"replies":[{"embeddable":true,"href":"https:\/\/allezfencing.eu\/en\/wp-json\/wp\/v2\/comments?post=15581"}],"version-history":[{"count":0,"href":"https:\/\/allezfencing.eu\/en\/wp-json\/wp\/v2\/product\/15581\/revisions"}],"wp:featuredmedia":[{"embeddable":true,"href":"https:\/\/allezfencing.eu\/en\/wp-json\/wp\/v2\/media\/15582"}],"wp:attachment":[{"href":"https:\/\/allezfencing.eu\/en\/wp-json\/wp\/v2\/media?parent=15581"}],"wp:term":[{"taxonomy":"product_brand","embeddable":true,"href":"https:\/\/allezfencing.eu\/en\/wp-json\/wp\/v2\/product_brand?post=15581"},{"taxonomy":"product_cat","embeddable":true,"href":"https:\/\/allezfencing.eu\/en\/wp-json\/wp\/v2\/product_cat?post=15581"},{"taxonomy":"product_tag","embeddable":true,"href":"https:\/\/allezfencing.eu\/en\/wp-json\/wp\/v2\/product_tag?post=15581"}],"curies":[{"name":"wp","href":"https:\/\/api.w.org\/{rel}","templated":true}]}}