{"id":15608,"date":"2025-12-08T18:49:23","date_gmt":"2025-12-08T17:49:23","guid":{"rendered":"https:\/\/infiniteq.org\/webshop\/nem-kategorizalt\/allez-fencing-tor-fejved-kiveheto-belessel\/"},"modified":"2026-04-03T16:14:19","modified_gmt":"2026-04-03T14:14:19","slug":"allez-fencing-tor-fejved-kiveheto-belessel","status":"publish","type":"product","link":"https:\/\/allezfencing.eu\/en\/webshop\/fejvedek\/tor-fejvedek\/allez-fencing-tor-fejved-kiveheto-belessel\/","title":{"rendered":"Allez-Fencing t\u0151r Fejv\u00e9d kivehet\u0151 b\u00e9l\u00e9ssel"},"content":{"rendered":"<p data-start=\"3237\" data-end=\"3300\">Allez-Fencing T\u0151r Fejv\u00e9d \u2013 Kivehet\u0151 b\u00e9l\u00e9s, higi\u00e9nikus edz\u0151maszk<\/p>\n<p data-start=\"3302\" data-end=\"3314\">Term\u00e9kle\u00edr\u00e1s<\/p>\n<p data-start=\"3316\" data-end=\"3532\">Az Allez-Fencing t\u0151r fejv\u00e9d kivehet\u0151 b\u00e9l\u00e9ssel kiv\u00e1l\u00f3 v\u00e1laszt\u00e1s edz\u00e9sekhez, ahol a k\u00e9nyelem \u00e9s a tiszt\u00edthat\u00f3s\u00e1g kiemelten fontos. A kialak\u00edt\u00e1s megfelel\u0151 v\u00e9delmet biztos\u00edt, mik\u00f6zben praktikus haszn\u00e1latot tesz lehet\u0151v\u00e9.<\/p>\n<p data-start=\"3534\" data-end=\"3650\">A kivehet\u0151 \u00e9s moshat\u00f3 b\u00e9l\u00e9s seg\u00edt fenntartani a higi\u00e9nikus \u00e1llapotot, \u00edgy a fejv\u00e9d hossz\u00fa t\u00e1von is frissen tarthat\u00f3.<\/p>\n<p data-start=\"3652\" data-end=\"3723\">Ez a modell ide\u00e1lis v\u00e1laszt\u00e1s klubhaszn\u00e1latra \u00e9s rendszeres edz\u00e9sekhez.<\/p>\n<p data-start=\"3725\" data-end=\"3739\">Main features<\/p>\n<p data-start=\"3741\" data-end=\"3938\">\u2714 T\u0151rv\u00edv\u00e1shoz optimaliz\u00e1lt kialak\u00edt\u00e1s<br data-start=\"3778\" data-end=\"3781\" \/>\u2714 Kivehet\u0151 \u00e9s moshat\u00f3 b\u00e9l\u00e9s<br data-start=\"3808\" data-end=\"3811\" \/>\u2714 Tart\u00f3s ac\u00e9l r\u00e1csszerkezet<br data-start=\"3838\" data-end=\"3841\" \/>\u2714 K\u00e9nyelmes illeszked\u00e9s<br data-start=\"3864\" data-end=\"3867\" \/>\u2714 Higi\u00e9nikus haszn\u00e1lat<br data-start=\"3889\" data-end=\"3892\" \/>\u2714 K\u00f6nny\u0171 tiszt\u00edthat\u00f3s\u00e1g<br data-start=\"3915\" data-end=\"3918\" \/>\u2714 Ide\u00e1lis edz\u00e9shez<\/p>\n<p data-start=\"3940\" data-end=\"3974\">Mi\u00e9rt v\u00e1laszd ezt a v\u00edv\u00f3 fejv\u00e9det?<\/p>\n<p data-start=\"3976\" data-end=\"4089\">\ud83e\uddfc K\u00f6nnyen tiszt\u00edthat\u00f3<br data-start=\"3998\" data-end=\"4001\" \/>\ud83d\udee1 Megb\u00edzhat\u00f3 v\u00e9delem<br data-start=\"4022\" data-end=\"4025\" \/>\u2694 T\u0151rh\u00f6z k\u00e9sz\u00fclt<br data-start=\"4041\" data-end=\"4044\" \/>\ud83d\udcaa Tart\u00f3s kialak\u00edt\u00e1s<br data-start=\"4064\" data-end=\"4067\" \/>\ud83d\udc4c K\u00e9nyelmes viselet<\/p>\n<p data-start=\"4091\" data-end=\"4112\">Felhaszn\u00e1l\u00e1si ter\u00fclet<\/p>\n<p data-start=\"4114\" data-end=\"4138\">Ez a t\u0151r fejv\u00e9d ide\u00e1lis:<\/p>\n<p data-start=\"4140\" data-end=\"4198\">edz\u00e9sekhez<br data-start=\"4150\" data-end=\"4153\" \/>klubhaszn\u00e1latra<br data-start=\"4168\" data-end=\"4171\" \/>kezd\u0151k \u00e9s halad\u00f3k sz\u00e1m\u00e1ra<\/p>\n<p data-start=\"4200\" data-end=\"4244\">\u00c9letst\u00edlus \u2013 tiszta \u00e9s k\u00e9nyelmes felszerel\u00e9s<\/p>\n<p data-start=\"4246\" data-end=\"4377\">A kivehet\u0151 b\u00e9l\u00e9s lehet\u0151v\u00e9 teszi, hogy felszerel\u00e9sed mindig higi\u00e9nikus maradjon, \u00edgy maxim\u00e1lisan a teljes\u00edtm\u00e9nyedre koncentr\u00e1lhatsz.<\/p>\n<p data-start=\"4379\" data-end=\"4383\">GYIK<\/p>\n<p data-start=\"4385\" data-end=\"4410\">Kivehet\u0151 a b\u00e9l\u00e9s?<br data-start=\"4402\" data-end=\"4405\" \/>Igen.<\/p>\n<p data-start=\"4412\" data-end=\"4454\">Versenyre alkalmas?<br data-start=\"4431\" data-end=\"4434\" \/>Els\u0151sorban edz\u00e9shez.<\/p>\n<p data-start=\"4456\" data-end=\"4477\">Kezd\u0151knek j\u00f3?<br data-start=\"4469\" data-end=\"4472\" \/>Igen.<\/p>","protected":false},"excerpt":{"rendered":"<p>Allez-Fencing T\u0151r Fejv\u00e9d \u2013 Kivehet\u0151 b\u00e9l\u00e9s, higi\u00e9nikus edz\u0151maszk<\/p>","protected":false},"featured_media":15609,"comment_status":"open","ping_status":"closed","template":"","meta":[],"product_brand":[317],"product_cat":[743],"product_tag":[],"class_list":{"0":"post-15608","1":"product","2":"type-product","3":"status-publish","4":"has-post-thumbnail","6":"product_brand-allez-fencing","7":"product_cat-tor-fejvedek","9":"first","10":"instock","11":"taxable","12":"shipping-taxable","13":"purchasable","14":"product-type-variable"},"yoast_head":"<!-- This site is optimized with the Yoast SEO plugin v27.2 - https:\/\/yoast.com\/product\/yoast-seo-wordpress\/ -->\n<title>Allez-Fencing t\u0151r Fejv\u00e9d kivehet\u0151 b\u00e9l\u00e9ssel | Allez Fencing<\/title>\n<meta name=\"description\" content=\"Allez-Fencing t\u0151r fejv\u00e9d kivehet\u0151 b\u00e9l\u00e9ssel. Higi\u00e9nikus \u00e9s k\u00e9nyelmes v\u00e1laszt\u00e1s edz\u00e9sekhez.\" \/>\n<meta name=\"robots\" content=\"index, follow, max-snippet:-1, max-image-preview:large, max-video-preview:-1\" \/>\n<link rel=\"canonical\" href=\"https:\/\/allezfencing.eu\/en\/webshop\/fejvedek\/tor-fejvedek\/allez-fencing-tor-fejved-kiveheto-belessel\/\" \/>\n<meta property=\"og:locale\" content=\"en_GB\" \/>\n<meta property=\"og:type\" content=\"article\" \/>\n<meta property=\"og:title\" content=\"Allez-Fencing t\u0151r Fejv\u00e9d kivehet\u0151 b\u00e9l\u00e9ssel | Allez Fencing\" \/>\n<meta property=\"og:description\" content=\"Allez-Fencing t\u0151r fejv\u00e9d kivehet\u0151 b\u00e9l\u00e9ssel. Higi\u00e9nikus \u00e9s k\u00e9nyelmes v\u00e1laszt\u00e1s edz\u00e9sekhez.\" \/>\n<meta property=\"og:url\" content=\"https:\/\/allezfencing.eu\/en\/webshop\/fejvedek\/tor-fejvedek\/allez-fencing-tor-fejved-kiveheto-belessel\/\" \/>\n<meta property=\"og:site_name\" content=\"Allez Fencing\" \/>\n<meta property=\"article:publisher\" content=\"https:\/\/www.facebook.com\/panamaetetohajo\" \/>\n<meta property=\"article:modified_time\" content=\"2026-04-03T14:14:19+00:00\" \/>\n<meta property=\"og:image\" content=\"https:\/\/allezfencing.eu\/wp-content\/uploads\/2025\/12\/18.png\" \/>\n\t<meta property=\"og:image:width\" content=\"1050\" \/>\n\t<meta property=\"og:image:height\" content=\"1050\" \/>\n\t<meta property=\"og:image:type\" content=\"image\/png\" \/>\n<meta name=\"twitter:card\" content=\"summary_large_image\" \/>\n<meta name=\"twitter:label1\" content=\"Estimated reading time\" \/>\n\t<meta name=\"twitter:data1\" content=\"2 minutes\" \/>\n<script type=\"application\/ld+json\" class=\"yoast-schema-graph\">{\"@context\":\"https:\/\/schema.org\",\"@graph\":[{\"@type\":\"WebPage\",\"@id\":\"https:\/\/allezfencing.eu\/webshop\/fejvedek\/tor-fejvedek\/allez-fencing-tor-fejved-kiveheto-belessel\/\",\"url\":\"https:\/\/allezfencing.eu\/webshop\/fejvedek\/tor-fejvedek\/allez-fencing-tor-fejved-kiveheto-belessel\/\",\"name\":\"Allez-Fencing t\u0151r Fejv\u00e9d kivehet\u0151 b\u00e9l\u00e9ssel | Allez Fencing\",\"isPartOf\":{\"@id\":\"https:\/\/allezfencing.eu\/#website\"},\"primaryImageOfPage\":{\"@id\":\"https:\/\/allezfencing.eu\/webshop\/fejvedek\/tor-fejvedek\/allez-fencing-tor-fejved-kiveheto-belessel\/#primaryimage\"},\"image\":{\"@id\":\"https:\/\/allezfencing.eu\/webshop\/fejvedek\/tor-fejvedek\/allez-fencing-tor-fejved-kiveheto-belessel\/#primaryimage\"},\"thumbnailUrl\":\"https:\/\/allezfencing.eu\/wp-content\/uploads\/2025\/12\/18.png\",\"datePublished\":\"2025-12-08T17:49:23+00:00\",\"dateModified\":\"2026-04-03T14:14:19+00:00\",\"description\":\"Allez-Fencing t\u0151r fejv\u00e9d kivehet\u0151 b\u00e9l\u00e9ssel. Higi\u00e9nikus \u00e9s k\u00e9nyelmes v\u00e1laszt\u00e1s edz\u00e9sekhez.\",\"breadcrumb\":{\"@id\":\"https:\/\/allezfencing.eu\/webshop\/fejvedek\/tor-fejvedek\/allez-fencing-tor-fejved-kiveheto-belessel\/#breadcrumb\"},\"inLanguage\":\"en-GB\",\"potentialAction\":[{\"@type\":\"ReadAction\",\"target\":[\"https:\/\/allezfencing.eu\/webshop\/fejvedek\/tor-fejvedek\/allez-fencing-tor-fejved-kiveheto-belessel\/\"]}]},{\"@type\":\"ImageObject\",\"inLanguage\":\"en-GB\",\"@id\":\"https:\/\/allezfencing.eu\/webshop\/fejvedek\/tor-fejvedek\/allez-fencing-tor-fejved-kiveheto-belessel\/#primaryimage\",\"url\":\"https:\/\/allezfencing.eu\/wp-content\/uploads\/2025\/12\/18.png\",\"contentUrl\":\"https:\/\/allezfencing.eu\/wp-content\/uploads\/2025\/12\/18.png\",\"width\":1050,\"height\":1050},{\"@type\":\"BreadcrumbList\",\"@id\":\"https:\/\/allezfencing.eu\/webshop\/fejvedek\/tor-fejvedek\/allez-fencing-tor-fejved-kiveheto-belessel\/#breadcrumb\",\"itemListElement\":[{\"@type\":\"ListItem\",\"position\":1,\"name\":\"Kezd\u0151lap\",\"item\":\"https:\/\/allezfencing.eu\/\"},{\"@type\":\"ListItem\",\"position\":2,\"name\":\"Webshop\",\"item\":\"https:\/\/allezfencing.eu\/webshop\/\"},{\"@type\":\"ListItem\",\"position\":3,\"name\":\"FEJV\u00c9DEK\",\"item\":\"https:\/\/allezfencing.eu\/termekkategoria\/fejvedek\/\"},{\"@type\":\"ListItem\",\"position\":4,\"name\":\"T\u0150R FEJV\u00c9DEK\",\"item\":\"https:\/\/allezfencing.eu\/termekkategoria\/fejvedek\/tor-fejvedek\/\"},{\"@type\":\"ListItem\",\"position\":5,\"name\":\"Allez-Fencing t\u0151r Fejv\u00e9d kivehet\u0151 b\u00e9l\u00e9ssel\"}]},{\"@type\":\"WebSite\",\"@id\":\"https:\/\/allezfencing.eu\/#website\",\"url\":\"https:\/\/allezfencing.eu\/\",\"name\":\"Allez Fencing\",\"description\":\"Minden ami v\u00edv\u00e1s\",\"publisher\":{\"@id\":\"https:\/\/allezfencing.eu\/#organization\"},\"potentialAction\":[{\"@type\":\"SearchAction\",\"target\":{\"@type\":\"EntryPoint\",\"urlTemplate\":\"https:\/\/allezfencing.eu\/?s={search_term_string}\"},\"query-input\":{\"@type\":\"PropertyValueSpecification\",\"valueRequired\":true,\"valueName\":\"search_term_string\"}}],\"inLanguage\":\"en-GB\"},{\"@type\":\"Organization\",\"@id\":\"https:\/\/allezfencing.eu\/#organization\",\"name\":\"Panama Etet\u0151haj\u00f3k\",\"url\":\"https:\/\/allezfencing.eu\/\",\"logo\":{\"@type\":\"ImageObject\",\"inLanguage\":\"en-GB\",\"@id\":\"https:\/\/allezfencing.eu\/#\/schema\/logo\/image\/\",\"url\":\"https:\/\/allezfencing.eu\/wp-content\/uploads\/2025\/03\/etetohajo.eu-panama-site-icon.webp\",\"contentUrl\":\"https:\/\/allezfencing.eu\/wp-content\/uploads\/2025\/03\/etetohajo.eu-panama-site-icon.webp\",\"width\":512,\"height\":512,\"caption\":\"Panama Etet\u0151haj\u00f3k\"},\"image\":{\"@id\":\"https:\/\/allezfencing.eu\/#\/schema\/logo\/image\/\"},\"sameAs\":[\"https:\/\/www.facebook.com\/panamaetetohajo\"]}]}<\/script>\n<!-- \/ Yoast SEO plugin. -->","yoast_head_json":{"title":"Allez-Fencing t\u0151r Fejv\u00e9d kivehet\u0151 b\u00e9l\u00e9ssel | Allez Fencing","description":"Allez-Fencing t\u0151r fejv\u00e9d kivehet\u0151 b\u00e9l\u00e9ssel. Higi\u00e9nikus \u00e9s k\u00e9nyelmes v\u00e1laszt\u00e1s edz\u00e9sekhez.","robots":{"index":"index","follow":"follow","max-snippet":"max-snippet:-1","max-image-preview":"max-image-preview:large","max-video-preview":"max-video-preview:-1"},"canonical":"https:\/\/allezfencing.eu\/en\/webshop\/fejvedek\/tor-fejvedek\/allez-fencing-tor-fejved-kiveheto-belessel\/","og_locale":"en_GB","og_type":"article","og_title":"Allez-Fencing t\u0151r Fejv\u00e9d kivehet\u0151 b\u00e9l\u00e9ssel | Allez Fencing","og_description":"Allez-Fencing t\u0151r fejv\u00e9d kivehet\u0151 b\u00e9l\u00e9ssel. Higi\u00e9nikus \u00e9s k\u00e9nyelmes v\u00e1laszt\u00e1s edz\u00e9sekhez.","og_url":"https:\/\/allezfencing.eu\/en\/webshop\/fejvedek\/tor-fejvedek\/allez-fencing-tor-fejved-kiveheto-belessel\/","og_site_name":"Allez Fencing","article_publisher":"https:\/\/www.facebook.com\/panamaetetohajo","article_modified_time":"2026-04-03T14:14:19+00:00","og_image":[{"width":1050,"height":1050,"url":"https:\/\/allezfencing.eu\/wp-content\/uploads\/2025\/12\/18.png","type":"image\/png"}],"twitter_card":"summary_large_image","twitter_misc":{"Estimated reading time":"2 minutes"},"schema":{"@context":"https:\/\/schema.org","@graph":[{"@type":"WebPage","@id":"https:\/\/allezfencing.eu\/webshop\/fejvedek\/tor-fejvedek\/allez-fencing-tor-fejved-kiveheto-belessel\/","url":"https:\/\/allezfencing.eu\/webshop\/fejvedek\/tor-fejvedek\/allez-fencing-tor-fejved-kiveheto-belessel\/","name":"Allez-Fencing t\u0151r Fejv\u00e9d kivehet\u0151 b\u00e9l\u00e9ssel | Allez Fencing","isPartOf":{"@id":"https:\/\/allezfencing.eu\/#website"},"primaryImageOfPage":{"@id":"https:\/\/allezfencing.eu\/webshop\/fejvedek\/tor-fejvedek\/allez-fencing-tor-fejved-kiveheto-belessel\/#primaryimage"},"image":{"@id":"https:\/\/allezfencing.eu\/webshop\/fejvedek\/tor-fejvedek\/allez-fencing-tor-fejved-kiveheto-belessel\/#primaryimage"},"thumbnailUrl":"https:\/\/allezfencing.eu\/wp-content\/uploads\/2025\/12\/18.png","datePublished":"2025-12-08T17:49:23+00:00","dateModified":"2026-04-03T14:14:19+00:00","description":"Allez-Fencing t\u0151r fejv\u00e9d kivehet\u0151 b\u00e9l\u00e9ssel. Higi\u00e9nikus \u00e9s k\u00e9nyelmes v\u00e1laszt\u00e1s edz\u00e9sekhez.","breadcrumb":{"@id":"https:\/\/allezfencing.eu\/webshop\/fejvedek\/tor-fejvedek\/allez-fencing-tor-fejved-kiveheto-belessel\/#breadcrumb"},"inLanguage":"en-GB","potentialAction":[{"@type":"ReadAction","target":["https:\/\/allezfencing.eu\/webshop\/fejvedek\/tor-fejvedek\/allez-fencing-tor-fejved-kiveheto-belessel\/"]}]},{"@type":"ImageObject","inLanguage":"en-GB","@id":"https:\/\/allezfencing.eu\/webshop\/fejvedek\/tor-fejvedek\/allez-fencing-tor-fejved-kiveheto-belessel\/#primaryimage","url":"https:\/\/allezfencing.eu\/wp-content\/uploads\/2025\/12\/18.png","contentUrl":"https:\/\/allezfencing.eu\/wp-content\/uploads\/2025\/12\/18.png","width":1050,"height":1050},{"@type":"BreadcrumbList","@id":"https:\/\/allezfencing.eu\/webshop\/fejvedek\/tor-fejvedek\/allez-fencing-tor-fejved-kiveheto-belessel\/#breadcrumb","itemListElement":[{"@type":"ListItem","position":1,"name":"Kezd\u0151lap","item":"https:\/\/allezfencing.eu\/"},{"@type":"ListItem","position":2,"name":"Webshop","item":"https:\/\/allezfencing.eu\/webshop\/"},{"@type":"ListItem","position":3,"name":"FEJV\u00c9DEK","item":"https:\/\/allezfencing.eu\/termekkategoria\/fejvedek\/"},{"@type":"ListItem","position":4,"name":"T\u0150R FEJV\u00c9DEK","item":"https:\/\/allezfencing.eu\/termekkategoria\/fejvedek\/tor-fejvedek\/"},{"@type":"ListItem","position":5,"name":"Allez-Fencing t\u0151r Fejv\u00e9d kivehet\u0151 b\u00e9l\u00e9ssel"}]},{"@type":"WebSite","@id":"https:\/\/allezfencing.eu\/#website","url":"https:\/\/allezfencing.eu\/","name":"Allez Fencing","description":"Minden ami v\u00edv\u00e1s","publisher":{"@id":"https:\/\/allezfencing.eu\/#organization"},"potentialAction":[{"@type":"SearchAction","target":{"@type":"EntryPoint","urlTemplate":"https:\/\/allezfencing.eu\/?s={search_term_string}"},"query-input":{"@type":"PropertyValueSpecification","valueRequired":true,"valueName":"search_term_string"}}],"inLanguage":"en-GB"},{"@type":"Organization","@id":"https:\/\/allezfencing.eu\/#organization","name":"Panama Feeding boats","url":"https:\/\/allezfencing.eu\/","logo":{"@type":"ImageObject","inLanguage":"en-GB","@id":"https:\/\/allezfencing.eu\/#\/schema\/logo\/image\/","url":"https:\/\/allezfencing.eu\/wp-content\/uploads\/2025\/03\/etetohajo.eu-panama-site-icon.webp","contentUrl":"https:\/\/allezfencing.eu\/wp-content\/uploads\/2025\/03\/etetohajo.eu-panama-site-icon.webp","width":512,"height":512,"caption":"Panama Etet\u0151haj\u00f3k"},"image":{"@id":"https:\/\/allezfencing.eu\/#\/schema\/logo\/image\/"},"sameAs":["https:\/\/www.facebook.com\/panamaetetohajo"]}]}},"_links":{"self":[{"href":"https:\/\/allezfencing.eu\/en\/wp-json\/wp\/v2\/product\/15608","targetHints":{"allow":["GET"]}}],"collection":[{"href":"https:\/\/allezfencing.eu\/en\/wp-json\/wp\/v2\/product"}],"about":[{"href":"https:\/\/allezfencing.eu\/en\/wp-json\/wp\/v2\/types\/product"}],"replies":[{"embeddable":true,"href":"https:\/\/allezfencing.eu\/en\/wp-json\/wp\/v2\/comments?post=15608"}],"version-history":[{"count":6,"href":"https:\/\/allezfencing.eu\/en\/wp-json\/wp\/v2\/product\/15608\/revisions"}],"predecessor-version":[{"id":17950,"href":"https:\/\/allezfencing.eu\/en\/wp-json\/wp\/v2\/product\/15608\/revisions\/17950"}],"wp:featuredmedia":[{"embeddable":true,"href":"https:\/\/allezfencing.eu\/en\/wp-json\/wp\/v2\/media\/15609"}],"wp:attachment":[{"href":"https:\/\/allezfencing.eu\/en\/wp-json\/wp\/v2\/media?parent=15608"}],"wp:term":[{"taxonomy":"product_brand","embeddable":true,"href":"https:\/\/allezfencing.eu\/en\/wp-json\/wp\/v2\/product_brand?post=15608"},{"taxonomy":"product_cat","embeddable":true,"href":"https:\/\/allezfencing.eu\/en\/wp-json\/wp\/v2\/product_cat?post=15608"},{"taxonomy":"product_tag","embeddable":true,"href":"https:\/\/allezfencing.eu\/en\/wp-json\/wp\/v2\/product_tag?post=15608"}],"curies":[{"name":"wp","href":"https:\/\/api.w.org\/{rel}","templated":true}]}}