{"id":15626,"date":"2025-12-08T18:50:21","date_gmt":"2025-12-08T17:50:21","guid":{"rendered":"https:\/\/infiniteq.org\/webshop\/nem-kategorizalt\/allez-fencing-ajandek-kulcstarto\/"},"modified":"2026-01-05T14:39:28","modified_gmt":"2026-01-05T13:39:28","slug":"allez-fencing-ajandek-kulcstarto","status":"publish","type":"product","link":"https:\/\/allezfencing.eu\/en\/webshop\/egyebek\/kiegeszitok\/allez-fencing-ajandek-kulcstarto\/","title":{"rendered":"Allez-Fencing aj\u00e1nd\u00e9k kulcstart\u00f3"},"content":{"rendered":"<p>Allez-Fencing aj\u00e1nd\u00e9k kulcstart\u00f3:<\/p>\n<p>&#8211; t\u0151r<\/p>\n<p>&#8211; kard<\/p>\n<p>&#8211; p\u00e1rbajt\u0151r<\/p>\n<p>&#8211; fejv\u00e9d<\/p>\n<p>Ez\u00fcst \u00e9s arany sz\u00ednekben!<\/p>","protected":false},"excerpt":{"rendered":"<p>Allez-Fencing aj\u00e1nd\u00e9k kulcstart\u00f3<\/p>","protected":false},"featured_media":15627,"comment_status":"open","ping_status":"closed","template":"","meta":[],"product_brand":[317],"product_cat":[1170],"product_tag":[],"class_list":{"0":"post-15626","1":"product","2":"type-product","3":"status-publish","4":"has-post-thumbnail","6":"product_brand-allez-fencing","7":"product_cat-kiegeszitok","9":"first","10":"instock","11":"taxable","12":"shipping-taxable","13":"purchasable","14":"product-type-variable"},"yoast_head":"<!-- This site is optimized with the Yoast SEO plugin v27.2 - https:\/\/yoast.com\/product\/yoast-seo-wordpress\/ -->\n<title>Allez-Fencing aj\u00e1nd\u00e9k kulcstart\u00f3 | Allez Fencing<\/title>\n<meta name=\"robots\" content=\"index, follow, max-snippet:-1, max-image-preview:large, max-video-preview:-1\" \/>\n<link rel=\"canonical\" href=\"https:\/\/allezfencing.eu\/en\/webshop\/polok-es-egyeb-kiegeszitok\/egyeb-kiegeszitok\/allez-fencing-ajandek-kulcstarto\/\" \/>\n<meta property=\"og:locale\" content=\"en_GB\" \/>\n<meta property=\"og:type\" content=\"article\" \/>\n<meta property=\"og:title\" content=\"Allez-Fencing aj\u00e1nd\u00e9k kulcstart\u00f3 | Allez Fencing\" \/>\n<meta property=\"og:description\" content=\"Allez-Fencing aj\u00e1nd\u00e9k kulcstart\u00f3\" \/>\n<meta property=\"og:url\" content=\"https:\/\/allezfencing.eu\/en\/webshop\/polok-es-egyeb-kiegeszitok\/egyeb-kiegeszitok\/allez-fencing-ajandek-kulcstarto\/\" \/>\n<meta property=\"og:site_name\" content=\"Allez Fencing\" \/>\n<meta property=\"article:publisher\" content=\"https:\/\/www.facebook.com\/panamaetetohajo\" \/>\n<meta property=\"article:modified_time\" content=\"2026-01-05T13:39:28+00:00\" \/>\n<meta property=\"og:image\" content=\"https:\/\/allezfencing.eu\/wp-content\/uploads\/2025\/12\/key_chain.jpg\" \/>\n\t<meta property=\"og:image:width\" content=\"1902\" \/>\n\t<meta property=\"og:image:height\" content=\"2258\" \/>\n\t<meta property=\"og:image:type\" content=\"image\/jpeg\" \/>\n<meta name=\"twitter:card\" content=\"summary_large_image\" \/>\n<meta name=\"twitter:label1\" content=\"Estimated reading time\" \/>\n\t<meta name=\"twitter:data1\" content=\"1 minute\" \/>\n<script type=\"application\/ld+json\" class=\"yoast-schema-graph\">{\"@context\":\"https:\/\/schema.org\",\"@graph\":[{\"@type\":\"WebPage\",\"@id\":\"https:\/\/allezfencing.eu\/webshop\/polok-es-egyeb-kiegeszitok\/egyeb-kiegeszitok\/allez-fencing-ajandek-kulcstarto\/\",\"url\":\"https:\/\/allezfencing.eu\/webshop\/polok-es-egyeb-kiegeszitok\/egyeb-kiegeszitok\/allez-fencing-ajandek-kulcstarto\/\",\"name\":\"Allez-Fencing aj\u00e1nd\u00e9k kulcstart\u00f3 | Allez Fencing\",\"isPartOf\":{\"@id\":\"https:\/\/allezfencing.eu\/#website\"},\"primaryImageOfPage\":{\"@id\":\"https:\/\/allezfencing.eu\/webshop\/polok-es-egyeb-kiegeszitok\/egyeb-kiegeszitok\/allez-fencing-ajandek-kulcstarto\/#primaryimage\"},\"image\":{\"@id\":\"https:\/\/allezfencing.eu\/webshop\/polok-es-egyeb-kiegeszitok\/egyeb-kiegeszitok\/allez-fencing-ajandek-kulcstarto\/#primaryimage\"},\"thumbnailUrl\":\"https:\/\/allezfencing.eu\/wp-content\/uploads\/2025\/12\/key_chain.jpg\",\"datePublished\":\"2025-12-08T17:50:21+00:00\",\"dateModified\":\"2026-01-05T13:39:28+00:00\",\"breadcrumb\":{\"@id\":\"https:\/\/allezfencing.eu\/webshop\/polok-es-egyeb-kiegeszitok\/egyeb-kiegeszitok\/allez-fencing-ajandek-kulcstarto\/#breadcrumb\"},\"inLanguage\":\"en-GB\",\"potentialAction\":[{\"@type\":\"ReadAction\",\"target\":[\"https:\/\/allezfencing.eu\/webshop\/polok-es-egyeb-kiegeszitok\/egyeb-kiegeszitok\/allez-fencing-ajandek-kulcstarto\/\"]}]},{\"@type\":\"ImageObject\",\"inLanguage\":\"en-GB\",\"@id\":\"https:\/\/allezfencing.eu\/webshop\/polok-es-egyeb-kiegeszitok\/egyeb-kiegeszitok\/allez-fencing-ajandek-kulcstarto\/#primaryimage\",\"url\":\"https:\/\/allezfencing.eu\/wp-content\/uploads\/2025\/12\/key_chain.jpg\",\"contentUrl\":\"https:\/\/allezfencing.eu\/wp-content\/uploads\/2025\/12\/key_chain.jpg\",\"width\":1902,\"height\":2258},{\"@type\":\"BreadcrumbList\",\"@id\":\"https:\/\/allezfencing.eu\/webshop\/polok-es-egyeb-kiegeszitok\/egyeb-kiegeszitok\/allez-fencing-ajandek-kulcstarto\/#breadcrumb\",\"itemListElement\":[{\"@type\":\"ListItem\",\"position\":1,\"name\":\"Kezd\u0151lap\",\"item\":\"https:\/\/allezfencing.eu\/\"},{\"@type\":\"ListItem\",\"position\":2,\"name\":\"Webshop\",\"item\":\"https:\/\/allezfencing.eu\/webshop\/\"},{\"@type\":\"ListItem\",\"position\":3,\"name\":\"POL\u00d3K \u00c9S EGY\u00c9B KIEG\u00c9SZ\u00cdT\u0150K\",\"item\":\"https:\/\/allezfencing.eu\/termekkategoria\/polok-es-egyeb-kiegeszitok\/\"},{\"@type\":\"ListItem\",\"position\":4,\"name\":\"Allez-Fencing aj\u00e1nd\u00e9k kulcstart\u00f3\"}]},{\"@type\":\"WebSite\",\"@id\":\"https:\/\/allezfencing.eu\/#website\",\"url\":\"https:\/\/allezfencing.eu\/\",\"name\":\"Allez Fencing\",\"description\":\"Minden ami v\u00edv\u00e1s\",\"publisher\":{\"@id\":\"https:\/\/allezfencing.eu\/#organization\"},\"potentialAction\":[{\"@type\":\"SearchAction\",\"target\":{\"@type\":\"EntryPoint\",\"urlTemplate\":\"https:\/\/allezfencing.eu\/?s={search_term_string}\"},\"query-input\":{\"@type\":\"PropertyValueSpecification\",\"valueRequired\":true,\"valueName\":\"search_term_string\"}}],\"inLanguage\":\"en-GB\"},{\"@type\":\"Organization\",\"@id\":\"https:\/\/allezfencing.eu\/#organization\",\"name\":\"Panama Etet\u0151haj\u00f3k\",\"url\":\"https:\/\/allezfencing.eu\/\",\"logo\":{\"@type\":\"ImageObject\",\"inLanguage\":\"en-GB\",\"@id\":\"https:\/\/allezfencing.eu\/#\/schema\/logo\/image\/\",\"url\":\"https:\/\/allezfencing.eu\/wp-content\/uploads\/2025\/03\/etetohajo.eu-panama-site-icon.webp\",\"contentUrl\":\"https:\/\/allezfencing.eu\/wp-content\/uploads\/2025\/03\/etetohajo.eu-panama-site-icon.webp\",\"width\":512,\"height\":512,\"caption\":\"Panama Etet\u0151haj\u00f3k\"},\"image\":{\"@id\":\"https:\/\/allezfencing.eu\/#\/schema\/logo\/image\/\"},\"sameAs\":[\"https:\/\/www.facebook.com\/panamaetetohajo\"]}]}<\/script>\n<!-- \/ Yoast SEO plugin. -->","yoast_head_json":{"title":"Allez-Fencing aj\u00e1nd\u00e9k kulcstart\u00f3 | Allez Fencing","robots":{"index":"index","follow":"follow","max-snippet":"max-snippet:-1","max-image-preview":"max-image-preview:large","max-video-preview":"max-video-preview:-1"},"canonical":"https:\/\/allezfencing.eu\/en\/webshop\/polok-es-egyeb-kiegeszitok\/egyeb-kiegeszitok\/allez-fencing-ajandek-kulcstarto\/","og_locale":"en_GB","og_type":"article","og_title":"Allez-Fencing aj\u00e1nd\u00e9k kulcstart\u00f3 | Allez Fencing","og_description":"Allez-Fencing aj\u00e1nd\u00e9k kulcstart\u00f3","og_url":"https:\/\/allezfencing.eu\/en\/webshop\/polok-es-egyeb-kiegeszitok\/egyeb-kiegeszitok\/allez-fencing-ajandek-kulcstarto\/","og_site_name":"Allez Fencing","article_publisher":"https:\/\/www.facebook.com\/panamaetetohajo","article_modified_time":"2026-01-05T13:39:28+00:00","og_image":[{"width":1902,"height":2258,"url":"https:\/\/allezfencing.eu\/wp-content\/uploads\/2025\/12\/key_chain.jpg","type":"image\/jpeg"}],"twitter_card":"summary_large_image","twitter_misc":{"Estimated reading time":"1 minute"},"schema":{"@context":"https:\/\/schema.org","@graph":[{"@type":"WebPage","@id":"https:\/\/allezfencing.eu\/webshop\/polok-es-egyeb-kiegeszitok\/egyeb-kiegeszitok\/allez-fencing-ajandek-kulcstarto\/","url":"https:\/\/allezfencing.eu\/webshop\/polok-es-egyeb-kiegeszitok\/egyeb-kiegeszitok\/allez-fencing-ajandek-kulcstarto\/","name":"Allez-Fencing aj\u00e1nd\u00e9k kulcstart\u00f3 | Allez Fencing","isPartOf":{"@id":"https:\/\/allezfencing.eu\/#website"},"primaryImageOfPage":{"@id":"https:\/\/allezfencing.eu\/webshop\/polok-es-egyeb-kiegeszitok\/egyeb-kiegeszitok\/allez-fencing-ajandek-kulcstarto\/#primaryimage"},"image":{"@id":"https:\/\/allezfencing.eu\/webshop\/polok-es-egyeb-kiegeszitok\/egyeb-kiegeszitok\/allez-fencing-ajandek-kulcstarto\/#primaryimage"},"thumbnailUrl":"https:\/\/allezfencing.eu\/wp-content\/uploads\/2025\/12\/key_chain.jpg","datePublished":"2025-12-08T17:50:21+00:00","dateModified":"2026-01-05T13:39:28+00:00","breadcrumb":{"@id":"https:\/\/allezfencing.eu\/webshop\/polok-es-egyeb-kiegeszitok\/egyeb-kiegeszitok\/allez-fencing-ajandek-kulcstarto\/#breadcrumb"},"inLanguage":"en-GB","potentialAction":[{"@type":"ReadAction","target":["https:\/\/allezfencing.eu\/webshop\/polok-es-egyeb-kiegeszitok\/egyeb-kiegeszitok\/allez-fencing-ajandek-kulcstarto\/"]}]},{"@type":"ImageObject","inLanguage":"en-GB","@id":"https:\/\/allezfencing.eu\/webshop\/polok-es-egyeb-kiegeszitok\/egyeb-kiegeszitok\/allez-fencing-ajandek-kulcstarto\/#primaryimage","url":"https:\/\/allezfencing.eu\/wp-content\/uploads\/2025\/12\/key_chain.jpg","contentUrl":"https:\/\/allezfencing.eu\/wp-content\/uploads\/2025\/12\/key_chain.jpg","width":1902,"height":2258},{"@type":"BreadcrumbList","@id":"https:\/\/allezfencing.eu\/webshop\/polok-es-egyeb-kiegeszitok\/egyeb-kiegeszitok\/allez-fencing-ajandek-kulcstarto\/#breadcrumb","itemListElement":[{"@type":"ListItem","position":1,"name":"Kezd\u0151lap","item":"https:\/\/allezfencing.eu\/"},{"@type":"ListItem","position":2,"name":"Webshop","item":"https:\/\/allezfencing.eu\/webshop\/"},{"@type":"ListItem","position":3,"name":"POL\u00d3K \u00c9S EGY\u00c9B KIEG\u00c9SZ\u00cdT\u0150K","item":"https:\/\/allezfencing.eu\/termekkategoria\/polok-es-egyeb-kiegeszitok\/"},{"@type":"ListItem","position":4,"name":"Allez-Fencing aj\u00e1nd\u00e9k kulcstart\u00f3"}]},{"@type":"WebSite","@id":"https:\/\/allezfencing.eu\/#website","url":"https:\/\/allezfencing.eu\/","name":"Allez Fencing","description":"Minden ami v\u00edv\u00e1s","publisher":{"@id":"https:\/\/allezfencing.eu\/#organization"},"potentialAction":[{"@type":"SearchAction","target":{"@type":"EntryPoint","urlTemplate":"https:\/\/allezfencing.eu\/?s={search_term_string}"},"query-input":{"@type":"PropertyValueSpecification","valueRequired":true,"valueName":"search_term_string"}}],"inLanguage":"en-GB"},{"@type":"Organization","@id":"https:\/\/allezfencing.eu\/#organization","name":"Panama Feeding boats","url":"https:\/\/allezfencing.eu\/","logo":{"@type":"ImageObject","inLanguage":"en-GB","@id":"https:\/\/allezfencing.eu\/#\/schema\/logo\/image\/","url":"https:\/\/allezfencing.eu\/wp-content\/uploads\/2025\/03\/etetohajo.eu-panama-site-icon.webp","contentUrl":"https:\/\/allezfencing.eu\/wp-content\/uploads\/2025\/03\/etetohajo.eu-panama-site-icon.webp","width":512,"height":512,"caption":"Panama Etet\u0151haj\u00f3k"},"image":{"@id":"https:\/\/allezfencing.eu\/#\/schema\/logo\/image\/"},"sameAs":["https:\/\/www.facebook.com\/panamaetetohajo"]}]}},"_links":{"self":[{"href":"https:\/\/allezfencing.eu\/en\/wp-json\/wp\/v2\/product\/15626","targetHints":{"allow":["GET"]}}],"collection":[{"href":"https:\/\/allezfencing.eu\/en\/wp-json\/wp\/v2\/product"}],"about":[{"href":"https:\/\/allezfencing.eu\/en\/wp-json\/wp\/v2\/types\/product"}],"replies":[{"embeddable":true,"href":"https:\/\/allezfencing.eu\/en\/wp-json\/wp\/v2\/comments?post=15626"}],"version-history":[{"count":0,"href":"https:\/\/allezfencing.eu\/en\/wp-json\/wp\/v2\/product\/15626\/revisions"}],"wp:featuredmedia":[{"embeddable":true,"href":"https:\/\/allezfencing.eu\/en\/wp-json\/wp\/v2\/media\/15627"}],"wp:attachment":[{"href":"https:\/\/allezfencing.eu\/en\/wp-json\/wp\/v2\/media?parent=15626"}],"wp:term":[{"taxonomy":"product_brand","embeddable":true,"href":"https:\/\/allezfencing.eu\/en\/wp-json\/wp\/v2\/product_brand?post=15626"},{"taxonomy":"product_cat","embeddable":true,"href":"https:\/\/allezfencing.eu\/en\/wp-json\/wp\/v2\/product_cat?post=15626"},{"taxonomy":"product_tag","embeddable":true,"href":"https:\/\/allezfencing.eu\/en\/wp-json\/wp\/v2\/product_tag?post=15626"}],"curies":[{"name":"wp","href":"https:\/\/api.w.org\/{rel}","templated":true}]}}