{"id":15635,"date":"2025-12-08T18:51:25","date_gmt":"2025-12-08T17:51:25","guid":{"rendered":"https:\/\/infiniteq.org\/webshop\/nem-kategorizalt\/allez-fencing-softshell-kapucnis-kabat-tobb-szinben\/"},"modified":"2026-03-09T14:25:13","modified_gmt":"2026-03-09T13:25:13","slug":"allez-fencing-softshell-kapucnis-kabat-tobb-szinben","status":"publish","type":"product","link":"https:\/\/allezfencing.eu\/en\/webshop\/polok-es-egyeb-kiegeszitok\/allez-fencing-softshell-kapucnis-kabat-tobb-szinben\/","title":{"rendered":"&#8222;Allez-Fencing&#8221; softshell kapucnis kab\u00e1t, t\u00f6bb sz\u00ednben"},"content":{"rendered":"<p><span style=\"font-size: 14px;\"><span style=\"color: #a52a2a;\"><span style=\"font-family: trebuchet ms,helvetica,sans-serif;\">Az &#8222;Allez-Fencing&#8221; softshell kapucnis kab\u00e1t a legkiv\u00e1l\u00f3bb v\u00edzleperget\u0151 alapanyagb\u00f3l k\u00e9sz\u00fcl, a feliratok pedig sz\u00ednes, DTF nyom\u00e1ssal ker\u00fclnek a term\u00e9kre. A minta sz\u00edntart\u00f3, rugalmas, ez soha nem fog deform\u00e1l\u00f3dni \u00e9s az eredeti sz\u00edn\u00e9t is tartja!<\/span><\/span><\/span><\/p>\n<p><span style=\"color: #0000cd;\"><em><strong>A csatolt m\u00e9rett\u00e1bl\u00e1zat alapj\u00e1n k\u00e9rj\u00fck a m\u00e9ret(ek) megad\u00e1s\u00e1t!\u00a0\u00a0 <a href=\"https:\/\/allezfencing.eu\/en\/custom\/andiwebshop\/image\/data\/Merettablazatok\/Allez-Fencing_kabatok.pdf\/\" target=\"_blank\" rel=\"noopener\">LINK<\/a><\/strong><\/em><\/span><\/p>\n<p><span style=\"color: #a52a2a;\"><span style=\"font-size: 16px;\"><span style=\"font-family: trebuchet ms,helvetica,sans-serif;\">Ha v\u00e1ltoztatni szeretn\u00e9l valamit a kab\u00e1ton, ha nem c\u00edmert hanem m\u00e1st szeretn\u00e9l, vagy a rajzolaton v\u00e1ltoztatn\u00e1l valamit, a megrendel\u00e9s ut\u00e1n megjegyz\u00e9sk\u00e9nt t\u00fcntesd majd fel az ig\u00e9nyeidet!<\/span><\/span><\/span><\/p>","protected":false},"excerpt":{"rendered":"<p><span style=\"font-size: 24px;\"><span style=\"font-family: comic sans ms,cursive;\"><span style=\"color: #ff0000;\"><span style=\"background-color: #d3d3d3;\">Allez-Fencing softshell kapucnis kab\u00e1t<\/span><\/span><\/span><\/span><\/p>\n<p><span style=\"color: #0000cd;\"><em><strong>A csatolt m\u00e9rett\u00e1bl\u00e1zat alapj\u00e1n k\u00e9rj\u00fck a m\u00e9ret(ek) megad\u00e1s\u00e1t!\u00a0\u00a0 <a href=\"https:\/\/allezfencing.eu\/en\/custom\/andiwebshop\/image\/data\/Merettablazatok\/Allez-Fencing_kabatok.pdf\/\" target=\"_blank\" rel=\"noopener\">LINK<\/a><\/strong><\/em><\/span><\/p>","protected":false},"featured_media":15636,"comment_status":"open","ping_status":"closed","template":"","meta":[],"product_brand":[317],"product_cat":[746],"product_tag":[],"class_list":{"0":"post-15635","1":"product","2":"type-product","3":"status-publish","4":"has-post-thumbnail","6":"product_brand-allez-fencing","7":"product_cat-polok-es-egyeb-kiegeszitok","9":"first","10":"instock","11":"taxable","12":"shipping-taxable","13":"purchasable","14":"product-type-variable"},"yoast_head":"<!-- This site is optimized with the Yoast SEO plugin v27.2 - https:\/\/yoast.com\/product\/yoast-seo-wordpress\/ -->\n<title>&quot;Allez-Fencing&quot; softshell kapucnis kab\u00e1t, t\u00f6bb sz\u00ednben | Allez Fencing<\/title>\n<meta name=\"robots\" content=\"index, follow, max-snippet:-1, max-image-preview:large, max-video-preview:-1\" \/>\n<link rel=\"canonical\" href=\"https:\/\/allezfencing.eu\/en\/webshop\/polok-es-egyeb-kiegeszitok\/allez-fencing-felsok\/allez-fencing-softshell-kapucnis-kabat-tobb-szinben\/\" \/>\n<meta property=\"og:locale\" content=\"en_GB\" \/>\n<meta property=\"og:type\" content=\"article\" \/>\n<meta property=\"og:title\" content=\"&quot;Allez-Fencing&quot; softshell kapucnis kab\u00e1t, t\u00f6bb sz\u00ednben | Allez Fencing\" \/>\n<meta property=\"og:description\" content=\"Allez-Fencing softshell kapucnis kab\u00e1t  A csatolt m\u00e9rett\u00e1bl\u00e1zat alapj\u00e1n k\u00e9rj\u00fck a m\u00e9ret(ek) megad\u00e1s\u00e1t!\u00a0\u00a0 LINK\" \/>\n<meta property=\"og:url\" content=\"https:\/\/allezfencing.eu\/en\/webshop\/polok-es-egyeb-kiegeszitok\/allez-fencing-felsok\/allez-fencing-softshell-kapucnis-kabat-tobb-szinben\/\" \/>\n<meta property=\"og:site_name\" content=\"Allez Fencing\" \/>\n<meta property=\"article:publisher\" content=\"https:\/\/www.facebook.com\/panamaetetohajo\" \/>\n<meta property=\"article:modified_time\" content=\"2026-03-09T13:25:13+00:00\" \/>\n<meta property=\"og:image\" content=\"https:\/\/allezfencing.eu\/wp-content\/uploads\/2025\/12\/kapucnis1-scaled-1.jpg\" \/>\n\t<meta property=\"og:image:width\" content=\"1440\" \/>\n\t<meta property=\"og:image:height\" content=\"2560\" \/>\n\t<meta property=\"og:image:type\" content=\"image\/jpeg\" \/>\n<meta name=\"twitter:card\" content=\"summary_large_image\" \/>\n<meta name=\"twitter:label1\" content=\"Estimated reading time\" \/>\n\t<meta name=\"twitter:data1\" content=\"1 minute\" \/>\n<script type=\"application\/ld+json\" class=\"yoast-schema-graph\">{\"@context\":\"https:\/\/schema.org\",\"@graph\":[{\"@type\":\"WebPage\",\"@id\":\"https:\/\/allezfencing.eu\/webshop\/polok-es-egyeb-kiegeszitok\/allez-fencing-felsok\/allez-fencing-softshell-kapucnis-kabat-tobb-szinben\/\",\"url\":\"https:\/\/allezfencing.eu\/webshop\/polok-es-egyeb-kiegeszitok\/allez-fencing-felsok\/allez-fencing-softshell-kapucnis-kabat-tobb-szinben\/\",\"name\":\"\\\"Allez-Fencing\\\" softshell kapucnis kab\u00e1t, t\u00f6bb sz\u00ednben | Allez Fencing\",\"isPartOf\":{\"@id\":\"https:\/\/allezfencing.eu\/#website\"},\"primaryImageOfPage\":{\"@id\":\"https:\/\/allezfencing.eu\/webshop\/polok-es-egyeb-kiegeszitok\/allez-fencing-felsok\/allez-fencing-softshell-kapucnis-kabat-tobb-szinben\/#primaryimage\"},\"image\":{\"@id\":\"https:\/\/allezfencing.eu\/webshop\/polok-es-egyeb-kiegeszitok\/allez-fencing-felsok\/allez-fencing-softshell-kapucnis-kabat-tobb-szinben\/#primaryimage\"},\"thumbnailUrl\":\"https:\/\/allezfencing.eu\/wp-content\/uploads\/2025\/12\/kapucnis1-scaled-1.jpg\",\"datePublished\":\"2025-12-08T17:51:25+00:00\",\"dateModified\":\"2026-03-09T13:25:13+00:00\",\"breadcrumb\":{\"@id\":\"https:\/\/allezfencing.eu\/webshop\/polok-es-egyeb-kiegeszitok\/allez-fencing-felsok\/allez-fencing-softshell-kapucnis-kabat-tobb-szinben\/#breadcrumb\"},\"inLanguage\":\"en-GB\",\"potentialAction\":[{\"@type\":\"ReadAction\",\"target\":[\"https:\/\/allezfencing.eu\/webshop\/polok-es-egyeb-kiegeszitok\/allez-fencing-felsok\/allez-fencing-softshell-kapucnis-kabat-tobb-szinben\/\"]}]},{\"@type\":\"ImageObject\",\"inLanguage\":\"en-GB\",\"@id\":\"https:\/\/allezfencing.eu\/webshop\/polok-es-egyeb-kiegeszitok\/allez-fencing-felsok\/allez-fencing-softshell-kapucnis-kabat-tobb-szinben\/#primaryimage\",\"url\":\"https:\/\/allezfencing.eu\/wp-content\/uploads\/2025\/12\/kapucnis1-scaled-1.jpg\",\"contentUrl\":\"https:\/\/allezfencing.eu\/wp-content\/uploads\/2025\/12\/kapucnis1-scaled-1.jpg\",\"width\":1440,\"height\":2560},{\"@type\":\"BreadcrumbList\",\"@id\":\"https:\/\/allezfencing.eu\/webshop\/polok-es-egyeb-kiegeszitok\/allez-fencing-felsok\/allez-fencing-softshell-kapucnis-kabat-tobb-szinben\/#breadcrumb\",\"itemListElement\":[{\"@type\":\"ListItem\",\"position\":1,\"name\":\"Kezd\u0151lap\",\"item\":\"https:\/\/allezfencing.eu\/\"},{\"@type\":\"ListItem\",\"position\":2,\"name\":\"Webshop\",\"item\":\"https:\/\/allezfencing.eu\/webshop\/\"},{\"@type\":\"ListItem\",\"position\":3,\"name\":\"POL\u00d3K \u00c9S EGY\u00c9B KIEG\u00c9SZ\u00cdT\u0150K\",\"item\":\"https:\/\/allezfencing.eu\/termekkategoria\/polok-es-egyeb-kiegeszitok\/\"},{\"@type\":\"ListItem\",\"position\":4,\"name\":\"&#8222;Allez-Fencing&#8221; softshell kapucnis kab\u00e1t, t\u00f6bb sz\u00ednben\"}]},{\"@type\":\"WebSite\",\"@id\":\"https:\/\/allezfencing.eu\/#website\",\"url\":\"https:\/\/allezfencing.eu\/\",\"name\":\"Allez Fencing\",\"description\":\"Minden ami v\u00edv\u00e1s\",\"publisher\":{\"@id\":\"https:\/\/allezfencing.eu\/#organization\"},\"potentialAction\":[{\"@type\":\"SearchAction\",\"target\":{\"@type\":\"EntryPoint\",\"urlTemplate\":\"https:\/\/allezfencing.eu\/?s={search_term_string}\"},\"query-input\":{\"@type\":\"PropertyValueSpecification\",\"valueRequired\":true,\"valueName\":\"search_term_string\"}}],\"inLanguage\":\"en-GB\"},{\"@type\":\"Organization\",\"@id\":\"https:\/\/allezfencing.eu\/#organization\",\"name\":\"Panama Etet\u0151haj\u00f3k\",\"url\":\"https:\/\/allezfencing.eu\/\",\"logo\":{\"@type\":\"ImageObject\",\"inLanguage\":\"en-GB\",\"@id\":\"https:\/\/allezfencing.eu\/#\/schema\/logo\/image\/\",\"url\":\"https:\/\/allezfencing.eu\/wp-content\/uploads\/2025\/03\/etetohajo.eu-panama-site-icon.webp\",\"contentUrl\":\"https:\/\/allezfencing.eu\/wp-content\/uploads\/2025\/03\/etetohajo.eu-panama-site-icon.webp\",\"width\":512,\"height\":512,\"caption\":\"Panama Etet\u0151haj\u00f3k\"},\"image\":{\"@id\":\"https:\/\/allezfencing.eu\/#\/schema\/logo\/image\/\"},\"sameAs\":[\"https:\/\/www.facebook.com\/panamaetetohajo\"]}]}<\/script>\n<!-- \/ Yoast SEO plugin. -->","yoast_head_json":{"title":"\"Allez-Fencing\" softshell kapucnis kab\u00e1t, t\u00f6bb sz\u00ednben | Allez Fencing","robots":{"index":"index","follow":"follow","max-snippet":"max-snippet:-1","max-image-preview":"max-image-preview:large","max-video-preview":"max-video-preview:-1"},"canonical":"https:\/\/allezfencing.eu\/en\/webshop\/polok-es-egyeb-kiegeszitok\/allez-fencing-felsok\/allez-fencing-softshell-kapucnis-kabat-tobb-szinben\/","og_locale":"en_GB","og_type":"article","og_title":"\"Allez-Fencing\" softshell kapucnis kab\u00e1t, t\u00f6bb sz\u00ednben | Allez Fencing","og_description":"Allez-Fencing softshell kapucnis kab\u00e1t  A csatolt m\u00e9rett\u00e1bl\u00e1zat alapj\u00e1n k\u00e9rj\u00fck a m\u00e9ret(ek) megad\u00e1s\u00e1t!\u00a0\u00a0 LINK","og_url":"https:\/\/allezfencing.eu\/en\/webshop\/polok-es-egyeb-kiegeszitok\/allez-fencing-felsok\/allez-fencing-softshell-kapucnis-kabat-tobb-szinben\/","og_site_name":"Allez Fencing","article_publisher":"https:\/\/www.facebook.com\/panamaetetohajo","article_modified_time":"2026-03-09T13:25:13+00:00","og_image":[{"width":1440,"height":2560,"url":"https:\/\/allezfencing.eu\/wp-content\/uploads\/2025\/12\/kapucnis1-scaled-1.jpg","type":"image\/jpeg"}],"twitter_card":"summary_large_image","twitter_misc":{"Estimated reading time":"1 minute"},"schema":{"@context":"https:\/\/schema.org","@graph":[{"@type":"WebPage","@id":"https:\/\/allezfencing.eu\/webshop\/polok-es-egyeb-kiegeszitok\/allez-fencing-felsok\/allez-fencing-softshell-kapucnis-kabat-tobb-szinben\/","url":"https:\/\/allezfencing.eu\/webshop\/polok-es-egyeb-kiegeszitok\/allez-fencing-felsok\/allez-fencing-softshell-kapucnis-kabat-tobb-szinben\/","name":"\"Allez-Fencing\" softshell kapucnis kab\u00e1t, t\u00f6bb sz\u00ednben | Allez Fencing","isPartOf":{"@id":"https:\/\/allezfencing.eu\/#website"},"primaryImageOfPage":{"@id":"https:\/\/allezfencing.eu\/webshop\/polok-es-egyeb-kiegeszitok\/allez-fencing-felsok\/allez-fencing-softshell-kapucnis-kabat-tobb-szinben\/#primaryimage"},"image":{"@id":"https:\/\/allezfencing.eu\/webshop\/polok-es-egyeb-kiegeszitok\/allez-fencing-felsok\/allez-fencing-softshell-kapucnis-kabat-tobb-szinben\/#primaryimage"},"thumbnailUrl":"https:\/\/allezfencing.eu\/wp-content\/uploads\/2025\/12\/kapucnis1-scaled-1.jpg","datePublished":"2025-12-08T17:51:25+00:00","dateModified":"2026-03-09T13:25:13+00:00","breadcrumb":{"@id":"https:\/\/allezfencing.eu\/webshop\/polok-es-egyeb-kiegeszitok\/allez-fencing-felsok\/allez-fencing-softshell-kapucnis-kabat-tobb-szinben\/#breadcrumb"},"inLanguage":"en-GB","potentialAction":[{"@type":"ReadAction","target":["https:\/\/allezfencing.eu\/webshop\/polok-es-egyeb-kiegeszitok\/allez-fencing-felsok\/allez-fencing-softshell-kapucnis-kabat-tobb-szinben\/"]}]},{"@type":"ImageObject","inLanguage":"en-GB","@id":"https:\/\/allezfencing.eu\/webshop\/polok-es-egyeb-kiegeszitok\/allez-fencing-felsok\/allez-fencing-softshell-kapucnis-kabat-tobb-szinben\/#primaryimage","url":"https:\/\/allezfencing.eu\/wp-content\/uploads\/2025\/12\/kapucnis1-scaled-1.jpg","contentUrl":"https:\/\/allezfencing.eu\/wp-content\/uploads\/2025\/12\/kapucnis1-scaled-1.jpg","width":1440,"height":2560},{"@type":"BreadcrumbList","@id":"https:\/\/allezfencing.eu\/webshop\/polok-es-egyeb-kiegeszitok\/allez-fencing-felsok\/allez-fencing-softshell-kapucnis-kabat-tobb-szinben\/#breadcrumb","itemListElement":[{"@type":"ListItem","position":1,"name":"Kezd\u0151lap","item":"https:\/\/allezfencing.eu\/"},{"@type":"ListItem","position":2,"name":"Webshop","item":"https:\/\/allezfencing.eu\/webshop\/"},{"@type":"ListItem","position":3,"name":"POL\u00d3K \u00c9S EGY\u00c9B KIEG\u00c9SZ\u00cdT\u0150K","item":"https:\/\/allezfencing.eu\/termekkategoria\/polok-es-egyeb-kiegeszitok\/"},{"@type":"ListItem","position":4,"name":"&#8222;Allez-Fencing&#8221; softshell kapucnis kab\u00e1t, t\u00f6bb sz\u00ednben"}]},{"@type":"WebSite","@id":"https:\/\/allezfencing.eu\/#website","url":"https:\/\/allezfencing.eu\/","name":"Allez Fencing","description":"Minden ami v\u00edv\u00e1s","publisher":{"@id":"https:\/\/allezfencing.eu\/#organization"},"potentialAction":[{"@type":"SearchAction","target":{"@type":"EntryPoint","urlTemplate":"https:\/\/allezfencing.eu\/?s={search_term_string}"},"query-input":{"@type":"PropertyValueSpecification","valueRequired":true,"valueName":"search_term_string"}}],"inLanguage":"en-GB"},{"@type":"Organization","@id":"https:\/\/allezfencing.eu\/#organization","name":"Panama Feeding boats","url":"https:\/\/allezfencing.eu\/","logo":{"@type":"ImageObject","inLanguage":"en-GB","@id":"https:\/\/allezfencing.eu\/#\/schema\/logo\/image\/","url":"https:\/\/allezfencing.eu\/wp-content\/uploads\/2025\/03\/etetohajo.eu-panama-site-icon.webp","contentUrl":"https:\/\/allezfencing.eu\/wp-content\/uploads\/2025\/03\/etetohajo.eu-panama-site-icon.webp","width":512,"height":512,"caption":"Panama Etet\u0151haj\u00f3k"},"image":{"@id":"https:\/\/allezfencing.eu\/#\/schema\/logo\/image\/"},"sameAs":["https:\/\/www.facebook.com\/panamaetetohajo"]}]}},"_links":{"self":[{"href":"https:\/\/allezfencing.eu\/en\/wp-json\/wp\/v2\/product\/15635","targetHints":{"allow":["GET"]}}],"collection":[{"href":"https:\/\/allezfencing.eu\/en\/wp-json\/wp\/v2\/product"}],"about":[{"href":"https:\/\/allezfencing.eu\/en\/wp-json\/wp\/v2\/types\/product"}],"replies":[{"embeddable":true,"href":"https:\/\/allezfencing.eu\/en\/wp-json\/wp\/v2\/comments?post=15635"}],"version-history":[{"count":1,"href":"https:\/\/allezfencing.eu\/en\/wp-json\/wp\/v2\/product\/15635\/revisions"}],"predecessor-version":[{"id":16051,"href":"https:\/\/allezfencing.eu\/en\/wp-json\/wp\/v2\/product\/15635\/revisions\/16051"}],"wp:featuredmedia":[{"embeddable":true,"href":"https:\/\/allezfencing.eu\/en\/wp-json\/wp\/v2\/media\/15636"}],"wp:attachment":[{"href":"https:\/\/allezfencing.eu\/en\/wp-json\/wp\/v2\/media?parent=15635"}],"wp:term":[{"taxonomy":"product_brand","embeddable":true,"href":"https:\/\/allezfencing.eu\/en\/wp-json\/wp\/v2\/product_brand?post=15635"},{"taxonomy":"product_cat","embeddable":true,"href":"https:\/\/allezfencing.eu\/en\/wp-json\/wp\/v2\/product_cat?post=15635"},{"taxonomy":"product_tag","embeddable":true,"href":"https:\/\/allezfencing.eu\/en\/wp-json\/wp\/v2\/product_tag?post=15635"}],"curies":[{"name":"wp","href":"https:\/\/api.w.org\/{rel}","templated":true}]}}