{"id":15646,"date":"2025-12-08T18:51:25","date_gmt":"2025-12-08T17:51:25","guid":{"rendered":"https:\/\/infiniteq.org\/webshop\/nem-kategorizalt\/allez-fencing-1600-n-kard-fejved-kiveheto-belessel\/"},"modified":"2026-04-01T08:50:30","modified_gmt":"2026-04-01T06:50:30","slug":"allez-fencing-1600-n-kard-fejved-kiveheto-belessel","status":"publish","type":"product","link":"https:\/\/allezfencing.eu\/en\/webshop\/fejvedek\/kard-fejvedek\/allez-fencing-1600-n-kard-fejved-kiveheto-belessel\/","title":{"rendered":"Allez-Fencing 1600 N Kard Fejv\u00e9d, kivehet\u0151 b\u00e9l\u00e9ssel"},"content":{"rendered":"<div data-elementor-type=\"product-post\" data-elementor-id=\"15646\" class=\"elementor elementor-15646\" data-elementor-post-type=\"product\">\n\t\t\t\t<div class=\"wd-negative-gap elementor-element elementor-element-8ea4fef e-flex e-con-boxed e-con e-parent\" data-id=\"8ea4fef\" data-element_type=\"container\" data-e-type=\"container\">\n\t\t\t\t\t<div class=\"e-con-inner\">\n\t\t\t\t<div class=\"elementor-element elementor-element-54e7d8d5 color-scheme-inherit text-left elementor-widget elementor-widget-text-editor\" data-id=\"54e7d8d5\" data-element_type=\"widget\" data-e-type=\"widget\" data-widget_type=\"text-editor.default\">\n\t\t\t\t<div class=\"elementor-widget-container\">\n\t\t\t\t\t\t\t\t\t<h1 data-start=\"178\" data-end=\"250\"><strong data-start=\"180\" data-end=\"250\">Allez Fencing 1600N Kard Fejv\u00e9d \u2013 Kivehet\u0151 B\u00e9l\u00e9ses Profi V\u00edv\u00f3maszk<\/strong><\/h1>\n<h2 data-start=\"252\" data-end=\"267\">Term\u00e9kle\u00edr\u00e1s<\/h2>\n<p data-start=\"269\" data-end=\"605\">Az <strong data-start=\"272\" data-end=\"307\">Allez Fencing 1600N kard fejv\u00e9d<\/strong> egy megb\u00edzhat\u00f3, versenyz\u00e9sre is alkalmas v\u00edv\u00f3maszk, amelyet kifejezetten <strong data-start=\"381\" data-end=\"397\">kardv\u00edv\u00e1shoz<\/strong> terveztek. A <strong data-start=\"411\" data-end=\"449\">1600N szak\u00edt\u00f3szil\u00e1rds\u00e1g\u00fa v\u00e9d\u0151anyag<\/strong> magas szint\u0171 biztons\u00e1got ny\u00fajt edz\u00e9seken \u00e9s versenyeken egyar\u00e1nt, mik\u00f6zben a k\u00e9nyelmes kialak\u00edt\u00e1s hosszabb haszn\u00e1lat sor\u00e1n is komfortos viseletet biztos\u00edt.<\/p>\n<p data-start=\"607\" data-end=\"888\">A fejv\u00e9d <strong data-start=\"616\" data-end=\"648\">kivehet\u0151 \u00e9s moshat\u00f3 b\u00e9l\u00e9ssel<\/strong> rendelkezik, amely higi\u00e9nikus haszn\u00e1latot tesz lehet\u0151v\u00e9, k\u00fcl\u00f6n\u00f6sen intenz\u00edv edz\u00e9sek eset\u00e9n. Az ergonomikus forma \u00e9s a stabil r\u00f6gz\u00edt\u00e9s garant\u00e1lja, hogy a fejv\u00e9d <strong data-start=\"809\" data-end=\"839\">biztons\u00e1gosan illeszkedjen<\/strong>, mik\u00f6zben optim\u00e1lis l\u00e1t\u00f3teret biztos\u00edt a p\u00e1ston.<\/p>\n<p data-start=\"890\" data-end=\"1044\">Az <strong data-start=\"893\" data-end=\"917\">Allez Fencing fejv\u00e9d<\/strong> ide\u00e1lis v\u00e1laszt\u00e1s mind <strong data-start=\"941\" data-end=\"986\">halad\u00f3 v\u00edv\u00f3k, klubok, edz\u0151k \u00e9s versenyz\u0151k<\/strong> sz\u00e1m\u00e1ra, akik megb\u00edzhat\u00f3 \u00e9s tart\u00f3s felszerel\u00e9st keresnek.<\/p>\n\n\n<hr data-start=\"1046\" data-end=\"1049\" \/>\n\n<h2 data-start=\"1051\" data-end=\"1068\">Main features<\/h2>\n<p data-start=\"1070\" data-end=\"1487\">\u2714 <strong data-start=\"1072\" data-end=\"1095\">1600N v\u00e9delmi szint<\/strong> \u2013 versenyz\u00e9shez is megfelel\u0151 szak\u00edt\u00f3szil\u00e1rds\u00e1g<br data-start=\"1142\" data-end=\"1145\" \/>\u2714 <strong data-start=\"1147\" data-end=\"1187\">Kardv\u00edv\u00e1shoz optimaliz\u00e1lt kialak\u00edt\u00e1s<\/strong><br data-start=\"1187\" data-end=\"1190\" \/>\u2714 <strong data-start=\"1192\" data-end=\"1227\">Kivehet\u0151 \u00e9s moshat\u00f3 bels\u0151 b\u00e9l\u00e9s<\/strong> a jobb higi\u00e9nia \u00e9rdek\u00e9ben<br data-start=\"1253\" data-end=\"1256\" \/>\u2714 <strong data-start=\"1258\" data-end=\"1292\">Stabil \u00e9s biztons\u00e1gos r\u00f6gz\u00edt\u00e9s<\/strong> a megfelel\u0151 illeszked\u00e9shez<br data-start=\"1319\" data-end=\"1322\" \/>\u2714 <strong data-start=\"1324\" data-end=\"1351\">Er\u0151s ac\u00e9l r\u00e1csszerkezet<\/strong> a maxim\u00e1lis arcv\u00e9delem\u00e9rt<br data-start=\"1377\" data-end=\"1380\" \/>\u2714 <strong data-start=\"1382\" data-end=\"1429\">K\u00e9nyelmes viselet hosszabb edz\u00e9sek sor\u00e1n is<\/strong><br data-start=\"1429\" data-end=\"1432\" \/>\u2714 <strong data-start=\"1434\" data-end=\"1466\">Tart\u00f3s \u00e9s strapab\u00edr\u00f3 kivitel<\/strong> intenz\u00edv haszn\u00e1latra<\/p>\n\n\n<hr data-start=\"1489\" data-end=\"1492\" \/>\n\n<h2 data-start=\"1494\" data-end=\"1531\">Mi\u00e9rt v\u00e1laszd ezt a v\u00edv\u00f3 fejv\u00e9det?<\/h2>\n<p data-start=\"1533\" data-end=\"1936\">\ud83e\udd47 <strong data-start=\"1536\" data-end=\"1559\">Megb\u00edzhat\u00f3 v\u00e9delem:<\/strong> a 1600N min\u0151s\u00edt\u00e9s magas szint\u0171 biztons\u00e1got biztos\u00edt.<br data-start=\"1612\" data-end=\"1615\" \/>\ud83d\udee1 <strong data-start=\"1618\" data-end=\"1641\">Versenyre alkalmas:<\/strong> ide\u00e1lis v\u00e1laszt\u00e1s komoly v\u00edv\u00f3knak \u00e9s kluboknak.<br data-start=\"1689\" data-end=\"1692\" \/>\ud83e\uddfc <strong data-start=\"1695\" data-end=\"1719\">K\u00f6nnyen tiszt\u00edthat\u00f3:<\/strong> a kivehet\u0151 b\u00e9l\u00e9snek k\u00f6sz\u00f6nhet\u0151en higi\u00e9nikus haszn\u00e1lat.<br data-start=\"1774\" data-end=\"1777\" \/>\u2694 <strong data-start=\"1779\" data-end=\"1805\">Kardv\u00edv\u00e1shoz tervezve:<\/strong> a kialak\u00edt\u00e1s megfelel a kardv\u00edv\u00e1s speci\u00e1lis ig\u00e9nyeinek.<br data-start=\"1861\" data-end=\"1864\" \/>\ud83d\udcaa <strong data-start=\"1867\" data-end=\"1889\">Hossz\u00fa \u00e9lettartam:<\/strong> strapab\u00edr\u00f3 konstrukci\u00f3 rendszeres haszn\u00e1latra.<\/p>\n\n\n<hr data-start=\"1938\" data-end=\"1941\" \/>\n\n<h2 data-start=\"1943\" data-end=\"1988\">\u00c9letst\u00edlus \u2013 edz\u00e9s \u00e9s verseny magabiztosan<\/h2>\n<p data-start=\"1990\" data-end=\"2253\">Ak\u00e1r napi edz\u00e9seken, ak\u00e1r versenyeken haszn\u00e1lod, az <strong data-start=\"2042\" data-end=\"2071\">Allez Fencing kard fejv\u00e9d<\/strong> biztos\u00edtja a sz\u00fcks\u00e9ges v\u00e9delmet \u00e9s komfortot. A stabil illeszked\u00e9s \u00e9s a j\u00f3 szell\u0151z\u00e9s lehet\u0151v\u00e9 teszi, hogy teljes m\u00e9rt\u00e9kben a <strong data-start=\"2197\" data-end=\"2252\">technik\u00e1ra \u00e9s a teljes\u00edtm\u00e9nyre koncentr\u00e1lj a p\u00e1ston<\/strong>.<\/p>\n\n\n<hr data-start=\"2255\" data-end=\"2258\" \/>\n\n<h2 data-start=\"2260\" data-end=\"2286\">Gyakori k\u00e9rd\u00e9sek (GYIK)<\/h2>\n<p data-start=\"2288\" data-end=\"2503\"><strong data-start=\"2288\" data-end=\"2331\">Versenyeken is haszn\u00e1lhat\u00f3 ez a fejv\u00e9d?<\/strong><br data-start=\"2331\" data-end=\"2334\" \/>Igen, a <strong data-start=\"2342\" data-end=\"2365\">1600N v\u00e9delmi szint<\/strong> megfelel a magasabb biztons\u00e1gi k\u00f6vetelm\u00e9nyeknek, \u00edgy versenyz\u00e9shez is megfelel\u0151 lehet (a konkr\u00e9t versenyszab\u00e1lyzat ellen\u0151rz\u00e9se javasolt).<\/p>\n<p data-start=\"2505\" data-end=\"2625\"><strong data-start=\"2505\" data-end=\"2532\">Kivehet\u0151 a bels\u0151 b\u00e9l\u00e9s?<\/strong><br data-start=\"2532\" data-end=\"2535\" \/>Igen, a fejv\u00e9d <strong data-start=\"2550\" data-end=\"2582\">kivehet\u0151 \u00e9s moshat\u00f3 b\u00e9l\u00e9ssel<\/strong> rendelkezik, ami megk\u00f6nny\u00edti a tiszt\u00edt\u00e1st.<\/p>\n<p data-start=\"2627\" data-end=\"2700\"><strong data-start=\"2627\" data-end=\"2660\">Milyen fegyvernemhez k\u00e9sz\u00fclt?<\/strong><br data-start=\"2660\" data-end=\"2663\" \/>Ez a modell <strong data-start=\"2675\" data-end=\"2691\">kardv\u00edv\u00e1shoz<\/strong> k\u00e9sz\u00fclt.<\/p>\n<p data-start=\"2702\" data-end=\"2825\"><strong data-start=\"2702\" data-end=\"2734\">Hogyan tiszt\u00edthat\u00f3 a fejv\u00e9d?<\/strong><br data-start=\"2734\" data-end=\"2737\" \/>A bels\u0151 b\u00e9l\u00e9s elt\u00e1vol\u00edthat\u00f3 \u00e9s moshat\u00f3, a fejv\u00e9d k\u00fcls\u0151 r\u00e9sze nedves ruh\u00e1val tiszt\u00edthat\u00f3.<\/p>\t\t\t\t\t\t\t\t<\/div>\n\t\t\t\t<\/div>\n\t\t\t\t\t<\/div>\n\t\t\t\t<\/div>\n\t\t\t\t<\/div>","protected":false},"excerpt":{"rendered":"<p>Allez-Fencing 1600N Kard Fejv\u00e9d \u2013 Kivehet\u0151 b\u00e9l\u00e9ssel, versenyre is<\/p>","protected":false},"featured_media":15647,"comment_status":"open","ping_status":"closed","template":"","meta":[],"product_brand":[317],"product_cat":[771],"product_tag":[],"class_list":{"0":"post-15646","1":"product","2":"type-product","3":"status-publish","4":"has-post-thumbnail","6":"product_brand-allez-fencing","7":"product_cat-kard-fejvedek","9":"first","10":"instock","11":"taxable","12":"shipping-taxable","13":"purchasable","14":"product-type-simple"},"yoast_head":"<!-- This site is optimized with the Yoast SEO plugin v27.5 - https:\/\/yoast.com\/product\/yoast-seo-wordpress\/ -->\n<title>Allez-Fencing 1600 N Kard Fejv\u00e9d, kivehet\u0151 b\u00e9l\u00e9ssel | Allez Fencing<\/title>\n<meta name=\"description\" content=\"Allez 1600N kard fejv\u00e9d kivehet\u0151 b\u00e9l\u00e9ssel. Verseny v\u00e9delem \u00e9s k\u00e9nyelmes kialak\u00edt\u00e1s kardv\u00edv\u00e1shoz.\" \/>\n<meta name=\"robots\" content=\"index, follow, max-snippet:-1, max-image-preview:large, max-video-preview:-1\" \/>\n<link rel=\"canonical\" href=\"https:\/\/allezfencing.eu\/en\/webshop\/fejvedek\/kard-fejvedek\/allez-fencing-1600-n-kard-fejved-kiveheto-belessel\/\" \/>\n<meta property=\"og:locale\" content=\"en_GB\" \/>\n<meta property=\"og:type\" content=\"article\" \/>\n<meta property=\"og:title\" content=\"Allez-Fencing 1600 N Kard Fejv\u00e9d, kivehet\u0151 b\u00e9l\u00e9ssel | Allez Fencing\" \/>\n<meta property=\"og:description\" content=\"Allez 1600N kard fejv\u00e9d kivehet\u0151 b\u00e9l\u00e9ssel. Verseny v\u00e9delem \u00e9s k\u00e9nyelmes kialak\u00edt\u00e1s kardv\u00edv\u00e1shoz.\" \/>\n<meta property=\"og:url\" content=\"https:\/\/allezfencing.eu\/en\/webshop\/fejvedek\/kard-fejvedek\/allez-fencing-1600-n-kard-fejved-kiveheto-belessel\/\" \/>\n<meta property=\"og:site_name\" content=\"Allez Fencing\" \/>\n<meta property=\"article:publisher\" content=\"https:\/\/www.facebook.com\/panamaetetohajo\" \/>\n<meta property=\"article:modified_time\" content=\"2026-04-01T06:50:30+00:00\" \/>\n<meta property=\"og:image\" content=\"https:\/\/allezfencing.eu\/wp-content\/uploads\/2025\/12\/9.png\" \/>\n\t<meta property=\"og:image:width\" content=\"1050\" \/>\n\t<meta property=\"og:image:height\" content=\"1050\" \/>\n\t<meta property=\"og:image:type\" content=\"image\/png\" \/>\n<meta name=\"twitter:card\" content=\"summary_large_image\" \/>\n<meta name=\"twitter:label1\" content=\"Estimated reading time\" \/>\n\t<meta name=\"twitter:data1\" content=\"2 minutes\" \/>\n<script type=\"application\/ld+json\" class=\"yoast-schema-graph\">{\"@context\":\"https:\\\/\\\/schema.org\",\"@graph\":[{\"@type\":\"WebPage\",\"@id\":\"https:\\\/\\\/allezfencing.eu\\\/webshop\\\/fejvedek\\\/kard-fejvedek\\\/allez-fencing-1600-n-kard-fejved-kiveheto-belessel\\\/\",\"url\":\"https:\\\/\\\/allezfencing.eu\\\/webshop\\\/fejvedek\\\/kard-fejvedek\\\/allez-fencing-1600-n-kard-fejved-kiveheto-belessel\\\/\",\"name\":\"Allez-Fencing 1600 N Kard Fejv\u00e9d, kivehet\u0151 b\u00e9l\u00e9ssel | Allez Fencing\",\"isPartOf\":{\"@id\":\"https:\\\/\\\/allezfencing.eu\\\/#website\"},\"primaryImageOfPage\":{\"@id\":\"https:\\\/\\\/allezfencing.eu\\\/webshop\\\/fejvedek\\\/kard-fejvedek\\\/allez-fencing-1600-n-kard-fejved-kiveheto-belessel\\\/#primaryimage\"},\"image\":{\"@id\":\"https:\\\/\\\/allezfencing.eu\\\/webshop\\\/fejvedek\\\/kard-fejvedek\\\/allez-fencing-1600-n-kard-fejved-kiveheto-belessel\\\/#primaryimage\"},\"thumbnailUrl\":\"https:\\\/\\\/allezfencing.eu\\\/wp-content\\\/uploads\\\/2025\\\/12\\\/9.png\",\"datePublished\":\"2025-12-08T17:51:25+00:00\",\"dateModified\":\"2026-04-01T06:50:30+00:00\",\"description\":\"Allez 1600N kard fejv\u00e9d kivehet\u0151 b\u00e9l\u00e9ssel. Verseny v\u00e9delem \u00e9s k\u00e9nyelmes kialak\u00edt\u00e1s kardv\u00edv\u00e1shoz.\",\"breadcrumb\":{\"@id\":\"https:\\\/\\\/allezfencing.eu\\\/webshop\\\/fejvedek\\\/kard-fejvedek\\\/allez-fencing-1600-n-kard-fejved-kiveheto-belessel\\\/#breadcrumb\"},\"inLanguage\":\"en-GB\",\"potentialAction\":[{\"@type\":\"ReadAction\",\"target\":[\"https:\\\/\\\/allezfencing.eu\\\/webshop\\\/fejvedek\\\/kard-fejvedek\\\/allez-fencing-1600-n-kard-fejved-kiveheto-belessel\\\/\"]}]},{\"@type\":\"ImageObject\",\"inLanguage\":\"en-GB\",\"@id\":\"https:\\\/\\\/allezfencing.eu\\\/webshop\\\/fejvedek\\\/kard-fejvedek\\\/allez-fencing-1600-n-kard-fejved-kiveheto-belessel\\\/#primaryimage\",\"url\":\"https:\\\/\\\/allezfencing.eu\\\/wp-content\\\/uploads\\\/2025\\\/12\\\/9.png\",\"contentUrl\":\"https:\\\/\\\/allezfencing.eu\\\/wp-content\\\/uploads\\\/2025\\\/12\\\/9.png\",\"width\":1050,\"height\":1050},{\"@type\":\"BreadcrumbList\",\"@id\":\"https:\\\/\\\/allezfencing.eu\\\/webshop\\\/fejvedek\\\/kard-fejvedek\\\/allez-fencing-1600-n-kard-fejved-kiveheto-belessel\\\/#breadcrumb\",\"itemListElement\":[{\"@type\":\"ListItem\",\"position\":1,\"name\":\"Kezd\u0151lap\",\"item\":\"https:\\\/\\\/allezfencing.eu\\\/\"},{\"@type\":\"ListItem\",\"position\":2,\"name\":\"Webshop\",\"item\":\"https:\\\/\\\/allezfencing.eu\\\/webshop\\\/\"},{\"@type\":\"ListItem\",\"position\":3,\"name\":\"FEJV\u00c9DEK\",\"item\":\"https:\\\/\\\/allezfencing.eu\\\/termekkategoria\\\/fejvedek\\\/\"},{\"@type\":\"ListItem\",\"position\":4,\"name\":\"KARD FEJV\u00c9DEK\",\"item\":\"https:\\\/\\\/allezfencing.eu\\\/termekkategoria\\\/fejvedek\\\/kard-fejvedek\\\/\"},{\"@type\":\"ListItem\",\"position\":5,\"name\":\"Allez-Fencing 1600 N Kard Fejv\u00e9d, kivehet\u0151 b\u00e9l\u00e9ssel\"}]},{\"@type\":\"WebSite\",\"@id\":\"https:\\\/\\\/allezfencing.eu\\\/#website\",\"url\":\"https:\\\/\\\/allezfencing.eu\\\/\",\"name\":\"Allez Fencing\",\"description\":\"Minden ami v\u00edv\u00e1s\",\"publisher\":{\"@id\":\"https:\\\/\\\/allezfencing.eu\\\/#organization\"},\"potentialAction\":[{\"@type\":\"SearchAction\",\"target\":{\"@type\":\"EntryPoint\",\"urlTemplate\":\"https:\\\/\\\/allezfencing.eu\\\/?s={search_term_string}\"},\"query-input\":{\"@type\":\"PropertyValueSpecification\",\"valueRequired\":true,\"valueName\":\"search_term_string\"}}],\"inLanguage\":\"en-GB\"},{\"@type\":\"Organization\",\"@id\":\"https:\\\/\\\/allezfencing.eu\\\/#organization\",\"name\":\"Panama Etet\u0151haj\u00f3k\",\"url\":\"https:\\\/\\\/allezfencing.eu\\\/\",\"logo\":{\"@type\":\"ImageObject\",\"inLanguage\":\"en-GB\",\"@id\":\"https:\\\/\\\/allezfencing.eu\\\/#\\\/schema\\\/logo\\\/image\\\/\",\"url\":\"https:\\\/\\\/allezfencing.eu\\\/wp-content\\\/uploads\\\/2025\\\/03\\\/etetohajo.eu-panama-site-icon.webp\",\"contentUrl\":\"https:\\\/\\\/allezfencing.eu\\\/wp-content\\\/uploads\\\/2025\\\/03\\\/etetohajo.eu-panama-site-icon.webp\",\"width\":512,\"height\":512,\"caption\":\"Panama Etet\u0151haj\u00f3k\"},\"image\":{\"@id\":\"https:\\\/\\\/allezfencing.eu\\\/#\\\/schema\\\/logo\\\/image\\\/\"},\"sameAs\":[\"https:\\\/\\\/www.facebook.com\\\/panamaetetohajo\"]}]}<\/script>\n<!-- \/ Yoast SEO plugin. -->","yoast_head_json":{"title":"Allez-Fencing 1600 N Kard Fejv\u00e9d, kivehet\u0151 b\u00e9l\u00e9ssel | Allez Fencing","description":"Allez 1600N kard fejv\u00e9d kivehet\u0151 b\u00e9l\u00e9ssel. Verseny v\u00e9delem \u00e9s k\u00e9nyelmes kialak\u00edt\u00e1s kardv\u00edv\u00e1shoz.","robots":{"index":"index","follow":"follow","max-snippet":"max-snippet:-1","max-image-preview":"max-image-preview:large","max-video-preview":"max-video-preview:-1"},"canonical":"https:\/\/allezfencing.eu\/en\/webshop\/fejvedek\/kard-fejvedek\/allez-fencing-1600-n-kard-fejved-kiveheto-belessel\/","og_locale":"en_GB","og_type":"article","og_title":"Allez-Fencing 1600 N Kard Fejv\u00e9d, kivehet\u0151 b\u00e9l\u00e9ssel | Allez Fencing","og_description":"Allez 1600N kard fejv\u00e9d kivehet\u0151 b\u00e9l\u00e9ssel. Verseny v\u00e9delem \u00e9s k\u00e9nyelmes kialak\u00edt\u00e1s kardv\u00edv\u00e1shoz.","og_url":"https:\/\/allezfencing.eu\/en\/webshop\/fejvedek\/kard-fejvedek\/allez-fencing-1600-n-kard-fejved-kiveheto-belessel\/","og_site_name":"Allez Fencing","article_publisher":"https:\/\/www.facebook.com\/panamaetetohajo","article_modified_time":"2026-04-01T06:50:30+00:00","og_image":[{"width":1050,"height":1050,"url":"https:\/\/allezfencing.eu\/wp-content\/uploads\/2025\/12\/9.png","type":"image\/png"}],"twitter_card":"summary_large_image","twitter_misc":{"Estimated reading time":"2 minutes"},"schema":{"@context":"https:\/\/schema.org","@graph":[{"@type":"WebPage","@id":"https:\/\/allezfencing.eu\/webshop\/fejvedek\/kard-fejvedek\/allez-fencing-1600-n-kard-fejved-kiveheto-belessel\/","url":"https:\/\/allezfencing.eu\/webshop\/fejvedek\/kard-fejvedek\/allez-fencing-1600-n-kard-fejved-kiveheto-belessel\/","name":"Allez-Fencing 1600 N Kard Fejv\u00e9d, kivehet\u0151 b\u00e9l\u00e9ssel | Allez Fencing","isPartOf":{"@id":"https:\/\/allezfencing.eu\/#website"},"primaryImageOfPage":{"@id":"https:\/\/allezfencing.eu\/webshop\/fejvedek\/kard-fejvedek\/allez-fencing-1600-n-kard-fejved-kiveheto-belessel\/#primaryimage"},"image":{"@id":"https:\/\/allezfencing.eu\/webshop\/fejvedek\/kard-fejvedek\/allez-fencing-1600-n-kard-fejved-kiveheto-belessel\/#primaryimage"},"thumbnailUrl":"https:\/\/allezfencing.eu\/wp-content\/uploads\/2025\/12\/9.png","datePublished":"2025-12-08T17:51:25+00:00","dateModified":"2026-04-01T06:50:30+00:00","description":"Allez 1600N kard fejv\u00e9d kivehet\u0151 b\u00e9l\u00e9ssel. Verseny v\u00e9delem \u00e9s k\u00e9nyelmes kialak\u00edt\u00e1s kardv\u00edv\u00e1shoz.","breadcrumb":{"@id":"https:\/\/allezfencing.eu\/webshop\/fejvedek\/kard-fejvedek\/allez-fencing-1600-n-kard-fejved-kiveheto-belessel\/#breadcrumb"},"inLanguage":"en-GB","potentialAction":[{"@type":"ReadAction","target":["https:\/\/allezfencing.eu\/webshop\/fejvedek\/kard-fejvedek\/allez-fencing-1600-n-kard-fejved-kiveheto-belessel\/"]}]},{"@type":"ImageObject","inLanguage":"en-GB","@id":"https:\/\/allezfencing.eu\/webshop\/fejvedek\/kard-fejvedek\/allez-fencing-1600-n-kard-fejved-kiveheto-belessel\/#primaryimage","url":"https:\/\/allezfencing.eu\/wp-content\/uploads\/2025\/12\/9.png","contentUrl":"https:\/\/allezfencing.eu\/wp-content\/uploads\/2025\/12\/9.png","width":1050,"height":1050},{"@type":"BreadcrumbList","@id":"https:\/\/allezfencing.eu\/webshop\/fejvedek\/kard-fejvedek\/allez-fencing-1600-n-kard-fejved-kiveheto-belessel\/#breadcrumb","itemListElement":[{"@type":"ListItem","position":1,"name":"Kezd\u0151lap","item":"https:\/\/allezfencing.eu\/"},{"@type":"ListItem","position":2,"name":"Webshop","item":"https:\/\/allezfencing.eu\/webshop\/"},{"@type":"ListItem","position":3,"name":"FEJV\u00c9DEK","item":"https:\/\/allezfencing.eu\/termekkategoria\/fejvedek\/"},{"@type":"ListItem","position":4,"name":"KARD FEJV\u00c9DEK","item":"https:\/\/allezfencing.eu\/termekkategoria\/fejvedek\/kard-fejvedek\/"},{"@type":"ListItem","position":5,"name":"Allez-Fencing 1600 N Kard Fejv\u00e9d, kivehet\u0151 b\u00e9l\u00e9ssel"}]},{"@type":"WebSite","@id":"https:\/\/allezfencing.eu\/#website","url":"https:\/\/allezfencing.eu\/","name":"Allez Fencing","description":"Minden ami v\u00edv\u00e1s","publisher":{"@id":"https:\/\/allezfencing.eu\/#organization"},"potentialAction":[{"@type":"SearchAction","target":{"@type":"EntryPoint","urlTemplate":"https:\/\/allezfencing.eu\/?s={search_term_string}"},"query-input":{"@type":"PropertyValueSpecification","valueRequired":true,"valueName":"search_term_string"}}],"inLanguage":"en-GB"},{"@type":"Organization","@id":"https:\/\/allezfencing.eu\/#organization","name":"Panama Feeding boats","url":"https:\/\/allezfencing.eu\/","logo":{"@type":"ImageObject","inLanguage":"en-GB","@id":"https:\/\/allezfencing.eu\/#\/schema\/logo\/image\/","url":"https:\/\/allezfencing.eu\/wp-content\/uploads\/2025\/03\/etetohajo.eu-panama-site-icon.webp","contentUrl":"https:\/\/allezfencing.eu\/wp-content\/uploads\/2025\/03\/etetohajo.eu-panama-site-icon.webp","width":512,"height":512,"caption":"Panama Etet\u0151haj\u00f3k"},"image":{"@id":"https:\/\/allezfencing.eu\/#\/schema\/logo\/image\/"},"sameAs":["https:\/\/www.facebook.com\/panamaetetohajo"]}]}},"_links":{"self":[{"href":"https:\/\/allezfencing.eu\/en\/wp-json\/wp\/v2\/product\/15646","targetHints":{"allow":["GET"]}}],"collection":[{"href":"https:\/\/allezfencing.eu\/en\/wp-json\/wp\/v2\/product"}],"about":[{"href":"https:\/\/allezfencing.eu\/en\/wp-json\/wp\/v2\/types\/product"}],"replies":[{"embeddable":true,"href":"https:\/\/allezfencing.eu\/en\/wp-json\/wp\/v2\/comments?post=15646"}],"version-history":[{"count":0,"href":"https:\/\/allezfencing.eu\/en\/wp-json\/wp\/v2\/product\/15646\/revisions"}],"wp:featuredmedia":[{"embeddable":true,"href":"https:\/\/allezfencing.eu\/en\/wp-json\/wp\/v2\/media\/15647"}],"wp:attachment":[{"href":"https:\/\/allezfencing.eu\/en\/wp-json\/wp\/v2\/media?parent=15646"}],"wp:term":[{"taxonomy":"product_brand","embeddable":true,"href":"https:\/\/allezfencing.eu\/en\/wp-json\/wp\/v2\/product_brand?post=15646"},{"taxonomy":"product_cat","embeddable":true,"href":"https:\/\/allezfencing.eu\/en\/wp-json\/wp\/v2\/product_cat?post=15646"},{"taxonomy":"product_tag","embeddable":true,"href":"https:\/\/allezfencing.eu\/en\/wp-json\/wp\/v2\/product_tag?post=15646"}],"curies":[{"name":"wp","href":"https:\/\/api.w.org\/{rel}","templated":true}]}}