{"id":15652,"date":"2025-12-08T18:51:25","date_gmt":"2025-12-08T17:51:25","guid":{"rendered":"https:\/\/infiniteq.org\/webshop\/nem-kategorizalt\/allez-fencing-past-taska\/"},"modified":"2026-03-09T14:02:01","modified_gmt":"2026-03-09T13:02:01","slug":"allez-fencing-past-taska","status":"publish","type":"product","link":"https:\/\/allezfencing.eu\/en\/webshop\/taskak\/allez-fencing-past-taska\/","title":{"rendered":"Allez-Fencing P\u00e1st -T\u00e1ska"},"content":{"rendered":"<p>Allez-Fencing P\u00e1st-t\u00e1sk\u00e1nkat minden v\u00edv\u00f3nak aj\u00e1nljuk, kezd\u0151t\u0151l a halad\u00f3kig!<\/p>\n<p>V\u00e1llra akaszthat\u00f3 vagy k\u00e9zben is hordhat\u00f3, mobil kivitel, meglep\u0151 m\u00f3don viszont a teljes felszerel\u00e9s elf\u00e9r benne!<\/p>","protected":false},"excerpt":{"rendered":"<p>Allez-Fencing P\u00e1st-t\u00e1sk\u00e1nkat minden v\u00edv\u00f3nak aj\u00e1nljuk, kezd\u0151t\u0151l a halad\u00f3kig!<\/p>\n<p>V\u00e1llra akaszthat\u00f3 vagy k\u00e9zben is hordhat\u00f3, mobil kivitel, meglep\u0151 m\u00f3don viszont a teljes felszerel\u00e9s elf\u00e9r benne!<\/p>","protected":false},"featured_media":15653,"comment_status":"open","ping_status":"closed","template":"","meta":[],"product_brand":[317],"product_cat":[776],"product_tag":[],"class_list":{"0":"post-15652","1":"product","2":"type-product","3":"status-publish","4":"has-post-thumbnail","6":"product_brand-allez-fencing","7":"product_cat-taskak","9":"first","10":"instock","11":"taxable","12":"shipping-taxable","13":"purchasable","14":"product-type-variable"},"yoast_head":"<!-- This site is optimized with the Yoast SEO plugin v27.2 - https:\/\/yoast.com\/product\/yoast-seo-wordpress\/ -->\n<title>Allez-Fencing P\u00e1st -T\u00e1ska | Allez Fencing<\/title>\n<meta name=\"robots\" content=\"index, follow, max-snippet:-1, max-image-preview:large, max-video-preview:-1\" \/>\n<link rel=\"canonical\" href=\"https:\/\/allezfencing.eu\/en\/webshop\/taskak\/allez-fencing-past-taska\/\" \/>\n<meta property=\"og:locale\" content=\"en_GB\" \/>\n<meta property=\"og:type\" content=\"article\" \/>\n<meta property=\"og:title\" content=\"Allez-Fencing P\u00e1st -T\u00e1ska | Allez Fencing\" \/>\n<meta property=\"og:description\" content=\"Allez-Fencing P\u00e1st-t\u00e1sk\u00e1nkat minden v\u00edv\u00f3nak aj\u00e1nljuk, kezd\u0151t\u0151l a halad\u00f3kig!  V\u00e1llra akaszthat\u00f3 vagy k\u00e9zben is hordhat\u00f3, mobil kivitel, meglep\u0151 m\u00f3don viszont a teljes felszerel\u00e9s elf\u00e9r benne!\" \/>\n<meta property=\"og:url\" content=\"https:\/\/allezfencing.eu\/en\/webshop\/taskak\/allez-fencing-past-taska\/\" \/>\n<meta property=\"og:site_name\" content=\"Allez Fencing\" \/>\n<meta property=\"article:publisher\" content=\"https:\/\/www.facebook.com\/panamaetetohajo\" \/>\n<meta property=\"article:modified_time\" content=\"2026-03-09T13:02:01+00:00\" \/>\n<meta property=\"og:image\" content=\"https:\/\/allezfencing.eu\/wp-content\/uploads\/2025\/12\/13.png\" \/>\n\t<meta property=\"og:image:width\" content=\"1050\" \/>\n\t<meta property=\"og:image:height\" content=\"1050\" \/>\n\t<meta property=\"og:image:type\" content=\"image\/png\" \/>\n<meta name=\"twitter:card\" content=\"summary_large_image\" \/>\n<meta name=\"twitter:label1\" content=\"Estimated reading time\" \/>\n\t<meta name=\"twitter:data1\" content=\"1 minute\" \/>\n<script type=\"application\/ld+json\" class=\"yoast-schema-graph\">{\"@context\":\"https:\/\/schema.org\",\"@graph\":[{\"@type\":\"WebPage\",\"@id\":\"https:\/\/allezfencing.eu\/webshop\/taskak\/allez-fencing-past-taska\/\",\"url\":\"https:\/\/allezfencing.eu\/webshop\/taskak\/allez-fencing-past-taska\/\",\"name\":\"Allez-Fencing P\u00e1st -T\u00e1ska | Allez Fencing\",\"isPartOf\":{\"@id\":\"https:\/\/allezfencing.eu\/#website\"},\"primaryImageOfPage\":{\"@id\":\"https:\/\/allezfencing.eu\/webshop\/taskak\/allez-fencing-past-taska\/#primaryimage\"},\"image\":{\"@id\":\"https:\/\/allezfencing.eu\/webshop\/taskak\/allez-fencing-past-taska\/#primaryimage\"},\"thumbnailUrl\":\"https:\/\/allezfencing.eu\/wp-content\/uploads\/2025\/12\/13.png\",\"datePublished\":\"2025-12-08T17:51:25+00:00\",\"dateModified\":\"2026-03-09T13:02:01+00:00\",\"breadcrumb\":{\"@id\":\"https:\/\/allezfencing.eu\/webshop\/taskak\/allez-fencing-past-taska\/#breadcrumb\"},\"inLanguage\":\"en-GB\",\"potentialAction\":[{\"@type\":\"ReadAction\",\"target\":[\"https:\/\/allezfencing.eu\/webshop\/taskak\/allez-fencing-past-taska\/\"]}]},{\"@type\":\"ImageObject\",\"inLanguage\":\"en-GB\",\"@id\":\"https:\/\/allezfencing.eu\/webshop\/taskak\/allez-fencing-past-taska\/#primaryimage\",\"url\":\"https:\/\/allezfencing.eu\/wp-content\/uploads\/2025\/12\/13.png\",\"contentUrl\":\"https:\/\/allezfencing.eu\/wp-content\/uploads\/2025\/12\/13.png\",\"width\":1050,\"height\":1050},{\"@type\":\"BreadcrumbList\",\"@id\":\"https:\/\/allezfencing.eu\/webshop\/taskak\/allez-fencing-past-taska\/#breadcrumb\",\"itemListElement\":[{\"@type\":\"ListItem\",\"position\":1,\"name\":\"Kezd\u0151lap\",\"item\":\"https:\/\/allezfencing.eu\/\"},{\"@type\":\"ListItem\",\"position\":2,\"name\":\"Webshop\",\"item\":\"https:\/\/allezfencing.eu\/webshop\/\"},{\"@type\":\"ListItem\",\"position\":3,\"name\":\"T\u00c1SK\u00c1K\",\"item\":\"https:\/\/allezfencing.eu\/termekkategoria\/taskak\/\"},{\"@type\":\"ListItem\",\"position\":4,\"name\":\"Allez-Fencing P\u00e1st -T\u00e1ska\"}]},{\"@type\":\"WebSite\",\"@id\":\"https:\/\/allezfencing.eu\/#website\",\"url\":\"https:\/\/allezfencing.eu\/\",\"name\":\"Allez Fencing\",\"description\":\"Minden ami v\u00edv\u00e1s\",\"publisher\":{\"@id\":\"https:\/\/allezfencing.eu\/#organization\"},\"potentialAction\":[{\"@type\":\"SearchAction\",\"target\":{\"@type\":\"EntryPoint\",\"urlTemplate\":\"https:\/\/allezfencing.eu\/?s={search_term_string}\"},\"query-input\":{\"@type\":\"PropertyValueSpecification\",\"valueRequired\":true,\"valueName\":\"search_term_string\"}}],\"inLanguage\":\"en-GB\"},{\"@type\":\"Organization\",\"@id\":\"https:\/\/allezfencing.eu\/#organization\",\"name\":\"Panama Etet\u0151haj\u00f3k\",\"url\":\"https:\/\/allezfencing.eu\/\",\"logo\":{\"@type\":\"ImageObject\",\"inLanguage\":\"en-GB\",\"@id\":\"https:\/\/allezfencing.eu\/#\/schema\/logo\/image\/\",\"url\":\"https:\/\/allezfencing.eu\/wp-content\/uploads\/2025\/03\/etetohajo.eu-panama-site-icon.webp\",\"contentUrl\":\"https:\/\/allezfencing.eu\/wp-content\/uploads\/2025\/03\/etetohajo.eu-panama-site-icon.webp\",\"width\":512,\"height\":512,\"caption\":\"Panama Etet\u0151haj\u00f3k\"},\"image\":{\"@id\":\"https:\/\/allezfencing.eu\/#\/schema\/logo\/image\/\"},\"sameAs\":[\"https:\/\/www.facebook.com\/panamaetetohajo\"]}]}<\/script>\n<!-- \/ Yoast SEO plugin. -->","yoast_head_json":{"title":"Allez-Fencing P\u00e1st -T\u00e1ska | Allez Fencing","robots":{"index":"index","follow":"follow","max-snippet":"max-snippet:-1","max-image-preview":"max-image-preview:large","max-video-preview":"max-video-preview:-1"},"canonical":"https:\/\/allezfencing.eu\/en\/webshop\/taskak\/allez-fencing-past-taska\/","og_locale":"en_GB","og_type":"article","og_title":"Allez-Fencing P\u00e1st -T\u00e1ska | Allez Fencing","og_description":"Allez-Fencing P\u00e1st-t\u00e1sk\u00e1nkat minden v\u00edv\u00f3nak aj\u00e1nljuk, kezd\u0151t\u0151l a halad\u00f3kig!  V\u00e1llra akaszthat\u00f3 vagy k\u00e9zben is hordhat\u00f3, mobil kivitel, meglep\u0151 m\u00f3don viszont a teljes felszerel\u00e9s elf\u00e9r benne!","og_url":"https:\/\/allezfencing.eu\/en\/webshop\/taskak\/allez-fencing-past-taska\/","og_site_name":"Allez Fencing","article_publisher":"https:\/\/www.facebook.com\/panamaetetohajo","article_modified_time":"2026-03-09T13:02:01+00:00","og_image":[{"width":1050,"height":1050,"url":"https:\/\/allezfencing.eu\/wp-content\/uploads\/2025\/12\/13.png","type":"image\/png"}],"twitter_card":"summary_large_image","twitter_misc":{"Estimated reading time":"1 minute"},"schema":{"@context":"https:\/\/schema.org","@graph":[{"@type":"WebPage","@id":"https:\/\/allezfencing.eu\/webshop\/taskak\/allez-fencing-past-taska\/","url":"https:\/\/allezfencing.eu\/webshop\/taskak\/allez-fencing-past-taska\/","name":"Allez-Fencing P\u00e1st -T\u00e1ska | Allez Fencing","isPartOf":{"@id":"https:\/\/allezfencing.eu\/#website"},"primaryImageOfPage":{"@id":"https:\/\/allezfencing.eu\/webshop\/taskak\/allez-fencing-past-taska\/#primaryimage"},"image":{"@id":"https:\/\/allezfencing.eu\/webshop\/taskak\/allez-fencing-past-taska\/#primaryimage"},"thumbnailUrl":"https:\/\/allezfencing.eu\/wp-content\/uploads\/2025\/12\/13.png","datePublished":"2025-12-08T17:51:25+00:00","dateModified":"2026-03-09T13:02:01+00:00","breadcrumb":{"@id":"https:\/\/allezfencing.eu\/webshop\/taskak\/allez-fencing-past-taska\/#breadcrumb"},"inLanguage":"en-GB","potentialAction":[{"@type":"ReadAction","target":["https:\/\/allezfencing.eu\/webshop\/taskak\/allez-fencing-past-taska\/"]}]},{"@type":"ImageObject","inLanguage":"en-GB","@id":"https:\/\/allezfencing.eu\/webshop\/taskak\/allez-fencing-past-taska\/#primaryimage","url":"https:\/\/allezfencing.eu\/wp-content\/uploads\/2025\/12\/13.png","contentUrl":"https:\/\/allezfencing.eu\/wp-content\/uploads\/2025\/12\/13.png","width":1050,"height":1050},{"@type":"BreadcrumbList","@id":"https:\/\/allezfencing.eu\/webshop\/taskak\/allez-fencing-past-taska\/#breadcrumb","itemListElement":[{"@type":"ListItem","position":1,"name":"Kezd\u0151lap","item":"https:\/\/allezfencing.eu\/"},{"@type":"ListItem","position":2,"name":"Webshop","item":"https:\/\/allezfencing.eu\/webshop\/"},{"@type":"ListItem","position":3,"name":"T\u00c1SK\u00c1K","item":"https:\/\/allezfencing.eu\/termekkategoria\/taskak\/"},{"@type":"ListItem","position":4,"name":"Allez-Fencing P\u00e1st -T\u00e1ska"}]},{"@type":"WebSite","@id":"https:\/\/allezfencing.eu\/#website","url":"https:\/\/allezfencing.eu\/","name":"Allez Fencing","description":"Minden ami v\u00edv\u00e1s","publisher":{"@id":"https:\/\/allezfencing.eu\/#organization"},"potentialAction":[{"@type":"SearchAction","target":{"@type":"EntryPoint","urlTemplate":"https:\/\/allezfencing.eu\/?s={search_term_string}"},"query-input":{"@type":"PropertyValueSpecification","valueRequired":true,"valueName":"search_term_string"}}],"inLanguage":"en-GB"},{"@type":"Organization","@id":"https:\/\/allezfencing.eu\/#organization","name":"Panama Feeding boats","url":"https:\/\/allezfencing.eu\/","logo":{"@type":"ImageObject","inLanguage":"en-GB","@id":"https:\/\/allezfencing.eu\/#\/schema\/logo\/image\/","url":"https:\/\/allezfencing.eu\/wp-content\/uploads\/2025\/03\/etetohajo.eu-panama-site-icon.webp","contentUrl":"https:\/\/allezfencing.eu\/wp-content\/uploads\/2025\/03\/etetohajo.eu-panama-site-icon.webp","width":512,"height":512,"caption":"Panama Etet\u0151haj\u00f3k"},"image":{"@id":"https:\/\/allezfencing.eu\/#\/schema\/logo\/image\/"},"sameAs":["https:\/\/www.facebook.com\/panamaetetohajo"]}]}},"_links":{"self":[{"href":"https:\/\/allezfencing.eu\/en\/wp-json\/wp\/v2\/product\/15652","targetHints":{"allow":["GET"]}}],"collection":[{"href":"https:\/\/allezfencing.eu\/en\/wp-json\/wp\/v2\/product"}],"about":[{"href":"https:\/\/allezfencing.eu\/en\/wp-json\/wp\/v2\/types\/product"}],"replies":[{"embeddable":true,"href":"https:\/\/allezfencing.eu\/en\/wp-json\/wp\/v2\/comments?post=15652"}],"version-history":[{"count":3,"href":"https:\/\/allezfencing.eu\/en\/wp-json\/wp\/v2\/product\/15652\/revisions"}],"predecessor-version":[{"id":17480,"href":"https:\/\/allezfencing.eu\/en\/wp-json\/wp\/v2\/product\/15652\/revisions\/17480"}],"wp:featuredmedia":[{"embeddable":true,"href":"https:\/\/allezfencing.eu\/en\/wp-json\/wp\/v2\/media\/15653"}],"wp:attachment":[{"href":"https:\/\/allezfencing.eu\/en\/wp-json\/wp\/v2\/media?parent=15652"}],"wp:term":[{"taxonomy":"product_brand","embeddable":true,"href":"https:\/\/allezfencing.eu\/en\/wp-json\/wp\/v2\/product_brand?post=15652"},{"taxonomy":"product_cat","embeddable":true,"href":"https:\/\/allezfencing.eu\/en\/wp-json\/wp\/v2\/product_cat?post=15652"},{"taxonomy":"product_tag","embeddable":true,"href":"https:\/\/allezfencing.eu\/en\/wp-json\/wp\/v2\/product_tag?post=15652"}],"curies":[{"name":"wp","href":"https:\/\/api.w.org\/{rel}","templated":true}]}}