{"id":15658,"date":"2025-12-08T18:52:24","date_gmt":"2025-12-08T17:52:24","guid":{"rendered":"https:\/\/infiniteq.org\/webshop\/nem-kategorizalt\/prieur-3-fegyvernemes-bor-kesztyu\/"},"modified":"2026-04-05T08:22:45","modified_gmt":"2026-04-05T06:22:45","slug":"prieur-3-fegyvernemes-bor-kesztyu","status":"publish","type":"product","link":"https:\/\/allezfencing.eu\/en\/webshop\/ruhazat\/kesztyu\/prieur-3-fegyvernemes-bor-kesztyu\/","title":{"rendered":"PRIEUR 3 fegyvernemes b\u0151r keszty\u0171"},"content":{"rendered":"<p data-start=\"2699\" data-end=\"2761\">PRIEUR 3 Fegyvernemes B\u0151r Keszty\u0171 \u2013 Univerz\u00e1lis pr\u00e9mium modell<\/p>\n<p data-start=\"2763\" data-end=\"2775\">Term\u00e9kle\u00edr\u00e1s<\/p>\n<p data-start=\"2777\" data-end=\"2877\">A PRIEUR 3 fegyvernemes b\u0151r keszty\u0171 univerz\u00e1lis megold\u00e1s, amely mindh\u00e1rom fegyvernemhez haszn\u00e1lhat\u00f3.<\/p>\n<p data-start=\"2879\" data-end=\"2980\">A b\u0151r kialak\u00edt\u00e1s kiv\u00e1l\u00f3 fog\u00e1st biztos\u00edt, mik\u00f6zben a francia gy\u00e1rt\u00f3 min\u0151s\u00e9ge garant\u00e1lja a tart\u00f3ss\u00e1got.<\/p>\n<p data-start=\"2982\" data-end=\"3024\">Ez a modell ide\u00e1lis sokoldal\u00fa haszn\u00e1latra.<\/p>\n<p data-start=\"3026\" data-end=\"3040\">Main features<\/p>\n<p data-start=\"3042\" data-end=\"3181\">\u2714 3 fegyvernemhez<br data-start=\"3059\" data-end=\"3062\" \/>\u2714 B\u0151r anyag<br data-start=\"3073\" data-end=\"3076\" \/>\u2714 Francia min\u0151s\u00e9g<br data-start=\"3093\" data-end=\"3096\" \/>\u2714 Kiv\u00e1l\u00f3 tapad\u00e1s<br data-start=\"3112\" data-end=\"3115\" \/>\u2714 Tart\u00f3s kialak\u00edt\u00e1s<br data-start=\"3134\" data-end=\"3137\" \/>\u2714 K\u00e9nyelmes viselet<br data-start=\"3156\" data-end=\"3159\" \/>\u2714 Versenyre alkalmas<\/p>\n<p data-start=\"3183\" data-end=\"3212\">Mi\u00e9rt v\u00e1laszd ezt a keszty\u0171t?<\/p>\n<p data-start=\"3214\" data-end=\"3301\">\ud83c\uddeb\ud83c\uddf7 Francia pr\u00e9mium<br data-start=\"3234\" data-end=\"3237\" \/>\ud83d\udc04 B\u0151r kialak\u00edt\u00e1s<br data-start=\"3254\" data-end=\"3257\" \/>\u2694 Univerz\u00e1lis<br data-start=\"3270\" data-end=\"3273\" \/>\u270b Stabil fog\u00e1s<br data-start=\"3287\" data-end=\"3290\" \/>\ud83d\udcaa Tart\u00f3s<\/p>\n<p data-start=\"3303\" data-end=\"3324\">Felhaszn\u00e1l\u00e1si ter\u00fclet<\/p>\n<p data-start=\"3326\" data-end=\"3350\">t\u0151r<br data-start=\"3329\" data-end=\"3332\" \/>p\u00e1rbajt\u0151r<br data-start=\"3341\" data-end=\"3344\" \/>kard<\/p>\n<p data-start=\"3352\" data-end=\"3386\">\u00c9letst\u00edlus \u2013 sokoldal\u00fa felszerel\u00e9s<\/p>\n<p data-start=\"3388\" data-end=\"3425\">Ide\u00e1lis v\u00e1laszt\u00e1s t\u00f6bb fegyvernemhez.<\/p>\n<hr data-start=\"3427\" data-end=\"3430\" \/>\n<p data-start=\"3432\" data-end=\"3455\">Gyakori k\u00e9rd\u00e9sek (GYIK)<\/p>\n<p data-start=\"3457\" data-end=\"3525\">Mit jelent a 3 fegyvernemes?<br data-start=\"3485\" data-end=\"3488\" \/>Mindh\u00e1rom v\u00edv\u00f3fegyverhez haszn\u00e1lhat\u00f3.<\/p>\n<p data-start=\"3527\" data-end=\"3570\">Mi\u00e9rt PRIEUR?<br data-start=\"3540\" data-end=\"3543\" \/>Hagyom\u00e1nyos pr\u00e9mium gy\u00e1rt\u00f3.<\/p>\n<p data-start=\"3572\" data-end=\"3606\">Kinek aj\u00e1nlott?<br data-start=\"3587\" data-end=\"3590\" \/>Halad\u00f3 v\u00edv\u00f3knak.<\/p>","protected":false},"excerpt":{"rendered":"<p>PRIEUR 3 Fegyvernemes B\u0151r Keszty\u0171 \u2013 Univerz\u00e1lis pr\u00e9mium modell<\/p>","protected":false},"featured_media":15659,"comment_status":"open","ping_status":"closed","template":"","meta":[],"product_brand":[328],"product_cat":[752],"product_tag":[],"class_list":{"0":"post-15658","1":"product","2":"type-product","3":"status-publish","4":"has-post-thumbnail","6":"product_brand-prieur","7":"product_cat-kesztyu","9":"first","10":"instock","11":"taxable","12":"shipping-taxable","13":"purchasable","14":"product-type-variable"},"yoast_head":"<!-- This site is optimized with the Yoast SEO plugin v27.5 - https:\/\/yoast.com\/product\/yoast-seo-wordpress\/ -->\n<title>PRIEUR 3 fegyvernemes b\u0151r keszty\u0171 | Allez Fencing<\/title>\n<meta name=\"description\" content=\"PRIEUR 3 fegyvernemes b\u0151r keszty\u0171. Univerz\u00e1lis pr\u00e9mium megold\u00e1s minden v\u00edv\u00f3fegyverhez.\" \/>\n<meta name=\"robots\" content=\"index, follow, max-snippet:-1, max-image-preview:large, max-video-preview:-1\" \/>\n<link rel=\"canonical\" href=\"https:\/\/allezfencing.eu\/en\/webshop\/ruhazat\/kesztyu\/prieur-3-fegyvernemes-bor-kesztyu\/\" \/>\n<meta property=\"og:locale\" content=\"en_GB\" \/>\n<meta property=\"og:type\" content=\"article\" \/>\n<meta property=\"og:title\" content=\"PRIEUR 3 fegyvernemes b\u0151r keszty\u0171 | Allez Fencing\" \/>\n<meta property=\"og:description\" content=\"PRIEUR 3 fegyvernemes b\u0151r keszty\u0171. Univerz\u00e1lis pr\u00e9mium megold\u00e1s minden v\u00edv\u00f3fegyverhez.\" \/>\n<meta property=\"og:url\" content=\"https:\/\/allezfencing.eu\/en\/webshop\/ruhazat\/kesztyu\/prieur-3-fegyvernemes-bor-kesztyu\/\" \/>\n<meta property=\"og:site_name\" content=\"Allez Fencing\" \/>\n<meta property=\"article:publisher\" content=\"https:\/\/www.facebook.com\/panamaetetohajo\" \/>\n<meta property=\"article:modified_time\" content=\"2026-04-05T06:22:45+00:00\" \/>\n<meta property=\"og:image\" content=\"https:\/\/allezfencing.eu\/wp-content\/uploads\/2025\/12\/prieur_epee_a.webp\" \/>\n\t<meta property=\"og:image:width\" content=\"100\" \/>\n\t<meta property=\"og:image:height\" content=\"100\" \/>\n\t<meta property=\"og:image:type\" content=\"image\/webp\" \/>\n<meta name=\"twitter:card\" content=\"summary_large_image\" \/>\n<meta name=\"twitter:label1\" content=\"Estimated reading time\" \/>\n\t<meta name=\"twitter:data1\" content=\"1 minute\" \/>\n<script type=\"application\/ld+json\" class=\"yoast-schema-graph\">{\"@context\":\"https:\\\/\\\/schema.org\",\"@graph\":[{\"@type\":\"WebPage\",\"@id\":\"https:\\\/\\\/allezfencing.eu\\\/webshop\\\/ruhazat\\\/kesztyu\\\/prieur-3-fegyvernemes-bor-kesztyu\\\/\",\"url\":\"https:\\\/\\\/allezfencing.eu\\\/webshop\\\/ruhazat\\\/kesztyu\\\/prieur-3-fegyvernemes-bor-kesztyu\\\/\",\"name\":\"PRIEUR 3 fegyvernemes b\u0151r keszty\u0171 | Allez Fencing\",\"isPartOf\":{\"@id\":\"https:\\\/\\\/allezfencing.eu\\\/#website\"},\"primaryImageOfPage\":{\"@id\":\"https:\\\/\\\/allezfencing.eu\\\/webshop\\\/ruhazat\\\/kesztyu\\\/prieur-3-fegyvernemes-bor-kesztyu\\\/#primaryimage\"},\"image\":{\"@id\":\"https:\\\/\\\/allezfencing.eu\\\/webshop\\\/ruhazat\\\/kesztyu\\\/prieur-3-fegyvernemes-bor-kesztyu\\\/#primaryimage\"},\"thumbnailUrl\":\"https:\\\/\\\/allezfencing.eu\\\/wp-content\\\/uploads\\\/2025\\\/12\\\/prieur_epee_a.webp\",\"datePublished\":\"2025-12-08T17:52:24+00:00\",\"dateModified\":\"2026-04-05T06:22:45+00:00\",\"description\":\"PRIEUR 3 fegyvernemes b\u0151r keszty\u0171. Univerz\u00e1lis pr\u00e9mium megold\u00e1s minden v\u00edv\u00f3fegyverhez.\",\"breadcrumb\":{\"@id\":\"https:\\\/\\\/allezfencing.eu\\\/webshop\\\/ruhazat\\\/kesztyu\\\/prieur-3-fegyvernemes-bor-kesztyu\\\/#breadcrumb\"},\"inLanguage\":\"en-GB\",\"potentialAction\":[{\"@type\":\"ReadAction\",\"target\":[\"https:\\\/\\\/allezfencing.eu\\\/webshop\\\/ruhazat\\\/kesztyu\\\/prieur-3-fegyvernemes-bor-kesztyu\\\/\"]}]},{\"@type\":\"ImageObject\",\"inLanguage\":\"en-GB\",\"@id\":\"https:\\\/\\\/allezfencing.eu\\\/webshop\\\/ruhazat\\\/kesztyu\\\/prieur-3-fegyvernemes-bor-kesztyu\\\/#primaryimage\",\"url\":\"https:\\\/\\\/allezfencing.eu\\\/wp-content\\\/uploads\\\/2025\\\/12\\\/prieur_epee_a.webp\",\"contentUrl\":\"https:\\\/\\\/allezfencing.eu\\\/wp-content\\\/uploads\\\/2025\\\/12\\\/prieur_epee_a.webp\",\"width\":100,\"height\":100},{\"@type\":\"BreadcrumbList\",\"@id\":\"https:\\\/\\\/allezfencing.eu\\\/webshop\\\/ruhazat\\\/kesztyu\\\/prieur-3-fegyvernemes-bor-kesztyu\\\/#breadcrumb\",\"itemListElement\":[{\"@type\":\"ListItem\",\"position\":1,\"name\":\"Kezd\u0151lap\",\"item\":\"https:\\\/\\\/allezfencing.eu\\\/\"},{\"@type\":\"ListItem\",\"position\":2,\"name\":\"Webshop\",\"item\":\"https:\\\/\\\/allezfencing.eu\\\/webshop\\\/\"},{\"@type\":\"ListItem\",\"position\":3,\"name\":\"RUH\u00c1ZAT\",\"item\":\"https:\\\/\\\/allezfencing.eu\\\/termekkategoria\\\/ruhazat\\\/\"},{\"@type\":\"ListItem\",\"position\":4,\"name\":\"KESZTY\u0170\",\"item\":\"https:\\\/\\\/allezfencing.eu\\\/termekkategoria\\\/ruhazat\\\/kesztyu\\\/\"},{\"@type\":\"ListItem\",\"position\":5,\"name\":\"PRIEUR 3 fegyvernemes b\u0151r keszty\u0171\"}]},{\"@type\":\"WebSite\",\"@id\":\"https:\\\/\\\/allezfencing.eu\\\/#website\",\"url\":\"https:\\\/\\\/allezfencing.eu\\\/\",\"name\":\"Allez Fencing\",\"description\":\"Minden ami v\u00edv\u00e1s\",\"publisher\":{\"@id\":\"https:\\\/\\\/allezfencing.eu\\\/#organization\"},\"potentialAction\":[{\"@type\":\"SearchAction\",\"target\":{\"@type\":\"EntryPoint\",\"urlTemplate\":\"https:\\\/\\\/allezfencing.eu\\\/?s={search_term_string}\"},\"query-input\":{\"@type\":\"PropertyValueSpecification\",\"valueRequired\":true,\"valueName\":\"search_term_string\"}}],\"inLanguage\":\"en-GB\"},{\"@type\":\"Organization\",\"@id\":\"https:\\\/\\\/allezfencing.eu\\\/#organization\",\"name\":\"Panama Etet\u0151haj\u00f3k\",\"url\":\"https:\\\/\\\/allezfencing.eu\\\/\",\"logo\":{\"@type\":\"ImageObject\",\"inLanguage\":\"en-GB\",\"@id\":\"https:\\\/\\\/allezfencing.eu\\\/#\\\/schema\\\/logo\\\/image\\\/\",\"url\":\"https:\\\/\\\/allezfencing.eu\\\/wp-content\\\/uploads\\\/2025\\\/03\\\/etetohajo.eu-panama-site-icon.webp\",\"contentUrl\":\"https:\\\/\\\/allezfencing.eu\\\/wp-content\\\/uploads\\\/2025\\\/03\\\/etetohajo.eu-panama-site-icon.webp\",\"width\":512,\"height\":512,\"caption\":\"Panama Etet\u0151haj\u00f3k\"},\"image\":{\"@id\":\"https:\\\/\\\/allezfencing.eu\\\/#\\\/schema\\\/logo\\\/image\\\/\"},\"sameAs\":[\"https:\\\/\\\/www.facebook.com\\\/panamaetetohajo\"]}]}<\/script>\n<!-- \/ Yoast SEO plugin. -->","yoast_head_json":{"title":"PRIEUR 3 fegyvernemes b\u0151r keszty\u0171 | Allez Fencing","description":"PRIEUR 3 fegyvernemes b\u0151r keszty\u0171. Univerz\u00e1lis pr\u00e9mium megold\u00e1s minden v\u00edv\u00f3fegyverhez.","robots":{"index":"index","follow":"follow","max-snippet":"max-snippet:-1","max-image-preview":"max-image-preview:large","max-video-preview":"max-video-preview:-1"},"canonical":"https:\/\/allezfencing.eu\/en\/webshop\/ruhazat\/kesztyu\/prieur-3-fegyvernemes-bor-kesztyu\/","og_locale":"en_GB","og_type":"article","og_title":"PRIEUR 3 fegyvernemes b\u0151r keszty\u0171 | Allez Fencing","og_description":"PRIEUR 3 fegyvernemes b\u0151r keszty\u0171. Univerz\u00e1lis pr\u00e9mium megold\u00e1s minden v\u00edv\u00f3fegyverhez.","og_url":"https:\/\/allezfencing.eu\/en\/webshop\/ruhazat\/kesztyu\/prieur-3-fegyvernemes-bor-kesztyu\/","og_site_name":"Allez Fencing","article_publisher":"https:\/\/www.facebook.com\/panamaetetohajo","article_modified_time":"2026-04-05T06:22:45+00:00","og_image":[{"width":100,"height":100,"url":"https:\/\/allezfencing.eu\/wp-content\/uploads\/2025\/12\/prieur_epee_a.webp","type":"image\/webp"}],"twitter_card":"summary_large_image","twitter_misc":{"Estimated reading time":"1 minute"},"schema":{"@context":"https:\/\/schema.org","@graph":[{"@type":"WebPage","@id":"https:\/\/allezfencing.eu\/webshop\/ruhazat\/kesztyu\/prieur-3-fegyvernemes-bor-kesztyu\/","url":"https:\/\/allezfencing.eu\/webshop\/ruhazat\/kesztyu\/prieur-3-fegyvernemes-bor-kesztyu\/","name":"PRIEUR 3 fegyvernemes b\u0151r keszty\u0171 | Allez Fencing","isPartOf":{"@id":"https:\/\/allezfencing.eu\/#website"},"primaryImageOfPage":{"@id":"https:\/\/allezfencing.eu\/webshop\/ruhazat\/kesztyu\/prieur-3-fegyvernemes-bor-kesztyu\/#primaryimage"},"image":{"@id":"https:\/\/allezfencing.eu\/webshop\/ruhazat\/kesztyu\/prieur-3-fegyvernemes-bor-kesztyu\/#primaryimage"},"thumbnailUrl":"https:\/\/allezfencing.eu\/wp-content\/uploads\/2025\/12\/prieur_epee_a.webp","datePublished":"2025-12-08T17:52:24+00:00","dateModified":"2026-04-05T06:22:45+00:00","description":"PRIEUR 3 fegyvernemes b\u0151r keszty\u0171. Univerz\u00e1lis pr\u00e9mium megold\u00e1s minden v\u00edv\u00f3fegyverhez.","breadcrumb":{"@id":"https:\/\/allezfencing.eu\/webshop\/ruhazat\/kesztyu\/prieur-3-fegyvernemes-bor-kesztyu\/#breadcrumb"},"inLanguage":"en-GB","potentialAction":[{"@type":"ReadAction","target":["https:\/\/allezfencing.eu\/webshop\/ruhazat\/kesztyu\/prieur-3-fegyvernemes-bor-kesztyu\/"]}]},{"@type":"ImageObject","inLanguage":"en-GB","@id":"https:\/\/allezfencing.eu\/webshop\/ruhazat\/kesztyu\/prieur-3-fegyvernemes-bor-kesztyu\/#primaryimage","url":"https:\/\/allezfencing.eu\/wp-content\/uploads\/2025\/12\/prieur_epee_a.webp","contentUrl":"https:\/\/allezfencing.eu\/wp-content\/uploads\/2025\/12\/prieur_epee_a.webp","width":100,"height":100},{"@type":"BreadcrumbList","@id":"https:\/\/allezfencing.eu\/webshop\/ruhazat\/kesztyu\/prieur-3-fegyvernemes-bor-kesztyu\/#breadcrumb","itemListElement":[{"@type":"ListItem","position":1,"name":"Kezd\u0151lap","item":"https:\/\/allezfencing.eu\/"},{"@type":"ListItem","position":2,"name":"Webshop","item":"https:\/\/allezfencing.eu\/webshop\/"},{"@type":"ListItem","position":3,"name":"RUH\u00c1ZAT","item":"https:\/\/allezfencing.eu\/termekkategoria\/ruhazat\/"},{"@type":"ListItem","position":4,"name":"KESZTY\u0170","item":"https:\/\/allezfencing.eu\/termekkategoria\/ruhazat\/kesztyu\/"},{"@type":"ListItem","position":5,"name":"PRIEUR 3 fegyvernemes b\u0151r keszty\u0171"}]},{"@type":"WebSite","@id":"https:\/\/allezfencing.eu\/#website","url":"https:\/\/allezfencing.eu\/","name":"Allez Fencing","description":"Minden ami v\u00edv\u00e1s","publisher":{"@id":"https:\/\/allezfencing.eu\/#organization"},"potentialAction":[{"@type":"SearchAction","target":{"@type":"EntryPoint","urlTemplate":"https:\/\/allezfencing.eu\/?s={search_term_string}"},"query-input":{"@type":"PropertyValueSpecification","valueRequired":true,"valueName":"search_term_string"}}],"inLanguage":"en-GB"},{"@type":"Organization","@id":"https:\/\/allezfencing.eu\/#organization","name":"Panama Feeding boats","url":"https:\/\/allezfencing.eu\/","logo":{"@type":"ImageObject","inLanguage":"en-GB","@id":"https:\/\/allezfencing.eu\/#\/schema\/logo\/image\/","url":"https:\/\/allezfencing.eu\/wp-content\/uploads\/2025\/03\/etetohajo.eu-panama-site-icon.webp","contentUrl":"https:\/\/allezfencing.eu\/wp-content\/uploads\/2025\/03\/etetohajo.eu-panama-site-icon.webp","width":512,"height":512,"caption":"Panama Etet\u0151haj\u00f3k"},"image":{"@id":"https:\/\/allezfencing.eu\/#\/schema\/logo\/image\/"},"sameAs":["https:\/\/www.facebook.com\/panamaetetohajo"]}]}},"_links":{"self":[{"href":"https:\/\/allezfencing.eu\/en\/wp-json\/wp\/v2\/product\/15658","targetHints":{"allow":["GET"]}}],"collection":[{"href":"https:\/\/allezfencing.eu\/en\/wp-json\/wp\/v2\/product"}],"about":[{"href":"https:\/\/allezfencing.eu\/en\/wp-json\/wp\/v2\/types\/product"}],"replies":[{"embeddable":true,"href":"https:\/\/allezfencing.eu\/en\/wp-json\/wp\/v2\/comments?post=15658"}],"version-history":[{"count":0,"href":"https:\/\/allezfencing.eu\/en\/wp-json\/wp\/v2\/product\/15658\/revisions"}],"wp:featuredmedia":[{"embeddable":true,"href":"https:\/\/allezfencing.eu\/en\/wp-json\/wp\/v2\/media\/15659"}],"wp:attachment":[{"href":"https:\/\/allezfencing.eu\/en\/wp-json\/wp\/v2\/media?parent=15658"}],"wp:term":[{"taxonomy":"product_brand","embeddable":true,"href":"https:\/\/allezfencing.eu\/en\/wp-json\/wp\/v2\/product_brand?post=15658"},{"taxonomy":"product_cat","embeddable":true,"href":"https:\/\/allezfencing.eu\/en\/wp-json\/wp\/v2\/product_cat?post=15658"},{"taxonomy":"product_tag","embeddable":true,"href":"https:\/\/allezfencing.eu\/en\/wp-json\/wp\/v2\/product_tag?post=15658"}],"curies":[{"name":"wp","href":"https:\/\/api.w.org\/{rel}","templated":true}]}}