{"id":15685,"date":"2025-12-08T18:53:25","date_gmt":"2025-12-08T17:53:25","guid":{"rendered":"https:\/\/infiniteq.org\/webshop\/nem-kategorizalt\/allstar-predator-kosar-parbajtor\/"},"modified":"2026-04-14T10:30:29","modified_gmt":"2026-04-14T08:30:29","slug":"allstar-predator-kosar-parbajtor","status":"publish","type":"product","link":"https:\/\/allezfencing.eu\/en\/webshop\/fegyverek-es-alkatreszei\/alkatreszek-es-kiegeszitok\/allstar-predator-kosar-parbajtor\/","title":{"rendered":"Allstar Predator kos\u00e1r-p\u00e1rbajt\u0151r"},"content":{"rendered":"","protected":false},"excerpt":{"rendered":"<p>Predator &#8211;\u00a0created for fighters\n<\/p>\n<p>Az exkluz\u00edv fekete p\u00e1rbajt\u0151r kos\u00e1r k\u00f6telez\u0151 darab az ambici\u00f3zus p\u00e1rbajt\u0151rv\u00edv\u00f3k sz\u00e1m\u00e1ra. A Predator kos\u00e1r a Light p\u00e1rbajt\u0151r kos\u00e1r alapjaira \u00e9p\u00fcl, \u00edgy k\u00f6nnyebb, mint a hagyom\u00e1nyos kosarak. Azonban az a k\u00e9miai elj\u00e1r\u00e1s, amely a kos\u00e1r egyedi fekete sz\u00edn\u00e9t adja, megkem\u00e9ny\u00edti az anyagot, \u00e9s er\u0151sebb\u00e9 teszi (10-15%-kal). Ezen fel\u00fcl az egyed\u00fcl\u00e1ll\u00f3 matt fekete bevonat igaz\u00e1n figyelemfelkelt\u0151.<\/p>","protected":false},"featured_media":15686,"comment_status":"open","ping_status":"closed","template":"","meta":[],"product_brand":[318],"product_cat":[1168],"product_tag":[],"class_list":{"0":"post-15685","1":"product","2":"type-product","3":"status-publish","4":"has-post-thumbnail","6":"product_brand-allstar","7":"product_cat-alkatreszek-es-kiegeszitok","9":"first","10":"onbackorder","11":"taxable","12":"shipping-taxable","13":"purchasable","14":"product-type-simple"},"yoast_head":"<!-- This site is optimized with the Yoast SEO plugin v27.2 - https:\/\/yoast.com\/product\/yoast-seo-wordpress\/ -->\n<title>Allstar Predator kos\u00e1r-p\u00e1rbajt\u0151r | Allez Fencing<\/title>\n<meta name=\"robots\" content=\"index, follow, max-snippet:-1, max-image-preview:large, max-video-preview:-1\" \/>\n<link rel=\"canonical\" href=\"https:\/\/allezfencing.eu\/en\/webshop\/fegyverek-es-alkatreszei\/alkatreszek-es-kiegeszitok\/allstar-predator-kosar-parbajtor\/\" \/>\n<meta property=\"og:locale\" content=\"en_GB\" \/>\n<meta property=\"og:type\" content=\"article\" \/>\n<meta property=\"og:title\" content=\"Allstar Predator kos\u00e1r-p\u00e1rbajt\u0151r | Allez Fencing\" \/>\n<meta property=\"og:description\" content=\"Predator -\u00a0created for fighters Az exkluz\u00edv fekete p\u00e1rbajt\u0151r kos\u00e1r k\u00f6telez\u0151 darab az ambici\u00f3zus p\u00e1rbajt\u0151rv\u00edv\u00f3k sz\u00e1m\u00e1ra. A Predator kos\u00e1r a Light p\u00e1rbajt\u0151r kos\u00e1r alapjaira \u00e9p\u00fcl, \u00edgy k\u00f6nnyebb, mint a hagyom\u00e1nyos kosarak. Azonban az a k\u00e9miai elj\u00e1r\u00e1s, amely a kos\u00e1r egyedi fekete sz\u00edn\u00e9t adja, megkem\u00e9ny\u00edti az anyagot, \u00e9s er\u0151sebb\u00e9 teszi (10-15%-kal). Ezen fel\u00fcl az egyed\u00fcl\u00e1ll\u00f3 matt fekete bevonat igaz\u00e1n figyelemfelkelt\u0151.\" \/>\n<meta property=\"og:url\" content=\"https:\/\/allezfencing.eu\/en\/webshop\/fegyverek-es-alkatreszei\/alkatreszek-es-kiegeszitok\/allstar-predator-kosar-parbajtor\/\" \/>\n<meta property=\"og:site_name\" content=\"Allez Fencing\" \/>\n<meta property=\"article:publisher\" content=\"https:\/\/www.facebook.com\/panamaetetohajo\" \/>\n<meta property=\"article:modified_time\" content=\"2026-04-14T08:30:29+00:00\" \/>\n<meta property=\"og:image\" content=\"https:\/\/allezfencing.eu\/wp-content\/uploads\/2025\/12\/Allstar-predator.jpg\" \/>\n\t<meta property=\"og:image:width\" content=\"1000\" \/>\n\t<meta property=\"og:image:height\" content=\"1510\" \/>\n\t<meta property=\"og:image:type\" content=\"image\/jpeg\" \/>\n<meta name=\"twitter:card\" content=\"summary_large_image\" \/>\n<script type=\"application\/ld+json\" class=\"yoast-schema-graph\">{\"@context\":\"https:\/\/schema.org\",\"@graph\":[{\"@type\":\"WebPage\",\"@id\":\"https:\/\/allezfencing.eu\/webshop\/fegyverek-es-alkatreszei\/alkatreszek-es-kiegeszitok\/allstar-predator-kosar-parbajtor\/\",\"url\":\"https:\/\/allezfencing.eu\/webshop\/fegyverek-es-alkatreszei\/alkatreszek-es-kiegeszitok\/allstar-predator-kosar-parbajtor\/\",\"name\":\"Allstar Predator kos\u00e1r-p\u00e1rbajt\u0151r | Allez Fencing\",\"isPartOf\":{\"@id\":\"https:\/\/allezfencing.eu\/#website\"},\"primaryImageOfPage\":{\"@id\":\"https:\/\/allezfencing.eu\/webshop\/fegyverek-es-alkatreszei\/alkatreszek-es-kiegeszitok\/allstar-predator-kosar-parbajtor\/#primaryimage\"},\"image\":{\"@id\":\"https:\/\/allezfencing.eu\/webshop\/fegyverek-es-alkatreszei\/alkatreszek-es-kiegeszitok\/allstar-predator-kosar-parbajtor\/#primaryimage\"},\"thumbnailUrl\":\"https:\/\/allezfencing.eu\/wp-content\/uploads\/2025\/12\/Allstar-predator.jpg\",\"datePublished\":\"2025-12-08T17:53:25+00:00\",\"dateModified\":\"2026-04-14T08:30:29+00:00\",\"breadcrumb\":{\"@id\":\"https:\/\/allezfencing.eu\/webshop\/fegyverek-es-alkatreszei\/alkatreszek-es-kiegeszitok\/allstar-predator-kosar-parbajtor\/#breadcrumb\"},\"inLanguage\":\"en-GB\",\"potentialAction\":[{\"@type\":\"ReadAction\",\"target\":[\"https:\/\/allezfencing.eu\/webshop\/fegyverek-es-alkatreszei\/alkatreszek-es-kiegeszitok\/allstar-predator-kosar-parbajtor\/\"]}]},{\"@type\":\"ImageObject\",\"inLanguage\":\"en-GB\",\"@id\":\"https:\/\/allezfencing.eu\/webshop\/fegyverek-es-alkatreszei\/alkatreszek-es-kiegeszitok\/allstar-predator-kosar-parbajtor\/#primaryimage\",\"url\":\"https:\/\/allezfencing.eu\/wp-content\/uploads\/2025\/12\/Allstar-predator.jpg\",\"contentUrl\":\"https:\/\/allezfencing.eu\/wp-content\/uploads\/2025\/12\/Allstar-predator.jpg\",\"width\":1000,\"height\":1510},{\"@type\":\"BreadcrumbList\",\"@id\":\"https:\/\/allezfencing.eu\/webshop\/fegyverek-es-alkatreszei\/alkatreszek-es-kiegeszitok\/allstar-predator-kosar-parbajtor\/#breadcrumb\",\"itemListElement\":[{\"@type\":\"ListItem\",\"position\":1,\"name\":\"Kezd\u0151lap\",\"item\":\"https:\/\/allezfencing.eu\/\"},{\"@type\":\"ListItem\",\"position\":2,\"name\":\"Webshop\",\"item\":\"https:\/\/allezfencing.eu\/webshop\/\"},{\"@type\":\"ListItem\",\"position\":3,\"name\":\"FEGYVEREK \u00c9S ALKATR\u00c9SZEI\",\"item\":\"https:\/\/allezfencing.eu\/termekkategoria\/fegyverek-es-alkatreszei\/\"},{\"@type\":\"ListItem\",\"position\":4,\"name\":\"ALKATR\u00c9SZEK \u00c9S KIEG\u00c9SZ\u00cdT\u0150K\",\"item\":\"https:\/\/allezfencing.eu\/termekkategoria\/fegyverek-es-alkatreszei\/alkatreszek-es-kiegeszitok\/\"},{\"@type\":\"ListItem\",\"position\":5,\"name\":\"Allstar Predator kos\u00e1r-p\u00e1rbajt\u0151r\"}]},{\"@type\":\"WebSite\",\"@id\":\"https:\/\/allezfencing.eu\/#website\",\"url\":\"https:\/\/allezfencing.eu\/\",\"name\":\"Allez Fencing\",\"description\":\"Minden ami v\u00edv\u00e1s\",\"publisher\":{\"@id\":\"https:\/\/allezfencing.eu\/#organization\"},\"potentialAction\":[{\"@type\":\"SearchAction\",\"target\":{\"@type\":\"EntryPoint\",\"urlTemplate\":\"https:\/\/allezfencing.eu\/?s={search_term_string}\"},\"query-input\":{\"@type\":\"PropertyValueSpecification\",\"valueRequired\":true,\"valueName\":\"search_term_string\"}}],\"inLanguage\":\"en-GB\"},{\"@type\":\"Organization\",\"@id\":\"https:\/\/allezfencing.eu\/#organization\",\"name\":\"Panama Etet\u0151haj\u00f3k\",\"url\":\"https:\/\/allezfencing.eu\/\",\"logo\":{\"@type\":\"ImageObject\",\"inLanguage\":\"en-GB\",\"@id\":\"https:\/\/allezfencing.eu\/#\/schema\/logo\/image\/\",\"url\":\"https:\/\/allezfencing.eu\/wp-content\/uploads\/2025\/03\/etetohajo.eu-panama-site-icon.webp\",\"contentUrl\":\"https:\/\/allezfencing.eu\/wp-content\/uploads\/2025\/03\/etetohajo.eu-panama-site-icon.webp\",\"width\":512,\"height\":512,\"caption\":\"Panama Etet\u0151haj\u00f3k\"},\"image\":{\"@id\":\"https:\/\/allezfencing.eu\/#\/schema\/logo\/image\/\"},\"sameAs\":[\"https:\/\/www.facebook.com\/panamaetetohajo\"]}]}<\/script>\n<!-- \/ Yoast SEO plugin. -->","yoast_head_json":{"title":"Allstar Predator kos\u00e1r-p\u00e1rbajt\u0151r | Allez Fencing","robots":{"index":"index","follow":"follow","max-snippet":"max-snippet:-1","max-image-preview":"max-image-preview:large","max-video-preview":"max-video-preview:-1"},"canonical":"https:\/\/allezfencing.eu\/en\/webshop\/fegyverek-es-alkatreszei\/alkatreszek-es-kiegeszitok\/allstar-predator-kosar-parbajtor\/","og_locale":"en_GB","og_type":"article","og_title":"Allstar Predator kos\u00e1r-p\u00e1rbajt\u0151r | Allez Fencing","og_description":"Predator -\u00a0created for fighters Az exkluz\u00edv fekete p\u00e1rbajt\u0151r kos\u00e1r k\u00f6telez\u0151 darab az ambici\u00f3zus p\u00e1rbajt\u0151rv\u00edv\u00f3k sz\u00e1m\u00e1ra. A Predator kos\u00e1r a Light p\u00e1rbajt\u0151r kos\u00e1r alapjaira \u00e9p\u00fcl, \u00edgy k\u00f6nnyebb, mint a hagyom\u00e1nyos kosarak. Azonban az a k\u00e9miai elj\u00e1r\u00e1s, amely a kos\u00e1r egyedi fekete sz\u00edn\u00e9t adja, megkem\u00e9ny\u00edti az anyagot, \u00e9s er\u0151sebb\u00e9 teszi (10-15%-kal). Ezen fel\u00fcl az egyed\u00fcl\u00e1ll\u00f3 matt fekete bevonat igaz\u00e1n figyelemfelkelt\u0151.","og_url":"https:\/\/allezfencing.eu\/en\/webshop\/fegyverek-es-alkatreszei\/alkatreszek-es-kiegeszitok\/allstar-predator-kosar-parbajtor\/","og_site_name":"Allez Fencing","article_publisher":"https:\/\/www.facebook.com\/panamaetetohajo","article_modified_time":"2026-04-14T08:30:29+00:00","og_image":[{"width":1000,"height":1510,"url":"https:\/\/allezfencing.eu\/wp-content\/uploads\/2025\/12\/Allstar-predator.jpg","type":"image\/jpeg"}],"twitter_card":"summary_large_image","schema":{"@context":"https:\/\/schema.org","@graph":[{"@type":"WebPage","@id":"https:\/\/allezfencing.eu\/webshop\/fegyverek-es-alkatreszei\/alkatreszek-es-kiegeszitok\/allstar-predator-kosar-parbajtor\/","url":"https:\/\/allezfencing.eu\/webshop\/fegyverek-es-alkatreszei\/alkatreszek-es-kiegeszitok\/allstar-predator-kosar-parbajtor\/","name":"Allstar Predator kos\u00e1r-p\u00e1rbajt\u0151r | Allez Fencing","isPartOf":{"@id":"https:\/\/allezfencing.eu\/#website"},"primaryImageOfPage":{"@id":"https:\/\/allezfencing.eu\/webshop\/fegyverek-es-alkatreszei\/alkatreszek-es-kiegeszitok\/allstar-predator-kosar-parbajtor\/#primaryimage"},"image":{"@id":"https:\/\/allezfencing.eu\/webshop\/fegyverek-es-alkatreszei\/alkatreszek-es-kiegeszitok\/allstar-predator-kosar-parbajtor\/#primaryimage"},"thumbnailUrl":"https:\/\/allezfencing.eu\/wp-content\/uploads\/2025\/12\/Allstar-predator.jpg","datePublished":"2025-12-08T17:53:25+00:00","dateModified":"2026-04-14T08:30:29+00:00","breadcrumb":{"@id":"https:\/\/allezfencing.eu\/webshop\/fegyverek-es-alkatreszei\/alkatreszek-es-kiegeszitok\/allstar-predator-kosar-parbajtor\/#breadcrumb"},"inLanguage":"en-GB","potentialAction":[{"@type":"ReadAction","target":["https:\/\/allezfencing.eu\/webshop\/fegyverek-es-alkatreszei\/alkatreszek-es-kiegeszitok\/allstar-predator-kosar-parbajtor\/"]}]},{"@type":"ImageObject","inLanguage":"en-GB","@id":"https:\/\/allezfencing.eu\/webshop\/fegyverek-es-alkatreszei\/alkatreszek-es-kiegeszitok\/allstar-predator-kosar-parbajtor\/#primaryimage","url":"https:\/\/allezfencing.eu\/wp-content\/uploads\/2025\/12\/Allstar-predator.jpg","contentUrl":"https:\/\/allezfencing.eu\/wp-content\/uploads\/2025\/12\/Allstar-predator.jpg","width":1000,"height":1510},{"@type":"BreadcrumbList","@id":"https:\/\/allezfencing.eu\/webshop\/fegyverek-es-alkatreszei\/alkatreszek-es-kiegeszitok\/allstar-predator-kosar-parbajtor\/#breadcrumb","itemListElement":[{"@type":"ListItem","position":1,"name":"Kezd\u0151lap","item":"https:\/\/allezfencing.eu\/"},{"@type":"ListItem","position":2,"name":"Webshop","item":"https:\/\/allezfencing.eu\/webshop\/"},{"@type":"ListItem","position":3,"name":"FEGYVEREK \u00c9S ALKATR\u00c9SZEI","item":"https:\/\/allezfencing.eu\/termekkategoria\/fegyverek-es-alkatreszei\/"},{"@type":"ListItem","position":4,"name":"ALKATR\u00c9SZEK \u00c9S KIEG\u00c9SZ\u00cdT\u0150K","item":"https:\/\/allezfencing.eu\/termekkategoria\/fegyverek-es-alkatreszei\/alkatreszek-es-kiegeszitok\/"},{"@type":"ListItem","position":5,"name":"Allstar Predator kos\u00e1r-p\u00e1rbajt\u0151r"}]},{"@type":"WebSite","@id":"https:\/\/allezfencing.eu\/#website","url":"https:\/\/allezfencing.eu\/","name":"Allez Fencing","description":"Minden ami v\u00edv\u00e1s","publisher":{"@id":"https:\/\/allezfencing.eu\/#organization"},"potentialAction":[{"@type":"SearchAction","target":{"@type":"EntryPoint","urlTemplate":"https:\/\/allezfencing.eu\/?s={search_term_string}"},"query-input":{"@type":"PropertyValueSpecification","valueRequired":true,"valueName":"search_term_string"}}],"inLanguage":"en-GB"},{"@type":"Organization","@id":"https:\/\/allezfencing.eu\/#organization","name":"Panama Feeding boats","url":"https:\/\/allezfencing.eu\/","logo":{"@type":"ImageObject","inLanguage":"en-GB","@id":"https:\/\/allezfencing.eu\/#\/schema\/logo\/image\/","url":"https:\/\/allezfencing.eu\/wp-content\/uploads\/2025\/03\/etetohajo.eu-panama-site-icon.webp","contentUrl":"https:\/\/allezfencing.eu\/wp-content\/uploads\/2025\/03\/etetohajo.eu-panama-site-icon.webp","width":512,"height":512,"caption":"Panama Etet\u0151haj\u00f3k"},"image":{"@id":"https:\/\/allezfencing.eu\/#\/schema\/logo\/image\/"},"sameAs":["https:\/\/www.facebook.com\/panamaetetohajo"]}]}},"_links":{"self":[{"href":"https:\/\/allezfencing.eu\/en\/wp-json\/wp\/v2\/product\/15685","targetHints":{"allow":["GET"]}}],"collection":[{"href":"https:\/\/allezfencing.eu\/en\/wp-json\/wp\/v2\/product"}],"about":[{"href":"https:\/\/allezfencing.eu\/en\/wp-json\/wp\/v2\/types\/product"}],"replies":[{"embeddable":true,"href":"https:\/\/allezfencing.eu\/en\/wp-json\/wp\/v2\/comments?post=15685"}],"version-history":[{"count":1,"href":"https:\/\/allezfencing.eu\/en\/wp-json\/wp\/v2\/product\/15685\/revisions"}],"predecessor-version":[{"id":16334,"href":"https:\/\/allezfencing.eu\/en\/wp-json\/wp\/v2\/product\/15685\/revisions\/16334"}],"wp:featuredmedia":[{"embeddable":true,"href":"https:\/\/allezfencing.eu\/en\/wp-json\/wp\/v2\/media\/15686"}],"wp:attachment":[{"href":"https:\/\/allezfencing.eu\/en\/wp-json\/wp\/v2\/media?parent=15685"}],"wp:term":[{"taxonomy":"product_brand","embeddable":true,"href":"https:\/\/allezfencing.eu\/en\/wp-json\/wp\/v2\/product_brand?post=15685"},{"taxonomy":"product_cat","embeddable":true,"href":"https:\/\/allezfencing.eu\/en\/wp-json\/wp\/v2\/product_cat?post=15685"},{"taxonomy":"product_tag","embeddable":true,"href":"https:\/\/allezfencing.eu\/en\/wp-json\/wp\/v2\/product_tag?post=15685"}],"curies":[{"name":"wp","href":"https:\/\/api.w.org\/{rel}","templated":true}]}}