{"id":15710,"date":"2025-12-08T18:54:26","date_gmt":"2025-12-08T17:54:26","guid":{"rendered":"https:\/\/infiniteq.org\/webshop\/nem-kategorizalt\/leon-paul-x-change-fie-tor-mask\/"},"modified":"2026-04-08T12:46:28","modified_gmt":"2026-04-08T10:46:28","slug":"leon-paul-x-change-fie-tor-mask","status":"publish","type":"product","link":"https:\/\/allezfencing.eu\/en\/webshop\/fejvedek\/tor-fejvedek\/leon-paul-x-change-fie-tor-mask\/","title":{"rendered":"Leon Paul X-change FIE t\u0151r mask Ice \u00e9s Air bels\u0151vel"},"content":{"rendered":"<p data-start=\"5469\" data-end=\"5541\">Leon Paul X-change FIE T\u0151r Fejv\u00e9d \u2013 Ice \u00e9s Air rendszer, pr\u00e9mium komfort<\/p>\n<p data-start=\"5543\" data-end=\"5555\">Term\u00e9kle\u00edr\u00e1s<\/p>\n<p data-start=\"5557\" data-end=\"5758\">A Leon Paul X-change FIE t\u0151r fejv\u00e9d a pr\u00e9mium kateg\u00f3ri\u00e1t k\u00e9pviseli, amely maxim\u00e1lis v\u00e9delmet \u00e9s kiemelked\u0151 k\u00e9nyelmet k\u00edn\u00e1l. Az Ice \u00e9s Air bels\u0151 rendszer biztos\u00edtja az optim\u00e1lis szell\u0151z\u00e9st \u00e9s komfortot.<\/p>\n<p data-start=\"5760\" data-end=\"5845\">A cser\u00e9lhet\u0151 bels\u0151 rendszer lehet\u0151v\u00e9 teszi a testreszab\u00e1st \u00e9s a k\u00f6nny\u0171 karbantart\u00e1st.<\/p>\n<p data-start=\"5847\" data-end=\"5902\">Ez a modell professzion\u00e1lis versenyz\u0151k sz\u00e1m\u00e1ra k\u00e9sz\u00fclt.<\/p>\n<p data-start=\"5904\" data-end=\"5918\">Main features<\/p>\n<p data-start=\"5920\" data-end=\"6075\">\u2714 FIE 1600N min\u0151s\u00edt\u00e9s<br data-start=\"5941\" data-end=\"5944\" \/>\u2714 X-change rendszer<br data-start=\"5963\" data-end=\"5966\" \/>\u2714 Ice \u00e9s Air bels\u0151<br data-start=\"5984\" data-end=\"5987\" \/>\u2714 Kiv\u00e1l\u00f3 szell\u0151z\u00e9s<br data-start=\"6005\" data-end=\"6008\" \/>\u2714 Pr\u00e9mium kialak\u00edt\u00e1s<br data-start=\"6028\" data-end=\"6031\" \/>\u2714 Maxim\u00e1lis komfort<br data-start=\"6050\" data-end=\"6053\" \/>\u2714 Versenyre alkalmas<\/p>\n<p data-start=\"6077\" data-end=\"6111\">Mi\u00e9rt v\u00e1laszd ezt a v\u00edv\u00f3 fejv\u00e9det?<\/p>\n<p data-start=\"6113\" data-end=\"6222\">\ud83e\udd47 Pr\u00e9mium min\u0151s\u00e9g<br data-start=\"6131\" data-end=\"6134\" \/>\ud83c\udf2c Kiv\u00e1l\u00f3 szell\u0151z\u00e9s<br data-start=\"6153\" data-end=\"6156\" \/>\ud83d\udee1 Maxim\u00e1lis v\u00e9delem<br data-start=\"6176\" data-end=\"6179\" \/>\u2694 Profi haszn\u00e1lat<br data-start=\"6196\" data-end=\"6199\" \/>\ud83d\udc8e Innovat\u00edv rendszer<\/p>\n<p data-start=\"6224\" data-end=\"6245\">Felhaszn\u00e1l\u00e1si ter\u00fclet<\/p>\n<p data-start=\"6247\" data-end=\"6306\">versenyz\u00e9shez<br data-start=\"6260\" data-end=\"6263\" \/>intenz\u00edv edz\u00e9sekhez<br data-start=\"6282\" data-end=\"6285\" \/>profi v\u00edv\u00f3k sz\u00e1m\u00e1ra<\/p>\n<p data-start=\"6308\" data-end=\"6348\">\u00c9letst\u00edlus \u2013 cs\u00facskateg\u00f3ri\u00e1s felszerel\u00e9s<\/p>\n<p data-start=\"6350\" data-end=\"6408\">A Leon Paul fejv\u00e9d a legmagasabb elv\u00e1r\u00e1soknak is megfelel.<\/p>\n<p data-start=\"6410\" data-end=\"6414\">GYIK<\/p>\n<p data-start=\"6416\" data-end=\"6448\">Cser\u00e9lhet\u0151 a bels\u0151 r\u00e9sz?<br data-start=\"6440\" data-end=\"6443\" \/>Igen.<\/p>\n<p data-start=\"6450\" data-end=\"6477\">Versenyre alkalmas?<br data-start=\"6469\" data-end=\"6472\" \/>Igen.<\/p>","protected":false},"excerpt":{"rendered":"<p>Leon Paul X-change FIE T\u0151r Fejv\u00e9d \u2013 Ice \u00e9s Air rendszer, pr\u00e9mium komfort<\/p>","protected":false},"featured_media":15711,"comment_status":"open","ping_status":"closed","template":"","meta":[],"product_brand":[323],"product_cat":[743],"product_tag":[],"class_list":{"0":"post-15710","1":"product","2":"type-product","3":"status-publish","4":"has-post-thumbnail","6":"product_brand-leon-paul","7":"product_cat-tor-fejvedek","9":"first","10":"instock","11":"taxable","12":"shipping-taxable","13":"purchasable","14":"product-type-simple"},"yoast_head":"<!-- This site is optimized with the Yoast SEO plugin v27.5 - https:\/\/yoast.com\/product\/yoast-seo-wordpress\/ -->\n<title>Leon Paul X-change FIE t\u0151r mask Ice \u00e9s Air bels\u0151vel | Allez Fencing<\/title>\n<meta name=\"description\" content=\"Leon Paul X-change FIE t\u0151r fejv\u00e9d Ice \u00e9s Air bels\u0151vel. Pr\u00e9mium komfort \u00e9s versenymin\u0151s\u00e9g.\" \/>\n<meta name=\"robots\" content=\"index, follow, max-snippet:-1, max-image-preview:large, max-video-preview:-1\" \/>\n<link rel=\"canonical\" href=\"https:\/\/allezfencing.eu\/en\/webshop\/fejvedek\/tor-fejvedek\/leon-paul-x-change-fie-tor-mask\/\" \/>\n<meta property=\"og:locale\" content=\"en_GB\" \/>\n<meta property=\"og:type\" content=\"article\" \/>\n<meta property=\"og:title\" content=\"Leon Paul X-change FIE t\u0151r mask Ice \u00e9s Air bels\u0151vel | Allez Fencing\" \/>\n<meta property=\"og:description\" content=\"Leon Paul X-change FIE t\u0151r fejv\u00e9d Ice \u00e9s Air bels\u0151vel. Pr\u00e9mium komfort \u00e9s versenymin\u0151s\u00e9g.\" \/>\n<meta property=\"og:url\" content=\"https:\/\/allezfencing.eu\/en\/webshop\/fejvedek\/tor-fejvedek\/leon-paul-x-change-fie-tor-mask\/\" \/>\n<meta property=\"og:site_name\" content=\"Allez Fencing\" \/>\n<meta property=\"article:publisher\" content=\"https:\/\/www.facebook.com\/panamaetetohajo\" \/>\n<meta property=\"article:modified_time\" content=\"2026-04-08T10:46:28+00:00\" \/>\n<meta property=\"og:image\" content=\"https:\/\/allezfencing.eu\/wp-content\/uploads\/2025\/12\/LP-x-fcfm.jpg\" \/>\n\t<meta property=\"og:image:width\" content=\"900\" \/>\n\t<meta property=\"og:image:height\" content=\"1104\" \/>\n\t<meta property=\"og:image:type\" content=\"image\/jpeg\" \/>\n<meta name=\"twitter:card\" content=\"summary_large_image\" \/>\n<meta name=\"twitter:label1\" content=\"Estimated reading time\" \/>\n\t<meta name=\"twitter:data1\" content=\"1 minute\" \/>\n<script type=\"application\/ld+json\" class=\"yoast-schema-graph\">{\"@context\":\"https:\\\/\\\/schema.org\",\"@graph\":[{\"@type\":\"WebPage\",\"@id\":\"https:\\\/\\\/allezfencing.eu\\\/webshop\\\/fejvedek\\\/tor-fejvedek\\\/leon-paul-x-change-fie-tor-mask\\\/\",\"url\":\"https:\\\/\\\/allezfencing.eu\\\/webshop\\\/fejvedek\\\/tor-fejvedek\\\/leon-paul-x-change-fie-tor-mask\\\/\",\"name\":\"Leon Paul X-change FIE t\u0151r mask Ice \u00e9s Air bels\u0151vel | Allez Fencing\",\"isPartOf\":{\"@id\":\"https:\\\/\\\/allezfencing.eu\\\/#website\"},\"primaryImageOfPage\":{\"@id\":\"https:\\\/\\\/allezfencing.eu\\\/webshop\\\/fejvedek\\\/tor-fejvedek\\\/leon-paul-x-change-fie-tor-mask\\\/#primaryimage\"},\"image\":{\"@id\":\"https:\\\/\\\/allezfencing.eu\\\/webshop\\\/fejvedek\\\/tor-fejvedek\\\/leon-paul-x-change-fie-tor-mask\\\/#primaryimage\"},\"thumbnailUrl\":\"https:\\\/\\\/allezfencing.eu\\\/wp-content\\\/uploads\\\/2025\\\/12\\\/LP-x-fcfm.jpg\",\"datePublished\":\"2025-12-08T17:54:26+00:00\",\"dateModified\":\"2026-04-08T10:46:28+00:00\",\"description\":\"Leon Paul X-change FIE t\u0151r fejv\u00e9d Ice \u00e9s Air bels\u0151vel. Pr\u00e9mium komfort \u00e9s versenymin\u0151s\u00e9g.\",\"breadcrumb\":{\"@id\":\"https:\\\/\\\/allezfencing.eu\\\/webshop\\\/fejvedek\\\/tor-fejvedek\\\/leon-paul-x-change-fie-tor-mask\\\/#breadcrumb\"},\"inLanguage\":\"en-GB\",\"potentialAction\":[{\"@type\":\"ReadAction\",\"target\":[\"https:\\\/\\\/allezfencing.eu\\\/webshop\\\/fejvedek\\\/tor-fejvedek\\\/leon-paul-x-change-fie-tor-mask\\\/\"]}]},{\"@type\":\"ImageObject\",\"inLanguage\":\"en-GB\",\"@id\":\"https:\\\/\\\/allezfencing.eu\\\/webshop\\\/fejvedek\\\/tor-fejvedek\\\/leon-paul-x-change-fie-tor-mask\\\/#primaryimage\",\"url\":\"https:\\\/\\\/allezfencing.eu\\\/wp-content\\\/uploads\\\/2025\\\/12\\\/LP-x-fcfm.jpg\",\"contentUrl\":\"https:\\\/\\\/allezfencing.eu\\\/wp-content\\\/uploads\\\/2025\\\/12\\\/LP-x-fcfm.jpg\",\"width\":900,\"height\":1104},{\"@type\":\"BreadcrumbList\",\"@id\":\"https:\\\/\\\/allezfencing.eu\\\/webshop\\\/fejvedek\\\/tor-fejvedek\\\/leon-paul-x-change-fie-tor-mask\\\/#breadcrumb\",\"itemListElement\":[{\"@type\":\"ListItem\",\"position\":1,\"name\":\"Kezd\u0151lap\",\"item\":\"https:\\\/\\\/allezfencing.eu\\\/\"},{\"@type\":\"ListItem\",\"position\":2,\"name\":\"Webshop\",\"item\":\"https:\\\/\\\/allezfencing.eu\\\/webshop\\\/\"},{\"@type\":\"ListItem\",\"position\":3,\"name\":\"FEJV\u00c9DEK\",\"item\":\"https:\\\/\\\/allezfencing.eu\\\/termekkategoria\\\/fejvedek\\\/\"},{\"@type\":\"ListItem\",\"position\":4,\"name\":\"T\u0150R FEJV\u00c9DEK\",\"item\":\"https:\\\/\\\/allezfencing.eu\\\/termekkategoria\\\/fejvedek\\\/tor-fejvedek\\\/\"},{\"@type\":\"ListItem\",\"position\":5,\"name\":\"Leon Paul X-change FIE t\u0151r mask Ice \u00e9s Air bels\u0151vel\"}]},{\"@type\":\"WebSite\",\"@id\":\"https:\\\/\\\/allezfencing.eu\\\/#website\",\"url\":\"https:\\\/\\\/allezfencing.eu\\\/\",\"name\":\"Allez Fencing\",\"description\":\"Minden ami v\u00edv\u00e1s\",\"publisher\":{\"@id\":\"https:\\\/\\\/allezfencing.eu\\\/#organization\"},\"potentialAction\":[{\"@type\":\"SearchAction\",\"target\":{\"@type\":\"EntryPoint\",\"urlTemplate\":\"https:\\\/\\\/allezfencing.eu\\\/?s={search_term_string}\"},\"query-input\":{\"@type\":\"PropertyValueSpecification\",\"valueRequired\":true,\"valueName\":\"search_term_string\"}}],\"inLanguage\":\"en-GB\"},{\"@type\":\"Organization\",\"@id\":\"https:\\\/\\\/allezfencing.eu\\\/#organization\",\"name\":\"Panama Etet\u0151haj\u00f3k\",\"url\":\"https:\\\/\\\/allezfencing.eu\\\/\",\"logo\":{\"@type\":\"ImageObject\",\"inLanguage\":\"en-GB\",\"@id\":\"https:\\\/\\\/allezfencing.eu\\\/#\\\/schema\\\/logo\\\/image\\\/\",\"url\":\"https:\\\/\\\/allezfencing.eu\\\/wp-content\\\/uploads\\\/2025\\\/03\\\/etetohajo.eu-panama-site-icon.webp\",\"contentUrl\":\"https:\\\/\\\/allezfencing.eu\\\/wp-content\\\/uploads\\\/2025\\\/03\\\/etetohajo.eu-panama-site-icon.webp\",\"width\":512,\"height\":512,\"caption\":\"Panama Etet\u0151haj\u00f3k\"},\"image\":{\"@id\":\"https:\\\/\\\/allezfencing.eu\\\/#\\\/schema\\\/logo\\\/image\\\/\"},\"sameAs\":[\"https:\\\/\\\/www.facebook.com\\\/panamaetetohajo\"]}]}<\/script>\n<!-- \/ Yoast SEO plugin. -->","yoast_head_json":{"title":"Leon Paul X-change FIE t\u0151r mask Ice \u00e9s Air bels\u0151vel | Allez Fencing","description":"Leon Paul X-change FIE t\u0151r fejv\u00e9d Ice \u00e9s Air bels\u0151vel. Pr\u00e9mium komfort \u00e9s versenymin\u0151s\u00e9g.","robots":{"index":"index","follow":"follow","max-snippet":"max-snippet:-1","max-image-preview":"max-image-preview:large","max-video-preview":"max-video-preview:-1"},"canonical":"https:\/\/allezfencing.eu\/en\/webshop\/fejvedek\/tor-fejvedek\/leon-paul-x-change-fie-tor-mask\/","og_locale":"en_GB","og_type":"article","og_title":"Leon Paul X-change FIE t\u0151r mask Ice \u00e9s Air bels\u0151vel | Allez Fencing","og_description":"Leon Paul X-change FIE t\u0151r fejv\u00e9d Ice \u00e9s Air bels\u0151vel. Pr\u00e9mium komfort \u00e9s versenymin\u0151s\u00e9g.","og_url":"https:\/\/allezfencing.eu\/en\/webshop\/fejvedek\/tor-fejvedek\/leon-paul-x-change-fie-tor-mask\/","og_site_name":"Allez Fencing","article_publisher":"https:\/\/www.facebook.com\/panamaetetohajo","article_modified_time":"2026-04-08T10:46:28+00:00","og_image":[{"width":900,"height":1104,"url":"https:\/\/allezfencing.eu\/wp-content\/uploads\/2025\/12\/LP-x-fcfm.jpg","type":"image\/jpeg"}],"twitter_card":"summary_large_image","twitter_misc":{"Estimated reading time":"1 minute"},"schema":{"@context":"https:\/\/schema.org","@graph":[{"@type":"WebPage","@id":"https:\/\/allezfencing.eu\/webshop\/fejvedek\/tor-fejvedek\/leon-paul-x-change-fie-tor-mask\/","url":"https:\/\/allezfencing.eu\/webshop\/fejvedek\/tor-fejvedek\/leon-paul-x-change-fie-tor-mask\/","name":"Leon Paul X-change FIE t\u0151r mask Ice \u00e9s Air bels\u0151vel | Allez Fencing","isPartOf":{"@id":"https:\/\/allezfencing.eu\/#website"},"primaryImageOfPage":{"@id":"https:\/\/allezfencing.eu\/webshop\/fejvedek\/tor-fejvedek\/leon-paul-x-change-fie-tor-mask\/#primaryimage"},"image":{"@id":"https:\/\/allezfencing.eu\/webshop\/fejvedek\/tor-fejvedek\/leon-paul-x-change-fie-tor-mask\/#primaryimage"},"thumbnailUrl":"https:\/\/allezfencing.eu\/wp-content\/uploads\/2025\/12\/LP-x-fcfm.jpg","datePublished":"2025-12-08T17:54:26+00:00","dateModified":"2026-04-08T10:46:28+00:00","description":"Leon Paul X-change FIE t\u0151r fejv\u00e9d Ice \u00e9s Air bels\u0151vel. Pr\u00e9mium komfort \u00e9s versenymin\u0151s\u00e9g.","breadcrumb":{"@id":"https:\/\/allezfencing.eu\/webshop\/fejvedek\/tor-fejvedek\/leon-paul-x-change-fie-tor-mask\/#breadcrumb"},"inLanguage":"en-GB","potentialAction":[{"@type":"ReadAction","target":["https:\/\/allezfencing.eu\/webshop\/fejvedek\/tor-fejvedek\/leon-paul-x-change-fie-tor-mask\/"]}]},{"@type":"ImageObject","inLanguage":"en-GB","@id":"https:\/\/allezfencing.eu\/webshop\/fejvedek\/tor-fejvedek\/leon-paul-x-change-fie-tor-mask\/#primaryimage","url":"https:\/\/allezfencing.eu\/wp-content\/uploads\/2025\/12\/LP-x-fcfm.jpg","contentUrl":"https:\/\/allezfencing.eu\/wp-content\/uploads\/2025\/12\/LP-x-fcfm.jpg","width":900,"height":1104},{"@type":"BreadcrumbList","@id":"https:\/\/allezfencing.eu\/webshop\/fejvedek\/tor-fejvedek\/leon-paul-x-change-fie-tor-mask\/#breadcrumb","itemListElement":[{"@type":"ListItem","position":1,"name":"Kezd\u0151lap","item":"https:\/\/allezfencing.eu\/"},{"@type":"ListItem","position":2,"name":"Webshop","item":"https:\/\/allezfencing.eu\/webshop\/"},{"@type":"ListItem","position":3,"name":"FEJV\u00c9DEK","item":"https:\/\/allezfencing.eu\/termekkategoria\/fejvedek\/"},{"@type":"ListItem","position":4,"name":"T\u0150R FEJV\u00c9DEK","item":"https:\/\/allezfencing.eu\/termekkategoria\/fejvedek\/tor-fejvedek\/"},{"@type":"ListItem","position":5,"name":"Leon Paul X-change FIE t\u0151r mask Ice \u00e9s Air bels\u0151vel"}]},{"@type":"WebSite","@id":"https:\/\/allezfencing.eu\/#website","url":"https:\/\/allezfencing.eu\/","name":"Allez Fencing","description":"Minden ami v\u00edv\u00e1s","publisher":{"@id":"https:\/\/allezfencing.eu\/#organization"},"potentialAction":[{"@type":"SearchAction","target":{"@type":"EntryPoint","urlTemplate":"https:\/\/allezfencing.eu\/?s={search_term_string}"},"query-input":{"@type":"PropertyValueSpecification","valueRequired":true,"valueName":"search_term_string"}}],"inLanguage":"en-GB"},{"@type":"Organization","@id":"https:\/\/allezfencing.eu\/#organization","name":"Panama Feeding boats","url":"https:\/\/allezfencing.eu\/","logo":{"@type":"ImageObject","inLanguage":"en-GB","@id":"https:\/\/allezfencing.eu\/#\/schema\/logo\/image\/","url":"https:\/\/allezfencing.eu\/wp-content\/uploads\/2025\/03\/etetohajo.eu-panama-site-icon.webp","contentUrl":"https:\/\/allezfencing.eu\/wp-content\/uploads\/2025\/03\/etetohajo.eu-panama-site-icon.webp","width":512,"height":512,"caption":"Panama Etet\u0151haj\u00f3k"},"image":{"@id":"https:\/\/allezfencing.eu\/#\/schema\/logo\/image\/"},"sameAs":["https:\/\/www.facebook.com\/panamaetetohajo"]}]}},"_links":{"self":[{"href":"https:\/\/allezfencing.eu\/en\/wp-json\/wp\/v2\/product\/15710","targetHints":{"allow":["GET"]}}],"collection":[{"href":"https:\/\/allezfencing.eu\/en\/wp-json\/wp\/v2\/product"}],"about":[{"href":"https:\/\/allezfencing.eu\/en\/wp-json\/wp\/v2\/types\/product"}],"replies":[{"embeddable":true,"href":"https:\/\/allezfencing.eu\/en\/wp-json\/wp\/v2\/comments?post=15710"}],"version-history":[{"count":0,"href":"https:\/\/allezfencing.eu\/en\/wp-json\/wp\/v2\/product\/15710\/revisions"}],"wp:featuredmedia":[{"embeddable":true,"href":"https:\/\/allezfencing.eu\/en\/wp-json\/wp\/v2\/media\/15711"}],"wp:attachment":[{"href":"https:\/\/allezfencing.eu\/en\/wp-json\/wp\/v2\/media?parent=15710"}],"wp:term":[{"taxonomy":"product_brand","embeddable":true,"href":"https:\/\/allezfencing.eu\/en\/wp-json\/wp\/v2\/product_brand?post=15710"},{"taxonomy":"product_cat","embeddable":true,"href":"https:\/\/allezfencing.eu\/en\/wp-json\/wp\/v2\/product_cat?post=15710"},{"taxonomy":"product_tag","embeddable":true,"href":"https:\/\/allezfencing.eu\/en\/wp-json\/wp\/v2\/product_tag?post=15710"}],"curies":[{"name":"wp","href":"https:\/\/api.w.org\/{rel}","templated":true}]}}