{"id":15721,"date":"2025-12-08T18:55:30","date_gmt":"2025-12-08T17:55:30","guid":{"rendered":"https:\/\/infiniteq.org\/webshop\/nem-kategorizalt\/uhlmann-fie-parbajtor-bfpenge-hegy-nelkul\/"},"modified":"2026-03-08T16:06:00","modified_gmt":"2026-03-08T15:06:00","slug":"uhlmann-fie-parbajtor-bfpenge-hegy-nelkul","status":"publish","type":"product","link":"https:\/\/allezfencing.eu\/en\/webshop\/fegyverek-es-alkatreszei\/parbajtor-fegyverek-es-alkatreszei\/uhlmann-fie-parbajtor-bfpenge-hegy-nelkul\/","title":{"rendered":"Uhlmann FIE p\u00e1rbajt\u0151r BFpenge hegy n\u00e9lk\u00fcl"},"content":{"rendered":"<p>A\u00a0 kov\u00e1csolt BF &#8222;Blaise Fr\u00e8res&#8221; peng\u00e9k k\u00e9ts\u00e9gtelen\u00fcl a vil\u00e1g legjobb\u00a0 \u00e9s legn\u00e9pszer\u0171bb peng\u00e9i. V\u00e1laszthat a k\u00f6zepes (rugalmas) vagy a kem\u00e9ny peng\u00e9k k\u00f6z\u00fcl, \u00edzl\u00e9s\u00e9nek, v\u00edv\u00f3technik\u00e1j\u00e1nak megfelel\u0151en.<\/p>","protected":false},"excerpt":{"rendered":"<p>Uhlmann FIE BF M penge.<\/p>\n<p>Francia vagy belga markolathoz egyar\u00e1nt alkalmas, M\u00e9dium (M)\u00a0 kivitelben el\u00e9rhet\u0151 penge.<br \/>\nEzeket a BF (Blaise Fr\u00e8res) p\u00e1rbajt\u0151r peng\u00e9ket Maragin ac\u00e9lb\u00f3l melegen kov\u00e1csolt\u00e1k. A nemzetk\u00f6zi versenyeken k\u00f6telez\u0151ek.<br \/>\nV\u00e1laszd az eredeti BF peng\u00e9t a k\u00fcl\u00f6nleges Uhlmann log\u00f3val!<\/p>","protected":false},"featured_media":0,"comment_status":"open","ping_status":"closed","template":"","meta":[],"product_brand":[326],"product_cat":[1166],"product_tag":[],"class_list":{"0":"post-15721","1":"product","2":"type-product","3":"status-publish","5":"product_brand-uhlmann","6":"product_cat-parbajtor-fegyverek-es-alkatreszei","8":"first","9":"instock","10":"taxable","11":"shipping-taxable","12":"purchasable","13":"product-type-variable"},"yoast_head":"<!-- This site is optimized with the Yoast SEO plugin v27.2 - https:\/\/yoast.com\/product\/yoast-seo-wordpress\/ -->\n<title>Uhlmann FIE p\u00e1rbajt\u0151r BFpenge hegy n\u00e9lk\u00fcl | Allez Fencing<\/title>\n<meta name=\"robots\" content=\"index, follow, max-snippet:-1, max-image-preview:large, max-video-preview:-1\" \/>\n<link rel=\"canonical\" href=\"https:\/\/allezfencing.eu\/en\/webshop\/fegyverek-es-alkatreszei\/parbajtor-fegyverek-es-alkatreszei\/uhlmann-fie-parbajtor-bfpenge-hegy-nelkul\/\" \/>\n<meta property=\"og:locale\" content=\"en_GB\" \/>\n<meta property=\"og:type\" content=\"article\" \/>\n<meta property=\"og:title\" content=\"Uhlmann FIE p\u00e1rbajt\u0151r BFpenge hegy n\u00e9lk\u00fcl | Allez Fencing\" \/>\n<meta property=\"og:description\" content=\"Uhlmann FIE BF M penge.  Francia vagy belga markolathoz egyar\u00e1nt alkalmas, M\u00e9dium (M)\u00a0 kivitelben el\u00e9rhet\u0151 penge. Ezeket a BF (Blaise Fr\u00e8res) p\u00e1rbajt\u0151r peng\u00e9ket Maragin ac\u00e9lb\u00f3l melegen kov\u00e1csolt\u00e1k. A nemzetk\u00f6zi versenyeken k\u00f6telez\u0151ek. V\u00e1laszd az eredeti BF peng\u00e9t a k\u00fcl\u00f6nleges Uhlmann log\u00f3val!\" \/>\n<meta property=\"og:url\" content=\"https:\/\/allezfencing.eu\/en\/webshop\/fegyverek-es-alkatreszei\/parbajtor-fegyverek-es-alkatreszei\/uhlmann-fie-parbajtor-bfpenge-hegy-nelkul\/\" \/>\n<meta property=\"og:site_name\" content=\"Allez Fencing\" \/>\n<meta property=\"article:publisher\" content=\"https:\/\/www.facebook.com\/panamaetetohajo\" \/>\n<meta property=\"article:modified_time\" content=\"2026-03-08T15:06:00+00:00\" \/>\n<meta name=\"twitter:card\" content=\"summary_large_image\" \/>\n<meta name=\"twitter:label1\" content=\"Estimated reading time\" \/>\n\t<meta name=\"twitter:data1\" content=\"1 minute\" \/>\n<script type=\"application\/ld+json\" class=\"yoast-schema-graph\">{\"@context\":\"https:\/\/schema.org\",\"@graph\":[{\"@type\":\"WebPage\",\"@id\":\"https:\/\/allezfencing.eu\/webshop\/fegyverek-es-alkatreszei\/parbajtor-fegyverek-es-alkatreszei\/uhlmann-fie-parbajtor-bfpenge-hegy-nelkul\/\",\"url\":\"https:\/\/allezfencing.eu\/webshop\/fegyverek-es-alkatreszei\/parbajtor-fegyverek-es-alkatreszei\/uhlmann-fie-parbajtor-bfpenge-hegy-nelkul\/\",\"name\":\"Uhlmann FIE p\u00e1rbajt\u0151r BFpenge hegy n\u00e9lk\u00fcl | Allez Fencing\",\"isPartOf\":{\"@id\":\"https:\/\/allezfencing.eu\/#website\"},\"datePublished\":\"2025-12-08T17:55:30+00:00\",\"dateModified\":\"2026-03-08T15:06:00+00:00\",\"breadcrumb\":{\"@id\":\"https:\/\/allezfencing.eu\/webshop\/fegyverek-es-alkatreszei\/parbajtor-fegyverek-es-alkatreszei\/uhlmann-fie-parbajtor-bfpenge-hegy-nelkul\/#breadcrumb\"},\"inLanguage\":\"en-GB\",\"potentialAction\":[{\"@type\":\"ReadAction\",\"target\":[\"https:\/\/allezfencing.eu\/webshop\/fegyverek-es-alkatreszei\/parbajtor-fegyverek-es-alkatreszei\/uhlmann-fie-parbajtor-bfpenge-hegy-nelkul\/\"]}]},{\"@type\":\"BreadcrumbList\",\"@id\":\"https:\/\/allezfencing.eu\/webshop\/fegyverek-es-alkatreszei\/parbajtor-fegyverek-es-alkatreszei\/uhlmann-fie-parbajtor-bfpenge-hegy-nelkul\/#breadcrumb\",\"itemListElement\":[{\"@type\":\"ListItem\",\"position\":1,\"name\":\"Kezd\u0151lap\",\"item\":\"https:\/\/allezfencing.eu\/\"},{\"@type\":\"ListItem\",\"position\":2,\"name\":\"Webshop\",\"item\":\"https:\/\/allezfencing.eu\/webshop\/\"},{\"@type\":\"ListItem\",\"position\":3,\"name\":\"FEGYVEREK \u00c9S ALKATR\u00c9SZEI\",\"item\":\"https:\/\/allezfencing.eu\/termekkategoria\/fegyverek-es-alkatreszei\/\"},{\"@type\":\"ListItem\",\"position\":4,\"name\":\"P\u00c1RBAJT\u0150R\",\"item\":\"https:\/\/allezfencing.eu\/termekkategoria\/fegyverek-es-alkatreszei\/parbajtor-fegyverek-es-alkatreszei\/\"},{\"@type\":\"ListItem\",\"position\":5,\"name\":\"Uhlmann FIE p\u00e1rbajt\u0151r BFpenge hegy n\u00e9lk\u00fcl\"}]},{\"@type\":\"WebSite\",\"@id\":\"https:\/\/allezfencing.eu\/#website\",\"url\":\"https:\/\/allezfencing.eu\/\",\"name\":\"Allez Fencing\",\"description\":\"Minden ami v\u00edv\u00e1s\",\"publisher\":{\"@id\":\"https:\/\/allezfencing.eu\/#organization\"},\"potentialAction\":[{\"@type\":\"SearchAction\",\"target\":{\"@type\":\"EntryPoint\",\"urlTemplate\":\"https:\/\/allezfencing.eu\/?s={search_term_string}\"},\"query-input\":{\"@type\":\"PropertyValueSpecification\",\"valueRequired\":true,\"valueName\":\"search_term_string\"}}],\"inLanguage\":\"en-GB\"},{\"@type\":\"Organization\",\"@id\":\"https:\/\/allezfencing.eu\/#organization\",\"name\":\"Panama Etet\u0151haj\u00f3k\",\"url\":\"https:\/\/allezfencing.eu\/\",\"logo\":{\"@type\":\"ImageObject\",\"inLanguage\":\"en-GB\",\"@id\":\"https:\/\/allezfencing.eu\/#\/schema\/logo\/image\/\",\"url\":\"https:\/\/allezfencing.eu\/wp-content\/uploads\/2025\/03\/etetohajo.eu-panama-site-icon.webp\",\"contentUrl\":\"https:\/\/allezfencing.eu\/wp-content\/uploads\/2025\/03\/etetohajo.eu-panama-site-icon.webp\",\"width\":512,\"height\":512,\"caption\":\"Panama Etet\u0151haj\u00f3k\"},\"image\":{\"@id\":\"https:\/\/allezfencing.eu\/#\/schema\/logo\/image\/\"},\"sameAs\":[\"https:\/\/www.facebook.com\/panamaetetohajo\"]}]}<\/script>\n<!-- \/ Yoast SEO plugin. -->","yoast_head_json":{"title":"Uhlmann FIE p\u00e1rbajt\u0151r BFpenge hegy n\u00e9lk\u00fcl | Allez Fencing","robots":{"index":"index","follow":"follow","max-snippet":"max-snippet:-1","max-image-preview":"max-image-preview:large","max-video-preview":"max-video-preview:-1"},"canonical":"https:\/\/allezfencing.eu\/en\/webshop\/fegyverek-es-alkatreszei\/parbajtor-fegyverek-es-alkatreszei\/uhlmann-fie-parbajtor-bfpenge-hegy-nelkul\/","og_locale":"en_GB","og_type":"article","og_title":"Uhlmann FIE p\u00e1rbajt\u0151r BFpenge hegy n\u00e9lk\u00fcl | Allez Fencing","og_description":"Uhlmann FIE BF M penge.  Francia vagy belga markolathoz egyar\u00e1nt alkalmas, M\u00e9dium (M)\u00a0 kivitelben el\u00e9rhet\u0151 penge. Ezeket a BF (Blaise Fr\u00e8res) p\u00e1rbajt\u0151r peng\u00e9ket Maragin ac\u00e9lb\u00f3l melegen kov\u00e1csolt\u00e1k. A nemzetk\u00f6zi versenyeken k\u00f6telez\u0151ek. V\u00e1laszd az eredeti BF peng\u00e9t a k\u00fcl\u00f6nleges Uhlmann log\u00f3val!","og_url":"https:\/\/allezfencing.eu\/en\/webshop\/fegyverek-es-alkatreszei\/parbajtor-fegyverek-es-alkatreszei\/uhlmann-fie-parbajtor-bfpenge-hegy-nelkul\/","og_site_name":"Allez Fencing","article_publisher":"https:\/\/www.facebook.com\/panamaetetohajo","article_modified_time":"2026-03-08T15:06:00+00:00","twitter_card":"summary_large_image","twitter_misc":{"Estimated reading time":"1 minute"},"schema":{"@context":"https:\/\/schema.org","@graph":[{"@type":"WebPage","@id":"https:\/\/allezfencing.eu\/webshop\/fegyverek-es-alkatreszei\/parbajtor-fegyverek-es-alkatreszei\/uhlmann-fie-parbajtor-bfpenge-hegy-nelkul\/","url":"https:\/\/allezfencing.eu\/webshop\/fegyverek-es-alkatreszei\/parbajtor-fegyverek-es-alkatreszei\/uhlmann-fie-parbajtor-bfpenge-hegy-nelkul\/","name":"Uhlmann FIE p\u00e1rbajt\u0151r BFpenge hegy n\u00e9lk\u00fcl | Allez Fencing","isPartOf":{"@id":"https:\/\/allezfencing.eu\/#website"},"datePublished":"2025-12-08T17:55:30+00:00","dateModified":"2026-03-08T15:06:00+00:00","breadcrumb":{"@id":"https:\/\/allezfencing.eu\/webshop\/fegyverek-es-alkatreszei\/parbajtor-fegyverek-es-alkatreszei\/uhlmann-fie-parbajtor-bfpenge-hegy-nelkul\/#breadcrumb"},"inLanguage":"en-GB","potentialAction":[{"@type":"ReadAction","target":["https:\/\/allezfencing.eu\/webshop\/fegyverek-es-alkatreszei\/parbajtor-fegyverek-es-alkatreszei\/uhlmann-fie-parbajtor-bfpenge-hegy-nelkul\/"]}]},{"@type":"BreadcrumbList","@id":"https:\/\/allezfencing.eu\/webshop\/fegyverek-es-alkatreszei\/parbajtor-fegyverek-es-alkatreszei\/uhlmann-fie-parbajtor-bfpenge-hegy-nelkul\/#breadcrumb","itemListElement":[{"@type":"ListItem","position":1,"name":"Kezd\u0151lap","item":"https:\/\/allezfencing.eu\/"},{"@type":"ListItem","position":2,"name":"Webshop","item":"https:\/\/allezfencing.eu\/webshop\/"},{"@type":"ListItem","position":3,"name":"FEGYVEREK \u00c9S ALKATR\u00c9SZEI","item":"https:\/\/allezfencing.eu\/termekkategoria\/fegyverek-es-alkatreszei\/"},{"@type":"ListItem","position":4,"name":"P\u00c1RBAJT\u0150R","item":"https:\/\/allezfencing.eu\/termekkategoria\/fegyverek-es-alkatreszei\/parbajtor-fegyverek-es-alkatreszei\/"},{"@type":"ListItem","position":5,"name":"Uhlmann FIE p\u00e1rbajt\u0151r BFpenge hegy n\u00e9lk\u00fcl"}]},{"@type":"WebSite","@id":"https:\/\/allezfencing.eu\/#website","url":"https:\/\/allezfencing.eu\/","name":"Allez Fencing","description":"Minden ami v\u00edv\u00e1s","publisher":{"@id":"https:\/\/allezfencing.eu\/#organization"},"potentialAction":[{"@type":"SearchAction","target":{"@type":"EntryPoint","urlTemplate":"https:\/\/allezfencing.eu\/?s={search_term_string}"},"query-input":{"@type":"PropertyValueSpecification","valueRequired":true,"valueName":"search_term_string"}}],"inLanguage":"en-GB"},{"@type":"Organization","@id":"https:\/\/allezfencing.eu\/#organization","name":"Panama Feeding boats","url":"https:\/\/allezfencing.eu\/","logo":{"@type":"ImageObject","inLanguage":"en-GB","@id":"https:\/\/allezfencing.eu\/#\/schema\/logo\/image\/","url":"https:\/\/allezfencing.eu\/wp-content\/uploads\/2025\/03\/etetohajo.eu-panama-site-icon.webp","contentUrl":"https:\/\/allezfencing.eu\/wp-content\/uploads\/2025\/03\/etetohajo.eu-panama-site-icon.webp","width":512,"height":512,"caption":"Panama Etet\u0151haj\u00f3k"},"image":{"@id":"https:\/\/allezfencing.eu\/#\/schema\/logo\/image\/"},"sameAs":["https:\/\/www.facebook.com\/panamaetetohajo"]}]}},"_links":{"self":[{"href":"https:\/\/allezfencing.eu\/en\/wp-json\/wp\/v2\/product\/15721","targetHints":{"allow":["GET"]}}],"collection":[{"href":"https:\/\/allezfencing.eu\/en\/wp-json\/wp\/v2\/product"}],"about":[{"href":"https:\/\/allezfencing.eu\/en\/wp-json\/wp\/v2\/types\/product"}],"replies":[{"embeddable":true,"href":"https:\/\/allezfencing.eu\/en\/wp-json\/wp\/v2\/comments?post=15721"}],"version-history":[{"count":2,"href":"https:\/\/allezfencing.eu\/en\/wp-json\/wp\/v2\/product\/15721\/revisions"}],"predecessor-version":[{"id":17058,"href":"https:\/\/allezfencing.eu\/en\/wp-json\/wp\/v2\/product\/15721\/revisions\/17058"}],"wp:attachment":[{"href":"https:\/\/allezfencing.eu\/en\/wp-json\/wp\/v2\/media?parent=15721"}],"wp:term":[{"taxonomy":"product_brand","embeddable":true,"href":"https:\/\/allezfencing.eu\/en\/wp-json\/wp\/v2\/product_brand?post=15721"},{"taxonomy":"product_cat","embeddable":true,"href":"https:\/\/allezfencing.eu\/en\/wp-json\/wp\/v2\/product_cat?post=15721"},{"taxonomy":"product_tag","embeddable":true,"href":"https:\/\/allezfencing.eu\/en\/wp-json\/wp\/v2\/product_tag?post=15721"}],"curies":[{"name":"wp","href":"https:\/\/api.w.org\/{rel}","templated":true}]}}