{"id":15763,"date":"2025-12-08T18:57:41","date_gmt":"2025-12-08T17:57:41","guid":{"rendered":"https:\/\/infiniteq.org\/webshop\/nem-kategorizalt\/leon-paul-parbajtor-testvezetek\/"},"modified":"2026-03-09T14:11:48","modified_gmt":"2026-03-09T13:11:48","slug":"leon-paul-parbajtor-testvezetek","status":"publish","type":"product","link":"https:\/\/allezfencing.eu\/en\/webshop\/testvezetek\/parbajtor-testvezetek\/leon-paul-parbajtor-testvezetek\/","title":{"rendered":"Leon Paul P\u00e1rbajt\u0151r testvezet\u00e9k"},"content":{"rendered":"","protected":false},"excerpt":{"rendered":"<p><strong>Leon Paul P\u00e1rbajt\u0151r testvezet\u00e9k<\/strong>\n<\/p>\n<p>A vil\u00e1g legtart\u00f3sabb p\u00e1rbajt\u0151r testvezet\u00e9ke. H\u00e1romp\u00f3lus\u00fa csatlakoz\u00f3nk megb\u00edzhat\u00f3bb, mint sok m\u00e1s t\u00edpus; a t\u00fcsk\u00e9k enyh\u00e9n eltolva helyezkednek el, \u00edgy a csatlakoz\u00f3 bedug\u00e1sakor automatikusan igazodnak. Ez n\u00f6veli a szor\u00edt\u00f3er\u0151t, \u00e9s biztos\u00edtja a t\u00f6k\u00e9letes \u00e9rintkez\u00e9st a k\u00e1bel teljes \u00e9lettartama alatt. K\u00e1bel\u00fcnk kett\u0151s sodrat\u00fa, t\u00f6bbmagos r\u00e9zhuzalb\u00f3l k\u00e9sz\u00fcl, ahol minden mag t\u00f6bb sz\u00e1z sodrott r\u00e9zsz\u00e1lb\u00f3l \u00e1ll. Ez a kialak\u00edt\u00e1s n\u00f6veli a k\u00e1bel rugalmass\u00e1g\u00e1t \u00e9s jelent\u0151sen megn\u00f6veli az \u00e9lettartam\u00e1t. Az \u00e1tl\u00e1tsz\u00f3 k\u00fcls\u0151 bor\u00edt\u00e1s nemcsak az FIE szabv\u00e1nyoknak felel meg, hanem megk\u00f6nny\u00edti a k\u00e1bel esetleges s\u00e9r\u00fcl\u00e9seinek felismer\u00e9s\u00e9t is.\n<\/p>\n<p><strong>Szuper \u00e1tl\u00e1tsz\u00f3<\/strong><br \/>\n\tA k\u00e1belt \u00e1tl\u00e1tsz\u00f3 m\u0171anyaggal vonjuk be, \u00edgy k\u00f6nnyed\u00e9n \u00e9szrevehet\u0151k az esetleges t\u00f6r\u00e9sek. Az eg\u00e9sz sz\u00e1l cser\u00e9je helyett egyszer\u0171en elv\u00e1ghatja \u00e9s jav\u00edthatja a s\u00e9r\u00fclt r\u00e9szt.\n<\/p>\n<p><strong>Kett\u0151s sodrat\u00fa, t\u00f6bbmagos, ez\u00fcst\u00f6z\u00f6tt r\u00e9zk\u00e1bel<\/strong><br \/>\n\tMinden mag t\u00f6bb sz\u00e1z sodrott r\u00e9zsz\u00e1lb\u00f3l \u00e1ll, ami kiv\u00e9teles rugalmass\u00e1got biztos\u00edt \u00e9s n\u00f6veli a k\u00e1bel \u00e9lettartam\u00e1t. Az \u00e1tl\u00e1tsz\u00f3 m\u0171anyag bevonat lehet\u0151v\u00e9 teszi a t\u00f6r\u00e9sek hely\u00e9nek egyszer\u0171 azonos\u00edt\u00e1s\u00e1t \u00e9s jav\u00edt\u00e1s\u00e1t.\n<\/p>\n<p><strong>Rugalmas m\u0171anyag alkatr\u00e9szek<\/strong><br \/>\n\tA csatlakoz\u00f3k burkolata egy darabb\u00f3l k\u00e9sz\u00fclt, rugalmas m\u0171anyagb\u00f3l. Ez lehet\u0151v\u00e9 teszi a k\u00e1bel hajl\u00edt\u00e1s\u00e1t a csatlakoz\u00f3n bel\u00fcl an\u00e9lk\u00fcl, hogy az ism\u00e9telten megt\u00f6rne a bel\u00e9p\u00e9si pontn\u00e1l, \u00edgy tov\u00e1bb n\u00f6veli a k\u00e1bel \u00e9lettartam\u00e1t.\n<\/p>\n<p><strong>R\u00f6gz\u00edt\u0151csavarok<\/strong><br \/>\n\tMinden csatlakoz\u00f3nk r\u00f6gz\u00edt\u0151csavarokkal k\u00e9sz\u00fcl, amelyek sokkal megb\u00edzhat\u00f3bbak, \u00e9s jelent\u0151sen megk\u00f6nny\u00edtik a karbantart\u00e1st.<\/p>","protected":false},"featured_media":15764,"comment_status":"open","ping_status":"open","template":"","meta":[],"product_brand":[323],"product_cat":[789],"product_tag":[],"class_list":{"0":"post-15763","1":"product","2":"type-product","3":"status-publish","4":"has-post-thumbnail","6":"product_brand-leon-paul","7":"product_cat-parbajtor-testvezetek","9":"first","10":"instock","11":"taxable","12":"shipping-taxable","13":"purchasable","14":"product-type-simple"},"yoast_head":"<!-- This site is optimized with the Yoast SEO plugin v27.5 - https:\/\/yoast.com\/product\/yoast-seo-wordpress\/ -->\n<title>Leon Paul P\u00e1rbajt\u0151r testvezet\u00e9k | Allez Fencing<\/title>\n<meta name=\"robots\" content=\"index, follow, max-snippet:-1, max-image-preview:large, max-video-preview:-1\" \/>\n<link rel=\"canonical\" href=\"https:\/\/allezfencing.eu\/en\/webshop\/testvezetek\/parbajtor-testvezetek\/leon-paul-parbajtor-testvezetek\/\" \/>\n<meta property=\"og:locale\" content=\"en_GB\" \/>\n<meta property=\"og:type\" content=\"article\" \/>\n<meta property=\"og:title\" content=\"Leon Paul P\u00e1rbajt\u0151r testvezet\u00e9k | Allez Fencing\" \/>\n<meta property=\"og:description\" content=\"Leon Paul P\u00e1rbajt\u0151r testvezet\u00e9k A vil\u00e1g legtart\u00f3sabb p\u00e1rbajt\u0151r testvezet\u00e9ke. H\u00e1romp\u00f3lus\u00fa csatlakoz\u00f3nk megb\u00edzhat\u00f3bb, mint sok m\u00e1s t\u00edpus; a t\u00fcsk\u00e9k enyh\u00e9n eltolva helyezkednek el, \u00edgy a csatlakoz\u00f3 bedug\u00e1sakor automatikusan igazodnak. Ez n\u00f6veli a szor\u00edt\u00f3er\u0151t, \u00e9s biztos\u00edtja a t\u00f6k\u00e9letes \u00e9rintkez\u00e9st a k\u00e1bel teljes \u00e9lettartama alatt. K\u00e1bel\u00fcnk kett\u0151s sodrat\u00fa, t\u00f6bbmagos r\u00e9zhuzalb\u00f3l k\u00e9sz\u00fcl, ahol minden mag t\u00f6bb sz\u00e1z sodrott r\u00e9zsz\u00e1lb\u00f3l \u00e1ll. Ez a kialak\u00edt\u00e1s n\u00f6veli a k\u00e1bel rugalmass\u00e1g\u00e1t \u00e9s jelent\u0151sen megn\u00f6veli az \u00e9lettartam\u00e1t. Az \u00e1tl\u00e1tsz\u00f3 k\u00fcls\u0151 bor\u00edt\u00e1s nemcsak az FIE szabv\u00e1nyoknak felel meg, hanem megk\u00f6nny\u00edti a k\u00e1bel esetleges s\u00e9r\u00fcl\u00e9seinek felismer\u00e9s\u00e9t is. Szuper \u00e1tl\u00e1tsz\u00f3 A k\u00e1belt \u00e1tl\u00e1tsz\u00f3 m\u0171anyaggal vonjuk be, \u00edgy k\u00f6nnyed\u00e9n \u00e9szrevehet\u0151k az esetleges t\u00f6r\u00e9sek. Az eg\u00e9sz sz\u00e1l cser\u00e9je helyett egyszer\u0171en elv\u00e1ghatja \u00e9s jav\u00edthatja a s\u00e9r\u00fclt r\u00e9szt. Kett\u0151s sodrat\u00fa, t\u00f6bbmagos, ez\u00fcst\u00f6z\u00f6tt r\u00e9zk\u00e1bel Minden mag t\u00f6bb sz\u00e1z sodrott r\u00e9zsz\u00e1lb\u00f3l \u00e1ll, ami kiv\u00e9teles rugalmass\u00e1got biztos\u00edt \u00e9s n\u00f6veli a k\u00e1bel \u00e9lettartam\u00e1t. Az \u00e1tl\u00e1tsz\u00f3 m\u0171anyag bevonat lehet\u0151v\u00e9 teszi a t\u00f6r\u00e9sek hely\u00e9nek egyszer\u0171 azonos\u00edt\u00e1s\u00e1t \u00e9s jav\u00edt\u00e1s\u00e1t. Rugalmas m\u0171anyag alkatr\u00e9szek A csatlakoz\u00f3k burkolata egy darabb\u00f3l k\u00e9sz\u00fclt, rugalmas m\u0171anyagb\u00f3l. Ez lehet\u0151v\u00e9 teszi a k\u00e1bel hajl\u00edt\u00e1s\u00e1t a csatlakoz\u00f3n bel\u00fcl an\u00e9lk\u00fcl, hogy az ism\u00e9telten megt\u00f6rne a bel\u00e9p\u00e9si pontn\u00e1l, \u00edgy tov\u00e1bb n\u00f6veli a k\u00e1bel \u00e9lettartam\u00e1t. R\u00f6gz\u00edt\u0151csavarok Minden csatlakoz\u00f3nk r\u00f6gz\u00edt\u0151csavarokkal k\u00e9sz\u00fcl, amelyek sokkal megb\u00edzhat\u00f3bbak, \u00e9s jelent\u0151sen megk\u00f6nny\u00edtik a karbantart\u00e1st.\" \/>\n<meta property=\"og:url\" content=\"https:\/\/allezfencing.eu\/en\/webshop\/testvezetek\/parbajtor-testvezetek\/leon-paul-parbajtor-testvezetek\/\" \/>\n<meta property=\"og:site_name\" content=\"Allez Fencing\" \/>\n<meta property=\"article:publisher\" content=\"https:\/\/www.facebook.com\/panamaetetohajo\" \/>\n<meta property=\"article:modified_time\" content=\"2026-03-09T13:11:48+00:00\" \/>\n<meta property=\"og:image\" content=\"https:\/\/allezfencing.eu\/wp-content\/uploads\/2025\/12\/LP_PTV1.jpg\" \/>\n\t<meta property=\"og:image:width\" content=\"900\" \/>\n\t<meta property=\"og:image:height\" content=\"1104\" \/>\n\t<meta property=\"og:image:type\" content=\"image\/jpeg\" \/>\n<meta name=\"twitter:card\" content=\"summary_large_image\" \/>\n<script type=\"application\/ld+json\" class=\"yoast-schema-graph\">{\"@context\":\"https:\\\/\\\/schema.org\",\"@graph\":[{\"@type\":\"WebPage\",\"@id\":\"https:\\\/\\\/allezfencing.eu\\\/webshop\\\/testvezetek\\\/parbajtor-testvezetek\\\/leon-paul-parbajtor-testvezetek\\\/\",\"url\":\"https:\\\/\\\/allezfencing.eu\\\/webshop\\\/testvezetek\\\/parbajtor-testvezetek\\\/leon-paul-parbajtor-testvezetek\\\/\",\"name\":\"Leon Paul P\u00e1rbajt\u0151r testvezet\u00e9k | Allez Fencing\",\"isPartOf\":{\"@id\":\"https:\\\/\\\/allezfencing.eu\\\/#website\"},\"primaryImageOfPage\":{\"@id\":\"https:\\\/\\\/allezfencing.eu\\\/webshop\\\/testvezetek\\\/parbajtor-testvezetek\\\/leon-paul-parbajtor-testvezetek\\\/#primaryimage\"},\"image\":{\"@id\":\"https:\\\/\\\/allezfencing.eu\\\/webshop\\\/testvezetek\\\/parbajtor-testvezetek\\\/leon-paul-parbajtor-testvezetek\\\/#primaryimage\"},\"thumbnailUrl\":\"https:\\\/\\\/allezfencing.eu\\\/wp-content\\\/uploads\\\/2025\\\/12\\\/LP_PTV1.jpg\",\"datePublished\":\"2025-12-08T17:57:41+00:00\",\"dateModified\":\"2026-03-09T13:11:48+00:00\",\"breadcrumb\":{\"@id\":\"https:\\\/\\\/allezfencing.eu\\\/webshop\\\/testvezetek\\\/parbajtor-testvezetek\\\/leon-paul-parbajtor-testvezetek\\\/#breadcrumb\"},\"inLanguage\":\"en-GB\",\"potentialAction\":[{\"@type\":\"ReadAction\",\"target\":[\"https:\\\/\\\/allezfencing.eu\\\/webshop\\\/testvezetek\\\/parbajtor-testvezetek\\\/leon-paul-parbajtor-testvezetek\\\/\"]}]},{\"@type\":\"ImageObject\",\"inLanguage\":\"en-GB\",\"@id\":\"https:\\\/\\\/allezfencing.eu\\\/webshop\\\/testvezetek\\\/parbajtor-testvezetek\\\/leon-paul-parbajtor-testvezetek\\\/#primaryimage\",\"url\":\"https:\\\/\\\/allezfencing.eu\\\/wp-content\\\/uploads\\\/2025\\\/12\\\/LP_PTV1.jpg\",\"contentUrl\":\"https:\\\/\\\/allezfencing.eu\\\/wp-content\\\/uploads\\\/2025\\\/12\\\/LP_PTV1.jpg\",\"width\":900,\"height\":1104},{\"@type\":\"BreadcrumbList\",\"@id\":\"https:\\\/\\\/allezfencing.eu\\\/webshop\\\/testvezetek\\\/parbajtor-testvezetek\\\/leon-paul-parbajtor-testvezetek\\\/#breadcrumb\",\"itemListElement\":[{\"@type\":\"ListItem\",\"position\":1,\"name\":\"Kezd\u0151lap\",\"item\":\"https:\\\/\\\/allezfencing.eu\\\/\"},{\"@type\":\"ListItem\",\"position\":2,\"name\":\"Webshop\",\"item\":\"https:\\\/\\\/allezfencing.eu\\\/webshop\\\/\"},{\"@type\":\"ListItem\",\"position\":3,\"name\":\"TESTVEZET\u00c9K\",\"item\":\"https:\\\/\\\/allezfencing.eu\\\/termekkategoria\\\/testvezetek\\\/\"},{\"@type\":\"ListItem\",\"position\":4,\"name\":\"P\u00c1RBAJT\u0150R TESTVEZET\u00c9K\",\"item\":\"https:\\\/\\\/allezfencing.eu\\\/termekkategoria\\\/testvezetek\\\/parbajtor-testvezetek\\\/\"},{\"@type\":\"ListItem\",\"position\":5,\"name\":\"Leon Paul P\u00e1rbajt\u0151r testvezet\u00e9k\"}]},{\"@type\":\"WebSite\",\"@id\":\"https:\\\/\\\/allezfencing.eu\\\/#website\",\"url\":\"https:\\\/\\\/allezfencing.eu\\\/\",\"name\":\"Allez Fencing\",\"description\":\"Minden ami v\u00edv\u00e1s\",\"publisher\":{\"@id\":\"https:\\\/\\\/allezfencing.eu\\\/#organization\"},\"potentialAction\":[{\"@type\":\"SearchAction\",\"target\":{\"@type\":\"EntryPoint\",\"urlTemplate\":\"https:\\\/\\\/allezfencing.eu\\\/?s={search_term_string}\"},\"query-input\":{\"@type\":\"PropertyValueSpecification\",\"valueRequired\":true,\"valueName\":\"search_term_string\"}}],\"inLanguage\":\"en-GB\"},{\"@type\":\"Organization\",\"@id\":\"https:\\\/\\\/allezfencing.eu\\\/#organization\",\"name\":\"Panama Etet\u0151haj\u00f3k\",\"url\":\"https:\\\/\\\/allezfencing.eu\\\/\",\"logo\":{\"@type\":\"ImageObject\",\"inLanguage\":\"en-GB\",\"@id\":\"https:\\\/\\\/allezfencing.eu\\\/#\\\/schema\\\/logo\\\/image\\\/\",\"url\":\"https:\\\/\\\/allezfencing.eu\\\/wp-content\\\/uploads\\\/2025\\\/03\\\/etetohajo.eu-panama-site-icon.webp\",\"contentUrl\":\"https:\\\/\\\/allezfencing.eu\\\/wp-content\\\/uploads\\\/2025\\\/03\\\/etetohajo.eu-panama-site-icon.webp\",\"width\":512,\"height\":512,\"caption\":\"Panama Etet\u0151haj\u00f3k\"},\"image\":{\"@id\":\"https:\\\/\\\/allezfencing.eu\\\/#\\\/schema\\\/logo\\\/image\\\/\"},\"sameAs\":[\"https:\\\/\\\/www.facebook.com\\\/panamaetetohajo\"]}]}<\/script>\n<!-- \/ Yoast SEO plugin. -->","yoast_head_json":{"title":"Leon Paul P\u00e1rbajt\u0151r testvezet\u00e9k | Allez Fencing","robots":{"index":"index","follow":"follow","max-snippet":"max-snippet:-1","max-image-preview":"max-image-preview:large","max-video-preview":"max-video-preview:-1"},"canonical":"https:\/\/allezfencing.eu\/en\/webshop\/testvezetek\/parbajtor-testvezetek\/leon-paul-parbajtor-testvezetek\/","og_locale":"en_GB","og_type":"article","og_title":"Leon Paul P\u00e1rbajt\u0151r testvezet\u00e9k | Allez Fencing","og_description":"Leon Paul P\u00e1rbajt\u0151r testvezet\u00e9k A vil\u00e1g legtart\u00f3sabb p\u00e1rbajt\u0151r testvezet\u00e9ke. H\u00e1romp\u00f3lus\u00fa csatlakoz\u00f3nk megb\u00edzhat\u00f3bb, mint sok m\u00e1s t\u00edpus; a t\u00fcsk\u00e9k enyh\u00e9n eltolva helyezkednek el, \u00edgy a csatlakoz\u00f3 bedug\u00e1sakor automatikusan igazodnak. Ez n\u00f6veli a szor\u00edt\u00f3er\u0151t, \u00e9s biztos\u00edtja a t\u00f6k\u00e9letes \u00e9rintkez\u00e9st a k\u00e1bel teljes \u00e9lettartama alatt. K\u00e1bel\u00fcnk kett\u0151s sodrat\u00fa, t\u00f6bbmagos r\u00e9zhuzalb\u00f3l k\u00e9sz\u00fcl, ahol minden mag t\u00f6bb sz\u00e1z sodrott r\u00e9zsz\u00e1lb\u00f3l \u00e1ll. Ez a kialak\u00edt\u00e1s n\u00f6veli a k\u00e1bel rugalmass\u00e1g\u00e1t \u00e9s jelent\u0151sen megn\u00f6veli az \u00e9lettartam\u00e1t. Az \u00e1tl\u00e1tsz\u00f3 k\u00fcls\u0151 bor\u00edt\u00e1s nemcsak az FIE szabv\u00e1nyoknak felel meg, hanem megk\u00f6nny\u00edti a k\u00e1bel esetleges s\u00e9r\u00fcl\u00e9seinek felismer\u00e9s\u00e9t is. Szuper \u00e1tl\u00e1tsz\u00f3 A k\u00e1belt \u00e1tl\u00e1tsz\u00f3 m\u0171anyaggal vonjuk be, \u00edgy k\u00f6nnyed\u00e9n \u00e9szrevehet\u0151k az esetleges t\u00f6r\u00e9sek. Az eg\u00e9sz sz\u00e1l cser\u00e9je helyett egyszer\u0171en elv\u00e1ghatja \u00e9s jav\u00edthatja a s\u00e9r\u00fclt r\u00e9szt. Kett\u0151s sodrat\u00fa, t\u00f6bbmagos, ez\u00fcst\u00f6z\u00f6tt r\u00e9zk\u00e1bel Minden mag t\u00f6bb sz\u00e1z sodrott r\u00e9zsz\u00e1lb\u00f3l \u00e1ll, ami kiv\u00e9teles rugalmass\u00e1got biztos\u00edt \u00e9s n\u00f6veli a k\u00e1bel \u00e9lettartam\u00e1t. Az \u00e1tl\u00e1tsz\u00f3 m\u0171anyag bevonat lehet\u0151v\u00e9 teszi a t\u00f6r\u00e9sek hely\u00e9nek egyszer\u0171 azonos\u00edt\u00e1s\u00e1t \u00e9s jav\u00edt\u00e1s\u00e1t. Rugalmas m\u0171anyag alkatr\u00e9szek A csatlakoz\u00f3k burkolata egy darabb\u00f3l k\u00e9sz\u00fclt, rugalmas m\u0171anyagb\u00f3l. Ez lehet\u0151v\u00e9 teszi a k\u00e1bel hajl\u00edt\u00e1s\u00e1t a csatlakoz\u00f3n bel\u00fcl an\u00e9lk\u00fcl, hogy az ism\u00e9telten megt\u00f6rne a bel\u00e9p\u00e9si pontn\u00e1l, \u00edgy tov\u00e1bb n\u00f6veli a k\u00e1bel \u00e9lettartam\u00e1t. R\u00f6gz\u00edt\u0151csavarok Minden csatlakoz\u00f3nk r\u00f6gz\u00edt\u0151csavarokkal k\u00e9sz\u00fcl, amelyek sokkal megb\u00edzhat\u00f3bbak, \u00e9s jelent\u0151sen megk\u00f6nny\u00edtik a karbantart\u00e1st.","og_url":"https:\/\/allezfencing.eu\/en\/webshop\/testvezetek\/parbajtor-testvezetek\/leon-paul-parbajtor-testvezetek\/","og_site_name":"Allez Fencing","article_publisher":"https:\/\/www.facebook.com\/panamaetetohajo","article_modified_time":"2026-03-09T13:11:48+00:00","og_image":[{"width":900,"height":1104,"url":"https:\/\/allezfencing.eu\/wp-content\/uploads\/2025\/12\/LP_PTV1.jpg","type":"image\/jpeg"}],"twitter_card":"summary_large_image","schema":{"@context":"https:\/\/schema.org","@graph":[{"@type":"WebPage","@id":"https:\/\/allezfencing.eu\/webshop\/testvezetek\/parbajtor-testvezetek\/leon-paul-parbajtor-testvezetek\/","url":"https:\/\/allezfencing.eu\/webshop\/testvezetek\/parbajtor-testvezetek\/leon-paul-parbajtor-testvezetek\/","name":"Leon Paul P\u00e1rbajt\u0151r testvezet\u00e9k | Allez Fencing","isPartOf":{"@id":"https:\/\/allezfencing.eu\/#website"},"primaryImageOfPage":{"@id":"https:\/\/allezfencing.eu\/webshop\/testvezetek\/parbajtor-testvezetek\/leon-paul-parbajtor-testvezetek\/#primaryimage"},"image":{"@id":"https:\/\/allezfencing.eu\/webshop\/testvezetek\/parbajtor-testvezetek\/leon-paul-parbajtor-testvezetek\/#primaryimage"},"thumbnailUrl":"https:\/\/allezfencing.eu\/wp-content\/uploads\/2025\/12\/LP_PTV1.jpg","datePublished":"2025-12-08T17:57:41+00:00","dateModified":"2026-03-09T13:11:48+00:00","breadcrumb":{"@id":"https:\/\/allezfencing.eu\/webshop\/testvezetek\/parbajtor-testvezetek\/leon-paul-parbajtor-testvezetek\/#breadcrumb"},"inLanguage":"en-GB","potentialAction":[{"@type":"ReadAction","target":["https:\/\/allezfencing.eu\/webshop\/testvezetek\/parbajtor-testvezetek\/leon-paul-parbajtor-testvezetek\/"]}]},{"@type":"ImageObject","inLanguage":"en-GB","@id":"https:\/\/allezfencing.eu\/webshop\/testvezetek\/parbajtor-testvezetek\/leon-paul-parbajtor-testvezetek\/#primaryimage","url":"https:\/\/allezfencing.eu\/wp-content\/uploads\/2025\/12\/LP_PTV1.jpg","contentUrl":"https:\/\/allezfencing.eu\/wp-content\/uploads\/2025\/12\/LP_PTV1.jpg","width":900,"height":1104},{"@type":"BreadcrumbList","@id":"https:\/\/allezfencing.eu\/webshop\/testvezetek\/parbajtor-testvezetek\/leon-paul-parbajtor-testvezetek\/#breadcrumb","itemListElement":[{"@type":"ListItem","position":1,"name":"Kezd\u0151lap","item":"https:\/\/allezfencing.eu\/"},{"@type":"ListItem","position":2,"name":"Webshop","item":"https:\/\/allezfencing.eu\/webshop\/"},{"@type":"ListItem","position":3,"name":"TESTVEZET\u00c9K","item":"https:\/\/allezfencing.eu\/termekkategoria\/testvezetek\/"},{"@type":"ListItem","position":4,"name":"P\u00c1RBAJT\u0150R TESTVEZET\u00c9K","item":"https:\/\/allezfencing.eu\/termekkategoria\/testvezetek\/parbajtor-testvezetek\/"},{"@type":"ListItem","position":5,"name":"Leon Paul P\u00e1rbajt\u0151r testvezet\u00e9k"}]},{"@type":"WebSite","@id":"https:\/\/allezfencing.eu\/#website","url":"https:\/\/allezfencing.eu\/","name":"Allez Fencing","description":"Minden ami v\u00edv\u00e1s","publisher":{"@id":"https:\/\/allezfencing.eu\/#organization"},"potentialAction":[{"@type":"SearchAction","target":{"@type":"EntryPoint","urlTemplate":"https:\/\/allezfencing.eu\/?s={search_term_string}"},"query-input":{"@type":"PropertyValueSpecification","valueRequired":true,"valueName":"search_term_string"}}],"inLanguage":"en-GB"},{"@type":"Organization","@id":"https:\/\/allezfencing.eu\/#organization","name":"Panama Feeding boats","url":"https:\/\/allezfencing.eu\/","logo":{"@type":"ImageObject","inLanguage":"en-GB","@id":"https:\/\/allezfencing.eu\/#\/schema\/logo\/image\/","url":"https:\/\/allezfencing.eu\/wp-content\/uploads\/2025\/03\/etetohajo.eu-panama-site-icon.webp","contentUrl":"https:\/\/allezfencing.eu\/wp-content\/uploads\/2025\/03\/etetohajo.eu-panama-site-icon.webp","width":512,"height":512,"caption":"Panama Etet\u0151haj\u00f3k"},"image":{"@id":"https:\/\/allezfencing.eu\/#\/schema\/logo\/image\/"},"sameAs":["https:\/\/www.facebook.com\/panamaetetohajo"]}]}},"_links":{"self":[{"href":"https:\/\/allezfencing.eu\/en\/wp-json\/wp\/v2\/product\/15763","targetHints":{"allow":["GET"]}}],"collection":[{"href":"https:\/\/allezfencing.eu\/en\/wp-json\/wp\/v2\/product"}],"about":[{"href":"https:\/\/allezfencing.eu\/en\/wp-json\/wp\/v2\/types\/product"}],"replies":[{"embeddable":true,"href":"https:\/\/allezfencing.eu\/en\/wp-json\/wp\/v2\/comments?post=15763"}],"version-history":[{"count":0,"href":"https:\/\/allezfencing.eu\/en\/wp-json\/wp\/v2\/product\/15763\/revisions"}],"wp:featuredmedia":[{"embeddable":true,"href":"https:\/\/allezfencing.eu\/en\/wp-json\/wp\/v2\/media\/15764"}],"wp:attachment":[{"href":"https:\/\/allezfencing.eu\/en\/wp-json\/wp\/v2\/media?parent=15763"}],"wp:term":[{"taxonomy":"product_brand","embeddable":true,"href":"https:\/\/allezfencing.eu\/en\/wp-json\/wp\/v2\/product_brand?post=15763"},{"taxonomy":"product_cat","embeddable":true,"href":"https:\/\/allezfencing.eu\/en\/wp-json\/wp\/v2\/product_cat?post=15763"},{"taxonomy":"product_tag","embeddable":true,"href":"https:\/\/allezfencing.eu\/en\/wp-json\/wp\/v2\/product_tag?post=15763"}],"curies":[{"name":"wp","href":"https:\/\/api.w.org\/{rel}","templated":true}]}}