{"id":15794,"date":"2025-12-08T18:58:38","date_gmt":"2025-12-08T17:58:38","guid":{"rendered":"https:\/\/infiniteq.org\/webshop\/nem-kategorizalt\/uhlmann-combination-performer-parbajtortor-kesztyu\/"},"modified":"2026-04-05T08:25:44","modified_gmt":"2026-04-05T06:25:44","slug":"uhlmann-combination-performer-parbajtortor-kesztyu","status":"publish","type":"product","link":"https:\/\/allezfencing.eu\/en\/webshop\/ruhazat\/kesztyu\/uhlmann-combination-performer-parbajtortor-kesztyu\/","title":{"rendered":"Uhlmann Combination &#8222;Performer&#8221;  P\u00e1rbajt\u0151r\/T\u0151r Keszty\u0171"},"content":{"rendered":"<p data-start=\"6049\" data-end=\"6103\">Uhlmann Performer Keszty\u0171 \u2013 N\u00e9met pr\u00e9mium teljes\u00edtm\u00e9ny<\/p>\n<p data-start=\"6105\" data-end=\"6117\">Term\u00e9kle\u00edr\u00e1s<\/p>\n<p data-start=\"6119\" data-end=\"6223\">Az Uhlmann Performer keszty\u0171 a n\u00e9met gy\u00e1rt\u00f3 pr\u00e9mium modellje, amely kiv\u00e1l\u00f3 fog\u00e1st \u00e9s k\u00e9nyelmet biztos\u00edt.<\/p>\n<p data-start=\"6225\" data-end=\"6286\">Az Uhlmann a vil\u00e1g egyik legnagyobb v\u00edv\u00f3felszerel\u00e9s gy\u00e1rt\u00f3ja.<\/p>\n<p data-start=\"6288\" data-end=\"6302\">Main features<\/p>\n<p data-start=\"6304\" data-end=\"6453\">\u2714 N\u00e9met pr\u00e9mium min\u0151s\u00e9g<br data-start=\"6327\" data-end=\"6330\" \/>\u2714 Stabil fog\u00e1s<br data-start=\"6344\" data-end=\"6347\" \/>\u2714 Ergonomikus kialak\u00edt\u00e1s<br data-start=\"6371\" data-end=\"6374\" \/>\u2714 Tart\u00f3s kivitel<br data-start=\"6390\" data-end=\"6393\" \/>\u2714 K\u00e9nyelmes viselet<br data-start=\"6412\" data-end=\"6415\" \/>\u2714 J\u00f3 kontroll<br data-start=\"6428\" data-end=\"6431\" \/>\u2714 Versenyre alkalmas<\/p>\n<p data-start=\"6455\" data-end=\"6484\">Mi\u00e9rt v\u00e1laszd ezt a keszty\u0171t?<\/p>\n<p data-start=\"6486\" data-end=\"6571\">\ud83c\udde9\ud83c\uddea N\u00e9met min\u0151s\u00e9g<br data-start=\"6504\" data-end=\"6507\" \/>\u270b Stabil fog\u00e1s<br data-start=\"6521\" data-end=\"6524\" \/>\u2694 Prec\u00edz ir\u00e1ny\u00edt\u00e1s<br data-start=\"6542\" data-end=\"6545\" \/>\ud83d\udcaa Tart\u00f3s<br data-start=\"6554\" data-end=\"6557\" \/>\ud83d\udc4c K\u00e9nyelmes<\/p>\n<p data-start=\"6573\" data-end=\"6594\">Felhaszn\u00e1l\u00e1si ter\u00fclet<\/p>\n<p data-start=\"6596\" data-end=\"6639\">t\u0151r \u00e9s p\u00e1rbajt\u0151r v\u00edv\u00e1shoz<br data-start=\"6621\" data-end=\"6624\" \/>versenyz\u00e9shez<\/p>\n<p data-start=\"6641\" data-end=\"6674\">\u00c9letst\u00edlus \u2013 pr\u00e9mium teljes\u00edtm\u00e9ny<\/p>\n<p data-start=\"6676\" data-end=\"6713\">Ez a keszty\u0171 ide\u00e1lis komoly v\u00edv\u00f3knak.<\/p>\n<hr data-start=\"6715\" data-end=\"6718\" \/>\n<p data-start=\"6720\" data-end=\"6743\">Gyakori k\u00e9rd\u00e9sek (GYIK)<\/p>\n<p data-start=\"6745\" data-end=\"6797\">Mi\u00e9rt Uhlmann?<br data-start=\"6759\" data-end=\"6762\" \/>A vil\u00e1g egyik legismertebb m\u00e1rk\u00e1ja.<\/p>\n<p data-start=\"6799\" data-end=\"6833\">Kinek aj\u00e1nlott?<br data-start=\"6814\" data-end=\"6817\" \/>Halad\u00f3 v\u00edv\u00f3knak.<\/p>\n<p data-start=\"6835\" data-end=\"6881\">Mire haszn\u00e1lhat\u00f3?<br data-start=\"6852\" data-end=\"6855\" \/>T\u0151r \u00e9s p\u00e1rbajt\u0151r v\u00edv\u00e1shoz.<\/p>","protected":false},"excerpt":{"rendered":"<p>Uhlmann Performer Keszty\u0171 \u2013 N\u00e9met pr\u00e9mium teljes\u00edtm\u00e9ny<\/p>\n<p><!--EndFragment--><\/p>","protected":false},"featured_media":15795,"comment_status":"open","ping_status":"closed","template":"","meta":[],"product_brand":[326],"product_cat":[752],"product_tag":[],"class_list":{"0":"post-15794","1":"product","2":"type-product","3":"status-publish","4":"has-post-thumbnail","6":"product_brand-uhlmann","7":"product_cat-kesztyu","9":"first","10":"instock","11":"taxable","12":"shipping-taxable","13":"purchasable","14":"product-type-variable"},"yoast_head":"<!-- This site is optimized with the Yoast SEO plugin v27.5 - https:\/\/yoast.com\/product\/yoast-seo-wordpress\/ -->\n<title>Uhlmann Combination &quot;Performer&quot; P\u00e1rbajt\u0151r\/T\u0151r Keszty\u0171 | Allez Fencing<\/title>\n<meta name=\"description\" content=\"Uhlmann Performer v\u00edv\u00f3keszty\u0171. N\u00e9met pr\u00e9mium min\u0151s\u00e9g \u00e9s kiv\u00e1l\u00f3 kontroll t\u0151r \u00e9s p\u00e1rbajt\u0151r v\u00edv\u00e1shoz.\" \/>\n<meta name=\"robots\" content=\"index, follow, max-snippet:-1, max-image-preview:large, max-video-preview:-1\" \/>\n<link rel=\"canonical\" href=\"https:\/\/allezfencing.eu\/en\/webshop\/ruhazat\/kesztyu\/uhlmann-combination-performer-parbajtortor-kesztyu\/\" \/>\n<meta property=\"og:locale\" content=\"en_GB\" \/>\n<meta property=\"og:type\" content=\"article\" \/>\n<meta property=\"og:title\" content=\"Uhlmann Combination &quot;Performer&quot; P\u00e1rbajt\u0151r\/T\u0151r Keszty\u0171 | Allez Fencing\" \/>\n<meta property=\"og:description\" content=\"Uhlmann Performer v\u00edv\u00f3keszty\u0171. N\u00e9met pr\u00e9mium min\u0151s\u00e9g \u00e9s kiv\u00e1l\u00f3 kontroll t\u0151r \u00e9s p\u00e1rbajt\u0151r v\u00edv\u00e1shoz.\" \/>\n<meta property=\"og:url\" content=\"https:\/\/allezfencing.eu\/en\/webshop\/ruhazat\/kesztyu\/uhlmann-combination-performer-parbajtortor-kesztyu\/\" \/>\n<meta property=\"og:site_name\" content=\"Allez Fencing\" \/>\n<meta property=\"article:publisher\" content=\"https:\/\/www.facebook.com\/panamaetetohajo\" \/>\n<meta property=\"article:modified_time\" content=\"2026-04-05T06:25:44+00:00\" \/>\n<meta property=\"og:image\" content=\"https:\/\/allezfencing.eu\/wp-content\/uploads\/2025\/12\/uhl-CGP_1.jpg\" \/>\n\t<meta property=\"og:image:width\" content=\"1050\" \/>\n\t<meta property=\"og:image:height\" content=\"960\" \/>\n\t<meta property=\"og:image:type\" content=\"image\/jpeg\" \/>\n<meta name=\"twitter:card\" content=\"summary_large_image\" \/>\n<meta name=\"twitter:label1\" content=\"Estimated reading time\" \/>\n\t<meta name=\"twitter:data1\" content=\"1 minute\" \/>\n<script type=\"application\/ld+json\" class=\"yoast-schema-graph\">{\"@context\":\"https:\\\/\\\/schema.org\",\"@graph\":[{\"@type\":\"WebPage\",\"@id\":\"https:\\\/\\\/allezfencing.eu\\\/webshop\\\/ruhazat\\\/kesztyu\\\/uhlmann-combination-performer-parbajtortor-kesztyu\\\/\",\"url\":\"https:\\\/\\\/allezfencing.eu\\\/webshop\\\/ruhazat\\\/kesztyu\\\/uhlmann-combination-performer-parbajtortor-kesztyu\\\/\",\"name\":\"Uhlmann Combination \\\"Performer\\\" P\u00e1rbajt\u0151r\\\/T\u0151r Keszty\u0171 | Allez Fencing\",\"isPartOf\":{\"@id\":\"https:\\\/\\\/allezfencing.eu\\\/#website\"},\"primaryImageOfPage\":{\"@id\":\"https:\\\/\\\/allezfencing.eu\\\/webshop\\\/ruhazat\\\/kesztyu\\\/uhlmann-combination-performer-parbajtortor-kesztyu\\\/#primaryimage\"},\"image\":{\"@id\":\"https:\\\/\\\/allezfencing.eu\\\/webshop\\\/ruhazat\\\/kesztyu\\\/uhlmann-combination-performer-parbajtortor-kesztyu\\\/#primaryimage\"},\"thumbnailUrl\":\"https:\\\/\\\/allezfencing.eu\\\/wp-content\\\/uploads\\\/2025\\\/12\\\/uhl-CGP_1.jpg\",\"datePublished\":\"2025-12-08T17:58:38+00:00\",\"dateModified\":\"2026-04-05T06:25:44+00:00\",\"description\":\"Uhlmann Performer v\u00edv\u00f3keszty\u0171. N\u00e9met pr\u00e9mium min\u0151s\u00e9g \u00e9s kiv\u00e1l\u00f3 kontroll t\u0151r \u00e9s p\u00e1rbajt\u0151r v\u00edv\u00e1shoz.\",\"breadcrumb\":{\"@id\":\"https:\\\/\\\/allezfencing.eu\\\/webshop\\\/ruhazat\\\/kesztyu\\\/uhlmann-combination-performer-parbajtortor-kesztyu\\\/#breadcrumb\"},\"inLanguage\":\"en-GB\",\"potentialAction\":[{\"@type\":\"ReadAction\",\"target\":[\"https:\\\/\\\/allezfencing.eu\\\/webshop\\\/ruhazat\\\/kesztyu\\\/uhlmann-combination-performer-parbajtortor-kesztyu\\\/\"]}]},{\"@type\":\"ImageObject\",\"inLanguage\":\"en-GB\",\"@id\":\"https:\\\/\\\/allezfencing.eu\\\/webshop\\\/ruhazat\\\/kesztyu\\\/uhlmann-combination-performer-parbajtortor-kesztyu\\\/#primaryimage\",\"url\":\"https:\\\/\\\/allezfencing.eu\\\/wp-content\\\/uploads\\\/2025\\\/12\\\/uhl-CGP_1.jpg\",\"contentUrl\":\"https:\\\/\\\/allezfencing.eu\\\/wp-content\\\/uploads\\\/2025\\\/12\\\/uhl-CGP_1.jpg\",\"width\":1050,\"height\":960},{\"@type\":\"BreadcrumbList\",\"@id\":\"https:\\\/\\\/allezfencing.eu\\\/webshop\\\/ruhazat\\\/kesztyu\\\/uhlmann-combination-performer-parbajtortor-kesztyu\\\/#breadcrumb\",\"itemListElement\":[{\"@type\":\"ListItem\",\"position\":1,\"name\":\"Kezd\u0151lap\",\"item\":\"https:\\\/\\\/allezfencing.eu\\\/\"},{\"@type\":\"ListItem\",\"position\":2,\"name\":\"Webshop\",\"item\":\"https:\\\/\\\/allezfencing.eu\\\/webshop\\\/\"},{\"@type\":\"ListItem\",\"position\":3,\"name\":\"RUH\u00c1ZAT\",\"item\":\"https:\\\/\\\/allezfencing.eu\\\/termekkategoria\\\/ruhazat\\\/\"},{\"@type\":\"ListItem\",\"position\":4,\"name\":\"KESZTY\u0170\",\"item\":\"https:\\\/\\\/allezfencing.eu\\\/termekkategoria\\\/ruhazat\\\/kesztyu\\\/\"},{\"@type\":\"ListItem\",\"position\":5,\"name\":\"Uhlmann Combination &#8222;Performer&#8221; P\u00e1rbajt\u0151r\\\/T\u0151r Keszty\u0171\"}]},{\"@type\":\"WebSite\",\"@id\":\"https:\\\/\\\/allezfencing.eu\\\/#website\",\"url\":\"https:\\\/\\\/allezfencing.eu\\\/\",\"name\":\"Allez Fencing\",\"description\":\"Minden ami v\u00edv\u00e1s\",\"publisher\":{\"@id\":\"https:\\\/\\\/allezfencing.eu\\\/#organization\"},\"potentialAction\":[{\"@type\":\"SearchAction\",\"target\":{\"@type\":\"EntryPoint\",\"urlTemplate\":\"https:\\\/\\\/allezfencing.eu\\\/?s={search_term_string}\"},\"query-input\":{\"@type\":\"PropertyValueSpecification\",\"valueRequired\":true,\"valueName\":\"search_term_string\"}}],\"inLanguage\":\"en-GB\"},{\"@type\":\"Organization\",\"@id\":\"https:\\\/\\\/allezfencing.eu\\\/#organization\",\"name\":\"Panama Etet\u0151haj\u00f3k\",\"url\":\"https:\\\/\\\/allezfencing.eu\\\/\",\"logo\":{\"@type\":\"ImageObject\",\"inLanguage\":\"en-GB\",\"@id\":\"https:\\\/\\\/allezfencing.eu\\\/#\\\/schema\\\/logo\\\/image\\\/\",\"url\":\"https:\\\/\\\/allezfencing.eu\\\/wp-content\\\/uploads\\\/2025\\\/03\\\/etetohajo.eu-panama-site-icon.webp\",\"contentUrl\":\"https:\\\/\\\/allezfencing.eu\\\/wp-content\\\/uploads\\\/2025\\\/03\\\/etetohajo.eu-panama-site-icon.webp\",\"width\":512,\"height\":512,\"caption\":\"Panama Etet\u0151haj\u00f3k\"},\"image\":{\"@id\":\"https:\\\/\\\/allezfencing.eu\\\/#\\\/schema\\\/logo\\\/image\\\/\"},\"sameAs\":[\"https:\\\/\\\/www.facebook.com\\\/panamaetetohajo\"]}]}<\/script>\n<!-- \/ Yoast SEO plugin. -->","yoast_head_json":{"title":"Uhlmann Combination \"Performer\" P\u00e1rbajt\u0151r\/T\u0151r Keszty\u0171 | Allez Fencing","description":"Uhlmann Performer v\u00edv\u00f3keszty\u0171. N\u00e9met pr\u00e9mium min\u0151s\u00e9g \u00e9s kiv\u00e1l\u00f3 kontroll t\u0151r \u00e9s p\u00e1rbajt\u0151r v\u00edv\u00e1shoz.","robots":{"index":"index","follow":"follow","max-snippet":"max-snippet:-1","max-image-preview":"max-image-preview:large","max-video-preview":"max-video-preview:-1"},"canonical":"https:\/\/allezfencing.eu\/en\/webshop\/ruhazat\/kesztyu\/uhlmann-combination-performer-parbajtortor-kesztyu\/","og_locale":"en_GB","og_type":"article","og_title":"Uhlmann Combination \"Performer\" P\u00e1rbajt\u0151r\/T\u0151r Keszty\u0171 | Allez Fencing","og_description":"Uhlmann Performer v\u00edv\u00f3keszty\u0171. N\u00e9met pr\u00e9mium min\u0151s\u00e9g \u00e9s kiv\u00e1l\u00f3 kontroll t\u0151r \u00e9s p\u00e1rbajt\u0151r v\u00edv\u00e1shoz.","og_url":"https:\/\/allezfencing.eu\/en\/webshop\/ruhazat\/kesztyu\/uhlmann-combination-performer-parbajtortor-kesztyu\/","og_site_name":"Allez Fencing","article_publisher":"https:\/\/www.facebook.com\/panamaetetohajo","article_modified_time":"2026-04-05T06:25:44+00:00","og_image":[{"width":1050,"height":960,"url":"https:\/\/allezfencing.eu\/wp-content\/uploads\/2025\/12\/uhl-CGP_1.jpg","type":"image\/jpeg"}],"twitter_card":"summary_large_image","twitter_misc":{"Estimated reading time":"1 minute"},"schema":{"@context":"https:\/\/schema.org","@graph":[{"@type":"WebPage","@id":"https:\/\/allezfencing.eu\/webshop\/ruhazat\/kesztyu\/uhlmann-combination-performer-parbajtortor-kesztyu\/","url":"https:\/\/allezfencing.eu\/webshop\/ruhazat\/kesztyu\/uhlmann-combination-performer-parbajtortor-kesztyu\/","name":"Uhlmann Combination \"Performer\" P\u00e1rbajt\u0151r\/T\u0151r Keszty\u0171 | Allez Fencing","isPartOf":{"@id":"https:\/\/allezfencing.eu\/#website"},"primaryImageOfPage":{"@id":"https:\/\/allezfencing.eu\/webshop\/ruhazat\/kesztyu\/uhlmann-combination-performer-parbajtortor-kesztyu\/#primaryimage"},"image":{"@id":"https:\/\/allezfencing.eu\/webshop\/ruhazat\/kesztyu\/uhlmann-combination-performer-parbajtortor-kesztyu\/#primaryimage"},"thumbnailUrl":"https:\/\/allezfencing.eu\/wp-content\/uploads\/2025\/12\/uhl-CGP_1.jpg","datePublished":"2025-12-08T17:58:38+00:00","dateModified":"2026-04-05T06:25:44+00:00","description":"Uhlmann Performer v\u00edv\u00f3keszty\u0171. N\u00e9met pr\u00e9mium min\u0151s\u00e9g \u00e9s kiv\u00e1l\u00f3 kontroll t\u0151r \u00e9s p\u00e1rbajt\u0151r v\u00edv\u00e1shoz.","breadcrumb":{"@id":"https:\/\/allezfencing.eu\/webshop\/ruhazat\/kesztyu\/uhlmann-combination-performer-parbajtortor-kesztyu\/#breadcrumb"},"inLanguage":"en-GB","potentialAction":[{"@type":"ReadAction","target":["https:\/\/allezfencing.eu\/webshop\/ruhazat\/kesztyu\/uhlmann-combination-performer-parbajtortor-kesztyu\/"]}]},{"@type":"ImageObject","inLanguage":"en-GB","@id":"https:\/\/allezfencing.eu\/webshop\/ruhazat\/kesztyu\/uhlmann-combination-performer-parbajtortor-kesztyu\/#primaryimage","url":"https:\/\/allezfencing.eu\/wp-content\/uploads\/2025\/12\/uhl-CGP_1.jpg","contentUrl":"https:\/\/allezfencing.eu\/wp-content\/uploads\/2025\/12\/uhl-CGP_1.jpg","width":1050,"height":960},{"@type":"BreadcrumbList","@id":"https:\/\/allezfencing.eu\/webshop\/ruhazat\/kesztyu\/uhlmann-combination-performer-parbajtortor-kesztyu\/#breadcrumb","itemListElement":[{"@type":"ListItem","position":1,"name":"Kezd\u0151lap","item":"https:\/\/allezfencing.eu\/"},{"@type":"ListItem","position":2,"name":"Webshop","item":"https:\/\/allezfencing.eu\/webshop\/"},{"@type":"ListItem","position":3,"name":"RUH\u00c1ZAT","item":"https:\/\/allezfencing.eu\/termekkategoria\/ruhazat\/"},{"@type":"ListItem","position":4,"name":"KESZTY\u0170","item":"https:\/\/allezfencing.eu\/termekkategoria\/ruhazat\/kesztyu\/"},{"@type":"ListItem","position":5,"name":"Uhlmann Combination &#8222;Performer&#8221; P\u00e1rbajt\u0151r\/T\u0151r Keszty\u0171"}]},{"@type":"WebSite","@id":"https:\/\/allezfencing.eu\/#website","url":"https:\/\/allezfencing.eu\/","name":"Allez Fencing","description":"Minden ami v\u00edv\u00e1s","publisher":{"@id":"https:\/\/allezfencing.eu\/#organization"},"potentialAction":[{"@type":"SearchAction","target":{"@type":"EntryPoint","urlTemplate":"https:\/\/allezfencing.eu\/?s={search_term_string}"},"query-input":{"@type":"PropertyValueSpecification","valueRequired":true,"valueName":"search_term_string"}}],"inLanguage":"en-GB"},{"@type":"Organization","@id":"https:\/\/allezfencing.eu\/#organization","name":"Panama Feeding boats","url":"https:\/\/allezfencing.eu\/","logo":{"@type":"ImageObject","inLanguage":"en-GB","@id":"https:\/\/allezfencing.eu\/#\/schema\/logo\/image\/","url":"https:\/\/allezfencing.eu\/wp-content\/uploads\/2025\/03\/etetohajo.eu-panama-site-icon.webp","contentUrl":"https:\/\/allezfencing.eu\/wp-content\/uploads\/2025\/03\/etetohajo.eu-panama-site-icon.webp","width":512,"height":512,"caption":"Panama Etet\u0151haj\u00f3k"},"image":{"@id":"https:\/\/allezfencing.eu\/#\/schema\/logo\/image\/"},"sameAs":["https:\/\/www.facebook.com\/panamaetetohajo"]}]}},"_links":{"self":[{"href":"https:\/\/allezfencing.eu\/en\/wp-json\/wp\/v2\/product\/15794","targetHints":{"allow":["GET"]}}],"collection":[{"href":"https:\/\/allezfencing.eu\/en\/wp-json\/wp\/v2\/product"}],"about":[{"href":"https:\/\/allezfencing.eu\/en\/wp-json\/wp\/v2\/types\/product"}],"replies":[{"embeddable":true,"href":"https:\/\/allezfencing.eu\/en\/wp-json\/wp\/v2\/comments?post=15794"}],"version-history":[{"count":0,"href":"https:\/\/allezfencing.eu\/en\/wp-json\/wp\/v2\/product\/15794\/revisions"}],"wp:featuredmedia":[{"embeddable":true,"href":"https:\/\/allezfencing.eu\/en\/wp-json\/wp\/v2\/media\/15795"}],"wp:attachment":[{"href":"https:\/\/allezfencing.eu\/en\/wp-json\/wp\/v2\/media?parent=15794"}],"wp:term":[{"taxonomy":"product_brand","embeddable":true,"href":"https:\/\/allezfencing.eu\/en\/wp-json\/wp\/v2\/product_brand?post=15794"},{"taxonomy":"product_cat","embeddable":true,"href":"https:\/\/allezfencing.eu\/en\/wp-json\/wp\/v2\/product_cat?post=15794"},{"taxonomy":"product_tag","embeddable":true,"href":"https:\/\/allezfencing.eu\/en\/wp-json\/wp\/v2\/product_tag?post=15794"}],"curies":[{"name":"wp","href":"https:\/\/api.w.org\/{rel}","templated":true}]}}