{"id":15874,"date":"2025-12-08T19:02:33","date_gmt":"2025-12-08T18:02:33","guid":{"rendered":"https:\/\/infiniteq.org\/webshop\/nem-kategorizalt\/uhlmann-fie-1600n-tor-fejved\/"},"modified":"2026-04-03T16:26:15","modified_gmt":"2026-04-03T14:26:15","slug":"uhlmann-fie-1600n-tor-fejved","status":"publish","type":"product","link":"https:\/\/allezfencing.eu\/en\/webshop\/fejvedek\/tor-fejvedek\/uhlmann-fie-1600n-tor-fejved\/","title":{"rendered":"Uhlmann FIE 1600N T\u0151r Fejv\u00e9d"},"content":{"rendered":"<p data-start=\"6245\" data-end=\"6305\">Uhlmann FIE 1600N T\u0151r Fejv\u00e9d \u2013 Megb\u00edzhat\u00f3 versenyfelszerel\u00e9s<\/p>\n<p data-start=\"6307\" data-end=\"6319\">Term\u00e9kle\u00edr\u00e1s<\/p>\n<p data-start=\"6321\" data-end=\"6472\">Az Uhlmann FIE 1600N t\u0151r fejv\u00e9d professzion\u00e1lis v\u00e1laszt\u00e1s versenyz\u0151k sz\u00e1m\u00e1ra. A FIE min\u0151s\u00edt\u00e9s biztos\u00edtja a nemzetk\u00f6zi szabv\u00e1nyoknak megfelel\u0151 v\u00e9delmet.<\/p>\n<p data-start=\"6474\" data-end=\"6542\">A stabil \u00e9s tart\u00f3s kialak\u00edt\u00e1s hossz\u00fa t\u00e1v\u00fa haszn\u00e1latot tesz lehet\u0151v\u00e9.<\/p>\n<p data-start=\"6544\" data-end=\"6601\">Ez a modell ide\u00e1lis versenyz\u00e9shez \u00e9s intenz\u00edv edz\u00e9sekhez.<\/p>\n<p data-start=\"6603\" data-end=\"6617\">Main features<\/p>\n<p data-start=\"6619\" data-end=\"6802\">\u2714 FIE 1600N min\u0151s\u00edt\u00e9s<br data-start=\"6640\" data-end=\"6643\" \/>\u2714 T\u0151rv\u00edv\u00e1shoz optimaliz\u00e1lt kialak\u00edt\u00e1s<br data-start=\"6680\" data-end=\"6683\" \/>\u2714 Tart\u00f3s ac\u00e9l r\u00e1csszerkezet<br data-start=\"6710\" data-end=\"6713\" \/>\u2714 Stabil illeszked\u00e9s<br data-start=\"6733\" data-end=\"6736\" \/>\u2714 Maxim\u00e1lis v\u00e9delem<br data-start=\"6755\" data-end=\"6758\" \/>\u2714 Hossz\u00fa \u00e9lettartam<br data-start=\"6777\" data-end=\"6780\" \/>\u2714 Versenyre alkalmas<\/p>\n<p data-start=\"6804\" data-end=\"6838\">Mi\u00e9rt v\u00e1laszd ezt a v\u00edv\u00f3 fejv\u00e9det?<\/p>\n<p data-start=\"6840\" data-end=\"6958\">\ud83e\udd47 Versenymin\u0151s\u00e9g<br data-start=\"6857\" data-end=\"6860\" \/>\ud83d\udee1 Maxim\u00e1lis v\u00e9delem<br data-start=\"6880\" data-end=\"6883\" \/>\u2694 Profi haszn\u00e1lat<br data-start=\"6900\" data-end=\"6903\" \/>\ud83d\udcaa Strapab\u00edr\u00f3 kialak\u00edt\u00e1s<br data-start=\"6927\" data-end=\"6930\" \/>\ud83c\udfaf Megb\u00edzhat\u00f3 teljes\u00edtm\u00e9ny<\/p>\n<p data-start=\"6960\" data-end=\"6981\">Felhaszn\u00e1l\u00e1si ter\u00fclet<\/p>\n<p data-start=\"6983\" data-end=\"7043\">versenyz\u00e9shez<br data-start=\"6996\" data-end=\"6999\" \/>intenz\u00edv edz\u00e9sekhez<br data-start=\"7018\" data-end=\"7021\" \/>halad\u00f3 v\u00edv\u00f3k sz\u00e1m\u00e1ra<\/p>\n<p data-start=\"7045\" data-end=\"7075\">\u00c9letst\u00edlus \u2013 profi felszerel\u00e9s<\/p>\n<p data-start=\"7077\" data-end=\"7134\">Az Uhlmann fejv\u00e9d a megb\u00edzhat\u00f3s\u00e1g szinonim\u00e1ja a v\u00edv\u00e1sban.<\/p>\n<p data-start=\"7136\" data-end=\"7140\">GYIK<\/p>\n<p data-start=\"7142\" data-end=\"7169\">Versenyre alkalmas?<br data-start=\"7161\" data-end=\"7164\" \/>Igen.<\/p>\n<p data-start=\"7171\" data-end=\"7203\">Kezd\u0151knek j\u00f3?<br data-start=\"7184\" data-end=\"7187\" \/>Halad\u00f3 szintt\u0151l.<\/p>","protected":false},"excerpt":{"rendered":"<p>Uhlmann FIE 1600N T\u0151r Fejv\u00e9d \u2013 Megb\u00edzhat\u00f3 versenyfelszerel\u00e9s<\/p>","protected":false},"featured_media":15875,"comment_status":"open","ping_status":"closed","template":"","meta":[],"product_brand":[326],"product_cat":[743],"product_tag":[],"class_list":{"0":"post-15874","1":"product","2":"type-product","3":"status-publish","4":"has-post-thumbnail","6":"product_brand-uhlmann","7":"product_cat-tor-fejvedek","9":"first","10":"instock","11":"taxable","12":"shipping-taxable","13":"purchasable","14":"product-type-variable"},"yoast_head":"<!-- This site is optimized with the Yoast SEO plugin v27.5 - https:\/\/yoast.com\/product\/yoast-seo-wordpress\/ -->\n<title>Uhlmann FIE 1600N T\u0151r Fejv\u00e9d | Allez Fencing<\/title>\n<meta name=\"description\" content=\"Uhlmann FIE 1600N t\u0151r fejv\u00e9d. Megb\u00edzhat\u00f3 \u00e9s tart\u00f3s v\u00e1laszt\u00e1s versenyhez.\" \/>\n<meta name=\"robots\" content=\"index, follow, max-snippet:-1, max-image-preview:large, max-video-preview:-1\" \/>\n<link rel=\"canonical\" href=\"https:\/\/allezfencing.eu\/en\/webshop\/fejvedek\/tor-fejvedek\/uhlmann-fie-1600n-tor-fejved\/\" \/>\n<meta property=\"og:locale\" content=\"en_GB\" \/>\n<meta property=\"og:type\" content=\"article\" \/>\n<meta property=\"og:title\" content=\"Uhlmann FIE 1600N T\u0151r Fejv\u00e9d | Allez Fencing\" \/>\n<meta property=\"og:description\" content=\"Uhlmann FIE 1600N t\u0151r fejv\u00e9d. Megb\u00edzhat\u00f3 \u00e9s tart\u00f3s v\u00e1laszt\u00e1s versenyhez.\" \/>\n<meta property=\"og:url\" content=\"https:\/\/allezfencing.eu\/en\/webshop\/fejvedek\/tor-fejvedek\/uhlmann-fie-1600n-tor-fejved\/\" \/>\n<meta property=\"og:site_name\" content=\"Allez Fencing\" \/>\n<meta property=\"article:publisher\" content=\"https:\/\/www.facebook.com\/panamaetetohajo\" \/>\n<meta property=\"article:modified_time\" content=\"2026-04-03T14:26:15+00:00\" \/>\n<meta property=\"og:image\" content=\"https:\/\/allezfencing.eu\/wp-content\/uploads\/2025\/12\/Uhl_ST.jpg\" \/>\n\t<meta property=\"og:image:width\" content=\"800\" \/>\n\t<meta property=\"og:image:height\" content=\"800\" \/>\n\t<meta property=\"og:image:type\" content=\"image\/jpeg\" \/>\n<meta name=\"twitter:card\" content=\"summary_large_image\" \/>\n<meta name=\"twitter:label1\" content=\"Estimated reading time\" \/>\n\t<meta name=\"twitter:data1\" content=\"1 minute\" \/>\n<script type=\"application\/ld+json\" class=\"yoast-schema-graph\">{\"@context\":\"https:\\\/\\\/schema.org\",\"@graph\":[{\"@type\":\"WebPage\",\"@id\":\"https:\\\/\\\/allezfencing.eu\\\/webshop\\\/fejvedek\\\/tor-fejvedek\\\/uhlmann-fie-1600n-tor-fejved\\\/\",\"url\":\"https:\\\/\\\/allezfencing.eu\\\/webshop\\\/fejvedek\\\/tor-fejvedek\\\/uhlmann-fie-1600n-tor-fejved\\\/\",\"name\":\"Uhlmann FIE 1600N T\u0151r Fejv\u00e9d | Allez Fencing\",\"isPartOf\":{\"@id\":\"https:\\\/\\\/allezfencing.eu\\\/#website\"},\"primaryImageOfPage\":{\"@id\":\"https:\\\/\\\/allezfencing.eu\\\/webshop\\\/fejvedek\\\/tor-fejvedek\\\/uhlmann-fie-1600n-tor-fejved\\\/#primaryimage\"},\"image\":{\"@id\":\"https:\\\/\\\/allezfencing.eu\\\/webshop\\\/fejvedek\\\/tor-fejvedek\\\/uhlmann-fie-1600n-tor-fejved\\\/#primaryimage\"},\"thumbnailUrl\":\"https:\\\/\\\/allezfencing.eu\\\/wp-content\\\/uploads\\\/2025\\\/12\\\/Uhl_ST.jpg\",\"datePublished\":\"2025-12-08T18:02:33+00:00\",\"dateModified\":\"2026-04-03T14:26:15+00:00\",\"description\":\"Uhlmann FIE 1600N t\u0151r fejv\u00e9d. Megb\u00edzhat\u00f3 \u00e9s tart\u00f3s v\u00e1laszt\u00e1s versenyhez.\",\"breadcrumb\":{\"@id\":\"https:\\\/\\\/allezfencing.eu\\\/webshop\\\/fejvedek\\\/tor-fejvedek\\\/uhlmann-fie-1600n-tor-fejved\\\/#breadcrumb\"},\"inLanguage\":\"en-GB\",\"potentialAction\":[{\"@type\":\"ReadAction\",\"target\":[\"https:\\\/\\\/allezfencing.eu\\\/webshop\\\/fejvedek\\\/tor-fejvedek\\\/uhlmann-fie-1600n-tor-fejved\\\/\"]}]},{\"@type\":\"ImageObject\",\"inLanguage\":\"en-GB\",\"@id\":\"https:\\\/\\\/allezfencing.eu\\\/webshop\\\/fejvedek\\\/tor-fejvedek\\\/uhlmann-fie-1600n-tor-fejved\\\/#primaryimage\",\"url\":\"https:\\\/\\\/allezfencing.eu\\\/wp-content\\\/uploads\\\/2025\\\/12\\\/Uhl_ST.jpg\",\"contentUrl\":\"https:\\\/\\\/allezfencing.eu\\\/wp-content\\\/uploads\\\/2025\\\/12\\\/Uhl_ST.jpg\",\"width\":800,\"height\":800},{\"@type\":\"BreadcrumbList\",\"@id\":\"https:\\\/\\\/allezfencing.eu\\\/webshop\\\/fejvedek\\\/tor-fejvedek\\\/uhlmann-fie-1600n-tor-fejved\\\/#breadcrumb\",\"itemListElement\":[{\"@type\":\"ListItem\",\"position\":1,\"name\":\"Kezd\u0151lap\",\"item\":\"https:\\\/\\\/allezfencing.eu\\\/\"},{\"@type\":\"ListItem\",\"position\":2,\"name\":\"Webshop\",\"item\":\"https:\\\/\\\/allezfencing.eu\\\/webshop\\\/\"},{\"@type\":\"ListItem\",\"position\":3,\"name\":\"FEJV\u00c9DEK\",\"item\":\"https:\\\/\\\/allezfencing.eu\\\/termekkategoria\\\/fejvedek\\\/\"},{\"@type\":\"ListItem\",\"position\":4,\"name\":\"T\u0150R FEJV\u00c9DEK\",\"item\":\"https:\\\/\\\/allezfencing.eu\\\/termekkategoria\\\/fejvedek\\\/tor-fejvedek\\\/\"},{\"@type\":\"ListItem\",\"position\":5,\"name\":\"Uhlmann FIE 1600N T\u0151r Fejv\u00e9d\"}]},{\"@type\":\"WebSite\",\"@id\":\"https:\\\/\\\/allezfencing.eu\\\/#website\",\"url\":\"https:\\\/\\\/allezfencing.eu\\\/\",\"name\":\"Allez Fencing\",\"description\":\"Minden ami v\u00edv\u00e1s\",\"publisher\":{\"@id\":\"https:\\\/\\\/allezfencing.eu\\\/#organization\"},\"potentialAction\":[{\"@type\":\"SearchAction\",\"target\":{\"@type\":\"EntryPoint\",\"urlTemplate\":\"https:\\\/\\\/allezfencing.eu\\\/?s={search_term_string}\"},\"query-input\":{\"@type\":\"PropertyValueSpecification\",\"valueRequired\":true,\"valueName\":\"search_term_string\"}}],\"inLanguage\":\"en-GB\"},{\"@type\":\"Organization\",\"@id\":\"https:\\\/\\\/allezfencing.eu\\\/#organization\",\"name\":\"Panama Etet\u0151haj\u00f3k\",\"url\":\"https:\\\/\\\/allezfencing.eu\\\/\",\"logo\":{\"@type\":\"ImageObject\",\"inLanguage\":\"en-GB\",\"@id\":\"https:\\\/\\\/allezfencing.eu\\\/#\\\/schema\\\/logo\\\/image\\\/\",\"url\":\"https:\\\/\\\/allezfencing.eu\\\/wp-content\\\/uploads\\\/2025\\\/03\\\/etetohajo.eu-panama-site-icon.webp\",\"contentUrl\":\"https:\\\/\\\/allezfencing.eu\\\/wp-content\\\/uploads\\\/2025\\\/03\\\/etetohajo.eu-panama-site-icon.webp\",\"width\":512,\"height\":512,\"caption\":\"Panama Etet\u0151haj\u00f3k\"},\"image\":{\"@id\":\"https:\\\/\\\/allezfencing.eu\\\/#\\\/schema\\\/logo\\\/image\\\/\"},\"sameAs\":[\"https:\\\/\\\/www.facebook.com\\\/panamaetetohajo\"]}]}<\/script>\n<!-- \/ Yoast SEO plugin. -->","yoast_head_json":{"title":"Uhlmann FIE 1600N T\u0151r Fejv\u00e9d | Allez Fencing","description":"Uhlmann FIE 1600N t\u0151r fejv\u00e9d. Megb\u00edzhat\u00f3 \u00e9s tart\u00f3s v\u00e1laszt\u00e1s versenyhez.","robots":{"index":"index","follow":"follow","max-snippet":"max-snippet:-1","max-image-preview":"max-image-preview:large","max-video-preview":"max-video-preview:-1"},"canonical":"https:\/\/allezfencing.eu\/en\/webshop\/fejvedek\/tor-fejvedek\/uhlmann-fie-1600n-tor-fejved\/","og_locale":"en_GB","og_type":"article","og_title":"Uhlmann FIE 1600N T\u0151r Fejv\u00e9d | Allez Fencing","og_description":"Uhlmann FIE 1600N t\u0151r fejv\u00e9d. Megb\u00edzhat\u00f3 \u00e9s tart\u00f3s v\u00e1laszt\u00e1s versenyhez.","og_url":"https:\/\/allezfencing.eu\/en\/webshop\/fejvedek\/tor-fejvedek\/uhlmann-fie-1600n-tor-fejved\/","og_site_name":"Allez Fencing","article_publisher":"https:\/\/www.facebook.com\/panamaetetohajo","article_modified_time":"2026-04-03T14:26:15+00:00","og_image":[{"width":800,"height":800,"url":"https:\/\/allezfencing.eu\/wp-content\/uploads\/2025\/12\/Uhl_ST.jpg","type":"image\/jpeg"}],"twitter_card":"summary_large_image","twitter_misc":{"Estimated reading time":"1 minute"},"schema":{"@context":"https:\/\/schema.org","@graph":[{"@type":"WebPage","@id":"https:\/\/allezfencing.eu\/webshop\/fejvedek\/tor-fejvedek\/uhlmann-fie-1600n-tor-fejved\/","url":"https:\/\/allezfencing.eu\/webshop\/fejvedek\/tor-fejvedek\/uhlmann-fie-1600n-tor-fejved\/","name":"Uhlmann FIE 1600N T\u0151r Fejv\u00e9d | Allez Fencing","isPartOf":{"@id":"https:\/\/allezfencing.eu\/#website"},"primaryImageOfPage":{"@id":"https:\/\/allezfencing.eu\/webshop\/fejvedek\/tor-fejvedek\/uhlmann-fie-1600n-tor-fejved\/#primaryimage"},"image":{"@id":"https:\/\/allezfencing.eu\/webshop\/fejvedek\/tor-fejvedek\/uhlmann-fie-1600n-tor-fejved\/#primaryimage"},"thumbnailUrl":"https:\/\/allezfencing.eu\/wp-content\/uploads\/2025\/12\/Uhl_ST.jpg","datePublished":"2025-12-08T18:02:33+00:00","dateModified":"2026-04-03T14:26:15+00:00","description":"Uhlmann FIE 1600N t\u0151r fejv\u00e9d. Megb\u00edzhat\u00f3 \u00e9s tart\u00f3s v\u00e1laszt\u00e1s versenyhez.","breadcrumb":{"@id":"https:\/\/allezfencing.eu\/webshop\/fejvedek\/tor-fejvedek\/uhlmann-fie-1600n-tor-fejved\/#breadcrumb"},"inLanguage":"en-GB","potentialAction":[{"@type":"ReadAction","target":["https:\/\/allezfencing.eu\/webshop\/fejvedek\/tor-fejvedek\/uhlmann-fie-1600n-tor-fejved\/"]}]},{"@type":"ImageObject","inLanguage":"en-GB","@id":"https:\/\/allezfencing.eu\/webshop\/fejvedek\/tor-fejvedek\/uhlmann-fie-1600n-tor-fejved\/#primaryimage","url":"https:\/\/allezfencing.eu\/wp-content\/uploads\/2025\/12\/Uhl_ST.jpg","contentUrl":"https:\/\/allezfencing.eu\/wp-content\/uploads\/2025\/12\/Uhl_ST.jpg","width":800,"height":800},{"@type":"BreadcrumbList","@id":"https:\/\/allezfencing.eu\/webshop\/fejvedek\/tor-fejvedek\/uhlmann-fie-1600n-tor-fejved\/#breadcrumb","itemListElement":[{"@type":"ListItem","position":1,"name":"Kezd\u0151lap","item":"https:\/\/allezfencing.eu\/"},{"@type":"ListItem","position":2,"name":"Webshop","item":"https:\/\/allezfencing.eu\/webshop\/"},{"@type":"ListItem","position":3,"name":"FEJV\u00c9DEK","item":"https:\/\/allezfencing.eu\/termekkategoria\/fejvedek\/"},{"@type":"ListItem","position":4,"name":"T\u0150R FEJV\u00c9DEK","item":"https:\/\/allezfencing.eu\/termekkategoria\/fejvedek\/tor-fejvedek\/"},{"@type":"ListItem","position":5,"name":"Uhlmann FIE 1600N T\u0151r Fejv\u00e9d"}]},{"@type":"WebSite","@id":"https:\/\/allezfencing.eu\/#website","url":"https:\/\/allezfencing.eu\/","name":"Allez Fencing","description":"Minden ami v\u00edv\u00e1s","publisher":{"@id":"https:\/\/allezfencing.eu\/#organization"},"potentialAction":[{"@type":"SearchAction","target":{"@type":"EntryPoint","urlTemplate":"https:\/\/allezfencing.eu\/?s={search_term_string}"},"query-input":{"@type":"PropertyValueSpecification","valueRequired":true,"valueName":"search_term_string"}}],"inLanguage":"en-GB"},{"@type":"Organization","@id":"https:\/\/allezfencing.eu\/#organization","name":"Panama Feeding boats","url":"https:\/\/allezfencing.eu\/","logo":{"@type":"ImageObject","inLanguage":"en-GB","@id":"https:\/\/allezfencing.eu\/#\/schema\/logo\/image\/","url":"https:\/\/allezfencing.eu\/wp-content\/uploads\/2025\/03\/etetohajo.eu-panama-site-icon.webp","contentUrl":"https:\/\/allezfencing.eu\/wp-content\/uploads\/2025\/03\/etetohajo.eu-panama-site-icon.webp","width":512,"height":512,"caption":"Panama Etet\u0151haj\u00f3k"},"image":{"@id":"https:\/\/allezfencing.eu\/#\/schema\/logo\/image\/"},"sameAs":["https:\/\/www.facebook.com\/panamaetetohajo"]}]}},"_links":{"self":[{"href":"https:\/\/allezfencing.eu\/en\/wp-json\/wp\/v2\/product\/15874","targetHints":{"allow":["GET"]}}],"collection":[{"href":"https:\/\/allezfencing.eu\/en\/wp-json\/wp\/v2\/product"}],"about":[{"href":"https:\/\/allezfencing.eu\/en\/wp-json\/wp\/v2\/types\/product"}],"replies":[{"embeddable":true,"href":"https:\/\/allezfencing.eu\/en\/wp-json\/wp\/v2\/comments?post=15874"}],"version-history":[{"count":0,"href":"https:\/\/allezfencing.eu\/en\/wp-json\/wp\/v2\/product\/15874\/revisions"}],"wp:featuredmedia":[{"embeddable":true,"href":"https:\/\/allezfencing.eu\/en\/wp-json\/wp\/v2\/media\/15875"}],"wp:attachment":[{"href":"https:\/\/allezfencing.eu\/en\/wp-json\/wp\/v2\/media?parent=15874"}],"wp:term":[{"taxonomy":"product_brand","embeddable":true,"href":"https:\/\/allezfencing.eu\/en\/wp-json\/wp\/v2\/product_brand?post=15874"},{"taxonomy":"product_cat","embeddable":true,"href":"https:\/\/allezfencing.eu\/en\/wp-json\/wp\/v2\/product_cat?post=15874"},{"taxonomy":"product_tag","embeddable":true,"href":"https:\/\/allezfencing.eu\/en\/wp-json\/wp\/v2\/product_tag?post=15874"}],"curies":[{"name":"wp","href":"https:\/\/api.w.org\/{rel}","templated":true}]}}