{"id":15939,"date":"2025-12-08T19:05:33","date_gmt":"2025-12-08T18:05:33","guid":{"rendered":"https:\/\/infiniteq.org\/webshop\/nem-kategorizalt\/noi-nadrag-gymbeam\/"},"modified":"2026-01-06T11:28:31","modified_gmt":"2026-01-06T10:28:31","slug":"noi-nadrag-gymbeam","status":"publish","type":"product","link":"https:\/\/allezfencing.eu\/en\/webshop\/eronlet-es-melegites\/noi-nadrag-gymbeam\/","title":{"rendered":"N\u0151i nadr\u00e1g-Gymbeam"},"content":{"rendered":"","protected":false},"excerpt":{"rendered":"<p><strong>N\u0151i biciklis nadr\u00e1g magas derek\u00fa<\/strong>\u00a0\u00e9s kiss\u00e9 hossz\u00fa szab\u00e1s\u00fa, amelyet minden mozg\u00e1st\u00edpus sor\u00e1n \u00e9rt\u00e9kelni fogsz. Rendk\u00edv\u00fcl\u00a0<strong>rugalmas<\/strong>, ami azt jelenti, hogy k\u00f6veti a testalkatod. Nagyszer\u0171en\u00a0<strong>elvezeti az izzadts\u00e1got,<\/strong>\u00a0ez\u00e9rt maxim\u00e1lis k\u00e9nyelmet biztos\u00edt visel\u0151j\u00e9nek minden edz\u00e9s sor\u00e1n. Ez a r\u00f6vidnadr\u00e1g ide\u00e1lis edz\u0151terembe,\u00a0<strong>fut\u00e1shoz<\/strong>,\u00a0<strong>t\u00far\u00e1z\u00e1shoz<\/strong>, \u00e9s t\u00f6k\u00e9letesen kieg\u00e9sz\u00edti a\u00a0<strong>szabadid\u0151s<\/strong>\u00a0 \u00f6lt\u00f6z\u00e9ket.<\/p>","protected":false},"featured_media":15940,"comment_status":"open","ping_status":"closed","template":"","meta":[],"product_brand":[],"product_cat":[756],"product_tag":[],"class_list":{"0":"post-15939","1":"product","2":"type-product","3":"status-publish","4":"has-post-thumbnail","6":"product_cat-eronlet-es-melegites","8":"first","9":"outofstock","10":"taxable","11":"shipping-taxable","12":"purchasable","13":"product-type-simple"},"yoast_head":"<!-- This site is optimized with the Yoast SEO plugin v27.2 - https:\/\/yoast.com\/product\/yoast-seo-wordpress\/ -->\n<title>N\u0151i nadr\u00e1g-Gymbeam | Allez Fencing<\/title>\n<meta name=\"robots\" content=\"index, follow, max-snippet:-1, max-image-preview:large, max-video-preview:-1\" \/>\n<link rel=\"canonical\" href=\"https:\/\/allezfencing.eu\/en\/webshop\/eronlet-es-melegites\/noi-nadrag-gymbeam\/\" \/>\n<meta property=\"og:locale\" content=\"en_GB\" \/>\n<meta property=\"og:type\" content=\"article\" \/>\n<meta property=\"og:title\" content=\"N\u0151i nadr\u00e1g-Gymbeam | Allez Fencing\" \/>\n<meta property=\"og:description\" content=\"N\u0151i biciklis nadr\u00e1g magas derek\u00fa\u00a0\u00e9s kiss\u00e9 hossz\u00fa szab\u00e1s\u00fa, amelyet minden mozg\u00e1st\u00edpus sor\u00e1n \u00e9rt\u00e9kelni fogsz. Rendk\u00edv\u00fcl\u00a0rugalmas, ami azt jelenti, hogy k\u00f6veti a testalkatod. Nagyszer\u0171en\u00a0elvezeti az izzadts\u00e1got,\u00a0ez\u00e9rt maxim\u00e1lis k\u00e9nyelmet biztos\u00edt visel\u0151j\u00e9nek minden edz\u00e9s sor\u00e1n. Ez a r\u00f6vidnadr\u00e1g ide\u00e1lis edz\u0151terembe,\u00a0fut\u00e1shoz,\u00a0t\u00far\u00e1z\u00e1shoz, \u00e9s t\u00f6k\u00e9letesen kieg\u00e9sz\u00edti a\u00a0szabadid\u0151s\u00a0 \u00f6lt\u00f6z\u00e9ket.\" \/>\n<meta property=\"og:url\" content=\"https:\/\/allezfencing.eu\/en\/webshop\/eronlet-es-melegites\/noi-nadrag-gymbeam\/\" \/>\n<meta property=\"og:site_name\" content=\"Allez Fencing\" \/>\n<meta property=\"article:publisher\" content=\"https:\/\/www.facebook.com\/panamaetetohajo\" \/>\n<meta property=\"article:modified_time\" content=\"2026-01-06T10:28:31+00:00\" \/>\n<meta property=\"og:image\" content=\"https:\/\/allezfencing.eu\/wp-content\/uploads\/2025\/12\/gym_1.jpg\" \/>\n\t<meta property=\"og:image:width\" content=\"700\" \/>\n\t<meta property=\"og:image:height\" content=\"700\" \/>\n\t<meta property=\"og:image:type\" content=\"image\/jpeg\" \/>\n<meta name=\"twitter:card\" content=\"summary_large_image\" \/>\n<script type=\"application\/ld+json\" class=\"yoast-schema-graph\">{\"@context\":\"https:\/\/schema.org\",\"@graph\":[{\"@type\":\"WebPage\",\"@id\":\"https:\/\/allezfencing.eu\/webshop\/eronlet-es-melegites\/noi-nadrag-gymbeam\/\",\"url\":\"https:\/\/allezfencing.eu\/webshop\/eronlet-es-melegites\/noi-nadrag-gymbeam\/\",\"name\":\"N\u0151i nadr\u00e1g-Gymbeam | Allez Fencing\",\"isPartOf\":{\"@id\":\"https:\/\/allezfencing.eu\/#website\"},\"primaryImageOfPage\":{\"@id\":\"https:\/\/allezfencing.eu\/webshop\/eronlet-es-melegites\/noi-nadrag-gymbeam\/#primaryimage\"},\"image\":{\"@id\":\"https:\/\/allezfencing.eu\/webshop\/eronlet-es-melegites\/noi-nadrag-gymbeam\/#primaryimage\"},\"thumbnailUrl\":\"https:\/\/allezfencing.eu\/wp-content\/uploads\/2025\/12\/gym_1.jpg\",\"datePublished\":\"2025-12-08T18:05:33+00:00\",\"dateModified\":\"2026-01-06T10:28:31+00:00\",\"breadcrumb\":{\"@id\":\"https:\/\/allezfencing.eu\/webshop\/eronlet-es-melegites\/noi-nadrag-gymbeam\/#breadcrumb\"},\"inLanguage\":\"en-GB\",\"potentialAction\":[{\"@type\":\"ReadAction\",\"target\":[\"https:\/\/allezfencing.eu\/webshop\/eronlet-es-melegites\/noi-nadrag-gymbeam\/\"]}]},{\"@type\":\"ImageObject\",\"inLanguage\":\"en-GB\",\"@id\":\"https:\/\/allezfencing.eu\/webshop\/eronlet-es-melegites\/noi-nadrag-gymbeam\/#primaryimage\",\"url\":\"https:\/\/allezfencing.eu\/wp-content\/uploads\/2025\/12\/gym_1.jpg\",\"contentUrl\":\"https:\/\/allezfencing.eu\/wp-content\/uploads\/2025\/12\/gym_1.jpg\",\"width\":700,\"height\":700},{\"@type\":\"BreadcrumbList\",\"@id\":\"https:\/\/allezfencing.eu\/webshop\/eronlet-es-melegites\/noi-nadrag-gymbeam\/#breadcrumb\",\"itemListElement\":[{\"@type\":\"ListItem\",\"position\":1,\"name\":\"Kezd\u0151lap\",\"item\":\"https:\/\/allezfencing.eu\/\"},{\"@type\":\"ListItem\",\"position\":2,\"name\":\"Webshop\",\"item\":\"https:\/\/allezfencing.eu\/webshop\/\"},{\"@type\":\"ListItem\",\"position\":3,\"name\":\"ER\u0150NL\u00c9T \u00c9S MELEG\u00cdT\u00c9S\",\"item\":\"https:\/\/allezfencing.eu\/termekkategoria\/eronlet-es-melegites\/\"},{\"@type\":\"ListItem\",\"position\":4,\"name\":\"N\u0151i nadr\u00e1g-Gymbeam\"}]},{\"@type\":\"WebSite\",\"@id\":\"https:\/\/allezfencing.eu\/#website\",\"url\":\"https:\/\/allezfencing.eu\/\",\"name\":\"Allez Fencing\",\"description\":\"Minden ami v\u00edv\u00e1s\",\"publisher\":{\"@id\":\"https:\/\/allezfencing.eu\/#organization\"},\"potentialAction\":[{\"@type\":\"SearchAction\",\"target\":{\"@type\":\"EntryPoint\",\"urlTemplate\":\"https:\/\/allezfencing.eu\/?s={search_term_string}\"},\"query-input\":{\"@type\":\"PropertyValueSpecification\",\"valueRequired\":true,\"valueName\":\"search_term_string\"}}],\"inLanguage\":\"en-GB\"},{\"@type\":\"Organization\",\"@id\":\"https:\/\/allezfencing.eu\/#organization\",\"name\":\"Panama Etet\u0151haj\u00f3k\",\"url\":\"https:\/\/allezfencing.eu\/\",\"logo\":{\"@type\":\"ImageObject\",\"inLanguage\":\"en-GB\",\"@id\":\"https:\/\/allezfencing.eu\/#\/schema\/logo\/image\/\",\"url\":\"https:\/\/allezfencing.eu\/wp-content\/uploads\/2025\/03\/etetohajo.eu-panama-site-icon.webp\",\"contentUrl\":\"https:\/\/allezfencing.eu\/wp-content\/uploads\/2025\/03\/etetohajo.eu-panama-site-icon.webp\",\"width\":512,\"height\":512,\"caption\":\"Panama Etet\u0151haj\u00f3k\"},\"image\":{\"@id\":\"https:\/\/allezfencing.eu\/#\/schema\/logo\/image\/\"},\"sameAs\":[\"https:\/\/www.facebook.com\/panamaetetohajo\"]}]}<\/script>\n<!-- \/ Yoast SEO plugin. -->","yoast_head_json":{"title":"N\u0151i nadr\u00e1g-Gymbeam | Allez Fencing","robots":{"index":"index","follow":"follow","max-snippet":"max-snippet:-1","max-image-preview":"max-image-preview:large","max-video-preview":"max-video-preview:-1"},"canonical":"https:\/\/allezfencing.eu\/en\/webshop\/eronlet-es-melegites\/noi-nadrag-gymbeam\/","og_locale":"en_GB","og_type":"article","og_title":"N\u0151i nadr\u00e1g-Gymbeam | Allez Fencing","og_description":"N\u0151i biciklis nadr\u00e1g magas derek\u00fa\u00a0\u00e9s kiss\u00e9 hossz\u00fa szab\u00e1s\u00fa, amelyet minden mozg\u00e1st\u00edpus sor\u00e1n \u00e9rt\u00e9kelni fogsz. Rendk\u00edv\u00fcl\u00a0rugalmas, ami azt jelenti, hogy k\u00f6veti a testalkatod. Nagyszer\u0171en\u00a0elvezeti az izzadts\u00e1got,\u00a0ez\u00e9rt maxim\u00e1lis k\u00e9nyelmet biztos\u00edt visel\u0151j\u00e9nek minden edz\u00e9s sor\u00e1n. Ez a r\u00f6vidnadr\u00e1g ide\u00e1lis edz\u0151terembe,\u00a0fut\u00e1shoz,\u00a0t\u00far\u00e1z\u00e1shoz, \u00e9s t\u00f6k\u00e9letesen kieg\u00e9sz\u00edti a\u00a0szabadid\u0151s\u00a0 \u00f6lt\u00f6z\u00e9ket.","og_url":"https:\/\/allezfencing.eu\/en\/webshop\/eronlet-es-melegites\/noi-nadrag-gymbeam\/","og_site_name":"Allez Fencing","article_publisher":"https:\/\/www.facebook.com\/panamaetetohajo","article_modified_time":"2026-01-06T10:28:31+00:00","og_image":[{"width":700,"height":700,"url":"https:\/\/allezfencing.eu\/wp-content\/uploads\/2025\/12\/gym_1.jpg","type":"image\/jpeg"}],"twitter_card":"summary_large_image","schema":{"@context":"https:\/\/schema.org","@graph":[{"@type":"WebPage","@id":"https:\/\/allezfencing.eu\/webshop\/eronlet-es-melegites\/noi-nadrag-gymbeam\/","url":"https:\/\/allezfencing.eu\/webshop\/eronlet-es-melegites\/noi-nadrag-gymbeam\/","name":"N\u0151i nadr\u00e1g-Gymbeam | Allez Fencing","isPartOf":{"@id":"https:\/\/allezfencing.eu\/#website"},"primaryImageOfPage":{"@id":"https:\/\/allezfencing.eu\/webshop\/eronlet-es-melegites\/noi-nadrag-gymbeam\/#primaryimage"},"image":{"@id":"https:\/\/allezfencing.eu\/webshop\/eronlet-es-melegites\/noi-nadrag-gymbeam\/#primaryimage"},"thumbnailUrl":"https:\/\/allezfencing.eu\/wp-content\/uploads\/2025\/12\/gym_1.jpg","datePublished":"2025-12-08T18:05:33+00:00","dateModified":"2026-01-06T10:28:31+00:00","breadcrumb":{"@id":"https:\/\/allezfencing.eu\/webshop\/eronlet-es-melegites\/noi-nadrag-gymbeam\/#breadcrumb"},"inLanguage":"en-GB","potentialAction":[{"@type":"ReadAction","target":["https:\/\/allezfencing.eu\/webshop\/eronlet-es-melegites\/noi-nadrag-gymbeam\/"]}]},{"@type":"ImageObject","inLanguage":"en-GB","@id":"https:\/\/allezfencing.eu\/webshop\/eronlet-es-melegites\/noi-nadrag-gymbeam\/#primaryimage","url":"https:\/\/allezfencing.eu\/wp-content\/uploads\/2025\/12\/gym_1.jpg","contentUrl":"https:\/\/allezfencing.eu\/wp-content\/uploads\/2025\/12\/gym_1.jpg","width":700,"height":700},{"@type":"BreadcrumbList","@id":"https:\/\/allezfencing.eu\/webshop\/eronlet-es-melegites\/noi-nadrag-gymbeam\/#breadcrumb","itemListElement":[{"@type":"ListItem","position":1,"name":"Kezd\u0151lap","item":"https:\/\/allezfencing.eu\/"},{"@type":"ListItem","position":2,"name":"Webshop","item":"https:\/\/allezfencing.eu\/webshop\/"},{"@type":"ListItem","position":3,"name":"ER\u0150NL\u00c9T \u00c9S MELEG\u00cdT\u00c9S","item":"https:\/\/allezfencing.eu\/termekkategoria\/eronlet-es-melegites\/"},{"@type":"ListItem","position":4,"name":"N\u0151i nadr\u00e1g-Gymbeam"}]},{"@type":"WebSite","@id":"https:\/\/allezfencing.eu\/#website","url":"https:\/\/allezfencing.eu\/","name":"Allez Fencing","description":"Minden ami v\u00edv\u00e1s","publisher":{"@id":"https:\/\/allezfencing.eu\/#organization"},"potentialAction":[{"@type":"SearchAction","target":{"@type":"EntryPoint","urlTemplate":"https:\/\/allezfencing.eu\/?s={search_term_string}"},"query-input":{"@type":"PropertyValueSpecification","valueRequired":true,"valueName":"search_term_string"}}],"inLanguage":"en-GB"},{"@type":"Organization","@id":"https:\/\/allezfencing.eu\/#organization","name":"Panama Feeding boats","url":"https:\/\/allezfencing.eu\/","logo":{"@type":"ImageObject","inLanguage":"en-GB","@id":"https:\/\/allezfencing.eu\/#\/schema\/logo\/image\/","url":"https:\/\/allezfencing.eu\/wp-content\/uploads\/2025\/03\/etetohajo.eu-panama-site-icon.webp","contentUrl":"https:\/\/allezfencing.eu\/wp-content\/uploads\/2025\/03\/etetohajo.eu-panama-site-icon.webp","width":512,"height":512,"caption":"Panama Etet\u0151haj\u00f3k"},"image":{"@id":"https:\/\/allezfencing.eu\/#\/schema\/logo\/image\/"},"sameAs":["https:\/\/www.facebook.com\/panamaetetohajo"]}]}},"_links":{"self":[{"href":"https:\/\/allezfencing.eu\/en\/wp-json\/wp\/v2\/product\/15939","targetHints":{"allow":["GET"]}}],"collection":[{"href":"https:\/\/allezfencing.eu\/en\/wp-json\/wp\/v2\/product"}],"about":[{"href":"https:\/\/allezfencing.eu\/en\/wp-json\/wp\/v2\/types\/product"}],"replies":[{"embeddable":true,"href":"https:\/\/allezfencing.eu\/en\/wp-json\/wp\/v2\/comments?post=15939"}],"version-history":[{"count":1,"href":"https:\/\/allezfencing.eu\/en\/wp-json\/wp\/v2\/product\/15939\/revisions"}],"predecessor-version":[{"id":16180,"href":"https:\/\/allezfencing.eu\/en\/wp-json\/wp\/v2\/product\/15939\/revisions\/16180"}],"wp:featuredmedia":[{"embeddable":true,"href":"https:\/\/allezfencing.eu\/en\/wp-json\/wp\/v2\/media\/15940"}],"wp:attachment":[{"href":"https:\/\/allezfencing.eu\/en\/wp-json\/wp\/v2\/media?parent=15939"}],"wp:term":[{"taxonomy":"product_brand","embeddable":true,"href":"https:\/\/allezfencing.eu\/en\/wp-json\/wp\/v2\/product_brand?post=15939"},{"taxonomy":"product_cat","embeddable":true,"href":"https:\/\/allezfencing.eu\/en\/wp-json\/wp\/v2\/product_cat?post=15939"},{"taxonomy":"product_tag","embeddable":true,"href":"https:\/\/allezfencing.eu\/en\/wp-json\/wp\/v2\/product_tag?post=15939"}],"curies":[{"name":"wp","href":"https:\/\/api.w.org\/{rel}","templated":true}]}}