{"id":15956,"date":"2025-12-08T19:06:34","date_gmt":"2025-12-08T18:06:34","guid":{"rendered":"https:\/\/infiniteq.org\/webshop\/nem-kategorizalt\/bcaa-411-gymbeam\/"},"modified":"2026-01-06T11:49:20","modified_gmt":"2026-01-06T10:49:20","slug":"bcaa-411-gymbeam","status":"publish","type":"product","link":"https:\/\/allezfencing.eu\/en\/webshop\/eronlet-es-melegites\/bcaa-411-gymbeam\/","title":{"rendered":"BCAA 4:1:1-Gymbeam"},"content":{"rendered":"<h1>BCAA 4:1:1 Instant &#8211; l-leucin, l-izoleucin \u00e9s l-valin aminosavak optim\u00e1lis ar\u00e1nyban az er\u0151- \u00e9s \u00e1ll\u00f3k\u00e9pess\u00e9gi sportol\u00f3k sz\u00e1m\u00e1ra<\/h1>\n<p>A\u00a0<strong>BCAA 4:1:1 Instant<\/strong>\u00a0egy funkcion\u00e1lis \u00e9trend-kieg\u00e9sz\u00edt\u0151, amely<strong>\u00a0l-leucint, l-izoleucint\u00a0<\/strong>and<strong>\u00a0l-valint<\/strong>\u00a0tartalmaz, j\u00f3l old\u00f3d\u00f3 por form\u00e1j\u00e1ban. Seg\u00edt az<strong>\u00a0el\u00e1gaz\u00f3 l\u00e1nc\u00fa esszenci\u00e1lis aminosavak<\/strong>\u00a0bevitel\u00e9ben. El\u0151nye tov\u00e1bb\u00e1 az optim\u00e1lis\u00a0<strong>4:1:1<\/strong>\u00a0ar\u00e1ny a leucin jav\u00e1ra. R\u00e1ad\u00e1sul ezt a term\u00e9ket\u00a0<strong>k\u00edm\u00e9letes ferment\u00e1ci\u00f3s m\u00f3dszerrel,<\/strong>\u00a0n\u00f6v\u00e9nyi forr\u00e1sb\u00f3l \u00e1ll\u00edtj\u00e1k el\u0151. Ez\u00e1ltal\u00a0<strong>veget\u00e1ri\u00e1nusok \u00e9s veg\u00e1nok<\/strong>\u00a0sz\u00e1m\u00e1ra is alkalmas.<\/p>\n<p>A\u00a0<strong>BCAA 4:1:1 Instant<\/strong>\u00a0k\u00f6nnyen fogyaszthat\u00f3, k\u00f6sz\u00f6nhet\u0151en a<strong>\u00a0j\u00f3l old\u00f3d\u00f3 por<\/strong>\u00a0form\u00e1nak, amely v\u00edzzel elkeveredve friss\u00edt\u0151\u00a0<strong>italt<\/strong>\u00a0eredm\u00e9nyez. \u00c9lvezheted\u00a0<strong>edz\u00e9s k\u00f6zben<\/strong>\u00a0vagy ut\u00e1na, ak\u00e1r \u00f6nmag\u00e1ban, ak\u00e1r egy feh\u00e9rjeturmix r\u00e9szek\u00e9nt. Napk\u00f6zben t\u00f6k\u00e9letesen alkalmas az aminosavak p\u00f3tl\u00e1s\u00e1ra vagy a v\u00edz \u00edzes\u00edt\u00e9s\u00e9re, hogy \u00e9lvezetesebb\u00e9 tedd a hidrat\u00e1l\u00e1si rutint.<\/p>\n<p>Ezt a term\u00e9ket k\u00fcl\u00f6n\u00f6sen azok az\u00a0<strong>er\u0151sportol\u00f3k<\/strong>\u00a0fogj\u00e1k \u00e9rt\u00e9kelni, akik figyelnek az \u00f6sszes esszenci\u00e1lis aminosav bevitel\u00e9re. Ugyan\u00edgy alkalmas\u00a0<strong>fut\u00f3k, ker\u00e9kp\u00e1rosok<\/strong>\u00a0\u00e9s m\u00e1s \u00e1ll\u00f3k\u00e9pess\u00e9gi sportol\u00f3k sz\u00e1m\u00e1ra is, akik hossz\u00fa edz\u00e9sek sor\u00e1n is biztos\u00edtani szeretn\u00e9k e h\u00e1rom aminosav bevitel\u00e9t. Ezenk\u00edv\u00fcl az oldhat\u00f3 BCAA m\u00e1s sportol\u00f3k \u00e9s akt\u00edv emberek\u00a0<strong>\u00e9trend-kieg\u00e9sz\u00edt\u0151 rutinj\u00e1ban<\/strong>\u00a0is megtal\u00e1lja a hely\u00e9t.<\/p>\n<h2>A BCAA 4:1:1 Instant el\u0151nyei<\/h2>\n<ul>\n<li>el\u00e1gaz\u00f3 l\u00e1nc\u00fa aminosavakat (l-leucin, l-izoleucin, l-valin) tartalmaz<\/li>\n<li>BCAA-k 4:1:1 ar\u00e1nyban az l-leucin jav\u00e1ra<\/li>\n<li>j\u00f3l old\u00f3d\u00f3 por form\u00e1j\u00e1ban<\/li>\n<li>k\u00edm\u00e9letes erjeszt\u00e9ssel \u00e1ll\u00edtj\u00e1k el\u0151<\/li>\n<li>v\u00edzzel \u00f6sszekeverve friss\u00edt\u0151 italt eredm\u00e9nyez<\/li>\n<li>edz\u00e9s el\u0151tt, alatt \u00e9s ut\u00e1n haszn\u00e1lhat\u00f3<\/li>\n<li>alkalmas er\u0151- \u00e9s \u00e1ll\u00f3k\u00e9pess\u00e9gi sportol\u00f3k sz\u00e1m\u00e1ra<\/li>\n<li>veg\u00e1nok sz\u00e1m\u00e1ra is alkalmas<\/li>\n<\/ul>\n<h2>\u00d6sszetev\u0151k<\/h2>\n<p><strong>BCAA 4:1:1 Narancs:\u00a0<\/strong>L-Leucin, L-Iioleucin, L-Valin 4:1:1 ar\u00e1nyban, savass\u00e1got szab\u00e1lyoz\u00f3 anyag (citromsav), term\u00e9szetes narancs aroma, sz\u00ednez\u00e9k (b\u00e9ta-karotin), \u00e9des\u00edt\u0151szer (szukral\u00f3z).<\/p>\n<p><strong>BCAA 4:1:1:1 K\u00f6rte:\u00a0<\/strong>L-Leucin, L-Iioleucin, L-Valin 4:1:1 ar\u00e1nyban, savass\u00e1got szab\u00e1lyoz\u00f3 anyag (citromsav), term\u00e9szetes k\u00f6rte aroma, sz\u00ednez\u00e9k (b\u00e9ta-karotin, karamell (E150)), \u00e9des\u00edt\u0151szer (szukral\u00f3z).<\/p>\n<p><strong>BCAA 4:1:1 Z\u00f6ld alma:<\/strong>L-Leucin, L-Izoleucin, L-Valin 4:1:1 ar\u00e1nyban, savass\u00e1got szab\u00e1lyoz\u00f3 anyag (citromsav), term\u00e9szetes alma aroma, sz\u00ednez\u00e9k (b\u00e9ta-karotin, \u00e9l\u00e9nk k\u00e9k (E133)), \u00e9des\u00edt\u0151szer (szukral\u00f3z).<\/p>\n<p><strong>BCAA 4:1:1 Cola:<\/strong>L-Leucin, L-Izoleucin, L-Valin 4:1:1 ar\u00e1nyban, savass\u00e1got szab\u00e1lyoz\u00f3 anyag (citromsav), term\u00e9szetes k\u00f3la aroma, sz\u00ednez\u00e9k (karamell), \u00e9des\u00edt\u0151szer (szukral\u00f3z).<\/p>\n<p><strong>BCAA 4:1:1 Fekete ribizli:<\/strong>L-Leucin, L-Izoleucin, L-Valin 4:1:1 ar\u00e1nyban, savass\u00e1got szab\u00e1lyoz\u00f3 anyag (citromsav), term\u00e9szetes fekete ribizli aroma, sz\u00ednez\u00e9k (c\u00e9kla, \u00e9l\u00e9nk k\u00e9k (E133)), \u00e9des\u00edt\u0151szer (szukral\u00f3z).<\/p>\n<p><strong>BCAA 4:1:1 Citrom-lime<\/strong>\u00a0L-Leucin, L-Izoleucin, L-Valin 4:1:1 ar\u00e1nyban, savass\u00e1got szab\u00e1lyoz\u00f3 anyag (citromsav), term\u00e9szetes citrom-lime aroma, sz\u00ednez\u00e9k (s\u00e1fr\u00e1ny, spirulina), \u00e9des\u00edt\u0151szer (szukral\u00f3z).<\/p>\n<p><strong>BCAA 4:1:1 Mango-Maracuja:<\/strong>\u00a0L-Leucin, L-Izoleucin, L-Valin 4:1:1 ar\u00e1nyban, savass\u00e1got szab\u00e1lyoz\u00f3 anyag (citromsav), term\u00e9szetes mango-maracuja aroma, sz\u00ednez\u00e9k (c\u00e9kla, b\u00e9ta-karotin), \u00e9des\u00edt\u0151szer (szukral\u00f3z).<\/p>\n<p><strong>BCAA 4:1:1:1 Anan\u00e1sz:<\/strong>L-leucin, L-izoleucin, L-valin 4:1:1 ar\u00e1nyban, savass\u00e1got szab\u00e1lyoz\u00f3 anyag (citromsav), term\u00e9szetes anan\u00e1sz aroma, sz\u00ednez\u00e9k (c\u00e9kla), \u00e9des\u00edt\u0151szer (szukral\u00f3z).<\/p>\n<p><strong>BCAA 4:1:1 G\u00f6r\u00f6gdinnye:<\/strong>L-Leucin, L-Izoleucin, L-Valin 4:1:1 ar\u00e1nyban, savass\u00e1got szab\u00e1lyoz\u00f3 anyag (citromsav), term\u00e9szetes g\u00f6r\u00f6gdinnye aroma, sz\u00ednez\u00e9k (c\u00e9kla), \u00e9des\u00edt\u0151szer (szukral\u00f3z).<\/p>\n<p><strong>BCAA 4:1:1 Eper-Lime:\u00a0<\/strong>L-Leucin, L-Izoleucin, L-Valin 4:1:1 ar\u00e1nyban, savass\u00e1got szab\u00e1lyoz\u00f3 anyag (citromsav), term\u00e9szetes eper-lime aroma, sz\u00ednez\u00e9k (c\u00e9kla), \u00e9des\u00edt\u0151szer (szukral\u00f3z).<\/p>\n<p><strong>BCAA 4:1:1 Kiwi:\u00a0<\/strong>L-Leucin, L-Izoleucin, L-Valin 4:1:1 ar\u00e1nyban, savass\u00e1got szab\u00e1lyoz\u00f3 anyag (citromsav), aroma, \u00e9des\u00edt\u0151szerek (aceszulf\u00e1m K, szukral\u00f3z), spirulina, sz\u00ednez\u00e9kek, (karotinoidok).<\/p>\n<p><strong>BCAA 4:1:1 Grapefruit:<\/strong>L-Leucin, L-Izoleucin, L-Valin 4:1:1 ar\u00e1nyban, savass\u00e1got szab\u00e1lyoz\u00f3 anyag (citromsav), sz\u00ednez\u00e9k (betanin), aroma, \u00e9des\u00edt\u0151szerek (aceszulf\u00e1m K, szukral\u00f3z), sz\u00ednez\u00e9k (karotinoidok).<\/p>\n<p><strong>BCAA 4:1:1 \u00cdzes\u00edtetlen:<\/strong>L-Leucin, L-Izoleucin, L-Valin 4:1:1 ar\u00e1nyban.<\/p>\n<h2>Javasolt fogyaszt\u00e1s<\/h2>\n<p>Keverj \u00f6ssze 3\/4 adagol\u00f3kan\u00e1lnyit (6 g) 200-250 ml v\u00edzzel \u00e9s fogyaszd el azonnal. Fogyaszd naponta 1-2 alkalommal.<\/p>","protected":false},"excerpt":{"rendered":"<p>A\u00a0<strong>BCAA 4:1:1 Instant<\/strong>\u00a0egy j\u00f3l old\u00f3d\u00f3 por, amely\u00a0<strong>el\u00e1gaz\u00f3 l\u00e1nc\u00fa aminosavakat<\/strong>\u00a0tartalmaz<strong>\u00a0l-leucin, l-izoleucin<\/strong>\u00a0and\u00a0<strong>l-valin<\/strong>\u00a0form\u00e1j\u00e1ban. V\u00edzzel \u00f6sszekeverve friss\u00edt\u0151 italt alkot, amely ide\u00e1lis edz\u00e9s k\u00f6zben \u00e9s ut\u00e1n. Alkalmas\u00a0<strong>er\u0151- \u00e9s \u00e1ll\u00f3k\u00e9pess\u00e9gi sportol\u00f3k<\/strong>\u00a0sz\u00e1m\u00e1ra.<\/p>","protected":false},"featured_media":15957,"comment_status":"open","ping_status":"closed","template":"","meta":[],"product_brand":[322],"product_cat":[756],"product_tag":[],"class_list":{"0":"post-15956","1":"product","2":"type-product","3":"status-publish","4":"has-post-thumbnail","6":"product_brand-gymbeam","7":"product_cat-eronlet-es-melegites","9":"first","10":"instock","11":"taxable","12":"shipping-taxable","13":"purchasable","14":"product-type-variable"},"yoast_head":"<!-- This site is optimized with the Yoast SEO plugin v27.2 - https:\/\/yoast.com\/product\/yoast-seo-wordpress\/ -->\n<title>BCAA 4:1:1-Gymbeam | Allez Fencing<\/title>\n<meta name=\"robots\" content=\"index, follow, max-snippet:-1, max-image-preview:large, max-video-preview:-1\" \/>\n<link rel=\"canonical\" href=\"https:\/\/allezfencing.eu\/en\/webshop\/eronlet-es-melegites\/bcaa-411-gymbeam\/\" \/>\n<meta property=\"og:locale\" content=\"en_GB\" \/>\n<meta property=\"og:type\" content=\"article\" \/>\n<meta property=\"og:title\" content=\"BCAA 4:1:1-Gymbeam | Allez Fencing\" \/>\n<meta property=\"og:description\" content=\"A\u00a0BCAA 4:1:1 Instant\u00a0egy j\u00f3l old\u00f3d\u00f3 por, amely\u00a0el\u00e1gaz\u00f3 l\u00e1nc\u00fa aminosavakat\u00a0tartalmaz\u00a0l-leucin, l-izoleucin\u00a0\u00e9s\u00a0l-valin\u00a0form\u00e1j\u00e1ban. V\u00edzzel \u00f6sszekeverve friss\u00edt\u0151 italt alkot, amely ide\u00e1lis edz\u00e9s k\u00f6zben \u00e9s ut\u00e1n. Alkalmas\u00a0er\u0151- \u00e9s \u00e1ll\u00f3k\u00e9pess\u00e9gi sportol\u00f3k\u00a0sz\u00e1m\u00e1ra.\" \/>\n<meta property=\"og:url\" content=\"https:\/\/allezfencing.eu\/en\/webshop\/eronlet-es-melegites\/bcaa-411-gymbeam\/\" \/>\n<meta property=\"og:site_name\" content=\"Allez Fencing\" \/>\n<meta property=\"article:publisher\" content=\"https:\/\/www.facebook.com\/panamaetetohajo\" \/>\n<meta property=\"article:modified_time\" content=\"2026-01-06T10:49:20+00:00\" \/>\n<meta property=\"og:image\" content=\"https:\/\/allezfencing.eu\/wp-content\/uploads\/2025\/12\/gymbbcaa_1.jpg\" \/>\n\t<meta property=\"og:image:width\" content=\"1200\" \/>\n\t<meta property=\"og:image:height\" content=\"1200\" \/>\n\t<meta property=\"og:image:type\" content=\"image\/jpeg\" \/>\n<meta name=\"twitter:card\" content=\"summary_large_image\" \/>\n<meta name=\"twitter:label1\" content=\"Estimated reading time\" \/>\n\t<meta name=\"twitter:data1\" content=\"3 minutes\" \/>\n<script type=\"application\/ld+json\" class=\"yoast-schema-graph\">{\"@context\":\"https:\/\/schema.org\",\"@graph\":[{\"@type\":\"WebPage\",\"@id\":\"https:\/\/allezfencing.eu\/webshop\/eronlet-es-melegites\/bcaa-411-gymbeam\/\",\"url\":\"https:\/\/allezfencing.eu\/webshop\/eronlet-es-melegites\/bcaa-411-gymbeam\/\",\"name\":\"BCAA 4:1:1-Gymbeam | Allez Fencing\",\"isPartOf\":{\"@id\":\"https:\/\/allezfencing.eu\/#website\"},\"primaryImageOfPage\":{\"@id\":\"https:\/\/allezfencing.eu\/webshop\/eronlet-es-melegites\/bcaa-411-gymbeam\/#primaryimage\"},\"image\":{\"@id\":\"https:\/\/allezfencing.eu\/webshop\/eronlet-es-melegites\/bcaa-411-gymbeam\/#primaryimage\"},\"thumbnailUrl\":\"https:\/\/allezfencing.eu\/wp-content\/uploads\/2025\/12\/gymbbcaa_1.jpg\",\"datePublished\":\"2025-12-08T18:06:34+00:00\",\"dateModified\":\"2026-01-06T10:49:20+00:00\",\"breadcrumb\":{\"@id\":\"https:\/\/allezfencing.eu\/webshop\/eronlet-es-melegites\/bcaa-411-gymbeam\/#breadcrumb\"},\"inLanguage\":\"en-GB\",\"potentialAction\":[{\"@type\":\"ReadAction\",\"target\":[\"https:\/\/allezfencing.eu\/webshop\/eronlet-es-melegites\/bcaa-411-gymbeam\/\"]}]},{\"@type\":\"ImageObject\",\"inLanguage\":\"en-GB\",\"@id\":\"https:\/\/allezfencing.eu\/webshop\/eronlet-es-melegites\/bcaa-411-gymbeam\/#primaryimage\",\"url\":\"https:\/\/allezfencing.eu\/wp-content\/uploads\/2025\/12\/gymbbcaa_1.jpg\",\"contentUrl\":\"https:\/\/allezfencing.eu\/wp-content\/uploads\/2025\/12\/gymbbcaa_1.jpg\",\"width\":1200,\"height\":1200},{\"@type\":\"BreadcrumbList\",\"@id\":\"https:\/\/allezfencing.eu\/webshop\/eronlet-es-melegites\/bcaa-411-gymbeam\/#breadcrumb\",\"itemListElement\":[{\"@type\":\"ListItem\",\"position\":1,\"name\":\"Kezd\u0151lap\",\"item\":\"https:\/\/allezfencing.eu\/\"},{\"@type\":\"ListItem\",\"position\":2,\"name\":\"Webshop\",\"item\":\"https:\/\/allezfencing.eu\/webshop\/\"},{\"@type\":\"ListItem\",\"position\":3,\"name\":\"ER\u0150NL\u00c9T \u00c9S MELEG\u00cdT\u00c9S\",\"item\":\"https:\/\/allezfencing.eu\/termekkategoria\/eronlet-es-melegites\/\"},{\"@type\":\"ListItem\",\"position\":4,\"name\":\"BCAA 4:1:1-Gymbeam\"}]},{\"@type\":\"WebSite\",\"@id\":\"https:\/\/allezfencing.eu\/#website\",\"url\":\"https:\/\/allezfencing.eu\/\",\"name\":\"Allez Fencing\",\"description\":\"Minden ami v\u00edv\u00e1s\",\"publisher\":{\"@id\":\"https:\/\/allezfencing.eu\/#organization\"},\"potentialAction\":[{\"@type\":\"SearchAction\",\"target\":{\"@type\":\"EntryPoint\",\"urlTemplate\":\"https:\/\/allezfencing.eu\/?s={search_term_string}\"},\"query-input\":{\"@type\":\"PropertyValueSpecification\",\"valueRequired\":true,\"valueName\":\"search_term_string\"}}],\"inLanguage\":\"en-GB\"},{\"@type\":\"Organization\",\"@id\":\"https:\/\/allezfencing.eu\/#organization\",\"name\":\"Panama Etet\u0151haj\u00f3k\",\"url\":\"https:\/\/allezfencing.eu\/\",\"logo\":{\"@type\":\"ImageObject\",\"inLanguage\":\"en-GB\",\"@id\":\"https:\/\/allezfencing.eu\/#\/schema\/logo\/image\/\",\"url\":\"https:\/\/allezfencing.eu\/wp-content\/uploads\/2025\/03\/etetohajo.eu-panama-site-icon.webp\",\"contentUrl\":\"https:\/\/allezfencing.eu\/wp-content\/uploads\/2025\/03\/etetohajo.eu-panama-site-icon.webp\",\"width\":512,\"height\":512,\"caption\":\"Panama Etet\u0151haj\u00f3k\"},\"image\":{\"@id\":\"https:\/\/allezfencing.eu\/#\/schema\/logo\/image\/\"},\"sameAs\":[\"https:\/\/www.facebook.com\/panamaetetohajo\"]}]}<\/script>\n<!-- \/ Yoast SEO plugin. -->","yoast_head_json":{"title":"BCAA 4:1:1-Gymbeam | Allez Fencing","robots":{"index":"index","follow":"follow","max-snippet":"max-snippet:-1","max-image-preview":"max-image-preview:large","max-video-preview":"max-video-preview:-1"},"canonical":"https:\/\/allezfencing.eu\/en\/webshop\/eronlet-es-melegites\/bcaa-411-gymbeam\/","og_locale":"en_GB","og_type":"article","og_title":"BCAA 4:1:1-Gymbeam | Allez Fencing","og_description":"A\u00a0BCAA 4:1:1 Instant\u00a0egy j\u00f3l old\u00f3d\u00f3 por, amely\u00a0el\u00e1gaz\u00f3 l\u00e1nc\u00fa aminosavakat\u00a0tartalmaz\u00a0l-leucin, l-izoleucin\u00a0\u00e9s\u00a0l-valin\u00a0form\u00e1j\u00e1ban. V\u00edzzel \u00f6sszekeverve friss\u00edt\u0151 italt alkot, amely ide\u00e1lis edz\u00e9s k\u00f6zben \u00e9s ut\u00e1n. Alkalmas\u00a0er\u0151- \u00e9s \u00e1ll\u00f3k\u00e9pess\u00e9gi sportol\u00f3k\u00a0sz\u00e1m\u00e1ra.","og_url":"https:\/\/allezfencing.eu\/en\/webshop\/eronlet-es-melegites\/bcaa-411-gymbeam\/","og_site_name":"Allez Fencing","article_publisher":"https:\/\/www.facebook.com\/panamaetetohajo","article_modified_time":"2026-01-06T10:49:20+00:00","og_image":[{"width":1200,"height":1200,"url":"https:\/\/allezfencing.eu\/wp-content\/uploads\/2025\/12\/gymbbcaa_1.jpg","type":"image\/jpeg"}],"twitter_card":"summary_large_image","twitter_misc":{"Estimated reading time":"3 minutes"},"schema":{"@context":"https:\/\/schema.org","@graph":[{"@type":"WebPage","@id":"https:\/\/allezfencing.eu\/webshop\/eronlet-es-melegites\/bcaa-411-gymbeam\/","url":"https:\/\/allezfencing.eu\/webshop\/eronlet-es-melegites\/bcaa-411-gymbeam\/","name":"BCAA 4:1:1-Gymbeam | Allez Fencing","isPartOf":{"@id":"https:\/\/allezfencing.eu\/#website"},"primaryImageOfPage":{"@id":"https:\/\/allezfencing.eu\/webshop\/eronlet-es-melegites\/bcaa-411-gymbeam\/#primaryimage"},"image":{"@id":"https:\/\/allezfencing.eu\/webshop\/eronlet-es-melegites\/bcaa-411-gymbeam\/#primaryimage"},"thumbnailUrl":"https:\/\/allezfencing.eu\/wp-content\/uploads\/2025\/12\/gymbbcaa_1.jpg","datePublished":"2025-12-08T18:06:34+00:00","dateModified":"2026-01-06T10:49:20+00:00","breadcrumb":{"@id":"https:\/\/allezfencing.eu\/webshop\/eronlet-es-melegites\/bcaa-411-gymbeam\/#breadcrumb"},"inLanguage":"en-GB","potentialAction":[{"@type":"ReadAction","target":["https:\/\/allezfencing.eu\/webshop\/eronlet-es-melegites\/bcaa-411-gymbeam\/"]}]},{"@type":"ImageObject","inLanguage":"en-GB","@id":"https:\/\/allezfencing.eu\/webshop\/eronlet-es-melegites\/bcaa-411-gymbeam\/#primaryimage","url":"https:\/\/allezfencing.eu\/wp-content\/uploads\/2025\/12\/gymbbcaa_1.jpg","contentUrl":"https:\/\/allezfencing.eu\/wp-content\/uploads\/2025\/12\/gymbbcaa_1.jpg","width":1200,"height":1200},{"@type":"BreadcrumbList","@id":"https:\/\/allezfencing.eu\/webshop\/eronlet-es-melegites\/bcaa-411-gymbeam\/#breadcrumb","itemListElement":[{"@type":"ListItem","position":1,"name":"Kezd\u0151lap","item":"https:\/\/allezfencing.eu\/"},{"@type":"ListItem","position":2,"name":"Webshop","item":"https:\/\/allezfencing.eu\/webshop\/"},{"@type":"ListItem","position":3,"name":"ER\u0150NL\u00c9T \u00c9S MELEG\u00cdT\u00c9S","item":"https:\/\/allezfencing.eu\/termekkategoria\/eronlet-es-melegites\/"},{"@type":"ListItem","position":4,"name":"BCAA 4:1:1-Gymbeam"}]},{"@type":"WebSite","@id":"https:\/\/allezfencing.eu\/#website","url":"https:\/\/allezfencing.eu\/","name":"Allez Fencing","description":"Minden ami v\u00edv\u00e1s","publisher":{"@id":"https:\/\/allezfencing.eu\/#organization"},"potentialAction":[{"@type":"SearchAction","target":{"@type":"EntryPoint","urlTemplate":"https:\/\/allezfencing.eu\/?s={search_term_string}"},"query-input":{"@type":"PropertyValueSpecification","valueRequired":true,"valueName":"search_term_string"}}],"inLanguage":"en-GB"},{"@type":"Organization","@id":"https:\/\/allezfencing.eu\/#organization","name":"Panama Feeding boats","url":"https:\/\/allezfencing.eu\/","logo":{"@type":"ImageObject","inLanguage":"en-GB","@id":"https:\/\/allezfencing.eu\/#\/schema\/logo\/image\/","url":"https:\/\/allezfencing.eu\/wp-content\/uploads\/2025\/03\/etetohajo.eu-panama-site-icon.webp","contentUrl":"https:\/\/allezfencing.eu\/wp-content\/uploads\/2025\/03\/etetohajo.eu-panama-site-icon.webp","width":512,"height":512,"caption":"Panama Etet\u0151haj\u00f3k"},"image":{"@id":"https:\/\/allezfencing.eu\/#\/schema\/logo\/image\/"},"sameAs":["https:\/\/www.facebook.com\/panamaetetohajo"]}]}},"_links":{"self":[{"href":"https:\/\/allezfencing.eu\/en\/wp-json\/wp\/v2\/product\/15956","targetHints":{"allow":["GET"]}}],"collection":[{"href":"https:\/\/allezfencing.eu\/en\/wp-json\/wp\/v2\/product"}],"about":[{"href":"https:\/\/allezfencing.eu\/en\/wp-json\/wp\/v2\/types\/product"}],"replies":[{"embeddable":true,"href":"https:\/\/allezfencing.eu\/en\/wp-json\/wp\/v2\/comments?post=15956"}],"version-history":[{"count":2,"href":"https:\/\/allezfencing.eu\/en\/wp-json\/wp\/v2\/product\/15956\/revisions"}],"predecessor-version":[{"id":17674,"href":"https:\/\/allezfencing.eu\/en\/wp-json\/wp\/v2\/product\/15956\/revisions\/17674"}],"wp:featuredmedia":[{"embeddable":true,"href":"https:\/\/allezfencing.eu\/en\/wp-json\/wp\/v2\/media\/15957"}],"wp:attachment":[{"href":"https:\/\/allezfencing.eu\/en\/wp-json\/wp\/v2\/media?parent=15956"}],"wp:term":[{"taxonomy":"product_brand","embeddable":true,"href":"https:\/\/allezfencing.eu\/en\/wp-json\/wp\/v2\/product_brand?post=15956"},{"taxonomy":"product_cat","embeddable":true,"href":"https:\/\/allezfencing.eu\/en\/wp-json\/wp\/v2\/product_cat?post=15956"},{"taxonomy":"product_tag","embeddable":true,"href":"https:\/\/allezfencing.eu\/en\/wp-json\/wp\/v2\/product_tag?post=15956"}],"curies":[{"name":"wp","href":"https:\/\/api.w.org\/{rel}","templated":true}]}}