{"id":15958,"date":"2025-12-08T19:06:34","date_gmt":"2025-12-08T18:06:34","guid":{"rendered":"https:\/\/infiniteq.org\/webshop\/nem-kategorizalt\/asap-complete-bar-gymbeam\/"},"modified":"2026-01-06T11:45:14","modified_gmt":"2026-01-06T10:45:14","slug":"asap-complete-bar-gymbeam","status":"publish","type":"product","link":"https:\/\/allezfencing.eu\/en\/webshop\/eronlet-es-melegites\/asap-complete-bar-gymbeam\/","title":{"rendered":"ASAP Complete Bar-Gymbeam"},"content":{"rendered":"<h1>ASAP Complete Bar &#8211; komplex feh\u00e9rjeszelet finom \u00edzzel \u00e9s nagyszer\u0171 t\u00e1panyagprofillal<\/h1>\n<p>Az\u00a0<strong>ASAP Complete Bar<\/strong>\u00a0egy ellen\u00e1llhatatlan,\u00a0<strong>feh\u00e9rjeszelet rostokkal,<\/strong>\u00a0amely tejes \u00edz\u00e9vel elvar\u00e1zso. \u00cdzl\u00e9st\u0151l f\u00fcgg\u0151en<strong>\u00a0csokol\u00e1d\u00e9val vagy gy\u00fcm\u00f6lcs\u00f6kkel<\/strong>\u00a0eg\u00e9sz\u00fcl ki\u00a0<strong>fagyasztva sz\u00e1r\u00edtott fekete ribizli \u00e9s eper<\/strong>\u00a0darabk\u00e1k form\u00e1j\u00e1ban. Nem hi\u00e1nyzik azonban a nagyszer\u0171 t\u00e1panyagprofil sem, amelyben a\u00a0<strong>magas feh\u00e9rjetartalom<\/strong>\u00a0domin\u00e1l, \u00edgy hozz\u00e1j\u00e1rul az\u00a0<strong>izomt\u00f6meg n\u00f6vel\u00e9shez \u00e9s -fenntart\u00e1shoz,<\/strong>\u00a0valamint a csontok eg\u00e9szs\u00e9g\u00e9hez. Egy szelet \u00edzes\u00edt\u00e9st\u0151l f\u00fcgg\u0151en\u00a0<strong>29-30 g feh\u00e9rj\u00e9t<\/strong>\u00a0tartalmaz. Forr\u00e1sa\u00a0<strong>tej \u00e9s tejsav\u00f3 koncentr\u00e1tum,<\/strong>\u00a0ami\u00a0<strong>kiv\u00e1l\u00f3 aminosavspektrumot<\/strong>\u00a0jelent.<\/p>\n<p>A t\u00e1panyag\u00f6sszet\u00e9telt\u00a0<strong>kiv\u00e1lasztott vitaminok \u00e9s vas<\/strong>\u00a0is kieg\u00e9sz\u00edtik. A sportol\u00f3k \u00e9s az akt\u00edv \u00e9letm\u00f3d kedvel\u0151i biztosan \u00e9rt\u00e9kelni fogj\u00e1k a vasat, a niacint (B3-vitamin), a B6-vitamint (piridoxin), \u00e9s a B12-vitamint (cianokobalamin), amelyek\u00a0<strong>hozz\u00e1j\u00e1rulnak a f\u00e1radts\u00e1g \u00e9s a kimer\u00fclts\u00e9g cs\u00f6kkent\u00e9s\u00e9hez.<\/strong>\u00a0Emellett a megfelel\u0151\u00a0<strong>energia-anyagcser\u00e9t is seg\u00edtik az energiatermel\u00e9shez,<\/strong>\u00a0amit azt\u00e1n eg\u00e9sz nap felhaszn\u00e1lunk, legyen sz\u00f3 edz\u00e9sr\u0151l, munkahelyi feladatokr\u00f3l vagy szabadid\u0151s tev\u00e9kenys\u00e9gekr\u0151l. A k\u00e9sz\u00edtm\u00e9nyben lev\u0151 D-vitamin is hasznos, amely seg\u00edt az\u00a0<strong>eg\u00e9szs\u00e9ges csontozat<\/strong>\u00a0fenntart\u00e1s\u00e1ban, valamint\u00a0<strong>az izmok \u00e9s az immunrendszer megfelel\u0151 m\u0171k\u00f6d\u00e9s\u00e9ben.<\/strong><\/p>\n<p>Az\u00a0<strong>ASAP Complete Bar<\/strong>\u00a0egy fitt szelet, amelyet a nap b\u00e1rmely szakasz\u00e1ban fogyaszthatsz.\u00a0<strong>Glut\u00e9n- \u00e9s GMO-mentes,<\/strong>\u00a0r\u00e1ad\u00e1sul kompakt. \u00cdgy nagyszer\u0171 partner lesz<strong>\u00a0\u00fatk\u00f6zben \u00e9s t\u00far\u00e1z\u00e1s k\u00f6zben.<\/strong>\u00a0K\u00fcl\u00f6n\u00f6sen a sportol\u00f3k fogj\u00e1k \u00e9rt\u00e9kelni, mivel min\u0151s\u00e9gi feh\u00e9rjeforr\u00e1sk\u00e9nt\u00a0<strong>alkalmas edz\u00e9s ut\u00e1ni snacknek.<\/strong>\u00a0Uzsonnak\u00e9nt\u00a0<strong>az iskol\u00e1ban vagy a munkahelyen<\/strong>\u00a0is alkalmas, \u00e9s akkor is, ha v\u00e1ratlanul \u00e9hs\u00e9g t\u00f6r r\u00e1d, \u00e9s min\u00e9l el\u0151bb le szeretn\u00e9d k\u00fczdeni!<\/p>\n<h2>Az ASAP Complete szelet el\u0151nyei<\/h2>\n<ul>\n<li aria-level=\"1\">glut\u00e9nmentes feh\u00e9rjeszelet<\/li>\n<li aria-level=\"1\">komplex t\u00e1panyagprofil<\/li>\n<li aria-level=\"1\">finom tejes \u00edz<\/li>\n<li aria-level=\"1\">erdei gy\u00fcm\u00f6lcs \u00edz\u0171, fagyasztva sz\u00e1r\u00edtott ribizli \u00e9s eper darabk\u00e1kkal<\/li>\n<li aria-level=\"1\">magas feh\u00e9rjetartalom (29-30 g szeletenk\u00e9nt, \u00edzes\u00edt\u00e9st\u0151l f\u00fcgg\u0151en)<\/li>\n<li aria-level=\"1\">gazdag rostokban<\/li>\n<li aria-level=\"1\">v\u00e1logatott vitaminokkal \u00e9s vassal gazdag\u00edtva<\/li>\n<li aria-level=\"1\">a feh\u00e9rj\u00e9nek k\u00f6sz\u00f6nhet\u0151en hozz\u00e1j\u00e1rul az izmok fenntart\u00e1s\u00e1hoz \u00e9s n\u00f6veked\u00e9s\u00e9hez<\/li>\n<li aria-level=\"1\">a feh\u00e9rje hat\u00e1ssal van a csontok eg\u00e9szs\u00e9g\u00e9nek fenntart\u00e1s\u00e1ra<\/li>\n<li aria-level=\"1\">a vas, a niacin, a B6- \u00e9s B12-vitamin hozz\u00e1j\u00e1rulnak a f\u00e1radts\u00e1g \u00e9s a kimer\u00fclts\u00e9g cs\u00f6kkent\u00e9s\u00e9hez<\/li>\n<li aria-level=\"1\">a vasnak, niacinnak, B6-vitaminnak \u00e9s B12-vitaminnak k\u00f6sz\u00f6nhet\u0151en seg\u00edt az energia-anyagcser\u00e9ben<\/li>\n<li aria-level=\"1\">a benne l\u00e9v\u0151 D-vitamin hozz\u00e1j\u00e1rul a csontok eg\u00e9szs\u00e9g\u00e9nek meg\u0151rz\u00e9s\u00e9hez<\/li>\n<li aria-level=\"1\">a D-vitaminnak k\u00f6sz\u00f6nhet\u0151en hozz\u00e1j\u00e1rul az izmok \u00e9s az immunrendszer megfelel\u0151 m\u0171k\u00f6d\u00e9s\u00e9hez<\/li>\n<li aria-level=\"1\">nem tartalmaz GMO-t<\/li>\n<\/ul>\n<h2>\u00d6sszetev\u0151k<\/h2>\n<p><strong>Csokol\u00e1d\u00e9 \u00edz:\u00a0<\/strong>Feh\u00e9rje kever\u00e9k 36% {<strong>tej<\/strong>feh\u00e9rje koncentr\u00e1tum,\u00a0<strong>tejsav\u00f3<\/strong>\u00a0feh\u00e9rje koncentr\u00e1tum [<strong>tejsav\u00f3\u00a0<\/strong>feh\u00e9rje koncentr\u00e1tum, emulge\u00e1l\u00f3szer (lecitinek)]},\u00a0<strong>tej<\/strong>csokol\u00e1d\u00e9 cukorral 20% [cukor, kaka\u00f3vaj,\u00a0<strong>teljes tejpor<\/strong>, cs\u00f6kkentett zs\u00edrtartalm\u00fa kaka\u00f3por, emulge\u00e1l\u00f3szer (lecitin), aroma], nedves\u00edt\u0151szer (glicerin), \u00e9des\u00edt\u0151szer (maltit), cik\u00f3riagy\u00f6k\u00e9r rost, repceolaj, v\u00edz, cs\u00f6kkentett zs\u00edrtartalm\u00fa kaka\u00f3por 2,8% [cs\u00f6kkentett zs\u00edrtartalm\u00fa kaka\u00f3por, savany\u00fas\u00e1got szab\u00e1lyoz\u00f3 anyag (k\u00e1lium-karbon\u00e1tok)], glut\u00e9nmentes zabpehely 2,1%, term\u00e9szetes arom\u00e1k, emulge\u00e1l\u00f3szer (lecitin), antioxid\u00e1ns (tokoferol-kivonat), vitaminok \u00e9s \u00e1sv\u00e1nyi anyagok el\u0151kever\u00e9ke [B12-vitamin (cianokobalamin), folsav (pteroilmonoglutaminsav), D-vitamin (kolekalciferol), vasfumar\u00e1t, niacin (nikotinamid), B6-vitamin (piridoxin-hidroklorid), E-vitamin (D-alfa-tokoferil-acet\u00e1t)].<\/p>\n<p><strong>Erdei gy\u00fcm\u00f6lcs \u00edz:\u00a0<\/strong>35% feh\u00e9rje kever\u00e9k {<strong>tej<\/strong>feh\u00e9rje koncentr\u00e1tum,\u00a0<strong>tejsav\u00f3<\/strong>\u00a0feh\u00e9rje koncentr\u00e1tum [<strong>tejsav\u00f3<\/strong>\u00a0feh\u00e9rje koncentr\u00e1tum, emulge\u00e1l\u00f3szer (lecitinek)]},\u00a0<strong>tej<\/strong>csokol\u00e1d\u00e9 cukorral 20% [cukor, kaka\u00f3vaj,\u00a0<strong>teljes tejpor<\/strong>, cs\u00f6kkentett zs\u00edrtartalm\u00fa kaka\u00f3por, emulge\u00e1l\u00f3szer (lecitinek), aroma], \u00e9des\u00edt\u0151szer (maltit), nedves\u00edt\u0151szer (glicerin), cik\u00f3riagy\u00f6k\u00e9r rost, repceolaj, v\u00edz, glut\u00e9nmentes zabpehely 1 db.9%, fagyasztva sz\u00e1r\u00edtott fekete ribizli darabok 1.3%, fagyasztva sz\u00e1r\u00edtott eper darabok 1%, term\u00e9szetes aroma, emulge\u00e1l\u00f3szer (lecitin), antioxid\u00e1ns (tokoferol-kivonat), vitaminok \u00e9s \u00e1sv\u00e1nyi anyagok el\u0151kever\u00e9ke [B12-vitamin (cianokobalamin), folsav (pteroilmonoglutaminsav), D-vitamin (kolekalciferol), vasfumar\u00e1t, niacin (nikotinamid), B6-vitamin (piridoxin-hidroklorid), E-vitamin (D-alfa-tokoferil-acet\u00e1t)].<\/p>\n","protected":false},"excerpt":{"rendered":"<p>Az<strong>\u00a0ASAP Complete Bar<\/strong>\u00a0egy \u00edzletes, g<strong>lut\u00e9nmentes feh\u00e9rjeszelet, amely kiegyens\u00falyozott t\u00e1panyagar\u00e1nyt<\/strong>\u00a0biztos\u00edt, \u00e9l\u00e9n a<strong>\u00a0magas feh\u00e9rje-<\/strong>\u00a0\u00e9s rosttartalommal. Ellen\u00e1llhatatlan tejes \u00edzzel cs\u00e1b\u00edt, amelyet \u00edzl\u00e9st\u0151l f\u00fcgg\u0151en csokol\u00e1d\u00e9 vagy fagyasztva sz\u00e1r\u00edtott gy\u00fcm\u00f6lcs eg\u00e9sz\u00edt ki. Komplex \u00f6sszet\u00e9tel\u00e9t v\u00e1logatott\u00a0<strong>vitaminok \u00e9s vas<\/strong>\u00a0teszik teljess\u00e9. Fogyaszthatod edz\u00e9s ut\u00e1ni nassolnival\u00f3k\u00e9nt vagy a nap b\u00e1rmely szakasz\u00e1ban, \u00e9s\u00a0<strong>m\u00e1r az els\u0151 falatn\u00e1l elnyeri a tetsz\u00e9sed.<\/strong><\/p>","protected":false},"featured_media":15959,"comment_status":"open","ping_status":"closed","template":"","meta":[],"product_brand":[322],"product_cat":[756],"product_tag":[],"class_list":{"0":"post-15958","1":"product","2":"type-product","3":"status-publish","4":"has-post-thumbnail","6":"product_brand-gymbeam","7":"product_cat-eronlet-es-melegites","9":"first","10":"instock","11":"taxable","12":"shipping-taxable","13":"purchasable","14":"product-type-variable"},"yoast_head":"<!-- This site is optimized with the Yoast SEO plugin v27.2 - https:\/\/yoast.com\/product\/yoast-seo-wordpress\/ -->\n<title>ASAP Complete Bar-Gymbeam | Allez Fencing<\/title>\n<meta name=\"robots\" content=\"index, follow, max-snippet:-1, max-image-preview:large, max-video-preview:-1\" \/>\n<link rel=\"canonical\" href=\"https:\/\/allezfencing.eu\/en\/webshop\/eronlet-es-melegites\/asap-complete-bar-gymbeam\/\" \/>\n<meta property=\"og:locale\" content=\"en_GB\" \/>\n<meta property=\"og:type\" content=\"article\" \/>\n<meta property=\"og:title\" content=\"ASAP Complete Bar-Gymbeam | Allez Fencing\" \/>\n<meta property=\"og:description\" content=\"Az\u00a0ASAP Complete Bar\u00a0egy \u00edzletes, glut\u00e9nmentes feh\u00e9rjeszelet, amely kiegyens\u00falyozott t\u00e1panyagar\u00e1nyt\u00a0biztos\u00edt, \u00e9l\u00e9n a\u00a0magas feh\u00e9rje-\u00a0\u00e9s rosttartalommal. Ellen\u00e1llhatatlan tejes \u00edzzel cs\u00e1b\u00edt, amelyet \u00edzl\u00e9st\u0151l f\u00fcgg\u0151en csokol\u00e1d\u00e9 vagy fagyasztva sz\u00e1r\u00edtott gy\u00fcm\u00f6lcs eg\u00e9sz\u00edt ki. Komplex \u00f6sszet\u00e9tel\u00e9t v\u00e1logatott\u00a0vitaminok \u00e9s vas\u00a0teszik teljess\u00e9. Fogyaszthatod edz\u00e9s ut\u00e1ni nassolnival\u00f3k\u00e9nt vagy a nap b\u00e1rmely szakasz\u00e1ban, \u00e9s\u00a0m\u00e1r az els\u0151 falatn\u00e1l elnyeri a tetsz\u00e9sed.\" \/>\n<meta property=\"og:url\" content=\"https:\/\/allezfencing.eu\/en\/webshop\/eronlet-es-melegites\/asap-complete-bar-gymbeam\/\" \/>\n<meta property=\"og:site_name\" content=\"Allez Fencing\" \/>\n<meta property=\"article:publisher\" content=\"https:\/\/www.facebook.com\/panamaetetohajo\" \/>\n<meta property=\"article:modified_time\" content=\"2026-01-06T10:45:14+00:00\" \/>\n<meta property=\"og:image\" content=\"https:\/\/allezfencing.eu\/wp-content\/uploads\/2025\/12\/gymbasap.jpg\" \/>\n\t<meta property=\"og:image:width\" content=\"1200\" \/>\n\t<meta property=\"og:image:height\" content=\"1200\" \/>\n\t<meta property=\"og:image:type\" content=\"image\/jpeg\" \/>\n<meta name=\"twitter:card\" content=\"summary_large_image\" \/>\n<meta name=\"twitter:label1\" content=\"Estimated reading time\" \/>\n\t<meta name=\"twitter:data1\" content=\"3 minutes\" \/>\n<script type=\"application\/ld+json\" class=\"yoast-schema-graph\">{\"@context\":\"https:\/\/schema.org\",\"@graph\":[{\"@type\":\"WebPage\",\"@id\":\"https:\/\/allezfencing.eu\/webshop\/eronlet-es-melegites\/asap-complete-bar-gymbeam\/\",\"url\":\"https:\/\/allezfencing.eu\/webshop\/eronlet-es-melegites\/asap-complete-bar-gymbeam\/\",\"name\":\"ASAP Complete Bar-Gymbeam | Allez Fencing\",\"isPartOf\":{\"@id\":\"https:\/\/allezfencing.eu\/#website\"},\"primaryImageOfPage\":{\"@id\":\"https:\/\/allezfencing.eu\/webshop\/eronlet-es-melegites\/asap-complete-bar-gymbeam\/#primaryimage\"},\"image\":{\"@id\":\"https:\/\/allezfencing.eu\/webshop\/eronlet-es-melegites\/asap-complete-bar-gymbeam\/#primaryimage\"},\"thumbnailUrl\":\"https:\/\/allezfencing.eu\/wp-content\/uploads\/2025\/12\/gymbasap.jpg\",\"datePublished\":\"2025-12-08T18:06:34+00:00\",\"dateModified\":\"2026-01-06T10:45:14+00:00\",\"breadcrumb\":{\"@id\":\"https:\/\/allezfencing.eu\/webshop\/eronlet-es-melegites\/asap-complete-bar-gymbeam\/#breadcrumb\"},\"inLanguage\":\"en-GB\",\"potentialAction\":[{\"@type\":\"ReadAction\",\"target\":[\"https:\/\/allezfencing.eu\/webshop\/eronlet-es-melegites\/asap-complete-bar-gymbeam\/\"]}]},{\"@type\":\"ImageObject\",\"inLanguage\":\"en-GB\",\"@id\":\"https:\/\/allezfencing.eu\/webshop\/eronlet-es-melegites\/asap-complete-bar-gymbeam\/#primaryimage\",\"url\":\"https:\/\/allezfencing.eu\/wp-content\/uploads\/2025\/12\/gymbasap.jpg\",\"contentUrl\":\"https:\/\/allezfencing.eu\/wp-content\/uploads\/2025\/12\/gymbasap.jpg\",\"width\":1200,\"height\":1200},{\"@type\":\"BreadcrumbList\",\"@id\":\"https:\/\/allezfencing.eu\/webshop\/eronlet-es-melegites\/asap-complete-bar-gymbeam\/#breadcrumb\",\"itemListElement\":[{\"@type\":\"ListItem\",\"position\":1,\"name\":\"Kezd\u0151lap\",\"item\":\"https:\/\/allezfencing.eu\/\"},{\"@type\":\"ListItem\",\"position\":2,\"name\":\"Webshop\",\"item\":\"https:\/\/allezfencing.eu\/webshop\/\"},{\"@type\":\"ListItem\",\"position\":3,\"name\":\"ER\u0150NL\u00c9T \u00c9S MELEG\u00cdT\u00c9S\",\"item\":\"https:\/\/allezfencing.eu\/termekkategoria\/eronlet-es-melegites\/\"},{\"@type\":\"ListItem\",\"position\":4,\"name\":\"ASAP Complete Bar-Gymbeam\"}]},{\"@type\":\"WebSite\",\"@id\":\"https:\/\/allezfencing.eu\/#website\",\"url\":\"https:\/\/allezfencing.eu\/\",\"name\":\"Allez Fencing\",\"description\":\"Minden ami v\u00edv\u00e1s\",\"publisher\":{\"@id\":\"https:\/\/allezfencing.eu\/#organization\"},\"potentialAction\":[{\"@type\":\"SearchAction\",\"target\":{\"@type\":\"EntryPoint\",\"urlTemplate\":\"https:\/\/allezfencing.eu\/?s={search_term_string}\"},\"query-input\":{\"@type\":\"PropertyValueSpecification\",\"valueRequired\":true,\"valueName\":\"search_term_string\"}}],\"inLanguage\":\"en-GB\"},{\"@type\":\"Organization\",\"@id\":\"https:\/\/allezfencing.eu\/#organization\",\"name\":\"Panama Etet\u0151haj\u00f3k\",\"url\":\"https:\/\/allezfencing.eu\/\",\"logo\":{\"@type\":\"ImageObject\",\"inLanguage\":\"en-GB\",\"@id\":\"https:\/\/allezfencing.eu\/#\/schema\/logo\/image\/\",\"url\":\"https:\/\/allezfencing.eu\/wp-content\/uploads\/2025\/03\/etetohajo.eu-panama-site-icon.webp\",\"contentUrl\":\"https:\/\/allezfencing.eu\/wp-content\/uploads\/2025\/03\/etetohajo.eu-panama-site-icon.webp\",\"width\":512,\"height\":512,\"caption\":\"Panama Etet\u0151haj\u00f3k\"},\"image\":{\"@id\":\"https:\/\/allezfencing.eu\/#\/schema\/logo\/image\/\"},\"sameAs\":[\"https:\/\/www.facebook.com\/panamaetetohajo\"]}]}<\/script>\n<!-- \/ Yoast SEO plugin. -->","yoast_head_json":{"title":"ASAP Complete Bar-Gymbeam | Allez Fencing","robots":{"index":"index","follow":"follow","max-snippet":"max-snippet:-1","max-image-preview":"max-image-preview:large","max-video-preview":"max-video-preview:-1"},"canonical":"https:\/\/allezfencing.eu\/en\/webshop\/eronlet-es-melegites\/asap-complete-bar-gymbeam\/","og_locale":"en_GB","og_type":"article","og_title":"ASAP Complete Bar-Gymbeam | Allez Fencing","og_description":"Az\u00a0ASAP Complete Bar\u00a0egy \u00edzletes, glut\u00e9nmentes feh\u00e9rjeszelet, amely kiegyens\u00falyozott t\u00e1panyagar\u00e1nyt\u00a0biztos\u00edt, \u00e9l\u00e9n a\u00a0magas feh\u00e9rje-\u00a0\u00e9s rosttartalommal. Ellen\u00e1llhatatlan tejes \u00edzzel cs\u00e1b\u00edt, amelyet \u00edzl\u00e9st\u0151l f\u00fcgg\u0151en csokol\u00e1d\u00e9 vagy fagyasztva sz\u00e1r\u00edtott gy\u00fcm\u00f6lcs eg\u00e9sz\u00edt ki. Komplex \u00f6sszet\u00e9tel\u00e9t v\u00e1logatott\u00a0vitaminok \u00e9s vas\u00a0teszik teljess\u00e9. Fogyaszthatod edz\u00e9s ut\u00e1ni nassolnival\u00f3k\u00e9nt vagy a nap b\u00e1rmely szakasz\u00e1ban, \u00e9s\u00a0m\u00e1r az els\u0151 falatn\u00e1l elnyeri a tetsz\u00e9sed.","og_url":"https:\/\/allezfencing.eu\/en\/webshop\/eronlet-es-melegites\/asap-complete-bar-gymbeam\/","og_site_name":"Allez Fencing","article_publisher":"https:\/\/www.facebook.com\/panamaetetohajo","article_modified_time":"2026-01-06T10:45:14+00:00","og_image":[{"width":1200,"height":1200,"url":"https:\/\/allezfencing.eu\/wp-content\/uploads\/2025\/12\/gymbasap.jpg","type":"image\/jpeg"}],"twitter_card":"summary_large_image","twitter_misc":{"Estimated reading time":"3 minutes"},"schema":{"@context":"https:\/\/schema.org","@graph":[{"@type":"WebPage","@id":"https:\/\/allezfencing.eu\/webshop\/eronlet-es-melegites\/asap-complete-bar-gymbeam\/","url":"https:\/\/allezfencing.eu\/webshop\/eronlet-es-melegites\/asap-complete-bar-gymbeam\/","name":"ASAP Complete Bar-Gymbeam | Allez Fencing","isPartOf":{"@id":"https:\/\/allezfencing.eu\/#website"},"primaryImageOfPage":{"@id":"https:\/\/allezfencing.eu\/webshop\/eronlet-es-melegites\/asap-complete-bar-gymbeam\/#primaryimage"},"image":{"@id":"https:\/\/allezfencing.eu\/webshop\/eronlet-es-melegites\/asap-complete-bar-gymbeam\/#primaryimage"},"thumbnailUrl":"https:\/\/allezfencing.eu\/wp-content\/uploads\/2025\/12\/gymbasap.jpg","datePublished":"2025-12-08T18:06:34+00:00","dateModified":"2026-01-06T10:45:14+00:00","breadcrumb":{"@id":"https:\/\/allezfencing.eu\/webshop\/eronlet-es-melegites\/asap-complete-bar-gymbeam\/#breadcrumb"},"inLanguage":"en-GB","potentialAction":[{"@type":"ReadAction","target":["https:\/\/allezfencing.eu\/webshop\/eronlet-es-melegites\/asap-complete-bar-gymbeam\/"]}]},{"@type":"ImageObject","inLanguage":"en-GB","@id":"https:\/\/allezfencing.eu\/webshop\/eronlet-es-melegites\/asap-complete-bar-gymbeam\/#primaryimage","url":"https:\/\/allezfencing.eu\/wp-content\/uploads\/2025\/12\/gymbasap.jpg","contentUrl":"https:\/\/allezfencing.eu\/wp-content\/uploads\/2025\/12\/gymbasap.jpg","width":1200,"height":1200},{"@type":"BreadcrumbList","@id":"https:\/\/allezfencing.eu\/webshop\/eronlet-es-melegites\/asap-complete-bar-gymbeam\/#breadcrumb","itemListElement":[{"@type":"ListItem","position":1,"name":"Kezd\u0151lap","item":"https:\/\/allezfencing.eu\/"},{"@type":"ListItem","position":2,"name":"Webshop","item":"https:\/\/allezfencing.eu\/webshop\/"},{"@type":"ListItem","position":3,"name":"ER\u0150NL\u00c9T \u00c9S MELEG\u00cdT\u00c9S","item":"https:\/\/allezfencing.eu\/termekkategoria\/eronlet-es-melegites\/"},{"@type":"ListItem","position":4,"name":"ASAP Complete Bar-Gymbeam"}]},{"@type":"WebSite","@id":"https:\/\/allezfencing.eu\/#website","url":"https:\/\/allezfencing.eu\/","name":"Allez Fencing","description":"Minden ami v\u00edv\u00e1s","publisher":{"@id":"https:\/\/allezfencing.eu\/#organization"},"potentialAction":[{"@type":"SearchAction","target":{"@type":"EntryPoint","urlTemplate":"https:\/\/allezfencing.eu\/?s={search_term_string}"},"query-input":{"@type":"PropertyValueSpecification","valueRequired":true,"valueName":"search_term_string"}}],"inLanguage":"en-GB"},{"@type":"Organization","@id":"https:\/\/allezfencing.eu\/#organization","name":"Panama Feeding boats","url":"https:\/\/allezfencing.eu\/","logo":{"@type":"ImageObject","inLanguage":"en-GB","@id":"https:\/\/allezfencing.eu\/#\/schema\/logo\/image\/","url":"https:\/\/allezfencing.eu\/wp-content\/uploads\/2025\/03\/etetohajo.eu-panama-site-icon.webp","contentUrl":"https:\/\/allezfencing.eu\/wp-content\/uploads\/2025\/03\/etetohajo.eu-panama-site-icon.webp","width":512,"height":512,"caption":"Panama Etet\u0151haj\u00f3k"},"image":{"@id":"https:\/\/allezfencing.eu\/#\/schema\/logo\/image\/"},"sameAs":["https:\/\/www.facebook.com\/panamaetetohajo"]}]}},"_links":{"self":[{"href":"https:\/\/allezfencing.eu\/en\/wp-json\/wp\/v2\/product\/15958","targetHints":{"allow":["GET"]}}],"collection":[{"href":"https:\/\/allezfencing.eu\/en\/wp-json\/wp\/v2\/product"}],"about":[{"href":"https:\/\/allezfencing.eu\/en\/wp-json\/wp\/v2\/types\/product"}],"replies":[{"embeddable":true,"href":"https:\/\/allezfencing.eu\/en\/wp-json\/wp\/v2\/comments?post=15958"}],"version-history":[{"count":0,"href":"https:\/\/allezfencing.eu\/en\/wp-json\/wp\/v2\/product\/15958\/revisions"}],"wp:featuredmedia":[{"embeddable":true,"href":"https:\/\/allezfencing.eu\/en\/wp-json\/wp\/v2\/media\/15959"}],"wp:attachment":[{"href":"https:\/\/allezfencing.eu\/en\/wp-json\/wp\/v2\/media?parent=15958"}],"wp:term":[{"taxonomy":"product_brand","embeddable":true,"href":"https:\/\/allezfencing.eu\/en\/wp-json\/wp\/v2\/product_brand?post=15958"},{"taxonomy":"product_cat","embeddable":true,"href":"https:\/\/allezfencing.eu\/en\/wp-json\/wp\/v2\/product_cat?post=15958"},{"taxonomy":"product_tag","embeddable":true,"href":"https:\/\/allezfencing.eu\/en\/wp-json\/wp\/v2\/product_tag?post=15958"}],"curies":[{"name":"wp","href":"https:\/\/api.w.org\/{rel}","templated":true}]}}