{"id":15966,"date":"2025-12-08T19:06:34","date_gmt":"2025-12-08T18:06:34","guid":{"rendered":"https:\/\/infiniteq.org\/webshop\/nem-kategorizalt\/beef-protein-gymbeam\/"},"modified":"2026-01-06T11:44:25","modified_gmt":"2026-01-06T10:44:25","slug":"beef-protein-gymbeam","status":"publish","type":"product","link":"https:\/\/allezfencing.eu\/en\/webshop\/eronlet-es-melegites\/beef-protein-gymbeam\/","title":{"rendered":"Beef Protein &#8211; GymBeam"},"content":{"rendered":"<h1>A Beef Protein szarvasmarhafeh\u00e9rje-hidroliz\u00e1tumot tartalmaz, amely alacsony zs\u00edr- \u00e9s cukortartalm\u00fa<\/h1>\n<p>A\u00a0<strong>Beef Protein<\/strong>\u00a0<strong>szarvasmarhafeh\u00e9rje-hidroliz\u00e1tumot<\/strong>\u00a0tartalmaz, amely a tejfeh\u00e9rje egyik n\u00e9pszer\u0171 alternat\u00edv\u00e1ja.\u00a0<strong>Enzimatikusan lebontott (el\u0151em\u00e9sztett) feh\u00e9rjet\u00edpus.<\/strong>T\u00f6bb mint<strong>\u00a090%-os a feh\u00e9rjetartalma<\/strong>\u00a0r\u00e9v\u00e9n hozz\u00e1j\u00e1rul az\u00a0<strong>izomt\u00f6meg<\/strong>\u00a0n\u00f6vel\u00e9s\u00e9hez \u00e9s fenntart\u00e1s\u00e1hoz. Ezenk\u00edv\u00fcl a feh\u00e9rje t\u00e1mogatja a csontok norm\u00e1l eg\u00e9szs\u00e9g\u00e9nek fenntart\u00e1s\u00e1t. Ez a kieg\u00e9sz\u00edt\u0151 az olyan\u00a0<strong>esszenci\u00e1lis aminosavak<\/strong>\u00a0bevitel\u00e9ben is seg\u00edt, mint a lizin, a valin vagy a leucin.<\/p>\n<p>A Beef Protein m\u00e1sik nagy el\u0151nye m\u00e1sik el\u0151nye az<strong>\u00a0alacsony zs\u00edr- \u00e9s cukortartalma.\u00a0<\/strong>Emellett lakt\u00f3z- \u00e9s tejfeh\u00e9rje-mentes, \u00edgy azoknak is alkalmas, akik ker\u00fclik ezeket a tejterm\u00e9keket, \u00e9s m\u00e1s feh\u00e9rjeforr\u00e1st keresnek. A k\u00e9sz\u00edtm\u00e9ny j\u00f3l\u00a0<strong>old\u00f3d\u00f3 por<\/strong>\u00a0form\u00e1ban kaphat\u00f3, amit csak v\u00edzzel vagy tejjel kell \u00f6sszekeverni egy shakerben.<\/p>\n<p>A\u00a0<strong>Beef Protein<\/strong>\u00a0t\u00f6k\u00e9letes edz\u00e9s ut\u00e1ni ital, de\u00a0<strong>a nap b\u00e1rmely szakban fogyaszthat\u00f3<\/strong>\u00a0a feh\u00e9rjebevitel t\u00e1mogat\u00e1s\u00e1ra.<\/p>\n<h2>A Beef Protein el\u0151nyei<\/h2>\n<ul>\n<li>hidroliz\u00e1lt marhafeh\u00e9rje<\/li>\n<li>t\u00f6bb mint 90%-os feh\u00e9rjetartalom<\/li>\n<li>esszenci\u00e1lis aminosavak forr\u00e1sa<\/li>\n<li>alacsony zs\u00edr- \u00e9s cukortartalom<\/li>\n<li>nem tartalmaz lakt\u00f3zt \u00e9s tejfeh\u00e9rj\u00e9t<\/li>\n<li>j\u00f3l old\u00f3d\u00f3 por form\u00e1ja van<\/li>\n<li>alkalmas edz\u00e9s ut\u00e1n \u00e9s a nap b\u00e1rmely szakasz\u00e1ban<\/li>\n<li>alternat\u00edv feh\u00e9rjeforr\u00e1s<\/li>\n<li>alkalmas sportol\u00f3k \u00e9s akt\u00edv egy\u00e9nek sz\u00e1m\u00e1ra<\/li>\n<\/ul>\n<h2>\u00d6sszetev\u0151k<\/h2>\n<p><strong>Csokol\u00e1d\u00e9s \u00edzes\u00edt\u00e9s:<\/strong>\u00a0hidroliz\u00e1lt marhafeh\u00e9rje, aroma, kaka\u00f3por, \u00e9des\u00edt\u0151szer (szukral\u00f3z), sz\u00ednez\u00e9k (amm\u00f3ni\u00e1s karamell).<\/p>\n<p><strong>Van\u00edli\u00e1s \u00edzes\u00edt\u00e9s:<\/strong>\u00a0hidroliz\u00e1lt marhafeh\u00e9rje, aroma, \u00e9des\u00edt\u0151szer (szukral\u00f3z), sz\u00ednez\u00e9k (kurkumin).<\/p>\n<p><strong>S\u00f3s karamell \u00edzes\u00edt\u00e9s:<\/strong>\u00a0hidroliz\u00e1lt marhafeh\u00e9rje, aroma, s\u00f3, \u00e9des\u00edt\u0151szer (szukral\u00f3z), sz\u00ednez\u00e9k (karamell).<\/p>\n<h2>Javasolt fogyaszt\u00e1s<\/h2>\n<p>Keverj \u00f6ssze 1 adagol\u00f3kan\u00e1lnyi port (30 g) 200-300 ml v\u00edzzel. Fogyaszd naponta 1-2 alkalommal.<\/p>","protected":false},"excerpt":{"rendered":"<p>A\u00a0<strong>Beef Protein<\/strong>\u00a0egy\u00a0<strong>hidroliz\u00e1lt k\u00e9sz\u00edtm\u00e9ny por form\u00e1ban,<\/strong>\u00a0t\u00f6bb mint\u00a0<strong>90%-os feh\u00e9rjetartalommal<\/strong>.\u00a0<strong>Alacsony a zs\u00edr<\/strong>&#8211; \u00e9s\u00a0<strong>cukortartalma.<\/strong>\u00a0Ez\u00e1ltal kiv\u00e1l\u00f3 feh\u00e9rjeforr\u00e1s, amely hozz\u00e1j\u00e1rul az<strong>\u00a0izomt\u00f6meg<\/strong>\u00a0n\u00f6veked\u00e9s\u00e9hez \u00e9s fenntart\u00e1s\u00e1hoz. Ezenk\u00edv\u00fcl nem tartalmaz<strong>\u00a0lakt\u00f3zt,<\/strong>\u00a0sem<strong>\u00a0teh\u00e9ntejfeh\u00e9rj\u00e9t,<\/strong>\u00a0\u00edgy megfelel\u0151 alternat\u00edva a tejfeh\u00e9rj\u00e9t ker\u00fcl\u0151k sz\u00e1m\u00e1ra.<\/p>","protected":false},"featured_media":15967,"comment_status":"open","ping_status":"closed","template":"","meta":[],"product_brand":[322],"product_cat":[756],"product_tag":[],"class_list":{"0":"post-15966","1":"product","2":"type-product","3":"status-publish","4":"has-post-thumbnail","6":"product_brand-gymbeam","7":"product_cat-eronlet-es-melegites","9":"first","10":"instock","11":"taxable","12":"shipping-taxable","13":"purchasable","14":"product-type-variable"},"yoast_head":"<!-- This site is optimized with the Yoast SEO plugin v27.5 - https:\/\/yoast.com\/product\/yoast-seo-wordpress\/ -->\n<title>Beef Protein - GymBeam | Allez Fencing<\/title>\n<meta name=\"robots\" content=\"index, follow, max-snippet:-1, max-image-preview:large, max-video-preview:-1\" \/>\n<link rel=\"canonical\" href=\"https:\/\/allezfencing.eu\/en\/webshop\/eronlet-es-melegites\/beef-protein-gymbeam\/\" \/>\n<meta property=\"og:locale\" content=\"en_GB\" \/>\n<meta property=\"og:type\" content=\"article\" \/>\n<meta property=\"og:title\" content=\"Beef Protein - GymBeam | Allez Fencing\" \/>\n<meta property=\"og:description\" content=\"A\u00a0Beef Protein\u00a0egy\u00a0hidroliz\u00e1lt k\u00e9sz\u00edtm\u00e9ny por form\u00e1ban,\u00a0t\u00f6bb mint\u00a090%-os feh\u00e9rjetartalommal.\u00a0Alacsony a zs\u00edr- \u00e9s\u00a0cukortartalma.\u00a0Ez\u00e1ltal kiv\u00e1l\u00f3 feh\u00e9rjeforr\u00e1s, amely hozz\u00e1j\u00e1rul az\u00a0izomt\u00f6meg\u00a0n\u00f6veked\u00e9s\u00e9hez \u00e9s fenntart\u00e1s\u00e1hoz. Ezenk\u00edv\u00fcl nem tartalmaz\u00a0lakt\u00f3zt,\u00a0sem\u00a0teh\u00e9ntejfeh\u00e9rj\u00e9t,\u00a0\u00edgy megfelel\u0151 alternat\u00edva a tejfeh\u00e9rj\u00e9t ker\u00fcl\u0151k sz\u00e1m\u00e1ra.\" \/>\n<meta property=\"og:url\" content=\"https:\/\/allezfencing.eu\/en\/webshop\/eronlet-es-melegites\/beef-protein-gymbeam\/\" \/>\n<meta property=\"og:site_name\" content=\"Allez Fencing\" \/>\n<meta property=\"article:publisher\" content=\"https:\/\/www.facebook.com\/panamaetetohajo\" \/>\n<meta property=\"article:modified_time\" content=\"2026-01-06T10:44:25+00:00\" \/>\n<meta property=\"og:image\" content=\"https:\/\/allezfencing.eu\/wp-content\/uploads\/2025\/12\/beef_protein_chocolate_1000_g_gymbeam.png\" \/>\n\t<meta property=\"og:image:width\" content=\"700\" \/>\n\t<meta property=\"og:image:height\" content=\"700\" \/>\n\t<meta property=\"og:image:type\" content=\"image\/png\" \/>\n<meta name=\"twitter:card\" content=\"summary_large_image\" \/>\n<meta name=\"twitter:label1\" content=\"Estimated reading time\" \/>\n\t<meta name=\"twitter:data1\" content=\"2 minutes\" \/>\n<script type=\"application\/ld+json\" class=\"yoast-schema-graph\">{\"@context\":\"https:\\\/\\\/schema.org\",\"@graph\":[{\"@type\":\"WebPage\",\"@id\":\"https:\\\/\\\/allezfencing.eu\\\/webshop\\\/eronlet-es-melegites\\\/beef-protein-gymbeam\\\/\",\"url\":\"https:\\\/\\\/allezfencing.eu\\\/webshop\\\/eronlet-es-melegites\\\/beef-protein-gymbeam\\\/\",\"name\":\"Beef Protein - GymBeam | Allez Fencing\",\"isPartOf\":{\"@id\":\"https:\\\/\\\/allezfencing.eu\\\/#website\"},\"primaryImageOfPage\":{\"@id\":\"https:\\\/\\\/allezfencing.eu\\\/webshop\\\/eronlet-es-melegites\\\/beef-protein-gymbeam\\\/#primaryimage\"},\"image\":{\"@id\":\"https:\\\/\\\/allezfencing.eu\\\/webshop\\\/eronlet-es-melegites\\\/beef-protein-gymbeam\\\/#primaryimage\"},\"thumbnailUrl\":\"https:\\\/\\\/allezfencing.eu\\\/wp-content\\\/uploads\\\/2025\\\/12\\\/beef_protein_chocolate_1000_g_gymbeam.png\",\"datePublished\":\"2025-12-08T18:06:34+00:00\",\"dateModified\":\"2026-01-06T10:44:25+00:00\",\"breadcrumb\":{\"@id\":\"https:\\\/\\\/allezfencing.eu\\\/webshop\\\/eronlet-es-melegites\\\/beef-protein-gymbeam\\\/#breadcrumb\"},\"inLanguage\":\"en-GB\",\"potentialAction\":[{\"@type\":\"ReadAction\",\"target\":[\"https:\\\/\\\/allezfencing.eu\\\/webshop\\\/eronlet-es-melegites\\\/beef-protein-gymbeam\\\/\"]}]},{\"@type\":\"ImageObject\",\"inLanguage\":\"en-GB\",\"@id\":\"https:\\\/\\\/allezfencing.eu\\\/webshop\\\/eronlet-es-melegites\\\/beef-protein-gymbeam\\\/#primaryimage\",\"url\":\"https:\\\/\\\/allezfencing.eu\\\/wp-content\\\/uploads\\\/2025\\\/12\\\/beef_protein_chocolate_1000_g_gymbeam.png\",\"contentUrl\":\"https:\\\/\\\/allezfencing.eu\\\/wp-content\\\/uploads\\\/2025\\\/12\\\/beef_protein_chocolate_1000_g_gymbeam.png\",\"width\":700,\"height\":700},{\"@type\":\"BreadcrumbList\",\"@id\":\"https:\\\/\\\/allezfencing.eu\\\/webshop\\\/eronlet-es-melegites\\\/beef-protein-gymbeam\\\/#breadcrumb\",\"itemListElement\":[{\"@type\":\"ListItem\",\"position\":1,\"name\":\"Kezd\u0151lap\",\"item\":\"https:\\\/\\\/allezfencing.eu\\\/\"},{\"@type\":\"ListItem\",\"position\":2,\"name\":\"Webshop\",\"item\":\"https:\\\/\\\/allezfencing.eu\\\/webshop\\\/\"},{\"@type\":\"ListItem\",\"position\":3,\"name\":\"ER\u0150NL\u00c9T \u00c9S MELEG\u00cdT\u00c9S\",\"item\":\"https:\\\/\\\/allezfencing.eu\\\/termekkategoria\\\/eronlet-es-melegites\\\/\"},{\"@type\":\"ListItem\",\"position\":4,\"name\":\"Beef Protein &#8211; GymBeam\"}]},{\"@type\":\"WebSite\",\"@id\":\"https:\\\/\\\/allezfencing.eu\\\/#website\",\"url\":\"https:\\\/\\\/allezfencing.eu\\\/\",\"name\":\"Allez Fencing\",\"description\":\"Minden ami v\u00edv\u00e1s\",\"publisher\":{\"@id\":\"https:\\\/\\\/allezfencing.eu\\\/#organization\"},\"potentialAction\":[{\"@type\":\"SearchAction\",\"target\":{\"@type\":\"EntryPoint\",\"urlTemplate\":\"https:\\\/\\\/allezfencing.eu\\\/?s={search_term_string}\"},\"query-input\":{\"@type\":\"PropertyValueSpecification\",\"valueRequired\":true,\"valueName\":\"search_term_string\"}}],\"inLanguage\":\"en-GB\"},{\"@type\":\"Organization\",\"@id\":\"https:\\\/\\\/allezfencing.eu\\\/#organization\",\"name\":\"Panama Etet\u0151haj\u00f3k\",\"url\":\"https:\\\/\\\/allezfencing.eu\\\/\",\"logo\":{\"@type\":\"ImageObject\",\"inLanguage\":\"en-GB\",\"@id\":\"https:\\\/\\\/allezfencing.eu\\\/#\\\/schema\\\/logo\\\/image\\\/\",\"url\":\"https:\\\/\\\/allezfencing.eu\\\/wp-content\\\/uploads\\\/2025\\\/03\\\/etetohajo.eu-panama-site-icon.webp\",\"contentUrl\":\"https:\\\/\\\/allezfencing.eu\\\/wp-content\\\/uploads\\\/2025\\\/03\\\/etetohajo.eu-panama-site-icon.webp\",\"width\":512,\"height\":512,\"caption\":\"Panama Etet\u0151haj\u00f3k\"},\"image\":{\"@id\":\"https:\\\/\\\/allezfencing.eu\\\/#\\\/schema\\\/logo\\\/image\\\/\"},\"sameAs\":[\"https:\\\/\\\/www.facebook.com\\\/panamaetetohajo\"]}]}<\/script>\n<!-- \/ Yoast SEO plugin. -->","yoast_head_json":{"title":"Beef Protein - GymBeam | Allez Fencing","robots":{"index":"index","follow":"follow","max-snippet":"max-snippet:-1","max-image-preview":"max-image-preview:large","max-video-preview":"max-video-preview:-1"},"canonical":"https:\/\/allezfencing.eu\/en\/webshop\/eronlet-es-melegites\/beef-protein-gymbeam\/","og_locale":"en_GB","og_type":"article","og_title":"Beef Protein - GymBeam | Allez Fencing","og_description":"A\u00a0Beef Protein\u00a0egy\u00a0hidroliz\u00e1lt k\u00e9sz\u00edtm\u00e9ny por form\u00e1ban,\u00a0t\u00f6bb mint\u00a090%-os feh\u00e9rjetartalommal.\u00a0Alacsony a zs\u00edr- \u00e9s\u00a0cukortartalma.\u00a0Ez\u00e1ltal kiv\u00e1l\u00f3 feh\u00e9rjeforr\u00e1s, amely hozz\u00e1j\u00e1rul az\u00a0izomt\u00f6meg\u00a0n\u00f6veked\u00e9s\u00e9hez \u00e9s fenntart\u00e1s\u00e1hoz. Ezenk\u00edv\u00fcl nem tartalmaz\u00a0lakt\u00f3zt,\u00a0sem\u00a0teh\u00e9ntejfeh\u00e9rj\u00e9t,\u00a0\u00edgy megfelel\u0151 alternat\u00edva a tejfeh\u00e9rj\u00e9t ker\u00fcl\u0151k sz\u00e1m\u00e1ra.","og_url":"https:\/\/allezfencing.eu\/en\/webshop\/eronlet-es-melegites\/beef-protein-gymbeam\/","og_site_name":"Allez Fencing","article_publisher":"https:\/\/www.facebook.com\/panamaetetohajo","article_modified_time":"2026-01-06T10:44:25+00:00","og_image":[{"width":700,"height":700,"url":"https:\/\/allezfencing.eu\/wp-content\/uploads\/2025\/12\/beef_protein_chocolate_1000_g_gymbeam.png","type":"image\/png"}],"twitter_card":"summary_large_image","twitter_misc":{"Estimated reading time":"2 minutes"},"schema":{"@context":"https:\/\/schema.org","@graph":[{"@type":"WebPage","@id":"https:\/\/allezfencing.eu\/webshop\/eronlet-es-melegites\/beef-protein-gymbeam\/","url":"https:\/\/allezfencing.eu\/webshop\/eronlet-es-melegites\/beef-protein-gymbeam\/","name":"Beef Protein - GymBeam | Allez Fencing","isPartOf":{"@id":"https:\/\/allezfencing.eu\/#website"},"primaryImageOfPage":{"@id":"https:\/\/allezfencing.eu\/webshop\/eronlet-es-melegites\/beef-protein-gymbeam\/#primaryimage"},"image":{"@id":"https:\/\/allezfencing.eu\/webshop\/eronlet-es-melegites\/beef-protein-gymbeam\/#primaryimage"},"thumbnailUrl":"https:\/\/allezfencing.eu\/wp-content\/uploads\/2025\/12\/beef_protein_chocolate_1000_g_gymbeam.png","datePublished":"2025-12-08T18:06:34+00:00","dateModified":"2026-01-06T10:44:25+00:00","breadcrumb":{"@id":"https:\/\/allezfencing.eu\/webshop\/eronlet-es-melegites\/beef-protein-gymbeam\/#breadcrumb"},"inLanguage":"en-GB","potentialAction":[{"@type":"ReadAction","target":["https:\/\/allezfencing.eu\/webshop\/eronlet-es-melegites\/beef-protein-gymbeam\/"]}]},{"@type":"ImageObject","inLanguage":"en-GB","@id":"https:\/\/allezfencing.eu\/webshop\/eronlet-es-melegites\/beef-protein-gymbeam\/#primaryimage","url":"https:\/\/allezfencing.eu\/wp-content\/uploads\/2025\/12\/beef_protein_chocolate_1000_g_gymbeam.png","contentUrl":"https:\/\/allezfencing.eu\/wp-content\/uploads\/2025\/12\/beef_protein_chocolate_1000_g_gymbeam.png","width":700,"height":700},{"@type":"BreadcrumbList","@id":"https:\/\/allezfencing.eu\/webshop\/eronlet-es-melegites\/beef-protein-gymbeam\/#breadcrumb","itemListElement":[{"@type":"ListItem","position":1,"name":"Kezd\u0151lap","item":"https:\/\/allezfencing.eu\/"},{"@type":"ListItem","position":2,"name":"Webshop","item":"https:\/\/allezfencing.eu\/webshop\/"},{"@type":"ListItem","position":3,"name":"ER\u0150NL\u00c9T \u00c9S MELEG\u00cdT\u00c9S","item":"https:\/\/allezfencing.eu\/termekkategoria\/eronlet-es-melegites\/"},{"@type":"ListItem","position":4,"name":"Beef Protein &#8211; GymBeam"}]},{"@type":"WebSite","@id":"https:\/\/allezfencing.eu\/#website","url":"https:\/\/allezfencing.eu\/","name":"Allez Fencing","description":"Minden ami v\u00edv\u00e1s","publisher":{"@id":"https:\/\/allezfencing.eu\/#organization"},"potentialAction":[{"@type":"SearchAction","target":{"@type":"EntryPoint","urlTemplate":"https:\/\/allezfencing.eu\/?s={search_term_string}"},"query-input":{"@type":"PropertyValueSpecification","valueRequired":true,"valueName":"search_term_string"}}],"inLanguage":"en-GB"},{"@type":"Organization","@id":"https:\/\/allezfencing.eu\/#organization","name":"Panama Feeding boats","url":"https:\/\/allezfencing.eu\/","logo":{"@type":"ImageObject","inLanguage":"en-GB","@id":"https:\/\/allezfencing.eu\/#\/schema\/logo\/image\/","url":"https:\/\/allezfencing.eu\/wp-content\/uploads\/2025\/03\/etetohajo.eu-panama-site-icon.webp","contentUrl":"https:\/\/allezfencing.eu\/wp-content\/uploads\/2025\/03\/etetohajo.eu-panama-site-icon.webp","width":512,"height":512,"caption":"Panama Etet\u0151haj\u00f3k"},"image":{"@id":"https:\/\/allezfencing.eu\/#\/schema\/logo\/image\/"},"sameAs":["https:\/\/www.facebook.com\/panamaetetohajo"]}]}},"_links":{"self":[{"href":"https:\/\/allezfencing.eu\/en\/wp-json\/wp\/v2\/product\/15966","targetHints":{"allow":["GET"]}}],"collection":[{"href":"https:\/\/allezfencing.eu\/en\/wp-json\/wp\/v2\/product"}],"about":[{"href":"https:\/\/allezfencing.eu\/en\/wp-json\/wp\/v2\/types\/product"}],"replies":[{"embeddable":true,"href":"https:\/\/allezfencing.eu\/en\/wp-json\/wp\/v2\/comments?post=15966"}],"version-history":[{"count":0,"href":"https:\/\/allezfencing.eu\/en\/wp-json\/wp\/v2\/product\/15966\/revisions"}],"wp:featuredmedia":[{"embeddable":true,"href":"https:\/\/allezfencing.eu\/en\/wp-json\/wp\/v2\/media\/15967"}],"wp:attachment":[{"href":"https:\/\/allezfencing.eu\/en\/wp-json\/wp\/v2\/media?parent=15966"}],"wp:term":[{"taxonomy":"product_brand","embeddable":true,"href":"https:\/\/allezfencing.eu\/en\/wp-json\/wp\/v2\/product_brand?post=15966"},{"taxonomy":"product_cat","embeddable":true,"href":"https:\/\/allezfencing.eu\/en\/wp-json\/wp\/v2\/product_cat?post=15966"},{"taxonomy":"product_tag","embeddable":true,"href":"https:\/\/allezfencing.eu\/en\/wp-json\/wp\/v2\/product_tag?post=15966"}],"curies":[{"name":"wp","href":"https:\/\/api.w.org\/{rel}","templated":true}]}}