{"id":15968,"date":"2025-12-08T19:06:34","date_gmt":"2025-12-08T18:06:34","guid":{"rendered":"https:\/\/infiniteq.org\/webshop\/nem-kategorizalt\/asap-50-feherjeszelet-gymbeam\/"},"modified":"2026-01-06T11:48:18","modified_gmt":"2026-01-06T10:48:18","slug":"asap-50-feherjeszelet-gymbeam","status":"publish","type":"product","link":"https:\/\/allezfencing.eu\/en\/webshop\/eronlet-es-melegites\/asap-50-feherjeszelet-gymbeam\/","title":{"rendered":"ASAP 50% feh\u00e9rjeszelet &#8211; GymBeam"},"content":{"rendered":"<h1>ASAP 50% feh\u00e9rjeszelet &#8211; egy \u00edzletes, glut\u00e9nmentes, magas feh\u00e9rjetartalm\u00fa szelet az izomn\u00f6veked\u00e9s\u00e9rt \u00e9s -fenntart\u00e1s\u00e9rt<\/h1>\n<p>Az<strong>\u00a0ASAP 50% feh\u00e9rjeszelet<\/strong>\u00a0mindenkinek \u00f6r\u00f6met okoz, aki nem tud ellen\u00e1llni egy finom nassolnival\u00f3nak. Ez egy<strong>\u00a0glut\u00e9nmentes, magas feh\u00e9rjetartalm\u00fa feh\u00e9rjeszelet.<\/strong>\u00a0Ennek k\u00f6sz\u00f6nhet\u0151en hozz\u00e1j\u00e1rul\u00a0<strong>az izomn\u00f6veked\u00e9shez \u00e9s -fenntart\u00e1shoz,<\/strong>\u00a0de a csontok eg\u00e9szs\u00e9g\u00e9hez is. Ellen\u00e1llhatatlan \u00edz\u00e9t annak ellen\u00e9re is meg\u0151rzi, hogy<strong>\u00a0alacsony a cukortartalma.<\/strong>\u00a0Ezt k\u00fcl\u00f6n\u00f6sen akkor fogod \u00e9rt\u00e9kelni, ha figyelsz a cukorbeviteledre, p\u00e9ld\u00e1ul a<strong>\u00a0fogy\u00f3k\u00fara sor\u00e1n<\/strong>\u00a0tartott di\u00e9ta miatt. Maga a szelet \u00edgy a nap b\u00e1rmely szakasz\u00e1ban fogyaszthat\u00f3.<\/p>\n<p>J\u00f3l sz\u00e1ll\u00edthat\u00f3, \u00e9s garant\u00e1ltan elf\u00e9r b\u00e1rmilyen t\u00e1sk\u00e1ban, ak\u00e1r\u00a0<strong>edz\u0151terembe, iskol\u00e1ba, munkahelyre vagy valahov\u00e1 \u00fatk\u00f6zben.<\/strong>\u00a0<strong>T\u00far\u00e1z\u00e1s k\u00f6zben<\/strong>\u00a0is \u00e9rt\u00e9kelni fogod, mint uzsonn\u00e1t, \u00e9s j\u00f3l j\u00f6n, ha v\u00e1ratlanul \u00e9hs\u00e9g t\u00f6r r\u00e1d. De k\u00fcl\u00f6nf\u00e9le desszertek r\u00e9szek\u00e9nt is remek\u00fcl m\u0171k\u00f6dik, ha p\u00e9ld\u00e1ul\u00a0<strong>felszeleteled vagy lereszeled,<\/strong>\u00a0hogy d\u00edsz\u00edtsd vele a reggeli zabk\u00e1s\u00e1t, a pudingot vagy m\u00e1s desszertet. Els\u0151 harap\u00e1sra elvar\u00e1zsol, \u00e9s hidd el, nem fogod elfelejteni.<\/p>\n<h2>Az ASAP 50% feh\u00e9rjeszelet el\u0151nyei<\/h2>\n<ul>\n<li data-end=\"37\" data-start=\"2\">finom glut\u00e9nmentes feh\u00e9rjeszelet<\/li>\n<li data-end=\"37\" data-start=\"2\">n\u00e9met gy\u00e1rt\u00e1s, pr\u00e9mium min\u0151s\u00e9g<\/li>\n<li data-end=\"37\" data-start=\"2\">magas feh\u00e9rjetartalom, amely hozz\u00e1j\u00e1rul az izomn\u00f6veked\u00e9shez \u00e9s -fenntart\u00e1shoz, de a csontok eg\u00e9szs\u00e9g\u00e9hez is<\/li>\n<li data-end=\"37\" data-start=\"2\">ellen\u00e1llhatatlan \u00edz, amely m\u00e1r az els\u0151 harap\u00e1sn\u00e1l elvar\u00e1zsol<\/li>\n<li data-end=\"37\" data-start=\"2\">alacsony cukortartalom<\/li>\n<li data-end=\"37\" data-start=\"2\">a nap b\u00e1rmely szakasz\u00e1ban fogyaszthat\u00f3<\/li>\n<li data-end=\"37\" data-start=\"2\">b\u00e1rmilyen t\u00e1sk\u00e1ban elf\u00e9r<\/li>\n<li data-end=\"37\" data-start=\"2\">nem tartalmaz p\u00e1lmaolajat<\/li>\n<li data-end=\"37\" data-start=\"2\">nagyszer\u0171 nassolnival\u00f3 munkahelyen, iskol\u00e1ban \u00e9s \u00fatk\u00f6zben is<\/li>\n<li data-end=\"37\" data-start=\"2\">t\u00f6k\u00e9letes t\u00e1rs a t\u00far\u00e1z\u00e1shoz<\/li>\n<li data-end=\"37\" data-start=\"2\">szeletelhet\u0151 vagy reszelhet\u0151 k\u00fcl\u00f6nf\u00e9le desszertekbe<\/li>\n<\/ul>\n<h2>\u00d6sszetev\u0151k<\/h2>\n<p><strong>K\u00f3kusz \u00edz:\u00a0<\/strong>feh\u00e9rjekever\u00e9k 52% (hidroliz\u00e1lt kollag\u00e9n peptidek,\u00a0<strong>sz\u00f3ja<\/strong>feh\u00e9rje,\u00a0<strong>tej<\/strong>feh\u00e9rje izol\u00e1tum,\u00a0<strong>tej<\/strong>feh\u00e9rje koncentr\u00e1tum), tejbevonat maltittal \u00e9s feh\u00e9rj\u00e9vel 11% [\u00e9des\u00edt\u0151szer (maltit), teljesen hidrog\u00e9nezett repce- \u00e9s k\u00f3kuszolaj,\u00a0<strong>tej<\/strong>feh\u00e9rje koncentr\u00e1tum, sov\u00e1ny\u00a0<strong>tej<\/strong>por, kaka\u00f3por, emulge\u00e1l\u00f3szer (lecitinek), aroma], nedves\u00edt\u0151szer (glicerin), \u00e9des\u00edt\u0151szer (maltit), repceolaj,\u00a0<strong>sz\u00f3ja<\/strong>feh\u00e9rje extrud\u00e1tum (<strong>sz\u00f3ja<\/strong>feh\u00e9rje, t\u00e1pi\u00f3ka kem\u00e9ny\u00edt\u0151, s\u00f3), v\u00edz, arom\u00e1k, emulge\u00e1l\u00f3szer (zs\u00edrsavak mono- \u00e9s digliceridjei), antioxid\u00e1ns (tokoferolban gazdag kivonat), s\u00f3.<\/p>\n<p><strong>Eper \u00edz:<\/strong>\u00a0feh\u00e9rjekever\u00e9k 56 % (hidroliz\u00e1lt kollag\u00e9n peptidek,\u00a0<strong>sz\u00f3ja<\/strong>feh\u00e9rje,\u00a0<strong>tej<\/strong>feh\u00e9rje izol\u00e1tum,\u00a0<strong>tej<\/strong>feh\u00e9rje koncentr\u00e1tum), feh\u00e9r bevonat maltittal \u00e9s feh\u00e9rj\u00e9vel 11 % [\u00e9des\u00edt\u0151szer (maltit), teljesen hidrog\u00e9nezett repce- \u00e9s k\u00f3kuszolaj, tejsav\u00f3 (<strong>tej<\/strong>), sov\u00e1ny\u00a0<strong>tej<\/strong>por,\u00a0<strong>tej<\/strong>feh\u00e9rje koncentr\u00e1tum, emulge\u00e1l\u00f3szer (lecitin), aroma], nedves\u00edt\u0151szer (glicerin), repceolaj, \u00e9des\u00edt\u0151szer (maltit),\u00a0<strong>sz\u00f3ja<\/strong>feh\u00e9rje extrud\u00e1tum (<strong>sz\u00f3ja<\/strong>feh\u00e9rje, t\u00e1pi\u00f3ka kem\u00e9ny\u00edt\u0151, s\u00f3), v\u00edz, arom\u00e1k, emulge\u00e1l\u00f3szer (zs\u00edrsavak mono- \u00e9s digliceridjei), antioxid\u00e1ns (tokoferolban gazdag kivonat), n\u00f6v\u00e9nyi sz\u00ednez\u00e9k-koncentr\u00e1tum [c\u00e9klal\u00e9 koncentr\u00e1tum, sz\u00ednez\u00e9k (karotin), sav (citromsav), tart\u00f3s\u00edt\u00f3szer (k\u00e1lium-szorb\u00e1t)], s\u00f3, \u00e9des\u00edt\u0151szer (szukral\u00f3z).<\/p>\n","protected":false},"excerpt":{"rendered":"<p>Az\u00a0<strong>ASAP 50% feh\u00e9rjeszelet<\/strong>\u00a0egy \u00edzletes,\u00a0<strong>glut\u00e9nmentes, magas feh\u00e9rjetartalm\u00fa<\/strong>\u00a0feh\u00e9rjeszelet. Ennek k\u00f6sz\u00f6nhet\u0151en hozz\u00e1j\u00e1rul az\u00a0<strong>izomn\u00f6veked\u00e9shez \u00e9s -fenntart\u00e1shoz,<\/strong>\u00a0de a csontok eg\u00e9szs\u00e9g\u00e9hez is. Emellett nem tartalmaz p\u00e1lmaolajat \u00e9s<strong>\u00a0alacsony a cukortartalma.<\/strong>\u00a0A nap b\u00e1rmely szakasz\u00e1ban fogyaszthatod, p\u00e9ld\u00e1ul edz\u00e9s ut\u00e1ni jutalomk\u00e9nt, de munka vagy iskola k\u00f6zbeni nassolnival\u00f3nak is alkalmas. M\u00e1r az els\u0151 falat ut\u00e1n rabul ejt.<\/p>","protected":false},"featured_media":15969,"comment_status":"open","ping_status":"closed","template":"","meta":[],"product_brand":[322],"product_cat":[756],"product_tag":[],"class_list":{"0":"post-15968","1":"product","2":"type-product","3":"status-publish","4":"has-post-thumbnail","6":"product_brand-gymbeam","7":"product_cat-eronlet-es-melegites","9":"first","10":"instock","11":"taxable","12":"shipping-taxable","13":"purchasable","14":"product-type-variable"},"yoast_head":"<!-- This site is optimized with the Yoast SEO plugin v27.2 - https:\/\/yoast.com\/product\/yoast-seo-wordpress\/ -->\n<title>ASAP 50% feh\u00e9rjeszelet - GymBeam | Allez Fencing<\/title>\n<meta name=\"robots\" content=\"index, follow, max-snippet:-1, max-image-preview:large, max-video-preview:-1\" \/>\n<link rel=\"canonical\" href=\"https:\/\/allezfencing.eu\/en\/webshop\/eronlet-es-melegites\/asap-50-feherjeszelet-gymbeam\/\" \/>\n<meta property=\"og:locale\" content=\"en_GB\" \/>\n<meta property=\"og:type\" content=\"article\" \/>\n<meta property=\"og:title\" content=\"ASAP 50% feh\u00e9rjeszelet - GymBeam | Allez Fencing\" \/>\n<meta property=\"og:description\" content=\"Az\u00a0ASAP 50% feh\u00e9rjeszelet\u00a0egy \u00edzletes,\u00a0glut\u00e9nmentes, magas feh\u00e9rjetartalm\u00fa\u00a0feh\u00e9rjeszelet. Ennek k\u00f6sz\u00f6nhet\u0151en hozz\u00e1j\u00e1rul az\u00a0izomn\u00f6veked\u00e9shez \u00e9s -fenntart\u00e1shoz,\u00a0de a csontok eg\u00e9szs\u00e9g\u00e9hez is. Emellett nem tartalmaz p\u00e1lmaolajat \u00e9s\u00a0alacsony a cukortartalma.\u00a0A nap b\u00e1rmely szakasz\u00e1ban fogyaszthatod, p\u00e9ld\u00e1ul edz\u00e9s ut\u00e1ni jutalomk\u00e9nt, de munka vagy iskola k\u00f6zbeni nassolnival\u00f3nak is alkalmas. M\u00e1r az els\u0151 falat ut\u00e1n rabul ejt.\" \/>\n<meta property=\"og:url\" content=\"https:\/\/allezfencing.eu\/en\/webshop\/eronlet-es-melegites\/asap-50-feherjeszelet-gymbeam\/\" \/>\n<meta property=\"og:site_name\" content=\"Allez Fencing\" \/>\n<meta property=\"article:publisher\" content=\"https:\/\/www.facebook.com\/panamaetetohajo\" \/>\n<meta property=\"article:modified_time\" content=\"2026-01-06T10:48:18+00:00\" \/>\n<meta property=\"og:image\" content=\"https:\/\/allezfencing.eu\/wp-content\/uploads\/2025\/12\/asap_50__protein_bar_50_g_coconut_flavour_gymbeam.png\" \/>\n\t<meta property=\"og:image:width\" content=\"1200\" \/>\n\t<meta property=\"og:image:height\" content=\"1200\" \/>\n\t<meta property=\"og:image:type\" content=\"image\/png\" \/>\n<meta name=\"twitter:card\" content=\"summary_large_image\" \/>\n<meta name=\"twitter:label1\" content=\"Estimated reading time\" \/>\n\t<meta name=\"twitter:data1\" content=\"3 minutes\" \/>\n<script type=\"application\/ld+json\" class=\"yoast-schema-graph\">{\"@context\":\"https:\/\/schema.org\",\"@graph\":[{\"@type\":\"WebPage\",\"@id\":\"https:\/\/allezfencing.eu\/webshop\/eronlet-es-melegites\/asap-50-feherjeszelet-gymbeam\/\",\"url\":\"https:\/\/allezfencing.eu\/webshop\/eronlet-es-melegites\/asap-50-feherjeszelet-gymbeam\/\",\"name\":\"ASAP 50% feh\u00e9rjeszelet - GymBeam | Allez Fencing\",\"isPartOf\":{\"@id\":\"https:\/\/allezfencing.eu\/#website\"},\"primaryImageOfPage\":{\"@id\":\"https:\/\/allezfencing.eu\/webshop\/eronlet-es-melegites\/asap-50-feherjeszelet-gymbeam\/#primaryimage\"},\"image\":{\"@id\":\"https:\/\/allezfencing.eu\/webshop\/eronlet-es-melegites\/asap-50-feherjeszelet-gymbeam\/#primaryimage\"},\"thumbnailUrl\":\"https:\/\/allezfencing.eu\/wp-content\/uploads\/2025\/12\/asap_50__protein_bar_50_g_coconut_flavour_gymbeam.png\",\"datePublished\":\"2025-12-08T18:06:34+00:00\",\"dateModified\":\"2026-01-06T10:48:18+00:00\",\"breadcrumb\":{\"@id\":\"https:\/\/allezfencing.eu\/webshop\/eronlet-es-melegites\/asap-50-feherjeszelet-gymbeam\/#breadcrumb\"},\"inLanguage\":\"en-GB\",\"potentialAction\":[{\"@type\":\"ReadAction\",\"target\":[\"https:\/\/allezfencing.eu\/webshop\/eronlet-es-melegites\/asap-50-feherjeszelet-gymbeam\/\"]}]},{\"@type\":\"ImageObject\",\"inLanguage\":\"en-GB\",\"@id\":\"https:\/\/allezfencing.eu\/webshop\/eronlet-es-melegites\/asap-50-feherjeszelet-gymbeam\/#primaryimage\",\"url\":\"https:\/\/allezfencing.eu\/wp-content\/uploads\/2025\/12\/asap_50__protein_bar_50_g_coconut_flavour_gymbeam.png\",\"contentUrl\":\"https:\/\/allezfencing.eu\/wp-content\/uploads\/2025\/12\/asap_50__protein_bar_50_g_coconut_flavour_gymbeam.png\",\"width\":1200,\"height\":1200},{\"@type\":\"BreadcrumbList\",\"@id\":\"https:\/\/allezfencing.eu\/webshop\/eronlet-es-melegites\/asap-50-feherjeszelet-gymbeam\/#breadcrumb\",\"itemListElement\":[{\"@type\":\"ListItem\",\"position\":1,\"name\":\"Kezd\u0151lap\",\"item\":\"https:\/\/allezfencing.eu\/\"},{\"@type\":\"ListItem\",\"position\":2,\"name\":\"Webshop\",\"item\":\"https:\/\/allezfencing.eu\/webshop\/\"},{\"@type\":\"ListItem\",\"position\":3,\"name\":\"ER\u0150NL\u00c9T \u00c9S MELEG\u00cdT\u00c9S\",\"item\":\"https:\/\/allezfencing.eu\/termekkategoria\/eronlet-es-melegites\/\"},{\"@type\":\"ListItem\",\"position\":4,\"name\":\"ASAP 50% feh\u00e9rjeszelet &#8211; GymBeam\"}]},{\"@type\":\"WebSite\",\"@id\":\"https:\/\/allezfencing.eu\/#website\",\"url\":\"https:\/\/allezfencing.eu\/\",\"name\":\"Allez Fencing\",\"description\":\"Minden ami v\u00edv\u00e1s\",\"publisher\":{\"@id\":\"https:\/\/allezfencing.eu\/#organization\"},\"potentialAction\":[{\"@type\":\"SearchAction\",\"target\":{\"@type\":\"EntryPoint\",\"urlTemplate\":\"https:\/\/allezfencing.eu\/?s={search_term_string}\"},\"query-input\":{\"@type\":\"PropertyValueSpecification\",\"valueRequired\":true,\"valueName\":\"search_term_string\"}}],\"inLanguage\":\"en-GB\"},{\"@type\":\"Organization\",\"@id\":\"https:\/\/allezfencing.eu\/#organization\",\"name\":\"Panama Etet\u0151haj\u00f3k\",\"url\":\"https:\/\/allezfencing.eu\/\",\"logo\":{\"@type\":\"ImageObject\",\"inLanguage\":\"en-GB\",\"@id\":\"https:\/\/allezfencing.eu\/#\/schema\/logo\/image\/\",\"url\":\"https:\/\/allezfencing.eu\/wp-content\/uploads\/2025\/03\/etetohajo.eu-panama-site-icon.webp\",\"contentUrl\":\"https:\/\/allezfencing.eu\/wp-content\/uploads\/2025\/03\/etetohajo.eu-panama-site-icon.webp\",\"width\":512,\"height\":512,\"caption\":\"Panama Etet\u0151haj\u00f3k\"},\"image\":{\"@id\":\"https:\/\/allezfencing.eu\/#\/schema\/logo\/image\/\"},\"sameAs\":[\"https:\/\/www.facebook.com\/panamaetetohajo\"]}]}<\/script>\n<!-- \/ Yoast SEO plugin. -->","yoast_head_json":{"title":"ASAP 50% feh\u00e9rjeszelet - GymBeam | Allez Fencing","robots":{"index":"index","follow":"follow","max-snippet":"max-snippet:-1","max-image-preview":"max-image-preview:large","max-video-preview":"max-video-preview:-1"},"canonical":"https:\/\/allezfencing.eu\/en\/webshop\/eronlet-es-melegites\/asap-50-feherjeszelet-gymbeam\/","og_locale":"en_GB","og_type":"article","og_title":"ASAP 50% feh\u00e9rjeszelet - GymBeam | Allez Fencing","og_description":"Az\u00a0ASAP 50% feh\u00e9rjeszelet\u00a0egy \u00edzletes,\u00a0glut\u00e9nmentes, magas feh\u00e9rjetartalm\u00fa\u00a0feh\u00e9rjeszelet. Ennek k\u00f6sz\u00f6nhet\u0151en hozz\u00e1j\u00e1rul az\u00a0izomn\u00f6veked\u00e9shez \u00e9s -fenntart\u00e1shoz,\u00a0de a csontok eg\u00e9szs\u00e9g\u00e9hez is. Emellett nem tartalmaz p\u00e1lmaolajat \u00e9s\u00a0alacsony a cukortartalma.\u00a0A nap b\u00e1rmely szakasz\u00e1ban fogyaszthatod, p\u00e9ld\u00e1ul edz\u00e9s ut\u00e1ni jutalomk\u00e9nt, de munka vagy iskola k\u00f6zbeni nassolnival\u00f3nak is alkalmas. M\u00e1r az els\u0151 falat ut\u00e1n rabul ejt.","og_url":"https:\/\/allezfencing.eu\/en\/webshop\/eronlet-es-melegites\/asap-50-feherjeszelet-gymbeam\/","og_site_name":"Allez Fencing","article_publisher":"https:\/\/www.facebook.com\/panamaetetohajo","article_modified_time":"2026-01-06T10:48:18+00:00","og_image":[{"width":1200,"height":1200,"url":"https:\/\/allezfencing.eu\/wp-content\/uploads\/2025\/12\/asap_50__protein_bar_50_g_coconut_flavour_gymbeam.png","type":"image\/png"}],"twitter_card":"summary_large_image","twitter_misc":{"Estimated reading time":"3 minutes"},"schema":{"@context":"https:\/\/schema.org","@graph":[{"@type":"WebPage","@id":"https:\/\/allezfencing.eu\/webshop\/eronlet-es-melegites\/asap-50-feherjeszelet-gymbeam\/","url":"https:\/\/allezfencing.eu\/webshop\/eronlet-es-melegites\/asap-50-feherjeszelet-gymbeam\/","name":"ASAP 50% feh\u00e9rjeszelet - GymBeam | Allez Fencing","isPartOf":{"@id":"https:\/\/allezfencing.eu\/#website"},"primaryImageOfPage":{"@id":"https:\/\/allezfencing.eu\/webshop\/eronlet-es-melegites\/asap-50-feherjeszelet-gymbeam\/#primaryimage"},"image":{"@id":"https:\/\/allezfencing.eu\/webshop\/eronlet-es-melegites\/asap-50-feherjeszelet-gymbeam\/#primaryimage"},"thumbnailUrl":"https:\/\/allezfencing.eu\/wp-content\/uploads\/2025\/12\/asap_50__protein_bar_50_g_coconut_flavour_gymbeam.png","datePublished":"2025-12-08T18:06:34+00:00","dateModified":"2026-01-06T10:48:18+00:00","breadcrumb":{"@id":"https:\/\/allezfencing.eu\/webshop\/eronlet-es-melegites\/asap-50-feherjeszelet-gymbeam\/#breadcrumb"},"inLanguage":"en-GB","potentialAction":[{"@type":"ReadAction","target":["https:\/\/allezfencing.eu\/webshop\/eronlet-es-melegites\/asap-50-feherjeszelet-gymbeam\/"]}]},{"@type":"ImageObject","inLanguage":"en-GB","@id":"https:\/\/allezfencing.eu\/webshop\/eronlet-es-melegites\/asap-50-feherjeszelet-gymbeam\/#primaryimage","url":"https:\/\/allezfencing.eu\/wp-content\/uploads\/2025\/12\/asap_50__protein_bar_50_g_coconut_flavour_gymbeam.png","contentUrl":"https:\/\/allezfencing.eu\/wp-content\/uploads\/2025\/12\/asap_50__protein_bar_50_g_coconut_flavour_gymbeam.png","width":1200,"height":1200},{"@type":"BreadcrumbList","@id":"https:\/\/allezfencing.eu\/webshop\/eronlet-es-melegites\/asap-50-feherjeszelet-gymbeam\/#breadcrumb","itemListElement":[{"@type":"ListItem","position":1,"name":"Kezd\u0151lap","item":"https:\/\/allezfencing.eu\/"},{"@type":"ListItem","position":2,"name":"Webshop","item":"https:\/\/allezfencing.eu\/webshop\/"},{"@type":"ListItem","position":3,"name":"ER\u0150NL\u00c9T \u00c9S MELEG\u00cdT\u00c9S","item":"https:\/\/allezfencing.eu\/termekkategoria\/eronlet-es-melegites\/"},{"@type":"ListItem","position":4,"name":"ASAP 50% feh\u00e9rjeszelet &#8211; GymBeam"}]},{"@type":"WebSite","@id":"https:\/\/allezfencing.eu\/#website","url":"https:\/\/allezfencing.eu\/","name":"Allez Fencing","description":"Minden ami v\u00edv\u00e1s","publisher":{"@id":"https:\/\/allezfencing.eu\/#organization"},"potentialAction":[{"@type":"SearchAction","target":{"@type":"EntryPoint","urlTemplate":"https:\/\/allezfencing.eu\/?s={search_term_string}"},"query-input":{"@type":"PropertyValueSpecification","valueRequired":true,"valueName":"search_term_string"}}],"inLanguage":"en-GB"},{"@type":"Organization","@id":"https:\/\/allezfencing.eu\/#organization","name":"Panama Feeding boats","url":"https:\/\/allezfencing.eu\/","logo":{"@type":"ImageObject","inLanguage":"en-GB","@id":"https:\/\/allezfencing.eu\/#\/schema\/logo\/image\/","url":"https:\/\/allezfencing.eu\/wp-content\/uploads\/2025\/03\/etetohajo.eu-panama-site-icon.webp","contentUrl":"https:\/\/allezfencing.eu\/wp-content\/uploads\/2025\/03\/etetohajo.eu-panama-site-icon.webp","width":512,"height":512,"caption":"Panama Etet\u0151haj\u00f3k"},"image":{"@id":"https:\/\/allezfencing.eu\/#\/schema\/logo\/image\/"},"sameAs":["https:\/\/www.facebook.com\/panamaetetohajo"]}]}},"_links":{"self":[{"href":"https:\/\/allezfencing.eu\/en\/wp-json\/wp\/v2\/product\/15968","targetHints":{"allow":["GET"]}}],"collection":[{"href":"https:\/\/allezfencing.eu\/en\/wp-json\/wp\/v2\/product"}],"about":[{"href":"https:\/\/allezfencing.eu\/en\/wp-json\/wp\/v2\/types\/product"}],"replies":[{"embeddable":true,"href":"https:\/\/allezfencing.eu\/en\/wp-json\/wp\/v2\/comments?post=15968"}],"version-history":[{"count":2,"href":"https:\/\/allezfencing.eu\/en\/wp-json\/wp\/v2\/product\/15968\/revisions"}],"predecessor-version":[{"id":17672,"href":"https:\/\/allezfencing.eu\/en\/wp-json\/wp\/v2\/product\/15968\/revisions\/17672"}],"wp:featuredmedia":[{"embeddable":true,"href":"https:\/\/allezfencing.eu\/en\/wp-json\/wp\/v2\/media\/15969"}],"wp:attachment":[{"href":"https:\/\/allezfencing.eu\/en\/wp-json\/wp\/v2\/media?parent=15968"}],"wp:term":[{"taxonomy":"product_brand","embeddable":true,"href":"https:\/\/allezfencing.eu\/en\/wp-json\/wp\/v2\/product_brand?post=15968"},{"taxonomy":"product_cat","embeddable":true,"href":"https:\/\/allezfencing.eu\/en\/wp-json\/wp\/v2\/product_cat?post=15968"},{"taxonomy":"product_tag","embeddable":true,"href":"https:\/\/allezfencing.eu\/en\/wp-json\/wp\/v2\/product_tag?post=15968"}],"curies":[{"name":"wp","href":"https:\/\/api.w.org\/{rel}","templated":true}]}}