{"id":15970,"date":"2025-12-08T19:07:40","date_gmt":"2025-12-08T18:07:40","guid":{"rendered":"https:\/\/infiniteq.org\/webshop\/nem-kategorizalt\/asap-raw-bar-gymbeam\/"},"modified":"2026-01-06T11:52:13","modified_gmt":"2026-01-06T10:52:13","slug":"asap-raw-bar-gymbeam","status":"publish","type":"product","link":"https:\/\/allezfencing.eu\/en\/webshop\/eronlet-es-melegites\/asap-raw-bar-gymbeam\/","title":{"rendered":"ASAP Raw Bar &#8211; GymBeam"},"content":{"rendered":"<h1>ASAP Raw Bar &#8211; egy energiaszelet, amely mindig k\u00e9szen \u00e1ll arra, hogy felt\u00f6lts\u00f6n energi\u00e1val \u00e9s k\u00e9nyezetesse az \u00edzlel\u0151bimb\u00f3idat<\/h1>\n<p>Az\u00a0<strong>ASAP Raw Bar<\/strong>\u00a0lesz a<strong>\u00a0kedvenc nassolnival\u00f3d, ha energi\u00e1t szeretn\u00e9l p\u00f3tolni, vagy ha valami finoms\u00e1gra v\u00e1gysz.<\/strong>\u00a0Ez az energiaszelet csakis<strong>\u00a0gondosan v\u00e1logatott \u00f6sszetev\u0151ket<\/strong>\u00a0tartalmaz. Annak k\u00f6sz\u00f6nhet\u0151en, hogy<strong>\u00a0nyers szeletr\u0151l<\/strong>\u00a0van sz\u00f3,\u00a0<strong>maxim\u00e1lisan meg\u0151rzi a t\u00e1panyagokat.<\/strong>\u00a0A formula alapja a datolyapaszta, amelynek enyhe\u00a0<strong>\u00e9des \u00edze van, egy csipetnyi karamell\u00e1val.<\/strong>\u00a0Ugyanakkor ez adja a szelet selymess\u00e9g\u00e9t \u00e9s gazdag text\u00far\u00e1j\u00e1t is. A\u00a0<strong>di\u00f3f\u00e9l\u00e9k, a kaka\u00f3, a fagyasztva sz\u00e1r\u00edtott eper \u00e9s m\u00e1s \u00f6sszetev\u0151k<\/strong>\u00a0t\u00f6k\u00e9letesen kieg\u00e9sz\u00edtik, \u00edzl\u00e9st\u0151l f\u00fcgg\u0151en.\u00a0<strong>Nem tartalmaz hozz\u00e1adott cukrot<\/strong>\u00a0vagy egy\u00e9b adal\u00e9kanyagokat, ez\u00e9rt meg\u0151rzi a minim\u00e1lisan feldolgozott \u00f6sszetev\u0151k autentikus \u00edz\u00e9t. Ezenk\u00edv\u00fcl\u00a0<strong>gazdag hasznos rostokban.<\/strong><\/p>\n<p>Ez a\u00a0<strong>nyers szelet glut\u00e9nmentes<\/strong>\u00a0is, \u00edgy a\u00a0<strong>glut\u00e9nt<\/strong>\u00a0ker\u00fcl\u0151k is \u00e9lvezhetik. Tiszt\u00e1n n\u00f6v\u00e9nyi \u00f6sszet\u00e9tel\u00e9nek k\u00f6sz\u00f6nhet\u0151en a\u00a0<strong>veget\u00e1ri\u00e1nusok \u00e9s veg\u00e1nok<\/strong>\u00a0\u00e9trendj\u00e9be is belef\u00e9r. Gyors nassolnival\u00f3, amely els\u0151seg\u00e9lyk\u00e9nt szolg\u00e1l minden olyan helyzetben, amikor \u00fagy \u00e9rzed, hogy kifogyt\u00e1l az energi\u00e1b\u00f3l. Vidd magaddal fitnesz szelet\u00fcnket<strong>\u00a0egy t\u00far\u00e1ra, ker\u00e9kp\u00e1rt\u00far\u00e1ra, focimeccsre vagy egy hossz\u00fa nyaral\u00e1sra.<\/strong>\u00a0Praktikus, ha k\u00e9zn\u00e9l van a munkahelyen, az iskol\u00e1ban vagy a sportt\u00e1sk\u00e1dban. Mindig n\u00e1lad lehet, amikor\u00a0<strong>\u201eAs Soon As Possible\u201d<\/strong>\u00a0egy kis energi\u00e1ra van sz\u00fcks\u00e9ged.<\/p>\n<h2>Az ASAP Raw Bar el\u0151nyei<\/h2>\n<ul>\n<li aria-level=\"1\">finom nyers energiaszelet<\/li>\n<li aria-level=\"1\">gondosan v\u00e1logatott \u00f6sszetev\u0151kb\u0151l k\u00e9sz\u00fcl<\/li>\n<li aria-level=\"1\">az alapja a datolyapaszta<\/li>\n<li aria-level=\"1\">tiszt\u00e1n n\u00f6v\u00e9nyi \u00f6sszet\u00e9tel\u0171<\/li>\n<li aria-level=\"1\">glut\u00e9n-, lakt\u00f3z- \u00e9s GMO-mentes<\/li>\n<li aria-level=\"1\">magas rosttartalommal rendelkezik<\/li>\n<li aria-level=\"1\">\u00e9des, nem tartalmaz hozz\u00e1adott cukrot \u00e9s \u00e9des\u00edt\u0151szereket<\/li>\n<li aria-level=\"1\">autentikus \u00edz\u0171<\/li>\n<li aria-level=\"1\">a nap b\u00e1rmely szakasz\u00e1ban felt\u00f6lt energi\u00e1val<\/li>\n<li aria-level=\"1\">veg\u00e1nok sz\u00e1m\u00e1ra is alkalmas<\/li>\n<li aria-level=\"1\">alkalmas edz\u00e9s el\u0151tt \u00e9s ut\u00e1n<\/li>\n<li aria-level=\"1\">ide\u00e1lis t\u00far\u00e1khoz, bicikliz\u00e9shez \u00e9s egy\u00e9b tev\u00e9kenys\u00e9gekhez<\/li>\n<li aria-level=\"1\">alkalmas iskol\u00e1ba \u00e9s munk\u00e1ba<\/li>\n<\/ul>\n<h2>\u00d6sszetev\u0151k<\/h2>\n<p><strong>Eper \u00edz:<\/strong>\u00a0datolyapaszta, fagyasztva sz\u00e1r\u00edtott eper,\u00a0<strong>mandula.<\/strong><\/p>\n<p>*Term\u00e9szetes cukrot tartalmaz.<\/p>\n<p><strong>Kaka\u00f3 \u00edz:<\/strong>\u00a0datolyapaszta, mazsola (mazsola, napraforg\u00f3olaj),\u00a0<strong>kesudi\u00f3, mandula,<\/strong>\u00a0kaka\u00f3.<\/p>\n<p>*Term\u00e9szetes cukrot tartalmaz.<\/p>","protected":false},"excerpt":{"rendered":"<p>Az\u00a0<strong>ASAP Raw Bar<\/strong>\u00a0egy \u00edzletes szelet, amely seg\u00edt\u00a0<strong>visszat\u00f6lteni az energi\u00e1t,<\/strong>\u00a0amikor csak sz\u00fcks\u00e9ged van r\u00e1. Alap\u00f6sszetev\u0151je a\u00a0<strong>datolyapaszta, amely hozz\u00e1adott cukor n\u00e9lk\u00fcl is \u00e9des \u00edzt biztos\u00edt.<\/strong>\u00a0\u00cdgy a<strong>\u00a0min\u0151s\u00e9gi alapanyagok<\/strong>\u00a0tiszta \u00edz\u00e9t \u00e9lvezheted felesleges adal\u00e9kanyagok n\u00e9lk\u00fcl, amit otthon, a munkahelyeden, utaz\u00e1s vagy edz\u00e9s k\u00f6zben is \u00e9rt\u00e9kelni fogsz.<\/p>","protected":false},"featured_media":15971,"comment_status":"open","ping_status":"closed","template":"","meta":[],"product_brand":[322],"product_cat":[756],"product_tag":[],"class_list":{"0":"post-15970","1":"product","2":"type-product","3":"status-publish","4":"has-post-thumbnail","6":"product_brand-gymbeam","7":"product_cat-eronlet-es-melegites","9":"first","10":"instock","11":"taxable","12":"shipping-taxable","13":"purchasable","14":"product-type-variable"},"yoast_head":"<!-- This site is optimized with the Yoast SEO plugin v27.2 - https:\/\/yoast.com\/product\/yoast-seo-wordpress\/ -->\n<title>ASAP Raw Bar - GymBeam | Allez Fencing<\/title>\n<meta name=\"robots\" content=\"index, follow, max-snippet:-1, max-image-preview:large, max-video-preview:-1\" \/>\n<link rel=\"canonical\" href=\"https:\/\/allezfencing.eu\/en\/webshop\/eronlet-es-melegites\/asap-raw-bar-gymbeam\/\" \/>\n<meta property=\"og:locale\" content=\"en_GB\" \/>\n<meta property=\"og:type\" content=\"article\" \/>\n<meta property=\"og:title\" content=\"ASAP Raw Bar - GymBeam | Allez Fencing\" \/>\n<meta property=\"og:description\" content=\"Az\u00a0ASAP Raw Bar\u00a0egy \u00edzletes szelet, amely seg\u00edt\u00a0visszat\u00f6lteni az energi\u00e1t,\u00a0amikor csak sz\u00fcks\u00e9ged van r\u00e1. Alap\u00f6sszetev\u0151je a\u00a0datolyapaszta, amely hozz\u00e1adott cukor n\u00e9lk\u00fcl is \u00e9des \u00edzt biztos\u00edt.\u00a0\u00cdgy a\u00a0min\u0151s\u00e9gi alapanyagok\u00a0tiszta \u00edz\u00e9t \u00e9lvezheted felesleges adal\u00e9kanyagok n\u00e9lk\u00fcl, amit otthon, a munkahelyeden, utaz\u00e1s vagy edz\u00e9s k\u00f6zben is \u00e9rt\u00e9kelni fogsz.\" \/>\n<meta property=\"og:url\" content=\"https:\/\/allezfencing.eu\/en\/webshop\/eronlet-es-melegites\/asap-raw-bar-gymbeam\/\" \/>\n<meta property=\"og:site_name\" content=\"Allez Fencing\" \/>\n<meta property=\"article:publisher\" content=\"https:\/\/www.facebook.com\/panamaetetohajo\" \/>\n<meta property=\"article:modified_time\" content=\"2026-01-06T10:52:13+00:00\" \/>\n<meta property=\"og:image\" content=\"https:\/\/allezfencing.eu\/wp-content\/uploads\/2025\/12\/asap_raw_bar_strawberry_45_g_gymbeam-scaled-1.png\" \/>\n\t<meta property=\"og:image:width\" content=\"2560\" \/>\n\t<meta property=\"og:image:height\" content=\"2560\" \/>\n\t<meta property=\"og:image:type\" content=\"image\/png\" \/>\n<meta name=\"twitter:card\" content=\"summary_large_image\" \/>\n<meta name=\"twitter:label1\" content=\"Estimated reading time\" \/>\n\t<meta name=\"twitter:data1\" content=\"2 minutes\" \/>\n<script type=\"application\/ld+json\" class=\"yoast-schema-graph\">{\"@context\":\"https:\/\/schema.org\",\"@graph\":[{\"@type\":\"WebPage\",\"@id\":\"https:\/\/allezfencing.eu\/webshop\/eronlet-es-melegites\/asap-raw-bar-gymbeam\/\",\"url\":\"https:\/\/allezfencing.eu\/webshop\/eronlet-es-melegites\/asap-raw-bar-gymbeam\/\",\"name\":\"ASAP Raw Bar - GymBeam | Allez Fencing\",\"isPartOf\":{\"@id\":\"https:\/\/allezfencing.eu\/#website\"},\"primaryImageOfPage\":{\"@id\":\"https:\/\/allezfencing.eu\/webshop\/eronlet-es-melegites\/asap-raw-bar-gymbeam\/#primaryimage\"},\"image\":{\"@id\":\"https:\/\/allezfencing.eu\/webshop\/eronlet-es-melegites\/asap-raw-bar-gymbeam\/#primaryimage\"},\"thumbnailUrl\":\"https:\/\/allezfencing.eu\/wp-content\/uploads\/2025\/12\/asap_raw_bar_strawberry_45_g_gymbeam-scaled-1.png\",\"datePublished\":\"2025-12-08T18:07:40+00:00\",\"dateModified\":\"2026-01-06T10:52:13+00:00\",\"breadcrumb\":{\"@id\":\"https:\/\/allezfencing.eu\/webshop\/eronlet-es-melegites\/asap-raw-bar-gymbeam\/#breadcrumb\"},\"inLanguage\":\"en-GB\",\"potentialAction\":[{\"@type\":\"ReadAction\",\"target\":[\"https:\/\/allezfencing.eu\/webshop\/eronlet-es-melegites\/asap-raw-bar-gymbeam\/\"]}]},{\"@type\":\"ImageObject\",\"inLanguage\":\"en-GB\",\"@id\":\"https:\/\/allezfencing.eu\/webshop\/eronlet-es-melegites\/asap-raw-bar-gymbeam\/#primaryimage\",\"url\":\"https:\/\/allezfencing.eu\/wp-content\/uploads\/2025\/12\/asap_raw_bar_strawberry_45_g_gymbeam-scaled-1.png\",\"contentUrl\":\"https:\/\/allezfencing.eu\/wp-content\/uploads\/2025\/12\/asap_raw_bar_strawberry_45_g_gymbeam-scaled-1.png\",\"width\":2560,\"height\":2560},{\"@type\":\"BreadcrumbList\",\"@id\":\"https:\/\/allezfencing.eu\/webshop\/eronlet-es-melegites\/asap-raw-bar-gymbeam\/#breadcrumb\",\"itemListElement\":[{\"@type\":\"ListItem\",\"position\":1,\"name\":\"Kezd\u0151lap\",\"item\":\"https:\/\/allezfencing.eu\/\"},{\"@type\":\"ListItem\",\"position\":2,\"name\":\"Webshop\",\"item\":\"https:\/\/allezfencing.eu\/webshop\/\"},{\"@type\":\"ListItem\",\"position\":3,\"name\":\"ER\u0150NL\u00c9T \u00c9S MELEG\u00cdT\u00c9S\",\"item\":\"https:\/\/allezfencing.eu\/termekkategoria\/eronlet-es-melegites\/\"},{\"@type\":\"ListItem\",\"position\":4,\"name\":\"ASAP Raw Bar &#8211; GymBeam\"}]},{\"@type\":\"WebSite\",\"@id\":\"https:\/\/allezfencing.eu\/#website\",\"url\":\"https:\/\/allezfencing.eu\/\",\"name\":\"Allez Fencing\",\"description\":\"Minden ami v\u00edv\u00e1s\",\"publisher\":{\"@id\":\"https:\/\/allezfencing.eu\/#organization\"},\"potentialAction\":[{\"@type\":\"SearchAction\",\"target\":{\"@type\":\"EntryPoint\",\"urlTemplate\":\"https:\/\/allezfencing.eu\/?s={search_term_string}\"},\"query-input\":{\"@type\":\"PropertyValueSpecification\",\"valueRequired\":true,\"valueName\":\"search_term_string\"}}],\"inLanguage\":\"en-GB\"},{\"@type\":\"Organization\",\"@id\":\"https:\/\/allezfencing.eu\/#organization\",\"name\":\"Panama Etet\u0151haj\u00f3k\",\"url\":\"https:\/\/allezfencing.eu\/\",\"logo\":{\"@type\":\"ImageObject\",\"inLanguage\":\"en-GB\",\"@id\":\"https:\/\/allezfencing.eu\/#\/schema\/logo\/image\/\",\"url\":\"https:\/\/allezfencing.eu\/wp-content\/uploads\/2025\/03\/etetohajo.eu-panama-site-icon.webp\",\"contentUrl\":\"https:\/\/allezfencing.eu\/wp-content\/uploads\/2025\/03\/etetohajo.eu-panama-site-icon.webp\",\"width\":512,\"height\":512,\"caption\":\"Panama Etet\u0151haj\u00f3k\"},\"image\":{\"@id\":\"https:\/\/allezfencing.eu\/#\/schema\/logo\/image\/\"},\"sameAs\":[\"https:\/\/www.facebook.com\/panamaetetohajo\"]}]}<\/script>\n<!-- \/ Yoast SEO plugin. -->","yoast_head_json":{"title":"ASAP Raw Bar - GymBeam | Allez Fencing","robots":{"index":"index","follow":"follow","max-snippet":"max-snippet:-1","max-image-preview":"max-image-preview:large","max-video-preview":"max-video-preview:-1"},"canonical":"https:\/\/allezfencing.eu\/en\/webshop\/eronlet-es-melegites\/asap-raw-bar-gymbeam\/","og_locale":"en_GB","og_type":"article","og_title":"ASAP Raw Bar - GymBeam | Allez Fencing","og_description":"Az\u00a0ASAP Raw Bar\u00a0egy \u00edzletes szelet, amely seg\u00edt\u00a0visszat\u00f6lteni az energi\u00e1t,\u00a0amikor csak sz\u00fcks\u00e9ged van r\u00e1. Alap\u00f6sszetev\u0151je a\u00a0datolyapaszta, amely hozz\u00e1adott cukor n\u00e9lk\u00fcl is \u00e9des \u00edzt biztos\u00edt.\u00a0\u00cdgy a\u00a0min\u0151s\u00e9gi alapanyagok\u00a0tiszta \u00edz\u00e9t \u00e9lvezheted felesleges adal\u00e9kanyagok n\u00e9lk\u00fcl, amit otthon, a munkahelyeden, utaz\u00e1s vagy edz\u00e9s k\u00f6zben is \u00e9rt\u00e9kelni fogsz.","og_url":"https:\/\/allezfencing.eu\/en\/webshop\/eronlet-es-melegites\/asap-raw-bar-gymbeam\/","og_site_name":"Allez Fencing","article_publisher":"https:\/\/www.facebook.com\/panamaetetohajo","article_modified_time":"2026-01-06T10:52:13+00:00","og_image":[{"width":2560,"height":2560,"url":"https:\/\/allezfencing.eu\/wp-content\/uploads\/2025\/12\/asap_raw_bar_strawberry_45_g_gymbeam-scaled-1.png","type":"image\/png"}],"twitter_card":"summary_large_image","twitter_misc":{"Estimated reading time":"2 minutes"},"schema":{"@context":"https:\/\/schema.org","@graph":[{"@type":"WebPage","@id":"https:\/\/allezfencing.eu\/webshop\/eronlet-es-melegites\/asap-raw-bar-gymbeam\/","url":"https:\/\/allezfencing.eu\/webshop\/eronlet-es-melegites\/asap-raw-bar-gymbeam\/","name":"ASAP Raw Bar - GymBeam | Allez Fencing","isPartOf":{"@id":"https:\/\/allezfencing.eu\/#website"},"primaryImageOfPage":{"@id":"https:\/\/allezfencing.eu\/webshop\/eronlet-es-melegites\/asap-raw-bar-gymbeam\/#primaryimage"},"image":{"@id":"https:\/\/allezfencing.eu\/webshop\/eronlet-es-melegites\/asap-raw-bar-gymbeam\/#primaryimage"},"thumbnailUrl":"https:\/\/allezfencing.eu\/wp-content\/uploads\/2025\/12\/asap_raw_bar_strawberry_45_g_gymbeam-scaled-1.png","datePublished":"2025-12-08T18:07:40+00:00","dateModified":"2026-01-06T10:52:13+00:00","breadcrumb":{"@id":"https:\/\/allezfencing.eu\/webshop\/eronlet-es-melegites\/asap-raw-bar-gymbeam\/#breadcrumb"},"inLanguage":"en-GB","potentialAction":[{"@type":"ReadAction","target":["https:\/\/allezfencing.eu\/webshop\/eronlet-es-melegites\/asap-raw-bar-gymbeam\/"]}]},{"@type":"ImageObject","inLanguage":"en-GB","@id":"https:\/\/allezfencing.eu\/webshop\/eronlet-es-melegites\/asap-raw-bar-gymbeam\/#primaryimage","url":"https:\/\/allezfencing.eu\/wp-content\/uploads\/2025\/12\/asap_raw_bar_strawberry_45_g_gymbeam-scaled-1.png","contentUrl":"https:\/\/allezfencing.eu\/wp-content\/uploads\/2025\/12\/asap_raw_bar_strawberry_45_g_gymbeam-scaled-1.png","width":2560,"height":2560},{"@type":"BreadcrumbList","@id":"https:\/\/allezfencing.eu\/webshop\/eronlet-es-melegites\/asap-raw-bar-gymbeam\/#breadcrumb","itemListElement":[{"@type":"ListItem","position":1,"name":"Kezd\u0151lap","item":"https:\/\/allezfencing.eu\/"},{"@type":"ListItem","position":2,"name":"Webshop","item":"https:\/\/allezfencing.eu\/webshop\/"},{"@type":"ListItem","position":3,"name":"ER\u0150NL\u00c9T \u00c9S MELEG\u00cdT\u00c9S","item":"https:\/\/allezfencing.eu\/termekkategoria\/eronlet-es-melegites\/"},{"@type":"ListItem","position":4,"name":"ASAP Raw Bar &#8211; GymBeam"}]},{"@type":"WebSite","@id":"https:\/\/allezfencing.eu\/#website","url":"https:\/\/allezfencing.eu\/","name":"Allez Fencing","description":"Minden ami v\u00edv\u00e1s","publisher":{"@id":"https:\/\/allezfencing.eu\/#organization"},"potentialAction":[{"@type":"SearchAction","target":{"@type":"EntryPoint","urlTemplate":"https:\/\/allezfencing.eu\/?s={search_term_string}"},"query-input":{"@type":"PropertyValueSpecification","valueRequired":true,"valueName":"search_term_string"}}],"inLanguage":"en-GB"},{"@type":"Organization","@id":"https:\/\/allezfencing.eu\/#organization","name":"Panama Feeding boats","url":"https:\/\/allezfencing.eu\/","logo":{"@type":"ImageObject","inLanguage":"en-GB","@id":"https:\/\/allezfencing.eu\/#\/schema\/logo\/image\/","url":"https:\/\/allezfencing.eu\/wp-content\/uploads\/2025\/03\/etetohajo.eu-panama-site-icon.webp","contentUrl":"https:\/\/allezfencing.eu\/wp-content\/uploads\/2025\/03\/etetohajo.eu-panama-site-icon.webp","width":512,"height":512,"caption":"Panama Etet\u0151haj\u00f3k"},"image":{"@id":"https:\/\/allezfencing.eu\/#\/schema\/logo\/image\/"},"sameAs":["https:\/\/www.facebook.com\/panamaetetohajo"]}]}},"_links":{"self":[{"href":"https:\/\/allezfencing.eu\/en\/wp-json\/wp\/v2\/product\/15970","targetHints":{"allow":["GET"]}}],"collection":[{"href":"https:\/\/allezfencing.eu\/en\/wp-json\/wp\/v2\/product"}],"about":[{"href":"https:\/\/allezfencing.eu\/en\/wp-json\/wp\/v2\/types\/product"}],"replies":[{"embeddable":true,"href":"https:\/\/allezfencing.eu\/en\/wp-json\/wp\/v2\/comments?post=15970"}],"version-history":[{"count":2,"href":"https:\/\/allezfencing.eu\/en\/wp-json\/wp\/v2\/product\/15970\/revisions"}],"predecessor-version":[{"id":17678,"href":"https:\/\/allezfencing.eu\/en\/wp-json\/wp\/v2\/product\/15970\/revisions\/17678"}],"wp:featuredmedia":[{"embeddable":true,"href":"https:\/\/allezfencing.eu\/en\/wp-json\/wp\/v2\/media\/15971"}],"wp:attachment":[{"href":"https:\/\/allezfencing.eu\/en\/wp-json\/wp\/v2\/media?parent=15970"}],"wp:term":[{"taxonomy":"product_brand","embeddable":true,"href":"https:\/\/allezfencing.eu\/en\/wp-json\/wp\/v2\/product_brand?post=15970"},{"taxonomy":"product_cat","embeddable":true,"href":"https:\/\/allezfencing.eu\/en\/wp-json\/wp\/v2\/product_cat?post=15970"},{"taxonomy":"product_tag","embeddable":true,"href":"https:\/\/allezfencing.eu\/en\/wp-json\/wp\/v2\/product_tag?post=15970"}],"curies":[{"name":"wp","href":"https:\/\/api.w.org\/{rel}","templated":true}]}}